{"id":12558,"date":"2023-03-30T09:05:05","date_gmt":"2023-03-30T07:05:05","guid":{"rendered":"https:\/\/chimiver.com\/app-chimiver-2\/"},"modified":"2023-04-11T09:23:11","modified_gmt":"2023-04-11T07:23:11","slug":"app-chimiver","status":"publish","type":"page","link":"https:\/\/chimiver.com\/es\/app-chimiver\/","title":{"rendered":"App Chimiver"},"content":{"rendered":"<section id=\"customlink_block-block_199faac6d1240cf2419fa31b2495e1cf\" class=\"banner-block pubfa-block\" style=\"background-color:#FFDA00;color:#2E2D2C;text-align:left;\">\n\n    <!-- Background Image Group -->\n            <!-- Background Image  -->\n        \n    \n    <!-- Text Group -->\n            <div class=\"text-group\">\n            <div class=\"container\">\n\n                <!-- Title (with or without Link) -->\n                \n                                            <h2 class=\"pubfa-block-title-1\">\u00a1Todo el mundo Chimiver a tu alcance!<\/h2>\n                                    \n                <!-- Content -->\n                \n            <\/div>\n        <\/div>\n    \n<\/section><section id=\"customlink_block-block_bccb86c508d8ae1e0c7c851afee0f437\" class=\"text-icon-block pubfa-block\" style=\"background-color:#FFFFFF;color:#2E2D2C;text-align:center;\">\n    <div class=\"container\">\n        <div class=\"d-flex flex-column justify-content-center \">\n\n            <!-- Image Group -->\n            \n                 <!-- Image (with or without Link) -->\n                 \n            \n            <!-- Text Group -->\n            \n                <!-- Title (with or without Link) -->\n                \n                <!-- Content -->\n                                    <div class=\"pubfa-block-text-1\"><p>Descubre nuestra <strong>APP<\/strong>, mantente al d\u00eda sobre los productos y las \u00faltimas novedades del mundo Chimiver.<br \/>\n<strong>Folletos, fichas t\u00e9cnicas, certificaciones, tutoriales en video<\/strong> y gu\u00edas para el mantenimiento adecuado del piso. Tanto si eres un <strong>profesional<\/strong> como un <strong>particular<\/strong>, \u00a1tendr\u00e1s todo lo que necesitas al alcance de tu mano!<br \/>\nUna APP r\u00e1pida, intuitiva, f\u00e1cil de consultar y con contenidos constantemente actualizados.<br \/>\nActivando la geolocalizaci\u00f3n tambi\u00e9n podr\u00e1s encontrar el distribuidor Chimiver m\u00e1s cercano a ti, est\u00e9s donde est\u00e9s.<\/p>\n<\/div>\n                                \n            \n        <\/div>\n    <\/div>\n<\/section><div class=\"wp-block-image\"><figure class=\"aligncenter size-full is-resized\"><img loading=\"lazy\" decoding=\"async\" src=\"https:\/\/chimiver.com\/wp-content\/uploads\/2021\/11\/Chimiver_App.png\" alt=\"Azienda-Italiana-Prodotti-Professionali-Posa-Trattamento-Manutenzione-Pavimenti-Legno-Resina-Resilienti-Decking-WPC-Erba-Sintetica-Chimiver-App\" class=\"wp-image-32\" width=\"284\" height=\"284\" srcset=\"https:\/\/chimiver.com\/wp-content\/uploads\/2021\/11\/Chimiver_App.png 216w, https:\/\/chimiver.com\/wp-content\/uploads\/2021\/11\/Chimiver_App-100x100.png 100w, https:\/\/chimiver.com\/wp-content\/uploads\/2021\/11\/Chimiver_App-150x150.png 150w\" sizes=\"auto, (max-width: 284px) 100vw, 284px\" \/><\/figure><\/div><section id=\"customlink_block-block_6f844c28303eddfe2937eedb0abff0a2\" class=\"text-icon-block pubfa-block\" style=\"background-color:#FFFFFF;color:#2E2D2C;text-align:center;\">\n    <div class=\"container\">\n        <div class=\"d-flex flex-column justify-content-center \">\n\n            <!-- Image Group -->\n            \n                 <!-- Image (with or without Link) -->\n                 \n            \n            <!-- Text Group -->\n            \n                <!-- Title (with or without Link) -->\n                \n                <!-- Content -->\n                                    <div class=\"pubfa-block-text-1\"><p>La nueva APP de Chimiver est\u00e1 disponible de forma gratuita tanto para tablets como para smartphones, puedes encontrarla en <strong>App Store<\/strong> para dispositivos IoS y en <strong>Google Play<\/strong> para todos los sistemas Android. \u00a1Desc\u00e1rgalo con un clic!<\/p>\n<\/div>\n                                \n            \n        <\/div>\n    <\/div>\n<\/section><div class=\"wp-block-image\"><figure class=\"aligncenter size-full is-resized\"><a href=\"https:\/\/apps.apple.com\/no\/app\/chimiver\/id1093149785?l=nb\" target=\"_blank\" rel=\"noreferrer noopener\"><img loading=\"lazy\" decoding=\"async\" src=\"https:\/\/chimiver.com\/wp-content\/uploads\/2021\/11\/Apple_Store.png\" alt=\"App-Chimiver-Store-Apple-2\" class=\"wp-image-31\" width=\"310\" height=\"92\" srcset=\"https:\/\/chimiver.com\/wp-content\/uploads\/2021\/11\/Apple_Store.png 800w, https:\/\/chimiver.com\/wp-content\/uploads\/2021\/11\/Apple_Store-300x89.png 300w, https:\/\/chimiver.com\/wp-content\/uploads\/2021\/11\/Apple_Store-600x178.png 600w, https:\/\/chimiver.com\/wp-content\/uploads\/2021\/11\/Apple_Store-768x228.png 768w\" sizes=\"auto, (max-width: 310px) 100vw, 310px\" \/><\/a><\/figure><\/div><div class=\"wp-block-image\"><figure class=\"aligncenter size-full is-resized\"><a href=\"https:\/\/play.google.com\/store\/apps\/details?id=com.chimiver.chimiverazienda&amp;hl=it&amp;gl=US\" target=\"_blank\" rel=\"noreferrer noopener\"><img loading=\"lazy\" decoding=\"async\" src=\"https:\/\/chimiver.com\/wp-content\/uploads\/2021\/11\/Google_Store.png\" alt=\"App-Chimiver-Google-Play-2\" class=\"wp-image-33\" width=\"312\" height=\"93\" srcset=\"https:\/\/chimiver.com\/wp-content\/uploads\/2021\/11\/Google_Store.png 800w, https:\/\/chimiver.com\/wp-content\/uploads\/2021\/11\/Google_Store-300x89.png 300w, https:\/\/chimiver.com\/wp-content\/uploads\/2021\/11\/Google_Store-600x178.png 600w, https:\/\/chimiver.com\/wp-content\/uploads\/2021\/11\/Google_Store-768x228.png 768w\" sizes=\"auto, (max-width: 312px) 100vw, 312px\" \/><\/a><\/figure><\/div><section id=\"customlink_block-block_9fa113a42a28110df9fbffaa3c6566af\" class=\"single-image-block pubfa-block\" style=\"background-color:#FFFFFF;\">\n    <div class=\"container\">\n        <!-- Image Group -->\n        \n            <!-- Image (with or without Link) -->\n            \n        \n    <\/div>\n<\/section><section id=\"customlink_block-block_010bebe2768b8d022cebb1cafe0d95c2\" class=\"text-icon-block pubfa-block\" style=\"background-color:#FFFFFF;color:#2E2D2C;text-align:center;\">\n    <div class=\"container\">\n        <div class=\"d-flex flex-column justify-content-center \">\n\n            <!-- Image Group -->\n            \n                 <!-- Image (with or without Link) -->\n                 \n            \n            <!-- Text Group -->\n            \n                <!-- Title (with or without Link) -->\n                \n                <!-- Content -->\n                                \n            \n        <\/div>\n    <\/div>\n<\/section>","protected":false},"excerpt":{"rendered":"","protected":false},"author":2,"featured_media":0,"parent":0,"menu_order":90,"comment_status":"closed","ping_status":"closed","template":"template-blocks.php","meta":{"_acf_changed":false,"inline_featured_image":false,"footnotes":""},"class_list":["post-12558","page","type-page","status-publish","hentry"],"acf":[],"yoast_head":"<!-- This site is optimized with the Yoast SEO plugin v26.2 - https:\/\/yoast.com\/wordpress\/plugins\/seo\/ -->\n<title>App Chimiver - Trattamento e Manutenzione Pavimenti Chimiver<\/title>\n<meta name=\"description\" content=\"Visita la sezione App Chimiver. Siamo leader nel mercato di prodotti per incollaggio, trattamento e manutenzione di pavimenti interni ed esterni.\" \/>\n<meta name=\"robots\" content=\"index, follow, max-snippet:-1, max-image-preview:large, max-video-preview:-1\" \/>\n<link rel=\"canonical\" href=\"https:\/\/chimiver.com\/es\/app-chimiver\/\" \/>\n<meta property=\"og:locale\" content=\"es_ES\" \/>\n<meta property=\"og:type\" content=\"article\" \/>\n<meta property=\"og:title\" content=\"App Chimiver - Trattamento e Manutenzione Pavimenti Chimiver\" \/>\n<meta property=\"og:description\" content=\"Visita la sezione App Chimiver. Siamo leader nel mercato di prodotti per incollaggio, trattamento e manutenzione di pavimenti interni ed esterni.\" \/>\n<meta property=\"og:url\" content=\"https:\/\/chimiver.com\/es\/app-chimiver\/\" \/>\n<meta property=\"og:site_name\" content=\"Chimiver\" \/>\n<meta property=\"article:publisher\" content=\"https:\/\/www.facebook.com\/chimiver\" \/>\n<meta property=\"article:modified_time\" content=\"2023-04-11T07:23:11+00:00\" \/>\n<meta property=\"og:image\" content=\"https:\/\/chimiver.com\/wp-content\/uploads\/2021\/11\/Chimiver_App.png\" \/>\n<meta name=\"twitter:card\" content=\"summary_large_image\" \/>\n<meta name=\"twitter:label1\" content=\"Tiempo de lectura\" \/>\n\t<meta name=\"twitter:data1\" content=\"1 minuto\" \/>\n<script type=\"application\/ld+json\" class=\"yoast-schema-graph\">{\"@context\":\"https:\/\/schema.org\",\"@graph\":[{\"@type\":\"WebPage\",\"@id\":\"https:\/\/chimiver.com\/es\/app-chimiver\/\",\"url\":\"https:\/\/chimiver.com\/es\/app-chimiver\/\",\"name\":\"App Chimiver - Trattamento e Manutenzione Pavimenti Chimiver\",\"isPartOf\":{\"@id\":\"https:\/\/chimiver.com\/es\/#website\"},\"primaryImageOfPage\":{\"@id\":\"https:\/\/chimiver.com\/es\/app-chimiver\/#primaryimage\"},\"image\":{\"@id\":\"https:\/\/chimiver.com\/es\/app-chimiver\/#primaryimage\"},\"thumbnailUrl\":\"https:\/\/chimiver.com\/wp-content\/uploads\/2021\/11\/Chimiver_App.png\",\"datePublished\":\"2023-03-30T07:05:05+00:00\",\"dateModified\":\"2023-04-11T07:23:11+00:00\",\"description\":\"Visita la sezione App Chimiver. Siamo leader nel mercato di prodotti per incollaggio, trattamento e manutenzione di pavimenti interni ed esterni.\",\"breadcrumb\":{\"@id\":\"https:\/\/chimiver.com\/es\/app-chimiver\/#breadcrumb\"},\"inLanguage\":\"es\",\"potentialAction\":[{\"@type\":\"ReadAction\",\"target\":[\"https:\/\/chimiver.com\/es\/app-chimiver\/\"]}]},{\"@type\":\"ImageObject\",\"inLanguage\":\"es\",\"@id\":\"https:\/\/chimiver.com\/es\/app-chimiver\/#primaryimage\",\"url\":\"https:\/\/chimiver.com\/wp-content\/uploads\/2021\/11\/Chimiver_App.png\",\"contentUrl\":\"https:\/\/chimiver.com\/wp-content\/uploads\/2021\/11\/Chimiver_App.png\"},{\"@type\":\"BreadcrumbList\",\"@id\":\"https:\/\/chimiver.com\/es\/app-chimiver\/#breadcrumb\",\"itemListElement\":[{\"@type\":\"ListItem\",\"position\":1,\"name\":\"Home\",\"item\":\"https:\/\/chimiver.com\/es\/\"},{\"@type\":\"ListItem\",\"position\":2,\"name\":\"App Chimiver\"}]},{\"@type\":\"WebSite\",\"@id\":\"https:\/\/chimiver.com\/es\/#website\",\"url\":\"https:\/\/chimiver.com\/es\/\",\"name\":\"Chimiver, Your floors partner\",\"description\":\"Su partner de pisos\",\"publisher\":{\"@id\":\"https:\/\/chimiver.com\/es\/#organization\"},\"alternateName\":\"Chimiver\",\"potentialAction\":[{\"@type\":\"SearchAction\",\"target\":{\"@type\":\"EntryPoint\",\"urlTemplate\":\"https:\/\/chimiver.com\/es\/?s={search_term_string}\"},\"query-input\":{\"@type\":\"PropertyValueSpecification\",\"valueRequired\":true,\"valueName\":\"search_term_string\"}}],\"inLanguage\":\"es\"},{\"@type\":\"Organization\",\"@id\":\"https:\/\/chimiver.com\/es\/#organization\",\"name\":\"Chimiver\",\"url\":\"https:\/\/chimiver.com\/es\/\",\"logo\":{\"@type\":\"ImageObject\",\"inLanguage\":\"es\",\"@id\":\"https:\/\/chimiver.com\/es\/#\/schema\/logo\/image\/\",\"url\":\"https:\/\/chimiver.com\/wp-content\/uploads\/2022\/06\/Chimiver_500x500.jpg\",\"contentUrl\":\"https:\/\/chimiver.com\/wp-content\/uploads\/2022\/06\/Chimiver_500x500.jpg\",\"width\":500,\"height\":500,\"caption\":\"Chimiver\"},\"image\":{\"@id\":\"https:\/\/chimiver.com\/es\/#\/schema\/logo\/image\/\"},\"sameAs\":[\"https:\/\/www.facebook.com\/chimiver\"]}]}<\/script>\n<!-- \/ Yoast SEO plugin. -->","yoast_head_json":{"title":"App Chimiver - Trattamento e Manutenzione Pavimenti Chimiver","description":"Visita la sezione App Chimiver. Siamo leader nel mercato di prodotti per incollaggio, trattamento e manutenzione di pavimenti interni ed esterni.","robots":{"index":"index","follow":"follow","max-snippet":"max-snippet:-1","max-image-preview":"max-image-preview:large","max-video-preview":"max-video-preview:-1"},"canonical":"https:\/\/chimiver.com\/es\/app-chimiver\/","og_locale":"es_ES","og_type":"article","og_title":"App Chimiver - Trattamento e Manutenzione Pavimenti Chimiver","og_description":"Visita la sezione App Chimiver. Siamo leader nel mercato di prodotti per incollaggio, trattamento e manutenzione di pavimenti interni ed esterni.","og_url":"https:\/\/chimiver.com\/es\/app-chimiver\/","og_site_name":"Chimiver","article_publisher":"https:\/\/www.facebook.com\/chimiver","article_modified_time":"2023-04-11T07:23:11+00:00","og_image":[{"url":"https:\/\/chimiver.com\/wp-content\/uploads\/2021\/11\/Chimiver_App.png","type":"","width":"","height":""}],"twitter_card":"summary_large_image","twitter_misc":{"Tiempo de lectura":"1 minuto"},"schema":{"@context":"https:\/\/schema.org","@graph":[{"@type":"WebPage","@id":"https:\/\/chimiver.com\/es\/app-chimiver\/","url":"https:\/\/chimiver.com\/es\/app-chimiver\/","name":"App Chimiver - Trattamento e Manutenzione Pavimenti Chimiver","isPartOf":{"@id":"https:\/\/chimiver.com\/es\/#website"},"primaryImageOfPage":{"@id":"https:\/\/chimiver.com\/es\/app-chimiver\/#primaryimage"},"image":{"@id":"https:\/\/chimiver.com\/es\/app-chimiver\/#primaryimage"},"thumbnailUrl":"https:\/\/chimiver.com\/wp-content\/uploads\/2021\/11\/Chimiver_App.png","datePublished":"2023-03-30T07:05:05+00:00","dateModified":"2023-04-11T07:23:11+00:00","description":"Visita la sezione App Chimiver. Siamo leader nel mercato di prodotti per incollaggio, trattamento e manutenzione di pavimenti interni ed esterni.","breadcrumb":{"@id":"https:\/\/chimiver.com\/es\/app-chimiver\/#breadcrumb"},"inLanguage":"es","potentialAction":[{"@type":"ReadAction","target":["https:\/\/chimiver.com\/es\/app-chimiver\/"]}]},{"@type":"ImageObject","inLanguage":"es","@id":"https:\/\/chimiver.com\/es\/app-chimiver\/#primaryimage","url":"https:\/\/chimiver.com\/wp-content\/uploads\/2021\/11\/Chimiver_App.png","contentUrl":"https:\/\/chimiver.com\/wp-content\/uploads\/2021\/11\/Chimiver_App.png"},{"@type":"BreadcrumbList","@id":"https:\/\/chimiver.com\/es\/app-chimiver\/#breadcrumb","itemListElement":[{"@type":"ListItem","position":1,"name":"Home","item":"https:\/\/chimiver.com\/es\/"},{"@type":"ListItem","position":2,"name":"App Chimiver"}]},{"@type":"WebSite","@id":"https:\/\/chimiver.com\/es\/#website","url":"https:\/\/chimiver.com\/es\/","name":"Chimiver, Your floors partner","description":"Su partner de pisos","publisher":{"@id":"https:\/\/chimiver.com\/es\/#organization"},"alternateName":"Chimiver","potentialAction":[{"@type":"SearchAction","target":{"@type":"EntryPoint","urlTemplate":"https:\/\/chimiver.com\/es\/?s={search_term_string}"},"query-input":{"@type":"PropertyValueSpecification","valueRequired":true,"valueName":"search_term_string"}}],"inLanguage":"es"},{"@type":"Organization","@id":"https:\/\/chimiver.com\/es\/#organization","name":"Chimiver","url":"https:\/\/chimiver.com\/es\/","logo":{"@type":"ImageObject","inLanguage":"es","@id":"https:\/\/chimiver.com\/es\/#\/schema\/logo\/image\/","url":"https:\/\/chimiver.com\/wp-content\/uploads\/2022\/06\/Chimiver_500x500.jpg","contentUrl":"https:\/\/chimiver.com\/wp-content\/uploads\/2022\/06\/Chimiver_500x500.jpg","width":500,"height":500,"caption":"Chimiver"},"image":{"@id":"https:\/\/chimiver.com\/es\/#\/schema\/logo\/image\/"},"sameAs":["https:\/\/www.facebook.com\/chimiver"]}]}},"_links":{"self":[{"href":"https:\/\/chimiver.com\/es\/wp-json\/wp\/v2\/pages\/12558","targetHints":{"allow":["GET"]}}],"collection":[{"href":"https:\/\/chimiver.com\/es\/wp-json\/wp\/v2\/pages"}],"about":[{"href":"https:\/\/chimiver.com\/es\/wp-json\/wp\/v2\/types\/page"}],"author":[{"embeddable":true,"href":"https:\/\/chimiver.com\/es\/wp-json\/wp\/v2\/users\/2"}],"replies":[{"embeddable":true,"href":"https:\/\/chimiver.com\/es\/wp-json\/wp\/v2\/comments?post=12558"}],"version-history":[{"count":0,"href":"https:\/\/chimiver.com\/es\/wp-json\/wp\/v2\/pages\/12558\/revisions"}],"wp:attachment":[{"href":"https:\/\/chimiver.com\/es\/wp-json\/wp\/v2\/media?parent=12558"}],"curies":[{"name":"wp","href":"https:\/\/api.w.org\/{rel}","templated":true}]}}