{"id":21272,"date":"2024-01-02T14:36:07","date_gmt":"2024-01-02T13:36:07","guid":{"rendered":"https:\/\/chimiver.com\/clima\/"},"modified":"2024-10-28T08:59:59","modified_gmt":"2024-10-28T07:59:59","slug":"clima","status":"publish","type":"page","link":"https:\/\/chimiver.com\/es\/clima\/","title":{"rendered":"Clima"},"content":{"rendered":"<section id=\"customlink_block-block_4b1c50a66d8d5fbf1219e2e3aa0fc1c7\" class=\"text-image-block pubfa-block\" style=\"background-color:#FFFFFF;color:#2E2D2C;text-align:left;padding:45px 0;\">\n<div class=\"container\">\n    <div class=\"row\">\n\n        <!-- Text Col -->\n        <div class=\"col-12 col-lg-7 d-flex flex-column order-2 justify-content-start \">\n\n            <!-- Text Group -->\n            \n                <!-- Title (with or without Link) -->\n                \n                <!-- Content -->\n                                    <div class=\"pubfa-block-text-1\"><h1><strong>Cambio clim\u00e1tico<\/strong><\/h1>\n<p>El <strong>cambio clim\u00e1tico<\/strong> y la <strong>reducci\u00f3n de las emisiones de carbono<\/strong> se han convertido en temas cr\u00edticos para el desarrollo de las empresas, debido a la interconexi\u00f3n entre las actividades industriales, los impactos ambientales y las expectativas de los grupos de inter\u00e9s.<\/p>\n<p>&nbsp;<\/p>\n<h3><strong>Carbon footprint<\/strong><\/h3>\n<p><strong>Chimiver Panseri S.p.A<\/strong>. realiza peri\u00f3dicamente la <strong>carbon footprint<\/strong> de la organizaci\u00f3n, de conformidad con la norma <strong>UNI EN ISO 14064:2019<\/strong>, midiendo la cantidad total de gases de efecto invernadero (GHG) emitidos directa o indirectamente debido a sus actividades. Esta medici\u00f3n proporciona una evaluaci\u00f3n integral del impacto ambiental de la organizaci\u00f3n sobre el cambio clim\u00e1tico.<\/p>\n<\/div>\n                                \n            \n        <\/div>\n\n        <!-- Image Col -->\n        <div class=\"col-12 col-lg-5 d-flex align-items-center justify-content-center order-3 \">\n\n            <!-- Image Group -->\n            \n                 <!-- Image (with or without Link) -->\n                                                             <img decoding=\"async\" src=\"https:\/\/chimiver.com\/wp-content\/uploads\/2024\/01\/cambiamento-climatico.jpg\" alt=\"Azienda-Italiana-Prodotti-Professionali-Sostenibili-Posa-Trattamento-Manutenzione-Pavimenti-Legno-Parquet-Resina-Resilienti-Decking-WPC-Erba-Sintetica-Progettisti-Chimiver-Cambiamento-Climatico\" class=\"img-fluid\">\n                                    \n            \n        <\/div>\n    <\/div>\n<\/div>\n<\/section><section id=\"customlink_block-block_13733d9215256772c04313436f2e909b\" class=\"text-image-block pubfa-block\" style=\"background-color:#FAFAFA;color:#2E2D2C;text-align:left;padding:45px 0;\">\n<div class=\"container\">\n    <div class=\"row\">\n\n        <!-- Text Col -->\n        <div class=\"col-12 col-lg-7 d-flex flex-column order-2 justify-content-start \">\n\n            <!-- Text Group -->\n            \n                <!-- Title (with or without Link) -->\n                \n                <!-- Content -->\n                                    <div class=\"pubfa-block-text-1\"><h4>Chimiver Panseri S.p.A. Por lo tanto, ha decidido unirse a la prestigiosa iniciativa <strong>Science Based Targets (SBTi)<\/strong>, nacida de una asociaci\u00f3n entre Carbon Disclosure Project, el Pacto Mundial de las Naciones Unidas, el Instituto de Recursos Mundiales (WRI) y el Fondo Mundial para la Naturaleza (WWF) para guiar a las empresas hacia objetivos establecidos. objetivos de reducci\u00f3n de emisiones, en l\u00ednea con la ciencia clim\u00e1tica y el Acuerdo de Par\u00eds.<\/h4>\n<p>&nbsp;<\/p>\n<p>Esta participaci\u00f3n nos garantizar\u00e1 una estrategia personalizada de<strong> reducci\u00f3n y eliminaci\u00f3n de emisiones<\/strong>, permiti\u00e9ndonos adem\u00e1s convertirnos en miembros de una comunidad de empresas, en la que es posible compartir conocimientos, ideas y mejores pr\u00e1cticas, inspir\u00e1ndose para aplicarlas en su propio negocio.<\/p>\n<\/div>\n                                \n            \n        <\/div>\n\n        <!-- Image Col -->\n        <div class=\"col-12 col-lg-5 d-flex align-items-center justify-content-center order-1 \">\n\n            <!-- Image Group -->\n            \n                 <!-- Image (with or without Link) -->\n                                                             <img decoding=\"async\" src=\"https:\/\/chimiver.com\/wp-content\/uploads\/2024\/01\/foresta-di-conifere.jpg\" alt=\"Azienda-Italiana-Prodotti-Professionali-Sostenibili-Posa-Trattamento-Manutenzione-Pavimenti-Legno-Parquet-Resina-Resilienti-Decking-WPC-Erba-Sintetica-Progettisti-Chimiver-Foresta-Conifere\" class=\"img-fluid\">\n                                    \n            \n        <\/div>\n    <\/div>\n<\/div>\n<\/section><section id=\"customlink_block-block_e09c34eb7127356b90a7dfd1bbb46a19\" class=\"text-image-block pubfa-block\" style=\"background-color:#FFFFFF;color:#2E2D2C;text-align:left;padding:45px 0;\">\n<div class=\"container\">\n    <div class=\"row\">\n\n        <!-- Text Col -->\n        <div class=\"col-12 col-lg-7 d-flex flex-column order-2 justify-content-start \">\n\n            <!-- Text Group -->\n            \n                <!-- Title (with or without Link) -->\n                \n                <!-- Content -->\n                                    <div class=\"pubfa-block-text-1\"><h3>Las <strong>preocupaciones medioambientales<\/strong> se han convertido en una <strong>prioridad<\/strong> para muchas personas y las partes interesadas quieren asociarse con marcas y empresas que reflejen sus valores.<\/h3>\n<p>&nbsp;<\/p>\n<p>La <strong>gesti\u00f3n eficaz<\/strong> del cambio clim\u00e1tico y la reducci\u00f3n de las emisiones de carbono se convierten, por tanto, en <strong>aspectos clave<\/strong> para satisfacer las expectativas de las partes interesadas y mantener la confianza de los clientes, empleados y comunidades locales, cada vez m\u00e1s atentos a las pr\u00e1cticas medioambientales corporativas<\/p>\n<\/div>\n                                \n            \n        <\/div>\n\n        <!-- Image Col -->\n        <div class=\"col-12 col-lg-5 d-flex align-items-center justify-content-center order-3 \">\n\n            <!-- Image Group -->\n            \n                 <!-- Image (with or without Link) -->\n                                                             <img decoding=\"async\" src=\"https:\/\/chimiver.com\/wp-content\/uploads\/2024\/02\/Firefly-farfalla-blu-che-si-appoggia-su-un-fiore-viola-41166.jpg\" alt=\"Azienda-Italiana-Prodotti-Professionali-Sostenibili-Posa-Trattamento-Manutenzione-Pavimenti-Legno-Parquet-Resina-Resilienti-Decking-WPC-Erba-Sintetica-Progettisti-Chimiver-Biodiversit\u00e0-Farfalla\" class=\"img-fluid\">\n                                    \n            \n        <\/div>\n    <\/div>\n<\/div>\n<\/section><section id=\"customlink_block-block_c8dcac33e535502b3f50e67bf7eba89a\" class=\"text-image-block pubfa-block\" style=\"\">\n<div class=\"container\">\n    <div class=\"row\">\n\n        <!-- Text Col -->\n        <div class=\"col-12 col-lg-7 d-flex flex-column order-2 \">\n\n            <!-- Text Group -->\n            \n        <\/div>\n\n        <!-- Image Col -->\n        <div class=\"col-12 col-lg-5 d-flex \">\n\n            <!-- Image Group -->\n            \n        <\/div>\n    <\/div>\n<\/div>\n<\/section>","protected":false},"excerpt":{"rendered":"","protected":false},"author":2,"featured_media":0,"parent":0,"menu_order":52,"comment_status":"closed","ping_status":"closed","template":"","meta":{"_acf_changed":false,"inline_featured_image":false,"footnotes":""},"class_list":["post-21272","page","type-page","status-publish","hentry"],"acf":[],"yoast_head":"<!-- This site is optimized with the Yoast SEO plugin v26.2 - https:\/\/yoast.com\/wordpress\/plugins\/seo\/ -->\n<title>Clima - Acciones tomadas por Chimiver contra el cambio clim\u00e1tico<\/title>\n<meta name=\"description\" content=\"Visita la secci\u00f3n Clima. En esta p\u00e1gina encontrar\u00e1s todas las acciones emprendidas por Chimiver para enfrentar el cambio clim\u00e1tico. La reducci\u00f3n y eliminaci\u00f3n de emisiones son aspectos clave a abordar.\" \/>\n<meta name=\"robots\" content=\"index, follow, max-snippet:-1, max-image-preview:large, max-video-preview:-1\" \/>\n<link rel=\"canonical\" href=\"https:\/\/chimiver.com\/es\/clima\/\" \/>\n<meta property=\"og:locale\" content=\"es_ES\" \/>\n<meta property=\"og:type\" content=\"article\" \/>\n<meta property=\"og:title\" content=\"Clima - Acciones tomadas por Chimiver contra el cambio clim\u00e1tico\" \/>\n<meta property=\"og:description\" content=\"Visita la secci\u00f3n Clima. En esta p\u00e1gina encontrar\u00e1s todas las acciones emprendidas por Chimiver para enfrentar el cambio clim\u00e1tico. La reducci\u00f3n y eliminaci\u00f3n de emisiones son aspectos clave a abordar.\" \/>\n<meta property=\"og:url\" content=\"https:\/\/chimiver.com\/es\/clima\/\" \/>\n<meta property=\"og:site_name\" content=\"Chimiver\" \/>\n<meta property=\"article:publisher\" content=\"https:\/\/www.facebook.com\/chimiver\" \/>\n<meta property=\"article:modified_time\" content=\"2024-10-28T07:59:59+00:00\" \/>\n<meta property=\"og:image\" content=\"https:\/\/chimiver.com\/wp-content\/uploads\/2022\/06\/Chimiver_500x500.jpg\" \/>\n\t<meta property=\"og:image:width\" content=\"500\" \/>\n\t<meta property=\"og:image:height\" content=\"500\" \/>\n\t<meta property=\"og:image:type\" content=\"image\/jpeg\" \/>\n<meta name=\"twitter:card\" content=\"summary_large_image\" \/>\n<script type=\"application\/ld+json\" class=\"yoast-schema-graph\">{\"@context\":\"https:\/\/schema.org\",\"@graph\":[{\"@type\":\"WebPage\",\"@id\":\"https:\/\/chimiver.com\/es\/clima\/\",\"url\":\"https:\/\/chimiver.com\/es\/clima\/\",\"name\":\"Clima - Acciones tomadas por Chimiver contra el cambio clim\u00e1tico\",\"isPartOf\":{\"@id\":\"https:\/\/chimiver.com\/es\/#website\"},\"datePublished\":\"2024-01-02T13:36:07+00:00\",\"dateModified\":\"2024-10-28T07:59:59+00:00\",\"description\":\"Visita la secci\u00f3n Clima. En esta p\u00e1gina encontrar\u00e1s todas las acciones emprendidas por Chimiver para enfrentar el cambio clim\u00e1tico. La reducci\u00f3n y eliminaci\u00f3n de emisiones son aspectos clave a abordar.\",\"breadcrumb\":{\"@id\":\"https:\/\/chimiver.com\/es\/clima\/#breadcrumb\"},\"inLanguage\":\"es\",\"potentialAction\":[{\"@type\":\"ReadAction\",\"target\":[\"https:\/\/chimiver.com\/es\/clima\/\"]}]},{\"@type\":\"BreadcrumbList\",\"@id\":\"https:\/\/chimiver.com\/es\/clima\/#breadcrumb\",\"itemListElement\":[{\"@type\":\"ListItem\",\"position\":1,\"name\":\"Home\",\"item\":\"https:\/\/chimiver.com\/es\/\"},{\"@type\":\"ListItem\",\"position\":2,\"name\":\"Clima\"}]},{\"@type\":\"WebSite\",\"@id\":\"https:\/\/chimiver.com\/es\/#website\",\"url\":\"https:\/\/chimiver.com\/es\/\",\"name\":\"Chimiver, Your floors partner\",\"description\":\"Su partner de pisos\",\"publisher\":{\"@id\":\"https:\/\/chimiver.com\/es\/#organization\"},\"alternateName\":\"Chimiver\",\"potentialAction\":[{\"@type\":\"SearchAction\",\"target\":{\"@type\":\"EntryPoint\",\"urlTemplate\":\"https:\/\/chimiver.com\/es\/?s={search_term_string}\"},\"query-input\":{\"@type\":\"PropertyValueSpecification\",\"valueRequired\":true,\"valueName\":\"search_term_string\"}}],\"inLanguage\":\"es\"},{\"@type\":\"Organization\",\"@id\":\"https:\/\/chimiver.com\/es\/#organization\",\"name\":\"Chimiver\",\"url\":\"https:\/\/chimiver.com\/es\/\",\"logo\":{\"@type\":\"ImageObject\",\"inLanguage\":\"es\",\"@id\":\"https:\/\/chimiver.com\/es\/#\/schema\/logo\/image\/\",\"url\":\"https:\/\/chimiver.com\/wp-content\/uploads\/2022\/06\/Chimiver_500x500.jpg\",\"contentUrl\":\"https:\/\/chimiver.com\/wp-content\/uploads\/2022\/06\/Chimiver_500x500.jpg\",\"width\":500,\"height\":500,\"caption\":\"Chimiver\"},\"image\":{\"@id\":\"https:\/\/chimiver.com\/es\/#\/schema\/logo\/image\/\"},\"sameAs\":[\"https:\/\/www.facebook.com\/chimiver\"]}]}<\/script>\n<!-- \/ Yoast SEO plugin. -->","yoast_head_json":{"title":"Clima - Acciones tomadas por Chimiver contra el cambio clim\u00e1tico","description":"Visita la secci\u00f3n Clima. En esta p\u00e1gina encontrar\u00e1s todas las acciones emprendidas por Chimiver para enfrentar el cambio clim\u00e1tico. La reducci\u00f3n y eliminaci\u00f3n de emisiones son aspectos clave a abordar.","robots":{"index":"index","follow":"follow","max-snippet":"max-snippet:-1","max-image-preview":"max-image-preview:large","max-video-preview":"max-video-preview:-1"},"canonical":"https:\/\/chimiver.com\/es\/clima\/","og_locale":"es_ES","og_type":"article","og_title":"Clima - Acciones tomadas por Chimiver contra el cambio clim\u00e1tico","og_description":"Visita la secci\u00f3n Clima. En esta p\u00e1gina encontrar\u00e1s todas las acciones emprendidas por Chimiver para enfrentar el cambio clim\u00e1tico. La reducci\u00f3n y eliminaci\u00f3n de emisiones son aspectos clave a abordar.","og_url":"https:\/\/chimiver.com\/es\/clima\/","og_site_name":"Chimiver","article_publisher":"https:\/\/www.facebook.com\/chimiver","article_modified_time":"2024-10-28T07:59:59+00:00","og_image":[{"width":500,"height":500,"url":"https:\/\/chimiver.com\/wp-content\/uploads\/2022\/06\/Chimiver_500x500.jpg","type":"image\/jpeg"}],"twitter_card":"summary_large_image","schema":{"@context":"https:\/\/schema.org","@graph":[{"@type":"WebPage","@id":"https:\/\/chimiver.com\/es\/clima\/","url":"https:\/\/chimiver.com\/es\/clima\/","name":"Clima - Acciones tomadas por Chimiver contra el cambio clim\u00e1tico","isPartOf":{"@id":"https:\/\/chimiver.com\/es\/#website"},"datePublished":"2024-01-02T13:36:07+00:00","dateModified":"2024-10-28T07:59:59+00:00","description":"Visita la secci\u00f3n Clima. En esta p\u00e1gina encontrar\u00e1s todas las acciones emprendidas por Chimiver para enfrentar el cambio clim\u00e1tico. La reducci\u00f3n y eliminaci\u00f3n de emisiones son aspectos clave a abordar.","breadcrumb":{"@id":"https:\/\/chimiver.com\/es\/clima\/#breadcrumb"},"inLanguage":"es","potentialAction":[{"@type":"ReadAction","target":["https:\/\/chimiver.com\/es\/clima\/"]}]},{"@type":"BreadcrumbList","@id":"https:\/\/chimiver.com\/es\/clima\/#breadcrumb","itemListElement":[{"@type":"ListItem","position":1,"name":"Home","item":"https:\/\/chimiver.com\/es\/"},{"@type":"ListItem","position":2,"name":"Clima"}]},{"@type":"WebSite","@id":"https:\/\/chimiver.com\/es\/#website","url":"https:\/\/chimiver.com\/es\/","name":"Chimiver, Your floors partner","description":"Su partner de pisos","publisher":{"@id":"https:\/\/chimiver.com\/es\/#organization"},"alternateName":"Chimiver","potentialAction":[{"@type":"SearchAction","target":{"@type":"EntryPoint","urlTemplate":"https:\/\/chimiver.com\/es\/?s={search_term_string}"},"query-input":{"@type":"PropertyValueSpecification","valueRequired":true,"valueName":"search_term_string"}}],"inLanguage":"es"},{"@type":"Organization","@id":"https:\/\/chimiver.com\/es\/#organization","name":"Chimiver","url":"https:\/\/chimiver.com\/es\/","logo":{"@type":"ImageObject","inLanguage":"es","@id":"https:\/\/chimiver.com\/es\/#\/schema\/logo\/image\/","url":"https:\/\/chimiver.com\/wp-content\/uploads\/2022\/06\/Chimiver_500x500.jpg","contentUrl":"https:\/\/chimiver.com\/wp-content\/uploads\/2022\/06\/Chimiver_500x500.jpg","width":500,"height":500,"caption":"Chimiver"},"image":{"@id":"https:\/\/chimiver.com\/es\/#\/schema\/logo\/image\/"},"sameAs":["https:\/\/www.facebook.com\/chimiver"]}]}},"_links":{"self":[{"href":"https:\/\/chimiver.com\/es\/wp-json\/wp\/v2\/pages\/21272","targetHints":{"allow":["GET"]}}],"collection":[{"href":"https:\/\/chimiver.com\/es\/wp-json\/wp\/v2\/pages"}],"about":[{"href":"https:\/\/chimiver.com\/es\/wp-json\/wp\/v2\/types\/page"}],"author":[{"embeddable":true,"href":"https:\/\/chimiver.com\/es\/wp-json\/wp\/v2\/users\/2"}],"replies":[{"embeddable":true,"href":"https:\/\/chimiver.com\/es\/wp-json\/wp\/v2\/comments?post=21272"}],"version-history":[{"count":1,"href":"https:\/\/chimiver.com\/es\/wp-json\/wp\/v2\/pages\/21272\/revisions"}],"predecessor-version":[{"id":21275,"href":"https:\/\/chimiver.com\/es\/wp-json\/wp\/v2\/pages\/21272\/revisions\/21275"}],"wp:attachment":[{"href":"https:\/\/chimiver.com\/es\/wp-json\/wp\/v2\/media?parent=21272"}],"curies":[{"name":"wp","href":"https:\/\/api.w.org\/{rel}","templated":true}]}}