{"id":21279,"date":"2024-01-02T11:17:57","date_gmt":"2024-01-02T10:17:57","guid":{"rendered":"https:\/\/chimiver.com\/resilience\/"},"modified":"2024-10-28T09:08:27","modified_gmt":"2024-10-28T08:08:27","slug":"resiliencia","status":"publish","type":"page","link":"https:\/\/chimiver.com\/es\/resiliencia\/","title":{"rendered":"Resiliencia"},"content":{"rendered":"<section id=\"customlink_block-block_e818a98440840027c282744f3ad9a4e6\" class=\"text-image-block pubfa-block\" style=\"background-color:#FFFFFF;color:#2E2D2C;text-align:left;padding:45px 0;\">\n<div class=\"container\">\n    <div class=\"row\">\n\n        <!-- Text Col -->\n        <div class=\"col-12 col-lg-7 d-flex flex-column order-2 justify-content-start \">\n\n            <!-- Text Group -->\n            \n                <!-- Title (with or without Link) -->\n                \n                <!-- Content -->\n                                    <div class=\"pubfa-block-text-1\"><h1><strong>Informe de sostenibilidad<\/strong><\/h1>\n<p>Una empresa que integra principios de sostenibilidad en su modelo de negocio, como se refleja en el <strong>informe de sostenibilidad<\/strong>, tiene m\u00e1s probabilidades de ser resiliente. Esto se debe a que adopta pr\u00e1cticas de gesti\u00f3n y decisiones estrat\u00e9gicas que consideran los impactos de largo plazo y la gesti\u00f3n responsable de los recursos, lo que lo hace m\u00e1s capaz de afrontar cambios y crisis.<\/p>\n<p><strong>Chimiver Panseri S.p.A.<\/strong> ha asumido un compromiso consciente y voluntario con la sostenibilidad, consider\u00e1ndola no s\u00f3lo como una necesidad dictada por factores externos o presiones del mercado, sino como parte integrante de su identidad corporativa, una aut\u00e9ntica vocaci\u00f3n.<\/p>\n<p>La carga acordada de elaborar el <strong>Informe de Sostenibilidad<\/strong> anual juega un papel fundamental para garantizar una gesti\u00f3n corporativa duradera, basada en valores \u00e9ticos y de responsabilidad hacia las cuestiones ESG.<\/p>\n<p>&nbsp;<\/p>\n<\/div>\n                                \n            \n        <\/div>\n\n        <!-- Image Col -->\n        <div class=\"col-12 col-lg-5 d-flex align-items-center justify-content-center order-1 \">\n\n            <!-- Image Group -->\n            \n                 <!-- Image (with or without Link) -->\n                                                             <a href=\"https:\/\/chimiver.com\/wp-content\/uploads\/2023\/09\/CHIMIVER_Bilancio_sostenibilita_2023.pdf\" target=\"_blank\">\n                            <img decoding=\"async\" src=\"https:\/\/chimiver.com\/wp-content\/uploads\/2023\/09\/Bilancio-sostenibilita-scaled.jpg\" alt=\"Chimiver-Presenta-Primo-Bilancio-Sostenibilit\u00e0-2023-Attivit\u00e0-Intraprese-In-Ambito-Ambientale-Sociale-Economico-Futuro-Sostenibile-Download\" class=\"img-fluid\">\n                        <\/a>\n                                    \n            \n        <\/div>\n    <\/div>\n<\/div>\n<\/section><section id=\"customlink_block-block_7fda2628a2567150b5274986944e4df7\" class=\"text-icon-block pubfa-block\" style=\"background-color:#FFFFFF;color:#2E2D2C;text-align:center;\">\n    <div class=\"container\">\n        <div class=\"d-flex flex-column justify-content-center \">\n\n            <!-- Image Group -->\n            \n                 <!-- Image (with or without Link) -->\n                 \n            \n            <!-- Text Group -->\n            \n                <!-- Title (with or without Link) -->\n                \n                <!-- Content -->\n                                    <div class=\"pubfa-block-text-1\"><p>Esta elecci\u00f3n facilita una comunicaci\u00f3n transparente con nuestros grupos de inter\u00e9s, involucrando activamente a las partes interesadas en los procesos de toma de decisiones. Esta participaci\u00f3n no s\u00f3lo ayudar\u00e1 a fortalecer los v\u00ednculos con la comunidad circundante, sino que tambi\u00e9n representa un medio para mantener un di\u00e1logo abierto y constructivo<\/p>\n<h3>La evaluaci\u00f3n peri\u00f3dica del desempe\u00f1o sustentable promueve el compromiso continuo, demostrando claramente <strong>un apego constante a objetivos y pr\u00e1cticas sustentables<\/strong>, respondiendo a las solicitudes de inversionistas, clientes y otras partes interesadas que consideran cada vez m\u00e1s importante evaluar las pr\u00e1cticas sustentables de nuestra empresa.<\/h3>\n<\/div>\n                                \n            \n        <\/div>\n    <\/div>\n<\/section><section id=\"customlink_block-block_80a312de485a80891d7fad47dc7cb406\" class=\"text-image-block pubfa-block\" style=\"background-color:#FFFFFF;color:#2E2D2C;text-align:left;padding:45px 0;\">\n<div class=\"container\">\n    <div class=\"row\">\n\n        <!-- Text Col -->\n        <div class=\"col-12 col-lg-7 d-flex flex-column order-2 justify-content-start \">\n\n            <!-- Text Group -->\n            \n                <!-- Title (with or without Link) -->\n                \n                <!-- Content -->\n                                    <div class=\"pubfa-block-text-1\"><h2><strong>C\u00f3digo de conducta de proveedores<\/strong><\/h2>\n<p>Este documento representa nuestro compromiso de establecer <strong>relaciones comerciales sostenibles, \u00e9ticas y responsables<\/strong> con nuestros proveedores. Este documento tiene como objetivo identificar las expectativas que tenemos de nuestros socios comerciales, para garantizar que las actividades se realicen de acuerdo con los m\u00e1s altos est\u00e1ndares \u00e9ticos. A trav\u00e9s de la colaboraci\u00f3n y el respeto mutuo, nuestro objetivo es crear un entorno de trabajo justo, seguro y respetuoso, contribuyendo as\u00ed al \u00e9xito compartido<\/p>\n<p>El C\u00f3digo de conducta de proveedores refleja los valores fundamentales de nuestra empresa, incluida la<strong> sostenibilidad, la integridad y la transparencia<\/strong>. Creemos firmemente que nuestro \u00e9xito depende no s\u00f3lo de la calidad de nuestros productos y servicios, sino tambi\u00e9n de la conducta \u00e9tica y responsable de todos aquellos que contribuyen a nuestra cadena de valor. Esperamos que nuestros proveedores compartan estos valores con nosotros y se comprometan a respetarlos en todas las interacciones con Chimiver Panseri S.p.A. y con partes interesadas externas. Este documento identifica lineamientos espec\u00edficos que los proveedores deben seguir para asegurar el cumplimiento de los est\u00e1ndares de comportamiento \u00e9tico y la normativa vigente<\/p>\n<\/div>\n                                \n            \n        <\/div>\n\n        <!-- Image Col -->\n        <div class=\"col-12 col-lg-5 d-flex align-items-center justify-content-center order-3 \">\n\n            <!-- Image Group -->\n            \n                 <!-- Image (with or without Link) -->\n                                                             <a href=\"https:\/\/chimiver.com\/wp-content\/uploads\/2024\/02\/CHIMIVER_Codice-condotta-fornitori_2024.pdf\" target=\"_blank\">\n                            <img decoding=\"async\" src=\"https:\/\/chimiver.com\/wp-content\/uploads\/2024\/02\/Codice-Condotta-Fornitori.jpg\" alt=\"Codice-Condotta-Fornitori-Documento-che-Stabilisce-le-Relazioni-Commerciali-Sostenibili-Etiche-Responsabili-Con-i-Fornitori-Chimiver\" class=\"img-fluid\">\n                        <\/a>\n                                    \n            \n        <\/div>\n    <\/div>\n<\/div>\n<\/section><section id=\"customlink_block-block_7be760f34cdcafe6053b75bc3641406c\" class=\"text-icon-block pubfa-block\" style=\"background-color:#FFFFFF;color:#2E2D2C;text-align:center;\">\n    <div class=\"container\">\n        <div class=\"d-flex flex-column justify-content-center \">\n\n            <!-- Image Group -->\n            \n                 <!-- Image (with or without Link) -->\n                 \n            \n            <!-- Text Group -->\n            \n                <!-- Title (with or without Link) -->\n                \n                <!-- Content -->\n                                    <div class=\"pubfa-block-text-1\"><p>Mira el <a href=\"https:\/\/youtu.be\/pvH0ar1eTyA\" target=\"_blank\" rel=\"noopener\"><strong>nuevo v\u00eddeo<\/strong><\/a> sobre sostenibilidad, descubre qu\u00e9 est\u00e1 haciendo Chimiver y hasta d\u00f3nde podemos llegar sumando fuerzas.<\/p>\n<\/div>\n                                \n            \n        <\/div>\n    <\/div>\n<\/section><section id=\"customlink_block-block_7c003f2d1ac7d3a6d33659be706460d6\" class=\"banner-block pubfa-block\" style=\"background-color:#FFDA00;color:#FFFFFF;text-align:left;\">\n\n    <!-- Background Image Group -->\n            <!-- Background Image  -->\n                    <img decoding=\"async\" src=\"https:\/\/chimiver.com\/wp-content\/uploads\/2022\/03\/chimiver-sostenibilita_1.jpg\" alt=\"Sostenibilit\u00e0-Ambientale-Economica-Sociale-Decarbonizzazione-Prodotti-Ridotto-Impatto-Ambientale-Chimiver-1\" class=\"banner-bg-image\">\n        \n    \n    <!-- Text Group -->\n            <div class=\"text-group\">\n            <div class=\"container\">\n\n                <!-- Title (with or without Link) -->\n                \n                                            <h2 class=\"pubfa-block-title-1\">Elige Chimiver, juntos hacia un futuro sostenible<\/h2>\n                                    \n                <!-- Content -->\n                \n            <\/div>\n        <\/div>\n    \n<\/section><div style=\"height:100px\" aria-hidden=\"true\" class=\"wp-block-spacer\"><\/div>","protected":false},"excerpt":{"rendered":"","protected":false},"author":2,"featured_media":0,"parent":0,"menu_order":69,"comment_status":"closed","ping_status":"closed","template":"","meta":{"_acf_changed":false,"inline_featured_image":false,"footnotes":""},"class_list":["post-21279","page","type-page","status-publish","hentry"],"acf":[],"yoast_head":"<!-- This site is optimized with the Yoast SEO plugin v26.2 - https:\/\/yoast.com\/wordpress\/plugins\/seo\/ -->\n<title>Resiliencia - Chimiver y su compromiso con la sostenibilidad<\/title>\n<meta name=\"description\" content=\"Visita la secci\u00f3n Resiliencia. Chimiver ha asumido un compromiso consciente y voluntario con la sostenibilidad, consider\u00e1ndola no solo una necesidad dictada por factores externos o presiones del mercado, sino como una parte integral de su identidad empresarial, una verdadera vocaci\u00f3n.\" \/>\n<meta name=\"robots\" content=\"index, follow, max-snippet:-1, max-image-preview:large, max-video-preview:-1\" \/>\n<link rel=\"canonical\" href=\"https:\/\/chimiver.com\/es\/resiliencia\/\" \/>\n<meta property=\"og:locale\" content=\"es_ES\" \/>\n<meta property=\"og:type\" content=\"article\" \/>\n<meta property=\"og:title\" content=\"Resiliencia - Chimiver y su compromiso con la sostenibilidad\" \/>\n<meta property=\"og:description\" content=\"Visita la secci\u00f3n Resiliencia. Chimiver ha asumido un compromiso consciente y voluntario con la sostenibilidad, consider\u00e1ndola no solo una necesidad dictada por factores externos o presiones del mercado, sino como una parte integral de su identidad empresarial, una verdadera vocaci\u00f3n.\" \/>\n<meta property=\"og:url\" content=\"https:\/\/chimiver.com\/es\/resiliencia\/\" \/>\n<meta property=\"og:site_name\" content=\"Chimiver\" \/>\n<meta property=\"article:publisher\" content=\"https:\/\/www.facebook.com\/chimiver\" \/>\n<meta property=\"article:modified_time\" content=\"2024-10-28T08:08:27+00:00\" \/>\n<meta property=\"og:image\" content=\"https:\/\/chimiver.com\/wp-content\/uploads\/2022\/06\/Chimiver_500x500.jpg\" \/>\n\t<meta property=\"og:image:width\" content=\"500\" \/>\n\t<meta property=\"og:image:height\" content=\"500\" \/>\n\t<meta property=\"og:image:type\" content=\"image\/jpeg\" \/>\n<meta name=\"twitter:card\" content=\"summary_large_image\" \/>\n<script type=\"application\/ld+json\" class=\"yoast-schema-graph\">{\"@context\":\"https:\/\/schema.org\",\"@graph\":[{\"@type\":\"WebPage\",\"@id\":\"https:\/\/chimiver.com\/es\/resiliencia\/\",\"url\":\"https:\/\/chimiver.com\/es\/resiliencia\/\",\"name\":\"Resiliencia - Chimiver y su compromiso con la sostenibilidad\",\"isPartOf\":{\"@id\":\"https:\/\/chimiver.com\/es\/#website\"},\"datePublished\":\"2024-01-02T10:17:57+00:00\",\"dateModified\":\"2024-10-28T08:08:27+00:00\",\"description\":\"Visita la secci\u00f3n Resiliencia. Chimiver ha asumido un compromiso consciente y voluntario con la sostenibilidad, consider\u00e1ndola no solo una necesidad dictada por factores externos o presiones del mercado, sino como una parte integral de su identidad empresarial, una verdadera vocaci\u00f3n.\",\"breadcrumb\":{\"@id\":\"https:\/\/chimiver.com\/es\/resiliencia\/#breadcrumb\"},\"inLanguage\":\"es\",\"potentialAction\":[{\"@type\":\"ReadAction\",\"target\":[\"https:\/\/chimiver.com\/es\/resiliencia\/\"]}]},{\"@type\":\"BreadcrumbList\",\"@id\":\"https:\/\/chimiver.com\/es\/resiliencia\/#breadcrumb\",\"itemListElement\":[{\"@type\":\"ListItem\",\"position\":1,\"name\":\"Home\",\"item\":\"https:\/\/chimiver.com\/es\/\"},{\"@type\":\"ListItem\",\"position\":2,\"name\":\"Resiliencia\"}]},{\"@type\":\"WebSite\",\"@id\":\"https:\/\/chimiver.com\/es\/#website\",\"url\":\"https:\/\/chimiver.com\/es\/\",\"name\":\"Chimiver, Your floors partner\",\"description\":\"Su partner de pisos\",\"publisher\":{\"@id\":\"https:\/\/chimiver.com\/es\/#organization\"},\"alternateName\":\"Chimiver\",\"potentialAction\":[{\"@type\":\"SearchAction\",\"target\":{\"@type\":\"EntryPoint\",\"urlTemplate\":\"https:\/\/chimiver.com\/es\/?s={search_term_string}\"},\"query-input\":{\"@type\":\"PropertyValueSpecification\",\"valueRequired\":true,\"valueName\":\"search_term_string\"}}],\"inLanguage\":\"es\"},{\"@type\":\"Organization\",\"@id\":\"https:\/\/chimiver.com\/es\/#organization\",\"name\":\"Chimiver\",\"url\":\"https:\/\/chimiver.com\/es\/\",\"logo\":{\"@type\":\"ImageObject\",\"inLanguage\":\"es\",\"@id\":\"https:\/\/chimiver.com\/es\/#\/schema\/logo\/image\/\",\"url\":\"https:\/\/chimiver.com\/wp-content\/uploads\/2022\/06\/Chimiver_500x500.jpg\",\"contentUrl\":\"https:\/\/chimiver.com\/wp-content\/uploads\/2022\/06\/Chimiver_500x500.jpg\",\"width\":500,\"height\":500,\"caption\":\"Chimiver\"},\"image\":{\"@id\":\"https:\/\/chimiver.com\/es\/#\/schema\/logo\/image\/\"},\"sameAs\":[\"https:\/\/www.facebook.com\/chimiver\"]}]}<\/script>\n<!-- \/ Yoast SEO plugin. -->","yoast_head_json":{"title":"Resiliencia - Chimiver y su compromiso con la sostenibilidad","description":"Visita la secci\u00f3n Resiliencia. Chimiver ha asumido un compromiso consciente y voluntario con la sostenibilidad, consider\u00e1ndola no solo una necesidad dictada por factores externos o presiones del mercado, sino como una parte integral de su identidad empresarial, una verdadera vocaci\u00f3n.","robots":{"index":"index","follow":"follow","max-snippet":"max-snippet:-1","max-image-preview":"max-image-preview:large","max-video-preview":"max-video-preview:-1"},"canonical":"https:\/\/chimiver.com\/es\/resiliencia\/","og_locale":"es_ES","og_type":"article","og_title":"Resiliencia - Chimiver y su compromiso con la sostenibilidad","og_description":"Visita la secci\u00f3n Resiliencia. Chimiver ha asumido un compromiso consciente y voluntario con la sostenibilidad, consider\u00e1ndola no solo una necesidad dictada por factores externos o presiones del mercado, sino como una parte integral de su identidad empresarial, una verdadera vocaci\u00f3n.","og_url":"https:\/\/chimiver.com\/es\/resiliencia\/","og_site_name":"Chimiver","article_publisher":"https:\/\/www.facebook.com\/chimiver","article_modified_time":"2024-10-28T08:08:27+00:00","og_image":[{"width":500,"height":500,"url":"https:\/\/chimiver.com\/wp-content\/uploads\/2022\/06\/Chimiver_500x500.jpg","type":"image\/jpeg"}],"twitter_card":"summary_large_image","schema":{"@context":"https:\/\/schema.org","@graph":[{"@type":"WebPage","@id":"https:\/\/chimiver.com\/es\/resiliencia\/","url":"https:\/\/chimiver.com\/es\/resiliencia\/","name":"Resiliencia - Chimiver y su compromiso con la sostenibilidad","isPartOf":{"@id":"https:\/\/chimiver.com\/es\/#website"},"datePublished":"2024-01-02T10:17:57+00:00","dateModified":"2024-10-28T08:08:27+00:00","description":"Visita la secci\u00f3n Resiliencia. Chimiver ha asumido un compromiso consciente y voluntario con la sostenibilidad, consider\u00e1ndola no solo una necesidad dictada por factores externos o presiones del mercado, sino como una parte integral de su identidad empresarial, una verdadera vocaci\u00f3n.","breadcrumb":{"@id":"https:\/\/chimiver.com\/es\/resiliencia\/#breadcrumb"},"inLanguage":"es","potentialAction":[{"@type":"ReadAction","target":["https:\/\/chimiver.com\/es\/resiliencia\/"]}]},{"@type":"BreadcrumbList","@id":"https:\/\/chimiver.com\/es\/resiliencia\/#breadcrumb","itemListElement":[{"@type":"ListItem","position":1,"name":"Home","item":"https:\/\/chimiver.com\/es\/"},{"@type":"ListItem","position":2,"name":"Resiliencia"}]},{"@type":"WebSite","@id":"https:\/\/chimiver.com\/es\/#website","url":"https:\/\/chimiver.com\/es\/","name":"Chimiver, Your floors partner","description":"Su partner de pisos","publisher":{"@id":"https:\/\/chimiver.com\/es\/#organization"},"alternateName":"Chimiver","potentialAction":[{"@type":"SearchAction","target":{"@type":"EntryPoint","urlTemplate":"https:\/\/chimiver.com\/es\/?s={search_term_string}"},"query-input":{"@type":"PropertyValueSpecification","valueRequired":true,"valueName":"search_term_string"}}],"inLanguage":"es"},{"@type":"Organization","@id":"https:\/\/chimiver.com\/es\/#organization","name":"Chimiver","url":"https:\/\/chimiver.com\/es\/","logo":{"@type":"ImageObject","inLanguage":"es","@id":"https:\/\/chimiver.com\/es\/#\/schema\/logo\/image\/","url":"https:\/\/chimiver.com\/wp-content\/uploads\/2022\/06\/Chimiver_500x500.jpg","contentUrl":"https:\/\/chimiver.com\/wp-content\/uploads\/2022\/06\/Chimiver_500x500.jpg","width":500,"height":500,"caption":"Chimiver"},"image":{"@id":"https:\/\/chimiver.com\/es\/#\/schema\/logo\/image\/"},"sameAs":["https:\/\/www.facebook.com\/chimiver"]}]}},"_links":{"self":[{"href":"https:\/\/chimiver.com\/es\/wp-json\/wp\/v2\/pages\/21279","targetHints":{"allow":["GET"]}}],"collection":[{"href":"https:\/\/chimiver.com\/es\/wp-json\/wp\/v2\/pages"}],"about":[{"href":"https:\/\/chimiver.com\/es\/wp-json\/wp\/v2\/types\/page"}],"author":[{"embeddable":true,"href":"https:\/\/chimiver.com\/es\/wp-json\/wp\/v2\/users\/2"}],"replies":[{"embeddable":true,"href":"https:\/\/chimiver.com\/es\/wp-json\/wp\/v2\/comments?post=21279"}],"version-history":[{"count":2,"href":"https:\/\/chimiver.com\/es\/wp-json\/wp\/v2\/pages\/21279\/revisions"}],"predecessor-version":[{"id":21283,"href":"https:\/\/chimiver.com\/es\/wp-json\/wp\/v2\/pages\/21279\/revisions\/21283"}],"wp:attachment":[{"href":"https:\/\/chimiver.com\/es\/wp-json\/wp\/v2\/media?parent=21279"}],"curies":[{"name":"wp","href":"https:\/\/api.w.org\/{rel}","templated":true}]}}