{"id":21284,"date":"2024-01-02T13:38:03","date_gmt":"2024-01-02T12:38:03","guid":{"rendered":"https:\/\/chimiver.com\/biodiversita\/"},"modified":"2024-10-28T09:24:23","modified_gmt":"2024-10-28T08:24:23","slug":"biodiversidad","status":"publish","type":"page","link":"https:\/\/chimiver.com\/es\/biodiversidad\/","title":{"rendered":"Biodiversidad"},"content":{"rendered":"<section id=\"customlink_block-block_3bb8f9aa88cea841097dfc6e8cf18cd9\" class=\"text-icon-block pubfa-block\" style=\"background-color:#FFFFFF;color:#2E2D2C;text-align:center;\">\n    <div class=\"container\">\n        <div class=\"d-flex flex-column justify-content-center \">\n\n            <!-- Image Group -->\n            \n                 <!-- Image (with or without Link) -->\n                 \n            \n            <!-- Text Group -->\n            \n                <!-- Title (with or without Link) -->\n                \n                <!-- Content -->\n                                    <div class=\"pubfa-block-text-1\"><h1 style=\"text-align: center;\"><strong>Biodiversidad<\/strong><\/h1>\n<p>El Convenio sobre la Diversidad Biol\u00f3gica de la ONU define la <strong>biodiversidad<\/strong> como la variedad y variabilidad de los organismos vivos y los sistemas ecol\u00f3gicos en los que viven, destacando que incluye la diversidad a nivel gen\u00e9tico, de especies y de ecosistemas.<\/p>\n<p>&nbsp;<\/p>\n<p>Al interactuar entre s\u00ed, las diferentes especies se unen para crear <strong>ecosistemas<\/strong>, que desempe\u00f1an <strong>funciones esenciales para la vida<\/strong> como la purificaci\u00f3n del agua, la purificaci\u00f3n del aire, la protecci\u00f3n del suelo, la regulaci\u00f3n del clima, el suministro de materias primas y alimentos.<\/p>\n<\/div>\n                                \n            \n        <\/div>\n    <\/div>\n<\/section><section id=\"customlink_block-block_1067c1ecb80b4546a1593e576550154e\" class=\"text-image-block pubfa-block\" style=\"background-color:#FAFAFA;color:#2E2D2C;text-align:left;padding:45px 0;\">\n<div class=\"container\">\n    <div class=\"row\">\n\n        <!-- Text Col -->\n        <div class=\"col-12 col-lg-7 d-flex flex-column order-2 justify-content-start \">\n\n            <!-- Text Group -->\n            \n                <!-- Title (with or without Link) -->\n                \n                <!-- Content -->\n                                    <div class=\"pubfa-block-text-1\"><h3><strong>La extrema sensibilidad de este equilibrio<\/strong> nos hace comprender c\u00f3mo un peque\u00f1o cambio podr\u00eda generar un <strong>enorme impacto en todo un ecosistema<\/strong>, vital para el bienestar humano.<\/h3>\n<p>&nbsp;<\/p>\n<p>En los pr\u00f3ximos a\u00f1os, uno de los riesgos globales m\u00e1s importantes a los que nos enfrentaremos es la p\u00e9rdida de biodiversidad y el consiguiente colapso de los ecosistemas.<\/p>\n<p>&nbsp;<\/p>\n<p>Por ello se aprob\u00f3 el <strong>Kunming-Montreal Global Biodiversity Framework<\/strong> , el equivalente en biodiversidad del Acuerdo Clim\u00e1tico de Par\u00eds, donde se definieron metas y objetivos para detener y revertir la p\u00e9rdida de biodiversidad.<\/p>\n<\/div>\n                                \n            \n        <\/div>\n\n        <!-- Image Col -->\n        <div class=\"col-12 col-lg-5 d-flex align-items-center justify-content-center order-1 \">\n\n            <!-- Image Group -->\n            \n                 <!-- Image (with or without Link) -->\n                                                             <img decoding=\"async\" src=\"https:\/\/chimiver.com\/wp-content\/uploads\/2024\/02\/Firefly-ape-che-impollina-fiori-di-campo-colorati.-Ape-posizionata-nellangolo-in-basso-a-sinistra-2-scaled.jpg\" alt=\"Azienda-Italiana-Prodotti-Professionali-Sostenibili-Posa-Trattamento-Manutenzione-Pavimenti-Legno-Parquet-Resina-Resilienti-Decking-WPC-Erba-Sintetica-Progettisti-Chimiver-Biodiversit\u00e0-Ape\" class=\"img-fluid\">\n                                    \n            \n        <\/div>\n    <\/div>\n<\/div>\n<\/section><section id=\"customlink_block-block_10476977ce18814917125a25ee88db3f\" class=\"text-icon-block pubfa-block\" style=\"background-color:#FFFFFF;color:#2E2D2C;text-align:center;\">\n    <div class=\"container\">\n        <div class=\"d-flex flex-column justify-content-center \">\n\n            <!-- Image Group -->\n            \n                 <!-- Image (with or without Link) -->\n                 \n            \n            <!-- Text Group -->\n            \n                <!-- Title (with or without Link) -->\n                \n                <!-- Content -->\n                                    <div class=\"pubfa-block-text-1\"><h3><strong>Chimiver Panseri S.p.A<\/strong>. apoya a la organizaci\u00f3n ap\u00edcola europea BeeLife <strong>desde 2022<\/strong> para contribuir a la protecci\u00f3n de los insectos polinizadores.<\/h3>\n<\/div>\n                                \n            \n        <\/div>\n    <\/div>\n<\/section><section id=\"customlink_block-block_957cc0b185ad79510b871ee34a51efc3\" class=\"text-image-block pubfa-block\" style=\"background-color:#FFFFFF;color:#2E2D2C;text-align:left;padding:45px 0;\">\n<div class=\"container\">\n    <div class=\"row\">\n\n        <!-- Text Col -->\n        <div class=\"col-12 col-lg-7 d-flex flex-column order-2 justify-content-start \">\n\n            <!-- Text Group -->\n            \n                <!-- Title (with or without Link) -->\n                \n                <!-- Content -->\n                                    <div class=\"pubfa-block-text-1\"><h2><strong>BeeLife European Beekeeping Coordination<\/strong><\/h2>\n<p><strong>BeeLife European Beekeeping Coordination<\/strong> es una ONG formada por profesionales del sector ap\u00edcola de diferentes pa\u00edses de la Uni\u00f3n Europea. BeeLife trabaja para la <strong>protecci\u00f3n de los polinizadores en Europa<\/strong>, destacando su valor para la naturaleza y las personas, actuando como v\u00ednculo entre la pol\u00edtica, la ciencia y el an\u00e1lisis sobre el terreno para promover un futuro m\u00e1s sostenible para los polinizadores y salvaguardar su papel en los ecosistemas. La organizaci\u00f3n es miembro de la iniciativa \u201c1% por el Planeta\u201d, un programa que re\u00fane a empresas dispuestas a dedicar el 1% de sus beneficios a proteger el planeta.<\/p>\n<p>&nbsp;<\/p>\n<p>BeeLife, adem\u00e1s de una tarifa fija anual, recibe nuestro 1% de la facturaci\u00f3n derivada de las ventas del producto Oil Bee.<\/p>\n<\/div>\n                                \n            \n        <\/div>\n\n        <!-- Image Col -->\n        <div class=\"col-12 col-lg-5 d-flex align-items-center justify-content-center order-3 \">\n\n            <!-- Image Group -->\n            \n                 <!-- Image (with or without Link) -->\n                                                             <img decoding=\"async\" src=\"https:\/\/chimiver.com\/wp-content\/uploads\/2022\/05\/Post_FB_BeeLife_Chimiver.jpg\" alt=\"BeeLife-European-Beekeeping-Coordination-Associazione-Apicoltori-Protezione-Api-Oil-Bee-Sostenibilit\u00e0\" class=\"img-fluid\">\n                                    \n            \n        <\/div>\n    <\/div>\n<\/div>\n<\/section><blockquote class=\"wp-block-quote container has-medium-font-size is-layout-flow wp-block-quote-is-layout-flow\" style=\"font-style:normal;font-weight:200\"><p><\/p><cite><em>\u201cConscientes de nuestro papel en el sector qu\u00edmico, Chimiver lleva muchos a\u00f1os promoviendo actividades respetuosas con el medio ambiente. La protecci\u00f3n del medio ambiente es la base de nuestro Programa de Responsabilidad Social, todos los productos Chimiver est\u00e1n concebidos, dise\u00f1ados y fabricados para proteger la salud de los usuarios y ofrecer altos est\u00e1ndares de calidad a los clientes finales. Por estas razones estamos muy contentos y orgullosos de apoyar a BeeLife, queremos ser parte activa en la construcci\u00f3n de un futuro mejor para las pr\u00f3ximas generaciones\u00bb<\/em>. &#8211; Oscar Panseri (CEO, Chimiver Panseri S.p.A.)<\/cite><\/blockquote><blockquote class=\"wp-block-quote container has-medium-font-size is-layout-flow wp-block-quote-is-layout-flow\" style=\"font-style:normal;font-weight:200\"><p><\/p><cite>\u201c<em>Estamos muy satisfechos con el apoyo recibido por parte de Chimiver, no es solo una donaci\u00f3n caritativa sino que nos da la oportunidad de fortalecer nuestras actividades, como lograr una reducci\u00f3n del 80% en el uso de pesticidas sint\u00e9ticos en la agricultura para 2030 UE y la reforma de estad\u00edsticas agr\u00edcolas\u00bb<\/em> &#8211; Francesco Panella (Presidente de BeeLife)<\/cite><\/blockquote><section id=\"customlink_block-block_60d22ee700965a9c249514d796cbba83\" class=\"text-icon-block pubfa-block\" style=\"background-color:#FFFFFF;color:#2E2D2C;text-align:center;\">\n    <div class=\"container\">\n        <div class=\"d-flex flex-column justify-content-center \">\n\n            <!-- Image Group -->\n            \n                 <!-- Image (with or without Link) -->\n                 \n            \n            <!-- Text Group -->\n            \n                <!-- Title (with or without Link) -->\n                \n                <!-- Content -->\n                                    <div class=\"pubfa-block-text-1\"><p style=\"text-align: center;\"><a href=\"https:\/\/youtu.be\/mLlVVqkIvPY?si=zfVLCHvRKYUi8-oi\" target=\"_blank\" rel=\"noopener\"><strong>Haga clic aqu\u00ed<\/strong> <\/a>para ver el v\u00eddeo de la colaboraci\u00f3n.<\/p>\n<\/div>\n                                \n            \n        <\/div>\n    <\/div>\n<\/section><div style=\"height:100px\" aria-hidden=\"true\" class=\"wp-block-spacer\"><\/div>","protected":false},"excerpt":{"rendered":"\u201cConscientes de nuestro papel en el sector qu\u00edmico, Chimiver lleva muchos a\u00f1os promoviendo actividades respetuosas con el medio ambiente. La protecci\u00f3n del medio ambiente es la base de nuestro Programa de Responsabilidad Social, todos los productos Chimiver est\u00e1n concebidos, dise\u00f1ados y fabricados para proteger la salud de los usuarios y ofrecer altos est\u00e1ndares de calidad [&hellip;]","protected":false},"author":2,"featured_media":0,"parent":0,"menu_order":55,"comment_status":"closed","ping_status":"closed","template":"","meta":{"_acf_changed":false,"inline_featured_image":false,"footnotes":""},"class_list":["post-21284","page","type-page","status-publish","hentry"],"acf":[],"yoast_head":"<!-- This site is optimized with the Yoast SEO plugin v26.2 - https:\/\/yoast.com\/wordpress\/plugins\/seo\/ -->\n<title>Biodiversidad - Chimiver y la preservaci\u00f3n del ecosistema<\/title>\n<meta name=\"description\" content=\"Visita la secci\u00f3n Biodiversidad. Desde 2022, Chimiver apoya a BeeLife European Beekeeping Coordination para contribuir a la protecci\u00f3n de los insectos polinizadores y salvaguardar el ecosistema.\" \/>\n<meta name=\"robots\" content=\"index, follow, max-snippet:-1, max-image-preview:large, max-video-preview:-1\" \/>\n<link rel=\"canonical\" href=\"https:\/\/chimiver.com\/es\/biodiversidad\/\" \/>\n<meta property=\"og:locale\" content=\"es_ES\" \/>\n<meta property=\"og:type\" content=\"article\" \/>\n<meta property=\"og:title\" content=\"Biodiversidad - Chimiver y la preservaci\u00f3n del ecosistema\" \/>\n<meta property=\"og:description\" content=\"Visita la secci\u00f3n Biodiversidad. Desde 2022, Chimiver apoya a BeeLife European Beekeeping Coordination para contribuir a la protecci\u00f3n de los insectos polinizadores y salvaguardar el ecosistema.\" \/>\n<meta property=\"og:url\" content=\"https:\/\/chimiver.com\/es\/biodiversidad\/\" \/>\n<meta property=\"og:site_name\" content=\"Chimiver\" \/>\n<meta property=\"article:publisher\" content=\"https:\/\/www.facebook.com\/chimiver\" \/>\n<meta property=\"article:modified_time\" content=\"2024-10-28T08:24:23+00:00\" \/>\n<meta property=\"og:image\" content=\"https:\/\/chimiver.com\/wp-content\/uploads\/2022\/06\/Chimiver_500x500.jpg\" \/>\n\t<meta property=\"og:image:width\" content=\"500\" \/>\n\t<meta property=\"og:image:height\" content=\"500\" \/>\n\t<meta property=\"og:image:type\" content=\"image\/jpeg\" \/>\n<meta name=\"twitter:card\" content=\"summary_large_image\" \/>\n<script type=\"application\/ld+json\" class=\"yoast-schema-graph\">{\"@context\":\"https:\/\/schema.org\",\"@graph\":[{\"@type\":\"WebPage\",\"@id\":\"https:\/\/chimiver.com\/es\/biodiversidad\/\",\"url\":\"https:\/\/chimiver.com\/es\/biodiversidad\/\",\"name\":\"Biodiversidad - Chimiver y la preservaci\u00f3n del ecosistema\",\"isPartOf\":{\"@id\":\"https:\/\/chimiver.com\/es\/#website\"},\"datePublished\":\"2024-01-02T12:38:03+00:00\",\"dateModified\":\"2024-10-28T08:24:23+00:00\",\"description\":\"Visita la secci\u00f3n Biodiversidad. Desde 2022, Chimiver apoya a BeeLife European Beekeeping Coordination para contribuir a la protecci\u00f3n de los insectos polinizadores y salvaguardar el ecosistema.\",\"breadcrumb\":{\"@id\":\"https:\/\/chimiver.com\/es\/biodiversidad\/#breadcrumb\"},\"inLanguage\":\"es\",\"potentialAction\":[{\"@type\":\"ReadAction\",\"target\":[\"https:\/\/chimiver.com\/es\/biodiversidad\/\"]}]},{\"@type\":\"BreadcrumbList\",\"@id\":\"https:\/\/chimiver.com\/es\/biodiversidad\/#breadcrumb\",\"itemListElement\":[{\"@type\":\"ListItem\",\"position\":1,\"name\":\"Home\",\"item\":\"https:\/\/chimiver.com\/es\/\"},{\"@type\":\"ListItem\",\"position\":2,\"name\":\"Biodiversidad\"}]},{\"@type\":\"WebSite\",\"@id\":\"https:\/\/chimiver.com\/es\/#website\",\"url\":\"https:\/\/chimiver.com\/es\/\",\"name\":\"Chimiver, Your floors partner\",\"description\":\"Su partner de pisos\",\"publisher\":{\"@id\":\"https:\/\/chimiver.com\/es\/#organization\"},\"alternateName\":\"Chimiver\",\"potentialAction\":[{\"@type\":\"SearchAction\",\"target\":{\"@type\":\"EntryPoint\",\"urlTemplate\":\"https:\/\/chimiver.com\/es\/?s={search_term_string}\"},\"query-input\":{\"@type\":\"PropertyValueSpecification\",\"valueRequired\":true,\"valueName\":\"search_term_string\"}}],\"inLanguage\":\"es\"},{\"@type\":\"Organization\",\"@id\":\"https:\/\/chimiver.com\/es\/#organization\",\"name\":\"Chimiver\",\"url\":\"https:\/\/chimiver.com\/es\/\",\"logo\":{\"@type\":\"ImageObject\",\"inLanguage\":\"es\",\"@id\":\"https:\/\/chimiver.com\/es\/#\/schema\/logo\/image\/\",\"url\":\"https:\/\/chimiver.com\/wp-content\/uploads\/2022\/06\/Chimiver_500x500.jpg\",\"contentUrl\":\"https:\/\/chimiver.com\/wp-content\/uploads\/2022\/06\/Chimiver_500x500.jpg\",\"width\":500,\"height\":500,\"caption\":\"Chimiver\"},\"image\":{\"@id\":\"https:\/\/chimiver.com\/es\/#\/schema\/logo\/image\/\"},\"sameAs\":[\"https:\/\/www.facebook.com\/chimiver\"]}]}<\/script>\n<!-- \/ Yoast SEO plugin. -->","yoast_head_json":{"title":"Biodiversidad - Chimiver y la preservaci\u00f3n del ecosistema","description":"Visita la secci\u00f3n Biodiversidad. Desde 2022, Chimiver apoya a BeeLife European Beekeeping Coordination para contribuir a la protecci\u00f3n de los insectos polinizadores y salvaguardar el ecosistema.","robots":{"index":"index","follow":"follow","max-snippet":"max-snippet:-1","max-image-preview":"max-image-preview:large","max-video-preview":"max-video-preview:-1"},"canonical":"https:\/\/chimiver.com\/es\/biodiversidad\/","og_locale":"es_ES","og_type":"article","og_title":"Biodiversidad - Chimiver y la preservaci\u00f3n del ecosistema","og_description":"Visita la secci\u00f3n Biodiversidad. Desde 2022, Chimiver apoya a BeeLife European Beekeeping Coordination para contribuir a la protecci\u00f3n de los insectos polinizadores y salvaguardar el ecosistema.","og_url":"https:\/\/chimiver.com\/es\/biodiversidad\/","og_site_name":"Chimiver","article_publisher":"https:\/\/www.facebook.com\/chimiver","article_modified_time":"2024-10-28T08:24:23+00:00","og_image":[{"width":500,"height":500,"url":"https:\/\/chimiver.com\/wp-content\/uploads\/2022\/06\/Chimiver_500x500.jpg","type":"image\/jpeg"}],"twitter_card":"summary_large_image","schema":{"@context":"https:\/\/schema.org","@graph":[{"@type":"WebPage","@id":"https:\/\/chimiver.com\/es\/biodiversidad\/","url":"https:\/\/chimiver.com\/es\/biodiversidad\/","name":"Biodiversidad - Chimiver y la preservaci\u00f3n del ecosistema","isPartOf":{"@id":"https:\/\/chimiver.com\/es\/#website"},"datePublished":"2024-01-02T12:38:03+00:00","dateModified":"2024-10-28T08:24:23+00:00","description":"Visita la secci\u00f3n Biodiversidad. Desde 2022, Chimiver apoya a BeeLife European Beekeeping Coordination para contribuir a la protecci\u00f3n de los insectos polinizadores y salvaguardar el ecosistema.","breadcrumb":{"@id":"https:\/\/chimiver.com\/es\/biodiversidad\/#breadcrumb"},"inLanguage":"es","potentialAction":[{"@type":"ReadAction","target":["https:\/\/chimiver.com\/es\/biodiversidad\/"]}]},{"@type":"BreadcrumbList","@id":"https:\/\/chimiver.com\/es\/biodiversidad\/#breadcrumb","itemListElement":[{"@type":"ListItem","position":1,"name":"Home","item":"https:\/\/chimiver.com\/es\/"},{"@type":"ListItem","position":2,"name":"Biodiversidad"}]},{"@type":"WebSite","@id":"https:\/\/chimiver.com\/es\/#website","url":"https:\/\/chimiver.com\/es\/","name":"Chimiver, Your floors partner","description":"Su partner de pisos","publisher":{"@id":"https:\/\/chimiver.com\/es\/#organization"},"alternateName":"Chimiver","potentialAction":[{"@type":"SearchAction","target":{"@type":"EntryPoint","urlTemplate":"https:\/\/chimiver.com\/es\/?s={search_term_string}"},"query-input":{"@type":"PropertyValueSpecification","valueRequired":true,"valueName":"search_term_string"}}],"inLanguage":"es"},{"@type":"Organization","@id":"https:\/\/chimiver.com\/es\/#organization","name":"Chimiver","url":"https:\/\/chimiver.com\/es\/","logo":{"@type":"ImageObject","inLanguage":"es","@id":"https:\/\/chimiver.com\/es\/#\/schema\/logo\/image\/","url":"https:\/\/chimiver.com\/wp-content\/uploads\/2022\/06\/Chimiver_500x500.jpg","contentUrl":"https:\/\/chimiver.com\/wp-content\/uploads\/2022\/06\/Chimiver_500x500.jpg","width":500,"height":500,"caption":"Chimiver"},"image":{"@id":"https:\/\/chimiver.com\/es\/#\/schema\/logo\/image\/"},"sameAs":["https:\/\/www.facebook.com\/chimiver"]}]}},"_links":{"self":[{"href":"https:\/\/chimiver.com\/es\/wp-json\/wp\/v2\/pages\/21284","targetHints":{"allow":["GET"]}}],"collection":[{"href":"https:\/\/chimiver.com\/es\/wp-json\/wp\/v2\/pages"}],"about":[{"href":"https:\/\/chimiver.com\/es\/wp-json\/wp\/v2\/types\/page"}],"author":[{"embeddable":true,"href":"https:\/\/chimiver.com\/es\/wp-json\/wp\/v2\/users\/2"}],"replies":[{"embeddable":true,"href":"https:\/\/chimiver.com\/es\/wp-json\/wp\/v2\/comments?post=21284"}],"version-history":[{"count":2,"href":"https:\/\/chimiver.com\/es\/wp-json\/wp\/v2\/pages\/21284\/revisions"}],"predecessor-version":[{"id":21288,"href":"https:\/\/chimiver.com\/es\/wp-json\/wp\/v2\/pages\/21284\/revisions\/21288"}],"wp:attachment":[{"href":"https:\/\/chimiver.com\/es\/wp-json\/wp\/v2\/media?parent=21284"}],"curies":[{"name":"wp","href":"https:\/\/api.w.org\/{rel}","templated":true}]}}