{"id":21290,"date":"2024-01-08T15:24:06","date_gmt":"2024-01-08T14:24:06","guid":{"rendered":"https:\/\/chimiver.com\/rifiuti\/"},"modified":"2024-10-28T09:28:15","modified_gmt":"2024-10-28T08:28:15","slug":"desechos","status":"publish","type":"page","link":"https:\/\/chimiver.com\/es\/desechos\/","title":{"rendered":"Desechos"},"content":{"rendered":"<section id=\"customlink_block-block_ac3f0853ec96ec644aa01cd38f3e6e75\" class=\"text-image-block pubfa-block\" style=\"background-color:#FFFFFF;color:#2E2D2C;text-align:left;padding:45px 0;\">\n<div class=\"container\">\n    <div class=\"row\">\n\n        <!-- Text Col -->\n        <div class=\"col-12 col-lg-7 d-flex flex-column order-2 justify-content-start \">\n\n            <!-- Text Group -->\n            \n                <!-- Title (with or without Link) -->\n                \n                <!-- Content -->\n                                    <div class=\"pubfa-block-text-1\"><h1><strong>Gesti\u00f3n \u00e9tica de residuos<\/strong><\/h1>\n<p>La <strong>gesti\u00f3n \u00e9tica de residuos<\/strong> se basa en los principios de sostenibilidad. Actuar de forma sostenible implica no s\u00f3lo respetar los ciclos ambientales, sino tambi\u00e9n implementar una estrategia precisa en la planificaci\u00f3n de los recursos, para evitar desperdicios y p\u00e9rdidas.<\/p>\n<p>Es crucial comprender que todos los procesos de producci\u00f3n de la econom\u00eda dependen del uso de materias primas y energ\u00eda limitadas. El uso cuidadoso de estos recursos requiere una <strong>eliminaci\u00f3n adecuada de los residuos<\/strong>, fomentando el <strong>reciclaje<\/strong> y la <strong>reintroducci\u00f3n<\/strong> en el proceso productivo.<\/p>\n<p>Ante la perspectiva de un aumento estimado del 75% en los residuos para <strong>2050<\/strong>, se vuelve imperativo implementar r\u00e1pidamente proyectos y soluciones destinados a promover un medio <strong>ambiente m\u00e1s limpio y sostenible<\/strong>. En este contexto, el <strong>waste management<\/strong> , implantada en Chimiver Panseri S.p.A., juega un papel central. para una gesti\u00f3n consciente de los residuos. Esta divisi\u00f3n abarca todas las actividades relacionadas con el ciclo de los residuos, desde la <strong>producci\u00f3n hasta la recogida y posterior eliminaci\u00f3n o valorizaci\u00f3n<\/strong>, actuando como un ejemplo emblem\u00e1tico de interconexi\u00f3n entre la transici\u00f3n ecol\u00f3gica y digital.<\/p>\n<\/div>\n                                \n            \n        <\/div>\n\n        <!-- Image Col -->\n        <div class=\"col-12 col-lg-5 d-flex align-items-center justify-content-center order-3 \">\n\n            <!-- Image Group -->\n            \n                 <!-- Image (with or without Link) -->\n                                                             <img decoding=\"async\" src=\"https:\/\/chimiver.com\/wp-content\/uploads\/2024\/02\/waste.jpg\" alt=\"Azienda-Italiana-Prodotti-Professionali-Sostenibili-Posa-Trattamento-Manutenzione-Pavimenti-Legno-Parquet-Resina-Resilienti-Decking-WPC-Erba-Sintetica-Progettisti-Chimiver-Rifiuti-Waste-Management\" class=\"img-fluid\">\n                                    \n            \n        <\/div>\n    <\/div>\n<\/div>\n<\/section><section id=\"customlink_block-block_bcfb641335b8e1bfc4eb09d16fb940c2\" class=\"single-image-block pubfa-block\" style=\"background-color:#FFFFFF;\">\n    <div class=\"container\">\n        <!-- Image Group -->\n        \n            <!-- Image (with or without Link) -->\n                                                <img decoding=\"async\" src=\"https:\/\/chimiver.com\/wp-content\/uploads\/2024\/02\/tabella-rfiuti-scaled.jpg\" alt=\"Azienda-Italiana-Prodotti-Professionali-Sostenibili-Posa-Trattamento-Manutenzione-Pavimenti-Legno-Parquet-Resina-Resilienti-Decking-WPC-Erba-Sintetica-Progettisti-Chimiver-Tabella-Rifiuti\" class=\"img-fluid\">\n                            \n        \n    <\/div>\n<\/section>","protected":false},"excerpt":{"rendered":"","protected":false},"author":2,"featured_media":0,"parent":0,"menu_order":40,"comment_status":"closed","ping_status":"closed","template":"","meta":{"_acf_changed":false,"inline_featured_image":false,"footnotes":""},"class_list":["post-21290","page","type-page","status-publish","hentry"],"acf":[],"yoast_head":"<!-- This site is optimized with the Yoast SEO plugin v26.2 - https:\/\/yoast.com\/wordpress\/plugins\/seo\/ -->\n<title>Desechos - Chimiver y la gesti\u00f3n \u00e9tica de residuos<\/title>\n<meta name=\"description\" content=\"Visita la secci\u00f3n Desechos. En Chimiver, la gesti\u00f3n de residuos ocupa un papel central para una administraci\u00f3n consciente de los desechos. Esta divisi\u00f3n abarca todo el ciclo de los residuos, desde la producci\u00f3n hasta la recolecci\u00f3n y el posterior tratamiento\/recuperaci\u00f3n.\" \/>\n<meta name=\"robots\" content=\"index, follow, max-snippet:-1, max-image-preview:large, max-video-preview:-1\" \/>\n<link rel=\"canonical\" href=\"https:\/\/chimiver.com\/es\/desechos\/\" \/>\n<meta property=\"og:locale\" content=\"es_ES\" \/>\n<meta property=\"og:type\" content=\"article\" \/>\n<meta property=\"og:title\" content=\"Desechos - Chimiver y la gesti\u00f3n \u00e9tica de residuos\" \/>\n<meta property=\"og:description\" content=\"Visita la secci\u00f3n Desechos. En Chimiver, la gesti\u00f3n de residuos ocupa un papel central para una administraci\u00f3n consciente de los desechos. Esta divisi\u00f3n abarca todo el ciclo de los residuos, desde la producci\u00f3n hasta la recolecci\u00f3n y el posterior tratamiento\/recuperaci\u00f3n.\" \/>\n<meta property=\"og:url\" content=\"https:\/\/chimiver.com\/es\/desechos\/\" \/>\n<meta property=\"og:site_name\" content=\"Chimiver\" \/>\n<meta property=\"article:publisher\" content=\"https:\/\/www.facebook.com\/chimiver\" \/>\n<meta property=\"article:modified_time\" content=\"2024-10-28T08:28:15+00:00\" \/>\n<meta property=\"og:image\" content=\"https:\/\/chimiver.com\/wp-content\/uploads\/2022\/06\/Chimiver_500x500.jpg\" \/>\n\t<meta property=\"og:image:width\" content=\"500\" \/>\n\t<meta property=\"og:image:height\" content=\"500\" \/>\n\t<meta property=\"og:image:type\" content=\"image\/jpeg\" \/>\n<meta name=\"twitter:card\" content=\"summary_large_image\" \/>\n<script type=\"application\/ld+json\" class=\"yoast-schema-graph\">{\"@context\":\"https:\/\/schema.org\",\"@graph\":[{\"@type\":\"WebPage\",\"@id\":\"https:\/\/chimiver.com\/es\/desechos\/\",\"url\":\"https:\/\/chimiver.com\/es\/desechos\/\",\"name\":\"Desechos - Chimiver y la gesti\u00f3n \u00e9tica de residuos\",\"isPartOf\":{\"@id\":\"https:\/\/chimiver.com\/es\/#website\"},\"datePublished\":\"2024-01-08T14:24:06+00:00\",\"dateModified\":\"2024-10-28T08:28:15+00:00\",\"description\":\"Visita la secci\u00f3n Desechos. En Chimiver, la gesti\u00f3n de residuos ocupa un papel central para una administraci\u00f3n consciente de los desechos. Esta divisi\u00f3n abarca todo el ciclo de los residuos, desde la producci\u00f3n hasta la recolecci\u00f3n y el posterior tratamiento\/recuperaci\u00f3n.\",\"breadcrumb\":{\"@id\":\"https:\/\/chimiver.com\/es\/desechos\/#breadcrumb\"},\"inLanguage\":\"es\",\"potentialAction\":[{\"@type\":\"ReadAction\",\"target\":[\"https:\/\/chimiver.com\/es\/desechos\/\"]}]},{\"@type\":\"BreadcrumbList\",\"@id\":\"https:\/\/chimiver.com\/es\/desechos\/#breadcrumb\",\"itemListElement\":[{\"@type\":\"ListItem\",\"position\":1,\"name\":\"Home\",\"item\":\"https:\/\/chimiver.com\/es\/\"},{\"@type\":\"ListItem\",\"position\":2,\"name\":\"Desechos\"}]},{\"@type\":\"WebSite\",\"@id\":\"https:\/\/chimiver.com\/es\/#website\",\"url\":\"https:\/\/chimiver.com\/es\/\",\"name\":\"Chimiver, Your floors partner\",\"description\":\"Su partner de pisos\",\"publisher\":{\"@id\":\"https:\/\/chimiver.com\/es\/#organization\"},\"alternateName\":\"Chimiver\",\"potentialAction\":[{\"@type\":\"SearchAction\",\"target\":{\"@type\":\"EntryPoint\",\"urlTemplate\":\"https:\/\/chimiver.com\/es\/?s={search_term_string}\"},\"query-input\":{\"@type\":\"PropertyValueSpecification\",\"valueRequired\":true,\"valueName\":\"search_term_string\"}}],\"inLanguage\":\"es\"},{\"@type\":\"Organization\",\"@id\":\"https:\/\/chimiver.com\/es\/#organization\",\"name\":\"Chimiver\",\"url\":\"https:\/\/chimiver.com\/es\/\",\"logo\":{\"@type\":\"ImageObject\",\"inLanguage\":\"es\",\"@id\":\"https:\/\/chimiver.com\/es\/#\/schema\/logo\/image\/\",\"url\":\"https:\/\/chimiver.com\/wp-content\/uploads\/2022\/06\/Chimiver_500x500.jpg\",\"contentUrl\":\"https:\/\/chimiver.com\/wp-content\/uploads\/2022\/06\/Chimiver_500x500.jpg\",\"width\":500,\"height\":500,\"caption\":\"Chimiver\"},\"image\":{\"@id\":\"https:\/\/chimiver.com\/es\/#\/schema\/logo\/image\/\"},\"sameAs\":[\"https:\/\/www.facebook.com\/chimiver\"]}]}<\/script>\n<!-- \/ Yoast SEO plugin. -->","yoast_head_json":{"title":"Desechos - Chimiver y la gesti\u00f3n \u00e9tica de residuos","description":"Visita la secci\u00f3n Desechos. En Chimiver, la gesti\u00f3n de residuos ocupa un papel central para una administraci\u00f3n consciente de los desechos. Esta divisi\u00f3n abarca todo el ciclo de los residuos, desde la producci\u00f3n hasta la recolecci\u00f3n y el posterior tratamiento\/recuperaci\u00f3n.","robots":{"index":"index","follow":"follow","max-snippet":"max-snippet:-1","max-image-preview":"max-image-preview:large","max-video-preview":"max-video-preview:-1"},"canonical":"https:\/\/chimiver.com\/es\/desechos\/","og_locale":"es_ES","og_type":"article","og_title":"Desechos - Chimiver y la gesti\u00f3n \u00e9tica de residuos","og_description":"Visita la secci\u00f3n Desechos. En Chimiver, la gesti\u00f3n de residuos ocupa un papel central para una administraci\u00f3n consciente de los desechos. Esta divisi\u00f3n abarca todo el ciclo de los residuos, desde la producci\u00f3n hasta la recolecci\u00f3n y el posterior tratamiento\/recuperaci\u00f3n.","og_url":"https:\/\/chimiver.com\/es\/desechos\/","og_site_name":"Chimiver","article_publisher":"https:\/\/www.facebook.com\/chimiver","article_modified_time":"2024-10-28T08:28:15+00:00","og_image":[{"width":500,"height":500,"url":"https:\/\/chimiver.com\/wp-content\/uploads\/2022\/06\/Chimiver_500x500.jpg","type":"image\/jpeg"}],"twitter_card":"summary_large_image","schema":{"@context":"https:\/\/schema.org","@graph":[{"@type":"WebPage","@id":"https:\/\/chimiver.com\/es\/desechos\/","url":"https:\/\/chimiver.com\/es\/desechos\/","name":"Desechos - Chimiver y la gesti\u00f3n \u00e9tica de residuos","isPartOf":{"@id":"https:\/\/chimiver.com\/es\/#website"},"datePublished":"2024-01-08T14:24:06+00:00","dateModified":"2024-10-28T08:28:15+00:00","description":"Visita la secci\u00f3n Desechos. En Chimiver, la gesti\u00f3n de residuos ocupa un papel central para una administraci\u00f3n consciente de los desechos. Esta divisi\u00f3n abarca todo el ciclo de los residuos, desde la producci\u00f3n hasta la recolecci\u00f3n y el posterior tratamiento\/recuperaci\u00f3n.","breadcrumb":{"@id":"https:\/\/chimiver.com\/es\/desechos\/#breadcrumb"},"inLanguage":"es","potentialAction":[{"@type":"ReadAction","target":["https:\/\/chimiver.com\/es\/desechos\/"]}]},{"@type":"BreadcrumbList","@id":"https:\/\/chimiver.com\/es\/desechos\/#breadcrumb","itemListElement":[{"@type":"ListItem","position":1,"name":"Home","item":"https:\/\/chimiver.com\/es\/"},{"@type":"ListItem","position":2,"name":"Desechos"}]},{"@type":"WebSite","@id":"https:\/\/chimiver.com\/es\/#website","url":"https:\/\/chimiver.com\/es\/","name":"Chimiver, Your floors partner","description":"Su partner de pisos","publisher":{"@id":"https:\/\/chimiver.com\/es\/#organization"},"alternateName":"Chimiver","potentialAction":[{"@type":"SearchAction","target":{"@type":"EntryPoint","urlTemplate":"https:\/\/chimiver.com\/es\/?s={search_term_string}"},"query-input":{"@type":"PropertyValueSpecification","valueRequired":true,"valueName":"search_term_string"}}],"inLanguage":"es"},{"@type":"Organization","@id":"https:\/\/chimiver.com\/es\/#organization","name":"Chimiver","url":"https:\/\/chimiver.com\/es\/","logo":{"@type":"ImageObject","inLanguage":"es","@id":"https:\/\/chimiver.com\/es\/#\/schema\/logo\/image\/","url":"https:\/\/chimiver.com\/wp-content\/uploads\/2022\/06\/Chimiver_500x500.jpg","contentUrl":"https:\/\/chimiver.com\/wp-content\/uploads\/2022\/06\/Chimiver_500x500.jpg","width":500,"height":500,"caption":"Chimiver"},"image":{"@id":"https:\/\/chimiver.com\/es\/#\/schema\/logo\/image\/"},"sameAs":["https:\/\/www.facebook.com\/chimiver"]}]}},"_links":{"self":[{"href":"https:\/\/chimiver.com\/es\/wp-json\/wp\/v2\/pages\/21290","targetHints":{"allow":["GET"]}}],"collection":[{"href":"https:\/\/chimiver.com\/es\/wp-json\/wp\/v2\/pages"}],"about":[{"href":"https:\/\/chimiver.com\/es\/wp-json\/wp\/v2\/types\/page"}],"author":[{"embeddable":true,"href":"https:\/\/chimiver.com\/es\/wp-json\/wp\/v2\/users\/2"}],"replies":[{"embeddable":true,"href":"https:\/\/chimiver.com\/es\/wp-json\/wp\/v2\/comments?post=21290"}],"version-history":[{"count":1,"href":"https:\/\/chimiver.com\/es\/wp-json\/wp\/v2\/pages\/21290\/revisions"}],"predecessor-version":[{"id":21292,"href":"https:\/\/chimiver.com\/es\/wp-json\/wp\/v2\/pages\/21290\/revisions\/21292"}],"wp:attachment":[{"href":"https:\/\/chimiver.com\/es\/wp-json\/wp\/v2\/media?parent=21290"}],"curies":[{"name":"wp","href":"https:\/\/api.w.org\/{rel}","templated":true}]}}