{"id":21298,"date":"2024-01-08T14:35:44","date_gmt":"2024-01-08T13:35:44","guid":{"rendered":"https:\/\/chimiver.com\/esg\/"},"modified":"2025-11-27T15:41:48","modified_gmt":"2025-11-27T14:41:48","slug":"esg","status":"publish","type":"page","link":"https:\/\/chimiver.com\/es\/esg\/","title":{"rendered":"ESG"},"content":{"rendered":"<section id=\"customlink_block-block_599a5135216fea11b845c0a36a45da6f\" class=\"text-image-block pubfa-block\" style=\"background-color:#FFFFFF;color:#2E2D2C;text-align:left;padding:45px 0;\">\n<div class=\"container\">\n    <div class=\"row\">\n\n        <!-- Text Col -->\n        <div class=\"col-12 col-lg-7 d-flex flex-column order-2 justify-content-start \">\n\n            <!-- Text Group -->\n            \n                <!-- Title (with or without Link) -->\n                \n                <!-- Content -->\n                                    <div class=\"pubfa-block-text-1\"><h1><strong>ESG (Ambientale, Sociale e di Governance)<\/strong><\/h1>\n<p>&nbsp;<\/p>\n<p>Para alcanzar los objetivos de desarrollo sostenible es necesaria una transformaci\u00f3n del sistema econ\u00f3mico, industrial y social. Este desaf\u00edo involucra activamente a todas las empresas, independientemente de su tama\u00f1o, desde los grandes grupos industriales hasta las pymes<\/p>\n<p>&nbsp;<\/p>\n<p>Existe una creciente demanda y aportaciones sobre el desempe\u00f1o <strong>ESG (Ambientale, Sociale e di Governance)<\/strong> por parte de diversas partes interesadas, incluidos clientes en los procesos de adquisiciones, instituciones bancarias en la presentaci\u00f3n de informes financieros, inversores, instituciones, asociaciones industriales y otros actores.<\/p>\n<p>&nbsp;<\/p>\n<\/div>\n                                \n            \n        <\/div>\n\n        <!-- Image Col -->\n        <div class=\"col-12 col-lg-5 d-flex align-items-center justify-content-center order-3 \">\n\n            <!-- Image Group -->\n            \n                 <!-- Image (with or without Link) -->\n                                                             <img decoding=\"async\" src=\"https:\/\/chimiver.com\/wp-content\/uploads\/2024\/02\/ESG.jpg\" alt=\"Azienda-Italiana-Prodotti-Professionali-Sostenibili-Posa-Trattamento-Manutenzione-Pavimenti-Legno-Parquet-Resina-Resilienti-Decking-WPC-Erba-Sintetica-Progettisti-Chimiver-ESG-Environmental-Social-Governance\" class=\"img-fluid\">\n                                    \n            \n        <\/div>\n    <\/div>\n<\/div>\n<\/section><section id=\"customlink_block-block_0b4fcfb91ff5e08712c6e1f917cdba77\" class=\"text-image-block pubfa-block\" style=\"background-color:#FFFFFF;color:#2E2D2C;text-align:left;padding:45px 0;\">\n<div class=\"container\">\n    <div class=\"row\">\n\n        <!-- Text Col -->\n        <div class=\"col-12 col-lg-7 d-flex flex-column order-2 justify-content-start \">\n\n            <!-- Text Group -->\n            \n                <!-- Title (with or without Link) -->\n                \n                <!-- Content -->\n                                    <div class=\"pubfa-block-text-1\"><p>&nbsp;<\/p>\n<p>&nbsp;<\/p>\n<p>En este contexto, resulta crucial promover la colaboraci\u00f3n y centrarse en objetivos de crecimiento claros, para permitir que todos se dediquen a acciones concretas relacionadas con el desarrollo de su negocio, m\u00e1s all\u00e1 del cumplimiento burocr\u00e1tico.<\/p>\n<p><strong>Chimiver Panseri S.p.A.<\/strong> por ello decidi\u00f3 sumarse a <strong>Open-es<\/strong>, una iniciativa de sistema entre el mundo industrial, financiero y asociativo para involucrar y apoyar a todas las empresas a trav\u00e9s de una plataforma digital, facilitando el proceso de medici\u00f3n y crecimiento en las dimensiones de la sostenibilidad.<\/p>\n<\/div>\n                                \n            \n        <\/div>\n\n        <!-- Image Col -->\n        <div class=\"col-12 col-lg-5 d-flex align-items-center justify-content-center order-1 \">\n\n            <!-- Image Group -->\n            \n                 <!-- Image (with or without Link) -->\n                                                             <img decoding=\"async\" src=\"https:\/\/chimiver.com\/wp-content\/uploads\/2024\/03\/logo-OPEN.jpg\" alt=\"Azienda-Italiana-Prodotti-Professionali-Sostenibili-Posa-Trattamento-Manutenzione-Pavimenti-Legno-Resina-Resilienti-Decking-WPC-Erba-Sintetica-Privati-Professionisti-Progettisti-Industria-Chimiver-ESG-Open-Es\" class=\"img-fluid\">\n                                    \n            \n        <\/div>\n    <\/div>\n<\/div>\n<\/section>","protected":false},"excerpt":{"rendered":"","protected":false},"author":2,"featured_media":0,"parent":0,"menu_order":44,"comment_status":"closed","ping_status":"closed","template":"","meta":{"_acf_changed":false,"inline_featured_image":false,"footnotes":""},"class_list":["post-21298","page","type-page","status-publish","hentry"],"acf":[],"yoast_head":"<!-- This site is optimized with the Yoast SEO plugin v26.2 - https:\/\/yoast.com\/wordpress\/plugins\/seo\/ -->\n<title>Chimiver ESG: Compromiso Ambiental, Social y de Gobernanza<\/title>\n<meta name=\"description\" content=\"Chimiver ESG: comprometida con la sostenibilidad ambiental, la responsabilidad social y la gobernanza transparente.\" \/>\n<meta name=\"robots\" content=\"index, follow, max-snippet:-1, max-image-preview:large, max-video-preview:-1\" \/>\n<link rel=\"canonical\" href=\"https:\/\/chimiver.com\/es\/esg\/\" \/>\n<meta property=\"og:locale\" content=\"es_ES\" \/>\n<meta property=\"og:type\" content=\"article\" \/>\n<meta property=\"og:title\" content=\"Chimiver ESG: Compromiso Ambiental, Social y de Gobernanza\" \/>\n<meta property=\"og:description\" content=\"Chimiver ESG: comprometida con la sostenibilidad ambiental, la responsabilidad social y la gobernanza transparente.\" \/>\n<meta property=\"og:url\" content=\"https:\/\/chimiver.com\/es\/esg\/\" \/>\n<meta property=\"og:site_name\" content=\"Chimiver\" \/>\n<meta property=\"article:publisher\" content=\"https:\/\/www.facebook.com\/chimiver\" \/>\n<meta property=\"article:modified_time\" content=\"2025-11-27T14:41:48+00:00\" \/>\n<meta property=\"og:image\" content=\"https:\/\/chimiver.com\/wp-content\/uploads\/2022\/06\/Chimiver_500x500.jpg\" \/>\n\t<meta property=\"og:image:width\" content=\"500\" \/>\n\t<meta property=\"og:image:height\" content=\"500\" \/>\n\t<meta property=\"og:image:type\" content=\"image\/jpeg\" \/>\n<meta name=\"twitter:card\" content=\"summary_large_image\" \/>\n<script type=\"application\/ld+json\" class=\"yoast-schema-graph\">{\"@context\":\"https:\/\/schema.org\",\"@graph\":[{\"@type\":\"WebPage\",\"@id\":\"https:\/\/chimiver.com\/es\/esg\/\",\"url\":\"https:\/\/chimiver.com\/es\/esg\/\",\"name\":\"Chimiver ESG: Compromiso Ambiental, Social y de Gobernanza\",\"isPartOf\":{\"@id\":\"https:\/\/chimiver.com\/es\/#website\"},\"datePublished\":\"2024-01-08T13:35:44+00:00\",\"dateModified\":\"2025-11-27T14:41:48+00:00\",\"description\":\"Chimiver ESG: comprometida con la sostenibilidad ambiental, la responsabilidad social y la gobernanza transparente.\",\"breadcrumb\":{\"@id\":\"https:\/\/chimiver.com\/es\/esg\/#breadcrumb\"},\"inLanguage\":\"es\",\"potentialAction\":[{\"@type\":\"ReadAction\",\"target\":[\"https:\/\/chimiver.com\/es\/esg\/\"]}]},{\"@type\":\"BreadcrumbList\",\"@id\":\"https:\/\/chimiver.com\/es\/esg\/#breadcrumb\",\"itemListElement\":[{\"@type\":\"ListItem\",\"position\":1,\"name\":\"Home\",\"item\":\"https:\/\/chimiver.com\/es\/\"},{\"@type\":\"ListItem\",\"position\":2,\"name\":\"ESG\"}]},{\"@type\":\"WebSite\",\"@id\":\"https:\/\/chimiver.com\/es\/#website\",\"url\":\"https:\/\/chimiver.com\/es\/\",\"name\":\"Chimiver, Your floors partner\",\"description\":\"Su partner de pisos\",\"publisher\":{\"@id\":\"https:\/\/chimiver.com\/es\/#organization\"},\"alternateName\":\"Chimiver\",\"potentialAction\":[{\"@type\":\"SearchAction\",\"target\":{\"@type\":\"EntryPoint\",\"urlTemplate\":\"https:\/\/chimiver.com\/es\/?s={search_term_string}\"},\"query-input\":{\"@type\":\"PropertyValueSpecification\",\"valueRequired\":true,\"valueName\":\"search_term_string\"}}],\"inLanguage\":\"es\"},{\"@type\":\"Organization\",\"@id\":\"https:\/\/chimiver.com\/es\/#organization\",\"name\":\"Chimiver\",\"url\":\"https:\/\/chimiver.com\/es\/\",\"logo\":{\"@type\":\"ImageObject\",\"inLanguage\":\"es\",\"@id\":\"https:\/\/chimiver.com\/es\/#\/schema\/logo\/image\/\",\"url\":\"https:\/\/chimiver.com\/wp-content\/uploads\/2022\/06\/Chimiver_500x500.jpg\",\"contentUrl\":\"https:\/\/chimiver.com\/wp-content\/uploads\/2022\/06\/Chimiver_500x500.jpg\",\"width\":500,\"height\":500,\"caption\":\"Chimiver\"},\"image\":{\"@id\":\"https:\/\/chimiver.com\/es\/#\/schema\/logo\/image\/\"},\"sameAs\":[\"https:\/\/www.facebook.com\/chimiver\"]}]}<\/script>\n<!-- \/ Yoast SEO plugin. -->","yoast_head_json":{"title":"Chimiver ESG: Compromiso Ambiental, Social y de Gobernanza","description":"Chimiver ESG: comprometida con la sostenibilidad ambiental, la responsabilidad social y la gobernanza transparente.","robots":{"index":"index","follow":"follow","max-snippet":"max-snippet:-1","max-image-preview":"max-image-preview:large","max-video-preview":"max-video-preview:-1"},"canonical":"https:\/\/chimiver.com\/es\/esg\/","og_locale":"es_ES","og_type":"article","og_title":"Chimiver ESG: Compromiso Ambiental, Social y de Gobernanza","og_description":"Chimiver ESG: comprometida con la sostenibilidad ambiental, la responsabilidad social y la gobernanza transparente.","og_url":"https:\/\/chimiver.com\/es\/esg\/","og_site_name":"Chimiver","article_publisher":"https:\/\/www.facebook.com\/chimiver","article_modified_time":"2025-11-27T14:41:48+00:00","og_image":[{"width":500,"height":500,"url":"https:\/\/chimiver.com\/wp-content\/uploads\/2022\/06\/Chimiver_500x500.jpg","type":"image\/jpeg"}],"twitter_card":"summary_large_image","schema":{"@context":"https:\/\/schema.org","@graph":[{"@type":"WebPage","@id":"https:\/\/chimiver.com\/es\/esg\/","url":"https:\/\/chimiver.com\/es\/esg\/","name":"Chimiver ESG: Compromiso Ambiental, Social y de Gobernanza","isPartOf":{"@id":"https:\/\/chimiver.com\/es\/#website"},"datePublished":"2024-01-08T13:35:44+00:00","dateModified":"2025-11-27T14:41:48+00:00","description":"Chimiver ESG: comprometida con la sostenibilidad ambiental, la responsabilidad social y la gobernanza transparente.","breadcrumb":{"@id":"https:\/\/chimiver.com\/es\/esg\/#breadcrumb"},"inLanguage":"es","potentialAction":[{"@type":"ReadAction","target":["https:\/\/chimiver.com\/es\/esg\/"]}]},{"@type":"BreadcrumbList","@id":"https:\/\/chimiver.com\/es\/esg\/#breadcrumb","itemListElement":[{"@type":"ListItem","position":1,"name":"Home","item":"https:\/\/chimiver.com\/es\/"},{"@type":"ListItem","position":2,"name":"ESG"}]},{"@type":"WebSite","@id":"https:\/\/chimiver.com\/es\/#website","url":"https:\/\/chimiver.com\/es\/","name":"Chimiver, Your floors partner","description":"Su partner de pisos","publisher":{"@id":"https:\/\/chimiver.com\/es\/#organization"},"alternateName":"Chimiver","potentialAction":[{"@type":"SearchAction","target":{"@type":"EntryPoint","urlTemplate":"https:\/\/chimiver.com\/es\/?s={search_term_string}"},"query-input":{"@type":"PropertyValueSpecification","valueRequired":true,"valueName":"search_term_string"}}],"inLanguage":"es"},{"@type":"Organization","@id":"https:\/\/chimiver.com\/es\/#organization","name":"Chimiver","url":"https:\/\/chimiver.com\/es\/","logo":{"@type":"ImageObject","inLanguage":"es","@id":"https:\/\/chimiver.com\/es\/#\/schema\/logo\/image\/","url":"https:\/\/chimiver.com\/wp-content\/uploads\/2022\/06\/Chimiver_500x500.jpg","contentUrl":"https:\/\/chimiver.com\/wp-content\/uploads\/2022\/06\/Chimiver_500x500.jpg","width":500,"height":500,"caption":"Chimiver"},"image":{"@id":"https:\/\/chimiver.com\/es\/#\/schema\/logo\/image\/"},"sameAs":["https:\/\/www.facebook.com\/chimiver"]}]}},"_links":{"self":[{"href":"https:\/\/chimiver.com\/es\/wp-json\/wp\/v2\/pages\/21298","targetHints":{"allow":["GET"]}}],"collection":[{"href":"https:\/\/chimiver.com\/es\/wp-json\/wp\/v2\/pages"}],"about":[{"href":"https:\/\/chimiver.com\/es\/wp-json\/wp\/v2\/types\/page"}],"author":[{"embeddable":true,"href":"https:\/\/chimiver.com\/es\/wp-json\/wp\/v2\/users\/2"}],"replies":[{"embeddable":true,"href":"https:\/\/chimiver.com\/es\/wp-json\/wp\/v2\/comments?post=21298"}],"version-history":[{"count":1,"href":"https:\/\/chimiver.com\/es\/wp-json\/wp\/v2\/pages\/21298\/revisions"}],"predecessor-version":[{"id":21300,"href":"https:\/\/chimiver.com\/es\/wp-json\/wp\/v2\/pages\/21298\/revisions\/21300"}],"wp:attachment":[{"href":"https:\/\/chimiver.com\/es\/wp-json\/wp\/v2\/media?parent=21298"}],"curies":[{"name":"wp","href":"https:\/\/api.w.org\/{rel}","templated":true}]}}