{"id":21302,"date":"2024-01-02T11:13:58","date_gmt":"2024-01-02T10:13:58","guid":{"rendered":"https:\/\/chimiver.com\/efficienza\/"},"modified":"2025-11-27T12:11:42","modified_gmt":"2025-11-27T11:11:42","slug":"eficiencia","status":"publish","type":"page","link":"https:\/\/chimiver.com\/es\/eficiencia\/","title":{"rendered":"Eficiencia"},"content":{"rendered":"<section id=\"customlink_block-block_9d0e2ab2f7d7557286e859d81472eb2c\" class=\"text-icon-block pubfa-block\" style=\"background-color:#FFFFFF;color:#2E2D2C;text-align:center;\">\n    <div class=\"container\">\n        <div class=\"d-flex flex-column justify-content-center \">\n\n            <!-- Image Group -->\n            \n                 <!-- Image (with or without Link) -->\n                 \n            \n            <!-- Text Group -->\n            \n                <!-- Title (with or without Link) -->\n                \n                <!-- Content -->\n                                    <div class=\"pubfa-block-text-1\"><h1>Certificaciones de sistemas de gesti\u00f3n \u2013 ISO<\/h1>\n<p>En el contexto global actual, donde existe un compromiso <strong>creciente con las cuestiones ambientales y sociales<\/strong>, la sostenibilidad ha cobrado un papel central para las organizaciones modernas. Ya no se considera una opci\u00f3n opcional o una iniciativa marginal vinculada a la responsabilidad social corporativa, sino un elemento estrat\u00e9gico vital que afecta a todos los aspectos de la actividad de la empresa.<\/p>\n<p>&nbsp;<\/p>\n<p>Desde la perspectiva de la normativa ISO, la <strong>sostenibilidad<\/strong> est\u00e1 entrelazada con los sistemas de gesti\u00f3n de <strong>calidad <\/strong>(ISO 9001), <strong>ambiental <\/strong>(ISO 14001), <strong>energ\u00eda <\/strong>(ISO 50001) y <strong>seguridad y salud en el trabajo<\/strong> (ISO 45001). Cada una de estas normativas propone un modelo para abordar aspectos espec\u00edficos relacionados con la sostenibilidad y representan la base sobre la que construir el \u00e9xito de la empresa..<\/p>\n<p>&nbsp;<\/p>\n<p>Chimiver Panseri S.p.A. ha emprendido este camino desde 2014 obteniendo:<\/p>\n<\/div>\n                                \n            \n        <\/div>\n    <\/div>\n<\/section><section id=\"customlink_block-block_e5f7d9d614922fa29c85782ff9c2bcb3\" class=\"text-image-block pubfa-block\" style=\"background-color:#FFFFFF;color:#2E2D2C;text-align:left;padding:45px 0;\">\n<div class=\"container\">\n    <div class=\"row\">\n\n        <!-- Text Col -->\n        <div class=\"col-12 col-lg-7 d-flex flex-column order-2 justify-content-start \">\n\n            <!-- Text Group -->\n            \n                <!-- Title (with or without Link) -->\n                                                            <h2 class=\"pubfa-block-title-1\">2015<\/h2>\n                                    \n                <!-- Content -->\n                                    <div class=\"pubfa-block-text-1\"><h2><strong>ISO 9001<\/strong> <em> \u201cSistemas de Gesti\u00f3n de Calidad\u201d<\/em><\/h2>\n<p>es la norma de referencia m\u00e1s reconocida universalmente para la gesti\u00f3n de calidad en todo el mundo. En la actualidad, se adopta ampliamente y representa el est\u00e1ndar no s\u00f3lo para los sistemas de gesti\u00f3n de la calidad, sino tambi\u00e9n para otros sistemas de gesti\u00f3n.<\/p>\n<\/div>\n                                \n            \n        <\/div>\n\n        <!-- Image Col -->\n        <div class=\"col-12 col-lg-5 d-flex align-items-center justify-content-center order-3 \">\n\n            <!-- Image Group -->\n            \n                 <!-- Image (with or without Link) -->\n                                                             <a href=\"https:\/\/chimiver.com\/wp-content\/uploads\/2023\/01\/COPY_IT_ISO_9001-TUV-CHIMIVER-2023-2025.pdf\" target=\"_blank\">\n                            <img decoding=\"async\" src=\"https:\/\/chimiver.com\/wp-content\/uploads\/2024\/01\/169777_Zeichen.jpg\" alt=\"Azienda-Italiana-Prodotti-Professionali-Sostenibili-Posa-Trattamento-Manutenzione-Pavimenti-Legno-Parquet-Resina-Resilienti-Decking-WPC-Erba-Sintetica-Progettisti-Chimiver-ISO-9001-Sistemi-Gestione-Qualit\u00e0\" class=\"img-fluid\">\n                        <\/a>\n                                    \n            \n        <\/div>\n    <\/div>\n<\/div>\n<\/section><section id=\"customlink_block-block_ffa93bacb4fed6ab2f4c9a83714f5356\" class=\"text-image-block pubfa-block\" style=\"background-color:#FAFAFA;color:#2E2D2C;text-align:left;padding:45px 0;\">\n<div class=\"container\">\n    <div class=\"row\">\n\n        <!-- Text Col -->\n        <div class=\"col-12 col-lg-7 d-flex flex-column order-2 justify-content-start \">\n\n            <!-- Text Group -->\n            \n                <!-- Title (with or without Link) -->\n                                                            <h2 class=\"pubfa-block-title-1\">2023<\/h2>\n                                    \n                <!-- Content -->\n                                    <div class=\"pubfa-block-text-1\"><h2><strong>ISO 50001<\/strong> <em>\u201cSistemas de Gesti\u00f3n de Energ\u00eda\u201d<\/em><\/h2>\n<p> Representa las mejores pr\u00e1cticas internacionales m\u00e1s recientes en el campo de la gesti\u00f3n de energ\u00eda, basadas en el cumplimiento de las regulaciones nacionales y regionales actualmente vigentes.<br \/>\nLa implementaci\u00f3n de la norma ISO 50001 gu\u00eda en la implementaci\u00f3n de los procesos necesarios para analizar el consumo de energ\u00eda, implementar planes, definir objetivos e indicadores de desempe\u00f1o energ\u00e9tico con el fin de reducir el consumo e identificar oportunidades para mejorar el desempe\u00f1o energ\u00e9tico.<\/p>\n<\/div>\n                                \n            \n        <\/div>\n\n        <!-- Image Col -->\n        <div class=\"col-12 col-lg-5 d-flex align-items-center justify-content-center order-1 \">\n\n            <!-- Image Group -->\n            \n                 <!-- Image (with or without Link) -->\n                                                             <a href=\"https:\/\/chimiver.com\/certificate-signed\/\" target=\"_blank\">\n                            <img decoding=\"async\" src=\"https:\/\/chimiver.com\/wp-content\/uploads\/2024\/01\/ISO-50001_col.jpg\" alt=\"Azienda-Italiana-Prodotti-Professionali-Sostenibili-Posa-Trattamento-Manutenzione-Pavimenti-Legno-Parquet-Resina-Resilienti-Decking-WPC-Erba-Sintetica-Progettisti-Chimiver-ISO-50001-Sistemi-Gestione-Dell&#039;Energia\" class=\"img-fluid\">\n                        <\/a>\n                                    \n            \n        <\/div>\n    <\/div>\n<\/div>\n<\/section><section id=\"customlink_block-block_b41f6eabecfab118fc753f473692468f\" class=\"text-image-block pubfa-block\" style=\"background-color:#FFFFFF;color:#2E2D2C;text-align:left;padding:45px 0;\">\n<div class=\"container\">\n    <div class=\"row\">\n\n        <!-- Text Col -->\n        <div class=\"col-12 col-lg-7 d-flex flex-column order-2 justify-content-start \">\n\n            <!-- Text Group -->\n            \n                <!-- Title (with or without Link) -->\n                                                            <h2 class=\"pubfa-block-title-1\">2025<\/h2>\n                                    \n                <!-- Content -->\n                                    <div class=\"pubfa-block-text-1\"><h2>En 2025 obtendremos la certificaci\u00f3n <strong>ISO 45001<\/strong> <em>\u201cSistemas de gesti\u00f3n de seguridad y salud en el trabajo\u201d<\/em><\/h2>\n<p>que establece los est\u00e1ndares m\u00ednimos de buenas pr\u00e1cticas para la protecci\u00f3n de los trabajadores. Esta norma proporciona un marco para mejorar la seguridad, reducir los riesgos en el lugar de trabajo y mejorar la salud y el bienestar de los trabajadores. Esto le permite mejorar proactivamente su desempe\u00f1o en materia de salud y seguridad.<\/p>\n<\/div>\n                                \n            \n        <\/div>\n\n        <!-- Image Col -->\n        <div class=\"col-12 col-lg-5 d-flex align-items-center justify-content-center order-3 \">\n\n            <!-- Image Group -->\n            \n                 <!-- Image (with or without Link) -->\n                                                             <img decoding=\"async\" src=\"https:\/\/chimiver.com\/wp-content\/uploads\/2024\/02\/obiettivo-2025.jpg\" alt=\"\" class=\"img-fluid\">\n                                    \n            \n        <\/div>\n    <\/div>\n<\/div>\n<\/section><section id=\"customlink_block-block_abdbed9766ce01d83f4122a0b42961f2\" class=\"text-image-block pubfa-block\" style=\"background-color:#FAFAFA;color:#2E2D2C;text-align:left;padding:45px 0;\">\n<div class=\"container\">\n    <div class=\"row\">\n\n        <!-- Text Col -->\n        <div class=\"col-12 col-lg-7 d-flex flex-column order-2 justify-content-start \">\n\n            <!-- Text Group -->\n            \n                <!-- Title (with or without Link) -->\n                                                            <h2 class=\"pubfa-block-title-1\">2026<\/h2>\n                                    \n                <!-- Content -->\n                                    <div class=\"pubfa-block-text-1\"><h2>En 2025 estaremos certificados <strong>ISO 14001<\/strong><em> \u201cSistemas de Gesti\u00f3n Ambiental\u201d<\/em><\/h2>\n<p>lo que implica la demostraci\u00f3n de un cierto compromiso con el medio ambiente. Esto ciertamente pasa por la adopci\u00f3n de comportamientos virtuosos para reducir el desperdicio de recursos y el consumo, pero tambi\u00e9n por la mejora de las tecnolog\u00edas presentes en la empresa.<\/p>\n<\/div>\n                                \n            \n        <\/div>\n\n        <!-- Image Col -->\n        <div class=\"col-12 col-lg-5 d-flex align-items-center justify-content-center order-1 \">\n\n            <!-- Image Group -->\n            \n                 <!-- Image (with or without Link) -->\n                                                             <img decoding=\"async\" src=\"https:\/\/chimiver.com\/wp-content\/uploads\/2024\/02\/obiettivo-2025.jpg\" alt=\"Azienda-Italiana-Prodotti-Professionali-Sostenibili-Posa-Trattamento-Manutenzione-Pavimenti-Legno-Resina-Resilienti-Decking-WPC-Erba-Sintetica-Progettisti-Chimiver-Obiettivo-2025-ISO-14001\" class=\"img-fluid\">\n                                    \n            \n        <\/div>\n    <\/div>\n<\/div>\n<\/section><section id=\"customlink_block-block_0b249ea3a8984c619207bc6527702711\" class=\"text-image-block pubfa-block\" style=\"background-color:#FFFFFF;color:#2E2D2C;text-align:left;padding:45px 0;\">\n<div class=\"container\">\n    <div class=\"row\">\n\n        <!-- Text Col -->\n        <div class=\"col-12 col-lg-7 d-flex flex-column order-2 justify-content-start \">\n\n            <!-- Text Group -->\n            \n                <!-- Title (with or without Link) -->\n                \n                <!-- Content -->\n                                    <div class=\"pubfa-block-text-1\"><h2><strong>Energ\u00eda Verde<\/strong><\/h2>\n<p><strong>Chimiver Panseri S.p.A.<\/strong>ha realizado importantes inversiones en 2023 centr\u00e1ndose en las <strong>energ\u00edas renovables<\/strong>. El proyecto implic\u00f3 la construcci\u00f3n de <strong>dos sistemas fotovoltaicos<\/strong> de 135,5 kWp en total, que nos permitieron producir aproximadamente el 50% de la electricidad consumida en un a\u00f1o por toda la planta en casa y transferir aproximadamente el 5% de la misma a la red. Una inversi\u00f3n de futuro, un paso hacia la independencia energ\u00e9tica, una nueva visi\u00f3n de la sostenibilidad que, a trav\u00e9s de un proceso constante de innovaci\u00f3n y eficiencia energ\u00e9tica, contribuye a la reducci\u00f3n significativa del impacto ambiental.<\/p>\n<p>&nbsp;<\/p>\n<p>Consulta nuestra pol\u00edtica energ\u00e9tica<a href=\"https:\/\/chimiver.com\/wp-content\/uploads\/2023\/02\/DOC03-POLITICA-ENERGETICA_IT.pdf\" target=\"_blank\" rel=\"noopener\"><strong> haciendo clic aqu\u00ed<\/strong><\/a><\/p>\n<\/div>\n                                \n            \n        <\/div>\n\n        <!-- Image Col -->\n        <div class=\"col-12 col-lg-5 d-flex align-items-center justify-content-center order-3 \">\n\n            <!-- Image Group -->\n            \n                 <!-- Image (with or without Link) -->\n                                                             <img decoding=\"async\" src=\"https:\/\/chimiver.com\/wp-content\/uploads\/2024\/02\/pannelli-solari.jpg\" alt=\"Azienda-Italiana-Prodotti-Professionali-Sostenibili-Posa-Trattamento-Manutenzione-Pavimenti-Legno-Resina-Resilienti-Decking-WPC-Erba-Sintetica-Progettisti-Chimiver-Efficienza-Energetica-Pannelli-Solari\" class=\"img-fluid\">\n                                    \n            \n        <\/div>\n    <\/div>\n<\/div>\n<\/section>","protected":false},"excerpt":{"rendered":"","protected":false},"author":2,"featured_media":0,"parent":0,"menu_order":64,"comment_status":"closed","ping_status":"closed","template":"","meta":{"_acf_changed":false,"inline_featured_image":false,"footnotes":""},"class_list":["post-21302","page","type-page","status-publish","hentry"],"acf":[],"yoast_head":"<!-- This site is optimized with the Yoast SEO plugin v26.2 - https:\/\/yoast.com\/wordpress\/plugins\/seo\/ -->\n<title>Eficiencia - Certificaciones de sistemas de gesti\u00f3n ISO<\/title>\n<meta name=\"description\" content=\"Visita la secci\u00f3n Eficiencia. Desde 2014, Chimiver ha emprendido un camino hacia la sostenibilidad obteniendo certificaciones relacionadas con los sistemas de Gesti\u00f3n ISO y realizando importantes inversiones en el \u00e1mbito energ\u00e9tico. Descubre m\u00e1s.\" \/>\n<meta name=\"robots\" content=\"index, follow, max-snippet:-1, max-image-preview:large, max-video-preview:-1\" \/>\n<link rel=\"canonical\" href=\"https:\/\/chimiver.com\/es\/eficiencia\/\" \/>\n<meta property=\"og:locale\" content=\"es_ES\" \/>\n<meta property=\"og:type\" content=\"article\" \/>\n<meta property=\"og:title\" content=\"Eficiencia - Certificaciones de sistemas de gesti\u00f3n ISO\" \/>\n<meta property=\"og:description\" content=\"Visita la secci\u00f3n Eficiencia. Desde 2014, Chimiver ha emprendido un camino hacia la sostenibilidad obteniendo certificaciones relacionadas con los sistemas de Gesti\u00f3n ISO y realizando importantes inversiones en el \u00e1mbito energ\u00e9tico. Descubre m\u00e1s.\" \/>\n<meta property=\"og:url\" content=\"https:\/\/chimiver.com\/es\/eficiencia\/\" \/>\n<meta property=\"og:site_name\" content=\"Chimiver\" \/>\n<meta property=\"article:publisher\" content=\"https:\/\/www.facebook.com\/chimiver\" \/>\n<meta property=\"article:modified_time\" content=\"2025-11-27T11:11:42+00:00\" \/>\n<meta property=\"og:image\" content=\"https:\/\/chimiver.com\/wp-content\/uploads\/2022\/06\/Chimiver_500x500.jpg\" \/>\n\t<meta property=\"og:image:width\" content=\"500\" \/>\n\t<meta property=\"og:image:height\" content=\"500\" \/>\n\t<meta property=\"og:image:type\" content=\"image\/jpeg\" \/>\n<meta name=\"twitter:card\" content=\"summary_large_image\" \/>\n<script type=\"application\/ld+json\" class=\"yoast-schema-graph\">{\"@context\":\"https:\/\/schema.org\",\"@graph\":[{\"@type\":\"WebPage\",\"@id\":\"https:\/\/chimiver.com\/es\/eficiencia\/\",\"url\":\"https:\/\/chimiver.com\/es\/eficiencia\/\",\"name\":\"Eficiencia - Certificaciones de sistemas de gesti\u00f3n ISO\",\"isPartOf\":{\"@id\":\"https:\/\/chimiver.com\/es\/#website\"},\"datePublished\":\"2024-01-02T10:13:58+00:00\",\"dateModified\":\"2025-11-27T11:11:42+00:00\",\"description\":\"Visita la secci\u00f3n Eficiencia. Desde 2014, Chimiver ha emprendido un camino hacia la sostenibilidad obteniendo certificaciones relacionadas con los sistemas de Gesti\u00f3n ISO y realizando importantes inversiones en el \u00e1mbito energ\u00e9tico. Descubre m\u00e1s.\",\"breadcrumb\":{\"@id\":\"https:\/\/chimiver.com\/es\/eficiencia\/#breadcrumb\"},\"inLanguage\":\"es\",\"potentialAction\":[{\"@type\":\"ReadAction\",\"target\":[\"https:\/\/chimiver.com\/es\/eficiencia\/\"]}]},{\"@type\":\"BreadcrumbList\",\"@id\":\"https:\/\/chimiver.com\/es\/eficiencia\/#breadcrumb\",\"itemListElement\":[{\"@type\":\"ListItem\",\"position\":1,\"name\":\"Home\",\"item\":\"https:\/\/chimiver.com\/es\/\"},{\"@type\":\"ListItem\",\"position\":2,\"name\":\"Eficiencia\"}]},{\"@type\":\"WebSite\",\"@id\":\"https:\/\/chimiver.com\/es\/#website\",\"url\":\"https:\/\/chimiver.com\/es\/\",\"name\":\"Chimiver, Your floors partner\",\"description\":\"Su partner de pisos\",\"publisher\":{\"@id\":\"https:\/\/chimiver.com\/es\/#organization\"},\"alternateName\":\"Chimiver\",\"potentialAction\":[{\"@type\":\"SearchAction\",\"target\":{\"@type\":\"EntryPoint\",\"urlTemplate\":\"https:\/\/chimiver.com\/es\/?s={search_term_string}\"},\"query-input\":{\"@type\":\"PropertyValueSpecification\",\"valueRequired\":true,\"valueName\":\"search_term_string\"}}],\"inLanguage\":\"es\"},{\"@type\":\"Organization\",\"@id\":\"https:\/\/chimiver.com\/es\/#organization\",\"name\":\"Chimiver\",\"url\":\"https:\/\/chimiver.com\/es\/\",\"logo\":{\"@type\":\"ImageObject\",\"inLanguage\":\"es\",\"@id\":\"https:\/\/chimiver.com\/es\/#\/schema\/logo\/image\/\",\"url\":\"https:\/\/chimiver.com\/wp-content\/uploads\/2022\/06\/Chimiver_500x500.jpg\",\"contentUrl\":\"https:\/\/chimiver.com\/wp-content\/uploads\/2022\/06\/Chimiver_500x500.jpg\",\"width\":500,\"height\":500,\"caption\":\"Chimiver\"},\"image\":{\"@id\":\"https:\/\/chimiver.com\/es\/#\/schema\/logo\/image\/\"},\"sameAs\":[\"https:\/\/www.facebook.com\/chimiver\"]}]}<\/script>\n<!-- \/ Yoast SEO plugin. -->","yoast_head_json":{"title":"Eficiencia - Certificaciones de sistemas de gesti\u00f3n ISO","description":"Visita la secci\u00f3n Eficiencia. Desde 2014, Chimiver ha emprendido un camino hacia la sostenibilidad obteniendo certificaciones relacionadas con los sistemas de Gesti\u00f3n ISO y realizando importantes inversiones en el \u00e1mbito energ\u00e9tico. Descubre m\u00e1s.","robots":{"index":"index","follow":"follow","max-snippet":"max-snippet:-1","max-image-preview":"max-image-preview:large","max-video-preview":"max-video-preview:-1"},"canonical":"https:\/\/chimiver.com\/es\/eficiencia\/","og_locale":"es_ES","og_type":"article","og_title":"Eficiencia - Certificaciones de sistemas de gesti\u00f3n ISO","og_description":"Visita la secci\u00f3n Eficiencia. Desde 2014, Chimiver ha emprendido un camino hacia la sostenibilidad obteniendo certificaciones relacionadas con los sistemas de Gesti\u00f3n ISO y realizando importantes inversiones en el \u00e1mbito energ\u00e9tico. Descubre m\u00e1s.","og_url":"https:\/\/chimiver.com\/es\/eficiencia\/","og_site_name":"Chimiver","article_publisher":"https:\/\/www.facebook.com\/chimiver","article_modified_time":"2025-11-27T11:11:42+00:00","og_image":[{"width":500,"height":500,"url":"https:\/\/chimiver.com\/wp-content\/uploads\/2022\/06\/Chimiver_500x500.jpg","type":"image\/jpeg"}],"twitter_card":"summary_large_image","schema":{"@context":"https:\/\/schema.org","@graph":[{"@type":"WebPage","@id":"https:\/\/chimiver.com\/es\/eficiencia\/","url":"https:\/\/chimiver.com\/es\/eficiencia\/","name":"Eficiencia - Certificaciones de sistemas de gesti\u00f3n ISO","isPartOf":{"@id":"https:\/\/chimiver.com\/es\/#website"},"datePublished":"2024-01-02T10:13:58+00:00","dateModified":"2025-11-27T11:11:42+00:00","description":"Visita la secci\u00f3n Eficiencia. Desde 2014, Chimiver ha emprendido un camino hacia la sostenibilidad obteniendo certificaciones relacionadas con los sistemas de Gesti\u00f3n ISO y realizando importantes inversiones en el \u00e1mbito energ\u00e9tico. Descubre m\u00e1s.","breadcrumb":{"@id":"https:\/\/chimiver.com\/es\/eficiencia\/#breadcrumb"},"inLanguage":"es","potentialAction":[{"@type":"ReadAction","target":["https:\/\/chimiver.com\/es\/eficiencia\/"]}]},{"@type":"BreadcrumbList","@id":"https:\/\/chimiver.com\/es\/eficiencia\/#breadcrumb","itemListElement":[{"@type":"ListItem","position":1,"name":"Home","item":"https:\/\/chimiver.com\/es\/"},{"@type":"ListItem","position":2,"name":"Eficiencia"}]},{"@type":"WebSite","@id":"https:\/\/chimiver.com\/es\/#website","url":"https:\/\/chimiver.com\/es\/","name":"Chimiver, Your floors partner","description":"Su partner de pisos","publisher":{"@id":"https:\/\/chimiver.com\/es\/#organization"},"alternateName":"Chimiver","potentialAction":[{"@type":"SearchAction","target":{"@type":"EntryPoint","urlTemplate":"https:\/\/chimiver.com\/es\/?s={search_term_string}"},"query-input":{"@type":"PropertyValueSpecification","valueRequired":true,"valueName":"search_term_string"}}],"inLanguage":"es"},{"@type":"Organization","@id":"https:\/\/chimiver.com\/es\/#organization","name":"Chimiver","url":"https:\/\/chimiver.com\/es\/","logo":{"@type":"ImageObject","inLanguage":"es","@id":"https:\/\/chimiver.com\/es\/#\/schema\/logo\/image\/","url":"https:\/\/chimiver.com\/wp-content\/uploads\/2022\/06\/Chimiver_500x500.jpg","contentUrl":"https:\/\/chimiver.com\/wp-content\/uploads\/2022\/06\/Chimiver_500x500.jpg","width":500,"height":500,"caption":"Chimiver"},"image":{"@id":"https:\/\/chimiver.com\/es\/#\/schema\/logo\/image\/"},"sameAs":["https:\/\/www.facebook.com\/chimiver"]}]}},"_links":{"self":[{"href":"https:\/\/chimiver.com\/es\/wp-json\/wp\/v2\/pages\/21302","targetHints":{"allow":["GET"]}}],"collection":[{"href":"https:\/\/chimiver.com\/es\/wp-json\/wp\/v2\/pages"}],"about":[{"href":"https:\/\/chimiver.com\/es\/wp-json\/wp\/v2\/types\/page"}],"author":[{"embeddable":true,"href":"https:\/\/chimiver.com\/es\/wp-json\/wp\/v2\/users\/2"}],"replies":[{"embeddable":true,"href":"https:\/\/chimiver.com\/es\/wp-json\/wp\/v2\/comments?post=21302"}],"version-history":[{"count":4,"href":"https:\/\/chimiver.com\/es\/wp-json\/wp\/v2\/pages\/21302\/revisions"}],"predecessor-version":[{"id":23975,"href":"https:\/\/chimiver.com\/es\/wp-json\/wp\/v2\/pages\/21302\/revisions\/23975"}],"wp:attachment":[{"href":"https:\/\/chimiver.com\/es\/wp-json\/wp\/v2\/media?parent=21302"}],"curies":[{"name":"wp","href":"https:\/\/api.w.org\/{rel}","templated":true}]}}