{"id":21314,"date":"2024-02-28T16:53:06","date_gmt":"2024-02-28T15:53:06","guid":{"rendered":"https:\/\/chimiver.com\/persone\/"},"modified":"2024-10-28T11:05:12","modified_gmt":"2024-10-28T10:05:12","slug":"personas","status":"publish","type":"page","link":"https:\/\/chimiver.com\/es\/personas\/","title":{"rendered":"Personas"},"content":{"rendered":"<section id=\"customlink_block-block_4ed831bff4f51f3080c0d6f0de9eedd7\" class=\"text-image-block pubfa-block\" style=\"background-color:#FFFFFF;color:#2E2D2C;text-align:left;padding:45px 0;\">\n<div class=\"container\">\n    <div class=\"row\">\n\n        <!-- Text Col -->\n        <div class=\"col-12 col-lg-7 d-flex flex-column order-2 justify-content-start \">\n\n            <!-- Text Group -->\n            \n                <!-- Title (with or without Link) -->\n                \n                <!-- Content -->\n                                    <div class=\"pubfa-block-text-1\"><h1><strong>Chimiver Las personas<\/strong><\/h1>\n<p>&nbsp;<\/p>\n<p>Las <strong>personas<\/strong> son el verdadero impulsor de la sostenibilidad, ya que sus acciones diarias, su estilo de vida, sus elecciones de consumo y sus comportamientos sociales pueden influir significativamente en el impacto ambiental. La implicaci\u00f3n activa y responsable de la sociedad, combinada con la concienciaci\u00f3n individual, se convierten en herramientas fundamentales para afrontar los retos medioambientales.<\/p>\n<p>La sostenibilidad no es s\u00f3lo una cuesti\u00f3n de recursos e innovaciones t\u00e9cnicas, sino tambi\u00e9n de una profunda <strong>transformaci\u00f3n cultural<\/strong> que ponga en el centro la responsabilidad de cada uno de nosotros. Chimiver Panseri S.p.A. Consciente de la conexi\u00f3n entre las acciones individuales y el impacto global, se convierte en el catalizador de una revoluci\u00f3n silenciosa pero poderosa, que contribuye a dar forma a un mundo m\u00e1s equitativo y saludable.<\/p>\n<\/div>\n                                \n            \n        <\/div>\n\n        <!-- Image Col -->\n        <div class=\"col-12 col-lg-5 d-flex align-items-center justify-content-center order-3 \">\n\n            <!-- Image Group -->\n            \n                 <!-- Image (with or without Link) -->\n                                                             <img decoding=\"async\" src=\"https:\/\/chimiver.com\/wp-content\/uploads\/2024\/02\/benessere.jpg\" alt=\"Azienda-Italiana-Prodotti-Professionali-Sostenibili-Posa-Trattamento-Manutenzione-Pavimenti-Legno-Resina-Resilienti-Decking-WPC-Erba-Sintetica-Privati-Professionisti-Progettisti-Industria-Chimiver-Persone-Welfare\" class=\"img-fluid\">\n                                    \n            \n        <\/div>\n    <\/div>\n<\/div>\n<\/section><section id=\"customlink_block-block_dfb547b74889fe1ede2de60817f1e9ec\" class=\"text-image-block pubfa-block\" style=\"background-color:#FFFFFF;color:#2E2D2C;text-align:left;padding:45px 0;\">\n<div class=\"container\">\n    <div class=\"row\">\n\n        <!-- Text Col -->\n        <div class=\"col-12 col-lg-7 d-flex flex-column order-2 justify-content-start \">\n\n            <!-- Text Group -->\n            \n                <!-- Title (with or without Link) -->\n                \n                <!-- Content -->\n                                    <div class=\"pubfa-block-text-1\"><ul>\n<li>\n<h3><em><strong>BIENESTAR:<\/strong> <\/em><\/h3>\n<\/li>\n<\/ul>\n<p>El bienestar empresarial es el conjunto de beneficios y servicios que proporciona a sus empleados en funci\u00f3n del apoyo a sus ingresos, la mejora de su vida privada y laboral. Chimiver Panseri S.p.A. Desde hace a\u00f1os ofrece a sus colaboradores una contribuci\u00f3n social que puede utilizarse en diversos \u00e1mbitos (ocio, viajes, vales para compras, pensiones complementarias, etc.).<\/p>\n<ul>\n<li>\n<h3><em><strong>COMPARTIR COCHE DE EMPRESA:<\/strong> <\/em><\/h3>\n<\/li>\n<\/ul>\n<p>Los empleados, en r\u00e9gimen de rotaci\u00f3n, tienen acceso a un<strong> coche de empresa 100% el\u00e9ctrico<\/strong> con estaci\u00f3n de carga en el aparcamiento.<\/p>\n<ul>\n<li>\n<h3><em><strong>HORARIO FLEXIBLE:<\/strong><\/em><\/h3>\n<\/li>\n<\/ul>\n<p>A partir de 2022 Chimiver Panseri S.p.A. adopta el horario invernal lo que permite, adem\u00e1s del ahorro energ\u00e9tico, un mayor <strong>bienestar para el empleado<\/strong>. La continuidad del horario laboral permite al personal tener m\u00e1s tiempo libre y reducir los desplazamientos hacia y desde casa. La empresa tambi\u00e9n permite que el personal femenino realice su trabajo con <strong>horarios flexibles<\/strong> en funci\u00f3n de sus necesidades familiares. Finalmente, compatible con el rol de empresa, algunas figuras tienen la posibilidad de realizar<strong>smart working<\/strong>.<\/p>\n<\/div>\n                                \n            \n        <\/div>\n\n        <!-- Image Col -->\n        <div class=\"col-12 col-lg-5 d-flex align-items-center justify-content-center order-1 \">\n\n            <!-- Image Group -->\n            \n                 <!-- Image (with or without Link) -->\n                                                             <img decoding=\"async\" src=\"https:\/\/chimiver.com\/wp-content\/uploads\/2024\/03\/zoe.jpg\" alt=\"Azienda-Italiana-Prodotti-Professionali-Sostenibili-Posa-Trattamento-Manutenzione-Pavimenti-Legno-Resina-Resilienti-Decking-WPC-Erba-Sintetica-Privati-Professionisti-Progettisti-Industria-Chimiver-Auto-100%-Elettrica\" class=\"img-fluid\">\n                                    \n            \n        <\/div>\n    <\/div>\n<\/div>\n<\/section><section id=\"customlink_block-block_d2694a4566896c1246ccd3634944a096\" class=\"text-image-block pubfa-block\" style=\"background-color:#FFFFFF;color:#2E2D2C;text-align:left;padding:45px 0;\">\n<div class=\"container\">\n    <div class=\"row\">\n\n        <!-- Text Col -->\n        <div class=\"col-12 col-lg-7 d-flex flex-column order-2 justify-content-start \">\n\n            <!-- Text Group -->\n            \n                <!-- Title (with or without Link) -->\n                \n                <!-- Content -->\n                                    <div class=\"pubfa-block-text-1\"><ul>\n<li>\n<h3><em><strong>PROGETTO FOR YOU:<\/strong> <\/em><\/h3>\n<\/li>\n<\/ul>\n<p>En el marco de las actividades promovidas en el \u00e1mbito ESG (Environmental, Social, Governance) Chimiver Panseri S.p.A. se enorgullece de haberse unido al programa \u00ab<strong>Progetto Para Ti<\/strong>\u00ab, el proyecto que promueve estilos de vida positivos y genera conciencia en la comunidad sobre la importancia de la<strong> prevenci\u00f3n del c\u00e1ncer de mama<\/strong>. Con el objetivo de ofrecer a todos los empleados un programa de prevenci\u00f3n mamaria de tres a\u00f1os con un cribado anual gratuito, el pasado mes de diciembre tuvo lugar la primera visita a la empresa: un gesto tangible de atenci\u00f3n hacia el bienestar y la salud de sus empleados.<\/p>\n<ul>\n<li>\n<h3><em><strong>GIMNASIO DE EMPRESA:<\/strong> <\/em><\/h3>\n<\/li>\n<\/ul>\n<p>Desde hace a\u00f1os, la empresa ha creado un gimnasio interno que pueden utilizar todos los empleados fuera del horario laboral. Desde enero de 2024, la compa\u00f1\u00eda introduce la figura del <strong>Personal Trainer<\/strong> como beneficio corporativo adicional.<\/p>\n<\/div>\n                                \n            \n        <\/div>\n\n        <!-- Image Col -->\n        <div class=\"col-12 col-lg-5 d-flex align-items-center justify-content-center order-3 \">\n\n            <!-- Image Group -->\n            \n                 <!-- Image (with or without Link) -->\n                                                             <img decoding=\"async\" src=\"https:\/\/chimiver.com\/wp-content\/uploads\/2024\/03\/logo-FOR-YOU.jpg\" alt=\"Azienda-Italiana-Prodotti-Professionali-Sostenibili-Posa-Trattamento-Manutenzione-Pavimenti-Legno-Resina-Resilienti-Decking-WPC-Erba-Sintetica-Privati-Professionisti-Progettisti-Industria-Chimiver-Persone-Progetto-FOR-YOU-Prevenzione-Tumore-Mammella\" class=\"img-fluid\">\n                                    \n            \n        <\/div>\n    <\/div>\n<\/div>\n<\/section>","protected":false},"excerpt":{"rendered":"","protected":false},"author":2,"featured_media":0,"parent":0,"menu_order":4,"comment_status":"closed","ping_status":"closed","template":"","meta":{"_acf_changed":false,"inline_featured_image":false,"footnotes":""},"class_list":["post-21314","page","type-page","status-publish","hentry"],"acf":[],"yoast_head":"<!-- This site is optimized with the Yoast SEO plugin v26.2 - https:\/\/yoast.com\/wordpress\/plugins\/seo\/ -->\n<title>Personas - Chimiver y su compromiso con la sostenibilidad<\/title>\n<meta name=\"description\" content=\"Visita la secci\u00f3n Personas. Las personas son el verdadero impulsor de la sostenibilidad, ya que sus acciones diarias, su estilo de vida, sus elecciones de consumo y sus comportamientos sociales pueden influir significativamente en el impacto ambiental.\" \/>\n<meta name=\"robots\" content=\"index, follow, max-snippet:-1, max-image-preview:large, max-video-preview:-1\" \/>\n<link rel=\"canonical\" href=\"https:\/\/chimiver.com\/es\/personas\/\" \/>\n<meta property=\"og:locale\" content=\"es_ES\" \/>\n<meta property=\"og:type\" content=\"article\" \/>\n<meta property=\"og:title\" content=\"Personas - Chimiver y su compromiso con la sostenibilidad\" \/>\n<meta property=\"og:description\" content=\"Visita la secci\u00f3n Personas. Las personas son el verdadero impulsor de la sostenibilidad, ya que sus acciones diarias, su estilo de vida, sus elecciones de consumo y sus comportamientos sociales pueden influir significativamente en el impacto ambiental.\" \/>\n<meta property=\"og:url\" content=\"https:\/\/chimiver.com\/es\/personas\/\" \/>\n<meta property=\"og:site_name\" content=\"Chimiver\" \/>\n<meta property=\"article:publisher\" content=\"https:\/\/www.facebook.com\/chimiver\" \/>\n<meta property=\"article:modified_time\" content=\"2024-10-28T10:05:12+00:00\" \/>\n<meta property=\"og:image\" content=\"https:\/\/chimiver.com\/wp-content\/uploads\/2022\/06\/Chimiver_500x500.jpg\" \/>\n\t<meta property=\"og:image:width\" content=\"500\" \/>\n\t<meta property=\"og:image:height\" content=\"500\" \/>\n\t<meta property=\"og:image:type\" content=\"image\/jpeg\" \/>\n<meta name=\"twitter:card\" content=\"summary_large_image\" \/>\n<script type=\"application\/ld+json\" class=\"yoast-schema-graph\">{\"@context\":\"https:\/\/schema.org\",\"@graph\":[{\"@type\":\"WebPage\",\"@id\":\"https:\/\/chimiver.com\/es\/personas\/\",\"url\":\"https:\/\/chimiver.com\/es\/personas\/\",\"name\":\"Personas - Chimiver y su compromiso con la sostenibilidad\",\"isPartOf\":{\"@id\":\"https:\/\/chimiver.com\/es\/#website\"},\"datePublished\":\"2024-02-28T15:53:06+00:00\",\"dateModified\":\"2024-10-28T10:05:12+00:00\",\"description\":\"Visita la secci\u00f3n Personas. Las personas son el verdadero impulsor de la sostenibilidad, ya que sus acciones diarias, su estilo de vida, sus elecciones de consumo y sus comportamientos sociales pueden influir significativamente en el impacto ambiental.\",\"breadcrumb\":{\"@id\":\"https:\/\/chimiver.com\/es\/personas\/#breadcrumb\"},\"inLanguage\":\"es\",\"potentialAction\":[{\"@type\":\"ReadAction\",\"target\":[\"https:\/\/chimiver.com\/es\/personas\/\"]}]},{\"@type\":\"BreadcrumbList\",\"@id\":\"https:\/\/chimiver.com\/es\/personas\/#breadcrumb\",\"itemListElement\":[{\"@type\":\"ListItem\",\"position\":1,\"name\":\"Home\",\"item\":\"https:\/\/chimiver.com\/es\/\"},{\"@type\":\"ListItem\",\"position\":2,\"name\":\"Personas\"}]},{\"@type\":\"WebSite\",\"@id\":\"https:\/\/chimiver.com\/es\/#website\",\"url\":\"https:\/\/chimiver.com\/es\/\",\"name\":\"Chimiver, Your floors partner\",\"description\":\"Su partner de pisos\",\"publisher\":{\"@id\":\"https:\/\/chimiver.com\/es\/#organization\"},\"alternateName\":\"Chimiver\",\"potentialAction\":[{\"@type\":\"SearchAction\",\"target\":{\"@type\":\"EntryPoint\",\"urlTemplate\":\"https:\/\/chimiver.com\/es\/?s={search_term_string}\"},\"query-input\":{\"@type\":\"PropertyValueSpecification\",\"valueRequired\":true,\"valueName\":\"search_term_string\"}}],\"inLanguage\":\"es\"},{\"@type\":\"Organization\",\"@id\":\"https:\/\/chimiver.com\/es\/#organization\",\"name\":\"Chimiver\",\"url\":\"https:\/\/chimiver.com\/es\/\",\"logo\":{\"@type\":\"ImageObject\",\"inLanguage\":\"es\",\"@id\":\"https:\/\/chimiver.com\/es\/#\/schema\/logo\/image\/\",\"url\":\"https:\/\/chimiver.com\/wp-content\/uploads\/2022\/06\/Chimiver_500x500.jpg\",\"contentUrl\":\"https:\/\/chimiver.com\/wp-content\/uploads\/2022\/06\/Chimiver_500x500.jpg\",\"width\":500,\"height\":500,\"caption\":\"Chimiver\"},\"image\":{\"@id\":\"https:\/\/chimiver.com\/es\/#\/schema\/logo\/image\/\"},\"sameAs\":[\"https:\/\/www.facebook.com\/chimiver\"]}]}<\/script>\n<!-- \/ Yoast SEO plugin. -->","yoast_head_json":{"title":"Personas - Chimiver y su compromiso con la sostenibilidad","description":"Visita la secci\u00f3n Personas. Las personas son el verdadero impulsor de la sostenibilidad, ya que sus acciones diarias, su estilo de vida, sus elecciones de consumo y sus comportamientos sociales pueden influir significativamente en el impacto ambiental.","robots":{"index":"index","follow":"follow","max-snippet":"max-snippet:-1","max-image-preview":"max-image-preview:large","max-video-preview":"max-video-preview:-1"},"canonical":"https:\/\/chimiver.com\/es\/personas\/","og_locale":"es_ES","og_type":"article","og_title":"Personas - Chimiver y su compromiso con la sostenibilidad","og_description":"Visita la secci\u00f3n Personas. Las personas son el verdadero impulsor de la sostenibilidad, ya que sus acciones diarias, su estilo de vida, sus elecciones de consumo y sus comportamientos sociales pueden influir significativamente en el impacto ambiental.","og_url":"https:\/\/chimiver.com\/es\/personas\/","og_site_name":"Chimiver","article_publisher":"https:\/\/www.facebook.com\/chimiver","article_modified_time":"2024-10-28T10:05:12+00:00","og_image":[{"width":500,"height":500,"url":"https:\/\/chimiver.com\/wp-content\/uploads\/2022\/06\/Chimiver_500x500.jpg","type":"image\/jpeg"}],"twitter_card":"summary_large_image","schema":{"@context":"https:\/\/schema.org","@graph":[{"@type":"WebPage","@id":"https:\/\/chimiver.com\/es\/personas\/","url":"https:\/\/chimiver.com\/es\/personas\/","name":"Personas - Chimiver y su compromiso con la sostenibilidad","isPartOf":{"@id":"https:\/\/chimiver.com\/es\/#website"},"datePublished":"2024-02-28T15:53:06+00:00","dateModified":"2024-10-28T10:05:12+00:00","description":"Visita la secci\u00f3n Personas. Las personas son el verdadero impulsor de la sostenibilidad, ya que sus acciones diarias, su estilo de vida, sus elecciones de consumo y sus comportamientos sociales pueden influir significativamente en el impacto ambiental.","breadcrumb":{"@id":"https:\/\/chimiver.com\/es\/personas\/#breadcrumb"},"inLanguage":"es","potentialAction":[{"@type":"ReadAction","target":["https:\/\/chimiver.com\/es\/personas\/"]}]},{"@type":"BreadcrumbList","@id":"https:\/\/chimiver.com\/es\/personas\/#breadcrumb","itemListElement":[{"@type":"ListItem","position":1,"name":"Home","item":"https:\/\/chimiver.com\/es\/"},{"@type":"ListItem","position":2,"name":"Personas"}]},{"@type":"WebSite","@id":"https:\/\/chimiver.com\/es\/#website","url":"https:\/\/chimiver.com\/es\/","name":"Chimiver, Your floors partner","description":"Su partner de pisos","publisher":{"@id":"https:\/\/chimiver.com\/es\/#organization"},"alternateName":"Chimiver","potentialAction":[{"@type":"SearchAction","target":{"@type":"EntryPoint","urlTemplate":"https:\/\/chimiver.com\/es\/?s={search_term_string}"},"query-input":{"@type":"PropertyValueSpecification","valueRequired":true,"valueName":"search_term_string"}}],"inLanguage":"es"},{"@type":"Organization","@id":"https:\/\/chimiver.com\/es\/#organization","name":"Chimiver","url":"https:\/\/chimiver.com\/es\/","logo":{"@type":"ImageObject","inLanguage":"es","@id":"https:\/\/chimiver.com\/es\/#\/schema\/logo\/image\/","url":"https:\/\/chimiver.com\/wp-content\/uploads\/2022\/06\/Chimiver_500x500.jpg","contentUrl":"https:\/\/chimiver.com\/wp-content\/uploads\/2022\/06\/Chimiver_500x500.jpg","width":500,"height":500,"caption":"Chimiver"},"image":{"@id":"https:\/\/chimiver.com\/es\/#\/schema\/logo\/image\/"},"sameAs":["https:\/\/www.facebook.com\/chimiver"]}]}},"_links":{"self":[{"href":"https:\/\/chimiver.com\/es\/wp-json\/wp\/v2\/pages\/21314","targetHints":{"allow":["GET"]}}],"collection":[{"href":"https:\/\/chimiver.com\/es\/wp-json\/wp\/v2\/pages"}],"about":[{"href":"https:\/\/chimiver.com\/es\/wp-json\/wp\/v2\/types\/page"}],"author":[{"embeddable":true,"href":"https:\/\/chimiver.com\/es\/wp-json\/wp\/v2\/users\/2"}],"replies":[{"embeddable":true,"href":"https:\/\/chimiver.com\/es\/wp-json\/wp\/v2\/comments?post=21314"}],"version-history":[{"count":1,"href":"https:\/\/chimiver.com\/es\/wp-json\/wp\/v2\/pages\/21314\/revisions"}],"predecessor-version":[{"id":21316,"href":"https:\/\/chimiver.com\/es\/wp-json\/wp\/v2\/pages\/21314\/revisions\/21316"}],"wp:attachment":[{"href":"https:\/\/chimiver.com\/es\/wp-json\/wp\/v2\/media?parent=21314"}],"curies":[{"name":"wp","href":"https:\/\/api.w.org\/{rel}","templated":true}]}}