{"id":21320,"date":"2024-01-15T16:31:41","date_gmt":"2024-01-15T15:31:41","guid":{"rendered":"https:\/\/chimiver.com\/rd-ecodesign\/"},"modified":"2024-10-28T11:35:12","modified_gmt":"2024-10-28T10:35:12","slug":"rd-ecodesign","status":"publish","type":"page","link":"https:\/\/chimiver.com\/es\/rd-ecodesign\/","title":{"rendered":"R&#038;D \/ Ecodesign"},"content":{"rendered":"<section id=\"customlink_block-block_a153ad15544a67a2e20d8959b872a96c\" class=\"text-image-block pubfa-block\" style=\"background-color:#FFFFFF;color:#2E2D2C;text-align:left;padding:45px 0;\">\n<div class=\"container\">\n    <div class=\"row\">\n\n        <!-- Text Col -->\n        <div class=\"col-12 col-lg-7 d-flex flex-column order-2 justify-content-start \">\n\n            <!-- Text Group -->\n            \n                <!-- Title (with or without Link) -->\n                \n                <!-- Content -->\n                                    <div class=\"pubfa-block-text-1\"><h1><strong>Ecodise\u00f1o e Investigaci\u00f3n y Desarrollo<\/strong><\/h1>\n<p>En un contexto en el que la sensibilidad hacia el medio ambiente aumenta continuamente, <strong>Chimiver Panseri S.p.A.<\/strong> se compromete a dise\u00f1ar <strong>productos innovadores<\/strong> que no s\u00f3lo satisfagan las necesidades del consumidor, sino que tambi\u00e9n sean respetuosos con el medio ambiente. Por este motivo hemos introducido en nuestra empresa el concepto de <strong>\u00abEcodise\u00f1o\u00bb o dise\u00f1o ecocompatible<\/strong>.<\/p>\n<p>&nbsp;<\/p>\n<p>Esta nueva representaci\u00f3n de la <strong>investigaci\u00f3n y el desarrollo<\/strong> es un nuevo modelo de negocio que implica la integraci\u00f3n de las evaluaciones ambientales dentro del <strong>proceso de desarrollo de productos<\/strong>, con el objetivo de dise\u00f1ar productos con el m\u00ednimo impacto ambiental durante todo su ciclo de vida.<\/p>\n<\/div>\n                                \n            \n        <\/div>\n\n        <!-- Image Col -->\n        <div class=\"col-12 col-lg-5 d-flex align-items-center justify-content-center order-3 \">\n\n            <!-- Image Group -->\n            \n                 <!-- Image (with or without Link) -->\n                                                             <img decoding=\"async\" src=\"https:\/\/chimiver.com\/wp-content\/uploads\/2024\/02\/ecodesign.jpg\" alt=\"Azienda-Italiana-Prodotti-Professionali-Sostenibili-Posa-Trattamento-Manutenzione-Pavimenti-Legno-Parquet-Resina-Resilienti-Decking-WPC-Erba-Sintetica-Progettisti-Chimiver-Ecodesign\" class=\"img-fluid\">\n                                    \n            \n        <\/div>\n    <\/div>\n<\/div>\n<\/section><section id=\"customlink_block-block_91fa5e4ee69b2752b517753f09a1526e\" class=\"text-image-block pubfa-block\" style=\"background-color:#FFFFFF;color:#2E2D2C;text-align:left;padding:45px 0;\">\n<div class=\"container\">\n    <div class=\"row\">\n\n        <!-- Text Col -->\n        <div class=\"col-12 col-lg-7 d-flex flex-column order-2 justify-content-start \">\n\n            <!-- Text Group -->\n            \n                <!-- Title (with or without Link) -->\n                \n                <!-- Content -->\n                                    <div class=\"pubfa-block-text-1\"><h2><strong>Green Deal europeo<\/strong><\/h2>\n<p>La Comisi\u00f3n Europea tambi\u00e9n ha presentado un paquete de propuestas en el Green Deal europeo, formuladas con el objetivo de promover productos sostenibles, modelos de negocio circulares y la transici\u00f3n ecol\u00f3gica. Este plan, en l\u00ednea con el Plan de Acci\u00f3n de Econom\u00eda Circular, incluye varias propuestas, entre ellas:<\/p>\n<ol>\n<li><strong>Implantaci\u00f3n de nuevas regulaciones<\/strong> para hacer que todos los bienes f\u00edsicos disponibles en el mercado de la Uni\u00f3n Europea sean m\u00e1s ecol\u00f3gicos, circulares y energ\u00e9ticamente eficientes durante todo su ciclo de vida. Estas reglas van desde la fase de dise\u00f1o, pasando por el uso diario, pasando por el cambio de destino y la gesti\u00f3n del final de su vida \u00fatil.<\/li>\n<li><strong>Introducci\u00f3n de una nueva estrategia<\/strong> para dar mayor durabilidad, confiabilidad, reparabilidad, reutilizaci\u00f3n y reciclabilidad a los productos.<\/li>\n<li><strong>Promoci\u00f3n del mercado interior de productos,<\/strong> con el fin de contribuir a la consecuci\u00f3n de los objetivos clim\u00e1ticos y de sostenibilidad.<\/li>\n<li><strong>Implantaci\u00f3n de nuevas regulaciones que responsabilicen a los consumidores<\/strong>, garantiz\u00e1ndoles una mejor informaci\u00f3n sobre la sostenibilidad ambiental de los productos y protegi\u00e9ndolos del \u00ab<em>greenwashing<\/em>\u00ab.<\/li>\n<\/ol>\n<\/div>\n                                \n            \n        <\/div>\n\n        <!-- Image Col -->\n        <div class=\"col-12 col-lg-5 d-flex align-items-center justify-content-center order-1 \">\n\n            <!-- Image Group -->\n            \n                 <!-- Image (with or without Link) -->\n                                                             <img decoding=\"async\" src=\"https:\/\/chimiver.com\/wp-content\/uploads\/2024\/02\/mondo-360.jpg\" alt=\"Azienda-Italiana-Prodotti-Professionali-Sostenibili-Posa-Trattamento-Manutenzione-Pavimenti-Legno-Parquet-Resina-Resilienti-Decking-WPC-Erba-Sintetica-Progettisti-Chimiver-Mondo-360\" class=\"img-fluid\">\n                                    \n            \n        <\/div>\n    <\/div>\n<\/div>\n<\/section><section id=\"customlink_block-block_439fa9a75ec62311611a6161cc290762\" class=\"text-icon-block pubfa-block\" style=\"background-color:#FFFFFF;color:#2E2D2C;text-align:center;\">\n    <div class=\"container\">\n        <div class=\"d-flex flex-column justify-content-center \">\n\n            <!-- Image Group -->\n            \n                 <!-- Image (with or without Link) -->\n                 \n            \n            <!-- Text Group -->\n            \n                <!-- Title (with or without Link) -->\n                \n                <!-- Content -->\n                                    <div class=\"pubfa-block-text-1\"><h3>La sostenibilidad ya no ser\u00e1 una elecci\u00f3n voluntaria sino que se convertir\u00e1 en un principio rector obligatorio en las decisiones corporativas que no s\u00f3lo permita el sustento a largo plazo de la empresa, sino que tambi\u00e9n est\u00e9 atento al medio ambiente, al bienestar social y a una gobernanza con visi\u00f3n de futuro.<\/h3>\n<\/div>\n                                \n            \n        <\/div>\n    <\/div>\n<\/section>","protected":false},"excerpt":{"rendered":"","protected":false},"author":2,"featured_media":0,"parent":0,"menu_order":13,"comment_status":"closed","ping_status":"closed","template":"","meta":{"_acf_changed":false,"inline_featured_image":false,"footnotes":""},"class_list":["post-21320","page","type-page","status-publish","hentry"],"acf":[],"yoast_head":"<!-- This site is optimized with the Yoast SEO plugin v26.2 - https:\/\/yoast.com\/wordpress\/plugins\/seo\/ -->\n<title>R&amp;D \/ Ecodesign - Productos innovadores y dise\u00f1o ecol\u00f3gico<\/title>\n<meta name=\"description\" content=\"Visita la secci\u00f3n R&amp;D \/ Ecodesign. Chimiver se compromete a dise\u00f1ar productos innovadores que respondan a las necesidades de los consumidores y que sean respetuosos con el medio ambiente. Por esta raz\u00f3n, se introduce el concepto de \u201cEcodise\u00f1o\u201d o dise\u00f1o ecol\u00f3gico.\" \/>\n<meta name=\"robots\" content=\"index, follow, max-snippet:-1, max-image-preview:large, max-video-preview:-1\" \/>\n<link rel=\"canonical\" href=\"https:\/\/chimiver.com\/es\/rd-ecodesign\/\" \/>\n<meta property=\"og:locale\" content=\"es_ES\" \/>\n<meta property=\"og:type\" content=\"article\" \/>\n<meta property=\"og:title\" content=\"R&amp;D \/ Ecodesign - Productos innovadores y dise\u00f1o ecol\u00f3gico\" \/>\n<meta property=\"og:description\" content=\"Visita la secci\u00f3n R&amp;D \/ Ecodesign. Chimiver se compromete a dise\u00f1ar productos innovadores que respondan a las necesidades de los consumidores y que sean respetuosos con el medio ambiente. Por esta raz\u00f3n, se introduce el concepto de \u201cEcodise\u00f1o\u201d o dise\u00f1o ecol\u00f3gico.\" \/>\n<meta property=\"og:url\" content=\"https:\/\/chimiver.com\/es\/rd-ecodesign\/\" \/>\n<meta property=\"og:site_name\" content=\"Chimiver\" \/>\n<meta property=\"article:publisher\" content=\"https:\/\/www.facebook.com\/chimiver\" \/>\n<meta property=\"article:modified_time\" content=\"2024-10-28T10:35:12+00:00\" \/>\n<meta property=\"og:image\" content=\"https:\/\/chimiver.com\/wp-content\/uploads\/2022\/06\/Chimiver_500x500.jpg\" \/>\n\t<meta property=\"og:image:width\" content=\"500\" \/>\n\t<meta property=\"og:image:height\" content=\"500\" \/>\n\t<meta property=\"og:image:type\" content=\"image\/jpeg\" \/>\n<meta name=\"twitter:card\" content=\"summary_large_image\" \/>\n<script type=\"application\/ld+json\" class=\"yoast-schema-graph\">{\"@context\":\"https:\/\/schema.org\",\"@graph\":[{\"@type\":\"WebPage\",\"@id\":\"https:\/\/chimiver.com\/es\/rd-ecodesign\/\",\"url\":\"https:\/\/chimiver.com\/es\/rd-ecodesign\/\",\"name\":\"R&D \/ Ecodesign - Productos innovadores y dise\u00f1o ecol\u00f3gico\",\"isPartOf\":{\"@id\":\"https:\/\/chimiver.com\/es\/#website\"},\"datePublished\":\"2024-01-15T15:31:41+00:00\",\"dateModified\":\"2024-10-28T10:35:12+00:00\",\"description\":\"Visita la secci\u00f3n R&D \/ Ecodesign. Chimiver se compromete a dise\u00f1ar productos innovadores que respondan a las necesidades de los consumidores y que sean respetuosos con el medio ambiente. Por esta raz\u00f3n, se introduce el concepto de \u201cEcodise\u00f1o\u201d o dise\u00f1o ecol\u00f3gico.\",\"breadcrumb\":{\"@id\":\"https:\/\/chimiver.com\/es\/rd-ecodesign\/#breadcrumb\"},\"inLanguage\":\"es\",\"potentialAction\":[{\"@type\":\"ReadAction\",\"target\":[\"https:\/\/chimiver.com\/es\/rd-ecodesign\/\"]}]},{\"@type\":\"BreadcrumbList\",\"@id\":\"https:\/\/chimiver.com\/es\/rd-ecodesign\/#breadcrumb\",\"itemListElement\":[{\"@type\":\"ListItem\",\"position\":1,\"name\":\"Home\",\"item\":\"https:\/\/chimiver.com\/es\/\"},{\"@type\":\"ListItem\",\"position\":2,\"name\":\"R&#038;D \/ Ecodesign\"}]},{\"@type\":\"WebSite\",\"@id\":\"https:\/\/chimiver.com\/es\/#website\",\"url\":\"https:\/\/chimiver.com\/es\/\",\"name\":\"Chimiver, Your floors partner\",\"description\":\"Su partner de pisos\",\"publisher\":{\"@id\":\"https:\/\/chimiver.com\/es\/#organization\"},\"alternateName\":\"Chimiver\",\"potentialAction\":[{\"@type\":\"SearchAction\",\"target\":{\"@type\":\"EntryPoint\",\"urlTemplate\":\"https:\/\/chimiver.com\/es\/?s={search_term_string}\"},\"query-input\":{\"@type\":\"PropertyValueSpecification\",\"valueRequired\":true,\"valueName\":\"search_term_string\"}}],\"inLanguage\":\"es\"},{\"@type\":\"Organization\",\"@id\":\"https:\/\/chimiver.com\/es\/#organization\",\"name\":\"Chimiver\",\"url\":\"https:\/\/chimiver.com\/es\/\",\"logo\":{\"@type\":\"ImageObject\",\"inLanguage\":\"es\",\"@id\":\"https:\/\/chimiver.com\/es\/#\/schema\/logo\/image\/\",\"url\":\"https:\/\/chimiver.com\/wp-content\/uploads\/2022\/06\/Chimiver_500x500.jpg\",\"contentUrl\":\"https:\/\/chimiver.com\/wp-content\/uploads\/2022\/06\/Chimiver_500x500.jpg\",\"width\":500,\"height\":500,\"caption\":\"Chimiver\"},\"image\":{\"@id\":\"https:\/\/chimiver.com\/es\/#\/schema\/logo\/image\/\"},\"sameAs\":[\"https:\/\/www.facebook.com\/chimiver\"]}]}<\/script>\n<!-- \/ Yoast SEO plugin. -->","yoast_head_json":{"title":"R&D \/ Ecodesign - Productos innovadores y dise\u00f1o ecol\u00f3gico","description":"Visita la secci\u00f3n R&D \/ Ecodesign. Chimiver se compromete a dise\u00f1ar productos innovadores que respondan a las necesidades de los consumidores y que sean respetuosos con el medio ambiente. Por esta raz\u00f3n, se introduce el concepto de \u201cEcodise\u00f1o\u201d o dise\u00f1o ecol\u00f3gico.","robots":{"index":"index","follow":"follow","max-snippet":"max-snippet:-1","max-image-preview":"max-image-preview:large","max-video-preview":"max-video-preview:-1"},"canonical":"https:\/\/chimiver.com\/es\/rd-ecodesign\/","og_locale":"es_ES","og_type":"article","og_title":"R&D \/ Ecodesign - Productos innovadores y dise\u00f1o ecol\u00f3gico","og_description":"Visita la secci\u00f3n R&D \/ Ecodesign. Chimiver se compromete a dise\u00f1ar productos innovadores que respondan a las necesidades de los consumidores y que sean respetuosos con el medio ambiente. Por esta raz\u00f3n, se introduce el concepto de \u201cEcodise\u00f1o\u201d o dise\u00f1o ecol\u00f3gico.","og_url":"https:\/\/chimiver.com\/es\/rd-ecodesign\/","og_site_name":"Chimiver","article_publisher":"https:\/\/www.facebook.com\/chimiver","article_modified_time":"2024-10-28T10:35:12+00:00","og_image":[{"width":500,"height":500,"url":"https:\/\/chimiver.com\/wp-content\/uploads\/2022\/06\/Chimiver_500x500.jpg","type":"image\/jpeg"}],"twitter_card":"summary_large_image","schema":{"@context":"https:\/\/schema.org","@graph":[{"@type":"WebPage","@id":"https:\/\/chimiver.com\/es\/rd-ecodesign\/","url":"https:\/\/chimiver.com\/es\/rd-ecodesign\/","name":"R&D \/ Ecodesign - Productos innovadores y dise\u00f1o ecol\u00f3gico","isPartOf":{"@id":"https:\/\/chimiver.com\/es\/#website"},"datePublished":"2024-01-15T15:31:41+00:00","dateModified":"2024-10-28T10:35:12+00:00","description":"Visita la secci\u00f3n R&D \/ Ecodesign. Chimiver se compromete a dise\u00f1ar productos innovadores que respondan a las necesidades de los consumidores y que sean respetuosos con el medio ambiente. Por esta raz\u00f3n, se introduce el concepto de \u201cEcodise\u00f1o\u201d o dise\u00f1o ecol\u00f3gico.","breadcrumb":{"@id":"https:\/\/chimiver.com\/es\/rd-ecodesign\/#breadcrumb"},"inLanguage":"es","potentialAction":[{"@type":"ReadAction","target":["https:\/\/chimiver.com\/es\/rd-ecodesign\/"]}]},{"@type":"BreadcrumbList","@id":"https:\/\/chimiver.com\/es\/rd-ecodesign\/#breadcrumb","itemListElement":[{"@type":"ListItem","position":1,"name":"Home","item":"https:\/\/chimiver.com\/es\/"},{"@type":"ListItem","position":2,"name":"R&#038;D \/ Ecodesign"}]},{"@type":"WebSite","@id":"https:\/\/chimiver.com\/es\/#website","url":"https:\/\/chimiver.com\/es\/","name":"Chimiver, Your floors partner","description":"Su partner de pisos","publisher":{"@id":"https:\/\/chimiver.com\/es\/#organization"},"alternateName":"Chimiver","potentialAction":[{"@type":"SearchAction","target":{"@type":"EntryPoint","urlTemplate":"https:\/\/chimiver.com\/es\/?s={search_term_string}"},"query-input":{"@type":"PropertyValueSpecification","valueRequired":true,"valueName":"search_term_string"}}],"inLanguage":"es"},{"@type":"Organization","@id":"https:\/\/chimiver.com\/es\/#organization","name":"Chimiver","url":"https:\/\/chimiver.com\/es\/","logo":{"@type":"ImageObject","inLanguage":"es","@id":"https:\/\/chimiver.com\/es\/#\/schema\/logo\/image\/","url":"https:\/\/chimiver.com\/wp-content\/uploads\/2022\/06\/Chimiver_500x500.jpg","contentUrl":"https:\/\/chimiver.com\/wp-content\/uploads\/2022\/06\/Chimiver_500x500.jpg","width":500,"height":500,"caption":"Chimiver"},"image":{"@id":"https:\/\/chimiver.com\/es\/#\/schema\/logo\/image\/"},"sameAs":["https:\/\/www.facebook.com\/chimiver"]}]}},"_links":{"self":[{"href":"https:\/\/chimiver.com\/es\/wp-json\/wp\/v2\/pages\/21320","targetHints":{"allow":["GET"]}}],"collection":[{"href":"https:\/\/chimiver.com\/es\/wp-json\/wp\/v2\/pages"}],"about":[{"href":"https:\/\/chimiver.com\/es\/wp-json\/wp\/v2\/types\/page"}],"author":[{"embeddable":true,"href":"https:\/\/chimiver.com\/es\/wp-json\/wp\/v2\/users\/2"}],"replies":[{"embeddable":true,"href":"https:\/\/chimiver.com\/es\/wp-json\/wp\/v2\/comments?post=21320"}],"version-history":[{"count":2,"href":"https:\/\/chimiver.com\/es\/wp-json\/wp\/v2\/pages\/21320\/revisions"}],"predecessor-version":[{"id":21323,"href":"https:\/\/chimiver.com\/es\/wp-json\/wp\/v2\/pages\/21320\/revisions\/21323"}],"wp:attachment":[{"href":"https:\/\/chimiver.com\/es\/wp-json\/wp\/v2\/media?parent=21320"}],"curies":[{"name":"wp","href":"https:\/\/api.w.org\/{rel}","templated":true}]}}