{"id":21325,"date":"2024-01-09T16:26:57","date_gmt":"2024-01-09T15:26:57","guid":{"rendered":"https:\/\/chimiver.com\/sostenibilita-certificazioni\/"},"modified":"2024-10-28T11:43:16","modified_gmt":"2024-10-28T10:43:16","slug":"sostenibilidad-certificaciones","status":"publish","type":"page","link":"https:\/\/chimiver.com\/es\/sostenibilidad-certificaciones\/","title":{"rendered":"Certificaciones"},"content":{"rendered":"<section id=\"customlink_block-block_fc4035630e5cf7b4d8cfbd7dc2ff5059\" class=\"text-image-block pubfa-block\" style=\"background-color:#FFFFFF;color:#2E2D2C;text-align:left;padding:45px 0;\">\n<div class=\"container\">\n    <div class=\"row\">\n\n        <!-- Text Col -->\n        <div class=\"col-12 col-lg-7 d-flex flex-column order-2 justify-content-start \">\n\n            <!-- Text Group -->\n            \n                <!-- Title (with or without Link) -->\n                \n                <!-- Content -->\n                                    <div class=\"pubfa-block-text-1\"><h2><strong>Certificaciones de productos<\/strong><\/h2>\n<p>Las <strong>certificaciones de productos<\/strong> juegan un papel crucial en el \u00e1mbito comercial e industrial, ofreciendo una serie de ventajas tanto para las empresas como para los consumidores. Proporcionan una <strong>garant\u00eda de cumplimiento de los requisitos especificados en los est\u00e1ndares de la industria<\/strong>, asegurando que los productos sean elaborados de acuerdo con los est\u00e1ndares y criterios de calidad establecidos, agregando un valor que perdura en el tiempo.<\/p>\n<p><strong>Chimiver Panseri S.p.A.<\/strong> siempre ha sido un socio confiable que representa un punto de referencia para la elecci\u00f3n de productos seguros y que cumplan con los est\u00e1ndares deseados, ayudando as\u00ed a orientar las decisiones de compra de manera consciente e informada. En el contexto de la din\u00e1mica evoluci\u00f3n del mercado y la creciente conciencia medioambiental de los consumidores, nuestra empresa se compromete no s\u00f3lo a proporcionar certificaciones de <strong>productos de alta calidad<\/strong>, sino tambi\u00e9n a integrar <strong>soluciones orientadas a la sostenibilidad<\/strong>.<\/p>\n<\/div>\n                                \n            \n        <\/div>\n\n        <!-- Image Col -->\n        <div class=\"col-12 col-lg-5 d-flex align-items-center justify-content-center order-3 \">\n\n            <!-- Image Group -->\n            \n                 <!-- Image (with or without Link) -->\n                                                             <img decoding=\"async\" src=\"https:\/\/chimiver.com\/wp-content\/uploads\/2024\/02\/certificazione_stretta-mano.jpg\" alt=\"Azienda-Italiana-Prodotti-Professionali-Sostenibili-Posa-Trattamento-Manutenzione-Pavimenti-Legno-Parquet-Resina-Resilienti-Decking-WPC-Erba-Sintetica-Progettisti-Chimiver-Certificazioni-Controllo-Qualit\u00e0-Fiducia-Partner\" class=\"img-fluid\">\n                                    \n            \n        <\/div>\n    <\/div>\n<\/div>\n<\/section><section id=\"customlink_block-block_ac7691f519f150e4abc9ed212c294690\" class=\"text-image-block pubfa-block\" style=\"background-color:#FFFFFF;color:#2E2D2C;text-align:left;padding:45px 0;\">\n<div class=\"container\">\n    <div class=\"row\">\n\n        <!-- Text Col -->\n        <div class=\"col-12 col-lg-7 d-flex flex-column order-2 justify-content-start \">\n\n            <!-- Text Group -->\n            \n                <!-- Title (with or without Link) -->\n                \n                <!-- Content -->\n                                    <div class=\"pubfa-block-text-1\"><h1><strong>S-CARD (Tarjeta de Sostenibilidad)<\/strong><\/h1>\n<p>Por eso decidimos integrar la <strong>S-CARD (Tarjeta de Sostenibilidad)<\/strong> para cada producto, un valioso recurso resumido para garantizar una visi\u00f3n completa y detallada de las certificaciones, informaci\u00f3n clave sobre el producto y su embalaje.<\/p>\n<p>Esto demuestra nuestro compromiso continuo con la sostenibilidad, ofreciendo a empresas, clientes y consumidores soluciones ecol\u00f3gicas sin comprometer la calidad del producto.<\/p>\n<\/div>\n                                \n            \n        <\/div>\n\n        <!-- Image Col -->\n        <div class=\"col-12 col-lg-5 d-flex align-items-center justify-content-center order-1 \">\n\n            <!-- Image Group -->\n            \n                 <!-- Image (with or without Link) -->\n                                                             <img decoding=\"async\" src=\"https:\/\/chimiver.com\/wp-content\/uploads\/2024\/02\/S-card.jpg\" alt=\"Azienda-Italiana-Prodotti-Professionali-Sostenibili-Posa-Trattamento-Manutenzione-Pavimenti-Legno-Resina-Resilienti-Decking-WPC-Erba-Sintetica-Progettisti-Chimiver-Appalti-Pubblici-S-Card-Example\" class=\"img-fluid\">\n                                    \n            \n        <\/div>\n    <\/div>\n<\/div>\n<\/section><section id=\"customlink_block-block_795201c44ab96a7baa29f18c3c65b982\" class=\"text-image-block pubfa-block\" style=\"background-color:#FFFFFF;color:#2E2D2C;text-align:left;padding:45px 0;\">\n<div class=\"container\">\n    <div class=\"row\">\n\n        <!-- Text Col -->\n        <div class=\"col-12 col-lg-7 d-flex flex-column order-2 justify-content-start \">\n\n            <!-- Text Group -->\n            \n                <!-- Title (with or without Link) -->\n                \n                <!-- Content -->\n                                \n            \n        <\/div>\n\n        <!-- Image Col -->\n        <div class=\"col-12 col-lg-5 d-flex align-items-center justify-content-center order-3 \">\n\n            <!-- Image Group -->\n            \n                 <!-- Image (with or without Link) -->\n                 \n            \n        <\/div>\n    <\/div>\n<\/div>\n<\/section>","protected":false},"excerpt":{"rendered":"","protected":false},"author":2,"featured_media":0,"parent":0,"menu_order":23,"comment_status":"closed","ping_status":"closed","template":"","meta":{"_acf_changed":false,"inline_featured_image":false,"footnotes":""},"class_list":["post-21325","page","type-page","status-publish","hentry"],"acf":[],"yoast_head":"<!-- This site is optimized with the Yoast SEO plugin v26.2 - https:\/\/yoast.com\/wordpress\/plugins\/seo\/ -->\n<title>Certificaciones - Certificaciones de productos &amp; S-Card<\/title>\n<meta name=\"description\" content=\"Visita la secci\u00f3n Certificaciones. Chimiver es una empresa atenta al mercado y a las necesidades de sus clientes, por lo que est\u00e1 ampliando su cartera de certificaciones de producto.\" \/>\n<meta name=\"robots\" content=\"index, follow, max-snippet:-1, max-image-preview:large, max-video-preview:-1\" \/>\n<link rel=\"canonical\" href=\"https:\/\/chimiver.com\/es\/sostenibilidad-certificaciones\/\" \/>\n<meta property=\"og:locale\" content=\"es_ES\" \/>\n<meta property=\"og:type\" content=\"article\" \/>\n<meta property=\"og:title\" content=\"Certificaciones - Certificaciones de productos &amp; S-Card\" \/>\n<meta property=\"og:description\" content=\"Visita la secci\u00f3n Certificaciones. Chimiver es una empresa atenta al mercado y a las necesidades de sus clientes, por lo que est\u00e1 ampliando su cartera de certificaciones de producto.\" \/>\n<meta property=\"og:url\" content=\"https:\/\/chimiver.com\/es\/sostenibilidad-certificaciones\/\" \/>\n<meta property=\"og:site_name\" content=\"Chimiver\" \/>\n<meta property=\"article:publisher\" content=\"https:\/\/www.facebook.com\/chimiver\" \/>\n<meta property=\"article:modified_time\" content=\"2024-10-28T10:43:16+00:00\" \/>\n<meta property=\"og:image\" content=\"https:\/\/chimiver.com\/wp-content\/uploads\/2022\/06\/Chimiver_500x500.jpg\" \/>\n\t<meta property=\"og:image:width\" content=\"500\" \/>\n\t<meta property=\"og:image:height\" content=\"500\" \/>\n\t<meta property=\"og:image:type\" content=\"image\/jpeg\" \/>\n<meta name=\"twitter:card\" content=\"summary_large_image\" \/>\n<script type=\"application\/ld+json\" class=\"yoast-schema-graph\">{\"@context\":\"https:\/\/schema.org\",\"@graph\":[{\"@type\":\"WebPage\",\"@id\":\"https:\/\/chimiver.com\/es\/sostenibilidad-certificaciones\/\",\"url\":\"https:\/\/chimiver.com\/es\/sostenibilidad-certificaciones\/\",\"name\":\"Certificaciones - Certificaciones de productos & S-Card\",\"isPartOf\":{\"@id\":\"https:\/\/chimiver.com\/es\/#website\"},\"datePublished\":\"2024-01-09T15:26:57+00:00\",\"dateModified\":\"2024-10-28T10:43:16+00:00\",\"description\":\"Visita la secci\u00f3n Certificaciones. Chimiver es una empresa atenta al mercado y a las necesidades de sus clientes, por lo que est\u00e1 ampliando su cartera de certificaciones de producto.\",\"breadcrumb\":{\"@id\":\"https:\/\/chimiver.com\/es\/sostenibilidad-certificaciones\/#breadcrumb\"},\"inLanguage\":\"es\",\"potentialAction\":[{\"@type\":\"ReadAction\",\"target\":[\"https:\/\/chimiver.com\/es\/sostenibilidad-certificaciones\/\"]}]},{\"@type\":\"BreadcrumbList\",\"@id\":\"https:\/\/chimiver.com\/es\/sostenibilidad-certificaciones\/#breadcrumb\",\"itemListElement\":[{\"@type\":\"ListItem\",\"position\":1,\"name\":\"Home\",\"item\":\"https:\/\/chimiver.com\/es\/\"},{\"@type\":\"ListItem\",\"position\":2,\"name\":\"Certificaciones\"}]},{\"@type\":\"WebSite\",\"@id\":\"https:\/\/chimiver.com\/es\/#website\",\"url\":\"https:\/\/chimiver.com\/es\/\",\"name\":\"Chimiver, Your floors partner\",\"description\":\"Su partner de pisos\",\"publisher\":{\"@id\":\"https:\/\/chimiver.com\/es\/#organization\"},\"alternateName\":\"Chimiver\",\"potentialAction\":[{\"@type\":\"SearchAction\",\"target\":{\"@type\":\"EntryPoint\",\"urlTemplate\":\"https:\/\/chimiver.com\/es\/?s={search_term_string}\"},\"query-input\":{\"@type\":\"PropertyValueSpecification\",\"valueRequired\":true,\"valueName\":\"search_term_string\"}}],\"inLanguage\":\"es\"},{\"@type\":\"Organization\",\"@id\":\"https:\/\/chimiver.com\/es\/#organization\",\"name\":\"Chimiver\",\"url\":\"https:\/\/chimiver.com\/es\/\",\"logo\":{\"@type\":\"ImageObject\",\"inLanguage\":\"es\",\"@id\":\"https:\/\/chimiver.com\/es\/#\/schema\/logo\/image\/\",\"url\":\"https:\/\/chimiver.com\/wp-content\/uploads\/2022\/06\/Chimiver_500x500.jpg\",\"contentUrl\":\"https:\/\/chimiver.com\/wp-content\/uploads\/2022\/06\/Chimiver_500x500.jpg\",\"width\":500,\"height\":500,\"caption\":\"Chimiver\"},\"image\":{\"@id\":\"https:\/\/chimiver.com\/es\/#\/schema\/logo\/image\/\"},\"sameAs\":[\"https:\/\/www.facebook.com\/chimiver\"]}]}<\/script>\n<!-- \/ Yoast SEO plugin. -->","yoast_head_json":{"title":"Certificaciones - Certificaciones de productos & S-Card","description":"Visita la secci\u00f3n Certificaciones. Chimiver es una empresa atenta al mercado y a las necesidades de sus clientes, por lo que est\u00e1 ampliando su cartera de certificaciones de producto.","robots":{"index":"index","follow":"follow","max-snippet":"max-snippet:-1","max-image-preview":"max-image-preview:large","max-video-preview":"max-video-preview:-1"},"canonical":"https:\/\/chimiver.com\/es\/sostenibilidad-certificaciones\/","og_locale":"es_ES","og_type":"article","og_title":"Certificaciones - Certificaciones de productos & S-Card","og_description":"Visita la secci\u00f3n Certificaciones. Chimiver es una empresa atenta al mercado y a las necesidades de sus clientes, por lo que est\u00e1 ampliando su cartera de certificaciones de producto.","og_url":"https:\/\/chimiver.com\/es\/sostenibilidad-certificaciones\/","og_site_name":"Chimiver","article_publisher":"https:\/\/www.facebook.com\/chimiver","article_modified_time":"2024-10-28T10:43:16+00:00","og_image":[{"width":500,"height":500,"url":"https:\/\/chimiver.com\/wp-content\/uploads\/2022\/06\/Chimiver_500x500.jpg","type":"image\/jpeg"}],"twitter_card":"summary_large_image","schema":{"@context":"https:\/\/schema.org","@graph":[{"@type":"WebPage","@id":"https:\/\/chimiver.com\/es\/sostenibilidad-certificaciones\/","url":"https:\/\/chimiver.com\/es\/sostenibilidad-certificaciones\/","name":"Certificaciones - Certificaciones de productos & S-Card","isPartOf":{"@id":"https:\/\/chimiver.com\/es\/#website"},"datePublished":"2024-01-09T15:26:57+00:00","dateModified":"2024-10-28T10:43:16+00:00","description":"Visita la secci\u00f3n Certificaciones. Chimiver es una empresa atenta al mercado y a las necesidades de sus clientes, por lo que est\u00e1 ampliando su cartera de certificaciones de producto.","breadcrumb":{"@id":"https:\/\/chimiver.com\/es\/sostenibilidad-certificaciones\/#breadcrumb"},"inLanguage":"es","potentialAction":[{"@type":"ReadAction","target":["https:\/\/chimiver.com\/es\/sostenibilidad-certificaciones\/"]}]},{"@type":"BreadcrumbList","@id":"https:\/\/chimiver.com\/es\/sostenibilidad-certificaciones\/#breadcrumb","itemListElement":[{"@type":"ListItem","position":1,"name":"Home","item":"https:\/\/chimiver.com\/es\/"},{"@type":"ListItem","position":2,"name":"Certificaciones"}]},{"@type":"WebSite","@id":"https:\/\/chimiver.com\/es\/#website","url":"https:\/\/chimiver.com\/es\/","name":"Chimiver, Your floors partner","description":"Su partner de pisos","publisher":{"@id":"https:\/\/chimiver.com\/es\/#organization"},"alternateName":"Chimiver","potentialAction":[{"@type":"SearchAction","target":{"@type":"EntryPoint","urlTemplate":"https:\/\/chimiver.com\/es\/?s={search_term_string}"},"query-input":{"@type":"PropertyValueSpecification","valueRequired":true,"valueName":"search_term_string"}}],"inLanguage":"es"},{"@type":"Organization","@id":"https:\/\/chimiver.com\/es\/#organization","name":"Chimiver","url":"https:\/\/chimiver.com\/es\/","logo":{"@type":"ImageObject","inLanguage":"es","@id":"https:\/\/chimiver.com\/es\/#\/schema\/logo\/image\/","url":"https:\/\/chimiver.com\/wp-content\/uploads\/2022\/06\/Chimiver_500x500.jpg","contentUrl":"https:\/\/chimiver.com\/wp-content\/uploads\/2022\/06\/Chimiver_500x500.jpg","width":500,"height":500,"caption":"Chimiver"},"image":{"@id":"https:\/\/chimiver.com\/es\/#\/schema\/logo\/image\/"},"sameAs":["https:\/\/www.facebook.com\/chimiver"]}]}},"_links":{"self":[{"href":"https:\/\/chimiver.com\/es\/wp-json\/wp\/v2\/pages\/21325","targetHints":{"allow":["GET"]}}],"collection":[{"href":"https:\/\/chimiver.com\/es\/wp-json\/wp\/v2\/pages"}],"about":[{"href":"https:\/\/chimiver.com\/es\/wp-json\/wp\/v2\/types\/page"}],"author":[{"embeddable":true,"href":"https:\/\/chimiver.com\/es\/wp-json\/wp\/v2\/users\/2"}],"replies":[{"embeddable":true,"href":"https:\/\/chimiver.com\/es\/wp-json\/wp\/v2\/comments?post=21325"}],"version-history":[{"count":1,"href":"https:\/\/chimiver.com\/es\/wp-json\/wp\/v2\/pages\/21325\/revisions"}],"predecessor-version":[{"id":21327,"href":"https:\/\/chimiver.com\/es\/wp-json\/wp\/v2\/pages\/21325\/revisions\/21327"}],"wp:attachment":[{"href":"https:\/\/chimiver.com\/es\/wp-json\/wp\/v2\/media?parent=21325"}],"curies":[{"name":"wp","href":"https:\/\/api.w.org\/{rel}","templated":true}]}}