{"id":21329,"date":"2024-01-02T15:47:22","date_gmt":"2024-01-02T14:47:22","guid":{"rendered":"https:\/\/chimiver.com\/packaging\/"},"modified":"2025-03-27T14:00:23","modified_gmt":"2025-03-27T13:00:23","slug":"embalaje","status":"publish","type":"page","link":"https:\/\/chimiver.com\/es\/embalaje\/","title":{"rendered":"Embalaje"},"content":{"rendered":"<section id=\"customlink_block-block_95234ac45d7a87ecf9ab187bfe4603f2\" class=\"text-image-block pubfa-block\" style=\"background-color:#FFFFFF;color:#2E2D2C;text-align:left;padding:45px 0;\">\n<div class=\"container\">\n    <div class=\"row\">\n\n        <!-- Text Col -->\n        <div class=\"col-12 col-lg-7 d-flex flex-column order-2 justify-content-start \">\n\n            <!-- Text Group -->\n            \n                <!-- Title (with or without Link) -->\n                \n                <!-- Content -->\n                                    <div class=\"pubfa-block-text-1\"><h1><strong>Transici\u00f3n ecol\u00f3gica en el packaging<\/strong><\/h1>\n<p>La transici\u00f3n que <strong>Chimiver Panseri S.p.A.<\/strong> iniciado hace a\u00f1os hacia envases producidos total o parcialmente a partir de materias primas recicladas (certificados <strong>Second Life Plastic<\/strong>), representa una estrategia corporativa de vanguardia, centrada no s\u00f3lo en la sostenibilidad ambiental, sino tambi\u00e9n en la creaci\u00f3n de valor econ\u00f3mico. La fase de dise\u00f1o, que se ha vuelto crucial en este contexto, no es s\u00f3lo un componente del proceso, sino que se convierte en el coraz\u00f3n capaz de garantizar soluciones que se traduzcan en ventajas tangibles a nivel econ\u00f3mico, ambiental y social.<\/p>\n<p>&nbsp;<\/p>\n<p>Por ello, nuestra empresa ha creado un equipo dedicado al ecodise\u00f1o de envases. El objetivo del equipo es redise\u00f1ar los embalajes utilizados, emprendiendo un camino para<strong> mejorar el perfil medioambiental del embalaje<\/strong> y proporcionando evaluaciones personalizadas que tengan en cuenta todos los aspectos:<\/p>\n<\/div>\n                                \n            \n        <\/div>\n\n        <!-- Image Col -->\n        <div class=\"col-12 col-lg-5 d-flex align-items-center justify-content-center order-3 \">\n\n            <!-- Image Group -->\n            \n                 <!-- Image (with or without Link) -->\n                                                             <a href=\"https:\/\/chimiver.com\/wp-content\/uploads\/2023\/05\/Certificato_1968_PSV_CASONE_MIXECO.pdf\" target=\"_blank\">\n                            <img decoding=\"async\" src=\"https:\/\/chimiver.com\/wp-content\/uploads\/2024\/01\/plastica-seconda-vita_408x332.jpg\" alt=\"Chimiver-Sostenibilit\u00e0-Imballi-Riciclati-Plastica-Seconda-Vita-Mix-Eco-408x332\" class=\"img-fluid\">\n                        <\/a>\n                                    \n            \n        <\/div>\n    <\/div>\n<\/div>\n<\/section><section id=\"customlink_block-block_0b33cffa81da62bd8b0b56494174b33a\" class=\"single-image-block pubfa-block\" style=\"background-color:#FFFFFF;\">\n    <div class=\"container\">\n        <!-- Image Group -->\n        \n            <!-- Image (with or without Link) -->\n                                                <img decoding=\"async\" src=\"https:\/\/chimiver.com\/wp-content\/uploads\/2024\/02\/packaging_evoluzione.jpg\" alt=\"Transizione-Ecologia-nei-Packaging-Chimiver-Sostenibilit\u00e0-Imballi-Colle-Vernici-Oli-Detergenti-Privati-Professionisti\" class=\"img-fluid\">\n                            \n        \n    <\/div>\n<\/section><section id=\"customlink_block-block_5083c07127cc553baa2b6222ffcec203\" class=\"text-image-block pubfa-block\" style=\"background-color:#FFFFFF;color:#2E2D2C;text-align:left;padding:45px 0;\">\n<div class=\"container\">\n    <div class=\"row\">\n\n        <!-- Text Col -->\n        <div class=\"col-12 col-lg-7 d-flex flex-column order-2 justify-content-start \">\n\n            <!-- Text Group -->\n            \n                <!-- Title (with or without Link) -->\n                \n                <!-- Content -->\n                                    <div class=\"pubfa-block-text-1\"><p>En los \u00faltimos 4 a\u00f1os Chimiver ha participado en el <strong>ECOPACK &#8211; Convocatoria de Ecodise\u00f1o promovido por CONAI<\/strong> y result\u00f3 seleccionado como ganador con diferentes tipos de empaques (9 casos presentados para el a\u00f1o 2020, 1 para el a\u00f1o 2021, 3 para el a\u00f1o 2022 y 1 para el a\u00f1o 2023) .<\/p>\n<p>Como empresa nos espera un estimulante camino de superaci\u00f3n, un compromiso continuo que abrazamos con determinaci\u00f3n y conciencia. Guiados por la pasi\u00f3n por la excelencia, cada desaf\u00edo superado es un paso hacia el \u00e9xito que cuenta la historia de nuestro compromiso.<\/p>\n<\/div>\n                                \n            \n        <\/div>\n\n        <!-- Image Col -->\n        <div class=\"col-12 col-lg-5 d-flex align-items-center justify-content-center order-1 \">\n\n            <!-- Image Group -->\n            \n                 <!-- Image (with or without Link) -->\n                                                             <img decoding=\"async\" src=\"https:\/\/chimiver.com\/wp-content\/uploads\/2025\/03\/Attestato-EcoPack_2024_408x332.jpg\" alt=\"\" class=\"img-fluid\">\n                                    \n            \n        <\/div>\n    <\/div>\n<\/div>\n<\/section><section id=\"customlink_block-block_436503208bf2871dc7d5e516ed9d9144\" class=\"text-image-block pubfa-block\" style=\"background-color:#FFFFFF;color:#2E2D2C;text-align:left;padding:45px 0;\">\n<div class=\"container\">\n    <div class=\"row\">\n\n        <!-- Text Col -->\n        <div class=\"col-12 col-lg-7 d-flex flex-column order-2 justify-content-start \">\n\n            <!-- Text Group -->\n            \n                <!-- Title (with or without Link) -->\n                \n                <!-- Content -->\n                                \n            \n        <\/div>\n\n        <!-- Image Col -->\n        <div class=\"col-12 col-lg-5 d-flex align-items-center justify-content-center order-3 \">\n\n            <!-- Image Group -->\n            \n                 <!-- Image (with or without Link) -->\n                 \n            \n        <\/div>\n    <\/div>\n<\/div>\n<\/section>","protected":false},"excerpt":{"rendered":"","protected":false},"author":2,"featured_media":0,"parent":0,"menu_order":50,"comment_status":"closed","ping_status":"closed","template":"","meta":{"_acf_changed":false,"inline_featured_image":false,"footnotes":""},"class_list":["post-21329","page","type-page","status-publish","hentry"],"acf":[],"yoast_head":"<!-- This site is optimized with the Yoast SEO plugin v26.2 - https:\/\/yoast.com\/wordpress\/plugins\/seo\/ -->\n<title>Embalaje - Transici\u00f3n ecol\u00f3gica en el packaging de Chimiver<\/title>\n<meta name=\"description\" content=\"Visita la secci\u00f3n Embalaje. Somos l\u00edderes en el mercado de productos para el pegado, tratamiento y mantenimiento de suelos interiores y exteriores.\" \/>\n<meta name=\"robots\" content=\"index, follow, max-snippet:-1, max-image-preview:large, max-video-preview:-1\" \/>\n<link rel=\"canonical\" href=\"https:\/\/chimiver.com\/es\/embalaje\/\" \/>\n<meta property=\"og:locale\" content=\"es_ES\" \/>\n<meta property=\"og:type\" content=\"article\" \/>\n<meta property=\"og:title\" content=\"Embalaje - Transici\u00f3n ecol\u00f3gica en el packaging de Chimiver\" \/>\n<meta property=\"og:description\" content=\"Visita la secci\u00f3n Embalaje. Somos l\u00edderes en el mercado de productos para el pegado, tratamiento y mantenimiento de suelos interiores y exteriores.\" \/>\n<meta property=\"og:url\" content=\"https:\/\/chimiver.com\/es\/embalaje\/\" \/>\n<meta property=\"og:site_name\" content=\"Chimiver\" \/>\n<meta property=\"article:publisher\" content=\"https:\/\/www.facebook.com\/chimiver\" \/>\n<meta property=\"article:modified_time\" content=\"2025-03-27T13:00:23+00:00\" \/>\n<meta property=\"og:image\" content=\"https:\/\/chimiver.com\/wp-content\/uploads\/2022\/06\/Chimiver_500x500.jpg\" \/>\n\t<meta property=\"og:image:width\" content=\"500\" \/>\n\t<meta property=\"og:image:height\" content=\"500\" \/>\n\t<meta property=\"og:image:type\" content=\"image\/jpeg\" \/>\n<meta name=\"twitter:card\" content=\"summary_large_image\" \/>\n<script type=\"application\/ld+json\" class=\"yoast-schema-graph\">{\"@context\":\"https:\/\/schema.org\",\"@graph\":[{\"@type\":\"WebPage\",\"@id\":\"https:\/\/chimiver.com\/es\/embalaje\/\",\"url\":\"https:\/\/chimiver.com\/es\/embalaje\/\",\"name\":\"Embalaje - Transici\u00f3n ecol\u00f3gica en el packaging de Chimiver\",\"isPartOf\":{\"@id\":\"https:\/\/chimiver.com\/es\/#website\"},\"datePublished\":\"2024-01-02T14:47:22+00:00\",\"dateModified\":\"2025-03-27T13:00:23+00:00\",\"description\":\"Visita la secci\u00f3n Embalaje. Somos l\u00edderes en el mercado de productos para el pegado, tratamiento y mantenimiento de suelos interiores y exteriores.\",\"breadcrumb\":{\"@id\":\"https:\/\/chimiver.com\/es\/embalaje\/#breadcrumb\"},\"inLanguage\":\"es\",\"potentialAction\":[{\"@type\":\"ReadAction\",\"target\":[\"https:\/\/chimiver.com\/es\/embalaje\/\"]}]},{\"@type\":\"BreadcrumbList\",\"@id\":\"https:\/\/chimiver.com\/es\/embalaje\/#breadcrumb\",\"itemListElement\":[{\"@type\":\"ListItem\",\"position\":1,\"name\":\"Home\",\"item\":\"https:\/\/chimiver.com\/es\/\"},{\"@type\":\"ListItem\",\"position\":2,\"name\":\"Embalaje\"}]},{\"@type\":\"WebSite\",\"@id\":\"https:\/\/chimiver.com\/es\/#website\",\"url\":\"https:\/\/chimiver.com\/es\/\",\"name\":\"Chimiver, Your floors partner\",\"description\":\"Su partner de pisos\",\"publisher\":{\"@id\":\"https:\/\/chimiver.com\/es\/#organization\"},\"alternateName\":\"Chimiver\",\"potentialAction\":[{\"@type\":\"SearchAction\",\"target\":{\"@type\":\"EntryPoint\",\"urlTemplate\":\"https:\/\/chimiver.com\/es\/?s={search_term_string}\"},\"query-input\":{\"@type\":\"PropertyValueSpecification\",\"valueRequired\":true,\"valueName\":\"search_term_string\"}}],\"inLanguage\":\"es\"},{\"@type\":\"Organization\",\"@id\":\"https:\/\/chimiver.com\/es\/#organization\",\"name\":\"Chimiver\",\"url\":\"https:\/\/chimiver.com\/es\/\",\"logo\":{\"@type\":\"ImageObject\",\"inLanguage\":\"es\",\"@id\":\"https:\/\/chimiver.com\/es\/#\/schema\/logo\/image\/\",\"url\":\"https:\/\/chimiver.com\/wp-content\/uploads\/2022\/06\/Chimiver_500x500.jpg\",\"contentUrl\":\"https:\/\/chimiver.com\/wp-content\/uploads\/2022\/06\/Chimiver_500x500.jpg\",\"width\":500,\"height\":500,\"caption\":\"Chimiver\"},\"image\":{\"@id\":\"https:\/\/chimiver.com\/es\/#\/schema\/logo\/image\/\"},\"sameAs\":[\"https:\/\/www.facebook.com\/chimiver\"]}]}<\/script>\n<!-- \/ Yoast SEO plugin. -->","yoast_head_json":{"title":"Embalaje - Transici\u00f3n ecol\u00f3gica en el packaging de Chimiver","description":"Visita la secci\u00f3n Embalaje. Somos l\u00edderes en el mercado de productos para el pegado, tratamiento y mantenimiento de suelos interiores y exteriores.","robots":{"index":"index","follow":"follow","max-snippet":"max-snippet:-1","max-image-preview":"max-image-preview:large","max-video-preview":"max-video-preview:-1"},"canonical":"https:\/\/chimiver.com\/es\/embalaje\/","og_locale":"es_ES","og_type":"article","og_title":"Embalaje - Transici\u00f3n ecol\u00f3gica en el packaging de Chimiver","og_description":"Visita la secci\u00f3n Embalaje. Somos l\u00edderes en el mercado de productos para el pegado, tratamiento y mantenimiento de suelos interiores y exteriores.","og_url":"https:\/\/chimiver.com\/es\/embalaje\/","og_site_name":"Chimiver","article_publisher":"https:\/\/www.facebook.com\/chimiver","article_modified_time":"2025-03-27T13:00:23+00:00","og_image":[{"width":500,"height":500,"url":"https:\/\/chimiver.com\/wp-content\/uploads\/2022\/06\/Chimiver_500x500.jpg","type":"image\/jpeg"}],"twitter_card":"summary_large_image","schema":{"@context":"https:\/\/schema.org","@graph":[{"@type":"WebPage","@id":"https:\/\/chimiver.com\/es\/embalaje\/","url":"https:\/\/chimiver.com\/es\/embalaje\/","name":"Embalaje - Transici\u00f3n ecol\u00f3gica en el packaging de Chimiver","isPartOf":{"@id":"https:\/\/chimiver.com\/es\/#website"},"datePublished":"2024-01-02T14:47:22+00:00","dateModified":"2025-03-27T13:00:23+00:00","description":"Visita la secci\u00f3n Embalaje. Somos l\u00edderes en el mercado de productos para el pegado, tratamiento y mantenimiento de suelos interiores y exteriores.","breadcrumb":{"@id":"https:\/\/chimiver.com\/es\/embalaje\/#breadcrumb"},"inLanguage":"es","potentialAction":[{"@type":"ReadAction","target":["https:\/\/chimiver.com\/es\/embalaje\/"]}]},{"@type":"BreadcrumbList","@id":"https:\/\/chimiver.com\/es\/embalaje\/#breadcrumb","itemListElement":[{"@type":"ListItem","position":1,"name":"Home","item":"https:\/\/chimiver.com\/es\/"},{"@type":"ListItem","position":2,"name":"Embalaje"}]},{"@type":"WebSite","@id":"https:\/\/chimiver.com\/es\/#website","url":"https:\/\/chimiver.com\/es\/","name":"Chimiver, Your floors partner","description":"Su partner de pisos","publisher":{"@id":"https:\/\/chimiver.com\/es\/#organization"},"alternateName":"Chimiver","potentialAction":[{"@type":"SearchAction","target":{"@type":"EntryPoint","urlTemplate":"https:\/\/chimiver.com\/es\/?s={search_term_string}"},"query-input":{"@type":"PropertyValueSpecification","valueRequired":true,"valueName":"search_term_string"}}],"inLanguage":"es"},{"@type":"Organization","@id":"https:\/\/chimiver.com\/es\/#organization","name":"Chimiver","url":"https:\/\/chimiver.com\/es\/","logo":{"@type":"ImageObject","inLanguage":"es","@id":"https:\/\/chimiver.com\/es\/#\/schema\/logo\/image\/","url":"https:\/\/chimiver.com\/wp-content\/uploads\/2022\/06\/Chimiver_500x500.jpg","contentUrl":"https:\/\/chimiver.com\/wp-content\/uploads\/2022\/06\/Chimiver_500x500.jpg","width":500,"height":500,"caption":"Chimiver"},"image":{"@id":"https:\/\/chimiver.com\/es\/#\/schema\/logo\/image\/"},"sameAs":["https:\/\/www.facebook.com\/chimiver"]}]}},"_links":{"self":[{"href":"https:\/\/chimiver.com\/es\/wp-json\/wp\/v2\/pages\/21329","targetHints":{"allow":["GET"]}}],"collection":[{"href":"https:\/\/chimiver.com\/es\/wp-json\/wp\/v2\/pages"}],"about":[{"href":"https:\/\/chimiver.com\/es\/wp-json\/wp\/v2\/types\/page"}],"author":[{"embeddable":true,"href":"https:\/\/chimiver.com\/es\/wp-json\/wp\/v2\/users\/2"}],"replies":[{"embeddable":true,"href":"https:\/\/chimiver.com\/es\/wp-json\/wp\/v2\/comments?post=21329"}],"version-history":[{"count":2,"href":"https:\/\/chimiver.com\/es\/wp-json\/wp\/v2\/pages\/21329\/revisions"}],"predecessor-version":[{"id":22317,"href":"https:\/\/chimiver.com\/es\/wp-json\/wp\/v2\/pages\/21329\/revisions\/22317"}],"wp:attachment":[{"href":"https:\/\/chimiver.com\/es\/wp-json\/wp\/v2\/media?parent=21329"}],"curies":[{"name":"wp","href":"https:\/\/api.w.org\/{rel}","templated":true}]}}