{"id":21333,"date":"2024-01-15T16:05:02","date_gmt":"2024-01-15T15:05:02","guid":{"rendered":"https:\/\/chimiver.com\/innovazione\/"},"modified":"2024-10-28T12:09:53","modified_gmt":"2024-10-28T11:09:53","slug":"innovacion","status":"publish","type":"page","link":"https:\/\/chimiver.com\/es\/innovacion\/","title":{"rendered":"Innovaci\u00f3n"},"content":{"rendered":"<section id=\"customlink_block-block_ea1acb276b2fd29790a5666c837be076\" class=\"text-image-block pubfa-block\" style=\"background-color:#FFFFFF;color:#2E2D2C;text-align:left;padding:45px 0;\">\n<div class=\"container\">\n    <div class=\"row\">\n\n        <!-- Text Col -->\n        <div class=\"col-12 col-lg-7 d-flex flex-column order-2 justify-content-start \">\n\n            <!-- Text Group -->\n            \n                <!-- Title (with or without Link) -->\n                \n                <!-- Content -->\n                                    <div class=\"pubfa-block-text-1\"><p>&nbsp;<\/p>\n<p>En el tejido corporativo contempor\u00e1neo, la convergencia entre la <strong>digitalizaci\u00f3n<\/strong> y la <strong>optimizaci\u00f3n<\/strong> de procesos es una combinaci\u00f3n crucial que genera impactos significativos en la <strong>eficiencia operativa, la competitividad y la sostenibilidad<\/strong>.<\/p>\n<p>L<strong>a transformaci\u00f3n digital<\/strong> implica la adopci\u00f3n de tecnolog\u00edas avanzadas para automatizar y optimizar los procesos de negocio, promoviendo una gesti\u00f3n de recursos m\u00e1s r\u00e1pida, precisa y eficiente. <strong>Chimiver Panseri S.p.A.<\/strong> est\u00e1 respondiendo a la din\u00e1mica cambiante del mercado, integrando soluciones de vanguardia en su vida diaria:<\/p>\n<\/div>\n                                \n            \n        <\/div>\n\n        <!-- Image Col -->\n        <div class=\"col-12 col-lg-5 d-flex align-items-center justify-content-center order-3 \">\n\n            <!-- Image Group -->\n            \n                 <!-- Image (with or without Link) -->\n                                                             <img decoding=\"async\" src=\"https:\/\/chimiver.com\/wp-content\/uploads\/2024\/02\/innovazione_2.jpg\" alt=\"Azienda-Italiana-Prodotti-Professionali-Sostenibili-Posa-Trattamento-Manutenzione-Pavimenti-Legno-Parquet-Resina-Resilienti-Decking-WPC-Erba-Sintetica-Progettisti-Chimiver-Innovazione-Tecnologica-Controllo-Qualit\u00e0\" class=\"img-fluid\">\n                                    \n            \n        <\/div>\n    <\/div>\n<\/div>\n<\/section><section id=\"customlink_block-block_033434231d50e3b674260e19cee1f1e1\" class=\"text-image-block pubfa-block\" style=\"background-color:#FFFFFF;color:#2E2D2C;text-align:left;padding:45px 0;\">\n<div class=\"container\">\n    <div class=\"row\">\n\n        <!-- Text Col -->\n        <div class=\"col-12 col-lg-7 d-flex flex-column order-2 justify-content-start \">\n\n            <!-- Text Group -->\n            \n                <!-- Title (with or without Link) -->\n                \n                <!-- Content -->\n                                    <div class=\"pubfa-block-text-1\"><p>&nbsp;<\/p>\n<ul>\n<li><strong>automatizaci\u00f3n<\/strong> completa del <strong>proceso de recepci\u00f3n de pedidos<\/strong> mediante aplicaci\u00f3n gestionada por la funci\u00f3n comercial;<\/li>\n<li><strong>automatizaci\u00f3n<\/strong> de la <strong>planificaci\u00f3n del suministro de materias primas y embalajes<\/strong> a trav\u00e9s de un sistema inform\u00e1tico directamente integrado con la planificaci\u00f3n de los pedidos de los clientes;<\/li>\n<li>procesos internos para el <strong>control<\/strong> de materia prima entrante, fabricaci\u00f3n de productos, <strong>control de calidad<\/strong> y liberaci\u00f3n, almacenamiento y env\u00edo de idoneidad, totalmente digitalizados y gestionados a trav\u00e9s de tabletas en red con informaci\u00f3n compartida con todas las funciones internas;<\/li>\n<li><strong>gesti\u00f3n de certificaciones de empresas digitalizadas<\/strong> con posibilidad de auditor\u00eda remota mediante recorrido virtual creado con un dron;<\/li>\n<\/ul>\n<\/div>\n                                \n            \n        <\/div>\n\n        <!-- Image Col -->\n        <div class=\"col-12 col-lg-5 d-flex align-items-center justify-content-center order-1 \">\n\n            <!-- Image Group -->\n            \n                 <!-- Image (with or without Link) -->\n                                                             <img decoding=\"async\" src=\"https:\/\/chimiver.com\/wp-content\/uploads\/2024\/02\/foto-Ai.jpg\" alt=\"Azienda-Italiana-Prodotti-Professionali-Sostenibili-Posa-Trattamento-Manutenzione-Pavimenti-Legno-Parquet-Resina-Resilienti-Decking-WPC-Erba-Sintetica-Progettisti-Chimiver-Intelligenza-Artificiale\" class=\"img-fluid\">\n                                    \n            \n        <\/div>\n    <\/div>\n<\/div>\n<\/section><section id=\"customlink_block-block_3140406f953ea630cf801ebe6ecc1681\" class=\"text-image-block pubfa-block\" style=\"background-color:#FFFFFF;color:#2E2D2C;text-align:left;padding:45px 0;\">\n<div class=\"container\">\n    <div class=\"row\">\n\n        <!-- Text Col -->\n        <div class=\"col-12 col-lg-7 d-flex flex-column order-2 justify-content-start \">\n\n            <!-- Text Group -->\n            \n                <!-- Title (with or without Link) -->\n                \n                <!-- Content -->\n                                    <div class=\"pubfa-block-text-1\"><ul>\n<li><strong>Gesti\u00f3n de proyectos de I+D v\u00eda app:<\/strong> La aplicaci\u00f3n tambi\u00e9n utiliza inteligencia artificial para automatizar el proceso de apertura de un proyecto, facilitando la definici\u00f3n de objetivos, la planificaci\u00f3n de actividades y la gesti\u00f3n de recursos. A trav\u00e9s de algoritmos avanzados, la aplicaci\u00f3n eval\u00faa de forma aut\u00f3noma la viabilidad y coherencia de los proyectos propuestos, analizando datos hist\u00f3ricos, literatura cient\u00edfica y recursos disponibles. Esto ayuda a optimizar las decisiones de inversi\u00f3n y concentrar recursos en proyectos con mayor probabilidad de \u00e9xito. La eficiencia de un laboratorio qu\u00edmico tambi\u00e9n depende de la capacidad de planificar, monitorear y analizar las actividades de investigaci\u00f3n en curso. Adem\u00e1s, la aplicaci\u00f3n facilita la colaboraci\u00f3n entre los miembros del equipo de investigaci\u00f3n, lo que permite una comunicaci\u00f3n m\u00e1s eficiente y el intercambio instant\u00e1neo de datos y resultados. Gracias al an\u00e1lisis en tiempo real, es posible adaptar r\u00e1pidamente las estrategias de investigaci\u00f3n, mejorando la flexibilidad y la capacidad de respuesta del laboratorio.<\/li>\n<\/ul>\n<\/div>\n                                \n            \n        <\/div>\n\n        <!-- Image Col -->\n        <div class=\"col-12 col-lg-5 d-flex align-items-center justify-content-center order-3 \">\n\n            <!-- Image Group -->\n            \n                 <!-- Image (with or without Link) -->\n                                                             <img decoding=\"async\" src=\"https:\/\/chimiver.com\/wp-content\/uploads\/2024\/02\/innovazione.jpg\" alt=\"Azienda-Italiana-Prodotti-Professionali-Sostenibili-Posa-Trattamento-Manutenzione-Pavimenti-Legno-Parquet-Resina-Resilienti-Decking-WPC-Erba-Sintetica-Progettisti-Chimiver-Innovazione-Tecnologica-Automatizzazione\" class=\"img-fluid\">\n                                    \n            \n        <\/div>\n    <\/div>\n<\/div>\n<\/section><section id=\"customlink_block-block_71016af27aac06ececa2d760dc8fba9a\" class=\"banner-block pubfa-block\" style=\"background-color:#FFDA00;color:#2E2D2C;text-align:left;\">\n\n    <!-- Background Image Group -->\n            <!-- Background Image  -->\n        \n    \n    <!-- Text Group -->\n            <div class=\"text-group\">\n            <div class=\"container\">\n\n                <!-- Title (with or without Link) -->\n                \n                                            <h2 class=\"pubfa-block-title-1\">Innovar invirtiendo en nuevas tecnolog\u00edas es la clave para el crecimiento empresarial. \u00bfNuestro pr\u00f3ximo paso?<\/h2>\n                                    \n                <!-- Content -->\n                                    <div class=\"pubfa-block-text-1\"><blockquote>\n<h1 style=\"text-align: right;\"><em>Simplemente sigue pensando fuera de lo com\u00fan<\/em><\/h1>\n<\/blockquote>\n<\/div>\n                \n            <\/div>\n        <\/div>\n    \n<\/section>","protected":false},"excerpt":{"rendered":"","protected":false},"author":2,"featured_media":0,"parent":0,"menu_order":17,"comment_status":"closed","ping_status":"closed","template":"","meta":{"_acf_changed":false,"inline_featured_image":false,"footnotes":""},"class_list":["post-21333","page","type-page","status-publish","hentry"],"acf":[],"yoast_head":"<!-- This site is optimized with the Yoast SEO plugin v26.2 - https:\/\/yoast.com\/wordpress\/plugins\/seo\/ -->\n<title>Innovaci\u00f3n - La innovaci\u00f3n tecnol\u00f3gica en el mundo de Chimiver<\/title>\n<meta name=\"description\" content=\"Visita la secci\u00f3n Innovaci\u00f3n. Chimiver est\u00e1 respondiendo a las cambiantes din\u00e1micas del mercado, integrando en su d\u00eda a d\u00eda soluciones de vanguardia. Descubre c\u00f3mo.\" \/>\n<meta name=\"robots\" content=\"index, follow, max-snippet:-1, max-image-preview:large, max-video-preview:-1\" \/>\n<link rel=\"canonical\" href=\"https:\/\/chimiver.com\/es\/innovacion\/\" \/>\n<meta property=\"og:locale\" content=\"es_ES\" \/>\n<meta property=\"og:type\" content=\"article\" \/>\n<meta property=\"og:title\" content=\"Innovaci\u00f3n - La innovaci\u00f3n tecnol\u00f3gica en el mundo de Chimiver\" \/>\n<meta property=\"og:description\" content=\"Visita la secci\u00f3n Innovaci\u00f3n. Chimiver est\u00e1 respondiendo a las cambiantes din\u00e1micas del mercado, integrando en su d\u00eda a d\u00eda soluciones de vanguardia. Descubre c\u00f3mo.\" \/>\n<meta property=\"og:url\" content=\"https:\/\/chimiver.com\/es\/innovacion\/\" \/>\n<meta property=\"og:site_name\" content=\"Chimiver\" \/>\n<meta property=\"article:publisher\" content=\"https:\/\/www.facebook.com\/chimiver\" \/>\n<meta property=\"article:modified_time\" content=\"2024-10-28T11:09:53+00:00\" \/>\n<meta property=\"og:image\" content=\"https:\/\/chimiver.com\/wp-content\/uploads\/2022\/06\/Chimiver_500x500.jpg\" \/>\n\t<meta property=\"og:image:width\" content=\"500\" \/>\n\t<meta property=\"og:image:height\" content=\"500\" \/>\n\t<meta property=\"og:image:type\" content=\"image\/jpeg\" \/>\n<meta name=\"twitter:card\" content=\"summary_large_image\" \/>\n<script type=\"application\/ld+json\" class=\"yoast-schema-graph\">{\"@context\":\"https:\/\/schema.org\",\"@graph\":[{\"@type\":\"WebPage\",\"@id\":\"https:\/\/chimiver.com\/es\/innovacion\/\",\"url\":\"https:\/\/chimiver.com\/es\/innovacion\/\",\"name\":\"Innovaci\u00f3n - La innovaci\u00f3n tecnol\u00f3gica en el mundo de Chimiver\",\"isPartOf\":{\"@id\":\"https:\/\/chimiver.com\/es\/#website\"},\"datePublished\":\"2024-01-15T15:05:02+00:00\",\"dateModified\":\"2024-10-28T11:09:53+00:00\",\"description\":\"Visita la secci\u00f3n Innovaci\u00f3n. Chimiver est\u00e1 respondiendo a las cambiantes din\u00e1micas del mercado, integrando en su d\u00eda a d\u00eda soluciones de vanguardia. Descubre c\u00f3mo.\",\"breadcrumb\":{\"@id\":\"https:\/\/chimiver.com\/es\/innovacion\/#breadcrumb\"},\"inLanguage\":\"es\",\"potentialAction\":[{\"@type\":\"ReadAction\",\"target\":[\"https:\/\/chimiver.com\/es\/innovacion\/\"]}]},{\"@type\":\"BreadcrumbList\",\"@id\":\"https:\/\/chimiver.com\/es\/innovacion\/#breadcrumb\",\"itemListElement\":[{\"@type\":\"ListItem\",\"position\":1,\"name\":\"Home\",\"item\":\"https:\/\/chimiver.com\/es\/\"},{\"@type\":\"ListItem\",\"position\":2,\"name\":\"Innovaci\u00f3n\"}]},{\"@type\":\"WebSite\",\"@id\":\"https:\/\/chimiver.com\/es\/#website\",\"url\":\"https:\/\/chimiver.com\/es\/\",\"name\":\"Chimiver, Your floors partner\",\"description\":\"Su partner de pisos\",\"publisher\":{\"@id\":\"https:\/\/chimiver.com\/es\/#organization\"},\"alternateName\":\"Chimiver\",\"potentialAction\":[{\"@type\":\"SearchAction\",\"target\":{\"@type\":\"EntryPoint\",\"urlTemplate\":\"https:\/\/chimiver.com\/es\/?s={search_term_string}\"},\"query-input\":{\"@type\":\"PropertyValueSpecification\",\"valueRequired\":true,\"valueName\":\"search_term_string\"}}],\"inLanguage\":\"es\"},{\"@type\":\"Organization\",\"@id\":\"https:\/\/chimiver.com\/es\/#organization\",\"name\":\"Chimiver\",\"url\":\"https:\/\/chimiver.com\/es\/\",\"logo\":{\"@type\":\"ImageObject\",\"inLanguage\":\"es\",\"@id\":\"https:\/\/chimiver.com\/es\/#\/schema\/logo\/image\/\",\"url\":\"https:\/\/chimiver.com\/wp-content\/uploads\/2022\/06\/Chimiver_500x500.jpg\",\"contentUrl\":\"https:\/\/chimiver.com\/wp-content\/uploads\/2022\/06\/Chimiver_500x500.jpg\",\"width\":500,\"height\":500,\"caption\":\"Chimiver\"},\"image\":{\"@id\":\"https:\/\/chimiver.com\/es\/#\/schema\/logo\/image\/\"},\"sameAs\":[\"https:\/\/www.facebook.com\/chimiver\"]}]}<\/script>\n<!-- \/ Yoast SEO plugin. -->","yoast_head_json":{"title":"Innovaci\u00f3n - La innovaci\u00f3n tecnol\u00f3gica en el mundo de Chimiver","description":"Visita la secci\u00f3n Innovaci\u00f3n. Chimiver est\u00e1 respondiendo a las cambiantes din\u00e1micas del mercado, integrando en su d\u00eda a d\u00eda soluciones de vanguardia. Descubre c\u00f3mo.","robots":{"index":"index","follow":"follow","max-snippet":"max-snippet:-1","max-image-preview":"max-image-preview:large","max-video-preview":"max-video-preview:-1"},"canonical":"https:\/\/chimiver.com\/es\/innovacion\/","og_locale":"es_ES","og_type":"article","og_title":"Innovaci\u00f3n - La innovaci\u00f3n tecnol\u00f3gica en el mundo de Chimiver","og_description":"Visita la secci\u00f3n Innovaci\u00f3n. Chimiver est\u00e1 respondiendo a las cambiantes din\u00e1micas del mercado, integrando en su d\u00eda a d\u00eda soluciones de vanguardia. Descubre c\u00f3mo.","og_url":"https:\/\/chimiver.com\/es\/innovacion\/","og_site_name":"Chimiver","article_publisher":"https:\/\/www.facebook.com\/chimiver","article_modified_time":"2024-10-28T11:09:53+00:00","og_image":[{"width":500,"height":500,"url":"https:\/\/chimiver.com\/wp-content\/uploads\/2022\/06\/Chimiver_500x500.jpg","type":"image\/jpeg"}],"twitter_card":"summary_large_image","schema":{"@context":"https:\/\/schema.org","@graph":[{"@type":"WebPage","@id":"https:\/\/chimiver.com\/es\/innovacion\/","url":"https:\/\/chimiver.com\/es\/innovacion\/","name":"Innovaci\u00f3n - La innovaci\u00f3n tecnol\u00f3gica en el mundo de Chimiver","isPartOf":{"@id":"https:\/\/chimiver.com\/es\/#website"},"datePublished":"2024-01-15T15:05:02+00:00","dateModified":"2024-10-28T11:09:53+00:00","description":"Visita la secci\u00f3n Innovaci\u00f3n. Chimiver est\u00e1 respondiendo a las cambiantes din\u00e1micas del mercado, integrando en su d\u00eda a d\u00eda soluciones de vanguardia. Descubre c\u00f3mo.","breadcrumb":{"@id":"https:\/\/chimiver.com\/es\/innovacion\/#breadcrumb"},"inLanguage":"es","potentialAction":[{"@type":"ReadAction","target":["https:\/\/chimiver.com\/es\/innovacion\/"]}]},{"@type":"BreadcrumbList","@id":"https:\/\/chimiver.com\/es\/innovacion\/#breadcrumb","itemListElement":[{"@type":"ListItem","position":1,"name":"Home","item":"https:\/\/chimiver.com\/es\/"},{"@type":"ListItem","position":2,"name":"Innovaci\u00f3n"}]},{"@type":"WebSite","@id":"https:\/\/chimiver.com\/es\/#website","url":"https:\/\/chimiver.com\/es\/","name":"Chimiver, Your floors partner","description":"Su partner de pisos","publisher":{"@id":"https:\/\/chimiver.com\/es\/#organization"},"alternateName":"Chimiver","potentialAction":[{"@type":"SearchAction","target":{"@type":"EntryPoint","urlTemplate":"https:\/\/chimiver.com\/es\/?s={search_term_string}"},"query-input":{"@type":"PropertyValueSpecification","valueRequired":true,"valueName":"search_term_string"}}],"inLanguage":"es"},{"@type":"Organization","@id":"https:\/\/chimiver.com\/es\/#organization","name":"Chimiver","url":"https:\/\/chimiver.com\/es\/","logo":{"@type":"ImageObject","inLanguage":"es","@id":"https:\/\/chimiver.com\/es\/#\/schema\/logo\/image\/","url":"https:\/\/chimiver.com\/wp-content\/uploads\/2022\/06\/Chimiver_500x500.jpg","contentUrl":"https:\/\/chimiver.com\/wp-content\/uploads\/2022\/06\/Chimiver_500x500.jpg","width":500,"height":500,"caption":"Chimiver"},"image":{"@id":"https:\/\/chimiver.com\/es\/#\/schema\/logo\/image\/"},"sameAs":["https:\/\/www.facebook.com\/chimiver"]}]}},"_links":{"self":[{"href":"https:\/\/chimiver.com\/es\/wp-json\/wp\/v2\/pages\/21333","targetHints":{"allow":["GET"]}}],"collection":[{"href":"https:\/\/chimiver.com\/es\/wp-json\/wp\/v2\/pages"}],"about":[{"href":"https:\/\/chimiver.com\/es\/wp-json\/wp\/v2\/types\/page"}],"author":[{"embeddable":true,"href":"https:\/\/chimiver.com\/es\/wp-json\/wp\/v2\/users\/2"}],"replies":[{"embeddable":true,"href":"https:\/\/chimiver.com\/es\/wp-json\/wp\/v2\/comments?post=21333"}],"version-history":[{"count":2,"href":"https:\/\/chimiver.com\/es\/wp-json\/wp\/v2\/pages\/21333\/revisions"}],"predecessor-version":[{"id":21338,"href":"https:\/\/chimiver.com\/es\/wp-json\/wp\/v2\/pages\/21333\/revisions\/21338"}],"wp:attachment":[{"href":"https:\/\/chimiver.com\/es\/wp-json\/wp\/v2\/media?parent=21333"}],"curies":[{"name":"wp","href":"https:\/\/api.w.org\/{rel}","templated":true}]}}