{"id":21344,"date":"2024-02-15T15:15:31","date_gmt":"2024-02-15T14:15:31","guid":{"rendered":"https:\/\/chimiver.com\/assistenza-tecnica-con-realta-aumentata\/"},"modified":"2024-10-28T12:23:59","modified_gmt":"2024-10-28T11:23:59","slug":"asistencia-tecnica-con-realidad-aumentada","status":"publish","type":"page","link":"https:\/\/chimiver.com\/es\/asistencia-tecnica-con-realidad-aumentada\/","title":{"rendered":"Asistencia t\u00e9cnica con realidad aumentada"},"content":{"rendered":"<section id=\"customlink_block-block_174aa0a9562445e5c7dade67fa19c01c\" class=\"text-image-block pubfa-block\" style=\"background-color:#FFFFFF;color:#2E2D2C;text-align:left;padding:45px 0;\">\n<div class=\"container\">\n    <div class=\"row\">\n\n        <!-- Text Col -->\n        <div class=\"col-12 col-lg-7 d-flex flex-column order-2 justify-content-start \">\n\n            <!-- Text Group -->\n            \n                <!-- Title (with or without Link) -->\n                \n                <!-- Content -->\n                                    <div class=\"pubfa-block-text-1\"><h1>Asistencia t\u00e9cnica con realidad aumentada<\/h1>\n<p>En los \u00faltimos a\u00f1os, la evoluci\u00f3n de la asistencia t\u00e9cnica ha experimentado una importante transformaci\u00f3n.<strong> Chimiver Panseri S.p.A.<\/strong> Gracias a la adopci\u00f3n de software espec\u00edfico y al uso de gafas inteligentes de \u00faltima generaci\u00f3n, puede acompa\u00f1ar a todos sus clientes tanto en la empresa como en las obras. Estos dispositivos port\u00e1tiles con funciones avanzadas, como realidad aumentada y conectividad inal\u00e1mbrica, han revolucionado la forma en que nuestros t\u00e9cnicos brindan soporte remoto. Usando<strong> gafas inteligentes<\/strong>, los operadores pueden ver en tiempo real lo que el cliente est\u00e1 observando en el campo, lo que permite un diagn\u00f3stico de problemas m\u00e1s preciso y oportuno. La <strong>realidad aumentada<\/strong> tambi\u00e9n le permite superponer instrucciones detalladas, diagramas e informaci\u00f3n clave directamente en el campo de visi\u00f3n de quienes se encuentran en el sitio.<\/p>\n<\/div>\n                                \n            \n        <\/div>\n\n        <!-- Image Col -->\n        <div class=\"col-12 col-lg-5 d-flex align-items-center justify-content-center order-3 \">\n\n            <!-- Image Group -->\n            \n                 <!-- Image (with or without Link) -->\n                                                             <img decoding=\"async\" src=\"https:\/\/chimiver.com\/wp-content\/uploads\/2024\/02\/assistenza-tecnica-smart.jpg\" alt=\"Azienda-Italiana-Prodotti-Professionali-Sostenibili-Posa-Trattamento-Manutenzione-Pavimenti-Legno-Parquet-Resina-Resilienti-Decking-WPC-Erba-Sintetica-Progettisti-Chimiver-Assistenza-Tecnica-Distanza\" class=\"img-fluid\">\n                                    \n            \n        <\/div>\n    <\/div>\n<\/div>\n<\/section><section id=\"customlink_block-block_ee555c392d276979a634bd6dd3bf9d53\" class=\"text-image-block pubfa-block\" style=\"background-color:#FFFFFF;color:#2E2D2C;text-align:left;padding:45px 0;\">\n<div class=\"container\">\n    <div class=\"row\">\n\n        <!-- Text Col -->\n        <div class=\"col-12 col-lg-7 d-flex flex-column order-2 justify-content-start \">\n\n            <!-- Text Group -->\n            \n                <!-- Title (with or without Link) -->\n                \n                <!-- Content -->\n                                    <div class=\"pubfa-block-text-1\"><h2>Ventajas<\/h2>\n<p>Son muchos los <strong>beneficios<\/strong> que se derivan de ello:<\/p>\n<ul>\n<li>Eliminaci\u00f3n de viajes;<\/li>\n<li>Manos siempre libres para realizar actividades;<\/li>\n<li>Colaboraci\u00f3n remota e intercambio de ideas en vivo;<\/li>\n<li>Mayor seguridad en contextos laborales riesgosos;<\/li>\n<li>Reducci\u00f3n de tiempos y costos de operaci\u00f3n;<\/li>\n<li>Reducci\u00f3n de CO2 ligada a los viajes;<\/li>\n<li>Registro e informes detallados al final de cada intervenci\u00f3n;<\/li>\n<li>Reducci\u00f3n del margen de error.<\/li>\n<\/ul>\n<p>Esta tecnolog\u00eda no solo<strong> reduce el tiempo de inactividad<\/strong> y los costos asociados con las intervenciones in situ, sino que tambi\u00e9n ayuda a <strong>mejorar la eficiencia general del soporte t\u00e9cnico<\/strong>, abriendo nuevas perspectivas en la gesti\u00f3n de problemas remotos.<\/p>\n<\/div>\n                                \n            \n        <\/div>\n\n        <!-- Image Col -->\n        <div class=\"col-12 col-lg-5 d-flex align-items-center justify-content-center order-1 \">\n\n            <!-- Image Group -->\n            \n                 <!-- Image (with or without Link) -->\n                                                             <img decoding=\"async\" src=\"https:\/\/chimiver.com\/wp-content\/uploads\/2024\/02\/innovazione_1.jpg\" alt=\"Azienda-Italiana-Prodotti-Professionali-Sostenibili-Posa-Trattamento-Manutenzione-Pavimenti-Legno-Parquet-Resina-Resilienti-Decking-WPC-Erba-Sintetica-Progettisti-Chimiver-Innovazione-Sostenibile\" class=\"img-fluid\">\n                                    \n            \n        <\/div>\n    <\/div>\n<\/div>\n<\/section>","protected":false},"excerpt":{"rendered":"","protected":false},"author":2,"featured_media":0,"parent":0,"menu_order":9,"comment_status":"closed","ping_status":"closed","template":"","meta":{"_acf_changed":false,"inline_featured_image":false,"footnotes":""},"class_list":["post-21344","page","type-page","status-publish","hentry"],"acf":[],"yoast_head":"<!-- This site is optimized with the Yoast SEO plugin v26.2 - https:\/\/yoast.com\/wordpress\/plugins\/seo\/ -->\n<title>Asistencia t\u00e9cnica con realidad aumentada - Asistencia a distancia<\/title>\n<meta name=\"description\" content=\"Visita la secci\u00f3n Asistencia t\u00e9cnica con realidad aumentada. La realidad aumentada est\u00e1 permitiendo a Chimiver ofrecer asistencia t\u00e9cnica a distancia en tiempo real. Descubre c\u00f3mo.\" \/>\n<meta name=\"robots\" content=\"index, follow, max-snippet:-1, max-image-preview:large, max-video-preview:-1\" \/>\n<link rel=\"canonical\" href=\"https:\/\/chimiver.com\/es\/asistencia-tecnica-con-realidad-aumentada\/\" \/>\n<meta property=\"og:locale\" content=\"es_ES\" \/>\n<meta property=\"og:type\" content=\"article\" \/>\n<meta property=\"og:title\" content=\"Asistencia t\u00e9cnica con realidad aumentada - Asistencia a distancia\" \/>\n<meta property=\"og:description\" content=\"Visita la secci\u00f3n Asistencia t\u00e9cnica con realidad aumentada. La realidad aumentada est\u00e1 permitiendo a Chimiver ofrecer asistencia t\u00e9cnica a distancia en tiempo real. Descubre c\u00f3mo.\" \/>\n<meta property=\"og:url\" content=\"https:\/\/chimiver.com\/es\/asistencia-tecnica-con-realidad-aumentada\/\" \/>\n<meta property=\"og:site_name\" content=\"Chimiver\" \/>\n<meta property=\"article:publisher\" content=\"https:\/\/www.facebook.com\/chimiver\" \/>\n<meta property=\"article:modified_time\" content=\"2024-10-28T11:23:59+00:00\" \/>\n<meta property=\"og:image\" content=\"https:\/\/chimiver.com\/wp-content\/uploads\/2022\/06\/Chimiver_500x500.jpg\" \/>\n\t<meta property=\"og:image:width\" content=\"500\" \/>\n\t<meta property=\"og:image:height\" content=\"500\" \/>\n\t<meta property=\"og:image:type\" content=\"image\/jpeg\" \/>\n<meta name=\"twitter:card\" content=\"summary_large_image\" \/>\n<script type=\"application\/ld+json\" class=\"yoast-schema-graph\">{\"@context\":\"https:\/\/schema.org\",\"@graph\":[{\"@type\":\"WebPage\",\"@id\":\"https:\/\/chimiver.com\/es\/asistencia-tecnica-con-realidad-aumentada\/\",\"url\":\"https:\/\/chimiver.com\/es\/asistencia-tecnica-con-realidad-aumentada\/\",\"name\":\"Asistencia t\u00e9cnica con realidad aumentada - Asistencia a distancia\",\"isPartOf\":{\"@id\":\"https:\/\/chimiver.com\/es\/#website\"},\"datePublished\":\"2024-02-15T14:15:31+00:00\",\"dateModified\":\"2024-10-28T11:23:59+00:00\",\"description\":\"Visita la secci\u00f3n Asistencia t\u00e9cnica con realidad aumentada. La realidad aumentada est\u00e1 permitiendo a Chimiver ofrecer asistencia t\u00e9cnica a distancia en tiempo real. Descubre c\u00f3mo.\",\"breadcrumb\":{\"@id\":\"https:\/\/chimiver.com\/es\/asistencia-tecnica-con-realidad-aumentada\/#breadcrumb\"},\"inLanguage\":\"es\",\"potentialAction\":[{\"@type\":\"ReadAction\",\"target\":[\"https:\/\/chimiver.com\/es\/asistencia-tecnica-con-realidad-aumentada\/\"]}]},{\"@type\":\"BreadcrumbList\",\"@id\":\"https:\/\/chimiver.com\/es\/asistencia-tecnica-con-realidad-aumentada\/#breadcrumb\",\"itemListElement\":[{\"@type\":\"ListItem\",\"position\":1,\"name\":\"Home\",\"item\":\"https:\/\/chimiver.com\/es\/\"},{\"@type\":\"ListItem\",\"position\":2,\"name\":\"Asistencia t\u00e9cnica con realidad aumentada\"}]},{\"@type\":\"WebSite\",\"@id\":\"https:\/\/chimiver.com\/es\/#website\",\"url\":\"https:\/\/chimiver.com\/es\/\",\"name\":\"Chimiver, Your floors partner\",\"description\":\"Su partner de pisos\",\"publisher\":{\"@id\":\"https:\/\/chimiver.com\/es\/#organization\"},\"alternateName\":\"Chimiver\",\"potentialAction\":[{\"@type\":\"SearchAction\",\"target\":{\"@type\":\"EntryPoint\",\"urlTemplate\":\"https:\/\/chimiver.com\/es\/?s={search_term_string}\"},\"query-input\":{\"@type\":\"PropertyValueSpecification\",\"valueRequired\":true,\"valueName\":\"search_term_string\"}}],\"inLanguage\":\"es\"},{\"@type\":\"Organization\",\"@id\":\"https:\/\/chimiver.com\/es\/#organization\",\"name\":\"Chimiver\",\"url\":\"https:\/\/chimiver.com\/es\/\",\"logo\":{\"@type\":\"ImageObject\",\"inLanguage\":\"es\",\"@id\":\"https:\/\/chimiver.com\/es\/#\/schema\/logo\/image\/\",\"url\":\"https:\/\/chimiver.com\/wp-content\/uploads\/2022\/06\/Chimiver_500x500.jpg\",\"contentUrl\":\"https:\/\/chimiver.com\/wp-content\/uploads\/2022\/06\/Chimiver_500x500.jpg\",\"width\":500,\"height\":500,\"caption\":\"Chimiver\"},\"image\":{\"@id\":\"https:\/\/chimiver.com\/es\/#\/schema\/logo\/image\/\"},\"sameAs\":[\"https:\/\/www.facebook.com\/chimiver\"]}]}<\/script>\n<!-- \/ Yoast SEO plugin. -->","yoast_head_json":{"title":"Asistencia t\u00e9cnica con realidad aumentada - Asistencia a distancia","description":"Visita la secci\u00f3n Asistencia t\u00e9cnica con realidad aumentada. La realidad aumentada est\u00e1 permitiendo a Chimiver ofrecer asistencia t\u00e9cnica a distancia en tiempo real. Descubre c\u00f3mo.","robots":{"index":"index","follow":"follow","max-snippet":"max-snippet:-1","max-image-preview":"max-image-preview:large","max-video-preview":"max-video-preview:-1"},"canonical":"https:\/\/chimiver.com\/es\/asistencia-tecnica-con-realidad-aumentada\/","og_locale":"es_ES","og_type":"article","og_title":"Asistencia t\u00e9cnica con realidad aumentada - Asistencia a distancia","og_description":"Visita la secci\u00f3n Asistencia t\u00e9cnica con realidad aumentada. La realidad aumentada est\u00e1 permitiendo a Chimiver ofrecer asistencia t\u00e9cnica a distancia en tiempo real. Descubre c\u00f3mo.","og_url":"https:\/\/chimiver.com\/es\/asistencia-tecnica-con-realidad-aumentada\/","og_site_name":"Chimiver","article_publisher":"https:\/\/www.facebook.com\/chimiver","article_modified_time":"2024-10-28T11:23:59+00:00","og_image":[{"width":500,"height":500,"url":"https:\/\/chimiver.com\/wp-content\/uploads\/2022\/06\/Chimiver_500x500.jpg","type":"image\/jpeg"}],"twitter_card":"summary_large_image","schema":{"@context":"https:\/\/schema.org","@graph":[{"@type":"WebPage","@id":"https:\/\/chimiver.com\/es\/asistencia-tecnica-con-realidad-aumentada\/","url":"https:\/\/chimiver.com\/es\/asistencia-tecnica-con-realidad-aumentada\/","name":"Asistencia t\u00e9cnica con realidad aumentada - Asistencia a distancia","isPartOf":{"@id":"https:\/\/chimiver.com\/es\/#website"},"datePublished":"2024-02-15T14:15:31+00:00","dateModified":"2024-10-28T11:23:59+00:00","description":"Visita la secci\u00f3n Asistencia t\u00e9cnica con realidad aumentada. La realidad aumentada est\u00e1 permitiendo a Chimiver ofrecer asistencia t\u00e9cnica a distancia en tiempo real. Descubre c\u00f3mo.","breadcrumb":{"@id":"https:\/\/chimiver.com\/es\/asistencia-tecnica-con-realidad-aumentada\/#breadcrumb"},"inLanguage":"es","potentialAction":[{"@type":"ReadAction","target":["https:\/\/chimiver.com\/es\/asistencia-tecnica-con-realidad-aumentada\/"]}]},{"@type":"BreadcrumbList","@id":"https:\/\/chimiver.com\/es\/asistencia-tecnica-con-realidad-aumentada\/#breadcrumb","itemListElement":[{"@type":"ListItem","position":1,"name":"Home","item":"https:\/\/chimiver.com\/es\/"},{"@type":"ListItem","position":2,"name":"Asistencia t\u00e9cnica con realidad aumentada"}]},{"@type":"WebSite","@id":"https:\/\/chimiver.com\/es\/#website","url":"https:\/\/chimiver.com\/es\/","name":"Chimiver, Your floors partner","description":"Su partner de pisos","publisher":{"@id":"https:\/\/chimiver.com\/es\/#organization"},"alternateName":"Chimiver","potentialAction":[{"@type":"SearchAction","target":{"@type":"EntryPoint","urlTemplate":"https:\/\/chimiver.com\/es\/?s={search_term_string}"},"query-input":{"@type":"PropertyValueSpecification","valueRequired":true,"valueName":"search_term_string"}}],"inLanguage":"es"},{"@type":"Organization","@id":"https:\/\/chimiver.com\/es\/#organization","name":"Chimiver","url":"https:\/\/chimiver.com\/es\/","logo":{"@type":"ImageObject","inLanguage":"es","@id":"https:\/\/chimiver.com\/es\/#\/schema\/logo\/image\/","url":"https:\/\/chimiver.com\/wp-content\/uploads\/2022\/06\/Chimiver_500x500.jpg","contentUrl":"https:\/\/chimiver.com\/wp-content\/uploads\/2022\/06\/Chimiver_500x500.jpg","width":500,"height":500,"caption":"Chimiver"},"image":{"@id":"https:\/\/chimiver.com\/es\/#\/schema\/logo\/image\/"},"sameAs":["https:\/\/www.facebook.com\/chimiver"]}]}},"_links":{"self":[{"href":"https:\/\/chimiver.com\/es\/wp-json\/wp\/v2\/pages\/21344","targetHints":{"allow":["GET"]}}],"collection":[{"href":"https:\/\/chimiver.com\/es\/wp-json\/wp\/v2\/pages"}],"about":[{"href":"https:\/\/chimiver.com\/es\/wp-json\/wp\/v2\/types\/page"}],"author":[{"embeddable":true,"href":"https:\/\/chimiver.com\/es\/wp-json\/wp\/v2\/users\/2"}],"replies":[{"embeddable":true,"href":"https:\/\/chimiver.com\/es\/wp-json\/wp\/v2\/comments?post=21344"}],"version-history":[{"count":1,"href":"https:\/\/chimiver.com\/es\/wp-json\/wp\/v2\/pages\/21344\/revisions"}],"predecessor-version":[{"id":21346,"href":"https:\/\/chimiver.com\/es\/wp-json\/wp\/v2\/pages\/21344\/revisions\/21346"}],"wp:attachment":[{"href":"https:\/\/chimiver.com\/es\/wp-json\/wp\/v2\/media?parent=21344"}],"curies":[{"name":"wp","href":"https:\/\/api.w.org\/{rel}","templated":true}]}}