{"id":21348,"date":"2024-01-09T14:51:56","date_gmt":"2024-01-09T13:51:56","guid":{"rendered":"https:\/\/chimiver.com\/edilizia-sostenibile-prodotti-a-bassa-emissione\/"},"modified":"2025-10-23T16:42:00","modified_gmt":"2025-10-23T14:42:00","slug":"construccion-sostenible-productos-bajos-en-emisiones","status":"publish","type":"page","link":"https:\/\/chimiver.com\/es\/construccion-sostenible-productos-bajos-en-emisiones\/","title":{"rendered":"Construcci\u00f3n sostenible: productos bajos en emisiones"},"content":{"rendered":"<section id=\"customlink_block-block_d9c457a6babfa6afc4047786fba28d83\" class=\"text-image-block pubfa-block\" style=\"background-color:#FFFFFF;color:#2E2D2C;text-align:left;padding:45px 0;\">\n<div class=\"container\">\n    <div class=\"row\">\n\n        <!-- Text Col -->\n        <div class=\"col-12 col-lg-7 d-flex flex-column order-2 justify-content-start \">\n\n            <!-- Text Group -->\n            \n                <!-- Title (with or without Link) -->\n                \n                <!-- Content -->\n                                    <div class=\"pubfa-block-text-1\"><h1>Construcci\u00f3n sostenible: productos bajos en emisiones<\/h1>\n<p>&nbsp;<\/p>\n<p>El <strong>sector de la construcci\u00f3n<\/strong> est\u00e1 demostrando una conciencia cada vez mayor, adoptando enfoques sin\u00e9rgicos que combinan sostenibilidad, innovaci\u00f3n, calidad de la construcci\u00f3n, dise\u00f1o y tecnolog\u00eda de vanguardia. Las empresas constructoras en su conjunto emergen como protagonistas clave de la construcci\u00f3n sostenible, influyendo en toda la cadena de dise\u00f1o, producci\u00f3n y mantenimiento.<\/p>\n<p>Esta nueva perspectiva que involucra a dise\u00f1adores, arquitectos, ingenieros, interioristas y exteriores, promueve en realidad un cambio significativo en toda la cadena de suministro.<\/p>\n<\/div>\n                                \n            \n        <\/div>\n\n        <!-- Image Col -->\n        <div class=\"col-12 col-lg-5 d-flex align-items-center justify-content-center order-3 \">\n\n            <!-- Image Group -->\n            \n                 <!-- Image (with or without Link) -->\n                                                             <img decoding=\"async\" src=\"https:\/\/chimiver.com\/wp-content\/uploads\/2024\/02\/Edilizia-sostenibile_1.jpg\" alt=\"Azienda-Italiana-Prodotti-Professionali-Sostenibili-Posa-Trattamento-Manutenzione-Pavimenti-Legno-Resina-Resilienti-Decking-WPC-Erba-Sintetica-Progettisti-Chimiver-Edilizia-Sostenibile-Cantiere-Green\" class=\"img-fluid\">\n                                    \n            \n        <\/div>\n    <\/div>\n<\/div>\n<\/section><section id=\"customlink_block-block_856f38972ff0f80b8366cf9bc7f04d40\" class=\"text-image-block pubfa-block\" style=\"background-color:#FFFFFF;color:#2E2D2C;text-align:left;padding:45px 0;\">\n<div class=\"container\">\n    <div class=\"row\">\n\n        <!-- Text Col -->\n        <div class=\"col-12 col-lg-7 d-flex flex-column order-2 justify-content-start \">\n\n            <!-- Text Group -->\n            \n                <!-- Title (with or without Link) -->\n                \n                <!-- Content -->\n                                    <div class=\"pubfa-block-text-1\"><h2>La estrategia de Chimiver<\/h2>\n<p>&nbsp;<\/p>\n<p>La estrategia distintiva de <strong>Chimiver Panseri S.p.A.<\/strong> se basa en el compromiso incesante por formular productos avanzados, como pinturas y adhesivos, que combinen innovaci\u00f3n, sostenibilidad y desempe\u00f1o superior. Nuestra filosof\u00eda se refleja en la investigaci\u00f3n y el desarrollo donde cada d\u00eda intentamos crear productos de vanguardia:<\/p>\n<ul>\n<li>utilizar materias primas con reducido impacto ambiental, eliminando cualquier disolvente responsable de las emisiones de COV;<\/li>\n<li>utilizar materias primas de calidad que alargan la vida de los productos;<\/li>\n<li>certificar todos los productos nuevos;<\/li>\n<li>utilizando resinas de base biol\u00f3gica.<\/li>\n<\/ul>\n<\/div>\n                                \n            \n        <\/div>\n\n        <!-- Image Col -->\n        <div class=\"col-12 col-lg-5 d-flex align-items-center justify-content-center order-1 \">\n\n            <!-- Image Group -->\n            \n                 <!-- Image (with or without Link) -->\n                                                             <img decoding=\"async\" src=\"https:\/\/chimiver.com\/wp-content\/uploads\/2024\/02\/Edilizia-sostenibile_2.jpg\" alt=\"Azienda-Italiana-Prodotti-Professionali-Sostenibili-Posa-Trattamento-Manutenzione-Pavimenti-Legno-Resina-Resilienti-Decking-WPC-Erba-Sintetica-Progettisti-Chimiver-Edilizia-Sostenibile-Casa\" class=\"img-fluid\">\n                                    \n            \n        <\/div>\n    <\/div>\n<\/div>\n<\/section><section id=\"customlink_block-block_d66104ce75c8570881307dcc7b59acba\" class=\"text-icon-block pubfa-block\" style=\"background-color:#FFFFFF;color:#2E2D2C;text-align:center;\">\n    <div class=\"container\">\n        <div class=\"d-flex flex-column justify-content-center \">\n\n            <!-- Image Group -->\n            \n                 <!-- Image (with or without Link) -->\n                 \n            \n            <!-- Text Group -->\n            \n                <!-- Title (with or without Link) -->\n                \n                <!-- Content -->\n                                    <div class=\"pubfa-block-text-1\"><h3>Est\u00e1 claro que el mundo requiere una transformaci\u00f3n sostenible incluso en el proceso de construcci\u00f3n. Nuestras soluciones est\u00e1n dise\u00f1adas para integrarse en los edificios en cada etapa, desde el dise\u00f1o y la construcci\u00f3n hasta la renovaci\u00f3n.<\/h3>\n<\/div>\n                                \n            \n        <\/div>\n    <\/div>\n<\/section>","protected":false},"excerpt":{"rendered":"","protected":false},"author":2,"featured_media":0,"parent":0,"menu_order":34,"comment_status":"closed","ping_status":"closed","template":"","meta":{"_acf_changed":false,"inline_featured_image":false,"footnotes":""},"class_list":["post-21348","page","type-page","status-publish","hentry"],"acf":[],"yoast_head":"<!-- This site is optimized with the Yoast SEO plugin v26.2 - https:\/\/yoast.com\/wordpress\/plugins\/seo\/ -->\n<title>Construcci\u00f3n sostenible - Productos sostenibles e innovadores<\/title>\n<meta name=\"description\" content=\"Visita la secci\u00f3n Construcci\u00f3n sostenible: productos bajos en emisiones. La estrategia distintiva de Chimiver se basa en el continuo compromiso de formular productos avanzados (adhesivos y pinturas) que combinan innovaci\u00f3n, sostenibilidad y un rendimiento superior.\" \/>\n<meta name=\"robots\" content=\"index, follow, max-snippet:-1, max-image-preview:large, max-video-preview:-1\" \/>\n<link rel=\"canonical\" href=\"https:\/\/chimiver.com\/es\/construccion-sostenible-productos-bajos-en-emisiones\/\" \/>\n<meta property=\"og:locale\" content=\"es_ES\" \/>\n<meta property=\"og:type\" content=\"article\" \/>\n<meta property=\"og:title\" content=\"Construcci\u00f3n sostenible - Productos sostenibles e innovadores\" \/>\n<meta property=\"og:description\" content=\"Visita la secci\u00f3n Construcci\u00f3n sostenible: productos bajos en emisiones. La estrategia distintiva de Chimiver se basa en el continuo compromiso de formular productos avanzados (adhesivos y pinturas) que combinan innovaci\u00f3n, sostenibilidad y un rendimiento superior.\" \/>\n<meta property=\"og:url\" content=\"https:\/\/chimiver.com\/es\/construccion-sostenible-productos-bajos-en-emisiones\/\" \/>\n<meta property=\"og:site_name\" content=\"Chimiver\" \/>\n<meta property=\"article:publisher\" content=\"https:\/\/www.facebook.com\/chimiver\" \/>\n<meta property=\"article:modified_time\" content=\"2025-10-23T14:42:00+00:00\" \/>\n<meta property=\"og:image\" content=\"https:\/\/chimiver.com\/wp-content\/uploads\/2022\/06\/Chimiver_500x500.jpg\" \/>\n\t<meta property=\"og:image:width\" content=\"500\" \/>\n\t<meta property=\"og:image:height\" content=\"500\" \/>\n\t<meta property=\"og:image:type\" content=\"image\/jpeg\" \/>\n<meta name=\"twitter:card\" content=\"summary_large_image\" \/>\n<script type=\"application\/ld+json\" class=\"yoast-schema-graph\">{\"@context\":\"https:\/\/schema.org\",\"@graph\":[{\"@type\":\"WebPage\",\"@id\":\"https:\/\/chimiver.com\/es\/construccion-sostenible-productos-bajos-en-emisiones\/\",\"url\":\"https:\/\/chimiver.com\/es\/construccion-sostenible-productos-bajos-en-emisiones\/\",\"name\":\"Construcci\u00f3n sostenible - Productos sostenibles e innovadores\",\"isPartOf\":{\"@id\":\"https:\/\/chimiver.com\/es\/#website\"},\"datePublished\":\"2024-01-09T13:51:56+00:00\",\"dateModified\":\"2025-10-23T14:42:00+00:00\",\"description\":\"Visita la secci\u00f3n Construcci\u00f3n sostenible: productos bajos en emisiones. La estrategia distintiva de Chimiver se basa en el continuo compromiso de formular productos avanzados (adhesivos y pinturas) que combinan innovaci\u00f3n, sostenibilidad y un rendimiento superior.\",\"breadcrumb\":{\"@id\":\"https:\/\/chimiver.com\/es\/construccion-sostenible-productos-bajos-en-emisiones\/#breadcrumb\"},\"inLanguage\":\"es\",\"potentialAction\":[{\"@type\":\"ReadAction\",\"target\":[\"https:\/\/chimiver.com\/es\/construccion-sostenible-productos-bajos-en-emisiones\/\"]}]},{\"@type\":\"BreadcrumbList\",\"@id\":\"https:\/\/chimiver.com\/es\/construccion-sostenible-productos-bajos-en-emisiones\/#breadcrumb\",\"itemListElement\":[{\"@type\":\"ListItem\",\"position\":1,\"name\":\"Home\",\"item\":\"https:\/\/chimiver.com\/es\/\"},{\"@type\":\"ListItem\",\"position\":2,\"name\":\"Construcci\u00f3n sostenible: productos bajos en emisiones\"}]},{\"@type\":\"WebSite\",\"@id\":\"https:\/\/chimiver.com\/es\/#website\",\"url\":\"https:\/\/chimiver.com\/es\/\",\"name\":\"Chimiver, Your floors partner\",\"description\":\"Su partner de pisos\",\"publisher\":{\"@id\":\"https:\/\/chimiver.com\/es\/#organization\"},\"alternateName\":\"Chimiver\",\"potentialAction\":[{\"@type\":\"SearchAction\",\"target\":{\"@type\":\"EntryPoint\",\"urlTemplate\":\"https:\/\/chimiver.com\/es\/?s={search_term_string}\"},\"query-input\":{\"@type\":\"PropertyValueSpecification\",\"valueRequired\":true,\"valueName\":\"search_term_string\"}}],\"inLanguage\":\"es\"},{\"@type\":\"Organization\",\"@id\":\"https:\/\/chimiver.com\/es\/#organization\",\"name\":\"Chimiver\",\"url\":\"https:\/\/chimiver.com\/es\/\",\"logo\":{\"@type\":\"ImageObject\",\"inLanguage\":\"es\",\"@id\":\"https:\/\/chimiver.com\/es\/#\/schema\/logo\/image\/\",\"url\":\"https:\/\/chimiver.com\/wp-content\/uploads\/2022\/06\/Chimiver_500x500.jpg\",\"contentUrl\":\"https:\/\/chimiver.com\/wp-content\/uploads\/2022\/06\/Chimiver_500x500.jpg\",\"width\":500,\"height\":500,\"caption\":\"Chimiver\"},\"image\":{\"@id\":\"https:\/\/chimiver.com\/es\/#\/schema\/logo\/image\/\"},\"sameAs\":[\"https:\/\/www.facebook.com\/chimiver\"]}]}<\/script>\n<!-- \/ Yoast SEO plugin. -->","yoast_head_json":{"title":"Construcci\u00f3n sostenible - Productos sostenibles e innovadores","description":"Visita la secci\u00f3n Construcci\u00f3n sostenible: productos bajos en emisiones. La estrategia distintiva de Chimiver se basa en el continuo compromiso de formular productos avanzados (adhesivos y pinturas) que combinan innovaci\u00f3n, sostenibilidad y un rendimiento superior.","robots":{"index":"index","follow":"follow","max-snippet":"max-snippet:-1","max-image-preview":"max-image-preview:large","max-video-preview":"max-video-preview:-1"},"canonical":"https:\/\/chimiver.com\/es\/construccion-sostenible-productos-bajos-en-emisiones\/","og_locale":"es_ES","og_type":"article","og_title":"Construcci\u00f3n sostenible - Productos sostenibles e innovadores","og_description":"Visita la secci\u00f3n Construcci\u00f3n sostenible: productos bajos en emisiones. La estrategia distintiva de Chimiver se basa en el continuo compromiso de formular productos avanzados (adhesivos y pinturas) que combinan innovaci\u00f3n, sostenibilidad y un rendimiento superior.","og_url":"https:\/\/chimiver.com\/es\/construccion-sostenible-productos-bajos-en-emisiones\/","og_site_name":"Chimiver","article_publisher":"https:\/\/www.facebook.com\/chimiver","article_modified_time":"2025-10-23T14:42:00+00:00","og_image":[{"width":500,"height":500,"url":"https:\/\/chimiver.com\/wp-content\/uploads\/2022\/06\/Chimiver_500x500.jpg","type":"image\/jpeg"}],"twitter_card":"summary_large_image","schema":{"@context":"https:\/\/schema.org","@graph":[{"@type":"WebPage","@id":"https:\/\/chimiver.com\/es\/construccion-sostenible-productos-bajos-en-emisiones\/","url":"https:\/\/chimiver.com\/es\/construccion-sostenible-productos-bajos-en-emisiones\/","name":"Construcci\u00f3n sostenible - Productos sostenibles e innovadores","isPartOf":{"@id":"https:\/\/chimiver.com\/es\/#website"},"datePublished":"2024-01-09T13:51:56+00:00","dateModified":"2025-10-23T14:42:00+00:00","description":"Visita la secci\u00f3n Construcci\u00f3n sostenible: productos bajos en emisiones. La estrategia distintiva de Chimiver se basa en el continuo compromiso de formular productos avanzados (adhesivos y pinturas) que combinan innovaci\u00f3n, sostenibilidad y un rendimiento superior.","breadcrumb":{"@id":"https:\/\/chimiver.com\/es\/construccion-sostenible-productos-bajos-en-emisiones\/#breadcrumb"},"inLanguage":"es","potentialAction":[{"@type":"ReadAction","target":["https:\/\/chimiver.com\/es\/construccion-sostenible-productos-bajos-en-emisiones\/"]}]},{"@type":"BreadcrumbList","@id":"https:\/\/chimiver.com\/es\/construccion-sostenible-productos-bajos-en-emisiones\/#breadcrumb","itemListElement":[{"@type":"ListItem","position":1,"name":"Home","item":"https:\/\/chimiver.com\/es\/"},{"@type":"ListItem","position":2,"name":"Construcci\u00f3n sostenible: productos bajos en emisiones"}]},{"@type":"WebSite","@id":"https:\/\/chimiver.com\/es\/#website","url":"https:\/\/chimiver.com\/es\/","name":"Chimiver, Your floors partner","description":"Su partner de pisos","publisher":{"@id":"https:\/\/chimiver.com\/es\/#organization"},"alternateName":"Chimiver","potentialAction":[{"@type":"SearchAction","target":{"@type":"EntryPoint","urlTemplate":"https:\/\/chimiver.com\/es\/?s={search_term_string}"},"query-input":{"@type":"PropertyValueSpecification","valueRequired":true,"valueName":"search_term_string"}}],"inLanguage":"es"},{"@type":"Organization","@id":"https:\/\/chimiver.com\/es\/#organization","name":"Chimiver","url":"https:\/\/chimiver.com\/es\/","logo":{"@type":"ImageObject","inLanguage":"es","@id":"https:\/\/chimiver.com\/es\/#\/schema\/logo\/image\/","url":"https:\/\/chimiver.com\/wp-content\/uploads\/2022\/06\/Chimiver_500x500.jpg","contentUrl":"https:\/\/chimiver.com\/wp-content\/uploads\/2022\/06\/Chimiver_500x500.jpg","width":500,"height":500,"caption":"Chimiver"},"image":{"@id":"https:\/\/chimiver.com\/es\/#\/schema\/logo\/image\/"},"sameAs":["https:\/\/www.facebook.com\/chimiver"]}]}},"_links":{"self":[{"href":"https:\/\/chimiver.com\/es\/wp-json\/wp\/v2\/pages\/21348","targetHints":{"allow":["GET"]}}],"collection":[{"href":"https:\/\/chimiver.com\/es\/wp-json\/wp\/v2\/pages"}],"about":[{"href":"https:\/\/chimiver.com\/es\/wp-json\/wp\/v2\/types\/page"}],"author":[{"embeddable":true,"href":"https:\/\/chimiver.com\/es\/wp-json\/wp\/v2\/users\/2"}],"replies":[{"embeddable":true,"href":"https:\/\/chimiver.com\/es\/wp-json\/wp\/v2\/comments?post=21348"}],"version-history":[{"count":3,"href":"https:\/\/chimiver.com\/es\/wp-json\/wp\/v2\/pages\/21348\/revisions"}],"predecessor-version":[{"id":23909,"href":"https:\/\/chimiver.com\/es\/wp-json\/wp\/v2\/pages\/21348\/revisions\/23909"}],"wp:attachment":[{"href":"https:\/\/chimiver.com\/es\/wp-json\/wp\/v2\/media?parent=21348"}],"curies":[{"name":"wp","href":"https:\/\/api.w.org\/{rel}","templated":true}]}}