{"id":21356,"date":"2024-01-09T14:28:47","date_gmt":"2024-01-09T13:28:47","guid":{"rendered":"https:\/\/chimiver.com\/appalti-pubblici\/"},"modified":"2024-10-28T13:00:02","modified_gmt":"2024-10-28T12:00:02","slug":"contratacion-publica","status":"publish","type":"page","link":"https:\/\/chimiver.com\/es\/contratacion-publica\/","title":{"rendered":"Contrataci\u00f3n p\u00fablica"},"content":{"rendered":"<section id=\"customlink_block-block_9d8786b58dec72336677698276060915\" class=\"text-image-block pubfa-block\" style=\"background-color:#FFFFFF;color:#2E2D2C;text-align:left;padding:45px 0;\">\n<div class=\"container\">\n    <div class=\"row\">\n\n        <!-- Text Col -->\n        <div class=\"col-12 col-lg-7 d-flex flex-column order-2 justify-content-start \">\n\n            <!-- Text Group -->\n            \n                <!-- Title (with or without Link) -->\n                \n                <!-- Content -->\n                                    <div class=\"pubfa-block-text-1\"><h1><strong>GPP (Green Public Procurement)<\/strong><\/h1>\n<p>La <strong>GPP (Green Public Procurement<\/strong>, introducida en Italia desde 2008 se considera el principal instrumento de la Estrategia Europea sobre \u00abConsumo y Producci\u00f3n Sostenibles\u00bb. Representa un medio de intervenci\u00f3n en la <strong>pol\u00edtica ambiental<\/strong> destinado a promover un mercado orientado hacia productos y servicios con menor impacto ambiental mediante la adopci\u00f3n, a trav\u00e9s de decretos ministeriales, de los <strong>Criterios Ambientales M\u00ednimos (CAM)<\/strong> para cada categor\u00eda de productos, servicios y obras adquiridas o encomendadas por la Administraci\u00f3n P\u00fablica. Utiliza la demanda p\u00fablica como palanca para apoyar este desarrollo, contribuyendo significativamente a la consecuci\u00f3n de los objetivos de las principales estrategias europeas, como la eficiencia de los recursos y la econom\u00eda circular.<\/p>\n<\/div>\n                                \n            \n        <\/div>\n\n        <!-- Image Col -->\n        <div class=\"col-12 col-lg-5 d-flex align-items-center justify-content-center order-3 \">\n\n            <!-- Image Group -->\n            \n                 <!-- Image (with or without Link) -->\n                                                             <img decoding=\"async\" src=\"https:\/\/chimiver.com\/wp-content\/uploads\/2024\/02\/appalti-pubblici.jpg\" alt=\"Azienda-Italiana-Prodotti-Professionali-Sostenibili-Posa-Trattamento-Manutenzione-Pavimenti-Legno-Resina-Resilienti-Decking-WPC-Erba-Sintetica-Progettisti-Chimiver-Appalti-Pubblici-1\" class=\"img-fluid\">\n                                    \n            \n        <\/div>\n    <\/div>\n<\/div>\n<\/section><section id=\"customlink_block-block_7fc0d4e9a40d96d76d4c23f27fd0b5af\" class=\"text-image-block pubfa-block\" style=\"background-color:#FFFFFF;color:#2E2D2C;text-align:left;padding:45px 0;\">\n<div class=\"container\">\n    <div class=\"row\">\n\n        <!-- Text Col -->\n        <div class=\"col-12 col-lg-7 d-flex flex-column order-2 justify-content-start \">\n\n            <!-- Text Group -->\n            \n                <!-- Title (with or without Link) -->\n                \n                <!-- Content -->\n                                    <div class=\"pubfa-block-text-1\"><h2><strong>Criterios Ambientales M\u00ednimos (CAM)<\/strong><\/h2>\n<p><strong>Chimiver Panseri S.p.A.<\/strong> se sit\u00faa a la cabeza del sector ofreciendo una amplia gama de productos, todos estrictamente alineados con los r\u00edgidos est\u00e1ndares de los Criterios M\u00ednimos Ambientales (CAM), ofreciendo <strong>soluciones de alta calidad y vanguardia<\/strong> para satisfacer todas las necesidades. En Italia, la eficacia de las CAM ha sido garantizada por el art\u00edculo 18 de la Ley 221\/2015 y, posteriormente, por el art\u00edculo 34 relativo a los \u00abCriterios de sostenibilidad energ\u00e9tica y ambiental\u00bb del Decreto Legislativo 50\/2016, conocido como \u00abC\u00f3digo de Contrataci\u00f3n\u00bb modificado por Decreto Legislativo 56\/2017). Estas normas han hecho obligatoria la aplicaci\u00f3n de la CAM para todos los poderes adjudicadores.<\/p>\n<p>Por ello, ponemos a su disposici\u00f3n nuestro soporte, enriqueciendo nuestros productos con un \u00abmapeo\u00bb avanzado del cumplimiento de los Criterios M\u00ednimos Ambientales (CAM), accesible a trav\u00e9s de nuestro producto S-Card (Tarjeta de Sostenibilidad).<\/p>\n<p>Es esencial brindar soporte dedicado a nuestros clientes durante cada etapa del proceso de compra, garantizando una experiencia personalizada y asistencia constante para asegurar la m\u00e1xima satisfacci\u00f3n.<\/p>\n<p>&nbsp;<\/p>\n<p>&nbsp;<\/p>\n<\/div>\n                                \n            \n        <\/div>\n\n        <!-- Image Col -->\n        <div class=\"col-12 col-lg-5 d-flex align-items-center justify-content-center order-1 \">\n\n            <!-- Image Group -->\n            \n                 <!-- Image (with or without Link) -->\n                                                             <img decoding=\"async\" src=\"https:\/\/chimiver.com\/wp-content\/uploads\/2024\/02\/appalti-pubblici_1.jpg\" alt=\"Azienda-Italiana-Prodotti-Professionali-Sostenibili-Posa-Trattamento-Manutenzione-Pavimenti-Legno-Resina-Resilienti-Decking-WPC-Erba-Sintetica-Progettisti-Chimiver-Appalti-Pubblici-S-Card\" class=\"img-fluid\">\n                                    \n            \n        <\/div>\n    <\/div>\n<\/div>\n<\/section>","protected":false},"excerpt":{"rendered":"","protected":false},"author":2,"featured_media":0,"parent":0,"menu_order":35,"comment_status":"closed","ping_status":"closed","template":"","meta":{"_acf_changed":false,"inline_featured_image":false,"footnotes":""},"class_list":["post-21356","page","type-page","status-publish","hentry"],"acf":[],"yoast_head":"<!-- This site is optimized with the Yoast SEO plugin v26.2 - https:\/\/yoast.com\/wordpress\/plugins\/seo\/ -->\n<title>Contrataci\u00f3n p\u00fablica - Productos con los requisitos CAM<\/title>\n<meta name=\"description\" content=\"Visita la secci\u00f3n Contrataci\u00f3n p\u00fablica. Chimiver se posiciona en la cima del sector ofreciendo una amplia gama de productos, todos alineados con los est\u00e1ndares de los Criterios Ambientales M\u00ednimos (CAM).\" \/>\n<meta name=\"robots\" content=\"index, follow, max-snippet:-1, max-image-preview:large, max-video-preview:-1\" \/>\n<link rel=\"canonical\" href=\"https:\/\/chimiver.com\/es\/contratacion-publica\/\" \/>\n<meta property=\"og:locale\" content=\"es_ES\" \/>\n<meta property=\"og:type\" content=\"article\" \/>\n<meta property=\"og:title\" content=\"Contrataci\u00f3n p\u00fablica - Productos con los requisitos CAM\" \/>\n<meta property=\"og:description\" content=\"Visita la secci\u00f3n Contrataci\u00f3n p\u00fablica. Chimiver se posiciona en la cima del sector ofreciendo una amplia gama de productos, todos alineados con los est\u00e1ndares de los Criterios Ambientales M\u00ednimos (CAM).\" \/>\n<meta property=\"og:url\" content=\"https:\/\/chimiver.com\/es\/contratacion-publica\/\" \/>\n<meta property=\"og:site_name\" content=\"Chimiver\" \/>\n<meta property=\"article:publisher\" content=\"https:\/\/www.facebook.com\/chimiver\" \/>\n<meta property=\"article:modified_time\" content=\"2024-10-28T12:00:02+00:00\" \/>\n<meta property=\"og:image\" content=\"https:\/\/chimiver.com\/wp-content\/uploads\/2022\/06\/Chimiver_500x500.jpg\" \/>\n\t<meta property=\"og:image:width\" content=\"500\" \/>\n\t<meta property=\"og:image:height\" content=\"500\" \/>\n\t<meta property=\"og:image:type\" content=\"image\/jpeg\" \/>\n<meta name=\"twitter:card\" content=\"summary_large_image\" \/>\n<script type=\"application\/ld+json\" class=\"yoast-schema-graph\">{\"@context\":\"https:\/\/schema.org\",\"@graph\":[{\"@type\":\"WebPage\",\"@id\":\"https:\/\/chimiver.com\/es\/contratacion-publica\/\",\"url\":\"https:\/\/chimiver.com\/es\/contratacion-publica\/\",\"name\":\"Contrataci\u00f3n p\u00fablica - Productos con los requisitos CAM\",\"isPartOf\":{\"@id\":\"https:\/\/chimiver.com\/es\/#website\"},\"datePublished\":\"2024-01-09T13:28:47+00:00\",\"dateModified\":\"2024-10-28T12:00:02+00:00\",\"description\":\"Visita la secci\u00f3n Contrataci\u00f3n p\u00fablica. Chimiver se posiciona en la cima del sector ofreciendo una amplia gama de productos, todos alineados con los est\u00e1ndares de los Criterios Ambientales M\u00ednimos (CAM).\",\"breadcrumb\":{\"@id\":\"https:\/\/chimiver.com\/es\/contratacion-publica\/#breadcrumb\"},\"inLanguage\":\"es\",\"potentialAction\":[{\"@type\":\"ReadAction\",\"target\":[\"https:\/\/chimiver.com\/es\/contratacion-publica\/\"]}]},{\"@type\":\"BreadcrumbList\",\"@id\":\"https:\/\/chimiver.com\/es\/contratacion-publica\/#breadcrumb\",\"itemListElement\":[{\"@type\":\"ListItem\",\"position\":1,\"name\":\"Home\",\"item\":\"https:\/\/chimiver.com\/es\/\"},{\"@type\":\"ListItem\",\"position\":2,\"name\":\"Contrataci\u00f3n p\u00fablica\"}]},{\"@type\":\"WebSite\",\"@id\":\"https:\/\/chimiver.com\/es\/#website\",\"url\":\"https:\/\/chimiver.com\/es\/\",\"name\":\"Chimiver, Your floors partner\",\"description\":\"Su partner de pisos\",\"publisher\":{\"@id\":\"https:\/\/chimiver.com\/es\/#organization\"},\"alternateName\":\"Chimiver\",\"potentialAction\":[{\"@type\":\"SearchAction\",\"target\":{\"@type\":\"EntryPoint\",\"urlTemplate\":\"https:\/\/chimiver.com\/es\/?s={search_term_string}\"},\"query-input\":{\"@type\":\"PropertyValueSpecification\",\"valueRequired\":true,\"valueName\":\"search_term_string\"}}],\"inLanguage\":\"es\"},{\"@type\":\"Organization\",\"@id\":\"https:\/\/chimiver.com\/es\/#organization\",\"name\":\"Chimiver\",\"url\":\"https:\/\/chimiver.com\/es\/\",\"logo\":{\"@type\":\"ImageObject\",\"inLanguage\":\"es\",\"@id\":\"https:\/\/chimiver.com\/es\/#\/schema\/logo\/image\/\",\"url\":\"https:\/\/chimiver.com\/wp-content\/uploads\/2022\/06\/Chimiver_500x500.jpg\",\"contentUrl\":\"https:\/\/chimiver.com\/wp-content\/uploads\/2022\/06\/Chimiver_500x500.jpg\",\"width\":500,\"height\":500,\"caption\":\"Chimiver\"},\"image\":{\"@id\":\"https:\/\/chimiver.com\/es\/#\/schema\/logo\/image\/\"},\"sameAs\":[\"https:\/\/www.facebook.com\/chimiver\"]}]}<\/script>\n<!-- \/ Yoast SEO plugin. -->","yoast_head_json":{"title":"Contrataci\u00f3n p\u00fablica - Productos con los requisitos CAM","description":"Visita la secci\u00f3n Contrataci\u00f3n p\u00fablica. Chimiver se posiciona en la cima del sector ofreciendo una amplia gama de productos, todos alineados con los est\u00e1ndares de los Criterios Ambientales M\u00ednimos (CAM).","robots":{"index":"index","follow":"follow","max-snippet":"max-snippet:-1","max-image-preview":"max-image-preview:large","max-video-preview":"max-video-preview:-1"},"canonical":"https:\/\/chimiver.com\/es\/contratacion-publica\/","og_locale":"es_ES","og_type":"article","og_title":"Contrataci\u00f3n p\u00fablica - Productos con los requisitos CAM","og_description":"Visita la secci\u00f3n Contrataci\u00f3n p\u00fablica. Chimiver se posiciona en la cima del sector ofreciendo una amplia gama de productos, todos alineados con los est\u00e1ndares de los Criterios Ambientales M\u00ednimos (CAM).","og_url":"https:\/\/chimiver.com\/es\/contratacion-publica\/","og_site_name":"Chimiver","article_publisher":"https:\/\/www.facebook.com\/chimiver","article_modified_time":"2024-10-28T12:00:02+00:00","og_image":[{"width":500,"height":500,"url":"https:\/\/chimiver.com\/wp-content\/uploads\/2022\/06\/Chimiver_500x500.jpg","type":"image\/jpeg"}],"twitter_card":"summary_large_image","schema":{"@context":"https:\/\/schema.org","@graph":[{"@type":"WebPage","@id":"https:\/\/chimiver.com\/es\/contratacion-publica\/","url":"https:\/\/chimiver.com\/es\/contratacion-publica\/","name":"Contrataci\u00f3n p\u00fablica - Productos con los requisitos CAM","isPartOf":{"@id":"https:\/\/chimiver.com\/es\/#website"},"datePublished":"2024-01-09T13:28:47+00:00","dateModified":"2024-10-28T12:00:02+00:00","description":"Visita la secci\u00f3n Contrataci\u00f3n p\u00fablica. Chimiver se posiciona en la cima del sector ofreciendo una amplia gama de productos, todos alineados con los est\u00e1ndares de los Criterios Ambientales M\u00ednimos (CAM).","breadcrumb":{"@id":"https:\/\/chimiver.com\/es\/contratacion-publica\/#breadcrumb"},"inLanguage":"es","potentialAction":[{"@type":"ReadAction","target":["https:\/\/chimiver.com\/es\/contratacion-publica\/"]}]},{"@type":"BreadcrumbList","@id":"https:\/\/chimiver.com\/es\/contratacion-publica\/#breadcrumb","itemListElement":[{"@type":"ListItem","position":1,"name":"Home","item":"https:\/\/chimiver.com\/es\/"},{"@type":"ListItem","position":2,"name":"Contrataci\u00f3n p\u00fablica"}]},{"@type":"WebSite","@id":"https:\/\/chimiver.com\/es\/#website","url":"https:\/\/chimiver.com\/es\/","name":"Chimiver, Your floors partner","description":"Su partner de pisos","publisher":{"@id":"https:\/\/chimiver.com\/es\/#organization"},"alternateName":"Chimiver","potentialAction":[{"@type":"SearchAction","target":{"@type":"EntryPoint","urlTemplate":"https:\/\/chimiver.com\/es\/?s={search_term_string}"},"query-input":{"@type":"PropertyValueSpecification","valueRequired":true,"valueName":"search_term_string"}}],"inLanguage":"es"},{"@type":"Organization","@id":"https:\/\/chimiver.com\/es\/#organization","name":"Chimiver","url":"https:\/\/chimiver.com\/es\/","logo":{"@type":"ImageObject","inLanguage":"es","@id":"https:\/\/chimiver.com\/es\/#\/schema\/logo\/image\/","url":"https:\/\/chimiver.com\/wp-content\/uploads\/2022\/06\/Chimiver_500x500.jpg","contentUrl":"https:\/\/chimiver.com\/wp-content\/uploads\/2022\/06\/Chimiver_500x500.jpg","width":500,"height":500,"caption":"Chimiver"},"image":{"@id":"https:\/\/chimiver.com\/es\/#\/schema\/logo\/image\/"},"sameAs":["https:\/\/www.facebook.com\/chimiver"]}]}},"_links":{"self":[{"href":"https:\/\/chimiver.com\/es\/wp-json\/wp\/v2\/pages\/21356","targetHints":{"allow":["GET"]}}],"collection":[{"href":"https:\/\/chimiver.com\/es\/wp-json\/wp\/v2\/pages"}],"about":[{"href":"https:\/\/chimiver.com\/es\/wp-json\/wp\/v2\/types\/page"}],"author":[{"embeddable":true,"href":"https:\/\/chimiver.com\/es\/wp-json\/wp\/v2\/users\/2"}],"replies":[{"embeddable":true,"href":"https:\/\/chimiver.com\/es\/wp-json\/wp\/v2\/comments?post=21356"}],"version-history":[{"count":1,"href":"https:\/\/chimiver.com\/es\/wp-json\/wp\/v2\/pages\/21356\/revisions"}],"predecessor-version":[{"id":21358,"href":"https:\/\/chimiver.com\/es\/wp-json\/wp\/v2\/pages\/21356\/revisions\/21358"}],"wp:attachment":[{"href":"https:\/\/chimiver.com\/es\/wp-json\/wp\/v2\/media?parent=21356"}],"curies":[{"name":"wp","href":"https:\/\/api.w.org\/{rel}","templated":true}]}}