{"id":21360,"date":"2024-01-09T15:01:42","date_gmt":"2024-01-09T14:01:42","guid":{"rendered":"https:\/\/chimiver.com\/green-building\/"},"modified":"2024-10-28T14:00:51","modified_gmt":"2024-10-28T13:00:51","slug":"bioconstruccion","status":"publish","type":"page","link":"https:\/\/chimiver.com\/es\/bioconstruccion\/","title":{"rendered":"Bioconstrucci\u00f3n"},"content":{"rendered":"<section id=\"customlink_block-block_d8d5ef8f3054f3bae219c93e65d42d41\" class=\"text-icon-block pubfa-block\" style=\"background-color:#FFFFFF;color:#2E2D2C;text-align:center;\">\n    <div class=\"container\">\n        <div class=\"d-flex flex-column justify-content-center \">\n\n            <!-- Image Group -->\n            \n                 <!-- Image (with or without Link) -->\n                 \n            \n            <!-- Text Group -->\n            \n                <!-- Title (with or without Link) -->\n                \n                <!-- Content -->\n                                    <div class=\"pubfa-block-text-1\"><h1><strong>Bioconstrucci\u00f3n<\/strong><\/h1>\n<p>&nbsp;<\/p>\n<p>Una <strong>Bioconstrucci\u00f3n<\/strong> se define como un edificio que, desde la fase de dise\u00f1o hasta la construcci\u00f3n, est\u00e1 dise\u00f1ado para combinar alto rendimiento y sostenibilidad. Este enfoque tiene como objetivo mejorar tanto el bienestar de los ocupantes como reducir la huella ecol\u00f3gica general. En esencia, los edificios est\u00e1n dise\u00f1ados para minimizar la contaminaci\u00f3n y garantizar una mayor calidad de vida a sus habitantes. El objetivo, tanto a corto como a largo plazo, es no s\u00f3lo medir el impacto ecol\u00f3gico de un edificio, sino tambi\u00e9n reducirlo significativamente a lo largo de todo el ciclo de vida de la estructura.<\/p>\n<p>&nbsp;<\/p>\n<p>Tres patrones famosos que impulsan esta industria son:<\/p>\n<\/div>\n                                \n            \n        <\/div>\n    <\/div>\n<\/section><section id=\"customlink_block-block_e779035fe22e4a3a86e71f1ba5590e6f\" class=\"text-image-block pubfa-block\" style=\"background-color:#FFFFFF;color:#2E2D2C;text-align:left;padding:45px 0;\">\n<div class=\"container\">\n    <div class=\"row\">\n\n        <!-- Text Col -->\n        <div class=\"col-12 col-lg-7 d-flex flex-column order-2 justify-content-start \">\n\n            <!-- Text Group -->\n            \n                <!-- Title (with or without Link) -->\n                                                            <h2 class=\"pubfa-block-title-1\">LEED<\/h2>\n                                    \n                <!-- Content -->\n                                    <div class=\"pubfa-block-text-1\"><h2><strong>LEED (Liderazgo en Dise\u00f1o Energ\u00e9tico y Ambiental):<\/strong><\/h2>\n<p>Desarrollado en Estados Unidos, es ampliamente utilizado a nivel mundial. Este sistema se enfoca en la sustentabilidad ambiental, evaluando criterios como ubicaci\u00f3n y transporte, sustentabilidad del sitio, gesti\u00f3n eficiente del agua, energ\u00eda y atm\u00f3sfera, materiales y recursos, calidad ambiental interior, innovaci\u00f3n y prioridades regionales. El proceso de certificaci\u00f3n LEED reconoce a un edificio por las pr\u00e1cticas sustentables adoptadas durante el proceso de construcci\u00f3n y gesti\u00f3n. LEED proporciona una clasificaci\u00f3n que var\u00eda desde Certificado LEED hasta Plata, Oro o Platino, seg\u00fan la cantidad de puntos obtenidos. Este ranking no s\u00f3lo destaca el compromiso con la sostenibilidad, sino que tambi\u00e9n ayuda a impulsar la construcci\u00f3n hacia est\u00e1ndares m\u00e1s altos de responsabilidad ambiental a nivel global.<\/p>\n<\/div>\n                                \n            \n        <\/div>\n\n        <!-- Image Col -->\n        <div class=\"col-12 col-lg-5 d-flex align-items-center justify-content-center order-3 \">\n\n            <!-- Image Group -->\n            \n                 <!-- Image (with or without Link) -->\n                                                             <img decoding=\"async\" src=\"https:\/\/chimiver.com\/wp-content\/uploads\/2024\/03\/LEED.jpg\" alt=\"Azienda-Italiana-Prodotti-Professionali-Sostenibili-Posa-Trattamento-Manutenzione-Pavimenti-Legno-Resina-Resilienti-Decking-WPC-Erba-Sintetica-Privati-Professionisti-Progettisti-Industria-Chimiver-Logo-LEED\" class=\"img-fluid\">\n                                    \n            \n        <\/div>\n    <\/div>\n<\/div>\n<\/section><section id=\"customlink_block-block_65136baff6520315e90b00a4ae69ff00\" class=\"text-image-block pubfa-block\" style=\"background-color:#FFFFFF;color:#2E2D2C;text-align:left;padding:45px 0;\">\n<div class=\"container\">\n    <div class=\"row\">\n\n        <!-- Text Col -->\n        <div class=\"col-12 col-lg-7 d-flex flex-column order-2 justify-content-start \">\n\n            <!-- Text Group -->\n            \n                <!-- Title (with or without Link) -->\n                                                            <h2 class=\"pubfa-block-title-1\">BREEAM<\/h2>\n                                    \n                <!-- Content -->\n                                    <div class=\"pubfa-block-text-1\"><h2><strong>BREEAM (Building Research Establishment Environmental Assessment Method):<\/strong><\/h2>\n<p>Desarrollado en el Reino Unido, eval\u00faa el impacto ambiental de los edificios a trav\u00e9s de par\u00e1metros como la gesti\u00f3n, la salud y el bienestar, la energ\u00eda, el transporte, el agua, los materiales, los residuos, el uso del suelo, la contaminaci\u00f3n y innovaci\u00f3n. Es ampliamente reconocido internacionalmente y proporciona un marco integral para evaluar y mejorar la sostenibilidad de los edificios. BREEAM ofrece una clasificaci\u00f3n que var\u00eda en funci\u00f3n de las puntuaciones obtenidas (Sobresaliente, Excelente, Muy Bueno, Bueno, Aprobado, Sin clasificar), determinando el nivel de certificaci\u00f3n y subrayando el compromiso con pr\u00e1cticas de construcci\u00f3n m\u00e1s sostenibles y responsables.<\/p>\n<\/div>\n                                \n            \n        <\/div>\n\n        <!-- Image Col -->\n        <div class=\"col-12 col-lg-5 d-flex align-items-center justify-content-center order-1 \">\n\n            <!-- Image Group -->\n            \n                 <!-- Image (with or without Link) -->\n                                                             <img decoding=\"async\" src=\"https:\/\/chimiver.com\/wp-content\/uploads\/2024\/03\/BREEAM.jpg\" alt=\"Azienda-Italiana-Prodotti-Professionali-Sostenibili-Posa-Trattamento-Manutenzione-Pavimenti-Legno-Resina-Resilienti-Decking-WPC-Erba-Sintetica-Privati-Professionisti-Progettisti-Industria-Chimiver-Logo-BREEAM\" class=\"img-fluid\">\n                                    \n            \n        <\/div>\n    <\/div>\n<\/div>\n<\/section><section id=\"customlink_block-block_33a4f39e8816f847f458562123112c99\" class=\"text-image-block pubfa-block\" style=\"background-color:#FFFFFF;color:#2E2D2C;text-align:left;padding:45px 0;\">\n<div class=\"container\">\n    <div class=\"row\">\n\n        <!-- Text Col -->\n        <div class=\"col-12 col-lg-7 d-flex flex-column order-2 justify-content-start \">\n\n            <!-- Text Group -->\n            \n                <!-- Title (with or without Link) -->\n                                                            <h2 class=\"pubfa-block-title-1\">WELL<\/h2>\n                                    \n                <!-- Content -->\n                                    <div class=\"pubfa-block-text-1\"><h2><strong>WELL Building Standard:<\/strong><\/h2>\n<p>Desarrollado en Estados Unidos, coloca en el centro de atenci\u00f3n las condiciones de salud y el bienestar mental de quienes ocupan un determinado espacio construido. El protocolo se divide en 10 categor\u00edas denominadas \u00abConcepto\u00bb (Aire, Agua, Nutrici\u00f3n, Luz, Movimiento, Confort T\u00e9rmico, Sonido, Materiales, Mente, Comunidad) y se definen mediante indicadores prescriptivos y de desempe\u00f1o, que requieren tecnolog\u00edas, estrategias de dise\u00f1o o pol\u00edticas espec\u00edficas. para implementar. La puntuaci\u00f3n final se divide en cuatro niveles: Bronce, Plata, Oro y Platino. Se trata del primer sistema que define los par\u00e1metros con los que los edificios pueden mejorar nuestra vida, poniendo el confort de las personas como principal foco para gestionar y vivir mejor el tiempo pasado en el interior.<\/p>\n<\/div>\n                                \n            \n        <\/div>\n\n        <!-- Image Col -->\n        <div class=\"col-12 col-lg-5 d-flex align-items-center justify-content-center order-3 \">\n\n            <!-- Image Group -->\n            \n                 <!-- Image (with or without Link) -->\n                                                             <img decoding=\"async\" src=\"https:\/\/chimiver.com\/wp-content\/uploads\/2024\/03\/WELL.jpg\" alt=\"Azienda-Italiana-Prodotti-Professionali-Sostenibili-Posa-Trattamento-Manutenzione-Pavimenti-Legno-Resina-Resilienti-Decking-WPC-Erba-Sintetica-Privati-Professionisti-Progettisti-Industria-Chimiver-Logo-WELL\" class=\"img-fluid\">\n                                    \n            \n        <\/div>\n    <\/div>\n<\/div>\n<\/section><section id=\"customlink_block-block_e399781d297e7c941df8a49e6d925ab1\" class=\"text-icon-block pubfa-block\" style=\"background-color:#FFFFFF;color:#2E2D2C;text-align:center;\">\n    <div class=\"container\">\n        <div class=\"d-flex flex-column justify-content-center \">\n\n            <!-- Image Group -->\n            \n                 <!-- Image (with or without Link) -->\n                 \n            \n            <!-- Text Group -->\n            \n                <!-- Title (with or without Link) -->\n                \n                <!-- Content -->\n                                    <div class=\"pubfa-block-text-1\"><h2><strong>Chimiver Panseri S.p.A.<\/strong> es capaz de apoyar a clientes, empresas, dise\u00f1adores, arquitectos y oficinas de compras, proporcionando un mapeo de productos que cumplen con los protocolos LEED, BREEAM y WELL, disponibles en el producto<strong> S-Card (Sustainability Card)<\/strong> di prodotto.<\/h2>\n<p>&nbsp;<\/p>\n<p>Un valor a\u00f1adido que permite alcanzar nuevos est\u00e1ndares de sostenibilidad y salubridad, y da un nuevo impulso al dise\u00f1o, cada vez m\u00e1s orientado a combinar est\u00e9tica, funcionalidad y bienestar: hacia el medio ambiente y hacia el hombre.<\/p>\n<\/div>\n                                \n            \n        <\/div>\n    <\/div>\n<\/section>","protected":false},"excerpt":{"rendered":"","protected":false},"author":2,"featured_media":0,"parent":0,"menu_order":29,"comment_status":"closed","ping_status":"closed","template":"","meta":{"_acf_changed":false,"inline_featured_image":false,"footnotes":""},"class_list":["post-21360","page","type-page","status-publish","hentry"],"acf":[],"yoast_head":"<!-- This site is optimized with the Yoast SEO plugin v26.2 - https:\/\/yoast.com\/wordpress\/plugins\/seo\/ -->\n<title>Bioconstrucci\u00f3n - Productos certificados LEED, BREEAM e WELL<\/title>\n<meta name=\"description\" content=\"Visita la secci\u00f3n Bioconstrucci\u00f3n. Chimiver es capaz de apoyar a clientes, empresas, dise\u00f1adores, arquitectos y departamentos de compras, proporcionando un mapeo de productos conforme a los protocolos LEED, BREEAM y WELL.\" \/>\n<meta name=\"robots\" content=\"index, follow, max-snippet:-1, max-image-preview:large, max-video-preview:-1\" \/>\n<link rel=\"canonical\" href=\"https:\/\/chimiver.com\/es\/bioconstruccion\/\" \/>\n<meta property=\"og:locale\" content=\"es_ES\" \/>\n<meta property=\"og:type\" content=\"article\" \/>\n<meta property=\"og:title\" content=\"Bioconstrucci\u00f3n - Productos certificados LEED, BREEAM e WELL\" \/>\n<meta property=\"og:description\" content=\"Visita la secci\u00f3n Bioconstrucci\u00f3n. Chimiver es capaz de apoyar a clientes, empresas, dise\u00f1adores, arquitectos y departamentos de compras, proporcionando un mapeo de productos conforme a los protocolos LEED, BREEAM y WELL.\" \/>\n<meta property=\"og:url\" content=\"https:\/\/chimiver.com\/es\/bioconstruccion\/\" \/>\n<meta property=\"og:site_name\" content=\"Chimiver\" \/>\n<meta property=\"article:publisher\" content=\"https:\/\/www.facebook.com\/chimiver\" \/>\n<meta property=\"article:modified_time\" content=\"2024-10-28T13:00:51+00:00\" \/>\n<meta property=\"og:image\" content=\"https:\/\/chimiver.com\/wp-content\/uploads\/2022\/06\/Chimiver_500x500.jpg\" \/>\n\t<meta property=\"og:image:width\" content=\"500\" \/>\n\t<meta property=\"og:image:height\" content=\"500\" \/>\n\t<meta property=\"og:image:type\" content=\"image\/jpeg\" \/>\n<meta name=\"twitter:card\" content=\"summary_large_image\" \/>\n<script type=\"application\/ld+json\" class=\"yoast-schema-graph\">{\"@context\":\"https:\/\/schema.org\",\"@graph\":[{\"@type\":\"WebPage\",\"@id\":\"https:\/\/chimiver.com\/es\/bioconstruccion\/\",\"url\":\"https:\/\/chimiver.com\/es\/bioconstruccion\/\",\"name\":\"Bioconstrucci\u00f3n - Productos certificados LEED, BREEAM e WELL\",\"isPartOf\":{\"@id\":\"https:\/\/chimiver.com\/es\/#website\"},\"datePublished\":\"2024-01-09T14:01:42+00:00\",\"dateModified\":\"2024-10-28T13:00:51+00:00\",\"description\":\"Visita la secci\u00f3n Bioconstrucci\u00f3n. Chimiver es capaz de apoyar a clientes, empresas, dise\u00f1adores, arquitectos y departamentos de compras, proporcionando un mapeo de productos conforme a los protocolos LEED, BREEAM y WELL.\",\"breadcrumb\":{\"@id\":\"https:\/\/chimiver.com\/es\/bioconstruccion\/#breadcrumb\"},\"inLanguage\":\"es\",\"potentialAction\":[{\"@type\":\"ReadAction\",\"target\":[\"https:\/\/chimiver.com\/es\/bioconstruccion\/\"]}]},{\"@type\":\"BreadcrumbList\",\"@id\":\"https:\/\/chimiver.com\/es\/bioconstruccion\/#breadcrumb\",\"itemListElement\":[{\"@type\":\"ListItem\",\"position\":1,\"name\":\"Home\",\"item\":\"https:\/\/chimiver.com\/es\/\"},{\"@type\":\"ListItem\",\"position\":2,\"name\":\"Bioconstrucci\u00f3n\"}]},{\"@type\":\"WebSite\",\"@id\":\"https:\/\/chimiver.com\/es\/#website\",\"url\":\"https:\/\/chimiver.com\/es\/\",\"name\":\"Chimiver, Your floors partner\",\"description\":\"Su partner de pisos\",\"publisher\":{\"@id\":\"https:\/\/chimiver.com\/es\/#organization\"},\"alternateName\":\"Chimiver\",\"potentialAction\":[{\"@type\":\"SearchAction\",\"target\":{\"@type\":\"EntryPoint\",\"urlTemplate\":\"https:\/\/chimiver.com\/es\/?s={search_term_string}\"},\"query-input\":{\"@type\":\"PropertyValueSpecification\",\"valueRequired\":true,\"valueName\":\"search_term_string\"}}],\"inLanguage\":\"es\"},{\"@type\":\"Organization\",\"@id\":\"https:\/\/chimiver.com\/es\/#organization\",\"name\":\"Chimiver\",\"url\":\"https:\/\/chimiver.com\/es\/\",\"logo\":{\"@type\":\"ImageObject\",\"inLanguage\":\"es\",\"@id\":\"https:\/\/chimiver.com\/es\/#\/schema\/logo\/image\/\",\"url\":\"https:\/\/chimiver.com\/wp-content\/uploads\/2022\/06\/Chimiver_500x500.jpg\",\"contentUrl\":\"https:\/\/chimiver.com\/wp-content\/uploads\/2022\/06\/Chimiver_500x500.jpg\",\"width\":500,\"height\":500,\"caption\":\"Chimiver\"},\"image\":{\"@id\":\"https:\/\/chimiver.com\/es\/#\/schema\/logo\/image\/\"},\"sameAs\":[\"https:\/\/www.facebook.com\/chimiver\"]}]}<\/script>\n<!-- \/ Yoast SEO plugin. -->","yoast_head_json":{"title":"Bioconstrucci\u00f3n - Productos certificados LEED, BREEAM e WELL","description":"Visita la secci\u00f3n Bioconstrucci\u00f3n. Chimiver es capaz de apoyar a clientes, empresas, dise\u00f1adores, arquitectos y departamentos de compras, proporcionando un mapeo de productos conforme a los protocolos LEED, BREEAM y WELL.","robots":{"index":"index","follow":"follow","max-snippet":"max-snippet:-1","max-image-preview":"max-image-preview:large","max-video-preview":"max-video-preview:-1"},"canonical":"https:\/\/chimiver.com\/es\/bioconstruccion\/","og_locale":"es_ES","og_type":"article","og_title":"Bioconstrucci\u00f3n - Productos certificados LEED, BREEAM e WELL","og_description":"Visita la secci\u00f3n Bioconstrucci\u00f3n. Chimiver es capaz de apoyar a clientes, empresas, dise\u00f1adores, arquitectos y departamentos de compras, proporcionando un mapeo de productos conforme a los protocolos LEED, BREEAM y WELL.","og_url":"https:\/\/chimiver.com\/es\/bioconstruccion\/","og_site_name":"Chimiver","article_publisher":"https:\/\/www.facebook.com\/chimiver","article_modified_time":"2024-10-28T13:00:51+00:00","og_image":[{"width":500,"height":500,"url":"https:\/\/chimiver.com\/wp-content\/uploads\/2022\/06\/Chimiver_500x500.jpg","type":"image\/jpeg"}],"twitter_card":"summary_large_image","schema":{"@context":"https:\/\/schema.org","@graph":[{"@type":"WebPage","@id":"https:\/\/chimiver.com\/es\/bioconstruccion\/","url":"https:\/\/chimiver.com\/es\/bioconstruccion\/","name":"Bioconstrucci\u00f3n - Productos certificados LEED, BREEAM e WELL","isPartOf":{"@id":"https:\/\/chimiver.com\/es\/#website"},"datePublished":"2024-01-09T14:01:42+00:00","dateModified":"2024-10-28T13:00:51+00:00","description":"Visita la secci\u00f3n Bioconstrucci\u00f3n. Chimiver es capaz de apoyar a clientes, empresas, dise\u00f1adores, arquitectos y departamentos de compras, proporcionando un mapeo de productos conforme a los protocolos LEED, BREEAM y WELL.","breadcrumb":{"@id":"https:\/\/chimiver.com\/es\/bioconstruccion\/#breadcrumb"},"inLanguage":"es","potentialAction":[{"@type":"ReadAction","target":["https:\/\/chimiver.com\/es\/bioconstruccion\/"]}]},{"@type":"BreadcrumbList","@id":"https:\/\/chimiver.com\/es\/bioconstruccion\/#breadcrumb","itemListElement":[{"@type":"ListItem","position":1,"name":"Home","item":"https:\/\/chimiver.com\/es\/"},{"@type":"ListItem","position":2,"name":"Bioconstrucci\u00f3n"}]},{"@type":"WebSite","@id":"https:\/\/chimiver.com\/es\/#website","url":"https:\/\/chimiver.com\/es\/","name":"Chimiver, Your floors partner","description":"Su partner de pisos","publisher":{"@id":"https:\/\/chimiver.com\/es\/#organization"},"alternateName":"Chimiver","potentialAction":[{"@type":"SearchAction","target":{"@type":"EntryPoint","urlTemplate":"https:\/\/chimiver.com\/es\/?s={search_term_string}"},"query-input":{"@type":"PropertyValueSpecification","valueRequired":true,"valueName":"search_term_string"}}],"inLanguage":"es"},{"@type":"Organization","@id":"https:\/\/chimiver.com\/es\/#organization","name":"Chimiver","url":"https:\/\/chimiver.com\/es\/","logo":{"@type":"ImageObject","inLanguage":"es","@id":"https:\/\/chimiver.com\/es\/#\/schema\/logo\/image\/","url":"https:\/\/chimiver.com\/wp-content\/uploads\/2022\/06\/Chimiver_500x500.jpg","contentUrl":"https:\/\/chimiver.com\/wp-content\/uploads\/2022\/06\/Chimiver_500x500.jpg","width":500,"height":500,"caption":"Chimiver"},"image":{"@id":"https:\/\/chimiver.com\/es\/#\/schema\/logo\/image\/"},"sameAs":["https:\/\/www.facebook.com\/chimiver"]}]}},"_links":{"self":[{"href":"https:\/\/chimiver.com\/es\/wp-json\/wp\/v2\/pages\/21360","targetHints":{"allow":["GET"]}}],"collection":[{"href":"https:\/\/chimiver.com\/es\/wp-json\/wp\/v2\/pages"}],"about":[{"href":"https:\/\/chimiver.com\/es\/wp-json\/wp\/v2\/types\/page"}],"author":[{"embeddable":true,"href":"https:\/\/chimiver.com\/es\/wp-json\/wp\/v2\/users\/2"}],"replies":[{"embeddable":true,"href":"https:\/\/chimiver.com\/es\/wp-json\/wp\/v2\/comments?post=21360"}],"version-history":[{"count":2,"href":"https:\/\/chimiver.com\/es\/wp-json\/wp\/v2\/pages\/21360\/revisions"}],"predecessor-version":[{"id":21365,"href":"https:\/\/chimiver.com\/es\/wp-json\/wp\/v2\/pages\/21360\/revisions\/21365"}],"wp:attachment":[{"href":"https:\/\/chimiver.com\/es\/wp-json\/wp\/v2\/media?parent=21360"}],"curies":[{"name":"wp","href":"https:\/\/api.w.org\/{rel}","templated":true}]}}