{"id":21376,"date":"2023-12-22T15:26:53","date_gmt":"2023-12-22T14:26:53","guid":{"rendered":"https:\/\/chimiver.com\/bilancio\/"},"modified":"2025-10-21T08:06:15","modified_gmt":"2025-10-21T06:06:15","slug":"informe-de-sostenibilidad","status":"publish","type":"page","link":"https:\/\/chimiver.com\/es\/informe-de-sostenibilidad\/","title":{"rendered":"Informe de sostenibilidad"},"content":{"rendered":"<section id=\"customlink_block-block_64180a6e16c26f1f48684652b369544d\" class=\"text-icon-block pubfa-block\" style=\"background-color:#FFFFFF;color:#2E2D2C;text-align:center;\">\n    <div class=\"container\">\n        <div class=\"d-flex flex-column justify-content-center \">\n\n            <!-- Image Group -->\n            \n                 <!-- Image (with or without Link) -->\n                 \n            \n            <!-- Text Group -->\n            \n                <!-- Title (with or without Link) -->\n                \n                <!-- Content -->\n                                    <div class=\"pubfa-block-text-1\"><p>La elaboraci\u00f3n del primer<strong> Informe de Sostenibilidad<\/strong> es una prueba del compromiso y atenci\u00f3n que Chimiver pretende reservar al tema de la sostenibilidad y el crecimiento del pa\u00eds. Actualmente no existen obligaciones de presentaci\u00f3n de informes para nuestra empresa, por lo que es una elecci\u00f3n completamente voluntaria. Haber adoptado la sostenibilidad como principio emprendedor es el motivo por el que nos hemos comprometido (y seguiremos haci\u00e9ndolo) con recursos, inversiones y tiempo en todos estos proyectos.<\/p>\n<\/div>\n                                \n            \n        <\/div>\n    <\/div>\n<\/section>","protected":false},"excerpt":{"rendered":"","protected":false},"author":673,"featured_media":0,"parent":0,"menu_order":134,"comment_status":"closed","ping_status":"closed","template":"documents.php","meta":{"_acf_changed":false,"inline_featured_image":false,"footnotes":""},"class_list":["post-21376","page","type-page","status-publish","hentry"],"acf":[],"yoast_head":"<!-- This site is optimized with the Yoast SEO plugin v26.2 - https:\/\/yoast.com\/wordpress\/plugins\/seo\/ -->\n<title>Informe de sostenibilidad - Chimiver<\/title>\n<meta name=\"description\" content=\"Accede a la documentaci\u00f3n oficial de Chimiver. Descarga los Informes de Sostenibilidad de varios a\u00f1os. Una secci\u00f3n \u00fatil y de f\u00e1cil consulta.\" \/>\n<meta name=\"robots\" content=\"index, follow, max-snippet:-1, max-image-preview:large, max-video-preview:-1\" \/>\n<link rel=\"canonical\" href=\"https:\/\/chimiver.com\/es\/informe-de-sostenibilidad\/\" \/>\n<meta property=\"og:locale\" content=\"es_ES\" \/>\n<meta property=\"og:type\" content=\"article\" \/>\n<meta property=\"og:title\" content=\"Informe de sostenibilidad - Chimiver Prodotti per Pavimenti Indoor Outdoor\" \/>\n<meta property=\"og:description\" content=\"Prodotti Professionali per la posa e la manutenzione Pavimenti. Visita la sezione online dedicata a Informe de sostenibilidad. Siamo leader nel mercato dei prodotti di incollaggio, trattamento e manutenzione di pavimenti indoor e outdoor.\" \/>\n<meta property=\"og:url\" content=\"https:\/\/chimiver.com\/es\/informe-de-sostenibilidad\/\" \/>\n<meta property=\"og:site_name\" content=\"Chimiver\" \/>\n<meta property=\"article:publisher\" content=\"https:\/\/www.facebook.com\/chimiver\" \/>\n<meta property=\"article:modified_time\" content=\"2025-10-21T06:06:15+00:00\" \/>\n<meta property=\"og:image\" content=\"https:\/\/chimiver.com\/wp-content\/uploads\/2022\/06\/Chimiver_500x500.jpg\" \/>\n\t<meta property=\"og:image:width\" content=\"500\" \/>\n\t<meta property=\"og:image:height\" content=\"500\" \/>\n\t<meta property=\"og:image:type\" content=\"image\/jpeg\" \/>\n<meta name=\"twitter:card\" content=\"summary_large_image\" \/>\n<meta name=\"twitter:title\" content=\"Informe de sostenibilidad - Chimiver Prodotti per Pavimenti Indoor Outdoor\" \/>\n<meta name=\"twitter:description\" content=\"Prodotti Professionali per la posa e la manutenzione Pavimenti. Visita la sezione online dedicata a Informe de sostenibilidad. Siamo leader nel mercato dei prodotti di incollaggio, trattamento e manutenzione di pavimenti indoor e outdoor.\" \/>\n<meta name=\"twitter:image\" content=\"https:\/\/chimiver.com\/wp-content\/uploads\/2022\/06\/Chimiver_500x500.jpg\" \/>\n<script type=\"application\/ld+json\" class=\"yoast-schema-graph\">{\"@context\":\"https:\/\/schema.org\",\"@graph\":[{\"@type\":\"WebPage\",\"@id\":\"https:\/\/chimiver.com\/es\/informe-de-sostenibilidad\/\",\"url\":\"https:\/\/chimiver.com\/es\/informe-de-sostenibilidad\/\",\"name\":\"Informe de sostenibilidad - Chimiver\",\"isPartOf\":{\"@id\":\"https:\/\/chimiver.com\/es\/#website\"},\"datePublished\":\"2023-12-22T14:26:53+00:00\",\"dateModified\":\"2025-10-21T06:06:15+00:00\",\"description\":\"Accede a la documentaci\u00f3n oficial de Chimiver. Descarga los Informes de Sostenibilidad de varios a\u00f1os. Una secci\u00f3n \u00fatil y de f\u00e1cil consulta.\",\"breadcrumb\":{\"@id\":\"https:\/\/chimiver.com\/es\/informe-de-sostenibilidad\/#breadcrumb\"},\"inLanguage\":\"es\",\"potentialAction\":[{\"@type\":\"ReadAction\",\"target\":[\"https:\/\/chimiver.com\/es\/informe-de-sostenibilidad\/\"]}]},{\"@type\":\"BreadcrumbList\",\"@id\":\"https:\/\/chimiver.com\/es\/informe-de-sostenibilidad\/#breadcrumb\",\"itemListElement\":[{\"@type\":\"ListItem\",\"position\":1,\"name\":\"Home\",\"item\":\"https:\/\/chimiver.com\/es\/\"},{\"@type\":\"ListItem\",\"position\":2,\"name\":\"Informe de sostenibilidad\"}]},{\"@type\":\"WebSite\",\"@id\":\"https:\/\/chimiver.com\/es\/#website\",\"url\":\"https:\/\/chimiver.com\/es\/\",\"name\":\"Chimiver, Your floors partner\",\"description\":\"Su partner de pisos\",\"publisher\":{\"@id\":\"https:\/\/chimiver.com\/es\/#organization\"},\"alternateName\":\"Chimiver\",\"potentialAction\":[{\"@type\":\"SearchAction\",\"target\":{\"@type\":\"EntryPoint\",\"urlTemplate\":\"https:\/\/chimiver.com\/es\/?s={search_term_string}\"},\"query-input\":{\"@type\":\"PropertyValueSpecification\",\"valueRequired\":true,\"valueName\":\"search_term_string\"}}],\"inLanguage\":\"es\"},{\"@type\":\"Organization\",\"@id\":\"https:\/\/chimiver.com\/es\/#organization\",\"name\":\"Chimiver\",\"url\":\"https:\/\/chimiver.com\/es\/\",\"logo\":{\"@type\":\"ImageObject\",\"inLanguage\":\"es\",\"@id\":\"https:\/\/chimiver.com\/es\/#\/schema\/logo\/image\/\",\"url\":\"https:\/\/chimiver.com\/wp-content\/uploads\/2022\/06\/Chimiver_500x500.jpg\",\"contentUrl\":\"https:\/\/chimiver.com\/wp-content\/uploads\/2022\/06\/Chimiver_500x500.jpg\",\"width\":500,\"height\":500,\"caption\":\"Chimiver\"},\"image\":{\"@id\":\"https:\/\/chimiver.com\/es\/#\/schema\/logo\/image\/\"},\"sameAs\":[\"https:\/\/www.facebook.com\/chimiver\"]}]}<\/script>\n<!-- \/ Yoast SEO plugin. -->","yoast_head_json":{"title":"Informe de sostenibilidad - Chimiver","description":"Accede a la documentaci\u00f3n oficial de Chimiver. Descarga los Informes de Sostenibilidad de varios a\u00f1os. Una secci\u00f3n \u00fatil y de f\u00e1cil consulta.","robots":{"index":"index","follow":"follow","max-snippet":"max-snippet:-1","max-image-preview":"max-image-preview:large","max-video-preview":"max-video-preview:-1"},"canonical":"https:\/\/chimiver.com\/es\/informe-de-sostenibilidad\/","og_locale":"es_ES","og_type":"article","og_title":"Informe de sostenibilidad - Chimiver Prodotti per Pavimenti Indoor Outdoor","og_description":"Prodotti Professionali per la posa e la manutenzione Pavimenti. Visita la sezione online dedicata a Informe de sostenibilidad. Siamo leader nel mercato dei prodotti di incollaggio, trattamento e manutenzione di pavimenti indoor e outdoor.","og_url":"https:\/\/chimiver.com\/es\/informe-de-sostenibilidad\/","og_site_name":"Chimiver","article_publisher":"https:\/\/www.facebook.com\/chimiver","article_modified_time":"2025-10-21T06:06:15+00:00","og_image":[{"width":500,"height":500,"url":"https:\/\/chimiver.com\/wp-content\/uploads\/2022\/06\/Chimiver_500x500.jpg","type":"image\/jpeg"}],"twitter_card":"summary_large_image","twitter_title":"Informe de sostenibilidad - Chimiver Prodotti per Pavimenti Indoor Outdoor","twitter_description":"Prodotti Professionali per la posa e la manutenzione Pavimenti. Visita la sezione online dedicata a Informe de sostenibilidad. Siamo leader nel mercato dei prodotti di incollaggio, trattamento e manutenzione di pavimenti indoor e outdoor.","twitter_image":"https:\/\/chimiver.com\/wp-content\/uploads\/2022\/06\/Chimiver_500x500.jpg","schema":{"@context":"https:\/\/schema.org","@graph":[{"@type":"WebPage","@id":"https:\/\/chimiver.com\/es\/informe-de-sostenibilidad\/","url":"https:\/\/chimiver.com\/es\/informe-de-sostenibilidad\/","name":"Informe de sostenibilidad - Chimiver","isPartOf":{"@id":"https:\/\/chimiver.com\/es\/#website"},"datePublished":"2023-12-22T14:26:53+00:00","dateModified":"2025-10-21T06:06:15+00:00","description":"Accede a la documentaci\u00f3n oficial de Chimiver. Descarga los Informes de Sostenibilidad de varios a\u00f1os. Una secci\u00f3n \u00fatil y de f\u00e1cil consulta.","breadcrumb":{"@id":"https:\/\/chimiver.com\/es\/informe-de-sostenibilidad\/#breadcrumb"},"inLanguage":"es","potentialAction":[{"@type":"ReadAction","target":["https:\/\/chimiver.com\/es\/informe-de-sostenibilidad\/"]}]},{"@type":"BreadcrumbList","@id":"https:\/\/chimiver.com\/es\/informe-de-sostenibilidad\/#breadcrumb","itemListElement":[{"@type":"ListItem","position":1,"name":"Home","item":"https:\/\/chimiver.com\/es\/"},{"@type":"ListItem","position":2,"name":"Informe de sostenibilidad"}]},{"@type":"WebSite","@id":"https:\/\/chimiver.com\/es\/#website","url":"https:\/\/chimiver.com\/es\/","name":"Chimiver, Your floors partner","description":"Su partner de pisos","publisher":{"@id":"https:\/\/chimiver.com\/es\/#organization"},"alternateName":"Chimiver","potentialAction":[{"@type":"SearchAction","target":{"@type":"EntryPoint","urlTemplate":"https:\/\/chimiver.com\/es\/?s={search_term_string}"},"query-input":{"@type":"PropertyValueSpecification","valueRequired":true,"valueName":"search_term_string"}}],"inLanguage":"es"},{"@type":"Organization","@id":"https:\/\/chimiver.com\/es\/#organization","name":"Chimiver","url":"https:\/\/chimiver.com\/es\/","logo":{"@type":"ImageObject","inLanguage":"es","@id":"https:\/\/chimiver.com\/es\/#\/schema\/logo\/image\/","url":"https:\/\/chimiver.com\/wp-content\/uploads\/2022\/06\/Chimiver_500x500.jpg","contentUrl":"https:\/\/chimiver.com\/wp-content\/uploads\/2022\/06\/Chimiver_500x500.jpg","width":500,"height":500,"caption":"Chimiver"},"image":{"@id":"https:\/\/chimiver.com\/es\/#\/schema\/logo\/image\/"},"sameAs":["https:\/\/www.facebook.com\/chimiver"]}]}},"_links":{"self":[{"href":"https:\/\/chimiver.com\/es\/wp-json\/wp\/v2\/pages\/21376","targetHints":{"allow":["GET"]}}],"collection":[{"href":"https:\/\/chimiver.com\/es\/wp-json\/wp\/v2\/pages"}],"about":[{"href":"https:\/\/chimiver.com\/es\/wp-json\/wp\/v2\/types\/page"}],"author":[{"embeddable":true,"href":"https:\/\/chimiver.com\/es\/wp-json\/wp\/v2\/users\/673"}],"replies":[{"embeddable":true,"href":"https:\/\/chimiver.com\/es\/wp-json\/wp\/v2\/comments?post=21376"}],"version-history":[{"count":5,"href":"https:\/\/chimiver.com\/es\/wp-json\/wp\/v2\/pages\/21376\/revisions"}],"predecessor-version":[{"id":23852,"href":"https:\/\/chimiver.com\/es\/wp-json\/wp\/v2\/pages\/21376\/revisions\/23852"}],"wp:attachment":[{"href":"https:\/\/chimiver.com\/es\/wp-json\/wp\/v2\/media?parent=21376"}],"curies":[{"name":"wp","href":"https:\/\/api.w.org\/{rel}","templated":true}]}}