{"id":11148,"date":"2022-11-30T09:54:16","date_gmt":"2022-11-30T08:54:16","guid":{"rendered":"https:\/\/chimiver.com\/prodotto\/11124\/"},"modified":"2022-11-30T10:47:41","modified_gmt":"2022-11-30T09:47:41","slug":"11124","status":"publish","type":"product","link":"https:\/\/chimiver.com\/es\/producto\/11124\/","title":{"rendered":"GLUEFIX PROTECTOR"},"content":{"rendered":"<p>Soluci\u00f3n de desmoldeo a base de resinas en soluci\u00f3n acuosa que se utiliza para evitar ensuciar las herramientas de trabajo con adhesivos para c\u00e9sped sint\u00e9tico. Es capaz de preservar en el tiempo el equipo com\u00fanmente utilizado para la aplicaci\u00f3n de adhesivos, como por ejemplo. la varilla del mezclador, la esp\u00e1tula y la cubeta dosificadora utilizadas para la aplicaci\u00f3n del adhesivo, etc. Con el uso regular de GLUEFIX PROTECTOR se garantiza una mayor durabilidad del equipo y una limpieza sencilla de las herramientas utilizadas.<\/p>\n","protected":false},"excerpt":{"rendered":"Soluci\u00f3n de desmoldeo para adhesivos de c\u00e9sped sint\u00e9tico","protected":false},"featured_media":11144,"comment_status":"open","ping_status":"closed","template":"","meta":{"_acf_changed":false,"inline_featured_image":false},"product_brand":[],"product_cat":[429,588,589],"product_tag":[],"class_list":{"0":"post-11148","1":"product","2":"type-product","3":"status-publish","4":"has-post-thumbnail","6":"product_cat-cesped-sintetico","7":"product_cat-pegar-y-trazar-cesped-sintetico-y-natural","8":"product_cat-adhesivos-uso-interno-y-externo-es","10":"first","11":"instock","12":"shipping-taxable","13":"product-type-simple","14":"add-to-wishlist-after_add_to_cart"},"acf":[],"yoast_head":"<!-- This site is optimized with the Yoast SEO plugin v26.2 - https:\/\/yoast.com\/wordpress\/plugins\/seo\/ -->\n<title>GLUEFIX PROTECTOR - Chimiver C\u00c9SPED SINT\u00c9TICO, Pegar y trazar c\u00e9sped sint\u00e9tico y natural, Adhesivos uso interno y externo<\/title>\n<meta name=\"description\" content=\"Scopri GLUEFIX PROTECTOR C\u00c9SPED SINT\u00c9TICO, Pegar y trazar c\u00e9sped sint\u00e9tico y natural, Adhesivos uso interno y externo. Dal 1965 Chimiver \u00e8 leader nel mercato dei prodotti per incollaggio, trattamento e manutenzione dei pavimenti.\" \/>\n<meta name=\"robots\" content=\"index, follow, max-snippet:-1, max-image-preview:large, max-video-preview:-1\" \/>\n<link rel=\"canonical\" href=\"https:\/\/chimiver.com\/es\/producto\/11124\/\" \/>\n<meta property=\"og:locale\" content=\"es_ES\" \/>\n<meta property=\"og:type\" content=\"article\" \/>\n<meta property=\"og:title\" content=\"GLUEFIX PROTECTOR - Chimiver C\u00c9SPED SINT\u00c9TICO, Pegar y trazar c\u00e9sped sint\u00e9tico y natural, Adhesivos uso interno y externo\" \/>\n<meta property=\"og:description\" content=\"Scopri GLUEFIX PROTECTOR C\u00c9SPED SINT\u00c9TICO, Pegar y trazar c\u00e9sped sint\u00e9tico y natural, Adhesivos uso interno y externo. Dal 1965 Chimiver \u00e8 leader nel mercato dei prodotti per incollaggio, trattamento e manutenzione dei pavimenti.\" \/>\n<meta property=\"og:url\" content=\"https:\/\/chimiver.com\/es\/producto\/11124\/\" \/>\n<meta property=\"og:site_name\" content=\"Chimiver\" \/>\n<meta property=\"article:publisher\" content=\"https:\/\/www.facebook.com\/chimiver\" \/>\n<meta property=\"article:modified_time\" content=\"2022-11-30T09:47:41+00:00\" \/>\n<meta property=\"og:image\" content=\"https:\/\/chimiver.com\/wp-content\/uploads\/2022\/11\/Gluefix-Protector.jpg\" \/>\n\t<meta property=\"og:image:width\" content=\"640\" \/>\n\t<meta property=\"og:image:height\" content=\"640\" \/>\n\t<meta property=\"og:image:type\" content=\"image\/jpeg\" \/>\n<meta name=\"twitter:card\" content=\"summary_large_image\" \/>\n<meta name=\"twitter:label1\" content=\"Tiempo de lectura\" \/>\n\t<meta name=\"twitter:data1\" content=\"1 minuto\" \/>\n<script type=\"application\/ld+json\" class=\"yoast-schema-graph\">{\"@context\":\"https:\/\/schema.org\",\"@graph\":[{\"@type\":\"WebPage\",\"@id\":\"https:\/\/chimiver.com\/es\/producto\/11124\/\",\"url\":\"https:\/\/chimiver.com\/es\/producto\/11124\/\",\"name\":\"GLUEFIX PROTECTOR - Chimiver C\u00c9SPED SINT\u00c9TICO, Pegar y trazar c\u00e9sped sint\u00e9tico y natural, Adhesivos uso interno y externo\",\"isPartOf\":{\"@id\":\"https:\/\/chimiver.com\/es\/#website\"},\"primaryImageOfPage\":{\"@id\":\"https:\/\/chimiver.com\/es\/producto\/11124\/#primaryimage\"},\"image\":{\"@id\":\"https:\/\/chimiver.com\/es\/producto\/11124\/#primaryimage\"},\"thumbnailUrl\":\"https:\/\/chimiver.com\/wp-content\/uploads\/2022\/11\/Gluefix-Protector.jpg\",\"datePublished\":\"2022-11-30T08:54:16+00:00\",\"dateModified\":\"2022-11-30T09:47:41+00:00\",\"description\":\"Scopri GLUEFIX PROTECTOR C\u00c9SPED SINT\u00c9TICO, Pegar y trazar c\u00e9sped sint\u00e9tico y natural, Adhesivos uso interno y externo. Dal 1965 Chimiver \u00e8 leader nel mercato dei prodotti per incollaggio, trattamento e manutenzione dei pavimenti.\",\"breadcrumb\":{\"@id\":\"https:\/\/chimiver.com\/es\/producto\/11124\/#breadcrumb\"},\"inLanguage\":\"es\",\"potentialAction\":[{\"@type\":\"ReadAction\",\"target\":[\"https:\/\/chimiver.com\/es\/producto\/11124\/\"]}]},{\"@type\":\"ImageObject\",\"inLanguage\":\"es\",\"@id\":\"https:\/\/chimiver.com\/es\/producto\/11124\/#primaryimage\",\"url\":\"https:\/\/chimiver.com\/wp-content\/uploads\/2022\/11\/Gluefix-Protector.jpg\",\"contentUrl\":\"https:\/\/chimiver.com\/wp-content\/uploads\/2022\/11\/Gluefix-Protector.jpg\",\"width\":640,\"height\":640},{\"@type\":\"BreadcrumbList\",\"@id\":\"https:\/\/chimiver.com\/es\/producto\/11124\/#breadcrumb\",\"itemListElement\":[{\"@type\":\"ListItem\",\"position\":1,\"name\":\"Home\",\"item\":\"https:\/\/chimiver.com\/es\/\"},{\"@type\":\"ListItem\",\"position\":2,\"name\":\"Shop\",\"item\":\"https:\/\/chimiver.com\/?page_id=10\"},{\"@type\":\"ListItem\",\"position\":3,\"name\":\"GLUEFIX PROTECTOR\"}]},{\"@type\":\"WebSite\",\"@id\":\"https:\/\/chimiver.com\/es\/#website\",\"url\":\"https:\/\/chimiver.com\/es\/\",\"name\":\"Chimiver, Your floors partner\",\"description\":\"Su partner de pisos\",\"publisher\":{\"@id\":\"https:\/\/chimiver.com\/es\/#organization\"},\"alternateName\":\"Chimiver\",\"potentialAction\":[{\"@type\":\"SearchAction\",\"target\":{\"@type\":\"EntryPoint\",\"urlTemplate\":\"https:\/\/chimiver.com\/es\/?s={search_term_string}\"},\"query-input\":{\"@type\":\"PropertyValueSpecification\",\"valueRequired\":true,\"valueName\":\"search_term_string\"}}],\"inLanguage\":\"es\"},{\"@type\":\"Organization\",\"@id\":\"https:\/\/chimiver.com\/es\/#organization\",\"name\":\"Chimiver\",\"url\":\"https:\/\/chimiver.com\/es\/\",\"logo\":{\"@type\":\"ImageObject\",\"inLanguage\":\"es\",\"@id\":\"https:\/\/chimiver.com\/es\/#\/schema\/logo\/image\/\",\"url\":\"https:\/\/chimiver.com\/wp-content\/uploads\/2022\/06\/Chimiver_500x500.jpg\",\"contentUrl\":\"https:\/\/chimiver.com\/wp-content\/uploads\/2022\/06\/Chimiver_500x500.jpg\",\"width\":500,\"height\":500,\"caption\":\"Chimiver\"},\"image\":{\"@id\":\"https:\/\/chimiver.com\/es\/#\/schema\/logo\/image\/\"},\"sameAs\":[\"https:\/\/www.facebook.com\/chimiver\"]}]}<\/script>\n<!-- \/ Yoast SEO plugin. -->","yoast_head_json":{"title":"GLUEFIX PROTECTOR - Chimiver C\u00c9SPED SINT\u00c9TICO, Pegar y trazar c\u00e9sped sint\u00e9tico y natural, Adhesivos uso interno y externo","description":"Scopri GLUEFIX PROTECTOR C\u00c9SPED SINT\u00c9TICO, Pegar y trazar c\u00e9sped sint\u00e9tico y natural, Adhesivos uso interno y externo. Dal 1965 Chimiver \u00e8 leader nel mercato dei prodotti per incollaggio, trattamento e manutenzione dei pavimenti.","robots":{"index":"index","follow":"follow","max-snippet":"max-snippet:-1","max-image-preview":"max-image-preview:large","max-video-preview":"max-video-preview:-1"},"canonical":"https:\/\/chimiver.com\/es\/producto\/11124\/","og_locale":"es_ES","og_type":"article","og_title":"GLUEFIX PROTECTOR - Chimiver C\u00c9SPED SINT\u00c9TICO, Pegar y trazar c\u00e9sped sint\u00e9tico y natural, Adhesivos uso interno y externo","og_description":"Scopri GLUEFIX PROTECTOR C\u00c9SPED SINT\u00c9TICO, Pegar y trazar c\u00e9sped sint\u00e9tico y natural, Adhesivos uso interno y externo. Dal 1965 Chimiver \u00e8 leader nel mercato dei prodotti per incollaggio, trattamento e manutenzione dei pavimenti.","og_url":"https:\/\/chimiver.com\/es\/producto\/11124\/","og_site_name":"Chimiver","article_publisher":"https:\/\/www.facebook.com\/chimiver","article_modified_time":"2022-11-30T09:47:41+00:00","og_image":[{"width":640,"height":640,"url":"https:\/\/chimiver.com\/wp-content\/uploads\/2022\/11\/Gluefix-Protector.jpg","type":"image\/jpeg"}],"twitter_card":"summary_large_image","twitter_misc":{"Tiempo de lectura":"1 minuto"},"schema":{"@context":"https:\/\/schema.org","@graph":[{"@type":"WebPage","@id":"https:\/\/chimiver.com\/es\/producto\/11124\/","url":"https:\/\/chimiver.com\/es\/producto\/11124\/","name":"GLUEFIX PROTECTOR - Chimiver C\u00c9SPED SINT\u00c9TICO, Pegar y trazar c\u00e9sped sint\u00e9tico y natural, Adhesivos uso interno y externo","isPartOf":{"@id":"https:\/\/chimiver.com\/es\/#website"},"primaryImageOfPage":{"@id":"https:\/\/chimiver.com\/es\/producto\/11124\/#primaryimage"},"image":{"@id":"https:\/\/chimiver.com\/es\/producto\/11124\/#primaryimage"},"thumbnailUrl":"https:\/\/chimiver.com\/wp-content\/uploads\/2022\/11\/Gluefix-Protector.jpg","datePublished":"2022-11-30T08:54:16+00:00","dateModified":"2022-11-30T09:47:41+00:00","description":"Scopri GLUEFIX PROTECTOR C\u00c9SPED SINT\u00c9TICO, Pegar y trazar c\u00e9sped sint\u00e9tico y natural, Adhesivos uso interno y externo. Dal 1965 Chimiver \u00e8 leader nel mercato dei prodotti per incollaggio, trattamento e manutenzione dei pavimenti.","breadcrumb":{"@id":"https:\/\/chimiver.com\/es\/producto\/11124\/#breadcrumb"},"inLanguage":"es","potentialAction":[{"@type":"ReadAction","target":["https:\/\/chimiver.com\/es\/producto\/11124\/"]}]},{"@type":"ImageObject","inLanguage":"es","@id":"https:\/\/chimiver.com\/es\/producto\/11124\/#primaryimage","url":"https:\/\/chimiver.com\/wp-content\/uploads\/2022\/11\/Gluefix-Protector.jpg","contentUrl":"https:\/\/chimiver.com\/wp-content\/uploads\/2022\/11\/Gluefix-Protector.jpg","width":640,"height":640},{"@type":"BreadcrumbList","@id":"https:\/\/chimiver.com\/es\/producto\/11124\/#breadcrumb","itemListElement":[{"@type":"ListItem","position":1,"name":"Home","item":"https:\/\/chimiver.com\/es\/"},{"@type":"ListItem","position":2,"name":"Shop","item":"https:\/\/chimiver.com\/?page_id=10"},{"@type":"ListItem","position":3,"name":"GLUEFIX PROTECTOR"}]},{"@type":"WebSite","@id":"https:\/\/chimiver.com\/es\/#website","url":"https:\/\/chimiver.com\/es\/","name":"Chimiver, Your floors partner","description":"Su partner de pisos","publisher":{"@id":"https:\/\/chimiver.com\/es\/#organization"},"alternateName":"Chimiver","potentialAction":[{"@type":"SearchAction","target":{"@type":"EntryPoint","urlTemplate":"https:\/\/chimiver.com\/es\/?s={search_term_string}"},"query-input":{"@type":"PropertyValueSpecification","valueRequired":true,"valueName":"search_term_string"}}],"inLanguage":"es"},{"@type":"Organization","@id":"https:\/\/chimiver.com\/es\/#organization","name":"Chimiver","url":"https:\/\/chimiver.com\/es\/","logo":{"@type":"ImageObject","inLanguage":"es","@id":"https:\/\/chimiver.com\/es\/#\/schema\/logo\/image\/","url":"https:\/\/chimiver.com\/wp-content\/uploads\/2022\/06\/Chimiver_500x500.jpg","contentUrl":"https:\/\/chimiver.com\/wp-content\/uploads\/2022\/06\/Chimiver_500x500.jpg","width":500,"height":500,"caption":"Chimiver"},"image":{"@id":"https:\/\/chimiver.com\/es\/#\/schema\/logo\/image\/"},"sameAs":["https:\/\/www.facebook.com\/chimiver"]}]}},"_links":{"self":[{"href":"https:\/\/chimiver.com\/es\/wp-json\/wp\/v2\/product\/11148","targetHints":{"allow":["GET"]}}],"collection":[{"href":"https:\/\/chimiver.com\/es\/wp-json\/wp\/v2\/product"}],"about":[{"href":"https:\/\/chimiver.com\/es\/wp-json\/wp\/v2\/types\/product"}],"replies":[{"embeddable":true,"href":"https:\/\/chimiver.com\/es\/wp-json\/wp\/v2\/comments?post=11148"}],"wp:featuredmedia":[{"embeddable":true,"href":"https:\/\/chimiver.com\/es\/wp-json\/wp\/v2\/media\/11144"}],"wp:attachment":[{"href":"https:\/\/chimiver.com\/es\/wp-json\/wp\/v2\/media?parent=11148"}],"wp:term":[{"taxonomy":"product_brand","embeddable":true,"href":"https:\/\/chimiver.com\/es\/wp-json\/wp\/v2\/product_brand?post=11148"},{"taxonomy":"product_cat","embeddable":true,"href":"https:\/\/chimiver.com\/es\/wp-json\/wp\/v2\/product_cat?post=11148"},{"taxonomy":"product_tag","embeddable":true,"href":"https:\/\/chimiver.com\/es\/wp-json\/wp\/v2\/product_tag?post=11148"}],"curies":[{"name":"wp","href":"https:\/\/api.w.org\/{rel}","templated":true}]}}