{"id":11567,"date":"2023-02-08T09:27:56","date_gmt":"2023-02-08T08:27:56","guid":{"rendered":"https:\/\/chimiver.com\/?post_type=product&#038;p=11567"},"modified":"2025-08-19T16:52:02","modified_gmt":"2025-08-19T14:52:02","slug":"parkettkoll","status":"publish","type":"product","link":"https:\/\/chimiver.com\/es\/producto\/parkettkoll\/","title":{"rendered":"PARKETTKOLL"},"content":{"rendered":"<p>Adhesivo vin\u00edlico monocomponente formulado con resinas en dispersi\u00f3n acuosa particularmente indicado para el encolado de pavimentos de madera maciza de espesor. En muchos casos PARKETTKOLL sustituye la cola de dos componentes. Su caracter\u00edstica peculiar es la baj\u00edsima cantidad de agua contenida que lo hace adecuado para encolados tenaces sin provocar el conocido defecto de los \u00abempujes\u00bb laterales. Adem\u00e1s la plastificaci\u00f3n de los pol\u00edmeros presentes en la formulaci\u00f3n es cuidadosa de manera particularmente atenta con la finalidad de garantizar al film de cola una \u00abelasticidad intr\u00ednseca\u00bb duradera.<\/p>\n","protected":false},"excerpt":{"rendered":"Adhesivo vin\u00edlico monocomponente en dispersi\u00f3n acuosa con bajo contenido de agua","protected":false},"featured_media":4380,"comment_status":"open","ping_status":"closed","template":"","meta":{"_acf_changed":false,"inline_featured_image":false},"product_brand":[],"product_cat":[423,425,434,441],"product_tag":[],"class_list":{"0":"post-11567","1":"product","2":"type-product","3":"status-publish","4":"has-post-thumbnail","6":"product_cat-profesionales","7":"product_cat-pisos-de-madera","8":"product_cat-pegar-el-piso","9":"product_cat-adhesivos-monocomponente-en-dispersion-acuosa","11":"first","12":"instock","13":"shipping-taxable","14":"product-type-simple","15":"add-to-wishlist-after_add_to_cart"},"acf":[],"yoast_head":"<!-- This site is optimized with the Yoast SEO plugin v26.2 - https:\/\/yoast.com\/wordpress\/plugins\/seo\/ -->\n<title>PARKETTKOLL - Chimiver Profesionales, PISOS DE MADERA, Pegar el piso, Adhesivos monocomponente en dispersi\u00f3n acuosa<\/title>\n<meta name=\"description\" content=\"Scopri PARKETTKOLL Profesionales, PISOS DE MADERA, Pegar el piso, Adhesivos monocomponente en dispersi\u00f3n acuosa. Dal 1965 Chimiver \u00e8 leader nel mercato dei prodotti per incollaggio, trattamento e manutenzione dei pavimenti.\" \/>\n<meta name=\"robots\" content=\"index, follow, max-snippet:-1, max-image-preview:large, max-video-preview:-1\" \/>\n<link rel=\"canonical\" href=\"https:\/\/chimiver.com\/es\/producto\/parkettkoll\/\" \/>\n<meta property=\"og:locale\" content=\"es_ES\" \/>\n<meta property=\"og:type\" content=\"article\" \/>\n<meta property=\"og:title\" content=\"PARKETTKOLL - Chimiver Profesionales, PISOS DE MADERA, Pegar el piso, Adhesivos monocomponente en dispersi\u00f3n acuosa\" \/>\n<meta property=\"og:description\" content=\"Scopri PARKETTKOLL Profesionales, PISOS DE MADERA, Pegar el piso, Adhesivos monocomponente en dispersi\u00f3n acuosa. Dal 1965 Chimiver \u00e8 leader nel mercato dei prodotti per incollaggio, trattamento e manutenzione dei pavimenti.\" \/>\n<meta property=\"og:url\" content=\"https:\/\/chimiver.com\/es\/producto\/parkettkoll\/\" \/>\n<meta property=\"og:site_name\" content=\"Chimiver\" \/>\n<meta property=\"article:publisher\" content=\"https:\/\/www.facebook.com\/chimiver\" \/>\n<meta property=\"article:modified_time\" content=\"2025-08-19T14:52:02+00:00\" \/>\n<meta property=\"og:image\" content=\"https:\/\/chimiver.com\/wp-content\/uploads\/2022\/01\/9_21b23.jpg\" \/>\n\t<meta property=\"og:image:width\" content=\"640\" \/>\n\t<meta property=\"og:image:height\" content=\"640\" \/>\n\t<meta property=\"og:image:type\" content=\"image\/jpeg\" \/>\n<meta name=\"twitter:card\" content=\"summary_large_image\" \/>\n<meta name=\"twitter:label1\" content=\"Tiempo de lectura\" \/>\n\t<meta name=\"twitter:data1\" content=\"1 minuto\" \/>\n<script type=\"application\/ld+json\" class=\"yoast-schema-graph\">{\"@context\":\"https:\/\/schema.org\",\"@graph\":[{\"@type\":\"WebPage\",\"@id\":\"https:\/\/chimiver.com\/es\/producto\/parkettkoll\/\",\"url\":\"https:\/\/chimiver.com\/es\/producto\/parkettkoll\/\",\"name\":\"PARKETTKOLL - Chimiver Profesionales, PISOS DE MADERA, Pegar el piso, Adhesivos monocomponente en dispersi\u00f3n acuosa\",\"isPartOf\":{\"@id\":\"https:\/\/chimiver.com\/es\/#website\"},\"primaryImageOfPage\":{\"@id\":\"https:\/\/chimiver.com\/es\/producto\/parkettkoll\/#primaryimage\"},\"image\":{\"@id\":\"https:\/\/chimiver.com\/es\/producto\/parkettkoll\/#primaryimage\"},\"thumbnailUrl\":\"https:\/\/chimiver.com\/wp-content\/uploads\/2022\/01\/9_21b23.jpg\",\"datePublished\":\"2023-02-08T08:27:56+00:00\",\"dateModified\":\"2025-08-19T14:52:02+00:00\",\"description\":\"Scopri PARKETTKOLL Profesionales, PISOS DE MADERA, Pegar el piso, Adhesivos monocomponente en dispersi\u00f3n acuosa. Dal 1965 Chimiver \u00e8 leader nel mercato dei prodotti per incollaggio, trattamento e manutenzione dei pavimenti.\",\"breadcrumb\":{\"@id\":\"https:\/\/chimiver.com\/es\/producto\/parkettkoll\/#breadcrumb\"},\"inLanguage\":\"es\",\"potentialAction\":[{\"@type\":\"ReadAction\",\"target\":[\"https:\/\/chimiver.com\/es\/producto\/parkettkoll\/\"]}]},{\"@type\":\"ImageObject\",\"inLanguage\":\"es\",\"@id\":\"https:\/\/chimiver.com\/es\/producto\/parkettkoll\/#primaryimage\",\"url\":\"https:\/\/chimiver.com\/wp-content\/uploads\/2022\/01\/9_21b23.jpg\",\"contentUrl\":\"https:\/\/chimiver.com\/wp-content\/uploads\/2022\/01\/9_21b23.jpg\",\"width\":640,\"height\":640,\"caption\":\"Parkettkoll Listoni\"},{\"@type\":\"BreadcrumbList\",\"@id\":\"https:\/\/chimiver.com\/es\/producto\/parkettkoll\/#breadcrumb\",\"itemListElement\":[{\"@type\":\"ListItem\",\"position\":1,\"name\":\"Home\",\"item\":\"https:\/\/chimiver.com\/es\/\"},{\"@type\":\"ListItem\",\"position\":2,\"name\":\"Shop\",\"item\":\"https:\/\/chimiver.com\/?page_id=10\"},{\"@type\":\"ListItem\",\"position\":3,\"name\":\"PARKETTKOLL\"}]},{\"@type\":\"WebSite\",\"@id\":\"https:\/\/chimiver.com\/es\/#website\",\"url\":\"https:\/\/chimiver.com\/es\/\",\"name\":\"Chimiver, Your floors partner\",\"description\":\"Su partner de pisos\",\"publisher\":{\"@id\":\"https:\/\/chimiver.com\/es\/#organization\"},\"alternateName\":\"Chimiver\",\"potentialAction\":[{\"@type\":\"SearchAction\",\"target\":{\"@type\":\"EntryPoint\",\"urlTemplate\":\"https:\/\/chimiver.com\/es\/?s={search_term_string}\"},\"query-input\":{\"@type\":\"PropertyValueSpecification\",\"valueRequired\":true,\"valueName\":\"search_term_string\"}}],\"inLanguage\":\"es\"},{\"@type\":\"Organization\",\"@id\":\"https:\/\/chimiver.com\/es\/#organization\",\"name\":\"Chimiver\",\"url\":\"https:\/\/chimiver.com\/es\/\",\"logo\":{\"@type\":\"ImageObject\",\"inLanguage\":\"es\",\"@id\":\"https:\/\/chimiver.com\/es\/#\/schema\/logo\/image\/\",\"url\":\"https:\/\/chimiver.com\/wp-content\/uploads\/2022\/06\/Chimiver_500x500.jpg\",\"contentUrl\":\"https:\/\/chimiver.com\/wp-content\/uploads\/2022\/06\/Chimiver_500x500.jpg\",\"width\":500,\"height\":500,\"caption\":\"Chimiver\"},\"image\":{\"@id\":\"https:\/\/chimiver.com\/es\/#\/schema\/logo\/image\/\"},\"sameAs\":[\"https:\/\/www.facebook.com\/chimiver\"]}]}<\/script>\n<!-- \/ Yoast SEO plugin. -->","yoast_head_json":{"title":"PARKETTKOLL - Chimiver Profesionales, PISOS DE MADERA, Pegar el piso, Adhesivos monocomponente en dispersi\u00f3n acuosa","description":"Scopri PARKETTKOLL Profesionales, PISOS DE MADERA, Pegar el piso, Adhesivos monocomponente en dispersi\u00f3n acuosa. Dal 1965 Chimiver \u00e8 leader nel mercato dei prodotti per incollaggio, trattamento e manutenzione dei pavimenti.","robots":{"index":"index","follow":"follow","max-snippet":"max-snippet:-1","max-image-preview":"max-image-preview:large","max-video-preview":"max-video-preview:-1"},"canonical":"https:\/\/chimiver.com\/es\/producto\/parkettkoll\/","og_locale":"es_ES","og_type":"article","og_title":"PARKETTKOLL - Chimiver Profesionales, PISOS DE MADERA, Pegar el piso, Adhesivos monocomponente en dispersi\u00f3n acuosa","og_description":"Scopri PARKETTKOLL Profesionales, PISOS DE MADERA, Pegar el piso, Adhesivos monocomponente en dispersi\u00f3n acuosa. Dal 1965 Chimiver \u00e8 leader nel mercato dei prodotti per incollaggio, trattamento e manutenzione dei pavimenti.","og_url":"https:\/\/chimiver.com\/es\/producto\/parkettkoll\/","og_site_name":"Chimiver","article_publisher":"https:\/\/www.facebook.com\/chimiver","article_modified_time":"2025-08-19T14:52:02+00:00","og_image":[{"width":640,"height":640,"url":"https:\/\/chimiver.com\/wp-content\/uploads\/2022\/01\/9_21b23.jpg","type":"image\/jpeg"}],"twitter_card":"summary_large_image","twitter_misc":{"Tiempo de lectura":"1 minuto"},"schema":{"@context":"https:\/\/schema.org","@graph":[{"@type":"WebPage","@id":"https:\/\/chimiver.com\/es\/producto\/parkettkoll\/","url":"https:\/\/chimiver.com\/es\/producto\/parkettkoll\/","name":"PARKETTKOLL - Chimiver Profesionales, PISOS DE MADERA, Pegar el piso, Adhesivos monocomponente en dispersi\u00f3n acuosa","isPartOf":{"@id":"https:\/\/chimiver.com\/es\/#website"},"primaryImageOfPage":{"@id":"https:\/\/chimiver.com\/es\/producto\/parkettkoll\/#primaryimage"},"image":{"@id":"https:\/\/chimiver.com\/es\/producto\/parkettkoll\/#primaryimage"},"thumbnailUrl":"https:\/\/chimiver.com\/wp-content\/uploads\/2022\/01\/9_21b23.jpg","datePublished":"2023-02-08T08:27:56+00:00","dateModified":"2025-08-19T14:52:02+00:00","description":"Scopri PARKETTKOLL Profesionales, PISOS DE MADERA, Pegar el piso, Adhesivos monocomponente en dispersi\u00f3n acuosa. Dal 1965 Chimiver \u00e8 leader nel mercato dei prodotti per incollaggio, trattamento e manutenzione dei pavimenti.","breadcrumb":{"@id":"https:\/\/chimiver.com\/es\/producto\/parkettkoll\/#breadcrumb"},"inLanguage":"es","potentialAction":[{"@type":"ReadAction","target":["https:\/\/chimiver.com\/es\/producto\/parkettkoll\/"]}]},{"@type":"ImageObject","inLanguage":"es","@id":"https:\/\/chimiver.com\/es\/producto\/parkettkoll\/#primaryimage","url":"https:\/\/chimiver.com\/wp-content\/uploads\/2022\/01\/9_21b23.jpg","contentUrl":"https:\/\/chimiver.com\/wp-content\/uploads\/2022\/01\/9_21b23.jpg","width":640,"height":640,"caption":"Parkettkoll Listoni"},{"@type":"BreadcrumbList","@id":"https:\/\/chimiver.com\/es\/producto\/parkettkoll\/#breadcrumb","itemListElement":[{"@type":"ListItem","position":1,"name":"Home","item":"https:\/\/chimiver.com\/es\/"},{"@type":"ListItem","position":2,"name":"Shop","item":"https:\/\/chimiver.com\/?page_id=10"},{"@type":"ListItem","position":3,"name":"PARKETTKOLL"}]},{"@type":"WebSite","@id":"https:\/\/chimiver.com\/es\/#website","url":"https:\/\/chimiver.com\/es\/","name":"Chimiver, Your floors partner","description":"Su partner de pisos","publisher":{"@id":"https:\/\/chimiver.com\/es\/#organization"},"alternateName":"Chimiver","potentialAction":[{"@type":"SearchAction","target":{"@type":"EntryPoint","urlTemplate":"https:\/\/chimiver.com\/es\/?s={search_term_string}"},"query-input":{"@type":"PropertyValueSpecification","valueRequired":true,"valueName":"search_term_string"}}],"inLanguage":"es"},{"@type":"Organization","@id":"https:\/\/chimiver.com\/es\/#organization","name":"Chimiver","url":"https:\/\/chimiver.com\/es\/","logo":{"@type":"ImageObject","inLanguage":"es","@id":"https:\/\/chimiver.com\/es\/#\/schema\/logo\/image\/","url":"https:\/\/chimiver.com\/wp-content\/uploads\/2022\/06\/Chimiver_500x500.jpg","contentUrl":"https:\/\/chimiver.com\/wp-content\/uploads\/2022\/06\/Chimiver_500x500.jpg","width":500,"height":500,"caption":"Chimiver"},"image":{"@id":"https:\/\/chimiver.com\/es\/#\/schema\/logo\/image\/"},"sameAs":["https:\/\/www.facebook.com\/chimiver"]}]}},"_links":{"self":[{"href":"https:\/\/chimiver.com\/es\/wp-json\/wp\/v2\/product\/11567","targetHints":{"allow":["GET"]}}],"collection":[{"href":"https:\/\/chimiver.com\/es\/wp-json\/wp\/v2\/product"}],"about":[{"href":"https:\/\/chimiver.com\/es\/wp-json\/wp\/v2\/types\/product"}],"replies":[{"embeddable":true,"href":"https:\/\/chimiver.com\/es\/wp-json\/wp\/v2\/comments?post=11567"}],"wp:featuredmedia":[{"embeddable":true,"href":"https:\/\/chimiver.com\/es\/wp-json\/wp\/v2\/media\/4380"}],"wp:attachment":[{"href":"https:\/\/chimiver.com\/es\/wp-json\/wp\/v2\/media?parent=11567"}],"wp:term":[{"taxonomy":"product_brand","embeddable":true,"href":"https:\/\/chimiver.com\/es\/wp-json\/wp\/v2\/product_brand?post=11567"},{"taxonomy":"product_cat","embeddable":true,"href":"https:\/\/chimiver.com\/es\/wp-json\/wp\/v2\/product_cat?post=11567"},{"taxonomy":"product_tag","embeddable":true,"href":"https:\/\/chimiver.com\/es\/wp-json\/wp\/v2\/product_tag?post=11567"}],"curies":[{"name":"wp","href":"https:\/\/api.w.org\/{rel}","templated":true}]}}