{"id":15490,"date":"2023-07-19T16:35:10","date_gmt":"2023-07-19T14:35:10","guid":{"rendered":"https:\/\/chimiver.com\/?post_type=product&#038;p=15490"},"modified":"2023-07-19T16:44:46","modified_gmt":"2023-07-19T14:44:46","slug":"ecoprime-2k-sport-ab","status":"publish","type":"product","link":"https:\/\/chimiver.com\/es\/producto\/ecoprime-2k-sport-ab\/","title":{"rendered":"ECOPRIME 2K SPORT (A+B)"},"content":{"rendered":"<p>Fondo de agua bicomponente, indicado como primera mano en los ciclos de barnizado completamente de agua para pisos deportivos de madera. Gracias al elevado residuo seco, est\u00e1 caracterizado por un buen\u00edsimo poder cubridor, que permite llenar el poro de la madera con una sola mano, tambi\u00e9n se encuentra en maderas dif\u00edciles (ej: afrormosia), adem\u00e1s, se lija bien a m\u00e1quina.<\/p>\n","protected":false},"excerpt":{"rendered":"Fondo de agua de acr\u00edlico-poliuretano de dos componentes para superficies deportivas","protected":false},"featured_media":15481,"comment_status":"open","ping_status":"closed","template":"","meta":{"_acf_changed":false,"inline_featured_image":false},"product_brand":[],"product_cat":[423,425,437],"product_tag":[],"class_list":{"0":"post-15490","1":"product","2":"type-product","3":"status-publish","4":"has-post-thumbnail","6":"product_cat-profesionales","7":"product_cat-pisos-de-madera","8":"product_cat-sistema-deportivo","10":"first","11":"instock","12":"shipping-taxable","13":"product-type-simple","14":"add-to-wishlist-after_add_to_cart"},"acf":[],"yoast_head":"<!-- This site is optimized with the Yoast SEO plugin v26.2 - https:\/\/yoast.com\/wordpress\/plugins\/seo\/ -->\n<title>ECOPRIME 2K SPORT (A+B) - Chimiver Profesionales, PISOS DE MADERA, Sistema deportivo<\/title>\n<meta name=\"description\" content=\"Scopri ECOPRIME 2K SPORT (A+B) Profesionales, PISOS DE MADERA, Sistema deportivo. Dal 1965 Chimiver \u00e8 leader nel mercato dei prodotti per incollaggio, trattamento e manutenzione dei pavimenti.\" \/>\n<meta name=\"robots\" content=\"index, follow, max-snippet:-1, max-image-preview:large, max-video-preview:-1\" \/>\n<link rel=\"canonical\" href=\"https:\/\/chimiver.com\/es\/producto\/ecoprime-2k-sport-ab\/\" \/>\n<meta property=\"og:locale\" content=\"es_ES\" \/>\n<meta property=\"og:type\" content=\"article\" \/>\n<meta property=\"og:title\" content=\"ECOPRIME 2K SPORT (A+B) - Chimiver Profesionales, PISOS DE MADERA, Sistema deportivo\" \/>\n<meta property=\"og:description\" content=\"Scopri ECOPRIME 2K SPORT (A+B) Profesionales, PISOS DE MADERA, Sistema deportivo. Dal 1965 Chimiver \u00e8 leader nel mercato dei prodotti per incollaggio, trattamento e manutenzione dei pavimenti.\" \/>\n<meta property=\"og:url\" content=\"https:\/\/chimiver.com\/es\/producto\/ecoprime-2k-sport-ab\/\" \/>\n<meta property=\"og:site_name\" content=\"Chimiver\" \/>\n<meta property=\"article:publisher\" content=\"https:\/\/www.facebook.com\/chimiver\" \/>\n<meta property=\"article:modified_time\" content=\"2023-07-19T14:44:46+00:00\" \/>\n<meta property=\"og:image\" content=\"https:\/\/chimiver.com\/wp-content\/uploads\/2023\/07\/ECOPRIME-2K-SPORT.jpg\" \/>\n\t<meta property=\"og:image:width\" content=\"640\" \/>\n\t<meta property=\"og:image:height\" content=\"640\" \/>\n\t<meta property=\"og:image:type\" content=\"image\/jpeg\" \/>\n<meta name=\"twitter:card\" content=\"summary_large_image\" \/>\n<meta name=\"twitter:label1\" content=\"Tiempo de lectura\" \/>\n\t<meta name=\"twitter:data1\" content=\"1 minuto\" \/>\n<script type=\"application\/ld+json\" class=\"yoast-schema-graph\">{\"@context\":\"https:\/\/schema.org\",\"@graph\":[{\"@type\":\"WebPage\",\"@id\":\"https:\/\/chimiver.com\/es\/producto\/ecoprime-2k-sport-ab\/\",\"url\":\"https:\/\/chimiver.com\/es\/producto\/ecoprime-2k-sport-ab\/\",\"name\":\"ECOPRIME 2K SPORT (A+B) - Chimiver Profesionales, PISOS DE MADERA, Sistema deportivo\",\"isPartOf\":{\"@id\":\"https:\/\/chimiver.com\/es\/#website\"},\"primaryImageOfPage\":{\"@id\":\"https:\/\/chimiver.com\/es\/producto\/ecoprime-2k-sport-ab\/#primaryimage\"},\"image\":{\"@id\":\"https:\/\/chimiver.com\/es\/producto\/ecoprime-2k-sport-ab\/#primaryimage\"},\"thumbnailUrl\":\"https:\/\/chimiver.com\/wp-content\/uploads\/2023\/07\/ECOPRIME-2K-SPORT.jpg\",\"datePublished\":\"2023-07-19T14:35:10+00:00\",\"dateModified\":\"2023-07-19T14:44:46+00:00\",\"description\":\"Scopri ECOPRIME 2K SPORT (A+B) Profesionales, PISOS DE MADERA, Sistema deportivo. Dal 1965 Chimiver \u00e8 leader nel mercato dei prodotti per incollaggio, trattamento e manutenzione dei pavimenti.\",\"breadcrumb\":{\"@id\":\"https:\/\/chimiver.com\/es\/producto\/ecoprime-2k-sport-ab\/#breadcrumb\"},\"inLanguage\":\"es\",\"potentialAction\":[{\"@type\":\"ReadAction\",\"target\":[\"https:\/\/chimiver.com\/es\/producto\/ecoprime-2k-sport-ab\/\"]}]},{\"@type\":\"ImageObject\",\"inLanguage\":\"es\",\"@id\":\"https:\/\/chimiver.com\/es\/producto\/ecoprime-2k-sport-ab\/#primaryimage\",\"url\":\"https:\/\/chimiver.com\/wp-content\/uploads\/2023\/07\/ECOPRIME-2K-SPORT.jpg\",\"contentUrl\":\"https:\/\/chimiver.com\/wp-content\/uploads\/2023\/07\/ECOPRIME-2K-SPORT.jpg\",\"width\":640,\"height\":640,\"caption\":\"Created with GIMP\"},{\"@type\":\"BreadcrumbList\",\"@id\":\"https:\/\/chimiver.com\/es\/producto\/ecoprime-2k-sport-ab\/#breadcrumb\",\"itemListElement\":[{\"@type\":\"ListItem\",\"position\":1,\"name\":\"Home\",\"item\":\"https:\/\/chimiver.com\/es\/\"},{\"@type\":\"ListItem\",\"position\":2,\"name\":\"Shop\",\"item\":\"https:\/\/chimiver.com\/?page_id=10\"},{\"@type\":\"ListItem\",\"position\":3,\"name\":\"ECOPRIME 2K SPORT (A+B)\"}]},{\"@type\":\"WebSite\",\"@id\":\"https:\/\/chimiver.com\/es\/#website\",\"url\":\"https:\/\/chimiver.com\/es\/\",\"name\":\"Chimiver, Your floors partner\",\"description\":\"Su partner de pisos\",\"publisher\":{\"@id\":\"https:\/\/chimiver.com\/es\/#organization\"},\"alternateName\":\"Chimiver\",\"potentialAction\":[{\"@type\":\"SearchAction\",\"target\":{\"@type\":\"EntryPoint\",\"urlTemplate\":\"https:\/\/chimiver.com\/es\/?s={search_term_string}\"},\"query-input\":{\"@type\":\"PropertyValueSpecification\",\"valueRequired\":true,\"valueName\":\"search_term_string\"}}],\"inLanguage\":\"es\"},{\"@type\":\"Organization\",\"@id\":\"https:\/\/chimiver.com\/es\/#organization\",\"name\":\"Chimiver\",\"url\":\"https:\/\/chimiver.com\/es\/\",\"logo\":{\"@type\":\"ImageObject\",\"inLanguage\":\"es\",\"@id\":\"https:\/\/chimiver.com\/es\/#\/schema\/logo\/image\/\",\"url\":\"https:\/\/chimiver.com\/wp-content\/uploads\/2022\/06\/Chimiver_500x500.jpg\",\"contentUrl\":\"https:\/\/chimiver.com\/wp-content\/uploads\/2022\/06\/Chimiver_500x500.jpg\",\"width\":500,\"height\":500,\"caption\":\"Chimiver\"},\"image\":{\"@id\":\"https:\/\/chimiver.com\/es\/#\/schema\/logo\/image\/\"},\"sameAs\":[\"https:\/\/www.facebook.com\/chimiver\"]}]}<\/script>\n<!-- \/ Yoast SEO plugin. -->","yoast_head_json":{"title":"ECOPRIME 2K SPORT (A+B) - Chimiver Profesionales, PISOS DE MADERA, Sistema deportivo","description":"Scopri ECOPRIME 2K SPORT (A+B) Profesionales, PISOS DE MADERA, Sistema deportivo. Dal 1965 Chimiver \u00e8 leader nel mercato dei prodotti per incollaggio, trattamento e manutenzione dei pavimenti.","robots":{"index":"index","follow":"follow","max-snippet":"max-snippet:-1","max-image-preview":"max-image-preview:large","max-video-preview":"max-video-preview:-1"},"canonical":"https:\/\/chimiver.com\/es\/producto\/ecoprime-2k-sport-ab\/","og_locale":"es_ES","og_type":"article","og_title":"ECOPRIME 2K SPORT (A+B) - Chimiver Profesionales, PISOS DE MADERA, Sistema deportivo","og_description":"Scopri ECOPRIME 2K SPORT (A+B) Profesionales, PISOS DE MADERA, Sistema deportivo. Dal 1965 Chimiver \u00e8 leader nel mercato dei prodotti per incollaggio, trattamento e manutenzione dei pavimenti.","og_url":"https:\/\/chimiver.com\/es\/producto\/ecoprime-2k-sport-ab\/","og_site_name":"Chimiver","article_publisher":"https:\/\/www.facebook.com\/chimiver","article_modified_time":"2023-07-19T14:44:46+00:00","og_image":[{"width":640,"height":640,"url":"https:\/\/chimiver.com\/wp-content\/uploads\/2023\/07\/ECOPRIME-2K-SPORT.jpg","type":"image\/jpeg"}],"twitter_card":"summary_large_image","twitter_misc":{"Tiempo de lectura":"1 minuto"},"schema":{"@context":"https:\/\/schema.org","@graph":[{"@type":"WebPage","@id":"https:\/\/chimiver.com\/es\/producto\/ecoprime-2k-sport-ab\/","url":"https:\/\/chimiver.com\/es\/producto\/ecoprime-2k-sport-ab\/","name":"ECOPRIME 2K SPORT (A+B) - Chimiver Profesionales, PISOS DE MADERA, Sistema deportivo","isPartOf":{"@id":"https:\/\/chimiver.com\/es\/#website"},"primaryImageOfPage":{"@id":"https:\/\/chimiver.com\/es\/producto\/ecoprime-2k-sport-ab\/#primaryimage"},"image":{"@id":"https:\/\/chimiver.com\/es\/producto\/ecoprime-2k-sport-ab\/#primaryimage"},"thumbnailUrl":"https:\/\/chimiver.com\/wp-content\/uploads\/2023\/07\/ECOPRIME-2K-SPORT.jpg","datePublished":"2023-07-19T14:35:10+00:00","dateModified":"2023-07-19T14:44:46+00:00","description":"Scopri ECOPRIME 2K SPORT (A+B) Profesionales, PISOS DE MADERA, Sistema deportivo. Dal 1965 Chimiver \u00e8 leader nel mercato dei prodotti per incollaggio, trattamento e manutenzione dei pavimenti.","breadcrumb":{"@id":"https:\/\/chimiver.com\/es\/producto\/ecoprime-2k-sport-ab\/#breadcrumb"},"inLanguage":"es","potentialAction":[{"@type":"ReadAction","target":["https:\/\/chimiver.com\/es\/producto\/ecoprime-2k-sport-ab\/"]}]},{"@type":"ImageObject","inLanguage":"es","@id":"https:\/\/chimiver.com\/es\/producto\/ecoprime-2k-sport-ab\/#primaryimage","url":"https:\/\/chimiver.com\/wp-content\/uploads\/2023\/07\/ECOPRIME-2K-SPORT.jpg","contentUrl":"https:\/\/chimiver.com\/wp-content\/uploads\/2023\/07\/ECOPRIME-2K-SPORT.jpg","width":640,"height":640,"caption":"Created with GIMP"},{"@type":"BreadcrumbList","@id":"https:\/\/chimiver.com\/es\/producto\/ecoprime-2k-sport-ab\/#breadcrumb","itemListElement":[{"@type":"ListItem","position":1,"name":"Home","item":"https:\/\/chimiver.com\/es\/"},{"@type":"ListItem","position":2,"name":"Shop","item":"https:\/\/chimiver.com\/?page_id=10"},{"@type":"ListItem","position":3,"name":"ECOPRIME 2K SPORT (A+B)"}]},{"@type":"WebSite","@id":"https:\/\/chimiver.com\/es\/#website","url":"https:\/\/chimiver.com\/es\/","name":"Chimiver, Your floors partner","description":"Su partner de pisos","publisher":{"@id":"https:\/\/chimiver.com\/es\/#organization"},"alternateName":"Chimiver","potentialAction":[{"@type":"SearchAction","target":{"@type":"EntryPoint","urlTemplate":"https:\/\/chimiver.com\/es\/?s={search_term_string}"},"query-input":{"@type":"PropertyValueSpecification","valueRequired":true,"valueName":"search_term_string"}}],"inLanguage":"es"},{"@type":"Organization","@id":"https:\/\/chimiver.com\/es\/#organization","name":"Chimiver","url":"https:\/\/chimiver.com\/es\/","logo":{"@type":"ImageObject","inLanguage":"es","@id":"https:\/\/chimiver.com\/es\/#\/schema\/logo\/image\/","url":"https:\/\/chimiver.com\/wp-content\/uploads\/2022\/06\/Chimiver_500x500.jpg","contentUrl":"https:\/\/chimiver.com\/wp-content\/uploads\/2022\/06\/Chimiver_500x500.jpg","width":500,"height":500,"caption":"Chimiver"},"image":{"@id":"https:\/\/chimiver.com\/es\/#\/schema\/logo\/image\/"},"sameAs":["https:\/\/www.facebook.com\/chimiver"]}]}},"_links":{"self":[{"href":"https:\/\/chimiver.com\/es\/wp-json\/wp\/v2\/product\/15490","targetHints":{"allow":["GET"]}}],"collection":[{"href":"https:\/\/chimiver.com\/es\/wp-json\/wp\/v2\/product"}],"about":[{"href":"https:\/\/chimiver.com\/es\/wp-json\/wp\/v2\/types\/product"}],"replies":[{"embeddable":true,"href":"https:\/\/chimiver.com\/es\/wp-json\/wp\/v2\/comments?post=15490"}],"wp:featuredmedia":[{"embeddable":true,"href":"https:\/\/chimiver.com\/es\/wp-json\/wp\/v2\/media\/15481"}],"wp:attachment":[{"href":"https:\/\/chimiver.com\/es\/wp-json\/wp\/v2\/media?parent=15490"}],"wp:term":[{"taxonomy":"product_brand","embeddable":true,"href":"https:\/\/chimiver.com\/es\/wp-json\/wp\/v2\/product_brand?post=15490"},{"taxonomy":"product_cat","embeddable":true,"href":"https:\/\/chimiver.com\/es\/wp-json\/wp\/v2\/product_cat?post=15490"},{"taxonomy":"product_tag","embeddable":true,"href":"https:\/\/chimiver.com\/es\/wp-json\/wp\/v2\/product_tag?post=15490"}],"curies":[{"name":"wp","href":"https:\/\/api.w.org\/{rel}","templated":true}]}}