{"id":17357,"date":"2024-01-17T14:06:57","date_gmt":"2024-01-17T13:06:57","guid":{"rendered":"https:\/\/chimiver.com\/prodotto\/stucco-spatolabile-metal\/"},"modified":"2024-01-17T16:01:06","modified_gmt":"2024-01-17T15:01:06","slug":"stucco-spatolabile-metal","status":"publish","type":"product","link":"https:\/\/chimiver.com\/es\/producto\/stucco-spatolabile-metal\/","title":{"rendered":"STUCCO SPATOLABILE METAL"},"content":{"rendered":"<p>Estuco bicomponente en pasta f\u00e1cilmente trabajable, a base de resinas de poli\u00e9ster insaturadas. Es adecuado para realizar cualquier tipo de intervenci\u00f3n sobre soportes de madera, como la reconstrucci\u00f3n de piezas faltantes incluso de grandes dimensiones, lechada, acabado, etc. Cualquier espesor final se puede obtener aplicando varias capas a pocos minutos de distancia. Se endurece r\u00e1pidamente mediante la adici\u00f3n del catalizador adecuado; despu\u00e9s de endurecer se puede aserrar, planificar, perforar, lijar exactamente como si fuera madera. Es reparable con la mayor\u00eda de los esmaltes y mordientes normalmente disponibles en el mercado.<\/p>\n","protected":false},"excerpt":{"rendered":"Estuco de poli\u00e9ster de dos componentes","protected":false},"featured_media":17338,"comment_status":"open","ping_status":"closed","template":"","meta":{"_acf_changed":false,"inline_featured_image":false},"product_brand":[],"product_cat":[422,887],"product_tag":[],"class_list":{"0":"post-17357","1":"product","2":"type-product","3":"status-publish","4":"has-post-thumbnail","6":"product_cat-industria-es","7":"product_cat-masillas","9":"first","10":"instock","11":"shipping-taxable","12":"product-type-simple","13":"add-to-wishlist-after_add_to_cart"},"acf":[],"yoast_head":"<!-- This site is optimized with the Yoast SEO plugin v26.2 - https:\/\/yoast.com\/wordpress\/plugins\/seo\/ -->\n<title>STUCCO SPATOLABILE METAL - Chimiver Industria, Masillas<\/title>\n<meta name=\"description\" content=\"Scopri STUCCO SPATOLABILE METAL Industria, Masillas. Dal 1965 Chimiver \u00e8 leader nel mercato dei prodotti per incollaggio, trattamento e manutenzione dei pavimenti.\" \/>\n<meta name=\"robots\" content=\"index, follow, max-snippet:-1, max-image-preview:large, max-video-preview:-1\" \/>\n<link rel=\"canonical\" href=\"https:\/\/chimiver.com\/es\/producto\/stucco-spatolabile-metal\/\" \/>\n<meta property=\"og:locale\" content=\"es_ES\" \/>\n<meta property=\"og:type\" content=\"article\" \/>\n<meta property=\"og:title\" content=\"STUCCO SPATOLABILE METAL - Chimiver Industria, Masillas\" \/>\n<meta property=\"og:description\" content=\"Scopri STUCCO SPATOLABILE METAL Industria, Masillas. Dal 1965 Chimiver \u00e8 leader nel mercato dei prodotti per incollaggio, trattamento e manutenzione dei pavimenti.\" \/>\n<meta property=\"og:url\" content=\"https:\/\/chimiver.com\/es\/producto\/stucco-spatolabile-metal\/\" \/>\n<meta property=\"og:site_name\" content=\"Chimiver\" \/>\n<meta property=\"article:publisher\" content=\"https:\/\/www.facebook.com\/chimiver\" \/>\n<meta property=\"article:modified_time\" content=\"2024-01-17T15:01:06+00:00\" \/>\n<meta property=\"og:image\" content=\"https:\/\/chimiver.com\/wp-content\/uploads\/2024\/01\/STUCCO-SPATOLABILE-METAL.jpg\" \/>\n\t<meta property=\"og:image:width\" content=\"640\" \/>\n\t<meta property=\"og:image:height\" content=\"640\" \/>\n\t<meta property=\"og:image:type\" content=\"image\/jpeg\" \/>\n<meta name=\"twitter:card\" content=\"summary_large_image\" \/>\n<meta name=\"twitter:label1\" content=\"Tiempo de lectura\" \/>\n\t<meta name=\"twitter:data1\" content=\"1 minuto\" \/>\n<script type=\"application\/ld+json\" class=\"yoast-schema-graph\">{\"@context\":\"https:\/\/schema.org\",\"@graph\":[{\"@type\":\"WebPage\",\"@id\":\"https:\/\/chimiver.com\/es\/producto\/stucco-spatolabile-metal\/\",\"url\":\"https:\/\/chimiver.com\/es\/producto\/stucco-spatolabile-metal\/\",\"name\":\"STUCCO SPATOLABILE METAL - Chimiver Industria, Masillas\",\"isPartOf\":{\"@id\":\"https:\/\/chimiver.com\/es\/#website\"},\"primaryImageOfPage\":{\"@id\":\"https:\/\/chimiver.com\/es\/producto\/stucco-spatolabile-metal\/#primaryimage\"},\"image\":{\"@id\":\"https:\/\/chimiver.com\/es\/producto\/stucco-spatolabile-metal\/#primaryimage\"},\"thumbnailUrl\":\"https:\/\/chimiver.com\/wp-content\/uploads\/2024\/01\/STUCCO-SPATOLABILE-METAL.jpg\",\"datePublished\":\"2024-01-17T13:06:57+00:00\",\"dateModified\":\"2024-01-17T15:01:06+00:00\",\"description\":\"Scopri STUCCO SPATOLABILE METAL Industria, Masillas. Dal 1965 Chimiver \u00e8 leader nel mercato dei prodotti per incollaggio, trattamento e manutenzione dei pavimenti.\",\"breadcrumb\":{\"@id\":\"https:\/\/chimiver.com\/es\/producto\/stucco-spatolabile-metal\/#breadcrumb\"},\"inLanguage\":\"es\",\"potentialAction\":[{\"@type\":\"ReadAction\",\"target\":[\"https:\/\/chimiver.com\/es\/producto\/stucco-spatolabile-metal\/\"]}]},{\"@type\":\"ImageObject\",\"inLanguage\":\"es\",\"@id\":\"https:\/\/chimiver.com\/es\/producto\/stucco-spatolabile-metal\/#primaryimage\",\"url\":\"https:\/\/chimiver.com\/wp-content\/uploads\/2024\/01\/STUCCO-SPATOLABILE-METAL.jpg\",\"contentUrl\":\"https:\/\/chimiver.com\/wp-content\/uploads\/2024\/01\/STUCCO-SPATOLABILE-METAL.jpg\",\"width\":640,\"height\":640,\"caption\":\"Created with GIMP\"},{\"@type\":\"BreadcrumbList\",\"@id\":\"https:\/\/chimiver.com\/es\/producto\/stucco-spatolabile-metal\/#breadcrumb\",\"itemListElement\":[{\"@type\":\"ListItem\",\"position\":1,\"name\":\"Home\",\"item\":\"https:\/\/chimiver.com\/es\/\"},{\"@type\":\"ListItem\",\"position\":2,\"name\":\"Shop\",\"item\":\"https:\/\/chimiver.com\/?page_id=10\"},{\"@type\":\"ListItem\",\"position\":3,\"name\":\"STUCCO SPATOLABILE METAL\"}]},{\"@type\":\"WebSite\",\"@id\":\"https:\/\/chimiver.com\/es\/#website\",\"url\":\"https:\/\/chimiver.com\/es\/\",\"name\":\"Chimiver, Your floors partner\",\"description\":\"Su partner de pisos\",\"publisher\":{\"@id\":\"https:\/\/chimiver.com\/es\/#organization\"},\"alternateName\":\"Chimiver\",\"potentialAction\":[{\"@type\":\"SearchAction\",\"target\":{\"@type\":\"EntryPoint\",\"urlTemplate\":\"https:\/\/chimiver.com\/es\/?s={search_term_string}\"},\"query-input\":{\"@type\":\"PropertyValueSpecification\",\"valueRequired\":true,\"valueName\":\"search_term_string\"}}],\"inLanguage\":\"es\"},{\"@type\":\"Organization\",\"@id\":\"https:\/\/chimiver.com\/es\/#organization\",\"name\":\"Chimiver\",\"url\":\"https:\/\/chimiver.com\/es\/\",\"logo\":{\"@type\":\"ImageObject\",\"inLanguage\":\"es\",\"@id\":\"https:\/\/chimiver.com\/es\/#\/schema\/logo\/image\/\",\"url\":\"https:\/\/chimiver.com\/wp-content\/uploads\/2022\/06\/Chimiver_500x500.jpg\",\"contentUrl\":\"https:\/\/chimiver.com\/wp-content\/uploads\/2022\/06\/Chimiver_500x500.jpg\",\"width\":500,\"height\":500,\"caption\":\"Chimiver\"},\"image\":{\"@id\":\"https:\/\/chimiver.com\/es\/#\/schema\/logo\/image\/\"},\"sameAs\":[\"https:\/\/www.facebook.com\/chimiver\"]}]}<\/script>\n<!-- \/ Yoast SEO plugin. -->","yoast_head_json":{"title":"STUCCO SPATOLABILE METAL - Chimiver Industria, Masillas","description":"Scopri STUCCO SPATOLABILE METAL Industria, Masillas. Dal 1965 Chimiver \u00e8 leader nel mercato dei prodotti per incollaggio, trattamento e manutenzione dei pavimenti.","robots":{"index":"index","follow":"follow","max-snippet":"max-snippet:-1","max-image-preview":"max-image-preview:large","max-video-preview":"max-video-preview:-1"},"canonical":"https:\/\/chimiver.com\/es\/producto\/stucco-spatolabile-metal\/","og_locale":"es_ES","og_type":"article","og_title":"STUCCO SPATOLABILE METAL - Chimiver Industria, Masillas","og_description":"Scopri STUCCO SPATOLABILE METAL Industria, Masillas. Dal 1965 Chimiver \u00e8 leader nel mercato dei prodotti per incollaggio, trattamento e manutenzione dei pavimenti.","og_url":"https:\/\/chimiver.com\/es\/producto\/stucco-spatolabile-metal\/","og_site_name":"Chimiver","article_publisher":"https:\/\/www.facebook.com\/chimiver","article_modified_time":"2024-01-17T15:01:06+00:00","og_image":[{"width":640,"height":640,"url":"https:\/\/chimiver.com\/wp-content\/uploads\/2024\/01\/STUCCO-SPATOLABILE-METAL.jpg","type":"image\/jpeg"}],"twitter_card":"summary_large_image","twitter_misc":{"Tiempo de lectura":"1 minuto"},"schema":{"@context":"https:\/\/schema.org","@graph":[{"@type":"WebPage","@id":"https:\/\/chimiver.com\/es\/producto\/stucco-spatolabile-metal\/","url":"https:\/\/chimiver.com\/es\/producto\/stucco-spatolabile-metal\/","name":"STUCCO SPATOLABILE METAL - Chimiver Industria, Masillas","isPartOf":{"@id":"https:\/\/chimiver.com\/es\/#website"},"primaryImageOfPage":{"@id":"https:\/\/chimiver.com\/es\/producto\/stucco-spatolabile-metal\/#primaryimage"},"image":{"@id":"https:\/\/chimiver.com\/es\/producto\/stucco-spatolabile-metal\/#primaryimage"},"thumbnailUrl":"https:\/\/chimiver.com\/wp-content\/uploads\/2024\/01\/STUCCO-SPATOLABILE-METAL.jpg","datePublished":"2024-01-17T13:06:57+00:00","dateModified":"2024-01-17T15:01:06+00:00","description":"Scopri STUCCO SPATOLABILE METAL Industria, Masillas. Dal 1965 Chimiver \u00e8 leader nel mercato dei prodotti per incollaggio, trattamento e manutenzione dei pavimenti.","breadcrumb":{"@id":"https:\/\/chimiver.com\/es\/producto\/stucco-spatolabile-metal\/#breadcrumb"},"inLanguage":"es","potentialAction":[{"@type":"ReadAction","target":["https:\/\/chimiver.com\/es\/producto\/stucco-spatolabile-metal\/"]}]},{"@type":"ImageObject","inLanguage":"es","@id":"https:\/\/chimiver.com\/es\/producto\/stucco-spatolabile-metal\/#primaryimage","url":"https:\/\/chimiver.com\/wp-content\/uploads\/2024\/01\/STUCCO-SPATOLABILE-METAL.jpg","contentUrl":"https:\/\/chimiver.com\/wp-content\/uploads\/2024\/01\/STUCCO-SPATOLABILE-METAL.jpg","width":640,"height":640,"caption":"Created with GIMP"},{"@type":"BreadcrumbList","@id":"https:\/\/chimiver.com\/es\/producto\/stucco-spatolabile-metal\/#breadcrumb","itemListElement":[{"@type":"ListItem","position":1,"name":"Home","item":"https:\/\/chimiver.com\/es\/"},{"@type":"ListItem","position":2,"name":"Shop","item":"https:\/\/chimiver.com\/?page_id=10"},{"@type":"ListItem","position":3,"name":"STUCCO SPATOLABILE METAL"}]},{"@type":"WebSite","@id":"https:\/\/chimiver.com\/es\/#website","url":"https:\/\/chimiver.com\/es\/","name":"Chimiver, Your floors partner","description":"Su partner de pisos","publisher":{"@id":"https:\/\/chimiver.com\/es\/#organization"},"alternateName":"Chimiver","potentialAction":[{"@type":"SearchAction","target":{"@type":"EntryPoint","urlTemplate":"https:\/\/chimiver.com\/es\/?s={search_term_string}"},"query-input":{"@type":"PropertyValueSpecification","valueRequired":true,"valueName":"search_term_string"}}],"inLanguage":"es"},{"@type":"Organization","@id":"https:\/\/chimiver.com\/es\/#organization","name":"Chimiver","url":"https:\/\/chimiver.com\/es\/","logo":{"@type":"ImageObject","inLanguage":"es","@id":"https:\/\/chimiver.com\/es\/#\/schema\/logo\/image\/","url":"https:\/\/chimiver.com\/wp-content\/uploads\/2022\/06\/Chimiver_500x500.jpg","contentUrl":"https:\/\/chimiver.com\/wp-content\/uploads\/2022\/06\/Chimiver_500x500.jpg","width":500,"height":500,"caption":"Chimiver"},"image":{"@id":"https:\/\/chimiver.com\/es\/#\/schema\/logo\/image\/"},"sameAs":["https:\/\/www.facebook.com\/chimiver"]}]}},"_links":{"self":[{"href":"https:\/\/chimiver.com\/es\/wp-json\/wp\/v2\/product\/17357","targetHints":{"allow":["GET"]}}],"collection":[{"href":"https:\/\/chimiver.com\/es\/wp-json\/wp\/v2\/product"}],"about":[{"href":"https:\/\/chimiver.com\/es\/wp-json\/wp\/v2\/types\/product"}],"replies":[{"embeddable":true,"href":"https:\/\/chimiver.com\/es\/wp-json\/wp\/v2\/comments?post=17357"}],"wp:featuredmedia":[{"embeddable":true,"href":"https:\/\/chimiver.com\/es\/wp-json\/wp\/v2\/media\/17338"}],"wp:attachment":[{"href":"https:\/\/chimiver.com\/es\/wp-json\/wp\/v2\/media?parent=17357"}],"wp:term":[{"taxonomy":"product_brand","embeddable":true,"href":"https:\/\/chimiver.com\/es\/wp-json\/wp\/v2\/product_brand?post=17357"},{"taxonomy":"product_cat","embeddable":true,"href":"https:\/\/chimiver.com\/es\/wp-json\/wp\/v2\/product_cat?post=17357"},{"taxonomy":"product_tag","embeddable":true,"href":"https:\/\/chimiver.com\/es\/wp-json\/wp\/v2\/product_tag?post=17357"}],"curies":[{"name":"wp","href":"https:\/\/api.w.org\/{rel}","templated":true}]}}