{"id":19185,"date":"2024-04-15T14:59:56","date_gmt":"2024-04-15T12:59:56","guid":{"rendered":"https:\/\/chimiver.com\/prodotto\/wc-gel-cleaner\/"},"modified":"2024-04-15T15:33:54","modified_gmt":"2024-04-15T13:33:54","slug":"wc-gel-cleaner","status":"publish","type":"product","link":"https:\/\/chimiver.com\/es\/producto\/wc-gel-cleaner\/","title":{"rendered":"WC GEL CLEANER"},"content":{"rendered":"<p>Detergente gel concentrado, compuesto por tensioactivos a base \u00e1cida espec\u00edficos y agentes sin\u00e9rgicos en agua, estudiado para la limpieza y el mantenimiento diario de los inodoros. La forma especial de la botella con cuello en \u00e1ngulo permite una f\u00e1cil aplicaci\u00f3n debajo del borde del inodoro. Su f\u00f3rmula especial \u00ab6 action\u00bb permite:<\/p>\n<ul>\n<li>limpiar toda la superficie;<\/li>\n<li>desincrustar y eliminar las manchas de cal;<\/li>\n<li>hacer la taza brillante y blanquear;;<\/li>\n<li>desinfectar;<\/li>\n<li>tener una adherencia perfecta a las paredes para una limpieza total;<\/li>\n<li>garantizar una limpieza profunda.<\/li>\n<\/ul>\n<p>Contiene una gran cantidad de fragancia que permite una explosi\u00f3n de perfume en cada uso.<\/p>\n","protected":false},"excerpt":{"rendered":"Detergente gel concentrado para la limpieza de los inodoros","protected":false},"featured_media":19170,"comment_status":"open","ping_status":"closed","template":"","meta":{"_acf_changed":false,"inline_featured_image":false},"product_brand":[],"product_cat":[423,428,472,424,534,538],"product_tag":[],"class_list":{"0":"post-19185","1":"product","2":"type-product","3":"status-publish","4":"has-post-thumbnail","6":"product_cat-profesionales","7":"product_cat-limpieza-y-mantenimiento","8":"product_cat-home-care-es","9":"product_cat-consumidores","10":"product_cat-superficies","11":"product_cat-banos","13":"first","14":"instock","15":"shipping-taxable","16":"product-type-simple","17":"add-to-wishlist-after_add_to_cart"},"acf":[],"yoast_head":"<!-- This site is optimized with the Yoast SEO plugin v26.2 - https:\/\/yoast.com\/wordpress\/plugins\/seo\/ -->\n<title>Cleaner for WC - WC GEL CLEANER<\/title>\n<meta name=\"description\" content=\"Scopri WC GEL CLEANER Profesionales, LIMPIEZA Y MANTENIMIENTO, Home Care, Consumidores, SUPERFICIES, Ba\u00f1os. Detergente gel concentrado para la limpieza de los inodoros\" \/>\n<meta name=\"robots\" content=\"index, follow, max-snippet:-1, max-image-preview:large, max-video-preview:-1\" \/>\n<link rel=\"canonical\" href=\"https:\/\/chimiver.com\/es\/producto\/wc-gel-cleaner\/\" \/>\n<meta property=\"og:locale\" content=\"es_ES\" \/>\n<meta property=\"og:type\" content=\"article\" \/>\n<meta property=\"og:title\" content=\"Cleaner for WC - WC GEL CLEANER\" \/>\n<meta property=\"og:description\" content=\"Scopri WC GEL CLEANER Profesionales, LIMPIEZA Y MANTENIMIENTO, Home Care, Consumidores, SUPERFICIES, Ba\u00f1os. Detergente gel concentrado para la limpieza de los inodoros\" \/>\n<meta property=\"og:url\" content=\"https:\/\/chimiver.com\/es\/producto\/wc-gel-cleaner\/\" \/>\n<meta property=\"og:site_name\" content=\"Chimiver\" \/>\n<meta property=\"article:publisher\" content=\"https:\/\/www.facebook.com\/chimiver\" \/>\n<meta property=\"article:modified_time\" content=\"2024-04-15T13:33:54+00:00\" \/>\n<meta property=\"og:image\" content=\"https:\/\/chimiver.com\/wp-content\/uploads\/2024\/04\/WC-Gel-Cleaner.jpg\" \/>\n\t<meta property=\"og:image:width\" content=\"640\" \/>\n\t<meta property=\"og:image:height\" content=\"640\" \/>\n\t<meta property=\"og:image:type\" content=\"image\/jpeg\" \/>\n<meta name=\"twitter:card\" content=\"summary_large_image\" \/>\n<meta name=\"twitter:label1\" content=\"Tiempo de lectura\" \/>\n\t<meta name=\"twitter:data1\" content=\"1 minuto\" \/>\n<script type=\"application\/ld+json\" class=\"yoast-schema-graph\">{\"@context\":\"https:\/\/schema.org\",\"@graph\":[{\"@type\":\"WebPage\",\"@id\":\"https:\/\/chimiver.com\/es\/producto\/wc-gel-cleaner\/\",\"url\":\"https:\/\/chimiver.com\/es\/producto\/wc-gel-cleaner\/\",\"name\":\"Cleaner for WC - WC GEL CLEANER\",\"isPartOf\":{\"@id\":\"https:\/\/chimiver.com\/es\/#website\"},\"primaryImageOfPage\":{\"@id\":\"https:\/\/chimiver.com\/es\/producto\/wc-gel-cleaner\/#primaryimage\"},\"image\":{\"@id\":\"https:\/\/chimiver.com\/es\/producto\/wc-gel-cleaner\/#primaryimage\"},\"thumbnailUrl\":\"https:\/\/chimiver.com\/wp-content\/uploads\/2024\/04\/WC-Gel-Cleaner.jpg\",\"datePublished\":\"2024-04-15T12:59:56+00:00\",\"dateModified\":\"2024-04-15T13:33:54+00:00\",\"description\":\"Scopri WC GEL CLEANER Profesionales, LIMPIEZA Y MANTENIMIENTO, Home Care, Consumidores, SUPERFICIES, Ba\u00f1os. Detergente gel concentrado para la limpieza de los inodoros\",\"breadcrumb\":{\"@id\":\"https:\/\/chimiver.com\/es\/producto\/wc-gel-cleaner\/#breadcrumb\"},\"inLanguage\":\"es\",\"potentialAction\":[{\"@type\":\"ReadAction\",\"target\":[\"https:\/\/chimiver.com\/es\/producto\/wc-gel-cleaner\/\"]}]},{\"@type\":\"ImageObject\",\"inLanguage\":\"es\",\"@id\":\"https:\/\/chimiver.com\/es\/producto\/wc-gel-cleaner\/#primaryimage\",\"url\":\"https:\/\/chimiver.com\/wp-content\/uploads\/2024\/04\/WC-Gel-Cleaner.jpg\",\"contentUrl\":\"https:\/\/chimiver.com\/wp-content\/uploads\/2024\/04\/WC-Gel-Cleaner.jpg\",\"width\":640,\"height\":640,\"caption\":\"Created with GIMP\"},{\"@type\":\"BreadcrumbList\",\"@id\":\"https:\/\/chimiver.com\/es\/producto\/wc-gel-cleaner\/#breadcrumb\",\"itemListElement\":[{\"@type\":\"ListItem\",\"position\":1,\"name\":\"Home\",\"item\":\"https:\/\/chimiver.com\/es\/\"},{\"@type\":\"ListItem\",\"position\":2,\"name\":\"Shop\",\"item\":\"https:\/\/chimiver.com\/?page_id=10\"},{\"@type\":\"ListItem\",\"position\":3,\"name\":\"WC GEL CLEANER\"}]},{\"@type\":\"WebSite\",\"@id\":\"https:\/\/chimiver.com\/es\/#website\",\"url\":\"https:\/\/chimiver.com\/es\/\",\"name\":\"Chimiver, Your floors partner\",\"description\":\"Su partner de pisos\",\"publisher\":{\"@id\":\"https:\/\/chimiver.com\/es\/#organization\"},\"alternateName\":\"Chimiver\",\"potentialAction\":[{\"@type\":\"SearchAction\",\"target\":{\"@type\":\"EntryPoint\",\"urlTemplate\":\"https:\/\/chimiver.com\/es\/?s={search_term_string}\"},\"query-input\":{\"@type\":\"PropertyValueSpecification\",\"valueRequired\":true,\"valueName\":\"search_term_string\"}}],\"inLanguage\":\"es\"},{\"@type\":\"Organization\",\"@id\":\"https:\/\/chimiver.com\/es\/#organization\",\"name\":\"Chimiver\",\"url\":\"https:\/\/chimiver.com\/es\/\",\"logo\":{\"@type\":\"ImageObject\",\"inLanguage\":\"es\",\"@id\":\"https:\/\/chimiver.com\/es\/#\/schema\/logo\/image\/\",\"url\":\"https:\/\/chimiver.com\/wp-content\/uploads\/2022\/06\/Chimiver_500x500.jpg\",\"contentUrl\":\"https:\/\/chimiver.com\/wp-content\/uploads\/2022\/06\/Chimiver_500x500.jpg\",\"width\":500,\"height\":500,\"caption\":\"Chimiver\"},\"image\":{\"@id\":\"https:\/\/chimiver.com\/es\/#\/schema\/logo\/image\/\"},\"sameAs\":[\"https:\/\/www.facebook.com\/chimiver\"]}]}<\/script>\n<!-- \/ Yoast SEO plugin. -->","yoast_head_json":{"title":"Cleaner for WC - WC GEL CLEANER","description":"Scopri WC GEL CLEANER Profesionales, LIMPIEZA Y MANTENIMIENTO, Home Care, Consumidores, SUPERFICIES, Ba\u00f1os. Detergente gel concentrado para la limpieza de los inodoros","robots":{"index":"index","follow":"follow","max-snippet":"max-snippet:-1","max-image-preview":"max-image-preview:large","max-video-preview":"max-video-preview:-1"},"canonical":"https:\/\/chimiver.com\/es\/producto\/wc-gel-cleaner\/","og_locale":"es_ES","og_type":"article","og_title":"Cleaner for WC - WC GEL CLEANER","og_description":"Scopri WC GEL CLEANER Profesionales, LIMPIEZA Y MANTENIMIENTO, Home Care, Consumidores, SUPERFICIES, Ba\u00f1os. Detergente gel concentrado para la limpieza de los inodoros","og_url":"https:\/\/chimiver.com\/es\/producto\/wc-gel-cleaner\/","og_site_name":"Chimiver","article_publisher":"https:\/\/www.facebook.com\/chimiver","article_modified_time":"2024-04-15T13:33:54+00:00","og_image":[{"width":640,"height":640,"url":"https:\/\/chimiver.com\/wp-content\/uploads\/2024\/04\/WC-Gel-Cleaner.jpg","type":"image\/jpeg"}],"twitter_card":"summary_large_image","twitter_misc":{"Tiempo de lectura":"1 minuto"},"schema":{"@context":"https:\/\/schema.org","@graph":[{"@type":"WebPage","@id":"https:\/\/chimiver.com\/es\/producto\/wc-gel-cleaner\/","url":"https:\/\/chimiver.com\/es\/producto\/wc-gel-cleaner\/","name":"Cleaner for WC - WC GEL CLEANER","isPartOf":{"@id":"https:\/\/chimiver.com\/es\/#website"},"primaryImageOfPage":{"@id":"https:\/\/chimiver.com\/es\/producto\/wc-gel-cleaner\/#primaryimage"},"image":{"@id":"https:\/\/chimiver.com\/es\/producto\/wc-gel-cleaner\/#primaryimage"},"thumbnailUrl":"https:\/\/chimiver.com\/wp-content\/uploads\/2024\/04\/WC-Gel-Cleaner.jpg","datePublished":"2024-04-15T12:59:56+00:00","dateModified":"2024-04-15T13:33:54+00:00","description":"Scopri WC GEL CLEANER Profesionales, LIMPIEZA Y MANTENIMIENTO, Home Care, Consumidores, SUPERFICIES, Ba\u00f1os. Detergente gel concentrado para la limpieza de los inodoros","breadcrumb":{"@id":"https:\/\/chimiver.com\/es\/producto\/wc-gel-cleaner\/#breadcrumb"},"inLanguage":"es","potentialAction":[{"@type":"ReadAction","target":["https:\/\/chimiver.com\/es\/producto\/wc-gel-cleaner\/"]}]},{"@type":"ImageObject","inLanguage":"es","@id":"https:\/\/chimiver.com\/es\/producto\/wc-gel-cleaner\/#primaryimage","url":"https:\/\/chimiver.com\/wp-content\/uploads\/2024\/04\/WC-Gel-Cleaner.jpg","contentUrl":"https:\/\/chimiver.com\/wp-content\/uploads\/2024\/04\/WC-Gel-Cleaner.jpg","width":640,"height":640,"caption":"Created with GIMP"},{"@type":"BreadcrumbList","@id":"https:\/\/chimiver.com\/es\/producto\/wc-gel-cleaner\/#breadcrumb","itemListElement":[{"@type":"ListItem","position":1,"name":"Home","item":"https:\/\/chimiver.com\/es\/"},{"@type":"ListItem","position":2,"name":"Shop","item":"https:\/\/chimiver.com\/?page_id=10"},{"@type":"ListItem","position":3,"name":"WC GEL CLEANER"}]},{"@type":"WebSite","@id":"https:\/\/chimiver.com\/es\/#website","url":"https:\/\/chimiver.com\/es\/","name":"Chimiver, Your floors partner","description":"Su partner de pisos","publisher":{"@id":"https:\/\/chimiver.com\/es\/#organization"},"alternateName":"Chimiver","potentialAction":[{"@type":"SearchAction","target":{"@type":"EntryPoint","urlTemplate":"https:\/\/chimiver.com\/es\/?s={search_term_string}"},"query-input":{"@type":"PropertyValueSpecification","valueRequired":true,"valueName":"search_term_string"}}],"inLanguage":"es"},{"@type":"Organization","@id":"https:\/\/chimiver.com\/es\/#organization","name":"Chimiver","url":"https:\/\/chimiver.com\/es\/","logo":{"@type":"ImageObject","inLanguage":"es","@id":"https:\/\/chimiver.com\/es\/#\/schema\/logo\/image\/","url":"https:\/\/chimiver.com\/wp-content\/uploads\/2022\/06\/Chimiver_500x500.jpg","contentUrl":"https:\/\/chimiver.com\/wp-content\/uploads\/2022\/06\/Chimiver_500x500.jpg","width":500,"height":500,"caption":"Chimiver"},"image":{"@id":"https:\/\/chimiver.com\/es\/#\/schema\/logo\/image\/"},"sameAs":["https:\/\/www.facebook.com\/chimiver"]}]}},"_links":{"self":[{"href":"https:\/\/chimiver.com\/es\/wp-json\/wp\/v2\/product\/19185","targetHints":{"allow":["GET"]}}],"collection":[{"href":"https:\/\/chimiver.com\/es\/wp-json\/wp\/v2\/product"}],"about":[{"href":"https:\/\/chimiver.com\/es\/wp-json\/wp\/v2\/types\/product"}],"replies":[{"embeddable":true,"href":"https:\/\/chimiver.com\/es\/wp-json\/wp\/v2\/comments?post=19185"}],"wp:featuredmedia":[{"embeddable":true,"href":"https:\/\/chimiver.com\/es\/wp-json\/wp\/v2\/media\/19170"}],"wp:attachment":[{"href":"https:\/\/chimiver.com\/es\/wp-json\/wp\/v2\/media?parent=19185"}],"wp:term":[{"taxonomy":"product_brand","embeddable":true,"href":"https:\/\/chimiver.com\/es\/wp-json\/wp\/v2\/product_brand?post=19185"},{"taxonomy":"product_cat","embeddable":true,"href":"https:\/\/chimiver.com\/es\/wp-json\/wp\/v2\/product_cat?post=19185"},{"taxonomy":"product_tag","embeddable":true,"href":"https:\/\/chimiver.com\/es\/wp-json\/wp\/v2\/product_tag?post=19185"}],"curies":[{"name":"wp","href":"https:\/\/api.w.org\/{rel}","templated":true}]}}