{"id":19858,"date":"2024-06-05T10:58:00","date_gmt":"2024-06-05T08:58:00","guid":{"rendered":"https:\/\/chimiver.com\/prodotto\/adesiver-green-turf-1k-ms\/"},"modified":"2024-06-05T11:10:05","modified_gmt":"2024-06-05T09:10:05","slug":"adesiver-green-turf-1k-ms","status":"publish","type":"product","link":"https:\/\/chimiver.com\/es\/producto\/adesiver-green-turf-1k-ms\/","title":{"rendered":"ADESIVER GREEN TURF 1K MS"},"content":{"rendered":"<p>Adhesivo sil\u00e1nico monocomponente higoindurable caracterizado por una alta tixotrop\u00eda y un excelente agarre inicial. Es de f\u00e1cil aplicaci\u00f3n, alta elasticidad que se mantiene constante con el tiempo, buena adherencia en la mayor\u00eda de las superficies. ADHESIVO VERDE TURF 1K no espuma en fase de curado. Tiene buena resistencia al agua salada, disolventes alif\u00e1ticos y alcoholes. Empleos: Uni\u00f3n de las bandas de uni\u00f3n entre las lonas de c\u00e9sped artificial colocadas en el interior y en el exterior, incluso en presencia de humedad residual. No apto para campos deportivos profesionales.<\/p>\n","protected":false},"excerpt":{"rendered":"Adhesivo monocomponente sil\u00e1nico tixotr\u00f3pico para el pegado de c\u00e9sped sint\u00e9tico","protected":false},"featured_media":19826,"comment_status":"open","ping_status":"closed","template":"","meta":{"_acf_changed":false,"inline_featured_image":false},"product_brand":[],"product_cat":[429,588,589],"product_tag":[],"class_list":{"0":"post-19858","1":"product","2":"type-product","3":"status-publish","4":"has-post-thumbnail","6":"product_cat-cesped-sintetico","7":"product_cat-pegar-y-trazar-cesped-sintetico-y-natural","8":"product_cat-adhesivos-uso-interno-y-externo-es","10":"first","11":"instock","12":"shipping-taxable","13":"product-type-simple","14":"add-to-wishlist-after_add_to_cart"},"acf":[],"yoast_head":"<!-- This site is optimized with the Yoast SEO plugin v26.2 - https:\/\/yoast.com\/wordpress\/plugins\/seo\/ -->\n<title>Adhesivo c\u00e9sped sint\u00e9tico - ADESIVER GREEN TURF 1K MS<\/title>\n<meta name=\"description\" content=\"Descubrir ADESIVER GREEN TURF 1K MS . Adhesivo monocomponente sil\u00e1nico tixotr\u00f3pico para el pegado de c\u00e9sped sint\u00e9tico.\" \/>\n<meta name=\"robots\" content=\"index, follow, max-snippet:-1, max-image-preview:large, max-video-preview:-1\" \/>\n<link rel=\"canonical\" href=\"https:\/\/chimiver.com\/es\/producto\/adesiver-green-turf-1k-ms\/\" \/>\n<meta property=\"og:locale\" content=\"es_ES\" \/>\n<meta property=\"og:type\" content=\"article\" \/>\n<meta property=\"og:title\" content=\"Adhesivo c\u00e9sped sint\u00e9tico - ADESIVER GREEN TURF 1K MS\" \/>\n<meta property=\"og:description\" content=\"Descubrir ADESIVER GREEN TURF 1K MS . Adhesivo monocomponente sil\u00e1nico tixotr\u00f3pico para el pegado de c\u00e9sped sint\u00e9tico.\" \/>\n<meta property=\"og:url\" content=\"https:\/\/chimiver.com\/es\/producto\/adesiver-green-turf-1k-ms\/\" \/>\n<meta property=\"og:site_name\" content=\"Chimiver\" \/>\n<meta property=\"article:publisher\" content=\"https:\/\/www.facebook.com\/chimiver\" \/>\n<meta property=\"article:modified_time\" content=\"2024-06-05T09:10:05+00:00\" \/>\n<meta property=\"og:image\" content=\"https:\/\/chimiver.com\/wp-content\/uploads\/2024\/06\/green-turf-1k-MS_290-ML.jpg\" \/>\n\t<meta property=\"og:image:width\" content=\"640\" \/>\n\t<meta property=\"og:image:height\" content=\"640\" \/>\n\t<meta property=\"og:image:type\" content=\"image\/jpeg\" \/>\n<meta name=\"twitter:card\" content=\"summary_large_image\" \/>\n<meta name=\"twitter:label1\" content=\"Tiempo de lectura\" \/>\n\t<meta name=\"twitter:data1\" content=\"1 minuto\" \/>\n<script type=\"application\/ld+json\" class=\"yoast-schema-graph\">{\"@context\":\"https:\/\/schema.org\",\"@graph\":[{\"@type\":[\"WebPage\",\"ItemPage\"],\"@id\":\"https:\/\/chimiver.com\/es\/producto\/adesiver-green-turf-1k-ms\/\",\"url\":\"https:\/\/chimiver.com\/es\/producto\/adesiver-green-turf-1k-ms\/\",\"name\":\"Adhesivo c\u00e9sped sint\u00e9tico - ADESIVER GREEN TURF 1K MS\",\"isPartOf\":{\"@id\":\"https:\/\/chimiver.com\/es\/#website\"},\"primaryImageOfPage\":{\"@id\":\"https:\/\/chimiver.com\/es\/producto\/adesiver-green-turf-1k-ms\/#primaryimage\"},\"image\":{\"@id\":\"https:\/\/chimiver.com\/es\/producto\/adesiver-green-turf-1k-ms\/#primaryimage\"},\"thumbnailUrl\":\"https:\/\/chimiver.com\/wp-content\/uploads\/2024\/06\/green-turf-1k-MS_290-ML.jpg\",\"datePublished\":\"2024-06-05T08:58:00+00:00\",\"dateModified\":\"2024-06-05T09:10:05+00:00\",\"description\":\"Descubrir ADESIVER GREEN TURF 1K MS . Adhesivo monocomponente sil\u00e1nico tixotr\u00f3pico para el pegado de c\u00e9sped sint\u00e9tico.\",\"breadcrumb\":{\"@id\":\"https:\/\/chimiver.com\/es\/producto\/adesiver-green-turf-1k-ms\/#breadcrumb\"},\"inLanguage\":\"es\",\"potentialAction\":[{\"@type\":\"ReadAction\",\"target\":[\"https:\/\/chimiver.com\/es\/producto\/adesiver-green-turf-1k-ms\/\"]}]},{\"@type\":\"ImageObject\",\"inLanguage\":\"es\",\"@id\":\"https:\/\/chimiver.com\/es\/producto\/adesiver-green-turf-1k-ms\/#primaryimage\",\"url\":\"https:\/\/chimiver.com\/wp-content\/uploads\/2024\/06\/green-turf-1k-MS_290-ML.jpg\",\"contentUrl\":\"https:\/\/chimiver.com\/wp-content\/uploads\/2024\/06\/green-turf-1k-MS_290-ML.jpg\",\"width\":640,\"height\":640,\"caption\":\"Created with GIMP\"},{\"@type\":\"BreadcrumbList\",\"@id\":\"https:\/\/chimiver.com\/es\/producto\/adesiver-green-turf-1k-ms\/#breadcrumb\",\"itemListElement\":[{\"@type\":\"ListItem\",\"position\":1,\"name\":\"Home\",\"item\":\"https:\/\/chimiver.com\/es\/\"},{\"@type\":\"ListItem\",\"position\":2,\"name\":\"Shop\",\"item\":\"https:\/\/chimiver.com\/?page_id=10\"},{\"@type\":\"ListItem\",\"position\":3,\"name\":\"ADESIVER GREEN TURF 1K MS\"}]},{\"@type\":\"WebSite\",\"@id\":\"https:\/\/chimiver.com\/es\/#website\",\"url\":\"https:\/\/chimiver.com\/es\/\",\"name\":\"Chimiver, Your floors partner\",\"description\":\"Chimiver Panseri S.p.A. produce adesivi, vernici, oli e detergenti professionali per tutti i tipi di pavimenti: parquet, resilienti, resina, erba sintetica e decking.\",\"publisher\":{\"@id\":\"https:\/\/chimiver.com\/es\/#organization\"},\"alternateName\":\"Chimiver\",\"potentialAction\":[{\"@type\":\"SearchAction\",\"target\":{\"@type\":\"EntryPoint\",\"urlTemplate\":\"https:\/\/chimiver.com\/es\/?s={search_term_string}\"},\"query-input\":{\"@type\":\"PropertyValueSpecification\",\"valueRequired\":true,\"valueName\":\"search_term_string\"}}],\"inLanguage\":[\"it\",\"en\",\"es\",\"fr\"]},{\"@type\":\"Organization\",\"@id\":\"https:\/\/chimiver.com\/es\/#organization\",\"name\":\"Chimiver\",\"alternateName\":\"CHIMIVER\",\"url\":\"https:\/\/chimiver.com\/es\/\",\"logo\":{\"@type\":\"ImageObject\",\"inLanguage\":\"es\",\"@id\":\"https:\/\/chimiver.com\/es\/#\/schema\/logo\/image\/\",\"url\":\"https:\/\/chimiver.com\/wp-content\/uploads\/2022\/06\/Chimiver_500x500.jpg\",\"contentUrl\":\"https:\/\/chimiver.com\/wp-content\/uploads\/2022\/06\/Chimiver_500x500.jpg\",\"width\":500,\"height\":500,\"caption\":\"Chimiver\"},\"image\":{\"@id\":\"https:\/\/chimiver.com\/es\/#\/schema\/logo\/image\/\"},\"sameAs\":[\"https:\/\/www.facebook.com\/chimiver\",\"https:\/\/www.linkedin.com\/company\/chimiver-panseri-s.p.a.\",\"https:\/\/www.youtube.com\/user\/ChimiverChannel\/videos\",\"https:\/\/amzn.to\/2Kz2H8b\",\"https:\/\/www.instagram.com\/chimiver\"]}]}<\/script>\n<!-- \/ Yoast SEO plugin. -->","yoast_head_json":{"title":"Adhesivo c\u00e9sped sint\u00e9tico - ADESIVER GREEN TURF 1K MS","description":"Descubrir ADESIVER GREEN TURF 1K MS . Adhesivo monocomponente sil\u00e1nico tixotr\u00f3pico para el pegado de c\u00e9sped sint\u00e9tico.","robots":{"index":"index","follow":"follow","max-snippet":"max-snippet:-1","max-image-preview":"max-image-preview:large","max-video-preview":"max-video-preview:-1"},"canonical":"https:\/\/chimiver.com\/es\/producto\/adesiver-green-turf-1k-ms\/","og_locale":"es_ES","og_type":"article","og_title":"Adhesivo c\u00e9sped sint\u00e9tico - ADESIVER GREEN TURF 1K MS","og_description":"Descubrir ADESIVER GREEN TURF 1K MS . Adhesivo monocomponente sil\u00e1nico tixotr\u00f3pico para el pegado de c\u00e9sped sint\u00e9tico.","og_url":"https:\/\/chimiver.com\/es\/producto\/adesiver-green-turf-1k-ms\/","og_site_name":"Chimiver","article_publisher":"https:\/\/www.facebook.com\/chimiver","article_modified_time":"2024-06-05T09:10:05+00:00","og_image":[{"width":640,"height":640,"url":"https:\/\/chimiver.com\/wp-content\/uploads\/2024\/06\/green-turf-1k-MS_290-ML.jpg","type":"image\/jpeg"}],"twitter_card":"summary_large_image","twitter_misc":{"Tiempo de lectura":"1 minuto"},"schema":{"@context":"https:\/\/schema.org","@graph":[{"@type":["WebPage","ItemPage"],"@id":"https:\/\/chimiver.com\/es\/producto\/adesiver-green-turf-1k-ms\/","url":"https:\/\/chimiver.com\/es\/producto\/adesiver-green-turf-1k-ms\/","name":"Adhesivo c\u00e9sped sint\u00e9tico - ADESIVER GREEN TURF 1K MS","isPartOf":{"@id":"https:\/\/chimiver.com\/es\/#website"},"primaryImageOfPage":{"@id":"https:\/\/chimiver.com\/es\/producto\/adesiver-green-turf-1k-ms\/#primaryimage"},"image":{"@id":"https:\/\/chimiver.com\/es\/producto\/adesiver-green-turf-1k-ms\/#primaryimage"},"thumbnailUrl":"https:\/\/chimiver.com\/wp-content\/uploads\/2024\/06\/green-turf-1k-MS_290-ML.jpg","datePublished":"2024-06-05T08:58:00+00:00","dateModified":"2024-06-05T09:10:05+00:00","description":"Descubrir ADESIVER GREEN TURF 1K MS . Adhesivo monocomponente sil\u00e1nico tixotr\u00f3pico para el pegado de c\u00e9sped sint\u00e9tico.","breadcrumb":{"@id":"https:\/\/chimiver.com\/es\/producto\/adesiver-green-turf-1k-ms\/#breadcrumb"},"inLanguage":"es","potentialAction":[{"@type":"ReadAction","target":["https:\/\/chimiver.com\/es\/producto\/adesiver-green-turf-1k-ms\/"]}]},{"@type":"ImageObject","inLanguage":"es","@id":"https:\/\/chimiver.com\/es\/producto\/adesiver-green-turf-1k-ms\/#primaryimage","url":"https:\/\/chimiver.com\/wp-content\/uploads\/2024\/06\/green-turf-1k-MS_290-ML.jpg","contentUrl":"https:\/\/chimiver.com\/wp-content\/uploads\/2024\/06\/green-turf-1k-MS_290-ML.jpg","width":640,"height":640,"caption":"Created with GIMP"},{"@type":"BreadcrumbList","@id":"https:\/\/chimiver.com\/es\/producto\/adesiver-green-turf-1k-ms\/#breadcrumb","itemListElement":[{"@type":"ListItem","position":1,"name":"Home","item":"https:\/\/chimiver.com\/es\/"},{"@type":"ListItem","position":2,"name":"Shop","item":"https:\/\/chimiver.com\/?page_id=10"},{"@type":"ListItem","position":3,"name":"ADESIVER GREEN TURF 1K MS"}]},{"@type":"WebSite","@id":"https:\/\/chimiver.com\/es\/#website","url":"https:\/\/chimiver.com\/es\/","name":"Chimiver, Your floors partner","description":"Chimiver Panseri S.p.A. produce adesivi, vernici, oli e detergenti professionali per tutti i tipi di pavimenti: parquet, resilienti, resina, erba sintetica e decking.","publisher":{"@id":"https:\/\/chimiver.com\/es\/#organization"},"alternateName":"Chimiver","potentialAction":[{"@type":"SearchAction","target":{"@type":"EntryPoint","urlTemplate":"https:\/\/chimiver.com\/es\/?s={search_term_string}"},"query-input":{"@type":"PropertyValueSpecification","valueRequired":true,"valueName":"search_term_string"}}],"inLanguage":["it","en","es","fr"]},{"@type":"Organization","@id":"https:\/\/chimiver.com\/es\/#organization","name":"Chimiver","alternateName":"CHIMIVER","url":"https:\/\/chimiver.com\/es\/","logo":{"@type":"ImageObject","inLanguage":"es","@id":"https:\/\/chimiver.com\/es\/#\/schema\/logo\/image\/","url":"https:\/\/chimiver.com\/wp-content\/uploads\/2022\/06\/Chimiver_500x500.jpg","contentUrl":"https:\/\/chimiver.com\/wp-content\/uploads\/2022\/06\/Chimiver_500x500.jpg","width":500,"height":500,"caption":"Chimiver"},"image":{"@id":"https:\/\/chimiver.com\/es\/#\/schema\/logo\/image\/"},"sameAs":["https:\/\/www.facebook.com\/chimiver","https:\/\/www.linkedin.com\/company\/chimiver-panseri-s.p.a.","https:\/\/www.youtube.com\/user\/ChimiverChannel\/videos","https:\/\/amzn.to\/2Kz2H8b","https:\/\/www.instagram.com\/chimiver"]}]}},"_links":{"self":[{"href":"https:\/\/chimiver.com\/es\/wp-json\/wp\/v2\/product\/19858","targetHints":{"allow":["GET"]}}],"collection":[{"href":"https:\/\/chimiver.com\/es\/wp-json\/wp\/v2\/product"}],"about":[{"href":"https:\/\/chimiver.com\/es\/wp-json\/wp\/v2\/types\/product"}],"replies":[{"embeddable":true,"href":"https:\/\/chimiver.com\/es\/wp-json\/wp\/v2\/comments?post=19858"}],"wp:featuredmedia":[{"embeddable":true,"href":"https:\/\/chimiver.com\/es\/wp-json\/wp\/v2\/media\/19826"}],"wp:attachment":[{"href":"https:\/\/chimiver.com\/es\/wp-json\/wp\/v2\/media?parent=19858"}],"wp:term":[{"taxonomy":"product_brand","embeddable":true,"href":"https:\/\/chimiver.com\/es\/wp-json\/wp\/v2\/product_brand?post=19858"},{"taxonomy":"product_cat","embeddable":true,"href":"https:\/\/chimiver.com\/es\/wp-json\/wp\/v2\/product_cat?post=19858"},{"taxonomy":"product_tag","embeddable":true,"href":"https:\/\/chimiver.com\/es\/wp-json\/wp\/v2\/product_tag?post=19858"}],"curies":[{"name":"wp","href":"https:\/\/api.w.org\/{rel}","templated":true}]}}