{"id":20534,"date":"2022-03-16T15:46:33","date_gmt":"2022-03-16T14:46:33","guid":{"rendered":"https:\/\/chimiver.com\/prodotto\/serie-cuc\/"},"modified":"2025-11-27T15:46:54","modified_gmt":"2025-11-27T14:46:54","slug":"serie-cuc","status":"publish","type":"product","link":"https:\/\/chimiver.com\/es\/producto\/serie-cuc\/","title":{"rendered":"SERIE CUC"},"content":{"rendered":"<p>Soluci\u00f3n en disolventes org\u00e1nicos de colorantes met\u00e1licos complejos bisulfonados, caracterizados por una buena estabilidad a la luz, una excelente transparencia, brillo y uniformidad. Buena resistencia al sobrebarnizado con poliuretanos, acr\u00edlicos y productos fotoreticulables. Se utilizan para la pintura de las maderas de interior.<\/p>\n","protected":false},"excerpt":{"rendered":"Concentrados de colores universales para tintes para madera","protected":false},"featured_media":5425,"comment_status":"open","ping_status":"closed","template":"","meta":{"_acf_changed":false,"inline_featured_image":false},"product_brand":[],"product_cat":[422,583],"product_tag":[],"class_list":{"0":"post-20534","1":"product","2":"type-product","3":"status-publish","4":"has-post-thumbnail","6":"product_cat-industria-es","7":"product_cat-serie-cuc-concentrados-universales-chimiver","9":"first","10":"instock","11":"shipping-taxable","12":"product-type-simple","13":"add-to-wishlist-after_add_to_cart"},"acf":[],"yoast_head":"<!-- This site is optimized with the Yoast SEO plugin v26.2 - https:\/\/yoast.com\/wordpress\/plugins\/seo\/ -->\n<title>Concentrados para colorantes - SERIE CUC<\/title>\n<meta name=\"description\" content=\"Descubre SERIE CUC. Concentrados de colores universales para tintes para madera\" \/>\n<meta name=\"robots\" content=\"index, follow, max-snippet:-1, max-image-preview:large, max-video-preview:-1\" \/>\n<link rel=\"canonical\" href=\"https:\/\/chimiver.com\/es\/producto\/serie-cuc\/\" \/>\n<meta property=\"og:locale\" content=\"es_ES\" \/>\n<meta property=\"og:type\" content=\"article\" \/>\n<meta property=\"og:title\" content=\"Concentrados para colorantes - SERIE CUC\" \/>\n<meta property=\"og:description\" content=\"Descubre SERIE CUC. Concentrados de colores universales para tintes para madera\" \/>\n<meta property=\"og:url\" content=\"https:\/\/chimiver.com\/es\/producto\/serie-cuc\/\" \/>\n<meta property=\"og:site_name\" content=\"Chimiver\" \/>\n<meta property=\"article:publisher\" content=\"https:\/\/www.facebook.com\/chimiver\" \/>\n<meta property=\"article:modified_time\" content=\"2025-11-27T14:46:54+00:00\" \/>\n<meta property=\"og:image\" content=\"https:\/\/chimiver.com\/wp-content\/uploads\/2022\/03\/CUC_1L.jpg\" \/>\n\t<meta property=\"og:image:width\" content=\"640\" \/>\n\t<meta property=\"og:image:height\" content=\"640\" \/>\n\t<meta property=\"og:image:type\" content=\"image\/jpeg\" \/>\n<meta name=\"twitter:card\" content=\"summary_large_image\" \/>\n<meta name=\"twitter:label1\" content=\"Tiempo de lectura\" \/>\n\t<meta name=\"twitter:data1\" content=\"1 minuto\" \/>\n<script type=\"application\/ld+json\" class=\"yoast-schema-graph\">{\"@context\":\"https:\/\/schema.org\",\"@graph\":[{\"@type\":\"WebPage\",\"@id\":\"https:\/\/chimiver.com\/es\/producto\/serie-cuc\/\",\"url\":\"https:\/\/chimiver.com\/es\/producto\/serie-cuc\/\",\"name\":\"Concentrados para colorantes - SERIE CUC\",\"isPartOf\":{\"@id\":\"https:\/\/chimiver.com\/es\/#website\"},\"primaryImageOfPage\":{\"@id\":\"https:\/\/chimiver.com\/es\/producto\/serie-cuc\/#primaryimage\"},\"image\":{\"@id\":\"https:\/\/chimiver.com\/es\/producto\/serie-cuc\/#primaryimage\"},\"thumbnailUrl\":\"https:\/\/chimiver.com\/wp-content\/uploads\/2022\/03\/CUC_1L.jpg\",\"datePublished\":\"2022-03-16T14:46:33+00:00\",\"dateModified\":\"2025-11-27T14:46:54+00:00\",\"description\":\"Descubre SERIE CUC. Concentrados de colores universales para tintes para madera\",\"breadcrumb\":{\"@id\":\"https:\/\/chimiver.com\/es\/producto\/serie-cuc\/#breadcrumb\"},\"inLanguage\":\"es\",\"potentialAction\":[{\"@type\":\"ReadAction\",\"target\":[\"https:\/\/chimiver.com\/es\/producto\/serie-cuc\/\"]}]},{\"@type\":\"ImageObject\",\"inLanguage\":\"es\",\"@id\":\"https:\/\/chimiver.com\/es\/producto\/serie-cuc\/#primaryimage\",\"url\":\"https:\/\/chimiver.com\/wp-content\/uploads\/2022\/03\/CUC_1L.jpg\",\"contentUrl\":\"https:\/\/chimiver.com\/wp-content\/uploads\/2022\/03\/CUC_1L.jpg\",\"width\":640,\"height\":640,\"caption\":\"Serie CUC_1L\"},{\"@type\":\"BreadcrumbList\",\"@id\":\"https:\/\/chimiver.com\/es\/producto\/serie-cuc\/#breadcrumb\",\"itemListElement\":[{\"@type\":\"ListItem\",\"position\":1,\"name\":\"Home\",\"item\":\"https:\/\/chimiver.com\/es\/\"},{\"@type\":\"ListItem\",\"position\":2,\"name\":\"Shop\",\"item\":\"https:\/\/chimiver.com\/?page_id=10\"},{\"@type\":\"ListItem\",\"position\":3,\"name\":\"SERIE CUC\"}]},{\"@type\":\"WebSite\",\"@id\":\"https:\/\/chimiver.com\/es\/#website\",\"url\":\"https:\/\/chimiver.com\/es\/\",\"name\":\"Chimiver, Your floors partner\",\"description\":\"Su partner de pisos\",\"publisher\":{\"@id\":\"https:\/\/chimiver.com\/es\/#organization\"},\"alternateName\":\"Chimiver\",\"potentialAction\":[{\"@type\":\"SearchAction\",\"target\":{\"@type\":\"EntryPoint\",\"urlTemplate\":\"https:\/\/chimiver.com\/es\/?s={search_term_string}\"},\"query-input\":{\"@type\":\"PropertyValueSpecification\",\"valueRequired\":true,\"valueName\":\"search_term_string\"}}],\"inLanguage\":\"es\"},{\"@type\":\"Organization\",\"@id\":\"https:\/\/chimiver.com\/es\/#organization\",\"name\":\"Chimiver\",\"url\":\"https:\/\/chimiver.com\/es\/\",\"logo\":{\"@type\":\"ImageObject\",\"inLanguage\":\"es\",\"@id\":\"https:\/\/chimiver.com\/es\/#\/schema\/logo\/image\/\",\"url\":\"https:\/\/chimiver.com\/wp-content\/uploads\/2022\/06\/Chimiver_500x500.jpg\",\"contentUrl\":\"https:\/\/chimiver.com\/wp-content\/uploads\/2022\/06\/Chimiver_500x500.jpg\",\"width\":500,\"height\":500,\"caption\":\"Chimiver\"},\"image\":{\"@id\":\"https:\/\/chimiver.com\/es\/#\/schema\/logo\/image\/\"},\"sameAs\":[\"https:\/\/www.facebook.com\/chimiver\"]}]}<\/script>\n<!-- \/ Yoast SEO plugin. -->","yoast_head_json":{"title":"Concentrados para colorantes - SERIE CUC","description":"Descubre SERIE CUC. Concentrados de colores universales para tintes para madera","robots":{"index":"index","follow":"follow","max-snippet":"max-snippet:-1","max-image-preview":"max-image-preview:large","max-video-preview":"max-video-preview:-1"},"canonical":"https:\/\/chimiver.com\/es\/producto\/serie-cuc\/","og_locale":"es_ES","og_type":"article","og_title":"Concentrados para colorantes - SERIE CUC","og_description":"Descubre SERIE CUC. Concentrados de colores universales para tintes para madera","og_url":"https:\/\/chimiver.com\/es\/producto\/serie-cuc\/","og_site_name":"Chimiver","article_publisher":"https:\/\/www.facebook.com\/chimiver","article_modified_time":"2025-11-27T14:46:54+00:00","og_image":[{"width":640,"height":640,"url":"https:\/\/chimiver.com\/wp-content\/uploads\/2022\/03\/CUC_1L.jpg","type":"image\/jpeg"}],"twitter_card":"summary_large_image","twitter_misc":{"Tiempo de lectura":"1 minuto"},"schema":{"@context":"https:\/\/schema.org","@graph":[{"@type":"WebPage","@id":"https:\/\/chimiver.com\/es\/producto\/serie-cuc\/","url":"https:\/\/chimiver.com\/es\/producto\/serie-cuc\/","name":"Concentrados para colorantes - SERIE CUC","isPartOf":{"@id":"https:\/\/chimiver.com\/es\/#website"},"primaryImageOfPage":{"@id":"https:\/\/chimiver.com\/es\/producto\/serie-cuc\/#primaryimage"},"image":{"@id":"https:\/\/chimiver.com\/es\/producto\/serie-cuc\/#primaryimage"},"thumbnailUrl":"https:\/\/chimiver.com\/wp-content\/uploads\/2022\/03\/CUC_1L.jpg","datePublished":"2022-03-16T14:46:33+00:00","dateModified":"2025-11-27T14:46:54+00:00","description":"Descubre SERIE CUC. Concentrados de colores universales para tintes para madera","breadcrumb":{"@id":"https:\/\/chimiver.com\/es\/producto\/serie-cuc\/#breadcrumb"},"inLanguage":"es","potentialAction":[{"@type":"ReadAction","target":["https:\/\/chimiver.com\/es\/producto\/serie-cuc\/"]}]},{"@type":"ImageObject","inLanguage":"es","@id":"https:\/\/chimiver.com\/es\/producto\/serie-cuc\/#primaryimage","url":"https:\/\/chimiver.com\/wp-content\/uploads\/2022\/03\/CUC_1L.jpg","contentUrl":"https:\/\/chimiver.com\/wp-content\/uploads\/2022\/03\/CUC_1L.jpg","width":640,"height":640,"caption":"Serie CUC_1L"},{"@type":"BreadcrumbList","@id":"https:\/\/chimiver.com\/es\/producto\/serie-cuc\/#breadcrumb","itemListElement":[{"@type":"ListItem","position":1,"name":"Home","item":"https:\/\/chimiver.com\/es\/"},{"@type":"ListItem","position":2,"name":"Shop","item":"https:\/\/chimiver.com\/?page_id=10"},{"@type":"ListItem","position":3,"name":"SERIE CUC"}]},{"@type":"WebSite","@id":"https:\/\/chimiver.com\/es\/#website","url":"https:\/\/chimiver.com\/es\/","name":"Chimiver, Your floors partner","description":"Su partner de pisos","publisher":{"@id":"https:\/\/chimiver.com\/es\/#organization"},"alternateName":"Chimiver","potentialAction":[{"@type":"SearchAction","target":{"@type":"EntryPoint","urlTemplate":"https:\/\/chimiver.com\/es\/?s={search_term_string}"},"query-input":{"@type":"PropertyValueSpecification","valueRequired":true,"valueName":"search_term_string"}}],"inLanguage":"es"},{"@type":"Organization","@id":"https:\/\/chimiver.com\/es\/#organization","name":"Chimiver","url":"https:\/\/chimiver.com\/es\/","logo":{"@type":"ImageObject","inLanguage":"es","@id":"https:\/\/chimiver.com\/es\/#\/schema\/logo\/image\/","url":"https:\/\/chimiver.com\/wp-content\/uploads\/2022\/06\/Chimiver_500x500.jpg","contentUrl":"https:\/\/chimiver.com\/wp-content\/uploads\/2022\/06\/Chimiver_500x500.jpg","width":500,"height":500,"caption":"Chimiver"},"image":{"@id":"https:\/\/chimiver.com\/es\/#\/schema\/logo\/image\/"},"sameAs":["https:\/\/www.facebook.com\/chimiver"]}]}},"_links":{"self":[{"href":"https:\/\/chimiver.com\/es\/wp-json\/wp\/v2\/product\/20534","targetHints":{"allow":["GET"]}}],"collection":[{"href":"https:\/\/chimiver.com\/es\/wp-json\/wp\/v2\/product"}],"about":[{"href":"https:\/\/chimiver.com\/es\/wp-json\/wp\/v2\/types\/product"}],"replies":[{"embeddable":true,"href":"https:\/\/chimiver.com\/es\/wp-json\/wp\/v2\/comments?post=20534"}],"wp:featuredmedia":[{"embeddable":true,"href":"https:\/\/chimiver.com\/es\/wp-json\/wp\/v2\/media\/5425"}],"wp:attachment":[{"href":"https:\/\/chimiver.com\/es\/wp-json\/wp\/v2\/media?parent=20534"}],"wp:term":[{"taxonomy":"product_brand","embeddable":true,"href":"https:\/\/chimiver.com\/es\/wp-json\/wp\/v2\/product_brand?post=20534"},{"taxonomy":"product_cat","embeddable":true,"href":"https:\/\/chimiver.com\/es\/wp-json\/wp\/v2\/product_cat?post=20534"},{"taxonomy":"product_tag","embeddable":true,"href":"https:\/\/chimiver.com\/es\/wp-json\/wp\/v2\/product_tag?post=20534"}],"curies":[{"name":"wp","href":"https:\/\/api.w.org\/{rel}","templated":true}]}}