{"id":21959,"date":"2025-02-05T14:31:44","date_gmt":"2025-02-05T13:31:44","guid":{"rendered":"https:\/\/chimiver.com\/prodotto\/kit-3-ecoricariche-velurex-cleaner-star\/"},"modified":"2025-11-27T11:47:44","modified_gmt":"2025-11-27T10:47:44","slug":"kit-3-ecoricariche-velurex-cleaner-star","status":"publish","type":"product","link":"https:\/\/chimiver.com\/es\/producto\/kit-3-ecoricariche-velurex-cleaner-star\/","title":{"rendered":"KIT 3 ECORICARICHE Velurex Cleaner Star"},"content":{"rendered":"<p>Limpiador intensivo multiuso para la limpieza de pisos de madera barnizados. Gracias a su composici\u00f3n act\u00faa tambi\u00e9n eficazmente en pavimentos en PVC, lin\u00f3leo, melaminicos, m\u00e1rmol, etc, elimin la suciedad, manchas oscuras, huellas diferentes sin dejar halos y adem\u00e1s perfuma agradablemente el ambiente. Limpiador especial con especiales nanopart\u00edculas que dan a la superficie una limpieza intensiva prolongada tambi\u00e9n en presencia de animales dom\u00e9sticos.<\/p>\n<ul>\n<li>1 ECORECARGA = 1 FRASCO REGENERADO<\/li>\n<\/ul>\n","protected":false},"excerpt":{"rendered":"Limpiador intensivo para pisos de madera barnizado","protected":false},"featured_media":21954,"comment_status":"open","ping_status":"closed","template":"","meta":{"_acf_changed":false,"inline_featured_image":false},"product_brand":[],"product_cat":[424,518,519],"product_tag":[],"class_list":{"0":"post-21959","1":"product","2":"type-product","3":"status-publish","4":"has-post-thumbnail","6":"product_cat-consumidores","7":"product_cat-pavimentos-interiores","8":"product_cat-pisos-barnizados-es","10":"first","11":"instock","12":"shipping-taxable","13":"product-type-simple","14":"add-to-wishlist-after_add_to_cart"},"acf":[],"yoast_head":"<!-- This site is optimized with the Yoast SEO plugin v26.2 - https:\/\/yoast.com\/wordpress\/plugins\/seo\/ -->\n<title>Limpiador de pisos de madera - ECORICARICHE CLEANER STAR<\/title>\n<meta name=\"description\" content=\"Descubra KIT 3 ECORICARICHE Velurex Cleaner Star. Limpiador multiusos intensivo para suelos de madera lacados en c\u00e1psulas hidrosolubles.\" \/>\n<meta name=\"robots\" content=\"index, follow, max-snippet:-1, max-image-preview:large, max-video-preview:-1\" \/>\n<link rel=\"canonical\" href=\"https:\/\/chimiver.com\/es\/producto\/kit-3-ecoricariche-velurex-cleaner-star\/\" \/>\n<meta property=\"og:locale\" content=\"es_ES\" \/>\n<meta property=\"og:type\" content=\"article\" \/>\n<meta property=\"og:title\" content=\"Limpiador de pisos de madera - ECORICARICHE CLEANER STAR\" \/>\n<meta property=\"og:description\" content=\"Descubra KIT 3 ECORICARICHE Velurex Cleaner Star. Limpiador multiusos intensivo para suelos de madera lacados en c\u00e1psulas hidrosolubles.\" \/>\n<meta property=\"og:url\" content=\"https:\/\/chimiver.com\/es\/producto\/kit-3-ecoricariche-velurex-cleaner-star\/\" \/>\n<meta property=\"og:site_name\" content=\"Chimiver\" \/>\n<meta property=\"article:publisher\" content=\"https:\/\/www.facebook.com\/chimiver\" \/>\n<meta property=\"article:modified_time\" content=\"2025-11-27T10:47:44+00:00\" \/>\n<meta property=\"og:image\" content=\"https:\/\/chimiver.com\/wp-content\/uploads\/2025\/02\/Ecoricariche_Cleaner-Star.jpg\" \/>\n\t<meta property=\"og:image:width\" content=\"640\" \/>\n\t<meta property=\"og:image:height\" content=\"640\" \/>\n\t<meta property=\"og:image:type\" content=\"image\/jpeg\" \/>\n<meta name=\"twitter:card\" content=\"summary_large_image\" \/>\n<meta name=\"twitter:label1\" content=\"Tiempo de lectura\" \/>\n\t<meta name=\"twitter:data1\" content=\"1 minuto\" \/>\n<script type=\"application\/ld+json\" class=\"yoast-schema-graph\">{\"@context\":\"https:\/\/schema.org\",\"@graph\":[{\"@type\":\"WebPage\",\"@id\":\"https:\/\/chimiver.com\/es\/producto\/kit-3-ecoricariche-velurex-cleaner-star\/\",\"url\":\"https:\/\/chimiver.com\/es\/producto\/kit-3-ecoricariche-velurex-cleaner-star\/\",\"name\":\"Limpiador de pisos de madera - ECORICARICHE CLEANER STAR\",\"isPartOf\":{\"@id\":\"https:\/\/chimiver.com\/es\/#website\"},\"primaryImageOfPage\":{\"@id\":\"https:\/\/chimiver.com\/es\/producto\/kit-3-ecoricariche-velurex-cleaner-star\/#primaryimage\"},\"image\":{\"@id\":\"https:\/\/chimiver.com\/es\/producto\/kit-3-ecoricariche-velurex-cleaner-star\/#primaryimage\"},\"thumbnailUrl\":\"https:\/\/chimiver.com\/wp-content\/uploads\/2025\/02\/Ecoricariche_Cleaner-Star.jpg\",\"datePublished\":\"2025-02-05T13:31:44+00:00\",\"dateModified\":\"2025-11-27T10:47:44+00:00\",\"description\":\"Descubra KIT 3 ECORICARICHE Velurex Cleaner Star. Limpiador multiusos intensivo para suelos de madera lacados en c\u00e1psulas hidrosolubles.\",\"breadcrumb\":{\"@id\":\"https:\/\/chimiver.com\/es\/producto\/kit-3-ecoricariche-velurex-cleaner-star\/#breadcrumb\"},\"inLanguage\":\"es\",\"potentialAction\":[{\"@type\":\"ReadAction\",\"target\":[\"https:\/\/chimiver.com\/es\/producto\/kit-3-ecoricariche-velurex-cleaner-star\/\"]}]},{\"@type\":\"ImageObject\",\"inLanguage\":\"es\",\"@id\":\"https:\/\/chimiver.com\/es\/producto\/kit-3-ecoricariche-velurex-cleaner-star\/#primaryimage\",\"url\":\"https:\/\/chimiver.com\/wp-content\/uploads\/2025\/02\/Ecoricariche_Cleaner-Star.jpg\",\"contentUrl\":\"https:\/\/chimiver.com\/wp-content\/uploads\/2025\/02\/Ecoricariche_Cleaner-Star.jpg\",\"width\":640,\"height\":640},{\"@type\":\"BreadcrumbList\",\"@id\":\"https:\/\/chimiver.com\/es\/producto\/kit-3-ecoricariche-velurex-cleaner-star\/#breadcrumb\",\"itemListElement\":[{\"@type\":\"ListItem\",\"position\":1,\"name\":\"Home\",\"item\":\"https:\/\/chimiver.com\/es\/\"},{\"@type\":\"ListItem\",\"position\":2,\"name\":\"Shop\",\"item\":\"https:\/\/chimiver.com\/?page_id=10\"},{\"@type\":\"ListItem\",\"position\":3,\"name\":\"KIT 3 ECORICARICHE Velurex Cleaner Star\"}]},{\"@type\":\"WebSite\",\"@id\":\"https:\/\/chimiver.com\/es\/#website\",\"url\":\"https:\/\/chimiver.com\/es\/\",\"name\":\"Chimiver, Your floors partner\",\"description\":\"Su partner de pisos\",\"publisher\":{\"@id\":\"https:\/\/chimiver.com\/es\/#organization\"},\"alternateName\":\"Chimiver\",\"potentialAction\":[{\"@type\":\"SearchAction\",\"target\":{\"@type\":\"EntryPoint\",\"urlTemplate\":\"https:\/\/chimiver.com\/es\/?s={search_term_string}\"},\"query-input\":{\"@type\":\"PropertyValueSpecification\",\"valueRequired\":true,\"valueName\":\"search_term_string\"}}],\"inLanguage\":\"es\"},{\"@type\":\"Organization\",\"@id\":\"https:\/\/chimiver.com\/es\/#organization\",\"name\":\"Chimiver\",\"url\":\"https:\/\/chimiver.com\/es\/\",\"logo\":{\"@type\":\"ImageObject\",\"inLanguage\":\"es\",\"@id\":\"https:\/\/chimiver.com\/es\/#\/schema\/logo\/image\/\",\"url\":\"https:\/\/chimiver.com\/wp-content\/uploads\/2022\/06\/Chimiver_500x500.jpg\",\"contentUrl\":\"https:\/\/chimiver.com\/wp-content\/uploads\/2022\/06\/Chimiver_500x500.jpg\",\"width\":500,\"height\":500,\"caption\":\"Chimiver\"},\"image\":{\"@id\":\"https:\/\/chimiver.com\/es\/#\/schema\/logo\/image\/\"},\"sameAs\":[\"https:\/\/www.facebook.com\/chimiver\"]}]}<\/script>\n<!-- \/ Yoast SEO plugin. -->","yoast_head_json":{"title":"Limpiador de pisos de madera - ECORICARICHE CLEANER STAR","description":"Descubra KIT 3 ECORICARICHE Velurex Cleaner Star. Limpiador multiusos intensivo para suelos de madera lacados en c\u00e1psulas hidrosolubles.","robots":{"index":"index","follow":"follow","max-snippet":"max-snippet:-1","max-image-preview":"max-image-preview:large","max-video-preview":"max-video-preview:-1"},"canonical":"https:\/\/chimiver.com\/es\/producto\/kit-3-ecoricariche-velurex-cleaner-star\/","og_locale":"es_ES","og_type":"article","og_title":"Limpiador de pisos de madera - ECORICARICHE CLEANER STAR","og_description":"Descubra KIT 3 ECORICARICHE Velurex Cleaner Star. Limpiador multiusos intensivo para suelos de madera lacados en c\u00e1psulas hidrosolubles.","og_url":"https:\/\/chimiver.com\/es\/producto\/kit-3-ecoricariche-velurex-cleaner-star\/","og_site_name":"Chimiver","article_publisher":"https:\/\/www.facebook.com\/chimiver","article_modified_time":"2025-11-27T10:47:44+00:00","og_image":[{"width":640,"height":640,"url":"https:\/\/chimiver.com\/wp-content\/uploads\/2025\/02\/Ecoricariche_Cleaner-Star.jpg","type":"image\/jpeg"}],"twitter_card":"summary_large_image","twitter_misc":{"Tiempo de lectura":"1 minuto"},"schema":{"@context":"https:\/\/schema.org","@graph":[{"@type":"WebPage","@id":"https:\/\/chimiver.com\/es\/producto\/kit-3-ecoricariche-velurex-cleaner-star\/","url":"https:\/\/chimiver.com\/es\/producto\/kit-3-ecoricariche-velurex-cleaner-star\/","name":"Limpiador de pisos de madera - ECORICARICHE CLEANER STAR","isPartOf":{"@id":"https:\/\/chimiver.com\/es\/#website"},"primaryImageOfPage":{"@id":"https:\/\/chimiver.com\/es\/producto\/kit-3-ecoricariche-velurex-cleaner-star\/#primaryimage"},"image":{"@id":"https:\/\/chimiver.com\/es\/producto\/kit-3-ecoricariche-velurex-cleaner-star\/#primaryimage"},"thumbnailUrl":"https:\/\/chimiver.com\/wp-content\/uploads\/2025\/02\/Ecoricariche_Cleaner-Star.jpg","datePublished":"2025-02-05T13:31:44+00:00","dateModified":"2025-11-27T10:47:44+00:00","description":"Descubra KIT 3 ECORICARICHE Velurex Cleaner Star. Limpiador multiusos intensivo para suelos de madera lacados en c\u00e1psulas hidrosolubles.","breadcrumb":{"@id":"https:\/\/chimiver.com\/es\/producto\/kit-3-ecoricariche-velurex-cleaner-star\/#breadcrumb"},"inLanguage":"es","potentialAction":[{"@type":"ReadAction","target":["https:\/\/chimiver.com\/es\/producto\/kit-3-ecoricariche-velurex-cleaner-star\/"]}]},{"@type":"ImageObject","inLanguage":"es","@id":"https:\/\/chimiver.com\/es\/producto\/kit-3-ecoricariche-velurex-cleaner-star\/#primaryimage","url":"https:\/\/chimiver.com\/wp-content\/uploads\/2025\/02\/Ecoricariche_Cleaner-Star.jpg","contentUrl":"https:\/\/chimiver.com\/wp-content\/uploads\/2025\/02\/Ecoricariche_Cleaner-Star.jpg","width":640,"height":640},{"@type":"BreadcrumbList","@id":"https:\/\/chimiver.com\/es\/producto\/kit-3-ecoricariche-velurex-cleaner-star\/#breadcrumb","itemListElement":[{"@type":"ListItem","position":1,"name":"Home","item":"https:\/\/chimiver.com\/es\/"},{"@type":"ListItem","position":2,"name":"Shop","item":"https:\/\/chimiver.com\/?page_id=10"},{"@type":"ListItem","position":3,"name":"KIT 3 ECORICARICHE Velurex Cleaner Star"}]},{"@type":"WebSite","@id":"https:\/\/chimiver.com\/es\/#website","url":"https:\/\/chimiver.com\/es\/","name":"Chimiver, Your floors partner","description":"Su partner de pisos","publisher":{"@id":"https:\/\/chimiver.com\/es\/#organization"},"alternateName":"Chimiver","potentialAction":[{"@type":"SearchAction","target":{"@type":"EntryPoint","urlTemplate":"https:\/\/chimiver.com\/es\/?s={search_term_string}"},"query-input":{"@type":"PropertyValueSpecification","valueRequired":true,"valueName":"search_term_string"}}],"inLanguage":"es"},{"@type":"Organization","@id":"https:\/\/chimiver.com\/es\/#organization","name":"Chimiver","url":"https:\/\/chimiver.com\/es\/","logo":{"@type":"ImageObject","inLanguage":"es","@id":"https:\/\/chimiver.com\/es\/#\/schema\/logo\/image\/","url":"https:\/\/chimiver.com\/wp-content\/uploads\/2022\/06\/Chimiver_500x500.jpg","contentUrl":"https:\/\/chimiver.com\/wp-content\/uploads\/2022\/06\/Chimiver_500x500.jpg","width":500,"height":500,"caption":"Chimiver"},"image":{"@id":"https:\/\/chimiver.com\/es\/#\/schema\/logo\/image\/"},"sameAs":["https:\/\/www.facebook.com\/chimiver"]}]}},"_links":{"self":[{"href":"https:\/\/chimiver.com\/es\/wp-json\/wp\/v2\/product\/21959","targetHints":{"allow":["GET"]}}],"collection":[{"href":"https:\/\/chimiver.com\/es\/wp-json\/wp\/v2\/product"}],"about":[{"href":"https:\/\/chimiver.com\/es\/wp-json\/wp\/v2\/types\/product"}],"replies":[{"embeddable":true,"href":"https:\/\/chimiver.com\/es\/wp-json\/wp\/v2\/comments?post=21959"}],"wp:featuredmedia":[{"embeddable":true,"href":"https:\/\/chimiver.com\/es\/wp-json\/wp\/v2\/media\/21954"}],"wp:attachment":[{"href":"https:\/\/chimiver.com\/es\/wp-json\/wp\/v2\/media?parent=21959"}],"wp:term":[{"taxonomy":"product_brand","embeddable":true,"href":"https:\/\/chimiver.com\/es\/wp-json\/wp\/v2\/product_brand?post=21959"},{"taxonomy":"product_cat","embeddable":true,"href":"https:\/\/chimiver.com\/es\/wp-json\/wp\/v2\/product_cat?post=21959"},{"taxonomy":"product_tag","embeddable":true,"href":"https:\/\/chimiver.com\/es\/wp-json\/wp\/v2\/product_tag?post=21959"}],"curies":[{"name":"wp","href":"https:\/\/api.w.org\/{rel}","templated":true}]}}