{"id":22024,"date":"2025-02-06T08:34:23","date_gmt":"2025-02-06T07:34:23","guid":{"rendered":"https:\/\/chimiver.com\/prodotto\/kit-3-ecoricariche-clean-garden\/"},"modified":"2025-11-27T11:31:59","modified_gmt":"2025-11-27T10:31:59","slug":"kit-3-ecoricariche-clean-garden","status":"publish","type":"product","link":"https:\/\/chimiver.com\/es\/producto\/kit-3-ecoricariche-clean-garden\/","title":{"rendered":"KIT 3 ECORICARICHE Clean Garden"},"content":{"rendered":"<p>Limpiador concentrado alcalino, intensivo apto para la limpieza de c\u00e9spedes sint\u00e9ticos en ambientes residenciales. Gracias a su particular formulaci\u00f3n, actua en forma eficaz y r\u00e1pida en la superficie. Es addictivado con especiales nanopart\u00edculas que confieren a la superficie de c\u00e9sped una limpieza intensiva durante largo tiempo tambi\u00e9n en presencia de animales dom\u00e9sticos. Deterge y perfuma con un agradable olor a flores.<\/p>\n<ul>\n<li>1 ECORECARGA = 1 FRASCO REGENERADO<\/li>\n<\/ul>\n","protected":false},"excerpt":{"rendered":"Limpiador concentrado alcalino intensivo para c\u00e9sped sint\u00e9tico residencial","protected":false},"featured_media":21934,"comment_status":"open","ping_status":"closed","template":"","meta":{"_acf_changed":false,"inline_featured_image":false},"product_brand":[],"product_cat":[424,531,532],"product_tag":[],"class_list":{"0":"post-22024","1":"product","2":"type-product","3":"status-publish","4":"has-post-thumbnail","6":"product_cat-consumidores","7":"product_cat-cesped-sintetico-es","8":"product_cat-cespedes-sinteticos-residenciales","10":"first","11":"instock","12":"shipping-taxable","13":"product-type-simple","14":"add-to-wishlist-after_add_to_cart"},"acf":[],"yoast_head":"<!-- This site is optimized with the Yoast SEO plugin v26.2 - https:\/\/yoast.com\/wordpress\/plugins\/seo\/ -->\n<title>Limpiador de c\u00e9sped sint\u00e9tico - ECORICARICHE CLEAN GARDEN<\/title>\n<meta name=\"description\" content=\"DiscoverKIT 3 ECORICARICHE Clean Garden. Limpiador concentrado alcalino intensivo para c\u00e9sped sint\u00e9tico paisaj\u00edstico en c\u00e1psula soluble en agua.\" \/>\n<meta name=\"robots\" content=\"index, follow, max-snippet:-1, max-image-preview:large, max-video-preview:-1\" \/>\n<link rel=\"canonical\" href=\"https:\/\/chimiver.com\/es\/producto\/kit-3-ecoricariche-clean-garden\/\" \/>\n<meta property=\"og:locale\" content=\"es_ES\" \/>\n<meta property=\"og:type\" content=\"article\" \/>\n<meta property=\"og:title\" content=\"Limpiador de c\u00e9sped sint\u00e9tico - ECORICARICHE CLEAN GARDEN\" \/>\n<meta property=\"og:description\" content=\"DiscoverKIT 3 ECORICARICHE Clean Garden. Limpiador concentrado alcalino intensivo para c\u00e9sped sint\u00e9tico paisaj\u00edstico en c\u00e1psula soluble en agua.\" \/>\n<meta property=\"og:url\" content=\"https:\/\/chimiver.com\/es\/producto\/kit-3-ecoricariche-clean-garden\/\" \/>\n<meta property=\"og:site_name\" content=\"Chimiver\" \/>\n<meta property=\"article:publisher\" content=\"https:\/\/www.facebook.com\/chimiver\" \/>\n<meta property=\"article:modified_time\" content=\"2025-11-27T10:31:59+00:00\" \/>\n<meta property=\"og:image\" content=\"https:\/\/chimiver.com\/wp-content\/uploads\/2025\/02\/Ecoricariche_Clean-Garden.jpg\" \/>\n\t<meta property=\"og:image:width\" content=\"640\" \/>\n\t<meta property=\"og:image:height\" content=\"640\" \/>\n\t<meta property=\"og:image:type\" content=\"image\/jpeg\" \/>\n<meta name=\"twitter:card\" content=\"summary_large_image\" \/>\n<meta name=\"twitter:label1\" content=\"Tiempo de lectura\" \/>\n\t<meta name=\"twitter:data1\" content=\"1 minuto\" \/>\n<script type=\"application\/ld+json\" class=\"yoast-schema-graph\">{\"@context\":\"https:\/\/schema.org\",\"@graph\":[{\"@type\":\"WebPage\",\"@id\":\"https:\/\/chimiver.com\/es\/producto\/kit-3-ecoricariche-clean-garden\/\",\"url\":\"https:\/\/chimiver.com\/es\/producto\/kit-3-ecoricariche-clean-garden\/\",\"name\":\"Limpiador de c\u00e9sped sint\u00e9tico - ECORICARICHE CLEAN GARDEN\",\"isPartOf\":{\"@id\":\"https:\/\/chimiver.com\/es\/#website\"},\"primaryImageOfPage\":{\"@id\":\"https:\/\/chimiver.com\/es\/producto\/kit-3-ecoricariche-clean-garden\/#primaryimage\"},\"image\":{\"@id\":\"https:\/\/chimiver.com\/es\/producto\/kit-3-ecoricariche-clean-garden\/#primaryimage\"},\"thumbnailUrl\":\"https:\/\/chimiver.com\/wp-content\/uploads\/2025\/02\/Ecoricariche_Clean-Garden.jpg\",\"datePublished\":\"2025-02-06T07:34:23+00:00\",\"dateModified\":\"2025-11-27T10:31:59+00:00\",\"description\":\"DiscoverKIT 3 ECORICARICHE Clean Garden. Limpiador concentrado alcalino intensivo para c\u00e9sped sint\u00e9tico paisaj\u00edstico en c\u00e1psula soluble en agua.\",\"breadcrumb\":{\"@id\":\"https:\/\/chimiver.com\/es\/producto\/kit-3-ecoricariche-clean-garden\/#breadcrumb\"},\"inLanguage\":\"es\",\"potentialAction\":[{\"@type\":\"ReadAction\",\"target\":[\"https:\/\/chimiver.com\/es\/producto\/kit-3-ecoricariche-clean-garden\/\"]}]},{\"@type\":\"ImageObject\",\"inLanguage\":\"es\",\"@id\":\"https:\/\/chimiver.com\/es\/producto\/kit-3-ecoricariche-clean-garden\/#primaryimage\",\"url\":\"https:\/\/chimiver.com\/wp-content\/uploads\/2025\/02\/Ecoricariche_Clean-Garden.jpg\",\"contentUrl\":\"https:\/\/chimiver.com\/wp-content\/uploads\/2025\/02\/Ecoricariche_Clean-Garden.jpg\",\"width\":640,\"height\":640},{\"@type\":\"BreadcrumbList\",\"@id\":\"https:\/\/chimiver.com\/es\/producto\/kit-3-ecoricariche-clean-garden\/#breadcrumb\",\"itemListElement\":[{\"@type\":\"ListItem\",\"position\":1,\"name\":\"Home\",\"item\":\"https:\/\/chimiver.com\/es\/\"},{\"@type\":\"ListItem\",\"position\":2,\"name\":\"Shop\",\"item\":\"https:\/\/chimiver.com\/?page_id=10\"},{\"@type\":\"ListItem\",\"position\":3,\"name\":\"KIT 3 ECORICARICHE Clean Garden\"}]},{\"@type\":\"WebSite\",\"@id\":\"https:\/\/chimiver.com\/es\/#website\",\"url\":\"https:\/\/chimiver.com\/es\/\",\"name\":\"Chimiver, Your floors partner\",\"description\":\"Su partner de pisos\",\"publisher\":{\"@id\":\"https:\/\/chimiver.com\/es\/#organization\"},\"alternateName\":\"Chimiver\",\"potentialAction\":[{\"@type\":\"SearchAction\",\"target\":{\"@type\":\"EntryPoint\",\"urlTemplate\":\"https:\/\/chimiver.com\/es\/?s={search_term_string}\"},\"query-input\":{\"@type\":\"PropertyValueSpecification\",\"valueRequired\":true,\"valueName\":\"search_term_string\"}}],\"inLanguage\":\"es\"},{\"@type\":\"Organization\",\"@id\":\"https:\/\/chimiver.com\/es\/#organization\",\"name\":\"Chimiver\",\"url\":\"https:\/\/chimiver.com\/es\/\",\"logo\":{\"@type\":\"ImageObject\",\"inLanguage\":\"es\",\"@id\":\"https:\/\/chimiver.com\/es\/#\/schema\/logo\/image\/\",\"url\":\"https:\/\/chimiver.com\/wp-content\/uploads\/2022\/06\/Chimiver_500x500.jpg\",\"contentUrl\":\"https:\/\/chimiver.com\/wp-content\/uploads\/2022\/06\/Chimiver_500x500.jpg\",\"width\":500,\"height\":500,\"caption\":\"Chimiver\"},\"image\":{\"@id\":\"https:\/\/chimiver.com\/es\/#\/schema\/logo\/image\/\"},\"sameAs\":[\"https:\/\/www.facebook.com\/chimiver\"]}]}<\/script>\n<!-- \/ Yoast SEO plugin. -->","yoast_head_json":{"title":"Limpiador de c\u00e9sped sint\u00e9tico - ECORICARICHE CLEAN GARDEN","description":"DiscoverKIT 3 ECORICARICHE Clean Garden. Limpiador concentrado alcalino intensivo para c\u00e9sped sint\u00e9tico paisaj\u00edstico en c\u00e1psula soluble en agua.","robots":{"index":"index","follow":"follow","max-snippet":"max-snippet:-1","max-image-preview":"max-image-preview:large","max-video-preview":"max-video-preview:-1"},"canonical":"https:\/\/chimiver.com\/es\/producto\/kit-3-ecoricariche-clean-garden\/","og_locale":"es_ES","og_type":"article","og_title":"Limpiador de c\u00e9sped sint\u00e9tico - ECORICARICHE CLEAN GARDEN","og_description":"DiscoverKIT 3 ECORICARICHE Clean Garden. Limpiador concentrado alcalino intensivo para c\u00e9sped sint\u00e9tico paisaj\u00edstico en c\u00e1psula soluble en agua.","og_url":"https:\/\/chimiver.com\/es\/producto\/kit-3-ecoricariche-clean-garden\/","og_site_name":"Chimiver","article_publisher":"https:\/\/www.facebook.com\/chimiver","article_modified_time":"2025-11-27T10:31:59+00:00","og_image":[{"width":640,"height":640,"url":"https:\/\/chimiver.com\/wp-content\/uploads\/2025\/02\/Ecoricariche_Clean-Garden.jpg","type":"image\/jpeg"}],"twitter_card":"summary_large_image","twitter_misc":{"Tiempo de lectura":"1 minuto"},"schema":{"@context":"https:\/\/schema.org","@graph":[{"@type":"WebPage","@id":"https:\/\/chimiver.com\/es\/producto\/kit-3-ecoricariche-clean-garden\/","url":"https:\/\/chimiver.com\/es\/producto\/kit-3-ecoricariche-clean-garden\/","name":"Limpiador de c\u00e9sped sint\u00e9tico - ECORICARICHE CLEAN GARDEN","isPartOf":{"@id":"https:\/\/chimiver.com\/es\/#website"},"primaryImageOfPage":{"@id":"https:\/\/chimiver.com\/es\/producto\/kit-3-ecoricariche-clean-garden\/#primaryimage"},"image":{"@id":"https:\/\/chimiver.com\/es\/producto\/kit-3-ecoricariche-clean-garden\/#primaryimage"},"thumbnailUrl":"https:\/\/chimiver.com\/wp-content\/uploads\/2025\/02\/Ecoricariche_Clean-Garden.jpg","datePublished":"2025-02-06T07:34:23+00:00","dateModified":"2025-11-27T10:31:59+00:00","description":"DiscoverKIT 3 ECORICARICHE Clean Garden. Limpiador concentrado alcalino intensivo para c\u00e9sped sint\u00e9tico paisaj\u00edstico en c\u00e1psula soluble en agua.","breadcrumb":{"@id":"https:\/\/chimiver.com\/es\/producto\/kit-3-ecoricariche-clean-garden\/#breadcrumb"},"inLanguage":"es","potentialAction":[{"@type":"ReadAction","target":["https:\/\/chimiver.com\/es\/producto\/kit-3-ecoricariche-clean-garden\/"]}]},{"@type":"ImageObject","inLanguage":"es","@id":"https:\/\/chimiver.com\/es\/producto\/kit-3-ecoricariche-clean-garden\/#primaryimage","url":"https:\/\/chimiver.com\/wp-content\/uploads\/2025\/02\/Ecoricariche_Clean-Garden.jpg","contentUrl":"https:\/\/chimiver.com\/wp-content\/uploads\/2025\/02\/Ecoricariche_Clean-Garden.jpg","width":640,"height":640},{"@type":"BreadcrumbList","@id":"https:\/\/chimiver.com\/es\/producto\/kit-3-ecoricariche-clean-garden\/#breadcrumb","itemListElement":[{"@type":"ListItem","position":1,"name":"Home","item":"https:\/\/chimiver.com\/es\/"},{"@type":"ListItem","position":2,"name":"Shop","item":"https:\/\/chimiver.com\/?page_id=10"},{"@type":"ListItem","position":3,"name":"KIT 3 ECORICARICHE Clean Garden"}]},{"@type":"WebSite","@id":"https:\/\/chimiver.com\/es\/#website","url":"https:\/\/chimiver.com\/es\/","name":"Chimiver, Your floors partner","description":"Su partner de pisos","publisher":{"@id":"https:\/\/chimiver.com\/es\/#organization"},"alternateName":"Chimiver","potentialAction":[{"@type":"SearchAction","target":{"@type":"EntryPoint","urlTemplate":"https:\/\/chimiver.com\/es\/?s={search_term_string}"},"query-input":{"@type":"PropertyValueSpecification","valueRequired":true,"valueName":"search_term_string"}}],"inLanguage":"es"},{"@type":"Organization","@id":"https:\/\/chimiver.com\/es\/#organization","name":"Chimiver","url":"https:\/\/chimiver.com\/es\/","logo":{"@type":"ImageObject","inLanguage":"es","@id":"https:\/\/chimiver.com\/es\/#\/schema\/logo\/image\/","url":"https:\/\/chimiver.com\/wp-content\/uploads\/2022\/06\/Chimiver_500x500.jpg","contentUrl":"https:\/\/chimiver.com\/wp-content\/uploads\/2022\/06\/Chimiver_500x500.jpg","width":500,"height":500,"caption":"Chimiver"},"image":{"@id":"https:\/\/chimiver.com\/es\/#\/schema\/logo\/image\/"},"sameAs":["https:\/\/www.facebook.com\/chimiver"]}]}},"_links":{"self":[{"href":"https:\/\/chimiver.com\/es\/wp-json\/wp\/v2\/product\/22024","targetHints":{"allow":["GET"]}}],"collection":[{"href":"https:\/\/chimiver.com\/es\/wp-json\/wp\/v2\/product"}],"about":[{"href":"https:\/\/chimiver.com\/es\/wp-json\/wp\/v2\/types\/product"}],"replies":[{"embeddable":true,"href":"https:\/\/chimiver.com\/es\/wp-json\/wp\/v2\/comments?post=22024"}],"wp:featuredmedia":[{"embeddable":true,"href":"https:\/\/chimiver.com\/es\/wp-json\/wp\/v2\/media\/21934"}],"wp:attachment":[{"href":"https:\/\/chimiver.com\/es\/wp-json\/wp\/v2\/media?parent=22024"}],"wp:term":[{"taxonomy":"product_brand","embeddable":true,"href":"https:\/\/chimiver.com\/es\/wp-json\/wp\/v2\/product_brand?post=22024"},{"taxonomy":"product_cat","embeddable":true,"href":"https:\/\/chimiver.com\/es\/wp-json\/wp\/v2\/product_cat?post=22024"},{"taxonomy":"product_tag","embeddable":true,"href":"https:\/\/chimiver.com\/es\/wp-json\/wp\/v2\/product_tag?post=22024"}],"curies":[{"name":"wp","href":"https:\/\/api.w.org\/{rel}","templated":true}]}}