{"id":23690,"date":"2025-10-06T13:57:55","date_gmt":"2025-10-06T11:57:55","guid":{"rendered":"https:\/\/chimiver.com\/prodotto\/adesiver-hard-elastic\/"},"modified":"2025-10-06T14:12:11","modified_gmt":"2025-10-06T12:12:11","slug":"adesiver-hard-elastic","status":"publish","type":"product","link":"https:\/\/chimiver.com\/es\/producto\/adesiver-hard-elastic\/","title":{"rendered":"ADESIVER HARD ELASTIC"},"content":{"rendered":"<p>Adhesivo el\u00e1stico monocomponente a base de pol\u00edmeros de terminaci\u00f3n sil\u00e1nica (tecnolog\u00eda MS). El adhesivo est\u00e1 clasificado como \u00abHARD ELASTIC\u00bb seg\u00fan ISO 17178. Endurece con la humedad atmosf\u00e9rica. Est\u00e1 indicado para el encolamiento de parquet de madera maciza en pavimentos preexistentes como m\u00e1rmol, gravilla, cer\u00e1mica, losa etc. Id\u00f3neo tambi\u00e9n para el encolado de parqu\u00e9t en pisos con calefacci\u00f3n y refrigeraci\u00f3n radiante. ADESIVER HARD ELASTIC tiene muy buenas caracter\u00edsticas de aislamiento ac\u00fastico.<\/p>\n","protected":false},"excerpt":{"rendered":"Adhesivo monocomponente de terminaci\u00f3n sil\u00e1nica (MS technology) para parquet de madera maciza","protected":false},"featured_media":23652,"comment_status":"open","ping_status":"closed","template":"","meta":{"_acf_changed":false,"inline_featured_image":false},"product_brand":[],"product_cat":[425,443],"product_tag":[],"class_list":{"0":"post-23690","1":"product","2":"type-product","3":"status-publish","4":"has-post-thumbnail","6":"product_cat-pisos-de-madera","7":"product_cat-adhesivos-ms-technology","9":"first","10":"instock","11":"shipping-taxable","12":"product-type-simple","13":"add-to-wishlist-after_add_to_cart"},"acf":[],"yoast_head":"<!-- This site is optimized with the Yoast SEO plugin v26.2 - https:\/\/yoast.com\/wordpress\/plugins\/seo\/ -->\n<title>Adhesivo para pisos de madera - ADESIVER HARD ELASTIC<\/title>\n<meta name=\"description\" content=\"Descubre ADESIVER HARD ELASTIC. Adhesivo monocomponente de silano, hipoalerg\u00e9nico, para el encolado de suelos de madera tradicionales y prefabricados.\" \/>\n<meta name=\"robots\" content=\"index, follow, max-snippet:-1, max-image-preview:large, max-video-preview:-1\" \/>\n<link rel=\"canonical\" href=\"https:\/\/chimiver.com\/es\/producto\/adesiver-hard-elastic\/\" \/>\n<meta property=\"og:locale\" content=\"es_ES\" \/>\n<meta property=\"og:type\" content=\"article\" \/>\n<meta property=\"og:title\" content=\"Adhesivo para pisos de madera - ADESIVER HARD ELASTIC\" \/>\n<meta property=\"og:description\" content=\"Descubre ADESIVER HARD ELASTIC. Adhesivo monocomponente de silano, hipoalerg\u00e9nico, para el encolado de suelos de madera tradicionales y prefabricados.\" \/>\n<meta property=\"og:url\" content=\"https:\/\/chimiver.com\/es\/producto\/adesiver-hard-elastic\/\" \/>\n<meta property=\"og:site_name\" content=\"Chimiver\" \/>\n<meta property=\"article:publisher\" content=\"https:\/\/www.facebook.com\/chimiver\" \/>\n<meta property=\"article:modified_time\" content=\"2025-10-06T12:12:11+00:00\" \/>\n<meta property=\"og:image\" content=\"https:\/\/chimiver.com\/wp-content\/uploads\/2025\/10\/Adesiver-Hard-Elastic.jpg\" \/>\n\t<meta property=\"og:image:width\" content=\"640\" \/>\n\t<meta property=\"og:image:height\" content=\"640\" \/>\n\t<meta property=\"og:image:type\" content=\"image\/jpeg\" \/>\n<meta name=\"twitter:card\" content=\"summary_large_image\" \/>\n<meta name=\"twitter:label1\" content=\"Tiempo de lectura\" \/>\n\t<meta name=\"twitter:data1\" content=\"1 minuto\" \/>\n<script type=\"application\/ld+json\" class=\"yoast-schema-graph\">{\"@context\":\"https:\/\/schema.org\",\"@graph\":[{\"@type\":\"WebPage\",\"@id\":\"https:\/\/chimiver.com\/es\/producto\/adesiver-hard-elastic\/\",\"url\":\"https:\/\/chimiver.com\/es\/producto\/adesiver-hard-elastic\/\",\"name\":\"Adhesivo para pisos de madera - ADESIVER HARD ELASTIC\",\"isPartOf\":{\"@id\":\"https:\/\/chimiver.com\/es\/#website\"},\"primaryImageOfPage\":{\"@id\":\"https:\/\/chimiver.com\/es\/producto\/adesiver-hard-elastic\/#primaryimage\"},\"image\":{\"@id\":\"https:\/\/chimiver.com\/es\/producto\/adesiver-hard-elastic\/#primaryimage\"},\"thumbnailUrl\":\"https:\/\/chimiver.com\/wp-content\/uploads\/2025\/10\/Adesiver-Hard-Elastic.jpg\",\"datePublished\":\"2025-10-06T11:57:55+00:00\",\"dateModified\":\"2025-10-06T12:12:11+00:00\",\"description\":\"Descubre ADESIVER HARD ELASTIC. Adhesivo monocomponente de silano, hipoalerg\u00e9nico, para el encolado de suelos de madera tradicionales y prefabricados.\",\"breadcrumb\":{\"@id\":\"https:\/\/chimiver.com\/es\/producto\/adesiver-hard-elastic\/#breadcrumb\"},\"inLanguage\":\"es\",\"potentialAction\":[{\"@type\":\"ReadAction\",\"target\":[\"https:\/\/chimiver.com\/es\/producto\/adesiver-hard-elastic\/\"]}]},{\"@type\":\"ImageObject\",\"inLanguage\":\"es\",\"@id\":\"https:\/\/chimiver.com\/es\/producto\/adesiver-hard-elastic\/#primaryimage\",\"url\":\"https:\/\/chimiver.com\/wp-content\/uploads\/2025\/10\/Adesiver-Hard-Elastic.jpg\",\"contentUrl\":\"https:\/\/chimiver.com\/wp-content\/uploads\/2025\/10\/Adesiver-Hard-Elastic.jpg\",\"width\":640,\"height\":640},{\"@type\":\"BreadcrumbList\",\"@id\":\"https:\/\/chimiver.com\/es\/producto\/adesiver-hard-elastic\/#breadcrumb\",\"itemListElement\":[{\"@type\":\"ListItem\",\"position\":1,\"name\":\"Home\",\"item\":\"https:\/\/chimiver.com\/es\/\"},{\"@type\":\"ListItem\",\"position\":2,\"name\":\"Shop\",\"item\":\"https:\/\/chimiver.com\/?page_id=10\"},{\"@type\":\"ListItem\",\"position\":3,\"name\":\"ADESIVER HARD ELASTIC\"}]},{\"@type\":\"WebSite\",\"@id\":\"https:\/\/chimiver.com\/es\/#website\",\"url\":\"https:\/\/chimiver.com\/es\/\",\"name\":\"Chimiver, Your floors partner\",\"description\":\"Su partner de pisos\",\"publisher\":{\"@id\":\"https:\/\/chimiver.com\/es\/#organization\"},\"alternateName\":\"Chimiver\",\"potentialAction\":[{\"@type\":\"SearchAction\",\"target\":{\"@type\":\"EntryPoint\",\"urlTemplate\":\"https:\/\/chimiver.com\/es\/?s={search_term_string}\"},\"query-input\":{\"@type\":\"PropertyValueSpecification\",\"valueRequired\":true,\"valueName\":\"search_term_string\"}}],\"inLanguage\":\"es\"},{\"@type\":\"Organization\",\"@id\":\"https:\/\/chimiver.com\/es\/#organization\",\"name\":\"Chimiver\",\"url\":\"https:\/\/chimiver.com\/es\/\",\"logo\":{\"@type\":\"ImageObject\",\"inLanguage\":\"es\",\"@id\":\"https:\/\/chimiver.com\/es\/#\/schema\/logo\/image\/\",\"url\":\"https:\/\/chimiver.com\/wp-content\/uploads\/2022\/06\/Chimiver_500x500.jpg\",\"contentUrl\":\"https:\/\/chimiver.com\/wp-content\/uploads\/2022\/06\/Chimiver_500x500.jpg\",\"width\":500,\"height\":500,\"caption\":\"Chimiver\"},\"image\":{\"@id\":\"https:\/\/chimiver.com\/es\/#\/schema\/logo\/image\/\"},\"sameAs\":[\"https:\/\/www.facebook.com\/chimiver\"]}]}<\/script>\n<!-- \/ Yoast SEO plugin. -->","yoast_head_json":{"title":"Adhesivo para pisos de madera - ADESIVER HARD ELASTIC","description":"Descubre ADESIVER HARD ELASTIC. Adhesivo monocomponente de silano, hipoalerg\u00e9nico, para el encolado de suelos de madera tradicionales y prefabricados.","robots":{"index":"index","follow":"follow","max-snippet":"max-snippet:-1","max-image-preview":"max-image-preview:large","max-video-preview":"max-video-preview:-1"},"canonical":"https:\/\/chimiver.com\/es\/producto\/adesiver-hard-elastic\/","og_locale":"es_ES","og_type":"article","og_title":"Adhesivo para pisos de madera - ADESIVER HARD ELASTIC","og_description":"Descubre ADESIVER HARD ELASTIC. Adhesivo monocomponente de silano, hipoalerg\u00e9nico, para el encolado de suelos de madera tradicionales y prefabricados.","og_url":"https:\/\/chimiver.com\/es\/producto\/adesiver-hard-elastic\/","og_site_name":"Chimiver","article_publisher":"https:\/\/www.facebook.com\/chimiver","article_modified_time":"2025-10-06T12:12:11+00:00","og_image":[{"width":640,"height":640,"url":"https:\/\/chimiver.com\/wp-content\/uploads\/2025\/10\/Adesiver-Hard-Elastic.jpg","type":"image\/jpeg"}],"twitter_card":"summary_large_image","twitter_misc":{"Tiempo de lectura":"1 minuto"},"schema":{"@context":"https:\/\/schema.org","@graph":[{"@type":"WebPage","@id":"https:\/\/chimiver.com\/es\/producto\/adesiver-hard-elastic\/","url":"https:\/\/chimiver.com\/es\/producto\/adesiver-hard-elastic\/","name":"Adhesivo para pisos de madera - ADESIVER HARD ELASTIC","isPartOf":{"@id":"https:\/\/chimiver.com\/es\/#website"},"primaryImageOfPage":{"@id":"https:\/\/chimiver.com\/es\/producto\/adesiver-hard-elastic\/#primaryimage"},"image":{"@id":"https:\/\/chimiver.com\/es\/producto\/adesiver-hard-elastic\/#primaryimage"},"thumbnailUrl":"https:\/\/chimiver.com\/wp-content\/uploads\/2025\/10\/Adesiver-Hard-Elastic.jpg","datePublished":"2025-10-06T11:57:55+00:00","dateModified":"2025-10-06T12:12:11+00:00","description":"Descubre ADESIVER HARD ELASTIC. Adhesivo monocomponente de silano, hipoalerg\u00e9nico, para el encolado de suelos de madera tradicionales y prefabricados.","breadcrumb":{"@id":"https:\/\/chimiver.com\/es\/producto\/adesiver-hard-elastic\/#breadcrumb"},"inLanguage":"es","potentialAction":[{"@type":"ReadAction","target":["https:\/\/chimiver.com\/es\/producto\/adesiver-hard-elastic\/"]}]},{"@type":"ImageObject","inLanguage":"es","@id":"https:\/\/chimiver.com\/es\/producto\/adesiver-hard-elastic\/#primaryimage","url":"https:\/\/chimiver.com\/wp-content\/uploads\/2025\/10\/Adesiver-Hard-Elastic.jpg","contentUrl":"https:\/\/chimiver.com\/wp-content\/uploads\/2025\/10\/Adesiver-Hard-Elastic.jpg","width":640,"height":640},{"@type":"BreadcrumbList","@id":"https:\/\/chimiver.com\/es\/producto\/adesiver-hard-elastic\/#breadcrumb","itemListElement":[{"@type":"ListItem","position":1,"name":"Home","item":"https:\/\/chimiver.com\/es\/"},{"@type":"ListItem","position":2,"name":"Shop","item":"https:\/\/chimiver.com\/?page_id=10"},{"@type":"ListItem","position":3,"name":"ADESIVER HARD ELASTIC"}]},{"@type":"WebSite","@id":"https:\/\/chimiver.com\/es\/#website","url":"https:\/\/chimiver.com\/es\/","name":"Chimiver, Your floors partner","description":"Su partner de pisos","publisher":{"@id":"https:\/\/chimiver.com\/es\/#organization"},"alternateName":"Chimiver","potentialAction":[{"@type":"SearchAction","target":{"@type":"EntryPoint","urlTemplate":"https:\/\/chimiver.com\/es\/?s={search_term_string}"},"query-input":{"@type":"PropertyValueSpecification","valueRequired":true,"valueName":"search_term_string"}}],"inLanguage":"es"},{"@type":"Organization","@id":"https:\/\/chimiver.com\/es\/#organization","name":"Chimiver","url":"https:\/\/chimiver.com\/es\/","logo":{"@type":"ImageObject","inLanguage":"es","@id":"https:\/\/chimiver.com\/es\/#\/schema\/logo\/image\/","url":"https:\/\/chimiver.com\/wp-content\/uploads\/2022\/06\/Chimiver_500x500.jpg","contentUrl":"https:\/\/chimiver.com\/wp-content\/uploads\/2022\/06\/Chimiver_500x500.jpg","width":500,"height":500,"caption":"Chimiver"},"image":{"@id":"https:\/\/chimiver.com\/es\/#\/schema\/logo\/image\/"},"sameAs":["https:\/\/www.facebook.com\/chimiver"]}]}},"_links":{"self":[{"href":"https:\/\/chimiver.com\/es\/wp-json\/wp\/v2\/product\/23690","targetHints":{"allow":["GET"]}}],"collection":[{"href":"https:\/\/chimiver.com\/es\/wp-json\/wp\/v2\/product"}],"about":[{"href":"https:\/\/chimiver.com\/es\/wp-json\/wp\/v2\/types\/product"}],"replies":[{"embeddable":true,"href":"https:\/\/chimiver.com\/es\/wp-json\/wp\/v2\/comments?post=23690"}],"wp:featuredmedia":[{"embeddable":true,"href":"https:\/\/chimiver.com\/es\/wp-json\/wp\/v2\/media\/23652"}],"wp:attachment":[{"href":"https:\/\/chimiver.com\/es\/wp-json\/wp\/v2\/media?parent=23690"}],"wp:term":[{"taxonomy":"product_brand","embeddable":true,"href":"https:\/\/chimiver.com\/es\/wp-json\/wp\/v2\/product_brand?post=23690"},{"taxonomy":"product_cat","embeddable":true,"href":"https:\/\/chimiver.com\/es\/wp-json\/wp\/v2\/product_cat?post=23690"},{"taxonomy":"product_tag","embeddable":true,"href":"https:\/\/chimiver.com\/es\/wp-json\/wp\/v2\/product_tag?post=23690"}],"curies":[{"name":"wp","href":"https:\/\/api.w.org\/{rel}","templated":true}]}}