{"id":24473,"date":"2026-02-24T08:55:20","date_gmt":"2026-02-24T07:55:20","guid":{"rendered":"https:\/\/chimiver.com\/?post_type=product&#038;p=24473"},"modified":"2026-02-24T09:35:09","modified_gmt":"2026-02-24T08:35:09","slug":"adesiver-re-400-spx","status":"publish","type":"product","link":"https:\/\/chimiver.com\/es\/producto\/adesiver-re-400-spx\/","title":{"rendered":"ADESIVER RE 400\/SPX"},"content":{"rendered":"<p>Adhesivo tixotr\u00f3pico de alto rendimiento en dispersi\u00f3n acuosa a base de terpol\u00edmeros acr\u00edlicos, caracterizado por su excelente trabajabilidad, alta adhesi\u00f3n inicial y tiempo abierto prolongado. ADESIVER RE 400 SPX es adecuado para la instalaci\u00f3n de pavimentos y revestimientos resilientes, siempre que sean dimensionalmente estables. Espec\u00edfico para la instalaci\u00f3n interior de:<\/p>\n<ul>\n<li>moquetas y aglomerados con cualquier tipo de respaldo, siempre que sean dimensionalmente estables;<\/li>\n<li>lin\u00f3leo de hasta 3 mm de espesor;<\/li>\n<li>suelos vin\u00edlicos con soporte de fieltro;<\/li>\n<li>suelos de PVC en rollos o losetas;<\/li>\n<li>revestimientos murales y de suelo en PVC;<\/li>\n<li>revestimientos murales y de suelo textiles;<\/li>\n<li>vinilos semirr\u00edgidos;<\/li>\n<li>caucho en l\u00e1minas de hasta 3 mm de espesor;<\/li>\n<li>revestimientos murales y de suelo en PVC;<\/li>\n<li>revestimientos de coco con soporte de l\u00e1tex;<\/li>\n<li>revestimientos murales y de suelo en poliestireno;<\/li>\n<li>LVT (Luxury Vinyl Tiles).<\/li>\n<\/ul>\n<p>Tambi\u00e9n adecuado para la instalaci\u00f3n sobre soportes con sistemas de calefacci\u00f3n y refrigeraci\u00f3n por suelo radiante.<\/p>\n","protected":false},"excerpt":{"rendered":"Adhesivo acr\u00edlico universal de alto rendimiento en dispersi\u00f3n acuosa, adecuado para la instalaci\u00f3n de pavimentos y revestimientos resilientes sobre soportes absorbentes o semiabsorbentes, y perfiles en vertical, con excelente trabajabilidad y tiempo abierto prolongado","protected":false},"featured_media":24479,"comment_status":"open","ping_status":"closed","template":"","meta":{"_acf_changed":false,"inline_featured_image":false},"product_brand":[],"product_cat":[426,455,457],"product_tag":[],"class_list":{"0":"post-24473","1":"product","2":"type-product","3":"status-publish","4":"has-post-thumbnail","6":"product_cat-resilientes","7":"product_cat-pegar-moqueta-linoleo-pvc-goma-lvt","8":"product_cat-adhesivos-uso-interno","10":"first","11":"instock","12":"shipping-taxable","13":"product-type-simple","14":"add-to-wishlist-after_add_to_cart"},"acf":[],"yoast_head":"<!-- This site is optimized with the Yoast SEO plugin v26.2 - https:\/\/yoast.com\/wordpress\/plugins\/seo\/ -->\n<title>Adhesivo universal para resilientes - ADESIVER RE 400\/SPX<\/title>\n<meta name=\"description\" content=\"DescubreADESIVER RE 400\/SPX . Adhesivo acr\u00edlico universal en dispersi\u00f3n acuosa para suelos y revestimientos resilientes, con tiempo abierto prolongado.\" \/>\n<meta name=\"robots\" content=\"index, follow, max-snippet:-1, max-image-preview:large, max-video-preview:-1\" \/>\n<link rel=\"canonical\" href=\"https:\/\/chimiver.com\/es\/producto\/adesiver-re-400-spx\/\" \/>\n<meta property=\"og:locale\" content=\"es_ES\" \/>\n<meta property=\"og:type\" content=\"article\" \/>\n<meta property=\"og:title\" content=\"Adhesivo universal para resilientes - ADESIVER RE 400\/SPX\" \/>\n<meta property=\"og:description\" content=\"DescubreADESIVER RE 400\/SPX . Adhesivo acr\u00edlico universal en dispersi\u00f3n acuosa para suelos y revestimientos resilientes, con tiempo abierto prolongado.\" \/>\n<meta property=\"og:url\" content=\"https:\/\/chimiver.com\/es\/producto\/adesiver-re-400-spx\/\" \/>\n<meta property=\"og:site_name\" content=\"Chimiver\" \/>\n<meta property=\"article:publisher\" content=\"https:\/\/www.facebook.com\/chimiver\" \/>\n<meta property=\"article:modified_time\" content=\"2026-02-24T08:35:09+00:00\" \/>\n<meta property=\"og:image\" content=\"https:\/\/chimiver.com\/wp-content\/uploads\/2026\/02\/Adesiver-Re-400_SPX.jpg\" \/>\n\t<meta property=\"og:image:width\" content=\"640\" \/>\n\t<meta property=\"og:image:height\" content=\"640\" \/>\n\t<meta property=\"og:image:type\" content=\"image\/jpeg\" \/>\n<meta name=\"twitter:card\" content=\"summary_large_image\" \/>\n<meta name=\"twitter:label1\" content=\"Tiempo de lectura\" \/>\n\t<meta name=\"twitter:data1\" content=\"1 minuto\" \/>\n<script type=\"application\/ld+json\" class=\"yoast-schema-graph\">{\"@context\":\"https:\/\/schema.org\",\"@graph\":[{\"@type\":\"WebPage\",\"@id\":\"https:\/\/chimiver.com\/es\/producto\/adesiver-re-400-spx\/\",\"url\":\"https:\/\/chimiver.com\/es\/producto\/adesiver-re-400-spx\/\",\"name\":\"Adhesivo universal para resilientes - ADESIVER RE 400\/SPX\",\"isPartOf\":{\"@id\":\"https:\/\/chimiver.com\/es\/#website\"},\"primaryImageOfPage\":{\"@id\":\"https:\/\/chimiver.com\/es\/producto\/adesiver-re-400-spx\/#primaryimage\"},\"image\":{\"@id\":\"https:\/\/chimiver.com\/es\/producto\/adesiver-re-400-spx\/#primaryimage\"},\"thumbnailUrl\":\"https:\/\/chimiver.com\/wp-content\/uploads\/2026\/02\/Adesiver-Re-400_SPX.jpg\",\"datePublished\":\"2026-02-24T07:55:20+00:00\",\"dateModified\":\"2026-02-24T08:35:09+00:00\",\"description\":\"DescubreADESIVER RE 400\/SPX . Adhesivo acr\u00edlico universal en dispersi\u00f3n acuosa para suelos y revestimientos resilientes, con tiempo abierto prolongado.\",\"breadcrumb\":{\"@id\":\"https:\/\/chimiver.com\/es\/producto\/adesiver-re-400-spx\/#breadcrumb\"},\"inLanguage\":\"es\",\"potentialAction\":[{\"@type\":\"ReadAction\",\"target\":[\"https:\/\/chimiver.com\/es\/producto\/adesiver-re-400-spx\/\"]}]},{\"@type\":\"ImageObject\",\"inLanguage\":\"es\",\"@id\":\"https:\/\/chimiver.com\/es\/producto\/adesiver-re-400-spx\/#primaryimage\",\"url\":\"https:\/\/chimiver.com\/wp-content\/uploads\/2026\/02\/Adesiver-Re-400_SPX.jpg\",\"contentUrl\":\"https:\/\/chimiver.com\/wp-content\/uploads\/2026\/02\/Adesiver-Re-400_SPX.jpg\",\"width\":640,\"height\":640},{\"@type\":\"BreadcrumbList\",\"@id\":\"https:\/\/chimiver.com\/es\/producto\/adesiver-re-400-spx\/#breadcrumb\",\"itemListElement\":[{\"@type\":\"ListItem\",\"position\":1,\"name\":\"Home\",\"item\":\"https:\/\/chimiver.com\/es\/\"},{\"@type\":\"ListItem\",\"position\":2,\"name\":\"Shop\",\"item\":\"https:\/\/chimiver.com\/?page_id=10\"},{\"@type\":\"ListItem\",\"position\":3,\"name\":\"ADESIVER RE 400\/SPX\"}]},{\"@type\":\"WebSite\",\"@id\":\"https:\/\/chimiver.com\/es\/#website\",\"url\":\"https:\/\/chimiver.com\/es\/\",\"name\":\"Chimiver, Your floors partner\",\"description\":\"Su partner de pisos\",\"publisher\":{\"@id\":\"https:\/\/chimiver.com\/es\/#organization\"},\"alternateName\":\"Chimiver\",\"potentialAction\":[{\"@type\":\"SearchAction\",\"target\":{\"@type\":\"EntryPoint\",\"urlTemplate\":\"https:\/\/chimiver.com\/es\/?s={search_term_string}\"},\"query-input\":{\"@type\":\"PropertyValueSpecification\",\"valueRequired\":true,\"valueName\":\"search_term_string\"}}],\"inLanguage\":\"es\"},{\"@type\":\"Organization\",\"@id\":\"https:\/\/chimiver.com\/es\/#organization\",\"name\":\"Chimiver\",\"url\":\"https:\/\/chimiver.com\/es\/\",\"logo\":{\"@type\":\"ImageObject\",\"inLanguage\":\"es\",\"@id\":\"https:\/\/chimiver.com\/es\/#\/schema\/logo\/image\/\",\"url\":\"https:\/\/chimiver.com\/wp-content\/uploads\/2022\/06\/Chimiver_500x500.jpg\",\"contentUrl\":\"https:\/\/chimiver.com\/wp-content\/uploads\/2022\/06\/Chimiver_500x500.jpg\",\"width\":500,\"height\":500,\"caption\":\"Chimiver\"},\"image\":{\"@id\":\"https:\/\/chimiver.com\/es\/#\/schema\/logo\/image\/\"},\"sameAs\":[\"https:\/\/www.facebook.com\/chimiver\"]}]}<\/script>\n<!-- \/ Yoast SEO plugin. -->","yoast_head_json":{"title":"Adhesivo universal para resilientes - ADESIVER RE 400\/SPX","description":"DescubreADESIVER RE 400\/SPX . Adhesivo acr\u00edlico universal en dispersi\u00f3n acuosa para suelos y revestimientos resilientes, con tiempo abierto prolongado.","robots":{"index":"index","follow":"follow","max-snippet":"max-snippet:-1","max-image-preview":"max-image-preview:large","max-video-preview":"max-video-preview:-1"},"canonical":"https:\/\/chimiver.com\/es\/producto\/adesiver-re-400-spx\/","og_locale":"es_ES","og_type":"article","og_title":"Adhesivo universal para resilientes - ADESIVER RE 400\/SPX","og_description":"DescubreADESIVER RE 400\/SPX . Adhesivo acr\u00edlico universal en dispersi\u00f3n acuosa para suelos y revestimientos resilientes, con tiempo abierto prolongado.","og_url":"https:\/\/chimiver.com\/es\/producto\/adesiver-re-400-spx\/","og_site_name":"Chimiver","article_publisher":"https:\/\/www.facebook.com\/chimiver","article_modified_time":"2026-02-24T08:35:09+00:00","og_image":[{"width":640,"height":640,"url":"https:\/\/chimiver.com\/wp-content\/uploads\/2026\/02\/Adesiver-Re-400_SPX.jpg","type":"image\/jpeg"}],"twitter_card":"summary_large_image","twitter_misc":{"Tiempo de lectura":"1 minuto"},"schema":{"@context":"https:\/\/schema.org","@graph":[{"@type":"WebPage","@id":"https:\/\/chimiver.com\/es\/producto\/adesiver-re-400-spx\/","url":"https:\/\/chimiver.com\/es\/producto\/adesiver-re-400-spx\/","name":"Adhesivo universal para resilientes - ADESIVER RE 400\/SPX","isPartOf":{"@id":"https:\/\/chimiver.com\/es\/#website"},"primaryImageOfPage":{"@id":"https:\/\/chimiver.com\/es\/producto\/adesiver-re-400-spx\/#primaryimage"},"image":{"@id":"https:\/\/chimiver.com\/es\/producto\/adesiver-re-400-spx\/#primaryimage"},"thumbnailUrl":"https:\/\/chimiver.com\/wp-content\/uploads\/2026\/02\/Adesiver-Re-400_SPX.jpg","datePublished":"2026-02-24T07:55:20+00:00","dateModified":"2026-02-24T08:35:09+00:00","description":"DescubreADESIVER RE 400\/SPX . Adhesivo acr\u00edlico universal en dispersi\u00f3n acuosa para suelos y revestimientos resilientes, con tiempo abierto prolongado.","breadcrumb":{"@id":"https:\/\/chimiver.com\/es\/producto\/adesiver-re-400-spx\/#breadcrumb"},"inLanguage":"es","potentialAction":[{"@type":"ReadAction","target":["https:\/\/chimiver.com\/es\/producto\/adesiver-re-400-spx\/"]}]},{"@type":"ImageObject","inLanguage":"es","@id":"https:\/\/chimiver.com\/es\/producto\/adesiver-re-400-spx\/#primaryimage","url":"https:\/\/chimiver.com\/wp-content\/uploads\/2026\/02\/Adesiver-Re-400_SPX.jpg","contentUrl":"https:\/\/chimiver.com\/wp-content\/uploads\/2026\/02\/Adesiver-Re-400_SPX.jpg","width":640,"height":640},{"@type":"BreadcrumbList","@id":"https:\/\/chimiver.com\/es\/producto\/adesiver-re-400-spx\/#breadcrumb","itemListElement":[{"@type":"ListItem","position":1,"name":"Home","item":"https:\/\/chimiver.com\/es\/"},{"@type":"ListItem","position":2,"name":"Shop","item":"https:\/\/chimiver.com\/?page_id=10"},{"@type":"ListItem","position":3,"name":"ADESIVER RE 400\/SPX"}]},{"@type":"WebSite","@id":"https:\/\/chimiver.com\/es\/#website","url":"https:\/\/chimiver.com\/es\/","name":"Chimiver, Your floors partner","description":"Su partner de pisos","publisher":{"@id":"https:\/\/chimiver.com\/es\/#organization"},"alternateName":"Chimiver","potentialAction":[{"@type":"SearchAction","target":{"@type":"EntryPoint","urlTemplate":"https:\/\/chimiver.com\/es\/?s={search_term_string}"},"query-input":{"@type":"PropertyValueSpecification","valueRequired":true,"valueName":"search_term_string"}}],"inLanguage":"es"},{"@type":"Organization","@id":"https:\/\/chimiver.com\/es\/#organization","name":"Chimiver","url":"https:\/\/chimiver.com\/es\/","logo":{"@type":"ImageObject","inLanguage":"es","@id":"https:\/\/chimiver.com\/es\/#\/schema\/logo\/image\/","url":"https:\/\/chimiver.com\/wp-content\/uploads\/2022\/06\/Chimiver_500x500.jpg","contentUrl":"https:\/\/chimiver.com\/wp-content\/uploads\/2022\/06\/Chimiver_500x500.jpg","width":500,"height":500,"caption":"Chimiver"},"image":{"@id":"https:\/\/chimiver.com\/es\/#\/schema\/logo\/image\/"},"sameAs":["https:\/\/www.facebook.com\/chimiver"]}]}},"_links":{"self":[{"href":"https:\/\/chimiver.com\/es\/wp-json\/wp\/v2\/product\/24473","targetHints":{"allow":["GET"]}}],"collection":[{"href":"https:\/\/chimiver.com\/es\/wp-json\/wp\/v2\/product"}],"about":[{"href":"https:\/\/chimiver.com\/es\/wp-json\/wp\/v2\/types\/product"}],"replies":[{"embeddable":true,"href":"https:\/\/chimiver.com\/es\/wp-json\/wp\/v2\/comments?post=24473"}],"wp:featuredmedia":[{"embeddable":true,"href":"https:\/\/chimiver.com\/es\/wp-json\/wp\/v2\/media\/24479"}],"wp:attachment":[{"href":"https:\/\/chimiver.com\/es\/wp-json\/wp\/v2\/media?parent=24473"}],"wp:term":[{"taxonomy":"product_brand","embeddable":true,"href":"https:\/\/chimiver.com\/es\/wp-json\/wp\/v2\/product_brand?post=24473"},{"taxonomy":"product_cat","embeddable":true,"href":"https:\/\/chimiver.com\/es\/wp-json\/wp\/v2\/product_cat?post=24473"},{"taxonomy":"product_tag","embeddable":true,"href":"https:\/\/chimiver.com\/es\/wp-json\/wp\/v2\/product_tag?post=24473"}],"curies":[{"name":"wp","href":"https:\/\/api.w.org\/{rel}","templated":true}]}}