{"id":6159,"date":"2022-01-21T12:14:25","date_gmt":"2022-01-21T11:14:25","guid":{"rendered":"https:\/\/chimiver.com\/prodotto\/unisil\/"},"modified":"2025-08-19T17:18:00","modified_gmt":"2025-08-19T15:18:00","slug":"unisil","status":"publish","type":"product","link":"https:\/\/chimiver.com\/es\/producto\/unisil\/","title":{"rendered":"UNISIL"},"content":{"rendered":"<p>Adhesivo el\u00e1stico monocomponente a base de prepol\u00edmeros de terminaci\u00f3n sil\u00e1nica (tecnolog\u00eda MS). Endurece con la humedad atmosf\u00e9rica. Est\u00e1 indicado sobre todo para el encolado de parqu\u00e9t preacabado en pavimentos preexistentes como m\u00e1rmol, granito, cer\u00e1mica, losa etc. Id\u00f3neo tambi\u00e9n para el encolado de parqu\u00e9t en pisos con calefacci\u00f3n y refrigeraci\u00f3n radiante.<\/p>\n","protected":false},"excerpt":{"rendered":"Adhesivo antialergico monocomponente de terminaci\u00f3n sil\u00e1nica (tecnolog\u00eda MS)","protected":false},"featured_media":4528,"comment_status":"open","ping_status":"closed","template":"","meta":{"_acf_changed":false,"inline_featured_image":false},"product_brand":[],"product_cat":[425,434,443],"product_tag":[],"class_list":{"0":"post-6159","1":"product","2":"type-product","3":"status-publish","4":"has-post-thumbnail","6":"product_cat-pisos-de-madera","7":"product_cat-pegar-el-piso","8":"product_cat-adhesivos-ms-technology","10":"first","11":"instock","12":"shipping-taxable","13":"product-type-simple","14":"add-to-wishlist-after_add_to_cart"},"acf":[],"yoast_head":"<!-- This site is optimized with the Yoast SEO plugin v26.2 - https:\/\/yoast.com\/wordpress\/plugins\/seo\/ -->\n<title>UNISIL - Chimiver PISOS DE MADERA, Pegar el piso, Adhesivos MS Technology<\/title>\n<meta name=\"description\" content=\"Scopri UNISIL PISOS DE MADERA, Pegar el piso, Adhesivos MS Technology. Dal 1965 Chimiver \u00e8 leader nel mercato dei prodotti per incollaggio, trattamento e manutenzione dei pavimenti.\" \/>\n<meta name=\"robots\" content=\"index, follow, max-snippet:-1, max-image-preview:large, max-video-preview:-1\" \/>\n<link rel=\"canonical\" href=\"https:\/\/chimiver.com\/es\/producto\/unisil\/\" \/>\n<meta property=\"og:locale\" content=\"es_ES\" \/>\n<meta property=\"og:type\" content=\"article\" \/>\n<meta property=\"og:title\" content=\"UNISIL - Chimiver PISOS DE MADERA, Pegar el piso, Adhesivos MS Technology\" \/>\n<meta property=\"og:description\" content=\"Scopri UNISIL PISOS DE MADERA, Pegar el piso, Adhesivos MS Technology. Dal 1965 Chimiver \u00e8 leader nel mercato dei prodotti per incollaggio, trattamento e manutenzione dei pavimenti.\" \/>\n<meta property=\"og:url\" content=\"https:\/\/chimiver.com\/es\/producto\/unisil\/\" \/>\n<meta property=\"og:site_name\" content=\"Chimiver\" \/>\n<meta property=\"article:publisher\" content=\"https:\/\/www.facebook.com\/chimiver\" \/>\n<meta property=\"article:modified_time\" content=\"2025-08-19T15:18:00+00:00\" \/>\n<meta property=\"og:image\" content=\"https:\/\/chimiver.com\/wp-content\/uploads\/2022\/01\/17_4fbac.jpg\" \/>\n\t<meta property=\"og:image:width\" content=\"640\" \/>\n\t<meta property=\"og:image:height\" content=\"640\" \/>\n\t<meta property=\"og:image:type\" content=\"image\/jpeg\" \/>\n<meta name=\"twitter:card\" content=\"summary_large_image\" \/>\n<meta name=\"twitter:label1\" content=\"Tiempo de lectura\" \/>\n\t<meta name=\"twitter:data1\" content=\"1 minuto\" \/>\n<script type=\"application\/ld+json\" class=\"yoast-schema-graph\">{\"@context\":\"https:\/\/schema.org\",\"@graph\":[{\"@type\":\"WebPage\",\"@id\":\"https:\/\/chimiver.com\/es\/producto\/unisil\/\",\"url\":\"https:\/\/chimiver.com\/es\/producto\/unisil\/\",\"name\":\"UNISIL - Chimiver PISOS DE MADERA, Pegar el piso, Adhesivos MS Technology\",\"isPartOf\":{\"@id\":\"https:\/\/chimiver.com\/es\/#website\"},\"primaryImageOfPage\":{\"@id\":\"https:\/\/chimiver.com\/es\/producto\/unisil\/#primaryimage\"},\"image\":{\"@id\":\"https:\/\/chimiver.com\/es\/producto\/unisil\/#primaryimage\"},\"thumbnailUrl\":\"https:\/\/chimiver.com\/wp-content\/uploads\/2022\/01\/17_4fbac.jpg\",\"datePublished\":\"2022-01-21T11:14:25+00:00\",\"dateModified\":\"2025-08-19T15:18:00+00:00\",\"description\":\"Scopri UNISIL PISOS DE MADERA, Pegar el piso, Adhesivos MS Technology. Dal 1965 Chimiver \u00e8 leader nel mercato dei prodotti per incollaggio, trattamento e manutenzione dei pavimenti.\",\"breadcrumb\":{\"@id\":\"https:\/\/chimiver.com\/es\/producto\/unisil\/#breadcrumb\"},\"inLanguage\":\"es\",\"potentialAction\":[{\"@type\":\"ReadAction\",\"target\":[\"https:\/\/chimiver.com\/es\/producto\/unisil\/\"]}]},{\"@type\":\"ImageObject\",\"inLanguage\":\"es\",\"@id\":\"https:\/\/chimiver.com\/es\/producto\/unisil\/#primaryimage\",\"url\":\"https:\/\/chimiver.com\/wp-content\/uploads\/2022\/01\/17_4fbac.jpg\",\"contentUrl\":\"https:\/\/chimiver.com\/wp-content\/uploads\/2022\/01\/17_4fbac.jpg\",\"width\":640,\"height\":640,\"caption\":\"Adesivo Monocomponente per Pavimenti in Legno\"},{\"@type\":\"BreadcrumbList\",\"@id\":\"https:\/\/chimiver.com\/es\/producto\/unisil\/#breadcrumb\",\"itemListElement\":[{\"@type\":\"ListItem\",\"position\":1,\"name\":\"Home\",\"item\":\"https:\/\/chimiver.com\/es\/\"},{\"@type\":\"ListItem\",\"position\":2,\"name\":\"Shop\",\"item\":\"https:\/\/chimiver.com\/?page_id=10\"},{\"@type\":\"ListItem\",\"position\":3,\"name\":\"UNISIL\"}]},{\"@type\":\"WebSite\",\"@id\":\"https:\/\/chimiver.com\/es\/#website\",\"url\":\"https:\/\/chimiver.com\/es\/\",\"name\":\"Chimiver, Your floors partner\",\"description\":\"Su partner de pisos\",\"publisher\":{\"@id\":\"https:\/\/chimiver.com\/es\/#organization\"},\"alternateName\":\"Chimiver\",\"potentialAction\":[{\"@type\":\"SearchAction\",\"target\":{\"@type\":\"EntryPoint\",\"urlTemplate\":\"https:\/\/chimiver.com\/es\/?s={search_term_string}\"},\"query-input\":{\"@type\":\"PropertyValueSpecification\",\"valueRequired\":true,\"valueName\":\"search_term_string\"}}],\"inLanguage\":\"es\"},{\"@type\":\"Organization\",\"@id\":\"https:\/\/chimiver.com\/es\/#organization\",\"name\":\"Chimiver\",\"url\":\"https:\/\/chimiver.com\/es\/\",\"logo\":{\"@type\":\"ImageObject\",\"inLanguage\":\"es\",\"@id\":\"https:\/\/chimiver.com\/es\/#\/schema\/logo\/image\/\",\"url\":\"https:\/\/chimiver.com\/wp-content\/uploads\/2022\/06\/Chimiver_500x500.jpg\",\"contentUrl\":\"https:\/\/chimiver.com\/wp-content\/uploads\/2022\/06\/Chimiver_500x500.jpg\",\"width\":500,\"height\":500,\"caption\":\"Chimiver\"},\"image\":{\"@id\":\"https:\/\/chimiver.com\/es\/#\/schema\/logo\/image\/\"},\"sameAs\":[\"https:\/\/www.facebook.com\/chimiver\"]}]}<\/script>\n<!-- \/ Yoast SEO plugin. -->","yoast_head_json":{"title":"UNISIL - Chimiver PISOS DE MADERA, Pegar el piso, Adhesivos MS Technology","description":"Scopri UNISIL PISOS DE MADERA, Pegar el piso, Adhesivos MS Technology. Dal 1965 Chimiver \u00e8 leader nel mercato dei prodotti per incollaggio, trattamento e manutenzione dei pavimenti.","robots":{"index":"index","follow":"follow","max-snippet":"max-snippet:-1","max-image-preview":"max-image-preview:large","max-video-preview":"max-video-preview:-1"},"canonical":"https:\/\/chimiver.com\/es\/producto\/unisil\/","og_locale":"es_ES","og_type":"article","og_title":"UNISIL - Chimiver PISOS DE MADERA, Pegar el piso, Adhesivos MS Technology","og_description":"Scopri UNISIL PISOS DE MADERA, Pegar el piso, Adhesivos MS Technology. Dal 1965 Chimiver \u00e8 leader nel mercato dei prodotti per incollaggio, trattamento e manutenzione dei pavimenti.","og_url":"https:\/\/chimiver.com\/es\/producto\/unisil\/","og_site_name":"Chimiver","article_publisher":"https:\/\/www.facebook.com\/chimiver","article_modified_time":"2025-08-19T15:18:00+00:00","og_image":[{"width":640,"height":640,"url":"https:\/\/chimiver.com\/wp-content\/uploads\/2022\/01\/17_4fbac.jpg","type":"image\/jpeg"}],"twitter_card":"summary_large_image","twitter_misc":{"Tiempo de lectura":"1 minuto"},"schema":{"@context":"https:\/\/schema.org","@graph":[{"@type":"WebPage","@id":"https:\/\/chimiver.com\/es\/producto\/unisil\/","url":"https:\/\/chimiver.com\/es\/producto\/unisil\/","name":"UNISIL - Chimiver PISOS DE MADERA, Pegar el piso, Adhesivos MS Technology","isPartOf":{"@id":"https:\/\/chimiver.com\/es\/#website"},"primaryImageOfPage":{"@id":"https:\/\/chimiver.com\/es\/producto\/unisil\/#primaryimage"},"image":{"@id":"https:\/\/chimiver.com\/es\/producto\/unisil\/#primaryimage"},"thumbnailUrl":"https:\/\/chimiver.com\/wp-content\/uploads\/2022\/01\/17_4fbac.jpg","datePublished":"2022-01-21T11:14:25+00:00","dateModified":"2025-08-19T15:18:00+00:00","description":"Scopri UNISIL PISOS DE MADERA, Pegar el piso, Adhesivos MS Technology. Dal 1965 Chimiver \u00e8 leader nel mercato dei prodotti per incollaggio, trattamento e manutenzione dei pavimenti.","breadcrumb":{"@id":"https:\/\/chimiver.com\/es\/producto\/unisil\/#breadcrumb"},"inLanguage":"es","potentialAction":[{"@type":"ReadAction","target":["https:\/\/chimiver.com\/es\/producto\/unisil\/"]}]},{"@type":"ImageObject","inLanguage":"es","@id":"https:\/\/chimiver.com\/es\/producto\/unisil\/#primaryimage","url":"https:\/\/chimiver.com\/wp-content\/uploads\/2022\/01\/17_4fbac.jpg","contentUrl":"https:\/\/chimiver.com\/wp-content\/uploads\/2022\/01\/17_4fbac.jpg","width":640,"height":640,"caption":"Adesivo Monocomponente per Pavimenti in Legno"},{"@type":"BreadcrumbList","@id":"https:\/\/chimiver.com\/es\/producto\/unisil\/#breadcrumb","itemListElement":[{"@type":"ListItem","position":1,"name":"Home","item":"https:\/\/chimiver.com\/es\/"},{"@type":"ListItem","position":2,"name":"Shop","item":"https:\/\/chimiver.com\/?page_id=10"},{"@type":"ListItem","position":3,"name":"UNISIL"}]},{"@type":"WebSite","@id":"https:\/\/chimiver.com\/es\/#website","url":"https:\/\/chimiver.com\/es\/","name":"Chimiver, Your floors partner","description":"Su partner de pisos","publisher":{"@id":"https:\/\/chimiver.com\/es\/#organization"},"alternateName":"Chimiver","potentialAction":[{"@type":"SearchAction","target":{"@type":"EntryPoint","urlTemplate":"https:\/\/chimiver.com\/es\/?s={search_term_string}"},"query-input":{"@type":"PropertyValueSpecification","valueRequired":true,"valueName":"search_term_string"}}],"inLanguage":"es"},{"@type":"Organization","@id":"https:\/\/chimiver.com\/es\/#organization","name":"Chimiver","url":"https:\/\/chimiver.com\/es\/","logo":{"@type":"ImageObject","inLanguage":"es","@id":"https:\/\/chimiver.com\/es\/#\/schema\/logo\/image\/","url":"https:\/\/chimiver.com\/wp-content\/uploads\/2022\/06\/Chimiver_500x500.jpg","contentUrl":"https:\/\/chimiver.com\/wp-content\/uploads\/2022\/06\/Chimiver_500x500.jpg","width":500,"height":500,"caption":"Chimiver"},"image":{"@id":"https:\/\/chimiver.com\/es\/#\/schema\/logo\/image\/"},"sameAs":["https:\/\/www.facebook.com\/chimiver"]}]}},"_links":{"self":[{"href":"https:\/\/chimiver.com\/es\/wp-json\/wp\/v2\/product\/6159","targetHints":{"allow":["GET"]}}],"collection":[{"href":"https:\/\/chimiver.com\/es\/wp-json\/wp\/v2\/product"}],"about":[{"href":"https:\/\/chimiver.com\/es\/wp-json\/wp\/v2\/types\/product"}],"replies":[{"embeddable":true,"href":"https:\/\/chimiver.com\/es\/wp-json\/wp\/v2\/comments?post=6159"}],"wp:featuredmedia":[{"embeddable":true,"href":"https:\/\/chimiver.com\/es\/wp-json\/wp\/v2\/media\/4528"}],"wp:attachment":[{"href":"https:\/\/chimiver.com\/es\/wp-json\/wp\/v2\/media?parent=6159"}],"wp:term":[{"taxonomy":"product_brand","embeddable":true,"href":"https:\/\/chimiver.com\/es\/wp-json\/wp\/v2\/product_brand?post=6159"},{"taxonomy":"product_cat","embeddable":true,"href":"https:\/\/chimiver.com\/es\/wp-json\/wp\/v2\/product_cat?post=6159"},{"taxonomy":"product_tag","embeddable":true,"href":"https:\/\/chimiver.com\/es\/wp-json\/wp\/v2\/product_tag?post=6159"}],"curies":[{"name":"wp","href":"https:\/\/api.w.org\/{rel}","templated":true}]}}