{"id":6409,"date":"2022-01-21T12:15:09","date_gmt":"2022-01-21T11:15:09","guid":{"rendered":"https:\/\/chimiver.com\/prodotto\/lios-bioil-2k-ab\/"},"modified":"2025-08-21T09:05:55","modified_gmt":"2025-08-21T07:05:55","slug":"lios-bioil-2k-ab","status":"publish","type":"product","link":"https:\/\/chimiver.com\/es\/producto\/lios-bioil-2k-ab\/","title":{"rendered":"LIOS BIOIL 2K (A+B)"},"content":{"rendered":"<p>Tratamiento de dos componentes de alta resistencia qu\u00edmica para la protecci\u00f3n f\u00edsica de los pavimentos de madera que ha de aplicarse en una sola capa. Dona al pavimiento una excelente cobertura, un aspecto caliente y m\u00f3rbido y una extrema facilidad de mantenimiento. Est\u00e1 formulado con aceites naturales de origen vegetal, no contiene agua, disolventes y es por lo tanto considerado un producto VOC FREE.<\/p>\n","protected":false},"excerpt":{"rendered":"Tratamiento de dos componentes a base de aceites naturales para pavimentos de madera","protected":false},"featured_media":4499,"comment_status":"open","ping_status":"closed","template":"","meta":{"_acf_changed":false,"inline_featured_image":false},"product_brand":[],"product_cat":[425,436,453],"product_tag":[],"class_list":{"0":"post-6409","1":"product","2":"type-product","3":"status-publish","4":"has-post-thumbnail","6":"product_cat-pisos-de-madera","7":"product_cat-aplicar-el-acabado","8":"product_cat-aceites-naturales","10":"first","11":"instock","12":"shipping-taxable","13":"product-type-simple","14":"add-to-wishlist-after_add_to_cart"},"acf":[],"yoast_head":"<!-- This site is optimized with the Yoast SEO plugin v26.2 - https:\/\/yoast.com\/wordpress\/plugins\/seo\/ -->\n<title>Aceite para pisos de madera - LIOS BIOIL 2K (A+B)<\/title>\n<meta name=\"description\" content=\"Descubra LIOS BIOIL 2K (A+B) . Tratamiento de dos componentes a base de aceites naturales para pavimentos de madera.\" \/>\n<meta name=\"robots\" content=\"index, follow, max-snippet:-1, max-image-preview:large, max-video-preview:-1\" \/>\n<link rel=\"canonical\" href=\"https:\/\/chimiver.com\/es\/producto\/lios-bioil-2k-ab\/\" \/>\n<meta property=\"og:locale\" content=\"es_ES\" \/>\n<meta property=\"og:type\" content=\"article\" \/>\n<meta property=\"og:title\" content=\"Aceite para pisos de madera - LIOS BIOIL 2K (A+B)\" \/>\n<meta property=\"og:description\" content=\"Descubra LIOS BIOIL 2K (A+B) . Tratamiento de dos componentes a base de aceites naturales para pavimentos de madera.\" \/>\n<meta property=\"og:url\" content=\"https:\/\/chimiver.com\/es\/producto\/lios-bioil-2k-ab\/\" \/>\n<meta property=\"og:site_name\" content=\"Chimiver\" \/>\n<meta property=\"article:publisher\" content=\"https:\/\/www.facebook.com\/chimiver\" \/>\n<meta property=\"article:modified_time\" content=\"2025-08-21T07:05:55+00:00\" \/>\n<meta property=\"og:image\" content=\"https:\/\/chimiver.com\/wp-content\/uploads\/2022\/01\/44_3433f.jpg\" \/>\n\t<meta property=\"og:image:width\" content=\"640\" \/>\n\t<meta property=\"og:image:height\" content=\"640\" \/>\n\t<meta property=\"og:image:type\" content=\"image\/jpeg\" \/>\n<meta name=\"twitter:card\" content=\"summary_large_image\" \/>\n<meta name=\"twitter:label1\" content=\"Tiempo de lectura\" \/>\n\t<meta name=\"twitter:data1\" content=\"1 minuto\" \/>\n<script type=\"application\/ld+json\" class=\"yoast-schema-graph\">{\"@context\":\"https:\/\/schema.org\",\"@graph\":[{\"@type\":\"WebPage\",\"@id\":\"https:\/\/chimiver.com\/es\/producto\/lios-bioil-2k-ab\/\",\"url\":\"https:\/\/chimiver.com\/es\/producto\/lios-bioil-2k-ab\/\",\"name\":\"Aceite para pisos de madera - LIOS BIOIL 2K (A+B)\",\"isPartOf\":{\"@id\":\"https:\/\/chimiver.com\/es\/#website\"},\"primaryImageOfPage\":{\"@id\":\"https:\/\/chimiver.com\/es\/producto\/lios-bioil-2k-ab\/#primaryimage\"},\"image\":{\"@id\":\"https:\/\/chimiver.com\/es\/producto\/lios-bioil-2k-ab\/#primaryimage\"},\"thumbnailUrl\":\"https:\/\/chimiver.com\/wp-content\/uploads\/2022\/01\/44_3433f.jpg\",\"datePublished\":\"2022-01-21T11:15:09+00:00\",\"dateModified\":\"2025-08-21T07:05:55+00:00\",\"description\":\"Descubra LIOS BIOIL 2K (A+B) . Tratamiento de dos componentes a base de aceites naturales para pavimentos de madera.\",\"breadcrumb\":{\"@id\":\"https:\/\/chimiver.com\/es\/producto\/lios-bioil-2k-ab\/#breadcrumb\"},\"inLanguage\":\"es\",\"potentialAction\":[{\"@type\":\"ReadAction\",\"target\":[\"https:\/\/chimiver.com\/es\/producto\/lios-bioil-2k-ab\/\"]}]},{\"@type\":\"ImageObject\",\"inLanguage\":\"es\",\"@id\":\"https:\/\/chimiver.com\/es\/producto\/lios-bioil-2k-ab\/#primaryimage\",\"url\":\"https:\/\/chimiver.com\/wp-content\/uploads\/2022\/01\/44_3433f.jpg\",\"contentUrl\":\"https:\/\/chimiver.com\/wp-content\/uploads\/2022\/01\/44_3433f.jpg\",\"width\":640,\"height\":640,\"caption\":\"LIOS Bioil 2K_A&B\"},{\"@type\":\"BreadcrumbList\",\"@id\":\"https:\/\/chimiver.com\/es\/producto\/lios-bioil-2k-ab\/#breadcrumb\",\"itemListElement\":[{\"@type\":\"ListItem\",\"position\":1,\"name\":\"Home\",\"item\":\"https:\/\/chimiver.com\/es\/\"},{\"@type\":\"ListItem\",\"position\":2,\"name\":\"Shop\",\"item\":\"https:\/\/chimiver.com\/?page_id=10\"},{\"@type\":\"ListItem\",\"position\":3,\"name\":\"LIOS BIOIL 2K (A+B)\"}]},{\"@type\":\"WebSite\",\"@id\":\"https:\/\/chimiver.com\/es\/#website\",\"url\":\"https:\/\/chimiver.com\/es\/\",\"name\":\"Chimiver, Your floors partner\",\"description\":\"Su partner de pisos\",\"publisher\":{\"@id\":\"https:\/\/chimiver.com\/es\/#organization\"},\"alternateName\":\"Chimiver\",\"potentialAction\":[{\"@type\":\"SearchAction\",\"target\":{\"@type\":\"EntryPoint\",\"urlTemplate\":\"https:\/\/chimiver.com\/es\/?s={search_term_string}\"},\"query-input\":{\"@type\":\"PropertyValueSpecification\",\"valueRequired\":true,\"valueName\":\"search_term_string\"}}],\"inLanguage\":\"es\"},{\"@type\":\"Organization\",\"@id\":\"https:\/\/chimiver.com\/es\/#organization\",\"name\":\"Chimiver\",\"url\":\"https:\/\/chimiver.com\/es\/\",\"logo\":{\"@type\":\"ImageObject\",\"inLanguage\":\"es\",\"@id\":\"https:\/\/chimiver.com\/es\/#\/schema\/logo\/image\/\",\"url\":\"https:\/\/chimiver.com\/wp-content\/uploads\/2022\/06\/Chimiver_500x500.jpg\",\"contentUrl\":\"https:\/\/chimiver.com\/wp-content\/uploads\/2022\/06\/Chimiver_500x500.jpg\",\"width\":500,\"height\":500,\"caption\":\"Chimiver\"},\"image\":{\"@id\":\"https:\/\/chimiver.com\/es\/#\/schema\/logo\/image\/\"},\"sameAs\":[\"https:\/\/www.facebook.com\/chimiver\"]}]}<\/script>\n<!-- \/ Yoast SEO plugin. -->","yoast_head_json":{"title":"Aceite para pisos de madera - LIOS BIOIL 2K (A+B)","description":"Descubra LIOS BIOIL 2K (A+B) . Tratamiento de dos componentes a base de aceites naturales para pavimentos de madera.","robots":{"index":"index","follow":"follow","max-snippet":"max-snippet:-1","max-image-preview":"max-image-preview:large","max-video-preview":"max-video-preview:-1"},"canonical":"https:\/\/chimiver.com\/es\/producto\/lios-bioil-2k-ab\/","og_locale":"es_ES","og_type":"article","og_title":"Aceite para pisos de madera - LIOS BIOIL 2K (A+B)","og_description":"Descubra LIOS BIOIL 2K (A+B) . Tratamiento de dos componentes a base de aceites naturales para pavimentos de madera.","og_url":"https:\/\/chimiver.com\/es\/producto\/lios-bioil-2k-ab\/","og_site_name":"Chimiver","article_publisher":"https:\/\/www.facebook.com\/chimiver","article_modified_time":"2025-08-21T07:05:55+00:00","og_image":[{"width":640,"height":640,"url":"https:\/\/chimiver.com\/wp-content\/uploads\/2022\/01\/44_3433f.jpg","type":"image\/jpeg"}],"twitter_card":"summary_large_image","twitter_misc":{"Tiempo de lectura":"1 minuto"},"schema":{"@context":"https:\/\/schema.org","@graph":[{"@type":"WebPage","@id":"https:\/\/chimiver.com\/es\/producto\/lios-bioil-2k-ab\/","url":"https:\/\/chimiver.com\/es\/producto\/lios-bioil-2k-ab\/","name":"Aceite para pisos de madera - LIOS BIOIL 2K (A+B)","isPartOf":{"@id":"https:\/\/chimiver.com\/es\/#website"},"primaryImageOfPage":{"@id":"https:\/\/chimiver.com\/es\/producto\/lios-bioil-2k-ab\/#primaryimage"},"image":{"@id":"https:\/\/chimiver.com\/es\/producto\/lios-bioil-2k-ab\/#primaryimage"},"thumbnailUrl":"https:\/\/chimiver.com\/wp-content\/uploads\/2022\/01\/44_3433f.jpg","datePublished":"2022-01-21T11:15:09+00:00","dateModified":"2025-08-21T07:05:55+00:00","description":"Descubra LIOS BIOIL 2K (A+B) . Tratamiento de dos componentes a base de aceites naturales para pavimentos de madera.","breadcrumb":{"@id":"https:\/\/chimiver.com\/es\/producto\/lios-bioil-2k-ab\/#breadcrumb"},"inLanguage":"es","potentialAction":[{"@type":"ReadAction","target":["https:\/\/chimiver.com\/es\/producto\/lios-bioil-2k-ab\/"]}]},{"@type":"ImageObject","inLanguage":"es","@id":"https:\/\/chimiver.com\/es\/producto\/lios-bioil-2k-ab\/#primaryimage","url":"https:\/\/chimiver.com\/wp-content\/uploads\/2022\/01\/44_3433f.jpg","contentUrl":"https:\/\/chimiver.com\/wp-content\/uploads\/2022\/01\/44_3433f.jpg","width":640,"height":640,"caption":"LIOS Bioil 2K_A&B"},{"@type":"BreadcrumbList","@id":"https:\/\/chimiver.com\/es\/producto\/lios-bioil-2k-ab\/#breadcrumb","itemListElement":[{"@type":"ListItem","position":1,"name":"Home","item":"https:\/\/chimiver.com\/es\/"},{"@type":"ListItem","position":2,"name":"Shop","item":"https:\/\/chimiver.com\/?page_id=10"},{"@type":"ListItem","position":3,"name":"LIOS BIOIL 2K (A+B)"}]},{"@type":"WebSite","@id":"https:\/\/chimiver.com\/es\/#website","url":"https:\/\/chimiver.com\/es\/","name":"Chimiver, Your floors partner","description":"Su partner de pisos","publisher":{"@id":"https:\/\/chimiver.com\/es\/#organization"},"alternateName":"Chimiver","potentialAction":[{"@type":"SearchAction","target":{"@type":"EntryPoint","urlTemplate":"https:\/\/chimiver.com\/es\/?s={search_term_string}"},"query-input":{"@type":"PropertyValueSpecification","valueRequired":true,"valueName":"search_term_string"}}],"inLanguage":"es"},{"@type":"Organization","@id":"https:\/\/chimiver.com\/es\/#organization","name":"Chimiver","url":"https:\/\/chimiver.com\/es\/","logo":{"@type":"ImageObject","inLanguage":"es","@id":"https:\/\/chimiver.com\/es\/#\/schema\/logo\/image\/","url":"https:\/\/chimiver.com\/wp-content\/uploads\/2022\/06\/Chimiver_500x500.jpg","contentUrl":"https:\/\/chimiver.com\/wp-content\/uploads\/2022\/06\/Chimiver_500x500.jpg","width":500,"height":500,"caption":"Chimiver"},"image":{"@id":"https:\/\/chimiver.com\/es\/#\/schema\/logo\/image\/"},"sameAs":["https:\/\/www.facebook.com\/chimiver"]}]}},"_links":{"self":[{"href":"https:\/\/chimiver.com\/es\/wp-json\/wp\/v2\/product\/6409","targetHints":{"allow":["GET"]}}],"collection":[{"href":"https:\/\/chimiver.com\/es\/wp-json\/wp\/v2\/product"}],"about":[{"href":"https:\/\/chimiver.com\/es\/wp-json\/wp\/v2\/types\/product"}],"replies":[{"embeddable":true,"href":"https:\/\/chimiver.com\/es\/wp-json\/wp\/v2\/comments?post=6409"}],"wp:featuredmedia":[{"embeddable":true,"href":"https:\/\/chimiver.com\/es\/wp-json\/wp\/v2\/media\/4499"}],"wp:attachment":[{"href":"https:\/\/chimiver.com\/es\/wp-json\/wp\/v2\/media?parent=6409"}],"wp:term":[{"taxonomy":"product_brand","embeddable":true,"href":"https:\/\/chimiver.com\/es\/wp-json\/wp\/v2\/product_brand?post=6409"},{"taxonomy":"product_cat","embeddable":true,"href":"https:\/\/chimiver.com\/es\/wp-json\/wp\/v2\/product_cat?post=6409"},{"taxonomy":"product_tag","embeddable":true,"href":"https:\/\/chimiver.com\/es\/wp-json\/wp\/v2\/product_tag?post=6409"}],"curies":[{"name":"wp","href":"https:\/\/api.w.org\/{rel}","templated":true}]}}