{"id":6422,"date":"2022-01-21T12:15:10","date_gmt":"2022-01-21T11:15:10","guid":{"rendered":"https:\/\/chimiver.com\/prodotto\/ecostar-2k-sport-ab\/"},"modified":"2026-03-02T16:52:38","modified_gmt":"2026-03-02T15:52:38","slug":"ecostar-2k-sport-ab","status":"publish","type":"product","link":"https:\/\/chimiver.com\/es\/producto\/ecostar-2k-sport-ab\/","title":{"rendered":"ECOSTAR 2K SPORT (A+B)"},"content":{"rendered":"<p>Barniz poliuret\u00e1nica de dos componentes al agua para superficies deportivas. Presenta todas las caracter\u00edsticas de ECOSTAR 2K est\u00e1ndar con la ventaja de ser formulada para responder a los m\u00e1s elevados est\u00e1ndares antideslizante de los pisos de madera de los centros deportivos. Dureza, distensi\u00f3n, dilataci\u00f3n, resistencias qu\u00edmicas y resistencias mec\u00e1nicas colocan ECOSTAR 2K SPORT en el m\u00e1ximo de la calidad de la gama. Es recomendada y certificada por la Federaci\u00f3n Internacional de Baloncesto (FIBA Approved Equipment).<\/p>\n","protected":false},"excerpt":{"rendered":"Barniz poliuret\u00e1nica de dos componentes al agua para superficies deportivas","protected":false},"featured_media":4501,"comment_status":"open","ping_status":"closed","template":"","meta":{"_acf_changed":false,"inline_featured_image":false},"product_brand":[],"product_cat":[423,425,437],"product_tag":[],"class_list":{"0":"post-6422","1":"product","2":"type-product","3":"status-publish","4":"has-post-thumbnail","6":"product_cat-profesionales","7":"product_cat-pisos-de-madera","8":"product_cat-sistema-deportivo","10":"first","11":"instock","12":"shipping-taxable","13":"product-type-simple","14":"add-to-wishlist-after_add_to_cart"},"acf":[],"yoast_head":"<!-- This site is optimized with the Yoast SEO plugin v26.2 - https:\/\/yoast.com\/wordpress\/plugins\/seo\/ -->\n<title>Barniz para superficies deportivas- ECOSTAR 2K SPORT (A+B)<\/title>\n<meta name=\"description\" content=\"Descubre ECOSTAR 2K SPORT (A+B) . Barniz poliuret\u00e1nica de dos componentes al agua para superficies deportivas (FIBA Approved Equipment).\" \/>\n<meta name=\"robots\" content=\"index, follow, max-snippet:-1, max-image-preview:large, max-video-preview:-1\" \/>\n<link rel=\"canonical\" href=\"https:\/\/chimiver.com\/es\/producto\/ecostar-2k-sport-ab\/\" \/>\n<meta property=\"og:locale\" content=\"es_ES\" \/>\n<meta property=\"og:type\" content=\"article\" \/>\n<meta property=\"og:title\" content=\"Barniz para superficies deportivas- ECOSTAR 2K SPORT (A+B)\" \/>\n<meta property=\"og:description\" content=\"Descubre ECOSTAR 2K SPORT (A+B) . Barniz poliuret\u00e1nica de dos componentes al agua para superficies deportivas (FIBA Approved Equipment).\" \/>\n<meta property=\"og:url\" content=\"https:\/\/chimiver.com\/es\/producto\/ecostar-2k-sport-ab\/\" \/>\n<meta property=\"og:site_name\" content=\"Chimiver\" \/>\n<meta property=\"article:publisher\" content=\"https:\/\/www.facebook.com\/chimiver\" \/>\n<meta property=\"article:modified_time\" content=\"2026-03-02T15:52:38+00:00\" \/>\n<meta property=\"og:image\" content=\"https:\/\/chimiver.com\/wp-content\/uploads\/2022\/01\/ECOSTAR-2K-SPORT-1.jpg\" \/>\n\t<meta property=\"og:image:width\" content=\"640\" \/>\n\t<meta property=\"og:image:height\" content=\"640\" \/>\n\t<meta property=\"og:image:type\" content=\"image\/jpeg\" \/>\n<meta name=\"twitter:card\" content=\"summary_large_image\" \/>\n<meta name=\"twitter:label1\" content=\"Tiempo de lectura\" \/>\n\t<meta name=\"twitter:data1\" content=\"1 minuto\" \/>\n<script type=\"application\/ld+json\" class=\"yoast-schema-graph\">{\"@context\":\"https:\/\/schema.org\",\"@graph\":[{\"@type\":\"WebPage\",\"@id\":\"https:\/\/chimiver.com\/es\/producto\/ecostar-2k-sport-ab\/\",\"url\":\"https:\/\/chimiver.com\/es\/producto\/ecostar-2k-sport-ab\/\",\"name\":\"Barniz para superficies deportivas- ECOSTAR 2K SPORT (A+B)\",\"isPartOf\":{\"@id\":\"https:\/\/chimiver.com\/es\/#website\"},\"primaryImageOfPage\":{\"@id\":\"https:\/\/chimiver.com\/es\/producto\/ecostar-2k-sport-ab\/#primaryimage\"},\"image\":{\"@id\":\"https:\/\/chimiver.com\/es\/producto\/ecostar-2k-sport-ab\/#primaryimage\"},\"thumbnailUrl\":\"https:\/\/chimiver.com\/wp-content\/uploads\/2022\/01\/ECOSTAR-2K-SPORT-1.jpg\",\"datePublished\":\"2022-01-21T11:15:10+00:00\",\"dateModified\":\"2026-03-02T15:52:38+00:00\",\"description\":\"Descubre ECOSTAR 2K SPORT (A+B) . Barniz poliuret\u00e1nica de dos componentes al agua para superficies deportivas (FIBA Approved Equipment).\",\"breadcrumb\":{\"@id\":\"https:\/\/chimiver.com\/es\/producto\/ecostar-2k-sport-ab\/#breadcrumb\"},\"inLanguage\":\"es\",\"potentialAction\":[{\"@type\":\"ReadAction\",\"target\":[\"https:\/\/chimiver.com\/es\/producto\/ecostar-2k-sport-ab\/\"]}]},{\"@type\":\"ImageObject\",\"inLanguage\":\"es\",\"@id\":\"https:\/\/chimiver.com\/es\/producto\/ecostar-2k-sport-ab\/#primaryimage\",\"url\":\"https:\/\/chimiver.com\/wp-content\/uploads\/2022\/01\/ECOSTAR-2K-SPORT-1.jpg\",\"contentUrl\":\"https:\/\/chimiver.com\/wp-content\/uploads\/2022\/01\/ECOSTAR-2K-SPORT-1.jpg\",\"width\":640,\"height\":640,\"caption\":\"Ecostar_2K_Sport_Vernice_Bicomponente_All'acqua_Pavimentazioni_Sportive_Legno\"},{\"@type\":\"BreadcrumbList\",\"@id\":\"https:\/\/chimiver.com\/es\/producto\/ecostar-2k-sport-ab\/#breadcrumb\",\"itemListElement\":[{\"@type\":\"ListItem\",\"position\":1,\"name\":\"Home\",\"item\":\"https:\/\/chimiver.com\/es\/\"},{\"@type\":\"ListItem\",\"position\":2,\"name\":\"Shop\",\"item\":\"https:\/\/chimiver.com\/?page_id=10\"},{\"@type\":\"ListItem\",\"position\":3,\"name\":\"ECOSTAR 2K SPORT (A+B)\"}]},{\"@type\":\"WebSite\",\"@id\":\"https:\/\/chimiver.com\/es\/#website\",\"url\":\"https:\/\/chimiver.com\/es\/\",\"name\":\"Chimiver, Your floors partner\",\"description\":\"Su partner de pisos\",\"publisher\":{\"@id\":\"https:\/\/chimiver.com\/es\/#organization\"},\"alternateName\":\"Chimiver\",\"potentialAction\":[{\"@type\":\"SearchAction\",\"target\":{\"@type\":\"EntryPoint\",\"urlTemplate\":\"https:\/\/chimiver.com\/es\/?s={search_term_string}\"},\"query-input\":{\"@type\":\"PropertyValueSpecification\",\"valueRequired\":true,\"valueName\":\"search_term_string\"}}],\"inLanguage\":\"es\"},{\"@type\":\"Organization\",\"@id\":\"https:\/\/chimiver.com\/es\/#organization\",\"name\":\"Chimiver\",\"url\":\"https:\/\/chimiver.com\/es\/\",\"logo\":{\"@type\":\"ImageObject\",\"inLanguage\":\"es\",\"@id\":\"https:\/\/chimiver.com\/es\/#\/schema\/logo\/image\/\",\"url\":\"https:\/\/chimiver.com\/wp-content\/uploads\/2022\/06\/Chimiver_500x500.jpg\",\"contentUrl\":\"https:\/\/chimiver.com\/wp-content\/uploads\/2022\/06\/Chimiver_500x500.jpg\",\"width\":500,\"height\":500,\"caption\":\"Chimiver\"},\"image\":{\"@id\":\"https:\/\/chimiver.com\/es\/#\/schema\/logo\/image\/\"},\"sameAs\":[\"https:\/\/www.facebook.com\/chimiver\"]}]}<\/script>\n<!-- \/ Yoast SEO plugin. -->","yoast_head_json":{"title":"Barniz para superficies deportivas- ECOSTAR 2K SPORT (A+B)","description":"Descubre ECOSTAR 2K SPORT (A+B) . Barniz poliuret\u00e1nica de dos componentes al agua para superficies deportivas (FIBA Approved Equipment).","robots":{"index":"index","follow":"follow","max-snippet":"max-snippet:-1","max-image-preview":"max-image-preview:large","max-video-preview":"max-video-preview:-1"},"canonical":"https:\/\/chimiver.com\/es\/producto\/ecostar-2k-sport-ab\/","og_locale":"es_ES","og_type":"article","og_title":"Barniz para superficies deportivas- ECOSTAR 2K SPORT (A+B)","og_description":"Descubre ECOSTAR 2K SPORT (A+B) . Barniz poliuret\u00e1nica de dos componentes al agua para superficies deportivas (FIBA Approved Equipment).","og_url":"https:\/\/chimiver.com\/es\/producto\/ecostar-2k-sport-ab\/","og_site_name":"Chimiver","article_publisher":"https:\/\/www.facebook.com\/chimiver","article_modified_time":"2026-03-02T15:52:38+00:00","og_image":[{"width":640,"height":640,"url":"https:\/\/chimiver.com\/wp-content\/uploads\/2022\/01\/ECOSTAR-2K-SPORT-1.jpg","type":"image\/jpeg"}],"twitter_card":"summary_large_image","twitter_misc":{"Tiempo de lectura":"1 minuto"},"schema":{"@context":"https:\/\/schema.org","@graph":[{"@type":"WebPage","@id":"https:\/\/chimiver.com\/es\/producto\/ecostar-2k-sport-ab\/","url":"https:\/\/chimiver.com\/es\/producto\/ecostar-2k-sport-ab\/","name":"Barniz para superficies deportivas- ECOSTAR 2K SPORT (A+B)","isPartOf":{"@id":"https:\/\/chimiver.com\/es\/#website"},"primaryImageOfPage":{"@id":"https:\/\/chimiver.com\/es\/producto\/ecostar-2k-sport-ab\/#primaryimage"},"image":{"@id":"https:\/\/chimiver.com\/es\/producto\/ecostar-2k-sport-ab\/#primaryimage"},"thumbnailUrl":"https:\/\/chimiver.com\/wp-content\/uploads\/2022\/01\/ECOSTAR-2K-SPORT-1.jpg","datePublished":"2022-01-21T11:15:10+00:00","dateModified":"2026-03-02T15:52:38+00:00","description":"Descubre ECOSTAR 2K SPORT (A+B) . Barniz poliuret\u00e1nica de dos componentes al agua para superficies deportivas (FIBA Approved Equipment).","breadcrumb":{"@id":"https:\/\/chimiver.com\/es\/producto\/ecostar-2k-sport-ab\/#breadcrumb"},"inLanguage":"es","potentialAction":[{"@type":"ReadAction","target":["https:\/\/chimiver.com\/es\/producto\/ecostar-2k-sport-ab\/"]}]},{"@type":"ImageObject","inLanguage":"es","@id":"https:\/\/chimiver.com\/es\/producto\/ecostar-2k-sport-ab\/#primaryimage","url":"https:\/\/chimiver.com\/wp-content\/uploads\/2022\/01\/ECOSTAR-2K-SPORT-1.jpg","contentUrl":"https:\/\/chimiver.com\/wp-content\/uploads\/2022\/01\/ECOSTAR-2K-SPORT-1.jpg","width":640,"height":640,"caption":"Ecostar_2K_Sport_Vernice_Bicomponente_All'acqua_Pavimentazioni_Sportive_Legno"},{"@type":"BreadcrumbList","@id":"https:\/\/chimiver.com\/es\/producto\/ecostar-2k-sport-ab\/#breadcrumb","itemListElement":[{"@type":"ListItem","position":1,"name":"Home","item":"https:\/\/chimiver.com\/es\/"},{"@type":"ListItem","position":2,"name":"Shop","item":"https:\/\/chimiver.com\/?page_id=10"},{"@type":"ListItem","position":3,"name":"ECOSTAR 2K SPORT (A+B)"}]},{"@type":"WebSite","@id":"https:\/\/chimiver.com\/es\/#website","url":"https:\/\/chimiver.com\/es\/","name":"Chimiver, Your floors partner","description":"Su partner de pisos","publisher":{"@id":"https:\/\/chimiver.com\/es\/#organization"},"alternateName":"Chimiver","potentialAction":[{"@type":"SearchAction","target":{"@type":"EntryPoint","urlTemplate":"https:\/\/chimiver.com\/es\/?s={search_term_string}"},"query-input":{"@type":"PropertyValueSpecification","valueRequired":true,"valueName":"search_term_string"}}],"inLanguage":"es"},{"@type":"Organization","@id":"https:\/\/chimiver.com\/es\/#organization","name":"Chimiver","url":"https:\/\/chimiver.com\/es\/","logo":{"@type":"ImageObject","inLanguage":"es","@id":"https:\/\/chimiver.com\/es\/#\/schema\/logo\/image\/","url":"https:\/\/chimiver.com\/wp-content\/uploads\/2022\/06\/Chimiver_500x500.jpg","contentUrl":"https:\/\/chimiver.com\/wp-content\/uploads\/2022\/06\/Chimiver_500x500.jpg","width":500,"height":500,"caption":"Chimiver"},"image":{"@id":"https:\/\/chimiver.com\/es\/#\/schema\/logo\/image\/"},"sameAs":["https:\/\/www.facebook.com\/chimiver"]}]}},"_links":{"self":[{"href":"https:\/\/chimiver.com\/es\/wp-json\/wp\/v2\/product\/6422","targetHints":{"allow":["GET"]}}],"collection":[{"href":"https:\/\/chimiver.com\/es\/wp-json\/wp\/v2\/product"}],"about":[{"href":"https:\/\/chimiver.com\/es\/wp-json\/wp\/v2\/types\/product"}],"replies":[{"embeddable":true,"href":"https:\/\/chimiver.com\/es\/wp-json\/wp\/v2\/comments?post=6422"}],"wp:featuredmedia":[{"embeddable":true,"href":"https:\/\/chimiver.com\/es\/wp-json\/wp\/v2\/media\/4501"}],"wp:attachment":[{"href":"https:\/\/chimiver.com\/es\/wp-json\/wp\/v2\/media?parent=6422"}],"wp:term":[{"taxonomy":"product_brand","embeddable":true,"href":"https:\/\/chimiver.com\/es\/wp-json\/wp\/v2\/product_brand?post=6422"},{"taxonomy":"product_cat","embeddable":true,"href":"https:\/\/chimiver.com\/es\/wp-json\/wp\/v2\/product_cat?post=6422"},{"taxonomy":"product_tag","embeddable":true,"href":"https:\/\/chimiver.com\/es\/wp-json\/wp\/v2\/product_tag?post=6422"}],"curies":[{"name":"wp","href":"https:\/\/api.w.org\/{rel}","templated":true}]}}