{"id":6599,"date":"2022-01-21T12:15:18","date_gmt":"2022-01-21T11:15:18","guid":{"rendered":"https:\/\/chimiver.com\/prodotto\/ecostar-2k-hd-per-pavimenti-in-resina-colorata-ab\/"},"modified":"2024-11-06T14:12:56","modified_gmt":"2024-11-06T13:12:56","slug":"ecostar-2k-hd-per-pavimenti-in-resina-colorata-ab","status":"publish","type":"product","link":"https:\/\/chimiver.com\/es\/producto\/ecostar-2k-hd-per-pavimenti-in-resina-colorata-ab\/","title":{"rendered":"ECOSTAR 2K HD per Pavimenti in Resina Colorata (A+B)"},"content":{"rendered":"<p>Barniz de dos componentes al agua aconsejado en todos los hogares y en particular en los edificios p\u00fablicos (estudios m\u00e9dicos, oficinas, etc). Ideal tambi\u00e9n en presencia de animales dom\u00e9sticos. Aplicada sobre superficies de diferente g\u00e9nero realiza un revestimiento liso, transparente, tenaz, que se puede pisar, resistente a la abrasi\u00f3n.<\/p>\n<ul>\n<li><strong>Disponible en coloraciones RAL, NCS y seg\u00fan muestra. <\/strong><\/li>\n<li><strong>Disponible en TIX versiones para colorear y renovar pavimentos de EPDM y SBR situados en el exterior, como por ejemplo zonas infantiles, parques infantiles, pistas de atletismo, etc.<\/strong><\/li>\n<\/ul>\n","protected":false},"excerpt":{"rendered":"Barniz al agua bicomponente colorada para pisos y revestimientos de resina, cemento y microcemento","protected":false},"featured_media":4593,"comment_status":"open","ping_status":"closed","template":"","meta":{"_acf_changed":false,"inline_featured_image":false},"product_brand":[],"product_cat":[423,460,555,556],"product_tag":[],"class_list":{"0":"post-6599","1":"product","2":"type-product","3":"status-publish","4":"has-post-thumbnail","6":"product_cat-profesionales","7":"product_cat-resina-y-microcementos","8":"product_cat-tratar-y-pintar-resina-y-microcementos","9":"product_cat-primer-y-barnices-con-agua","11":"first","12":"instock","13":"shipping-taxable","14":"product-type-simple","15":"add-to-wishlist-after_add_to_cart"},"acf":[],"yoast_head":"<!-- This site is optimized with the Yoast SEO plugin v26.2 - https:\/\/yoast.com\/wordpress\/plugins\/seo\/ -->\n<title>ECOSTAR 2K HD per Pavimenti in Resina Colorata (A+B) - Chimiver Profesionales, RESINA Y MICROCEMENTOS, Tratar y pintar resina y microcementos, Primer y barnices con agua<\/title>\n<meta name=\"description\" content=\"Scopri ECOSTAR 2K HD per Pavimenti in Resina Colorata (A+B) Profesionales, RESINA Y MICROCEMENTOS, Tratar y pintar resina y microcementos, Primer y barnices con agua. Dal 1965 Chimiver \u00e8 leader nel mercato dei prodotti per incollaggio, trattamento e manutenzione dei pavimenti.\" \/>\n<meta name=\"robots\" content=\"index, follow, max-snippet:-1, max-image-preview:large, max-video-preview:-1\" \/>\n<link rel=\"canonical\" href=\"https:\/\/chimiver.com\/es\/producto\/ecostar-2k-hd-per-pavimenti-in-resina-colorata-ab\/\" \/>\n<meta property=\"og:locale\" content=\"es_ES\" \/>\n<meta property=\"og:type\" content=\"article\" \/>\n<meta property=\"og:title\" content=\"ECOSTAR 2K HD per Pavimenti in Resina Colorata (A+B) - Chimiver Profesionales, RESINA Y MICROCEMENTOS, Tratar y pintar resina y microcementos, Primer y barnices con agua\" \/>\n<meta property=\"og:description\" content=\"Scopri ECOSTAR 2K HD per Pavimenti in Resina Colorata (A+B) Profesionales, RESINA Y MICROCEMENTOS, Tratar y pintar resina y microcementos, Primer y barnices con agua. Dal 1965 Chimiver \u00e8 leader nel mercato dei prodotti per incollaggio, trattamento e manutenzione dei pavimenti.\" \/>\n<meta property=\"og:url\" content=\"https:\/\/chimiver.com\/es\/producto\/ecostar-2k-hd-per-pavimenti-in-resina-colorata-ab\/\" \/>\n<meta property=\"og:site_name\" content=\"Chimiver\" \/>\n<meta property=\"article:publisher\" content=\"https:\/\/www.facebook.com\/chimiver\" \/>\n<meta property=\"article:modified_time\" content=\"2024-11-06T13:12:56+00:00\" \/>\n<meta property=\"og:image\" content=\"https:\/\/chimiver.com\/wp-content\/uploads\/2022\/01\/306_143de.jpg\" \/>\n\t<meta property=\"og:image:width\" content=\"640\" \/>\n\t<meta property=\"og:image:height\" content=\"640\" \/>\n\t<meta property=\"og:image:type\" content=\"image\/jpeg\" \/>\n<meta name=\"twitter:card\" content=\"summary_large_image\" \/>\n<meta name=\"twitter:label1\" content=\"Tiempo de lectura\" \/>\n\t<meta name=\"twitter:data1\" content=\"1 minuto\" \/>\n<script type=\"application\/ld+json\" class=\"yoast-schema-graph\">{\"@context\":\"https:\/\/schema.org\",\"@graph\":[{\"@type\":\"WebPage\",\"@id\":\"https:\/\/chimiver.com\/es\/producto\/ecostar-2k-hd-per-pavimenti-in-resina-colorata-ab\/\",\"url\":\"https:\/\/chimiver.com\/es\/producto\/ecostar-2k-hd-per-pavimenti-in-resina-colorata-ab\/\",\"name\":\"ECOSTAR 2K HD per Pavimenti in Resina Colorata (A+B) - Chimiver Profesionales, RESINA Y MICROCEMENTOS, Tratar y pintar resina y microcementos, Primer y barnices con agua\",\"isPartOf\":{\"@id\":\"https:\/\/chimiver.com\/es\/#website\"},\"primaryImageOfPage\":{\"@id\":\"https:\/\/chimiver.com\/es\/producto\/ecostar-2k-hd-per-pavimenti-in-resina-colorata-ab\/#primaryimage\"},\"image\":{\"@id\":\"https:\/\/chimiver.com\/es\/producto\/ecostar-2k-hd-per-pavimenti-in-resina-colorata-ab\/#primaryimage\"},\"thumbnailUrl\":\"https:\/\/chimiver.com\/wp-content\/uploads\/2022\/01\/306_143de.jpg\",\"datePublished\":\"2022-01-21T11:15:18+00:00\",\"dateModified\":\"2024-11-06T13:12:56+00:00\",\"description\":\"Scopri ECOSTAR 2K HD per Pavimenti in Resina Colorata (A+B) Profesionales, RESINA Y MICROCEMENTOS, Tratar y pintar resina y microcementos, Primer y barnices con agua. Dal 1965 Chimiver \u00e8 leader nel mercato dei prodotti per incollaggio, trattamento e manutenzione dei pavimenti.\",\"breadcrumb\":{\"@id\":\"https:\/\/chimiver.com\/es\/producto\/ecostar-2k-hd-per-pavimenti-in-resina-colorata-ab\/#breadcrumb\"},\"inLanguage\":\"es\",\"potentialAction\":[{\"@type\":\"ReadAction\",\"target\":[\"https:\/\/chimiver.com\/es\/producto\/ecostar-2k-hd-per-pavimenti-in-resina-colorata-ab\/\"]}]},{\"@type\":\"ImageObject\",\"inLanguage\":\"es\",\"@id\":\"https:\/\/chimiver.com\/es\/producto\/ecostar-2k-hd-per-pavimenti-in-resina-colorata-ab\/#primaryimage\",\"url\":\"https:\/\/chimiver.com\/wp-content\/uploads\/2022\/01\/306_143de.jpg\",\"contentUrl\":\"https:\/\/chimiver.com\/wp-content\/uploads\/2022\/01\/306_143de.jpg\",\"width\":640,\"height\":640,\"caption\":\"Ecostar 2K HD per Pavimenti in Resina Colorata_A&B\"},{\"@type\":\"BreadcrumbList\",\"@id\":\"https:\/\/chimiver.com\/es\/producto\/ecostar-2k-hd-per-pavimenti-in-resina-colorata-ab\/#breadcrumb\",\"itemListElement\":[{\"@type\":\"ListItem\",\"position\":1,\"name\":\"Home\",\"item\":\"https:\/\/chimiver.com\/es\/\"},{\"@type\":\"ListItem\",\"position\":2,\"name\":\"Shop\",\"item\":\"https:\/\/chimiver.com\/?page_id=10\"},{\"@type\":\"ListItem\",\"position\":3,\"name\":\"ECOSTAR 2K HD per Pavimenti in Resina Colorata (A+B)\"}]},{\"@type\":\"WebSite\",\"@id\":\"https:\/\/chimiver.com\/es\/#website\",\"url\":\"https:\/\/chimiver.com\/es\/\",\"name\":\"Chimiver, Your floors partner\",\"description\":\"Su partner de pisos\",\"publisher\":{\"@id\":\"https:\/\/chimiver.com\/es\/#organization\"},\"alternateName\":\"Chimiver\",\"potentialAction\":[{\"@type\":\"SearchAction\",\"target\":{\"@type\":\"EntryPoint\",\"urlTemplate\":\"https:\/\/chimiver.com\/es\/?s={search_term_string}\"},\"query-input\":{\"@type\":\"PropertyValueSpecification\",\"valueRequired\":true,\"valueName\":\"search_term_string\"}}],\"inLanguage\":\"es\"},{\"@type\":\"Organization\",\"@id\":\"https:\/\/chimiver.com\/es\/#organization\",\"name\":\"Chimiver\",\"url\":\"https:\/\/chimiver.com\/es\/\",\"logo\":{\"@type\":\"ImageObject\",\"inLanguage\":\"es\",\"@id\":\"https:\/\/chimiver.com\/es\/#\/schema\/logo\/image\/\",\"url\":\"https:\/\/chimiver.com\/wp-content\/uploads\/2022\/06\/Chimiver_500x500.jpg\",\"contentUrl\":\"https:\/\/chimiver.com\/wp-content\/uploads\/2022\/06\/Chimiver_500x500.jpg\",\"width\":500,\"height\":500,\"caption\":\"Chimiver\"},\"image\":{\"@id\":\"https:\/\/chimiver.com\/es\/#\/schema\/logo\/image\/\"},\"sameAs\":[\"https:\/\/www.facebook.com\/chimiver\"]}]}<\/script>\n<!-- \/ Yoast SEO plugin. -->","yoast_head_json":{"title":"ECOSTAR 2K HD per Pavimenti in Resina Colorata (A+B) - Chimiver Profesionales, RESINA Y MICROCEMENTOS, Tratar y pintar resina y microcementos, Primer y barnices con agua","description":"Scopri ECOSTAR 2K HD per Pavimenti in Resina Colorata (A+B) Profesionales, RESINA Y MICROCEMENTOS, Tratar y pintar resina y microcementos, Primer y barnices con agua. Dal 1965 Chimiver \u00e8 leader nel mercato dei prodotti per incollaggio, trattamento e manutenzione dei pavimenti.","robots":{"index":"index","follow":"follow","max-snippet":"max-snippet:-1","max-image-preview":"max-image-preview:large","max-video-preview":"max-video-preview:-1"},"canonical":"https:\/\/chimiver.com\/es\/producto\/ecostar-2k-hd-per-pavimenti-in-resina-colorata-ab\/","og_locale":"es_ES","og_type":"article","og_title":"ECOSTAR 2K HD per Pavimenti in Resina Colorata (A+B) - Chimiver Profesionales, RESINA Y MICROCEMENTOS, Tratar y pintar resina y microcementos, Primer y barnices con agua","og_description":"Scopri ECOSTAR 2K HD per Pavimenti in Resina Colorata (A+B) Profesionales, RESINA Y MICROCEMENTOS, Tratar y pintar resina y microcementos, Primer y barnices con agua. Dal 1965 Chimiver \u00e8 leader nel mercato dei prodotti per incollaggio, trattamento e manutenzione dei pavimenti.","og_url":"https:\/\/chimiver.com\/es\/producto\/ecostar-2k-hd-per-pavimenti-in-resina-colorata-ab\/","og_site_name":"Chimiver","article_publisher":"https:\/\/www.facebook.com\/chimiver","article_modified_time":"2024-11-06T13:12:56+00:00","og_image":[{"width":640,"height":640,"url":"https:\/\/chimiver.com\/wp-content\/uploads\/2022\/01\/306_143de.jpg","type":"image\/jpeg"}],"twitter_card":"summary_large_image","twitter_misc":{"Tiempo de lectura":"1 minuto"},"schema":{"@context":"https:\/\/schema.org","@graph":[{"@type":"WebPage","@id":"https:\/\/chimiver.com\/es\/producto\/ecostar-2k-hd-per-pavimenti-in-resina-colorata-ab\/","url":"https:\/\/chimiver.com\/es\/producto\/ecostar-2k-hd-per-pavimenti-in-resina-colorata-ab\/","name":"ECOSTAR 2K HD per Pavimenti in Resina Colorata (A+B) - Chimiver Profesionales, RESINA Y MICROCEMENTOS, Tratar y pintar resina y microcementos, Primer y barnices con agua","isPartOf":{"@id":"https:\/\/chimiver.com\/es\/#website"},"primaryImageOfPage":{"@id":"https:\/\/chimiver.com\/es\/producto\/ecostar-2k-hd-per-pavimenti-in-resina-colorata-ab\/#primaryimage"},"image":{"@id":"https:\/\/chimiver.com\/es\/producto\/ecostar-2k-hd-per-pavimenti-in-resina-colorata-ab\/#primaryimage"},"thumbnailUrl":"https:\/\/chimiver.com\/wp-content\/uploads\/2022\/01\/306_143de.jpg","datePublished":"2022-01-21T11:15:18+00:00","dateModified":"2024-11-06T13:12:56+00:00","description":"Scopri ECOSTAR 2K HD per Pavimenti in Resina Colorata (A+B) Profesionales, RESINA Y MICROCEMENTOS, Tratar y pintar resina y microcementos, Primer y barnices con agua. Dal 1965 Chimiver \u00e8 leader nel mercato dei prodotti per incollaggio, trattamento e manutenzione dei pavimenti.","breadcrumb":{"@id":"https:\/\/chimiver.com\/es\/producto\/ecostar-2k-hd-per-pavimenti-in-resina-colorata-ab\/#breadcrumb"},"inLanguage":"es","potentialAction":[{"@type":"ReadAction","target":["https:\/\/chimiver.com\/es\/producto\/ecostar-2k-hd-per-pavimenti-in-resina-colorata-ab\/"]}]},{"@type":"ImageObject","inLanguage":"es","@id":"https:\/\/chimiver.com\/es\/producto\/ecostar-2k-hd-per-pavimenti-in-resina-colorata-ab\/#primaryimage","url":"https:\/\/chimiver.com\/wp-content\/uploads\/2022\/01\/306_143de.jpg","contentUrl":"https:\/\/chimiver.com\/wp-content\/uploads\/2022\/01\/306_143de.jpg","width":640,"height":640,"caption":"Ecostar 2K HD per Pavimenti in Resina Colorata_A&B"},{"@type":"BreadcrumbList","@id":"https:\/\/chimiver.com\/es\/producto\/ecostar-2k-hd-per-pavimenti-in-resina-colorata-ab\/#breadcrumb","itemListElement":[{"@type":"ListItem","position":1,"name":"Home","item":"https:\/\/chimiver.com\/es\/"},{"@type":"ListItem","position":2,"name":"Shop","item":"https:\/\/chimiver.com\/?page_id=10"},{"@type":"ListItem","position":3,"name":"ECOSTAR 2K HD per Pavimenti in Resina Colorata (A+B)"}]},{"@type":"WebSite","@id":"https:\/\/chimiver.com\/es\/#website","url":"https:\/\/chimiver.com\/es\/","name":"Chimiver, Your floors partner","description":"Su partner de pisos","publisher":{"@id":"https:\/\/chimiver.com\/es\/#organization"},"alternateName":"Chimiver","potentialAction":[{"@type":"SearchAction","target":{"@type":"EntryPoint","urlTemplate":"https:\/\/chimiver.com\/es\/?s={search_term_string}"},"query-input":{"@type":"PropertyValueSpecification","valueRequired":true,"valueName":"search_term_string"}}],"inLanguage":"es"},{"@type":"Organization","@id":"https:\/\/chimiver.com\/es\/#organization","name":"Chimiver","url":"https:\/\/chimiver.com\/es\/","logo":{"@type":"ImageObject","inLanguage":"es","@id":"https:\/\/chimiver.com\/es\/#\/schema\/logo\/image\/","url":"https:\/\/chimiver.com\/wp-content\/uploads\/2022\/06\/Chimiver_500x500.jpg","contentUrl":"https:\/\/chimiver.com\/wp-content\/uploads\/2022\/06\/Chimiver_500x500.jpg","width":500,"height":500,"caption":"Chimiver"},"image":{"@id":"https:\/\/chimiver.com\/es\/#\/schema\/logo\/image\/"},"sameAs":["https:\/\/www.facebook.com\/chimiver"]}]}},"_links":{"self":[{"href":"https:\/\/chimiver.com\/es\/wp-json\/wp\/v2\/product\/6599","targetHints":{"allow":["GET"]}}],"collection":[{"href":"https:\/\/chimiver.com\/es\/wp-json\/wp\/v2\/product"}],"about":[{"href":"https:\/\/chimiver.com\/es\/wp-json\/wp\/v2\/types\/product"}],"replies":[{"embeddable":true,"href":"https:\/\/chimiver.com\/es\/wp-json\/wp\/v2\/comments?post=6599"}],"wp:featuredmedia":[{"embeddable":true,"href":"https:\/\/chimiver.com\/es\/wp-json\/wp\/v2\/media\/4593"}],"wp:attachment":[{"href":"https:\/\/chimiver.com\/es\/wp-json\/wp\/v2\/media?parent=6599"}],"wp:term":[{"taxonomy":"product_brand","embeddable":true,"href":"https:\/\/chimiver.com\/es\/wp-json\/wp\/v2\/product_brand?post=6599"},{"taxonomy":"product_cat","embeddable":true,"href":"https:\/\/chimiver.com\/es\/wp-json\/wp\/v2\/product_cat?post=6599"},{"taxonomy":"product_tag","embeddable":true,"href":"https:\/\/chimiver.com\/es\/wp-json\/wp\/v2\/product_tag?post=6599"}],"curies":[{"name":"wp","href":"https:\/\/api.w.org\/{rel}","templated":true}]}}