{"id":6700,"date":"2022-01-21T12:14:13","date_gmt":"2022-01-21T11:14:13","guid":{"rendered":"https:\/\/chimiver.com\/prodotto\/prymer-epox-wett-abc\/"},"modified":"2023-01-05T10:36:58","modified_gmt":"2023-01-05T09:36:58","slug":"prymer-epox-wett-abc","status":"publish","type":"product","link":"https:\/\/chimiver.com\/es\/producto\/prymer-epox-wett-abc\/","title":{"rendered":"PRYMER EPOX WETT (A+B+C)"},"content":{"rendered":"<p>Revestimiento ternario a base de resinas epox\u00eddicas, estudiado especialmente para impermeabilizar las superficies h\u00famedas y frescas no absorbentes con la finalidad de hacerlas adecuadas para la sucesiva colocaci\u00f3n de pavimentos de madera.<\/p>\n","protected":false},"excerpt":{"rendered":"Fondo epox\u00eddico de tres componentes para barriera al vapore sobre substratos no absorbentes","protected":false},"featured_media":4405,"comment_status":"open","ping_status":"closed","template":"","meta":{"_acf_changed":false,"inline_featured_image":false},"product_brand":[],"product_cat":[427,459,462],"product_tag":[],"class_list":{"0":"post-6700","1":"product","2":"type-product","3":"status-publish","4":"has-post-thumbnail","6":"product_cat-sustratos","7":"product_cat-renovar-el-sustrato","8":"product_cat-pisos-de-madera-resilientes-resina","10":"first","11":"instock","12":"shipping-taxable","13":"product-type-simple","14":"add-to-wishlist-after_add_to_cart"},"acf":[],"yoast_head":"<!-- This site is optimized with the Yoast SEO plugin v26.2 - https:\/\/yoast.com\/wordpress\/plugins\/seo\/ -->\n<title>PRYMER EPOX WETT (A+B+C) - Chimiver SUSTRATOS, Renovar el sustrato, Pisos de madera \u2013 Resilientes - Resina<\/title>\n<meta name=\"description\" content=\"Scopri PRYMER EPOX WETT (A+B+C) SUSTRATOS, Renovar el sustrato, Pisos de madera \u2013 Resilientes - Resina. Dal 1965 Chimiver \u00e8 leader nel mercato dei prodotti per incollaggio, trattamento e manutenzione dei pavimenti.\" \/>\n<meta name=\"robots\" content=\"index, follow, max-snippet:-1, max-image-preview:large, max-video-preview:-1\" \/>\n<link rel=\"canonical\" href=\"https:\/\/chimiver.com\/es\/producto\/prymer-epox-wett-abc\/\" \/>\n<meta property=\"og:locale\" content=\"es_ES\" \/>\n<meta property=\"og:type\" content=\"article\" \/>\n<meta property=\"og:title\" content=\"PRYMER EPOX WETT (A+B+C) - Chimiver SUSTRATOS, Renovar el sustrato, Pisos de madera \u2013 Resilientes - Resina\" \/>\n<meta property=\"og:description\" content=\"Scopri PRYMER EPOX WETT (A+B+C) SUSTRATOS, Renovar el sustrato, Pisos de madera \u2013 Resilientes - Resina. Dal 1965 Chimiver \u00e8 leader nel mercato dei prodotti per incollaggio, trattamento e manutenzione dei pavimenti.\" \/>\n<meta property=\"og:url\" content=\"https:\/\/chimiver.com\/es\/producto\/prymer-epox-wett-abc\/\" \/>\n<meta property=\"og:site_name\" content=\"Chimiver\" \/>\n<meta property=\"article:publisher\" content=\"https:\/\/www.facebook.com\/chimiver\" \/>\n<meta property=\"article:modified_time\" content=\"2023-01-05T09:36:58+00:00\" \/>\n<meta property=\"og:image\" content=\"https:\/\/chimiver.com\/wp-content\/uploads\/2022\/01\/105_0d4a9.jpg\" \/>\n\t<meta property=\"og:image:width\" content=\"640\" \/>\n\t<meta property=\"og:image:height\" content=\"640\" \/>\n\t<meta property=\"og:image:type\" content=\"image\/jpeg\" \/>\n<meta name=\"twitter:card\" content=\"summary_large_image\" \/>\n<meta name=\"twitter:label1\" content=\"Tiempo de lectura\" \/>\n\t<meta name=\"twitter:data1\" content=\"1 minuto\" \/>\n<script type=\"application\/ld+json\" class=\"yoast-schema-graph\">{\"@context\":\"https:\/\/schema.org\",\"@graph\":[{\"@type\":\"WebPage\",\"@id\":\"https:\/\/chimiver.com\/es\/producto\/prymer-epox-wett-abc\/\",\"url\":\"https:\/\/chimiver.com\/es\/producto\/prymer-epox-wett-abc\/\",\"name\":\"PRYMER EPOX WETT (A+B+C) - Chimiver SUSTRATOS, Renovar el sustrato, Pisos de madera \u2013 Resilientes - Resina\",\"isPartOf\":{\"@id\":\"https:\/\/chimiver.com\/es\/#website\"},\"primaryImageOfPage\":{\"@id\":\"https:\/\/chimiver.com\/es\/producto\/prymer-epox-wett-abc\/#primaryimage\"},\"image\":{\"@id\":\"https:\/\/chimiver.com\/es\/producto\/prymer-epox-wett-abc\/#primaryimage\"},\"thumbnailUrl\":\"https:\/\/chimiver.com\/wp-content\/uploads\/2022\/01\/105_0d4a9.jpg\",\"datePublished\":\"2022-01-21T11:14:13+00:00\",\"dateModified\":\"2023-01-05T09:36:58+00:00\",\"description\":\"Scopri PRYMER EPOX WETT (A+B+C) SUSTRATOS, Renovar el sustrato, Pisos de madera \u2013 Resilientes - Resina. Dal 1965 Chimiver \u00e8 leader nel mercato dei prodotti per incollaggio, trattamento e manutenzione dei pavimenti.\",\"breadcrumb\":{\"@id\":\"https:\/\/chimiver.com\/es\/producto\/prymer-epox-wett-abc\/#breadcrumb\"},\"inLanguage\":\"es\",\"potentialAction\":[{\"@type\":\"ReadAction\",\"target\":[\"https:\/\/chimiver.com\/es\/producto\/prymer-epox-wett-abc\/\"]}]},{\"@type\":\"ImageObject\",\"inLanguage\":\"es\",\"@id\":\"https:\/\/chimiver.com\/es\/producto\/prymer-epox-wett-abc\/#primaryimage\",\"url\":\"https:\/\/chimiver.com\/wp-content\/uploads\/2022\/01\/105_0d4a9.jpg\",\"contentUrl\":\"https:\/\/chimiver.com\/wp-content\/uploads\/2022\/01\/105_0d4a9.jpg\",\"width\":640,\"height\":640,\"caption\":\"Manutenzione Trattamento Pavimenti_Prodotti Professionali\"},{\"@type\":\"BreadcrumbList\",\"@id\":\"https:\/\/chimiver.com\/es\/producto\/prymer-epox-wett-abc\/#breadcrumb\",\"itemListElement\":[{\"@type\":\"ListItem\",\"position\":1,\"name\":\"Home\",\"item\":\"https:\/\/chimiver.com\/es\/\"},{\"@type\":\"ListItem\",\"position\":2,\"name\":\"Shop\",\"item\":\"https:\/\/chimiver.com\/?page_id=10\"},{\"@type\":\"ListItem\",\"position\":3,\"name\":\"PRYMER EPOX WETT (A+B+C)\"}]},{\"@type\":\"WebSite\",\"@id\":\"https:\/\/chimiver.com\/es\/#website\",\"url\":\"https:\/\/chimiver.com\/es\/\",\"name\":\"Chimiver, Your floors partner\",\"description\":\"Su partner de pisos\",\"publisher\":{\"@id\":\"https:\/\/chimiver.com\/es\/#organization\"},\"alternateName\":\"Chimiver\",\"potentialAction\":[{\"@type\":\"SearchAction\",\"target\":{\"@type\":\"EntryPoint\",\"urlTemplate\":\"https:\/\/chimiver.com\/es\/?s={search_term_string}\"},\"query-input\":{\"@type\":\"PropertyValueSpecification\",\"valueRequired\":true,\"valueName\":\"search_term_string\"}}],\"inLanguage\":\"es\"},{\"@type\":\"Organization\",\"@id\":\"https:\/\/chimiver.com\/es\/#organization\",\"name\":\"Chimiver\",\"url\":\"https:\/\/chimiver.com\/es\/\",\"logo\":{\"@type\":\"ImageObject\",\"inLanguage\":\"es\",\"@id\":\"https:\/\/chimiver.com\/es\/#\/schema\/logo\/image\/\",\"url\":\"https:\/\/chimiver.com\/wp-content\/uploads\/2022\/06\/Chimiver_500x500.jpg\",\"contentUrl\":\"https:\/\/chimiver.com\/wp-content\/uploads\/2022\/06\/Chimiver_500x500.jpg\",\"width\":500,\"height\":500,\"caption\":\"Chimiver\"},\"image\":{\"@id\":\"https:\/\/chimiver.com\/es\/#\/schema\/logo\/image\/\"},\"sameAs\":[\"https:\/\/www.facebook.com\/chimiver\"]}]}<\/script>\n<!-- \/ Yoast SEO plugin. -->","yoast_head_json":{"title":"PRYMER EPOX WETT (A+B+C) - Chimiver SUSTRATOS, Renovar el sustrato, Pisos de madera \u2013 Resilientes - Resina","description":"Scopri PRYMER EPOX WETT (A+B+C) SUSTRATOS, Renovar el sustrato, Pisos de madera \u2013 Resilientes - Resina. Dal 1965 Chimiver \u00e8 leader nel mercato dei prodotti per incollaggio, trattamento e manutenzione dei pavimenti.","robots":{"index":"index","follow":"follow","max-snippet":"max-snippet:-1","max-image-preview":"max-image-preview:large","max-video-preview":"max-video-preview:-1"},"canonical":"https:\/\/chimiver.com\/es\/producto\/prymer-epox-wett-abc\/","og_locale":"es_ES","og_type":"article","og_title":"PRYMER EPOX WETT (A+B+C) - Chimiver SUSTRATOS, Renovar el sustrato, Pisos de madera \u2013 Resilientes - Resina","og_description":"Scopri PRYMER EPOX WETT (A+B+C) SUSTRATOS, Renovar el sustrato, Pisos de madera \u2013 Resilientes - Resina. Dal 1965 Chimiver \u00e8 leader nel mercato dei prodotti per incollaggio, trattamento e manutenzione dei pavimenti.","og_url":"https:\/\/chimiver.com\/es\/producto\/prymer-epox-wett-abc\/","og_site_name":"Chimiver","article_publisher":"https:\/\/www.facebook.com\/chimiver","article_modified_time":"2023-01-05T09:36:58+00:00","og_image":[{"width":640,"height":640,"url":"https:\/\/chimiver.com\/wp-content\/uploads\/2022\/01\/105_0d4a9.jpg","type":"image\/jpeg"}],"twitter_card":"summary_large_image","twitter_misc":{"Tiempo de lectura":"1 minuto"},"schema":{"@context":"https:\/\/schema.org","@graph":[{"@type":"WebPage","@id":"https:\/\/chimiver.com\/es\/producto\/prymer-epox-wett-abc\/","url":"https:\/\/chimiver.com\/es\/producto\/prymer-epox-wett-abc\/","name":"PRYMER EPOX WETT (A+B+C) - Chimiver SUSTRATOS, Renovar el sustrato, Pisos de madera \u2013 Resilientes - Resina","isPartOf":{"@id":"https:\/\/chimiver.com\/es\/#website"},"primaryImageOfPage":{"@id":"https:\/\/chimiver.com\/es\/producto\/prymer-epox-wett-abc\/#primaryimage"},"image":{"@id":"https:\/\/chimiver.com\/es\/producto\/prymer-epox-wett-abc\/#primaryimage"},"thumbnailUrl":"https:\/\/chimiver.com\/wp-content\/uploads\/2022\/01\/105_0d4a9.jpg","datePublished":"2022-01-21T11:14:13+00:00","dateModified":"2023-01-05T09:36:58+00:00","description":"Scopri PRYMER EPOX WETT (A+B+C) SUSTRATOS, Renovar el sustrato, Pisos de madera \u2013 Resilientes - Resina. Dal 1965 Chimiver \u00e8 leader nel mercato dei prodotti per incollaggio, trattamento e manutenzione dei pavimenti.","breadcrumb":{"@id":"https:\/\/chimiver.com\/es\/producto\/prymer-epox-wett-abc\/#breadcrumb"},"inLanguage":"es","potentialAction":[{"@type":"ReadAction","target":["https:\/\/chimiver.com\/es\/producto\/prymer-epox-wett-abc\/"]}]},{"@type":"ImageObject","inLanguage":"es","@id":"https:\/\/chimiver.com\/es\/producto\/prymer-epox-wett-abc\/#primaryimage","url":"https:\/\/chimiver.com\/wp-content\/uploads\/2022\/01\/105_0d4a9.jpg","contentUrl":"https:\/\/chimiver.com\/wp-content\/uploads\/2022\/01\/105_0d4a9.jpg","width":640,"height":640,"caption":"Manutenzione Trattamento Pavimenti_Prodotti Professionali"},{"@type":"BreadcrumbList","@id":"https:\/\/chimiver.com\/es\/producto\/prymer-epox-wett-abc\/#breadcrumb","itemListElement":[{"@type":"ListItem","position":1,"name":"Home","item":"https:\/\/chimiver.com\/es\/"},{"@type":"ListItem","position":2,"name":"Shop","item":"https:\/\/chimiver.com\/?page_id=10"},{"@type":"ListItem","position":3,"name":"PRYMER EPOX WETT (A+B+C)"}]},{"@type":"WebSite","@id":"https:\/\/chimiver.com\/es\/#website","url":"https:\/\/chimiver.com\/es\/","name":"Chimiver, Your floors partner","description":"Su partner de pisos","publisher":{"@id":"https:\/\/chimiver.com\/es\/#organization"},"alternateName":"Chimiver","potentialAction":[{"@type":"SearchAction","target":{"@type":"EntryPoint","urlTemplate":"https:\/\/chimiver.com\/es\/?s={search_term_string}"},"query-input":{"@type":"PropertyValueSpecification","valueRequired":true,"valueName":"search_term_string"}}],"inLanguage":"es"},{"@type":"Organization","@id":"https:\/\/chimiver.com\/es\/#organization","name":"Chimiver","url":"https:\/\/chimiver.com\/es\/","logo":{"@type":"ImageObject","inLanguage":"es","@id":"https:\/\/chimiver.com\/es\/#\/schema\/logo\/image\/","url":"https:\/\/chimiver.com\/wp-content\/uploads\/2022\/06\/Chimiver_500x500.jpg","contentUrl":"https:\/\/chimiver.com\/wp-content\/uploads\/2022\/06\/Chimiver_500x500.jpg","width":500,"height":500,"caption":"Chimiver"},"image":{"@id":"https:\/\/chimiver.com\/es\/#\/schema\/logo\/image\/"},"sameAs":["https:\/\/www.facebook.com\/chimiver"]}]}},"_links":{"self":[{"href":"https:\/\/chimiver.com\/es\/wp-json\/wp\/v2\/product\/6700","targetHints":{"allow":["GET"]}}],"collection":[{"href":"https:\/\/chimiver.com\/es\/wp-json\/wp\/v2\/product"}],"about":[{"href":"https:\/\/chimiver.com\/es\/wp-json\/wp\/v2\/types\/product"}],"replies":[{"embeddable":true,"href":"https:\/\/chimiver.com\/es\/wp-json\/wp\/v2\/comments?post=6700"}],"wp:featuredmedia":[{"embeddable":true,"href":"https:\/\/chimiver.com\/es\/wp-json\/wp\/v2\/media\/4405"}],"wp:attachment":[{"href":"https:\/\/chimiver.com\/es\/wp-json\/wp\/v2\/media?parent=6700"}],"wp:term":[{"taxonomy":"product_brand","embeddable":true,"href":"https:\/\/chimiver.com\/es\/wp-json\/wp\/v2\/product_brand?post=6700"},{"taxonomy":"product_cat","embeddable":true,"href":"https:\/\/chimiver.com\/es\/wp-json\/wp\/v2\/product_cat?post=6700"},{"taxonomy":"product_tag","embeddable":true,"href":"https:\/\/chimiver.com\/es\/wp-json\/wp\/v2\/product_tag?post=6700"}],"curies":[{"name":"wp","href":"https:\/\/api.w.org\/{rel}","templated":true}]}}