{"id":6838,"date":"2022-01-21T12:15:18","date_gmt":"2022-01-21T11:15:18","guid":{"rendered":"https:\/\/chimiver.com\/prodotto\/antislip-professional\/"},"modified":"2024-11-26T08:29:43","modified_gmt":"2024-11-26T07:29:43","slug":"antislip-professional","status":"publish","type":"product","link":"https:\/\/chimiver.com\/es\/producto\/antislip-professional\/","title":{"rendered":"ANTISLIP PROFESSIONAL"},"content":{"rendered":"<p>Soluci\u00f3n antideslizante concentrada a base de agua, no requiere enjuague, no es agresiva e y no altera la superficie. Es ideal para prevenir y limitar el riesgo de resbalarse sobre superficies lisas o resbaladizas. Puede ser utilizado en la mayor\u00eda de las superficies duras (piso de madera barnizado,cer\u00e1mica, gres, m\u00e1rmol, resina, microcemento, PVC, LVT, etc). Adem\u00e1s, gracias a su formulaci\u00f3n, no mancha ni crea pel\u00edculas.<\/p>\n","protected":false},"excerpt":{"rendered":"Soluci\u00f3n antideslizante concentrada a base de agua y de elevada eficiencia","protected":false},"featured_media":4503,"comment_status":"open","ping_status":"closed","template":"","meta":{"_acf_changed":false,"inline_featured_image":false},"product_brand":[],"product_cat":[428,464,468,470,471,518,519,523,525,526],"product_tag":[],"class_list":{"0":"post-6838","1":"product","2":"type-product","3":"status-publish","4":"has-post-thumbnail","6":"product_cat-limpieza-y-mantenimiento","7":"product_cat-pisos-barnizados","8":"product_cat-pisos-de-vinilo","9":"product_cat-pisos-de-ceramica","10":"product_cat-pisos-de-resina","11":"product_cat-pavimentos-interiores","12":"product_cat-pisos-barnizados-es","13":"product_cat-pisos-de-vinilo-es","14":"product_cat-pisos-de-ceramica-es","15":"product_cat-pisos-de-resina-es","17":"first","18":"instock","19":"shipping-taxable","20":"product-type-simple","21":"add-to-wishlist-after_add_to_cart"},"acf":[],"yoast_head":"<!-- This site is optimized with the Yoast SEO plugin v26.2 - https:\/\/yoast.com\/wordpress\/plugins\/seo\/ -->\n<title>ANTISLIP PROFESSIONAL - Chimiver LIMPIEZA Y MANTENIMIENTO, Pisos barnizados, Pisos de vinilo, Pisos de cer\u00e1mica, Pisos de resina, PAVIMENTOS INTERIORES, Pisos barnizados, Pisos de vinilo, Pisos de cer\u00e1mica, Pisos de resina<\/title>\n<meta name=\"description\" content=\"Scopri ANTISLIP PROFESSIONAL LIMPIEZA Y MANTENIMIENTO, Pisos barnizados, Pisos de vinilo, Pisos de cer\u00e1mica, Pisos de resina, PAVIMENTOS INTERIORES, Pisos barnizados, Pisos de vinilo, Pisos de cer\u00e1mica, Pisos de resina. Dal 1965 Chimiver \u00e8 leader nel mercato dei prodotti per incollaggio, trattamento e manutenzione dei pavimenti.\" \/>\n<meta name=\"robots\" content=\"index, follow, max-snippet:-1, max-image-preview:large, max-video-preview:-1\" \/>\n<link rel=\"canonical\" href=\"https:\/\/chimiver.com\/es\/producto\/antislip-professional\/\" \/>\n<meta property=\"og:locale\" content=\"es_ES\" \/>\n<meta property=\"og:type\" content=\"article\" \/>\n<meta property=\"og:title\" content=\"ANTISLIP PROFESSIONAL - Chimiver LIMPIEZA Y MANTENIMIENTO, Pisos barnizados, Pisos de vinilo, Pisos de cer\u00e1mica, Pisos de resina, PAVIMENTOS INTERIORES, Pisos barnizados, Pisos de vinilo, Pisos de cer\u00e1mica, Pisos de resina\" \/>\n<meta property=\"og:description\" content=\"Scopri ANTISLIP PROFESSIONAL LIMPIEZA Y MANTENIMIENTO, Pisos barnizados, Pisos de vinilo, Pisos de cer\u00e1mica, Pisos de resina, PAVIMENTOS INTERIORES, Pisos barnizados, Pisos de vinilo, Pisos de cer\u00e1mica, Pisos de resina. Dal 1965 Chimiver \u00e8 leader nel mercato dei prodotti per incollaggio, trattamento e manutenzione dei pavimenti.\" \/>\n<meta property=\"og:url\" content=\"https:\/\/chimiver.com\/es\/producto\/antislip-professional\/\" \/>\n<meta property=\"og:site_name\" content=\"Chimiver\" \/>\n<meta property=\"article:publisher\" content=\"https:\/\/www.facebook.com\/chimiver\" \/>\n<meta property=\"article:modified_time\" content=\"2024-11-26T07:29:43+00:00\" \/>\n<meta property=\"og:image\" content=\"https:\/\/chimiver.com\/wp-content\/uploads\/2022\/01\/326_12852.jpg\" \/>\n\t<meta property=\"og:image:width\" content=\"640\" \/>\n\t<meta property=\"og:image:height\" content=\"640\" \/>\n\t<meta property=\"og:image:type\" content=\"image\/jpeg\" \/>\n<meta name=\"twitter:card\" content=\"summary_large_image\" \/>\n<meta name=\"twitter:label1\" content=\"Tiempo de lectura\" \/>\n\t<meta name=\"twitter:data1\" content=\"1 minuto\" \/>\n<script type=\"application\/ld+json\" class=\"yoast-schema-graph\">{\"@context\":\"https:\/\/schema.org\",\"@graph\":[{\"@type\":\"WebPage\",\"@id\":\"https:\/\/chimiver.com\/es\/producto\/antislip-professional\/\",\"url\":\"https:\/\/chimiver.com\/es\/producto\/antislip-professional\/\",\"name\":\"ANTISLIP PROFESSIONAL - Chimiver LIMPIEZA Y MANTENIMIENTO, Pisos barnizados, Pisos de vinilo, Pisos de cer\u00e1mica, Pisos de resina, PAVIMENTOS INTERIORES, Pisos barnizados, Pisos de vinilo, Pisos de cer\u00e1mica, Pisos de resina\",\"isPartOf\":{\"@id\":\"https:\/\/chimiver.com\/es\/#website\"},\"primaryImageOfPage\":{\"@id\":\"https:\/\/chimiver.com\/es\/producto\/antislip-professional\/#primaryimage\"},\"image\":{\"@id\":\"https:\/\/chimiver.com\/es\/producto\/antislip-professional\/#primaryimage\"},\"thumbnailUrl\":\"https:\/\/chimiver.com\/wp-content\/uploads\/2022\/01\/326_12852.jpg\",\"datePublished\":\"2022-01-21T11:15:18+00:00\",\"dateModified\":\"2024-11-26T07:29:43+00:00\",\"description\":\"Scopri ANTISLIP PROFESSIONAL LIMPIEZA Y MANTENIMIENTO, Pisos barnizados, Pisos de vinilo, Pisos de cer\u00e1mica, Pisos de resina, PAVIMENTOS INTERIORES, Pisos barnizados, Pisos de vinilo, Pisos de cer\u00e1mica, Pisos de resina. Dal 1965 Chimiver \u00e8 leader nel mercato dei prodotti per incollaggio, trattamento e manutenzione dei pavimenti.\",\"breadcrumb\":{\"@id\":\"https:\/\/chimiver.com\/es\/producto\/antislip-professional\/#breadcrumb\"},\"inLanguage\":\"es\",\"potentialAction\":[{\"@type\":\"ReadAction\",\"target\":[\"https:\/\/chimiver.com\/es\/producto\/antislip-professional\/\"]}]},{\"@type\":\"ImageObject\",\"inLanguage\":\"es\",\"@id\":\"https:\/\/chimiver.com\/es\/producto\/antislip-professional\/#primaryimage\",\"url\":\"https:\/\/chimiver.com\/wp-content\/uploads\/2022\/01\/326_12852.jpg\",\"contentUrl\":\"https:\/\/chimiver.com\/wp-content\/uploads\/2022\/01\/326_12852.jpg\",\"width\":640,\"height\":640,\"caption\":\"Antislip Professional_1L\"},{\"@type\":\"BreadcrumbList\",\"@id\":\"https:\/\/chimiver.com\/es\/producto\/antislip-professional\/#breadcrumb\",\"itemListElement\":[{\"@type\":\"ListItem\",\"position\":1,\"name\":\"Home\",\"item\":\"https:\/\/chimiver.com\/es\/\"},{\"@type\":\"ListItem\",\"position\":2,\"name\":\"Shop\",\"item\":\"https:\/\/chimiver.com\/?page_id=10\"},{\"@type\":\"ListItem\",\"position\":3,\"name\":\"ANTISLIP PROFESSIONAL\"}]},{\"@type\":\"WebSite\",\"@id\":\"https:\/\/chimiver.com\/es\/#website\",\"url\":\"https:\/\/chimiver.com\/es\/\",\"name\":\"Chimiver, Your floors partner\",\"description\":\"Su partner de pisos\",\"publisher\":{\"@id\":\"https:\/\/chimiver.com\/es\/#organization\"},\"alternateName\":\"Chimiver\",\"potentialAction\":[{\"@type\":\"SearchAction\",\"target\":{\"@type\":\"EntryPoint\",\"urlTemplate\":\"https:\/\/chimiver.com\/es\/?s={search_term_string}\"},\"query-input\":{\"@type\":\"PropertyValueSpecification\",\"valueRequired\":true,\"valueName\":\"search_term_string\"}}],\"inLanguage\":\"es\"},{\"@type\":\"Organization\",\"@id\":\"https:\/\/chimiver.com\/es\/#organization\",\"name\":\"Chimiver\",\"url\":\"https:\/\/chimiver.com\/es\/\",\"logo\":{\"@type\":\"ImageObject\",\"inLanguage\":\"es\",\"@id\":\"https:\/\/chimiver.com\/es\/#\/schema\/logo\/image\/\",\"url\":\"https:\/\/chimiver.com\/wp-content\/uploads\/2022\/06\/Chimiver_500x500.jpg\",\"contentUrl\":\"https:\/\/chimiver.com\/wp-content\/uploads\/2022\/06\/Chimiver_500x500.jpg\",\"width\":500,\"height\":500,\"caption\":\"Chimiver\"},\"image\":{\"@id\":\"https:\/\/chimiver.com\/es\/#\/schema\/logo\/image\/\"},\"sameAs\":[\"https:\/\/www.facebook.com\/chimiver\"]}]}<\/script>\n<!-- \/ Yoast SEO plugin. -->","yoast_head_json":{"title":"ANTISLIP PROFESSIONAL - Chimiver LIMPIEZA Y MANTENIMIENTO, Pisos barnizados, Pisos de vinilo, Pisos de cer\u00e1mica, Pisos de resina, PAVIMENTOS INTERIORES, Pisos barnizados, Pisos de vinilo, Pisos de cer\u00e1mica, Pisos de resina","description":"Scopri ANTISLIP PROFESSIONAL LIMPIEZA Y MANTENIMIENTO, Pisos barnizados, Pisos de vinilo, Pisos de cer\u00e1mica, Pisos de resina, PAVIMENTOS INTERIORES, Pisos barnizados, Pisos de vinilo, Pisos de cer\u00e1mica, Pisos de resina. Dal 1965 Chimiver \u00e8 leader nel mercato dei prodotti per incollaggio, trattamento e manutenzione dei pavimenti.","robots":{"index":"index","follow":"follow","max-snippet":"max-snippet:-1","max-image-preview":"max-image-preview:large","max-video-preview":"max-video-preview:-1"},"canonical":"https:\/\/chimiver.com\/es\/producto\/antislip-professional\/","og_locale":"es_ES","og_type":"article","og_title":"ANTISLIP PROFESSIONAL - Chimiver LIMPIEZA Y MANTENIMIENTO, Pisos barnizados, Pisos de vinilo, Pisos de cer\u00e1mica, Pisos de resina, PAVIMENTOS INTERIORES, Pisos barnizados, Pisos de vinilo, Pisos de cer\u00e1mica, Pisos de resina","og_description":"Scopri ANTISLIP PROFESSIONAL LIMPIEZA Y MANTENIMIENTO, Pisos barnizados, Pisos de vinilo, Pisos de cer\u00e1mica, Pisos de resina, PAVIMENTOS INTERIORES, Pisos barnizados, Pisos de vinilo, Pisos de cer\u00e1mica, Pisos de resina. Dal 1965 Chimiver \u00e8 leader nel mercato dei prodotti per incollaggio, trattamento e manutenzione dei pavimenti.","og_url":"https:\/\/chimiver.com\/es\/producto\/antislip-professional\/","og_site_name":"Chimiver","article_publisher":"https:\/\/www.facebook.com\/chimiver","article_modified_time":"2024-11-26T07:29:43+00:00","og_image":[{"width":640,"height":640,"url":"https:\/\/chimiver.com\/wp-content\/uploads\/2022\/01\/326_12852.jpg","type":"image\/jpeg"}],"twitter_card":"summary_large_image","twitter_misc":{"Tiempo de lectura":"1 minuto"},"schema":{"@context":"https:\/\/schema.org","@graph":[{"@type":"WebPage","@id":"https:\/\/chimiver.com\/es\/producto\/antislip-professional\/","url":"https:\/\/chimiver.com\/es\/producto\/antislip-professional\/","name":"ANTISLIP PROFESSIONAL - Chimiver LIMPIEZA Y MANTENIMIENTO, Pisos barnizados, Pisos de vinilo, Pisos de cer\u00e1mica, Pisos de resina, PAVIMENTOS INTERIORES, Pisos barnizados, Pisos de vinilo, Pisos de cer\u00e1mica, Pisos de resina","isPartOf":{"@id":"https:\/\/chimiver.com\/es\/#website"},"primaryImageOfPage":{"@id":"https:\/\/chimiver.com\/es\/producto\/antislip-professional\/#primaryimage"},"image":{"@id":"https:\/\/chimiver.com\/es\/producto\/antislip-professional\/#primaryimage"},"thumbnailUrl":"https:\/\/chimiver.com\/wp-content\/uploads\/2022\/01\/326_12852.jpg","datePublished":"2022-01-21T11:15:18+00:00","dateModified":"2024-11-26T07:29:43+00:00","description":"Scopri ANTISLIP PROFESSIONAL LIMPIEZA Y MANTENIMIENTO, Pisos barnizados, Pisos de vinilo, Pisos de cer\u00e1mica, Pisos de resina, PAVIMENTOS INTERIORES, Pisos barnizados, Pisos de vinilo, Pisos de cer\u00e1mica, Pisos de resina. Dal 1965 Chimiver \u00e8 leader nel mercato dei prodotti per incollaggio, trattamento e manutenzione dei pavimenti.","breadcrumb":{"@id":"https:\/\/chimiver.com\/es\/producto\/antislip-professional\/#breadcrumb"},"inLanguage":"es","potentialAction":[{"@type":"ReadAction","target":["https:\/\/chimiver.com\/es\/producto\/antislip-professional\/"]}]},{"@type":"ImageObject","inLanguage":"es","@id":"https:\/\/chimiver.com\/es\/producto\/antislip-professional\/#primaryimage","url":"https:\/\/chimiver.com\/wp-content\/uploads\/2022\/01\/326_12852.jpg","contentUrl":"https:\/\/chimiver.com\/wp-content\/uploads\/2022\/01\/326_12852.jpg","width":640,"height":640,"caption":"Antislip Professional_1L"},{"@type":"BreadcrumbList","@id":"https:\/\/chimiver.com\/es\/producto\/antislip-professional\/#breadcrumb","itemListElement":[{"@type":"ListItem","position":1,"name":"Home","item":"https:\/\/chimiver.com\/es\/"},{"@type":"ListItem","position":2,"name":"Shop","item":"https:\/\/chimiver.com\/?page_id=10"},{"@type":"ListItem","position":3,"name":"ANTISLIP PROFESSIONAL"}]},{"@type":"WebSite","@id":"https:\/\/chimiver.com\/es\/#website","url":"https:\/\/chimiver.com\/es\/","name":"Chimiver, Your floors partner","description":"Su partner de pisos","publisher":{"@id":"https:\/\/chimiver.com\/es\/#organization"},"alternateName":"Chimiver","potentialAction":[{"@type":"SearchAction","target":{"@type":"EntryPoint","urlTemplate":"https:\/\/chimiver.com\/es\/?s={search_term_string}"},"query-input":{"@type":"PropertyValueSpecification","valueRequired":true,"valueName":"search_term_string"}}],"inLanguage":"es"},{"@type":"Organization","@id":"https:\/\/chimiver.com\/es\/#organization","name":"Chimiver","url":"https:\/\/chimiver.com\/es\/","logo":{"@type":"ImageObject","inLanguage":"es","@id":"https:\/\/chimiver.com\/es\/#\/schema\/logo\/image\/","url":"https:\/\/chimiver.com\/wp-content\/uploads\/2022\/06\/Chimiver_500x500.jpg","contentUrl":"https:\/\/chimiver.com\/wp-content\/uploads\/2022\/06\/Chimiver_500x500.jpg","width":500,"height":500,"caption":"Chimiver"},"image":{"@id":"https:\/\/chimiver.com\/es\/#\/schema\/logo\/image\/"},"sameAs":["https:\/\/www.facebook.com\/chimiver"]}]}},"_links":{"self":[{"href":"https:\/\/chimiver.com\/es\/wp-json\/wp\/v2\/product\/6838","targetHints":{"allow":["GET"]}}],"collection":[{"href":"https:\/\/chimiver.com\/es\/wp-json\/wp\/v2\/product"}],"about":[{"href":"https:\/\/chimiver.com\/es\/wp-json\/wp\/v2\/types\/product"}],"replies":[{"embeddable":true,"href":"https:\/\/chimiver.com\/es\/wp-json\/wp\/v2\/comments?post=6838"}],"wp:featuredmedia":[{"embeddable":true,"href":"https:\/\/chimiver.com\/es\/wp-json\/wp\/v2\/media\/4503"}],"wp:attachment":[{"href":"https:\/\/chimiver.com\/es\/wp-json\/wp\/v2\/media?parent=6838"}],"wp:term":[{"taxonomy":"product_brand","embeddable":true,"href":"https:\/\/chimiver.com\/es\/wp-json\/wp\/v2\/product_brand?post=6838"},{"taxonomy":"product_cat","embeddable":true,"href":"https:\/\/chimiver.com\/es\/wp-json\/wp\/v2\/product_cat?post=6838"},{"taxonomy":"product_tag","embeddable":true,"href":"https:\/\/chimiver.com\/es\/wp-json\/wp\/v2\/product_tag?post=6838"}],"curies":[{"name":"wp","href":"https:\/\/api.w.org\/{rel}","templated":true}]}}