{"id":6888,"date":"2022-01-21T12:15:18","date_gmt":"2022-01-21T11:15:18","guid":{"rendered":"https:\/\/chimiver.com\/prodotto\/clean-garden-sport\/"},"modified":"2026-02-27T15:29:24","modified_gmt":"2026-02-27T14:29:24","slug":"clean-garden-sport","status":"publish","type":"product","link":"https:\/\/chimiver.com\/es\/producto\/clean-garden-sport\/","title":{"rendered":"CLEAN GARDEN SPORT"},"content":{"rendered":"<p>Limpiador concentrado alcalino intensivo apto para la limpieza de superficies deportivas y c\u00e9spedes sint\u00e9ticos. Gracias a su particular formulaci\u00f3n, actua de una forma eficaz y r\u00e1pida sobre la superficie. Es adictivado con especiales nanopart\u00edculas que confieren a la superficie una limpieza intensiva durante largo tiempo. Deterge y perfuma con un agradable olor a flores. Disponible en versi\u00f3n antiest\u00e1tica.<\/p>\n","protected":false},"excerpt":{"rendered":"Limpiador concentrado alcalino intensivo para superficies deportivas y c\u00e9sped sint\u00e9tico","protected":false},"featured_media":4505,"comment_status":"open","ping_status":"closed","template":"","meta":{"_acf_changed":false,"inline_featured_image":false},"product_brand":[],"product_cat":[429,591,531,533],"product_tag":[],"class_list":{"0":"post-6888","1":"product","2":"type-product","3":"status-publish","4":"has-post-thumbnail","6":"product_cat-cesped-sintetico","7":"product_cat-limpieza-y-mantenimiento-es","8":"product_cat-cesped-sintetico-es","9":"product_cat-cespedes-sinteticos-deportivos","11":"first","12":"instock","13":"shipping-taxable","14":"product-type-simple","15":"add-to-wishlist-after_add_to_cart"},"acf":[],"yoast_head":"<!-- This site is optimized with the Yoast SEO plugin v26.2 - https:\/\/yoast.com\/wordpress\/plugins\/seo\/ -->\n<title>Limpiador para c\u00e9sped sint\u00e9tico - CLEAN GARDEN SPORT<\/title>\n<meta name=\"description\" content=\"Descubre CLEAN GARDEN SPORT . Limpiador concentrado alcalino intensivo apto para la limpieza de superficies deportivas y c\u00e9spedes sint\u00e9ticos.\" \/>\n<meta name=\"robots\" content=\"index, follow, max-snippet:-1, max-image-preview:large, max-video-preview:-1\" \/>\n<link rel=\"canonical\" href=\"https:\/\/chimiver.com\/es\/producto\/clean-garden-sport\/\" \/>\n<meta property=\"og:locale\" content=\"es_ES\" \/>\n<meta property=\"og:type\" content=\"article\" \/>\n<meta property=\"og:title\" content=\"Limpiador para c\u00e9sped sint\u00e9tico - CLEAN GARDEN SPORT\" \/>\n<meta property=\"og:description\" content=\"Descubre CLEAN GARDEN SPORT . Limpiador concentrado alcalino intensivo apto para la limpieza de superficies deportivas y c\u00e9spedes sint\u00e9ticos.\" \/>\n<meta property=\"og:url\" content=\"https:\/\/chimiver.com\/es\/producto\/clean-garden-sport\/\" \/>\n<meta property=\"og:site_name\" content=\"Chimiver\" \/>\n<meta property=\"article:publisher\" content=\"https:\/\/www.facebook.com\/chimiver\" \/>\n<meta property=\"article:modified_time\" content=\"2026-02-27T14:29:24+00:00\" \/>\n<meta property=\"og:image\" content=\"https:\/\/chimiver.com\/wp-content\/uploads\/2022\/01\/203_19459.jpg\" \/>\n\t<meta property=\"og:image:width\" content=\"640\" \/>\n\t<meta property=\"og:image:height\" content=\"640\" \/>\n\t<meta property=\"og:image:type\" content=\"image\/jpeg\" \/>\n<meta name=\"twitter:card\" content=\"summary_large_image\" \/>\n<meta name=\"twitter:label1\" content=\"Tiempo de lectura\" \/>\n\t<meta name=\"twitter:data1\" content=\"1 minuto\" \/>\n<script type=\"application\/ld+json\" class=\"yoast-schema-graph\">{\"@context\":\"https:\/\/schema.org\",\"@graph\":[{\"@type\":[\"WebPage\",\"ItemPage\"],\"@id\":\"https:\/\/chimiver.com\/es\/producto\/clean-garden-sport\/\",\"url\":\"https:\/\/chimiver.com\/es\/producto\/clean-garden-sport\/\",\"name\":\"Limpiador para c\u00e9sped sint\u00e9tico - CLEAN GARDEN SPORT\",\"isPartOf\":{\"@id\":\"https:\/\/chimiver.com\/es\/#website\"},\"primaryImageOfPage\":{\"@id\":\"https:\/\/chimiver.com\/es\/producto\/clean-garden-sport\/#primaryimage\"},\"image\":{\"@id\":\"https:\/\/chimiver.com\/es\/producto\/clean-garden-sport\/#primaryimage\"},\"thumbnailUrl\":\"https:\/\/chimiver.com\/wp-content\/uploads\/2022\/01\/203_19459.jpg\",\"datePublished\":\"2022-01-21T11:15:18+00:00\",\"dateModified\":\"2026-02-27T14:29:24+00:00\",\"description\":\"Descubre CLEAN GARDEN SPORT . Limpiador concentrado alcalino intensivo apto para la limpieza de superficies deportivas y c\u00e9spedes sint\u00e9ticos.\",\"breadcrumb\":{\"@id\":\"https:\/\/chimiver.com\/es\/producto\/clean-garden-sport\/#breadcrumb\"},\"inLanguage\":\"es\",\"potentialAction\":[{\"@type\":\"ReadAction\",\"target\":[\"https:\/\/chimiver.com\/es\/producto\/clean-garden-sport\/\"]}]},{\"@type\":\"ImageObject\",\"inLanguage\":\"es\",\"@id\":\"https:\/\/chimiver.com\/es\/producto\/clean-garden-sport\/#primaryimage\",\"url\":\"https:\/\/chimiver.com\/wp-content\/uploads\/2022\/01\/203_19459.jpg\",\"contentUrl\":\"https:\/\/chimiver.com\/wp-content\/uploads\/2022\/01\/203_19459.jpg\",\"width\":640,\"height\":640,\"caption\":\"Clean Garden Sport_5L\"},{\"@type\":\"BreadcrumbList\",\"@id\":\"https:\/\/chimiver.com\/es\/producto\/clean-garden-sport\/#breadcrumb\",\"itemListElement\":[{\"@type\":\"ListItem\",\"position\":1,\"name\":\"Home\",\"item\":\"https:\/\/chimiver.com\/es\/\"},{\"@type\":\"ListItem\",\"position\":2,\"name\":\"Shop\",\"item\":\"https:\/\/chimiver.com\/?page_id=10\"},{\"@type\":\"ListItem\",\"position\":3,\"name\":\"CLEAN GARDEN SPORT\"}]},{\"@type\":\"WebSite\",\"@id\":\"https:\/\/chimiver.com\/es\/#website\",\"url\":\"https:\/\/chimiver.com\/es\/\",\"name\":\"Chimiver, Your floors partner\",\"description\":\"Chimiver Panseri S.p.A. produce adesivi, vernici, oli e detergenti professionali per tutti i tipi di pavimenti: parquet, resilienti, resina, erba sintetica e decking.\",\"publisher\":{\"@id\":\"https:\/\/chimiver.com\/es\/#organization\"},\"alternateName\":\"Chimiver\",\"potentialAction\":[{\"@type\":\"SearchAction\",\"target\":{\"@type\":\"EntryPoint\",\"urlTemplate\":\"https:\/\/chimiver.com\/es\/?s={search_term_string}\"},\"query-input\":{\"@type\":\"PropertyValueSpecification\",\"valueRequired\":true,\"valueName\":\"search_term_string\"}}],\"inLanguage\":[\"it\",\"en\",\"es\",\"fr\"]},{\"@type\":\"Organization\",\"@id\":\"https:\/\/chimiver.com\/es\/#organization\",\"name\":\"Chimiver\",\"alternateName\":\"CHIMIVER\",\"url\":\"https:\/\/chimiver.com\/es\/\",\"logo\":{\"@type\":\"ImageObject\",\"inLanguage\":\"es\",\"@id\":\"https:\/\/chimiver.com\/es\/#\/schema\/logo\/image\/\",\"url\":\"https:\/\/chimiver.com\/wp-content\/uploads\/2022\/06\/Chimiver_500x500.jpg\",\"contentUrl\":\"https:\/\/chimiver.com\/wp-content\/uploads\/2022\/06\/Chimiver_500x500.jpg\",\"width\":500,\"height\":500,\"caption\":\"Chimiver\"},\"image\":{\"@id\":\"https:\/\/chimiver.com\/es\/#\/schema\/logo\/image\/\"},\"sameAs\":[\"https:\/\/www.facebook.com\/chimiver\",\"https:\/\/www.linkedin.com\/company\/chimiver-panseri-s.p.a.\",\"https:\/\/www.youtube.com\/user\/ChimiverChannel\/videos\",\"https:\/\/amzn.to\/2Kz2H8b\",\"https:\/\/www.instagram.com\/chimiver\"]}]}<\/script>\n<!-- \/ Yoast SEO plugin. -->","yoast_head_json":{"title":"Limpiador para c\u00e9sped sint\u00e9tico - CLEAN GARDEN SPORT","description":"Descubre CLEAN GARDEN SPORT . Limpiador concentrado alcalino intensivo apto para la limpieza de superficies deportivas y c\u00e9spedes sint\u00e9ticos.","robots":{"index":"index","follow":"follow","max-snippet":"max-snippet:-1","max-image-preview":"max-image-preview:large","max-video-preview":"max-video-preview:-1"},"canonical":"https:\/\/chimiver.com\/es\/producto\/clean-garden-sport\/","og_locale":"es_ES","og_type":"article","og_title":"Limpiador para c\u00e9sped sint\u00e9tico - CLEAN GARDEN SPORT","og_description":"Descubre CLEAN GARDEN SPORT . Limpiador concentrado alcalino intensivo apto para la limpieza de superficies deportivas y c\u00e9spedes sint\u00e9ticos.","og_url":"https:\/\/chimiver.com\/es\/producto\/clean-garden-sport\/","og_site_name":"Chimiver","article_publisher":"https:\/\/www.facebook.com\/chimiver","article_modified_time":"2026-02-27T14:29:24+00:00","og_image":[{"width":640,"height":640,"url":"https:\/\/chimiver.com\/wp-content\/uploads\/2022\/01\/203_19459.jpg","type":"image\/jpeg"}],"twitter_card":"summary_large_image","twitter_misc":{"Tiempo de lectura":"1 minuto"},"schema":{"@context":"https:\/\/schema.org","@graph":[{"@type":["WebPage","ItemPage"],"@id":"https:\/\/chimiver.com\/es\/producto\/clean-garden-sport\/","url":"https:\/\/chimiver.com\/es\/producto\/clean-garden-sport\/","name":"Limpiador para c\u00e9sped sint\u00e9tico - CLEAN GARDEN SPORT","isPartOf":{"@id":"https:\/\/chimiver.com\/es\/#website"},"primaryImageOfPage":{"@id":"https:\/\/chimiver.com\/es\/producto\/clean-garden-sport\/#primaryimage"},"image":{"@id":"https:\/\/chimiver.com\/es\/producto\/clean-garden-sport\/#primaryimage"},"thumbnailUrl":"https:\/\/chimiver.com\/wp-content\/uploads\/2022\/01\/203_19459.jpg","datePublished":"2022-01-21T11:15:18+00:00","dateModified":"2026-02-27T14:29:24+00:00","description":"Descubre CLEAN GARDEN SPORT . Limpiador concentrado alcalino intensivo apto para la limpieza de superficies deportivas y c\u00e9spedes sint\u00e9ticos.","breadcrumb":{"@id":"https:\/\/chimiver.com\/es\/producto\/clean-garden-sport\/#breadcrumb"},"inLanguage":"es","potentialAction":[{"@type":"ReadAction","target":["https:\/\/chimiver.com\/es\/producto\/clean-garden-sport\/"]}]},{"@type":"ImageObject","inLanguage":"es","@id":"https:\/\/chimiver.com\/es\/producto\/clean-garden-sport\/#primaryimage","url":"https:\/\/chimiver.com\/wp-content\/uploads\/2022\/01\/203_19459.jpg","contentUrl":"https:\/\/chimiver.com\/wp-content\/uploads\/2022\/01\/203_19459.jpg","width":640,"height":640,"caption":"Clean Garden Sport_5L"},{"@type":"BreadcrumbList","@id":"https:\/\/chimiver.com\/es\/producto\/clean-garden-sport\/#breadcrumb","itemListElement":[{"@type":"ListItem","position":1,"name":"Home","item":"https:\/\/chimiver.com\/es\/"},{"@type":"ListItem","position":2,"name":"Shop","item":"https:\/\/chimiver.com\/?page_id=10"},{"@type":"ListItem","position":3,"name":"CLEAN GARDEN SPORT"}]},{"@type":"WebSite","@id":"https:\/\/chimiver.com\/es\/#website","url":"https:\/\/chimiver.com\/es\/","name":"Chimiver, Your floors partner","description":"Chimiver Panseri S.p.A. produce adesivi, vernici, oli e detergenti professionali per tutti i tipi di pavimenti: parquet, resilienti, resina, erba sintetica e decking.","publisher":{"@id":"https:\/\/chimiver.com\/es\/#organization"},"alternateName":"Chimiver","potentialAction":[{"@type":"SearchAction","target":{"@type":"EntryPoint","urlTemplate":"https:\/\/chimiver.com\/es\/?s={search_term_string}"},"query-input":{"@type":"PropertyValueSpecification","valueRequired":true,"valueName":"search_term_string"}}],"inLanguage":["it","en","es","fr"]},{"@type":"Organization","@id":"https:\/\/chimiver.com\/es\/#organization","name":"Chimiver","alternateName":"CHIMIVER","url":"https:\/\/chimiver.com\/es\/","logo":{"@type":"ImageObject","inLanguage":"es","@id":"https:\/\/chimiver.com\/es\/#\/schema\/logo\/image\/","url":"https:\/\/chimiver.com\/wp-content\/uploads\/2022\/06\/Chimiver_500x500.jpg","contentUrl":"https:\/\/chimiver.com\/wp-content\/uploads\/2022\/06\/Chimiver_500x500.jpg","width":500,"height":500,"caption":"Chimiver"},"image":{"@id":"https:\/\/chimiver.com\/es\/#\/schema\/logo\/image\/"},"sameAs":["https:\/\/www.facebook.com\/chimiver","https:\/\/www.linkedin.com\/company\/chimiver-panseri-s.p.a.","https:\/\/www.youtube.com\/user\/ChimiverChannel\/videos","https:\/\/amzn.to\/2Kz2H8b","https:\/\/www.instagram.com\/chimiver"]}]}},"_links":{"self":[{"href":"https:\/\/chimiver.com\/es\/wp-json\/wp\/v2\/product\/6888","targetHints":{"allow":["GET"]}}],"collection":[{"href":"https:\/\/chimiver.com\/es\/wp-json\/wp\/v2\/product"}],"about":[{"href":"https:\/\/chimiver.com\/es\/wp-json\/wp\/v2\/types\/product"}],"replies":[{"embeddable":true,"href":"https:\/\/chimiver.com\/es\/wp-json\/wp\/v2\/comments?post=6888"}],"wp:featuredmedia":[{"embeddable":true,"href":"https:\/\/chimiver.com\/es\/wp-json\/wp\/v2\/media\/4505"}],"wp:attachment":[{"href":"https:\/\/chimiver.com\/es\/wp-json\/wp\/v2\/media?parent=6888"}],"wp:term":[{"taxonomy":"product_brand","embeddable":true,"href":"https:\/\/chimiver.com\/es\/wp-json\/wp\/v2\/product_brand?post=6888"},{"taxonomy":"product_cat","embeddable":true,"href":"https:\/\/chimiver.com\/es\/wp-json\/wp\/v2\/product_cat?post=6888"},{"taxonomy":"product_tag","embeddable":true,"href":"https:\/\/chimiver.com\/es\/wp-json\/wp\/v2\/product_tag?post=6888"}],"curies":[{"name":"wp","href":"https:\/\/api.w.org\/{rel}","templated":true}]}}