{"id":6893,"date":"2022-01-21T12:15:19","date_gmt":"2022-01-21T11:15:19","guid":{"rendered":"https:\/\/chimiver.com\/prodotto\/clean-garden-pronto\/"},"modified":"2023-07-25T15:41:08","modified_gmt":"2023-07-25T13:41:08","slug":"clean-garden-pronto","status":"publish","type":"product","link":"https:\/\/chimiver.com\/es\/producto\/clean-garden-pronto\/","title":{"rendered":"CLEAN GARDEN PRONTO"},"content":{"rendered":"<p>Limpiador alcalino listo para el uso apto para la limpieza de c\u00e9spedes sint\u00e9ticos en ambientes residenciales. Gracias a su particular formulaci\u00f3n, actua en forma muy eficaz y r\u00e1pida en la superficie. Adictivado con especiales nanopart\u00edculas que confieren a la superficie de c\u00e9sped una limpieza intensiva durante largo tiempo tambi\u00e9n en presencias de mascotas y animales domesticos. Deterge y perfuma dejando un agradable olor a flores.<\/p>\n","protected":false},"excerpt":{"rendered":"Limpiador alcalino intensivo listo para el uso para c\u00e9sped sint\u00e9tico residencial","protected":false},"featured_media":4506,"comment_status":"open","ping_status":"closed","template":"","meta":{"_acf_changed":false,"inline_featured_image":false},"product_brand":[],"product_cat":[429,591,531,532],"product_tag":[],"class_list":{"0":"post-6893","1":"product","2":"type-product","3":"status-publish","4":"has-post-thumbnail","6":"product_cat-cesped-sintetico","7":"product_cat-limpieza-y-mantenimiento-es","8":"product_cat-cesped-sintetico-es","9":"product_cat-cespedes-sinteticos-residenciales","11":"first","12":"instock","13":"shipping-taxable","14":"product-type-simple","15":"add-to-wishlist-after_add_to_cart"},"acf":[],"yoast_head":"<!-- This site is optimized with the Yoast SEO plugin v26.2 - https:\/\/yoast.com\/wordpress\/plugins\/seo\/ -->\n<title>CLEAN GARDEN PRONTO - Chimiver C\u00c9SPED SINT\u00c9TICO, Limpieza y mantenimiento, C\u00c9SPED SINT\u00c9TICO, C\u00e9spedes sint\u00e9ticos residenciales<\/title>\n<meta name=\"description\" content=\"Scopri CLEAN GARDEN PRONTO C\u00c9SPED SINT\u00c9TICO, Limpieza y mantenimiento, C\u00c9SPED SINT\u00c9TICO, C\u00e9spedes sint\u00e9ticos residenciales. Dal 1965 Chimiver \u00e8 leader nel mercato dei prodotti per incollaggio, trattamento e manutenzione dei pavimenti.\" \/>\n<meta name=\"robots\" content=\"index, follow, max-snippet:-1, max-image-preview:large, max-video-preview:-1\" \/>\n<link rel=\"canonical\" href=\"https:\/\/chimiver.com\/es\/producto\/clean-garden-pronto\/\" \/>\n<meta property=\"og:locale\" content=\"es_ES\" \/>\n<meta property=\"og:type\" content=\"article\" \/>\n<meta property=\"og:title\" content=\"CLEAN GARDEN PRONTO - Chimiver C\u00c9SPED SINT\u00c9TICO, Limpieza y mantenimiento, C\u00c9SPED SINT\u00c9TICO, C\u00e9spedes sint\u00e9ticos residenciales\" \/>\n<meta property=\"og:description\" content=\"Scopri CLEAN GARDEN PRONTO C\u00c9SPED SINT\u00c9TICO, Limpieza y mantenimiento, C\u00c9SPED SINT\u00c9TICO, C\u00e9spedes sint\u00e9ticos residenciales. Dal 1965 Chimiver \u00e8 leader nel mercato dei prodotti per incollaggio, trattamento e manutenzione dei pavimenti.\" \/>\n<meta property=\"og:url\" content=\"https:\/\/chimiver.com\/es\/producto\/clean-garden-pronto\/\" \/>\n<meta property=\"og:site_name\" content=\"Chimiver\" \/>\n<meta property=\"article:publisher\" content=\"https:\/\/www.facebook.com\/chimiver\" \/>\n<meta property=\"article:modified_time\" content=\"2023-07-25T13:41:08+00:00\" \/>\n<meta property=\"og:image\" content=\"https:\/\/chimiver.com\/wp-content\/uploads\/2022\/01\/206_22edf.jpg\" \/>\n\t<meta property=\"og:image:width\" content=\"640\" \/>\n\t<meta property=\"og:image:height\" content=\"640\" \/>\n\t<meta property=\"og:image:type\" content=\"image\/jpeg\" \/>\n<meta name=\"twitter:card\" content=\"summary_large_image\" \/>\n<meta name=\"twitter:label1\" content=\"Tiempo de lectura\" \/>\n\t<meta name=\"twitter:data1\" content=\"1 minuto\" \/>\n<script type=\"application\/ld+json\" class=\"yoast-schema-graph\">{\"@context\":\"https:\/\/schema.org\",\"@graph\":[{\"@type\":\"WebPage\",\"@id\":\"https:\/\/chimiver.com\/es\/producto\/clean-garden-pronto\/\",\"url\":\"https:\/\/chimiver.com\/es\/producto\/clean-garden-pronto\/\",\"name\":\"CLEAN GARDEN PRONTO - Chimiver C\u00c9SPED SINT\u00c9TICO, Limpieza y mantenimiento, C\u00c9SPED SINT\u00c9TICO, C\u00e9spedes sint\u00e9ticos residenciales\",\"isPartOf\":{\"@id\":\"https:\/\/chimiver.com\/es\/#website\"},\"primaryImageOfPage\":{\"@id\":\"https:\/\/chimiver.com\/es\/producto\/clean-garden-pronto\/#primaryimage\"},\"image\":{\"@id\":\"https:\/\/chimiver.com\/es\/producto\/clean-garden-pronto\/#primaryimage\"},\"thumbnailUrl\":\"https:\/\/chimiver.com\/wp-content\/uploads\/2022\/01\/206_22edf.jpg\",\"datePublished\":\"2022-01-21T11:15:19+00:00\",\"dateModified\":\"2023-07-25T13:41:08+00:00\",\"description\":\"Scopri CLEAN GARDEN PRONTO C\u00c9SPED SINT\u00c9TICO, Limpieza y mantenimiento, C\u00c9SPED SINT\u00c9TICO, C\u00e9spedes sint\u00e9ticos residenciales. Dal 1965 Chimiver \u00e8 leader nel mercato dei prodotti per incollaggio, trattamento e manutenzione dei pavimenti.\",\"breadcrumb\":{\"@id\":\"https:\/\/chimiver.com\/es\/producto\/clean-garden-pronto\/#breadcrumb\"},\"inLanguage\":\"es\",\"potentialAction\":[{\"@type\":\"ReadAction\",\"target\":[\"https:\/\/chimiver.com\/es\/producto\/clean-garden-pronto\/\"]}]},{\"@type\":\"ImageObject\",\"inLanguage\":\"es\",\"@id\":\"https:\/\/chimiver.com\/es\/producto\/clean-garden-pronto\/#primaryimage\",\"url\":\"https:\/\/chimiver.com\/wp-content\/uploads\/2022\/01\/206_22edf.jpg\",\"contentUrl\":\"https:\/\/chimiver.com\/wp-content\/uploads\/2022\/01\/206_22edf.jpg\",\"width\":640,\"height\":640,\"caption\":\"CLEAN GARDEN Pronto_750ml\"},{\"@type\":\"BreadcrumbList\",\"@id\":\"https:\/\/chimiver.com\/es\/producto\/clean-garden-pronto\/#breadcrumb\",\"itemListElement\":[{\"@type\":\"ListItem\",\"position\":1,\"name\":\"Home\",\"item\":\"https:\/\/chimiver.com\/es\/\"},{\"@type\":\"ListItem\",\"position\":2,\"name\":\"Shop\",\"item\":\"https:\/\/chimiver.com\/?page_id=10\"},{\"@type\":\"ListItem\",\"position\":3,\"name\":\"CLEAN GARDEN PRONTO\"}]},{\"@type\":\"WebSite\",\"@id\":\"https:\/\/chimiver.com\/es\/#website\",\"url\":\"https:\/\/chimiver.com\/es\/\",\"name\":\"Chimiver, Your floors partner\",\"description\":\"Su partner de pisos\",\"publisher\":{\"@id\":\"https:\/\/chimiver.com\/es\/#organization\"},\"alternateName\":\"Chimiver\",\"potentialAction\":[{\"@type\":\"SearchAction\",\"target\":{\"@type\":\"EntryPoint\",\"urlTemplate\":\"https:\/\/chimiver.com\/es\/?s={search_term_string}\"},\"query-input\":{\"@type\":\"PropertyValueSpecification\",\"valueRequired\":true,\"valueName\":\"search_term_string\"}}],\"inLanguage\":\"es\"},{\"@type\":\"Organization\",\"@id\":\"https:\/\/chimiver.com\/es\/#organization\",\"name\":\"Chimiver\",\"url\":\"https:\/\/chimiver.com\/es\/\",\"logo\":{\"@type\":\"ImageObject\",\"inLanguage\":\"es\",\"@id\":\"https:\/\/chimiver.com\/es\/#\/schema\/logo\/image\/\",\"url\":\"https:\/\/chimiver.com\/wp-content\/uploads\/2022\/06\/Chimiver_500x500.jpg\",\"contentUrl\":\"https:\/\/chimiver.com\/wp-content\/uploads\/2022\/06\/Chimiver_500x500.jpg\",\"width\":500,\"height\":500,\"caption\":\"Chimiver\"},\"image\":{\"@id\":\"https:\/\/chimiver.com\/es\/#\/schema\/logo\/image\/\"},\"sameAs\":[\"https:\/\/www.facebook.com\/chimiver\"]}]}<\/script>\n<!-- \/ Yoast SEO plugin. -->","yoast_head_json":{"title":"CLEAN GARDEN PRONTO - Chimiver C\u00c9SPED SINT\u00c9TICO, Limpieza y mantenimiento, C\u00c9SPED SINT\u00c9TICO, C\u00e9spedes sint\u00e9ticos residenciales","description":"Scopri CLEAN GARDEN PRONTO C\u00c9SPED SINT\u00c9TICO, Limpieza y mantenimiento, C\u00c9SPED SINT\u00c9TICO, C\u00e9spedes sint\u00e9ticos residenciales. Dal 1965 Chimiver \u00e8 leader nel mercato dei prodotti per incollaggio, trattamento e manutenzione dei pavimenti.","robots":{"index":"index","follow":"follow","max-snippet":"max-snippet:-1","max-image-preview":"max-image-preview:large","max-video-preview":"max-video-preview:-1"},"canonical":"https:\/\/chimiver.com\/es\/producto\/clean-garden-pronto\/","og_locale":"es_ES","og_type":"article","og_title":"CLEAN GARDEN PRONTO - Chimiver C\u00c9SPED SINT\u00c9TICO, Limpieza y mantenimiento, C\u00c9SPED SINT\u00c9TICO, C\u00e9spedes sint\u00e9ticos residenciales","og_description":"Scopri CLEAN GARDEN PRONTO C\u00c9SPED SINT\u00c9TICO, Limpieza y mantenimiento, C\u00c9SPED SINT\u00c9TICO, C\u00e9spedes sint\u00e9ticos residenciales. Dal 1965 Chimiver \u00e8 leader nel mercato dei prodotti per incollaggio, trattamento e manutenzione dei pavimenti.","og_url":"https:\/\/chimiver.com\/es\/producto\/clean-garden-pronto\/","og_site_name":"Chimiver","article_publisher":"https:\/\/www.facebook.com\/chimiver","article_modified_time":"2023-07-25T13:41:08+00:00","og_image":[{"width":640,"height":640,"url":"https:\/\/chimiver.com\/wp-content\/uploads\/2022\/01\/206_22edf.jpg","type":"image\/jpeg"}],"twitter_card":"summary_large_image","twitter_misc":{"Tiempo de lectura":"1 minuto"},"schema":{"@context":"https:\/\/schema.org","@graph":[{"@type":"WebPage","@id":"https:\/\/chimiver.com\/es\/producto\/clean-garden-pronto\/","url":"https:\/\/chimiver.com\/es\/producto\/clean-garden-pronto\/","name":"CLEAN GARDEN PRONTO - Chimiver C\u00c9SPED SINT\u00c9TICO, Limpieza y mantenimiento, C\u00c9SPED SINT\u00c9TICO, C\u00e9spedes sint\u00e9ticos residenciales","isPartOf":{"@id":"https:\/\/chimiver.com\/es\/#website"},"primaryImageOfPage":{"@id":"https:\/\/chimiver.com\/es\/producto\/clean-garden-pronto\/#primaryimage"},"image":{"@id":"https:\/\/chimiver.com\/es\/producto\/clean-garden-pronto\/#primaryimage"},"thumbnailUrl":"https:\/\/chimiver.com\/wp-content\/uploads\/2022\/01\/206_22edf.jpg","datePublished":"2022-01-21T11:15:19+00:00","dateModified":"2023-07-25T13:41:08+00:00","description":"Scopri CLEAN GARDEN PRONTO C\u00c9SPED SINT\u00c9TICO, Limpieza y mantenimiento, C\u00c9SPED SINT\u00c9TICO, C\u00e9spedes sint\u00e9ticos residenciales. Dal 1965 Chimiver \u00e8 leader nel mercato dei prodotti per incollaggio, trattamento e manutenzione dei pavimenti.","breadcrumb":{"@id":"https:\/\/chimiver.com\/es\/producto\/clean-garden-pronto\/#breadcrumb"},"inLanguage":"es","potentialAction":[{"@type":"ReadAction","target":["https:\/\/chimiver.com\/es\/producto\/clean-garden-pronto\/"]}]},{"@type":"ImageObject","inLanguage":"es","@id":"https:\/\/chimiver.com\/es\/producto\/clean-garden-pronto\/#primaryimage","url":"https:\/\/chimiver.com\/wp-content\/uploads\/2022\/01\/206_22edf.jpg","contentUrl":"https:\/\/chimiver.com\/wp-content\/uploads\/2022\/01\/206_22edf.jpg","width":640,"height":640,"caption":"CLEAN GARDEN Pronto_750ml"},{"@type":"BreadcrumbList","@id":"https:\/\/chimiver.com\/es\/producto\/clean-garden-pronto\/#breadcrumb","itemListElement":[{"@type":"ListItem","position":1,"name":"Home","item":"https:\/\/chimiver.com\/es\/"},{"@type":"ListItem","position":2,"name":"Shop","item":"https:\/\/chimiver.com\/?page_id=10"},{"@type":"ListItem","position":3,"name":"CLEAN GARDEN PRONTO"}]},{"@type":"WebSite","@id":"https:\/\/chimiver.com\/es\/#website","url":"https:\/\/chimiver.com\/es\/","name":"Chimiver, Your floors partner","description":"Su partner de pisos","publisher":{"@id":"https:\/\/chimiver.com\/es\/#organization"},"alternateName":"Chimiver","potentialAction":[{"@type":"SearchAction","target":{"@type":"EntryPoint","urlTemplate":"https:\/\/chimiver.com\/es\/?s={search_term_string}"},"query-input":{"@type":"PropertyValueSpecification","valueRequired":true,"valueName":"search_term_string"}}],"inLanguage":"es"},{"@type":"Organization","@id":"https:\/\/chimiver.com\/es\/#organization","name":"Chimiver","url":"https:\/\/chimiver.com\/es\/","logo":{"@type":"ImageObject","inLanguage":"es","@id":"https:\/\/chimiver.com\/es\/#\/schema\/logo\/image\/","url":"https:\/\/chimiver.com\/wp-content\/uploads\/2022\/06\/Chimiver_500x500.jpg","contentUrl":"https:\/\/chimiver.com\/wp-content\/uploads\/2022\/06\/Chimiver_500x500.jpg","width":500,"height":500,"caption":"Chimiver"},"image":{"@id":"https:\/\/chimiver.com\/es\/#\/schema\/logo\/image\/"},"sameAs":["https:\/\/www.facebook.com\/chimiver"]}]}},"_links":{"self":[{"href":"https:\/\/chimiver.com\/es\/wp-json\/wp\/v2\/product\/6893","targetHints":{"allow":["GET"]}}],"collection":[{"href":"https:\/\/chimiver.com\/es\/wp-json\/wp\/v2\/product"}],"about":[{"href":"https:\/\/chimiver.com\/es\/wp-json\/wp\/v2\/types\/product"}],"replies":[{"embeddable":true,"href":"https:\/\/chimiver.com\/es\/wp-json\/wp\/v2\/comments?post=6893"}],"wp:featuredmedia":[{"embeddable":true,"href":"https:\/\/chimiver.com\/es\/wp-json\/wp\/v2\/media\/4506"}],"wp:attachment":[{"href":"https:\/\/chimiver.com\/es\/wp-json\/wp\/v2\/media?parent=6893"}],"wp:term":[{"taxonomy":"product_brand","embeddable":true,"href":"https:\/\/chimiver.com\/es\/wp-json\/wp\/v2\/product_brand?post=6893"},{"taxonomy":"product_cat","embeddable":true,"href":"https:\/\/chimiver.com\/es\/wp-json\/wp\/v2\/product_cat?post=6893"},{"taxonomy":"product_tag","embeddable":true,"href":"https:\/\/chimiver.com\/es\/wp-json\/wp\/v2\/product_tag?post=6893"}],"curies":[{"name":"wp","href":"https:\/\/api.w.org\/{rel}","templated":true}]}}