{"id":6903,"date":"2022-01-21T12:15:19","date_gmt":"2022-01-21T11:15:19","guid":{"rendered":"https:\/\/chimiver.com\/prodotto\/lios-sundeck-wood-oil\/"},"modified":"2025-03-03T16:15:47","modified_gmt":"2025-03-03T15:15:47","slug":"lios-sundeck-wood-oil","status":"publish","type":"product","link":"https:\/\/chimiver.com\/es\/producto\/lios-sundeck-wood-oil\/","title":{"rendered":"LIOS SUNDECK WOOD OIL"},"content":{"rendered":"<p>Impregnante para la madera de exteriores. Esta indicado especialmente para el tratamiento de pisos de madera de exteriores (bordes de piscinas, terrazas, pasarelas), marcos, cenadores, cercas, techados de madera. Est\u00e1 compuesto de aceites naturales y sint\u00e9ticos, aditivados de absorbentes de rayos ultravioletas y de especiales antienvejecedores contra el deterioro de la madera. No se agrieta. No degrada gomas y juntas de dilataci\u00f2n. Pigmentado para dar una tonalidad m\u00e1s c\u00e1lida al decking.<\/p>\n","protected":false},"excerpt":{"rendered":"Agente de impregnaci\u00f3n para la madera de exteriores","protected":false},"featured_media":4602,"comment_status":"open","ping_status":"closed","template":"","meta":{"_acf_changed":false,"inline_featured_image":false},"product_brand":[],"product_cat":[430,541,544,527,528],"product_tag":[],"class_list":{"0":"post-6903","1":"product","2":"type-product","3":"status-publish","4":"has-post-thumbnail","6":"product_cat-exterior","7":"product_cat-decking-madera-es","8":"product_cat-tratamiento-decking","9":"product_cat-pavimentos-exteriores","10":"product_cat-decking-madera","12":"first","13":"instock","14":"shipping-taxable","15":"product-type-simple","16":"add-to-wishlist-after_add_to_cart"},"acf":[],"yoast_head":"<!-- This site is optimized with the Yoast SEO plugin v26.2 - https:\/\/yoast.com\/wordpress\/plugins\/seo\/ -->\n<title>LIOS SUNDECK WOOD OIL - Chimiver EXTERIOR, Decking - Madera, Tratamiento Decking, PAVIMENTOS EXTERIORES, Decking - Madera<\/title>\n<meta name=\"description\" content=\"Scopri LIOS SUNDECK WOOD OIL EXTERIOR, Decking - Madera, Tratamiento Decking, PAVIMENTOS EXTERIORES, Decking - Madera. Dal 1965 Chimiver \u00e8 leader nel mercato dei prodotti per incollaggio, trattamento e manutenzione dei pavimenti.\" \/>\n<meta name=\"robots\" content=\"index, follow, max-snippet:-1, max-image-preview:large, max-video-preview:-1\" \/>\n<link rel=\"canonical\" href=\"https:\/\/chimiver.com\/es\/producto\/lios-sundeck-wood-oil\/\" \/>\n<meta property=\"og:locale\" content=\"es_ES\" \/>\n<meta property=\"og:type\" content=\"article\" \/>\n<meta property=\"og:title\" content=\"LIOS SUNDECK WOOD OIL - Chimiver EXTERIOR, Decking - Madera, Tratamiento Decking, PAVIMENTOS EXTERIORES, Decking - Madera\" \/>\n<meta property=\"og:description\" content=\"Scopri LIOS SUNDECK WOOD OIL EXTERIOR, Decking - Madera, Tratamiento Decking, PAVIMENTOS EXTERIORES, Decking - Madera. Dal 1965 Chimiver \u00e8 leader nel mercato dei prodotti per incollaggio, trattamento e manutenzione dei pavimenti.\" \/>\n<meta property=\"og:url\" content=\"https:\/\/chimiver.com\/es\/producto\/lios-sundeck-wood-oil\/\" \/>\n<meta property=\"og:site_name\" content=\"Chimiver\" \/>\n<meta property=\"article:publisher\" content=\"https:\/\/www.facebook.com\/chimiver\" \/>\n<meta property=\"article:modified_time\" content=\"2025-03-03T15:15:47+00:00\" \/>\n<meta property=\"og:image\" content=\"https:\/\/chimiver.com\/wp-content\/uploads\/2022\/01\/133_3dbb3.jpg\" \/>\n\t<meta property=\"og:image:width\" content=\"640\" \/>\n\t<meta property=\"og:image:height\" content=\"640\" \/>\n\t<meta property=\"og:image:type\" content=\"image\/jpeg\" \/>\n<meta name=\"twitter:card\" content=\"summary_large_image\" \/>\n<meta name=\"twitter:label1\" content=\"Tiempo de lectura\" \/>\n\t<meta name=\"twitter:data1\" content=\"1 minuto\" \/>\n<script type=\"application\/ld+json\" class=\"yoast-schema-graph\">{\"@context\":\"https:\/\/schema.org\",\"@graph\":[{\"@type\":\"WebPage\",\"@id\":\"https:\/\/chimiver.com\/es\/producto\/lios-sundeck-wood-oil\/\",\"url\":\"https:\/\/chimiver.com\/es\/producto\/lios-sundeck-wood-oil\/\",\"name\":\"LIOS SUNDECK WOOD OIL - Chimiver EXTERIOR, Decking - Madera, Tratamiento Decking, PAVIMENTOS EXTERIORES, Decking - Madera\",\"isPartOf\":{\"@id\":\"https:\/\/chimiver.com\/es\/#website\"},\"primaryImageOfPage\":{\"@id\":\"https:\/\/chimiver.com\/es\/producto\/lios-sundeck-wood-oil\/#primaryimage\"},\"image\":{\"@id\":\"https:\/\/chimiver.com\/es\/producto\/lios-sundeck-wood-oil\/#primaryimage\"},\"thumbnailUrl\":\"https:\/\/chimiver.com\/wp-content\/uploads\/2022\/01\/133_3dbb3.jpg\",\"datePublished\":\"2022-01-21T11:15:19+00:00\",\"dateModified\":\"2025-03-03T15:15:47+00:00\",\"description\":\"Scopri LIOS SUNDECK WOOD OIL EXTERIOR, Decking - Madera, Tratamiento Decking, PAVIMENTOS EXTERIORES, Decking - Madera. Dal 1965 Chimiver \u00e8 leader nel mercato dei prodotti per incollaggio, trattamento e manutenzione dei pavimenti.\",\"breadcrumb\":{\"@id\":\"https:\/\/chimiver.com\/es\/producto\/lios-sundeck-wood-oil\/#breadcrumb\"},\"inLanguage\":\"es\",\"potentialAction\":[{\"@type\":\"ReadAction\",\"target\":[\"https:\/\/chimiver.com\/es\/producto\/lios-sundeck-wood-oil\/\"]}]},{\"@type\":\"ImageObject\",\"inLanguage\":\"es\",\"@id\":\"https:\/\/chimiver.com\/es\/producto\/lios-sundeck-wood-oil\/#primaryimage\",\"url\":\"https:\/\/chimiver.com\/wp-content\/uploads\/2022\/01\/133_3dbb3.jpg\",\"contentUrl\":\"https:\/\/chimiver.com\/wp-content\/uploads\/2022\/01\/133_3dbb3.jpg\",\"width\":640,\"height\":640,\"caption\":\"LIOS Sundeck Wood Oil_5L\"},{\"@type\":\"BreadcrumbList\",\"@id\":\"https:\/\/chimiver.com\/es\/producto\/lios-sundeck-wood-oil\/#breadcrumb\",\"itemListElement\":[{\"@type\":\"ListItem\",\"position\":1,\"name\":\"Home\",\"item\":\"https:\/\/chimiver.com\/es\/\"},{\"@type\":\"ListItem\",\"position\":2,\"name\":\"Shop\",\"item\":\"https:\/\/chimiver.com\/?page_id=10\"},{\"@type\":\"ListItem\",\"position\":3,\"name\":\"LIOS SUNDECK WOOD OIL\"}]},{\"@type\":\"WebSite\",\"@id\":\"https:\/\/chimiver.com\/es\/#website\",\"url\":\"https:\/\/chimiver.com\/es\/\",\"name\":\"Chimiver, Your floors partner\",\"description\":\"Su partner de pisos\",\"publisher\":{\"@id\":\"https:\/\/chimiver.com\/es\/#organization\"},\"alternateName\":\"Chimiver\",\"potentialAction\":[{\"@type\":\"SearchAction\",\"target\":{\"@type\":\"EntryPoint\",\"urlTemplate\":\"https:\/\/chimiver.com\/es\/?s={search_term_string}\"},\"query-input\":{\"@type\":\"PropertyValueSpecification\",\"valueRequired\":true,\"valueName\":\"search_term_string\"}}],\"inLanguage\":\"es\"},{\"@type\":\"Organization\",\"@id\":\"https:\/\/chimiver.com\/es\/#organization\",\"name\":\"Chimiver\",\"url\":\"https:\/\/chimiver.com\/es\/\",\"logo\":{\"@type\":\"ImageObject\",\"inLanguage\":\"es\",\"@id\":\"https:\/\/chimiver.com\/es\/#\/schema\/logo\/image\/\",\"url\":\"https:\/\/chimiver.com\/wp-content\/uploads\/2022\/06\/Chimiver_500x500.jpg\",\"contentUrl\":\"https:\/\/chimiver.com\/wp-content\/uploads\/2022\/06\/Chimiver_500x500.jpg\",\"width\":500,\"height\":500,\"caption\":\"Chimiver\"},\"image\":{\"@id\":\"https:\/\/chimiver.com\/es\/#\/schema\/logo\/image\/\"},\"sameAs\":[\"https:\/\/www.facebook.com\/chimiver\"]}]}<\/script>\n<!-- \/ Yoast SEO plugin. -->","yoast_head_json":{"title":"LIOS SUNDECK WOOD OIL - Chimiver EXTERIOR, Decking - Madera, Tratamiento Decking, PAVIMENTOS EXTERIORES, Decking - Madera","description":"Scopri LIOS SUNDECK WOOD OIL EXTERIOR, Decking - Madera, Tratamiento Decking, PAVIMENTOS EXTERIORES, Decking - Madera. Dal 1965 Chimiver \u00e8 leader nel mercato dei prodotti per incollaggio, trattamento e manutenzione dei pavimenti.","robots":{"index":"index","follow":"follow","max-snippet":"max-snippet:-1","max-image-preview":"max-image-preview:large","max-video-preview":"max-video-preview:-1"},"canonical":"https:\/\/chimiver.com\/es\/producto\/lios-sundeck-wood-oil\/","og_locale":"es_ES","og_type":"article","og_title":"LIOS SUNDECK WOOD OIL - Chimiver EXTERIOR, Decking - Madera, Tratamiento Decking, PAVIMENTOS EXTERIORES, Decking - Madera","og_description":"Scopri LIOS SUNDECK WOOD OIL EXTERIOR, Decking - Madera, Tratamiento Decking, PAVIMENTOS EXTERIORES, Decking - Madera. Dal 1965 Chimiver \u00e8 leader nel mercato dei prodotti per incollaggio, trattamento e manutenzione dei pavimenti.","og_url":"https:\/\/chimiver.com\/es\/producto\/lios-sundeck-wood-oil\/","og_site_name":"Chimiver","article_publisher":"https:\/\/www.facebook.com\/chimiver","article_modified_time":"2025-03-03T15:15:47+00:00","og_image":[{"width":640,"height":640,"url":"https:\/\/chimiver.com\/wp-content\/uploads\/2022\/01\/133_3dbb3.jpg","type":"image\/jpeg"}],"twitter_card":"summary_large_image","twitter_misc":{"Tiempo de lectura":"1 minuto"},"schema":{"@context":"https:\/\/schema.org","@graph":[{"@type":"WebPage","@id":"https:\/\/chimiver.com\/es\/producto\/lios-sundeck-wood-oil\/","url":"https:\/\/chimiver.com\/es\/producto\/lios-sundeck-wood-oil\/","name":"LIOS SUNDECK WOOD OIL - Chimiver EXTERIOR, Decking - Madera, Tratamiento Decking, PAVIMENTOS EXTERIORES, Decking - Madera","isPartOf":{"@id":"https:\/\/chimiver.com\/es\/#website"},"primaryImageOfPage":{"@id":"https:\/\/chimiver.com\/es\/producto\/lios-sundeck-wood-oil\/#primaryimage"},"image":{"@id":"https:\/\/chimiver.com\/es\/producto\/lios-sundeck-wood-oil\/#primaryimage"},"thumbnailUrl":"https:\/\/chimiver.com\/wp-content\/uploads\/2022\/01\/133_3dbb3.jpg","datePublished":"2022-01-21T11:15:19+00:00","dateModified":"2025-03-03T15:15:47+00:00","description":"Scopri LIOS SUNDECK WOOD OIL EXTERIOR, Decking - Madera, Tratamiento Decking, PAVIMENTOS EXTERIORES, Decking - Madera. Dal 1965 Chimiver \u00e8 leader nel mercato dei prodotti per incollaggio, trattamento e manutenzione dei pavimenti.","breadcrumb":{"@id":"https:\/\/chimiver.com\/es\/producto\/lios-sundeck-wood-oil\/#breadcrumb"},"inLanguage":"es","potentialAction":[{"@type":"ReadAction","target":["https:\/\/chimiver.com\/es\/producto\/lios-sundeck-wood-oil\/"]}]},{"@type":"ImageObject","inLanguage":"es","@id":"https:\/\/chimiver.com\/es\/producto\/lios-sundeck-wood-oil\/#primaryimage","url":"https:\/\/chimiver.com\/wp-content\/uploads\/2022\/01\/133_3dbb3.jpg","contentUrl":"https:\/\/chimiver.com\/wp-content\/uploads\/2022\/01\/133_3dbb3.jpg","width":640,"height":640,"caption":"LIOS Sundeck Wood Oil_5L"},{"@type":"BreadcrumbList","@id":"https:\/\/chimiver.com\/es\/producto\/lios-sundeck-wood-oil\/#breadcrumb","itemListElement":[{"@type":"ListItem","position":1,"name":"Home","item":"https:\/\/chimiver.com\/es\/"},{"@type":"ListItem","position":2,"name":"Shop","item":"https:\/\/chimiver.com\/?page_id=10"},{"@type":"ListItem","position":3,"name":"LIOS SUNDECK WOOD OIL"}]},{"@type":"WebSite","@id":"https:\/\/chimiver.com\/es\/#website","url":"https:\/\/chimiver.com\/es\/","name":"Chimiver, Your floors partner","description":"Su partner de pisos","publisher":{"@id":"https:\/\/chimiver.com\/es\/#organization"},"alternateName":"Chimiver","potentialAction":[{"@type":"SearchAction","target":{"@type":"EntryPoint","urlTemplate":"https:\/\/chimiver.com\/es\/?s={search_term_string}"},"query-input":{"@type":"PropertyValueSpecification","valueRequired":true,"valueName":"search_term_string"}}],"inLanguage":"es"},{"@type":"Organization","@id":"https:\/\/chimiver.com\/es\/#organization","name":"Chimiver","url":"https:\/\/chimiver.com\/es\/","logo":{"@type":"ImageObject","inLanguage":"es","@id":"https:\/\/chimiver.com\/es\/#\/schema\/logo\/image\/","url":"https:\/\/chimiver.com\/wp-content\/uploads\/2022\/06\/Chimiver_500x500.jpg","contentUrl":"https:\/\/chimiver.com\/wp-content\/uploads\/2022\/06\/Chimiver_500x500.jpg","width":500,"height":500,"caption":"Chimiver"},"image":{"@id":"https:\/\/chimiver.com\/es\/#\/schema\/logo\/image\/"},"sameAs":["https:\/\/www.facebook.com\/chimiver"]}]}},"_links":{"self":[{"href":"https:\/\/chimiver.com\/es\/wp-json\/wp\/v2\/product\/6903","targetHints":{"allow":["GET"]}}],"collection":[{"href":"https:\/\/chimiver.com\/es\/wp-json\/wp\/v2\/product"}],"about":[{"href":"https:\/\/chimiver.com\/es\/wp-json\/wp\/v2\/types\/product"}],"replies":[{"embeddable":true,"href":"https:\/\/chimiver.com\/es\/wp-json\/wp\/v2\/comments?post=6903"}],"wp:featuredmedia":[{"embeddable":true,"href":"https:\/\/chimiver.com\/es\/wp-json\/wp\/v2\/media\/4602"}],"wp:attachment":[{"href":"https:\/\/chimiver.com\/es\/wp-json\/wp\/v2\/media?parent=6903"}],"wp:term":[{"taxonomy":"product_brand","embeddable":true,"href":"https:\/\/chimiver.com\/es\/wp-json\/wp\/v2\/product_brand?post=6903"},{"taxonomy":"product_cat","embeddable":true,"href":"https:\/\/chimiver.com\/es\/wp-json\/wp\/v2\/product_cat?post=6903"},{"taxonomy":"product_tag","embeddable":true,"href":"https:\/\/chimiver.com\/es\/wp-json\/wp\/v2\/product_tag?post=6903"}],"curies":[{"name":"wp","href":"https:\/\/api.w.org\/{rel}","templated":true}]}}