{"id":6941,"date":"2022-01-21T12:14:55","date_gmt":"2022-01-21T11:14:55","guid":{"rendered":"https:\/\/chimiver.com\/prodotto\/pulitore-intensivo-wpc\/"},"modified":"2023-07-25T15:44:00","modified_gmt":"2023-07-25T13:44:00","slug":"pulitore-intensivo-wpc","status":"publish","type":"product","link":"https:\/\/chimiver.com\/es\/producto\/pulitore-intensivo-wpc\/","title":{"rendered":"PULITORE INTENSIVO WPC"},"content":{"rendered":"<p>Limpiador intensivo a base de extractos de plantas indicado para la limpieza intensiva de los pisos del WPC, materiales de pretensado y compuestos distintos de la madera. PULITORE INTENSIVO WPC es un detergente con especiales nanopart\u00edculas que dan a la superficie una limpieza profunda prolongada. Elimina f\u00e1cilmente la suciedad a\u00fan m\u00e1s intensa. Ideal tambi\u00e9n en presencia de animales dom\u00e9sticos.<\/p>\n","protected":false},"excerpt":{"rendered":"Limpiador intensivo para WPC (Wood Plastic Compound)","protected":false},"featured_media":4568,"comment_status":"open","ping_status":"closed","template":"","meta":{"_acf_changed":false,"inline_featured_image":false},"product_brand":[],"product_cat":[430,542,551,527,529],"product_tag":[],"class_list":{"0":"post-6941","1":"product","2":"type-product","3":"status-publish","4":"has-post-thumbnail","6":"product_cat-exterior","7":"product_cat-decking-wpc-es-2","8":"product_cat-limpieza-wpc","9":"product_cat-pavimentos-exteriores","10":"product_cat-decking-wpc-es","12":"first","13":"instock","14":"shipping-taxable","15":"product-type-simple","16":"add-to-wishlist-after_add_to_cart"},"acf":[],"yoast_head":"<!-- This site is optimized with the Yoast SEO plugin v26.2 - https:\/\/yoast.com\/wordpress\/plugins\/seo\/ -->\n<title>PULITORE INTENSIVO WPC - Chimiver EXTERIOR, Decking - WPC, Limpieza WPC, PAVIMENTOS EXTERIORES, Decking - WPC<\/title>\n<meta name=\"description\" content=\"Scopri PULITORE INTENSIVO WPC EXTERIOR, Decking - WPC, Limpieza WPC, PAVIMENTOS EXTERIORES, Decking - WPC. Dal 1965 Chimiver \u00e8 leader nel mercato dei prodotti per incollaggio, trattamento e manutenzione dei pavimenti.\" \/>\n<meta name=\"robots\" content=\"index, follow, max-snippet:-1, max-image-preview:large, max-video-preview:-1\" \/>\n<link rel=\"canonical\" href=\"https:\/\/chimiver.com\/es\/producto\/pulitore-intensivo-wpc\/\" \/>\n<meta property=\"og:locale\" content=\"es_ES\" \/>\n<meta property=\"og:type\" content=\"article\" \/>\n<meta property=\"og:title\" content=\"PULITORE INTENSIVO WPC - Chimiver EXTERIOR, Decking - WPC, Limpieza WPC, PAVIMENTOS EXTERIORES, Decking - WPC\" \/>\n<meta property=\"og:description\" content=\"Scopri PULITORE INTENSIVO WPC EXTERIOR, Decking - WPC, Limpieza WPC, PAVIMENTOS EXTERIORES, Decking - WPC. Dal 1965 Chimiver \u00e8 leader nel mercato dei prodotti per incollaggio, trattamento e manutenzione dei pavimenti.\" \/>\n<meta property=\"og:url\" content=\"https:\/\/chimiver.com\/es\/producto\/pulitore-intensivo-wpc\/\" \/>\n<meta property=\"og:site_name\" content=\"Chimiver\" \/>\n<meta property=\"article:publisher\" content=\"https:\/\/www.facebook.com\/chimiver\" \/>\n<meta property=\"article:modified_time\" content=\"2023-07-25T13:44:00+00:00\" \/>\n<meta property=\"og:image\" content=\"https:\/\/chimiver.com\/wp-content\/uploads\/2022\/01\/164_22d19.jpg\" \/>\n\t<meta property=\"og:image:width\" content=\"640\" \/>\n\t<meta property=\"og:image:height\" content=\"640\" \/>\n\t<meta property=\"og:image:type\" content=\"image\/jpeg\" \/>\n<meta name=\"twitter:card\" content=\"summary_large_image\" \/>\n<meta name=\"twitter:label1\" content=\"Tiempo de lectura\" \/>\n\t<meta name=\"twitter:data1\" content=\"1 minuto\" \/>\n<script type=\"application\/ld+json\" class=\"yoast-schema-graph\">{\"@context\":\"https:\/\/schema.org\",\"@graph\":[{\"@type\":\"WebPage\",\"@id\":\"https:\/\/chimiver.com\/es\/producto\/pulitore-intensivo-wpc\/\",\"url\":\"https:\/\/chimiver.com\/es\/producto\/pulitore-intensivo-wpc\/\",\"name\":\"PULITORE INTENSIVO WPC - Chimiver EXTERIOR, Decking - WPC, Limpieza WPC, PAVIMENTOS EXTERIORES, Decking - WPC\",\"isPartOf\":{\"@id\":\"https:\/\/chimiver.com\/es\/#website\"},\"primaryImageOfPage\":{\"@id\":\"https:\/\/chimiver.com\/es\/producto\/pulitore-intensivo-wpc\/#primaryimage\"},\"image\":{\"@id\":\"https:\/\/chimiver.com\/es\/producto\/pulitore-intensivo-wpc\/#primaryimage\"},\"thumbnailUrl\":\"https:\/\/chimiver.com\/wp-content\/uploads\/2022\/01\/164_22d19.jpg\",\"datePublished\":\"2022-01-21T11:14:55+00:00\",\"dateModified\":\"2023-07-25T13:44:00+00:00\",\"description\":\"Scopri PULITORE INTENSIVO WPC EXTERIOR, Decking - WPC, Limpieza WPC, PAVIMENTOS EXTERIORES, Decking - WPC. Dal 1965 Chimiver \u00e8 leader nel mercato dei prodotti per incollaggio, trattamento e manutenzione dei pavimenti.\",\"breadcrumb\":{\"@id\":\"https:\/\/chimiver.com\/es\/producto\/pulitore-intensivo-wpc\/#breadcrumb\"},\"inLanguage\":\"es\",\"potentialAction\":[{\"@type\":\"ReadAction\",\"target\":[\"https:\/\/chimiver.com\/es\/producto\/pulitore-intensivo-wpc\/\"]}]},{\"@type\":\"ImageObject\",\"inLanguage\":\"es\",\"@id\":\"https:\/\/chimiver.com\/es\/producto\/pulitore-intensivo-wpc\/#primaryimage\",\"url\":\"https:\/\/chimiver.com\/wp-content\/uploads\/2022\/01\/164_22d19.jpg\",\"contentUrl\":\"https:\/\/chimiver.com\/wp-content\/uploads\/2022\/01\/164_22d19.jpg\",\"width\":640,\"height\":640,\"caption\":\"Pulitore Intensivo WPC_1L\"},{\"@type\":\"BreadcrumbList\",\"@id\":\"https:\/\/chimiver.com\/es\/producto\/pulitore-intensivo-wpc\/#breadcrumb\",\"itemListElement\":[{\"@type\":\"ListItem\",\"position\":1,\"name\":\"Home\",\"item\":\"https:\/\/chimiver.com\/es\/\"},{\"@type\":\"ListItem\",\"position\":2,\"name\":\"Shop\",\"item\":\"https:\/\/chimiver.com\/?page_id=10\"},{\"@type\":\"ListItem\",\"position\":3,\"name\":\"PULITORE INTENSIVO WPC\"}]},{\"@type\":\"WebSite\",\"@id\":\"https:\/\/chimiver.com\/es\/#website\",\"url\":\"https:\/\/chimiver.com\/es\/\",\"name\":\"Chimiver, Your floors partner\",\"description\":\"Su partner de pisos\",\"publisher\":{\"@id\":\"https:\/\/chimiver.com\/es\/#organization\"},\"alternateName\":\"Chimiver\",\"potentialAction\":[{\"@type\":\"SearchAction\",\"target\":{\"@type\":\"EntryPoint\",\"urlTemplate\":\"https:\/\/chimiver.com\/es\/?s={search_term_string}\"},\"query-input\":{\"@type\":\"PropertyValueSpecification\",\"valueRequired\":true,\"valueName\":\"search_term_string\"}}],\"inLanguage\":\"es\"},{\"@type\":\"Organization\",\"@id\":\"https:\/\/chimiver.com\/es\/#organization\",\"name\":\"Chimiver\",\"url\":\"https:\/\/chimiver.com\/es\/\",\"logo\":{\"@type\":\"ImageObject\",\"inLanguage\":\"es\",\"@id\":\"https:\/\/chimiver.com\/es\/#\/schema\/logo\/image\/\",\"url\":\"https:\/\/chimiver.com\/wp-content\/uploads\/2022\/06\/Chimiver_500x500.jpg\",\"contentUrl\":\"https:\/\/chimiver.com\/wp-content\/uploads\/2022\/06\/Chimiver_500x500.jpg\",\"width\":500,\"height\":500,\"caption\":\"Chimiver\"},\"image\":{\"@id\":\"https:\/\/chimiver.com\/es\/#\/schema\/logo\/image\/\"},\"sameAs\":[\"https:\/\/www.facebook.com\/chimiver\"]}]}<\/script>\n<!-- \/ Yoast SEO plugin. -->","yoast_head_json":{"title":"PULITORE INTENSIVO WPC - Chimiver EXTERIOR, Decking - WPC, Limpieza WPC, PAVIMENTOS EXTERIORES, Decking - WPC","description":"Scopri PULITORE INTENSIVO WPC EXTERIOR, Decking - WPC, Limpieza WPC, PAVIMENTOS EXTERIORES, Decking - WPC. Dal 1965 Chimiver \u00e8 leader nel mercato dei prodotti per incollaggio, trattamento e manutenzione dei pavimenti.","robots":{"index":"index","follow":"follow","max-snippet":"max-snippet:-1","max-image-preview":"max-image-preview:large","max-video-preview":"max-video-preview:-1"},"canonical":"https:\/\/chimiver.com\/es\/producto\/pulitore-intensivo-wpc\/","og_locale":"es_ES","og_type":"article","og_title":"PULITORE INTENSIVO WPC - Chimiver EXTERIOR, Decking - WPC, Limpieza WPC, PAVIMENTOS EXTERIORES, Decking - WPC","og_description":"Scopri PULITORE INTENSIVO WPC EXTERIOR, Decking - WPC, Limpieza WPC, PAVIMENTOS EXTERIORES, Decking - WPC. Dal 1965 Chimiver \u00e8 leader nel mercato dei prodotti per incollaggio, trattamento e manutenzione dei pavimenti.","og_url":"https:\/\/chimiver.com\/es\/producto\/pulitore-intensivo-wpc\/","og_site_name":"Chimiver","article_publisher":"https:\/\/www.facebook.com\/chimiver","article_modified_time":"2023-07-25T13:44:00+00:00","og_image":[{"width":640,"height":640,"url":"https:\/\/chimiver.com\/wp-content\/uploads\/2022\/01\/164_22d19.jpg","type":"image\/jpeg"}],"twitter_card":"summary_large_image","twitter_misc":{"Tiempo de lectura":"1 minuto"},"schema":{"@context":"https:\/\/schema.org","@graph":[{"@type":"WebPage","@id":"https:\/\/chimiver.com\/es\/producto\/pulitore-intensivo-wpc\/","url":"https:\/\/chimiver.com\/es\/producto\/pulitore-intensivo-wpc\/","name":"PULITORE INTENSIVO WPC - Chimiver EXTERIOR, Decking - WPC, Limpieza WPC, PAVIMENTOS EXTERIORES, Decking - WPC","isPartOf":{"@id":"https:\/\/chimiver.com\/es\/#website"},"primaryImageOfPage":{"@id":"https:\/\/chimiver.com\/es\/producto\/pulitore-intensivo-wpc\/#primaryimage"},"image":{"@id":"https:\/\/chimiver.com\/es\/producto\/pulitore-intensivo-wpc\/#primaryimage"},"thumbnailUrl":"https:\/\/chimiver.com\/wp-content\/uploads\/2022\/01\/164_22d19.jpg","datePublished":"2022-01-21T11:14:55+00:00","dateModified":"2023-07-25T13:44:00+00:00","description":"Scopri PULITORE INTENSIVO WPC EXTERIOR, Decking - WPC, Limpieza WPC, PAVIMENTOS EXTERIORES, Decking - WPC. Dal 1965 Chimiver \u00e8 leader nel mercato dei prodotti per incollaggio, trattamento e manutenzione dei pavimenti.","breadcrumb":{"@id":"https:\/\/chimiver.com\/es\/producto\/pulitore-intensivo-wpc\/#breadcrumb"},"inLanguage":"es","potentialAction":[{"@type":"ReadAction","target":["https:\/\/chimiver.com\/es\/producto\/pulitore-intensivo-wpc\/"]}]},{"@type":"ImageObject","inLanguage":"es","@id":"https:\/\/chimiver.com\/es\/producto\/pulitore-intensivo-wpc\/#primaryimage","url":"https:\/\/chimiver.com\/wp-content\/uploads\/2022\/01\/164_22d19.jpg","contentUrl":"https:\/\/chimiver.com\/wp-content\/uploads\/2022\/01\/164_22d19.jpg","width":640,"height":640,"caption":"Pulitore Intensivo WPC_1L"},{"@type":"BreadcrumbList","@id":"https:\/\/chimiver.com\/es\/producto\/pulitore-intensivo-wpc\/#breadcrumb","itemListElement":[{"@type":"ListItem","position":1,"name":"Home","item":"https:\/\/chimiver.com\/es\/"},{"@type":"ListItem","position":2,"name":"Shop","item":"https:\/\/chimiver.com\/?page_id=10"},{"@type":"ListItem","position":3,"name":"PULITORE INTENSIVO WPC"}]},{"@type":"WebSite","@id":"https:\/\/chimiver.com\/es\/#website","url":"https:\/\/chimiver.com\/es\/","name":"Chimiver, Your floors partner","description":"Su partner de pisos","publisher":{"@id":"https:\/\/chimiver.com\/es\/#organization"},"alternateName":"Chimiver","potentialAction":[{"@type":"SearchAction","target":{"@type":"EntryPoint","urlTemplate":"https:\/\/chimiver.com\/es\/?s={search_term_string}"},"query-input":{"@type":"PropertyValueSpecification","valueRequired":true,"valueName":"search_term_string"}}],"inLanguage":"es"},{"@type":"Organization","@id":"https:\/\/chimiver.com\/es\/#organization","name":"Chimiver","url":"https:\/\/chimiver.com\/es\/","logo":{"@type":"ImageObject","inLanguage":"es","@id":"https:\/\/chimiver.com\/es\/#\/schema\/logo\/image\/","url":"https:\/\/chimiver.com\/wp-content\/uploads\/2022\/06\/Chimiver_500x500.jpg","contentUrl":"https:\/\/chimiver.com\/wp-content\/uploads\/2022\/06\/Chimiver_500x500.jpg","width":500,"height":500,"caption":"Chimiver"},"image":{"@id":"https:\/\/chimiver.com\/es\/#\/schema\/logo\/image\/"},"sameAs":["https:\/\/www.facebook.com\/chimiver"]}]}},"_links":{"self":[{"href":"https:\/\/chimiver.com\/es\/wp-json\/wp\/v2\/product\/6941","targetHints":{"allow":["GET"]}}],"collection":[{"href":"https:\/\/chimiver.com\/es\/wp-json\/wp\/v2\/product"}],"about":[{"href":"https:\/\/chimiver.com\/es\/wp-json\/wp\/v2\/types\/product"}],"replies":[{"embeddable":true,"href":"https:\/\/chimiver.com\/es\/wp-json\/wp\/v2\/comments?post=6941"}],"wp:featuredmedia":[{"embeddable":true,"href":"https:\/\/chimiver.com\/es\/wp-json\/wp\/v2\/media\/4568"}],"wp:attachment":[{"href":"https:\/\/chimiver.com\/es\/wp-json\/wp\/v2\/media?parent=6941"}],"wp:term":[{"taxonomy":"product_brand","embeddable":true,"href":"https:\/\/chimiver.com\/es\/wp-json\/wp\/v2\/product_brand?post=6941"},{"taxonomy":"product_cat","embeddable":true,"href":"https:\/\/chimiver.com\/es\/wp-json\/wp\/v2\/product_cat?post=6941"},{"taxonomy":"product_tag","embeddable":true,"href":"https:\/\/chimiver.com\/es\/wp-json\/wp\/v2\/product_tag?post=6941"}],"curies":[{"name":"wp","href":"https:\/\/api.w.org\/{rel}","templated":true}]}}