{"id":7141,"date":"2022-03-11T09:01:34","date_gmt":"2022-03-11T08:01:34","guid":{"rendered":"https:\/\/chimiver.com\/prodotto\/oil-wood-traffik-a-spalma-hv\/"},"modified":"2022-08-01T17:30:49","modified_gmt":"2022-08-01T15:30:49","slug":"oil-wood-traffik-a-spalma-hv","status":"publish","type":"product","link":"https:\/\/chimiver.com\/es\/producto\/oil-wood-traffik-a-spalma-hv\/","title":{"rendered":"OIL WOOD TRAFFIK A SPALMA HV"},"content":{"rendered":"<p>Acabado monocomponente oleouret\u00e1nico para parquet, caracterizado por una resistencia al paso y al desgaste comparable a la de un \u00f3ptimo barniz poliuret\u00e1nico bicomponente a disolvente. Le da al parquet un aspecto c\u00e1lido y suave, t\u00edpico de los acabados con aceite natural, pero con una extrema facilidad de mantenimiento. Desde el punto de vista de la aplicaci\u00f3n, adem\u00e1s, no presenta ning\u00fan problema ya que se dilata muy bien, no crea ni sormonti ni \u00abburbujas\u00bb, es de secado r\u00e1pido y el opacizante se distribuye sobre la superficie de manera extremadamente homog\u00e9nenenea.<\/p>\n","protected":false},"excerpt":{"rendered":"Acabado monocomponente oleouret\u00e1nico efecto aceite-cera de alta viscosidad","protected":false},"featured_media":18264,"comment_status":"open","ping_status":"closed","template":"","meta":{"_acf_changed":false,"inline_featured_image":false},"product_brand":[],"product_cat":[422,573,575],"product_tag":[],"class_list":{"0":"post-7141","1":"product","2":"type-product","3":"status-publish","4":"has-post-thumbnail","6":"product_cat-industria-es","7":"product_cat-barnices-al-disolvente-es","8":"product_cat-barnices-de-oleuretano","10":"first","11":"instock","12":"shipping-taxable","13":"product-type-simple","14":"add-to-wishlist-after_add_to_cart"},"acf":[],"yoast_head":"<!-- This site is optimized with the Yoast SEO plugin v26.2 - https:\/\/yoast.com\/wordpress\/plugins\/seo\/ -->\n<title>OIL WOOD TRAFFIK A SPALMA HV - Chimiver Industria, Barnices al disolvente, Barnices de oleuretano<\/title>\n<meta name=\"description\" content=\"Scopri OIL WOOD TRAFFIK A SPALMA HV Industria, Barnices al disolvente, Barnices de oleuretano. Dal 1965 Chimiver \u00e8 leader nel mercato dei prodotti per incollaggio, trattamento e manutenzione dei pavimenti.\" \/>\n<meta name=\"robots\" content=\"index, follow, max-snippet:-1, max-image-preview:large, max-video-preview:-1\" \/>\n<link rel=\"canonical\" href=\"https:\/\/chimiver.com\/es\/producto\/oil-wood-traffik-a-spalma-hv\/\" \/>\n<meta property=\"og:locale\" content=\"es_ES\" \/>\n<meta property=\"og:type\" content=\"article\" \/>\n<meta property=\"og:title\" content=\"OIL WOOD TRAFFIK A SPALMA HV - Chimiver Industria, Barnices al disolvente, Barnices de oleuretano\" \/>\n<meta property=\"og:description\" content=\"Scopri OIL WOOD TRAFFIK A SPALMA HV Industria, Barnices al disolvente, Barnices de oleuretano. Dal 1965 Chimiver \u00e8 leader nel mercato dei prodotti per incollaggio, trattamento e manutenzione dei pavimenti.\" \/>\n<meta property=\"og:url\" content=\"https:\/\/chimiver.com\/es\/producto\/oil-wood-traffik-a-spalma-hv\/\" \/>\n<meta property=\"og:site_name\" content=\"Chimiver\" \/>\n<meta property=\"article:publisher\" content=\"https:\/\/www.facebook.com\/chimiver\" \/>\n<meta property=\"article:modified_time\" content=\"2022-08-01T15:30:49+00:00\" \/>\n<meta property=\"og:image\" content=\"https:\/\/chimiver.com\/wp-content\/uploads\/2022\/01\/66_1b4d3.jpg\" \/>\n\t<meta property=\"og:image:width\" content=\"640\" \/>\n\t<meta property=\"og:image:height\" content=\"640\" \/>\n\t<meta property=\"og:image:type\" content=\"image\/jpeg\" \/>\n<meta name=\"twitter:card\" content=\"summary_large_image\" \/>\n<meta name=\"twitter:label1\" content=\"Tiempo de lectura\" \/>\n\t<meta name=\"twitter:data1\" content=\"1 minuto\" \/>\n<script type=\"application\/ld+json\" class=\"yoast-schema-graph\">{\"@context\":\"https:\/\/schema.org\",\"@graph\":[{\"@type\":\"WebPage\",\"@id\":\"https:\/\/chimiver.com\/es\/producto\/oil-wood-traffik-a-spalma-hv\/\",\"url\":\"https:\/\/chimiver.com\/es\/producto\/oil-wood-traffik-a-spalma-hv\/\",\"name\":\"OIL WOOD TRAFFIK A SPALMA HV - Chimiver Industria, Barnices al disolvente, Barnices de oleuretano\",\"isPartOf\":{\"@id\":\"https:\/\/chimiver.com\/es\/#website\"},\"primaryImageOfPage\":{\"@id\":\"https:\/\/chimiver.com\/es\/producto\/oil-wood-traffik-a-spalma-hv\/#primaryimage\"},\"image\":{\"@id\":\"https:\/\/chimiver.com\/es\/producto\/oil-wood-traffik-a-spalma-hv\/#primaryimage\"},\"thumbnailUrl\":\"https:\/\/chimiver.com\/wp-content\/uploads\/2024\/03\/LATTA-SOLVENTE-25-INDUSTRIA.jpg\",\"datePublished\":\"2022-03-11T08:01:34+00:00\",\"dateModified\":\"2022-08-01T15:30:49+00:00\",\"description\":\"Scopri OIL WOOD TRAFFIK A SPALMA HV Industria, Barnices al disolvente, Barnices de oleuretano. Dal 1965 Chimiver \u00e8 leader nel mercato dei prodotti per incollaggio, trattamento e manutenzione dei pavimenti.\",\"breadcrumb\":{\"@id\":\"https:\/\/chimiver.com\/es\/producto\/oil-wood-traffik-a-spalma-hv\/#breadcrumb\"},\"inLanguage\":\"es\",\"potentialAction\":[{\"@type\":\"ReadAction\",\"target\":[\"https:\/\/chimiver.com\/es\/producto\/oil-wood-traffik-a-spalma-hv\/\"]}]},{\"@type\":\"ImageObject\",\"inLanguage\":\"es\",\"@id\":\"https:\/\/chimiver.com\/es\/producto\/oil-wood-traffik-a-spalma-hv\/#primaryimage\",\"url\":\"https:\/\/chimiver.com\/wp-content\/uploads\/2024\/03\/LATTA-SOLVENTE-25-INDUSTRIA.jpg\",\"contentUrl\":\"https:\/\/chimiver.com\/wp-content\/uploads\/2024\/03\/LATTA-SOLVENTE-25-INDUSTRIA.jpg\",\"width\":640,\"height\":640},{\"@type\":\"BreadcrumbList\",\"@id\":\"https:\/\/chimiver.com\/es\/producto\/oil-wood-traffik-a-spalma-hv\/#breadcrumb\",\"itemListElement\":[{\"@type\":\"ListItem\",\"position\":1,\"name\":\"Home\",\"item\":\"https:\/\/chimiver.com\/es\/\"},{\"@type\":\"ListItem\",\"position\":2,\"name\":\"Shop\",\"item\":\"https:\/\/chimiver.com\/?page_id=10\"},{\"@type\":\"ListItem\",\"position\":3,\"name\":\"OIL WOOD TRAFFIK A SPALMA HV\"}]},{\"@type\":\"WebSite\",\"@id\":\"https:\/\/chimiver.com\/es\/#website\",\"url\":\"https:\/\/chimiver.com\/es\/\",\"name\":\"Chimiver, Your floors partner\",\"description\":\"Su partner de pisos\",\"publisher\":{\"@id\":\"https:\/\/chimiver.com\/es\/#organization\"},\"alternateName\":\"Chimiver\",\"potentialAction\":[{\"@type\":\"SearchAction\",\"target\":{\"@type\":\"EntryPoint\",\"urlTemplate\":\"https:\/\/chimiver.com\/es\/?s={search_term_string}\"},\"query-input\":{\"@type\":\"PropertyValueSpecification\",\"valueRequired\":true,\"valueName\":\"search_term_string\"}}],\"inLanguage\":\"es\"},{\"@type\":\"Organization\",\"@id\":\"https:\/\/chimiver.com\/es\/#organization\",\"name\":\"Chimiver\",\"url\":\"https:\/\/chimiver.com\/es\/\",\"logo\":{\"@type\":\"ImageObject\",\"inLanguage\":\"es\",\"@id\":\"https:\/\/chimiver.com\/es\/#\/schema\/logo\/image\/\",\"url\":\"https:\/\/chimiver.com\/wp-content\/uploads\/2022\/06\/Chimiver_500x500.jpg\",\"contentUrl\":\"https:\/\/chimiver.com\/wp-content\/uploads\/2022\/06\/Chimiver_500x500.jpg\",\"width\":500,\"height\":500,\"caption\":\"Chimiver\"},\"image\":{\"@id\":\"https:\/\/chimiver.com\/es\/#\/schema\/logo\/image\/\"},\"sameAs\":[\"https:\/\/www.facebook.com\/chimiver\"]}]}<\/script>\n<!-- \/ Yoast SEO plugin. -->","yoast_head_json":{"title":"OIL WOOD TRAFFIK A SPALMA HV - Chimiver Industria, Barnices al disolvente, Barnices de oleuretano","description":"Scopri OIL WOOD TRAFFIK A SPALMA HV Industria, Barnices al disolvente, Barnices de oleuretano. Dal 1965 Chimiver \u00e8 leader nel mercato dei prodotti per incollaggio, trattamento e manutenzione dei pavimenti.","robots":{"index":"index","follow":"follow","max-snippet":"max-snippet:-1","max-image-preview":"max-image-preview:large","max-video-preview":"max-video-preview:-1"},"canonical":"https:\/\/chimiver.com\/es\/producto\/oil-wood-traffik-a-spalma-hv\/","og_locale":"es_ES","og_type":"article","og_title":"OIL WOOD TRAFFIK A SPALMA HV - Chimiver Industria, Barnices al disolvente, Barnices de oleuretano","og_description":"Scopri OIL WOOD TRAFFIK A SPALMA HV Industria, Barnices al disolvente, Barnices de oleuretano. Dal 1965 Chimiver \u00e8 leader nel mercato dei prodotti per incollaggio, trattamento e manutenzione dei pavimenti.","og_url":"https:\/\/chimiver.com\/es\/producto\/oil-wood-traffik-a-spalma-hv\/","og_site_name":"Chimiver","article_publisher":"https:\/\/www.facebook.com\/chimiver","article_modified_time":"2022-08-01T15:30:49+00:00","og_image":[{"width":640,"height":640,"url":"https:\/\/chimiver.com\/wp-content\/uploads\/2022\/01\/66_1b4d3.jpg","type":"image\/jpeg"}],"twitter_card":"summary_large_image","twitter_misc":{"Tiempo de lectura":"1 minuto"},"schema":{"@context":"https:\/\/schema.org","@graph":[{"@type":"WebPage","@id":"https:\/\/chimiver.com\/es\/producto\/oil-wood-traffik-a-spalma-hv\/","url":"https:\/\/chimiver.com\/es\/producto\/oil-wood-traffik-a-spalma-hv\/","name":"OIL WOOD TRAFFIK A SPALMA HV - Chimiver Industria, Barnices al disolvente, Barnices de oleuretano","isPartOf":{"@id":"https:\/\/chimiver.com\/es\/#website"},"primaryImageOfPage":{"@id":"https:\/\/chimiver.com\/es\/producto\/oil-wood-traffik-a-spalma-hv\/#primaryimage"},"image":{"@id":"https:\/\/chimiver.com\/es\/producto\/oil-wood-traffik-a-spalma-hv\/#primaryimage"},"thumbnailUrl":"https:\/\/chimiver.com\/wp-content\/uploads\/2024\/03\/LATTA-SOLVENTE-25-INDUSTRIA.jpg","datePublished":"2022-03-11T08:01:34+00:00","dateModified":"2022-08-01T15:30:49+00:00","description":"Scopri OIL WOOD TRAFFIK A SPALMA HV Industria, Barnices al disolvente, Barnices de oleuretano. Dal 1965 Chimiver \u00e8 leader nel mercato dei prodotti per incollaggio, trattamento e manutenzione dei pavimenti.","breadcrumb":{"@id":"https:\/\/chimiver.com\/es\/producto\/oil-wood-traffik-a-spalma-hv\/#breadcrumb"},"inLanguage":"es","potentialAction":[{"@type":"ReadAction","target":["https:\/\/chimiver.com\/es\/producto\/oil-wood-traffik-a-spalma-hv\/"]}]},{"@type":"ImageObject","inLanguage":"es","@id":"https:\/\/chimiver.com\/es\/producto\/oil-wood-traffik-a-spalma-hv\/#primaryimage","url":"https:\/\/chimiver.com\/wp-content\/uploads\/2024\/03\/LATTA-SOLVENTE-25-INDUSTRIA.jpg","contentUrl":"https:\/\/chimiver.com\/wp-content\/uploads\/2024\/03\/LATTA-SOLVENTE-25-INDUSTRIA.jpg","width":640,"height":640},{"@type":"BreadcrumbList","@id":"https:\/\/chimiver.com\/es\/producto\/oil-wood-traffik-a-spalma-hv\/#breadcrumb","itemListElement":[{"@type":"ListItem","position":1,"name":"Home","item":"https:\/\/chimiver.com\/es\/"},{"@type":"ListItem","position":2,"name":"Shop","item":"https:\/\/chimiver.com\/?page_id=10"},{"@type":"ListItem","position":3,"name":"OIL WOOD TRAFFIK A SPALMA HV"}]},{"@type":"WebSite","@id":"https:\/\/chimiver.com\/es\/#website","url":"https:\/\/chimiver.com\/es\/","name":"Chimiver, Your floors partner","description":"Su partner de pisos","publisher":{"@id":"https:\/\/chimiver.com\/es\/#organization"},"alternateName":"Chimiver","potentialAction":[{"@type":"SearchAction","target":{"@type":"EntryPoint","urlTemplate":"https:\/\/chimiver.com\/es\/?s={search_term_string}"},"query-input":{"@type":"PropertyValueSpecification","valueRequired":true,"valueName":"search_term_string"}}],"inLanguage":"es"},{"@type":"Organization","@id":"https:\/\/chimiver.com\/es\/#organization","name":"Chimiver","url":"https:\/\/chimiver.com\/es\/","logo":{"@type":"ImageObject","inLanguage":"es","@id":"https:\/\/chimiver.com\/es\/#\/schema\/logo\/image\/","url":"https:\/\/chimiver.com\/wp-content\/uploads\/2022\/06\/Chimiver_500x500.jpg","contentUrl":"https:\/\/chimiver.com\/wp-content\/uploads\/2022\/06\/Chimiver_500x500.jpg","width":500,"height":500,"caption":"Chimiver"},"image":{"@id":"https:\/\/chimiver.com\/es\/#\/schema\/logo\/image\/"},"sameAs":["https:\/\/www.facebook.com\/chimiver"]}]}},"_links":{"self":[{"href":"https:\/\/chimiver.com\/es\/wp-json\/wp\/v2\/product\/7141","targetHints":{"allow":["GET"]}}],"collection":[{"href":"https:\/\/chimiver.com\/es\/wp-json\/wp\/v2\/product"}],"about":[{"href":"https:\/\/chimiver.com\/es\/wp-json\/wp\/v2\/types\/product"}],"replies":[{"embeddable":true,"href":"https:\/\/chimiver.com\/es\/wp-json\/wp\/v2\/comments?post=7141"}],"wp:featuredmedia":[{"embeddable":true,"href":"https:\/\/chimiver.com\/es\/wp-json\/wp\/v2\/media\/18264"}],"wp:attachment":[{"href":"https:\/\/chimiver.com\/es\/wp-json\/wp\/v2\/media?parent=7141"}],"wp:term":[{"taxonomy":"product_brand","embeddable":true,"href":"https:\/\/chimiver.com\/es\/wp-json\/wp\/v2\/product_brand?post=7141"},{"taxonomy":"product_cat","embeddable":true,"href":"https:\/\/chimiver.com\/es\/wp-json\/wp\/v2\/product_cat?post=7141"},{"taxonomy":"product_tag","embeddable":true,"href":"https:\/\/chimiver.com\/es\/wp-json\/wp\/v2\/product_tag?post=7141"}],"curies":[{"name":"wp","href":"https:\/\/api.w.org\/{rel}","templated":true}]}}