{"id":7365,"date":"2022-03-16T17:04:28","date_gmt":"2022-03-16T16:04:28","guid":{"rendered":"https:\/\/chimiver.com\/prodotto\/vac-0050-veicolo-uniformante-allacqua\/"},"modified":"2022-08-05T16:02:59","modified_gmt":"2022-08-05T14:02:59","slug":"vac-0050-veicolo-uniformante-allacqua","status":"publish","type":"product","link":"https:\/\/chimiver.com\/es\/producto\/vac-0050-veicolo-uniformante-allacqua\/","title":{"rendered":"VAC-0050 VEICOLO UNIFORMANTE ALL&#8217;ACQUA"},"content":{"rendered":"<p>Se utiliza en la preparaci\u00f3n de tintes de pulverizaci\u00f3n de agua que deben igualar el color. El veh\u00edculo es especialmente adecuado para la preparaci\u00f3n de tintes para aplicar sobre maderas con absorciones heterog\u00e9neas.<\/p>\n","protected":false},"excerpt":{"rendered":"Veh\u00edculos de agua Chimiver","protected":false},"featured_media":5008,"comment_status":"open","ping_status":"closed","template":"","meta":{"_acf_changed":false,"inline_featured_image":false},"product_brand":[],"product_cat":[422,582,583,585],"product_tag":[],"class_list":{"0":"post-7365","1":"product","2":"type-product","3":"status-publish","4":"has-post-thumbnail","6":"product_cat-industria-es","7":"product_cat-tintes","8":"product_cat-serie-cuc-concentrados-universales-chimiver","9":"product_cat-serie-cac-concentrados-de-agua-chimiver","11":"first","12":"instock","13":"shipping-taxable","14":"product-type-simple","15":"add-to-wishlist-after_add_to_cart"},"acf":[],"yoast_head":"<!-- This site is optimized with the Yoast SEO plugin v26.2 - https:\/\/yoast.com\/wordpress\/plugins\/seo\/ -->\n<title>VAC-0050 VEICOLO UNIFORMANTE ALL&#039;ACQUA - Chimiver Industria, Tintes, Serie CUC (Concentrados Universales Chimiver), Serie CAC (Concentrados de agua Chimiver)<\/title>\n<meta name=\"description\" content=\"Scopri VAC-0050 VEICOLO UNIFORMANTE ALL&#039;ACQUA Industria, Tintes, Serie CUC (Concentrados Universales Chimiver), Serie CAC (Concentrados de agua Chimiver). Dal 1965 Chimiver \u00e8 leader nel mercato dei prodotti per incollaggio, trattamento e manutenzione dei pavimenti.\" \/>\n<meta name=\"robots\" content=\"index, follow, max-snippet:-1, max-image-preview:large, max-video-preview:-1\" \/>\n<link rel=\"canonical\" href=\"https:\/\/chimiver.com\/es\/producto\/vac-0050-veicolo-uniformante-allacqua\/\" \/>\n<meta property=\"og:locale\" content=\"es_ES\" \/>\n<meta property=\"og:type\" content=\"article\" \/>\n<meta property=\"og:title\" content=\"VAC-0050 VEICOLO UNIFORMANTE ALL&#039;ACQUA - Chimiver Industria, Tintes, Serie CUC (Concentrados Universales Chimiver), Serie CAC (Concentrados de agua Chimiver)\" \/>\n<meta property=\"og:description\" content=\"Scopri VAC-0050 VEICOLO UNIFORMANTE ALL&#039;ACQUA Industria, Tintes, Serie CUC (Concentrados Universales Chimiver), Serie CAC (Concentrados de agua Chimiver). Dal 1965 Chimiver \u00e8 leader nel mercato dei prodotti per incollaggio, trattamento e manutenzione dei pavimenti.\" \/>\n<meta property=\"og:url\" content=\"https:\/\/chimiver.com\/es\/producto\/vac-0050-veicolo-uniformante-allacqua\/\" \/>\n<meta property=\"og:site_name\" content=\"Chimiver\" \/>\n<meta property=\"article:publisher\" content=\"https:\/\/www.facebook.com\/chimiver\" \/>\n<meta property=\"article:modified_time\" content=\"2022-08-05T14:02:59+00:00\" \/>\n<meta property=\"og:image\" content=\"https:\/\/chimiver.com\/wp-content\/uploads\/2022\/03\/LATTA-BLU-INDUSTRIA-1.jpg\" \/>\n\t<meta property=\"og:image:width\" content=\"640\" \/>\n\t<meta property=\"og:image:height\" content=\"640\" \/>\n\t<meta property=\"og:image:type\" content=\"image\/jpeg\" \/>\n<meta name=\"twitter:card\" content=\"summary_large_image\" \/>\n<meta name=\"twitter:label1\" content=\"Tiempo de lectura\" \/>\n\t<meta name=\"twitter:data1\" content=\"1 minuto\" \/>\n<script type=\"application\/ld+json\" class=\"yoast-schema-graph\">{\"@context\":\"https:\/\/schema.org\",\"@graph\":[{\"@type\":\"WebPage\",\"@id\":\"https:\/\/chimiver.com\/es\/producto\/vac-0050-veicolo-uniformante-allacqua\/\",\"url\":\"https:\/\/chimiver.com\/es\/producto\/vac-0050-veicolo-uniformante-allacqua\/\",\"name\":\"VAC-0050 VEICOLO UNIFORMANTE ALL'ACQUA - Chimiver Industria, Tintes, Serie CUC (Concentrados Universales Chimiver), Serie CAC (Concentrados de agua Chimiver)\",\"isPartOf\":{\"@id\":\"https:\/\/chimiver.com\/es\/#website\"},\"primaryImageOfPage\":{\"@id\":\"https:\/\/chimiver.com\/es\/producto\/vac-0050-veicolo-uniformante-allacqua\/#primaryimage\"},\"image\":{\"@id\":\"https:\/\/chimiver.com\/es\/producto\/vac-0050-veicolo-uniformante-allacqua\/#primaryimage\"},\"thumbnailUrl\":\"https:\/\/chimiver.com\/wp-content\/uploads\/2022\/03\/LATTA-BLU-INDUSTRIA-1.jpg\",\"datePublished\":\"2022-03-16T16:04:28+00:00\",\"dateModified\":\"2022-08-05T14:02:59+00:00\",\"description\":\"Scopri VAC-0050 VEICOLO UNIFORMANTE ALL'ACQUA Industria, Tintes, Serie CUC (Concentrados Universales Chimiver), Serie CAC (Concentrados de agua Chimiver). Dal 1965 Chimiver \u00e8 leader nel mercato dei prodotti per incollaggio, trattamento e manutenzione dei pavimenti.\",\"breadcrumb\":{\"@id\":\"https:\/\/chimiver.com\/es\/producto\/vac-0050-veicolo-uniformante-allacqua\/#breadcrumb\"},\"inLanguage\":\"es\",\"potentialAction\":[{\"@type\":\"ReadAction\",\"target\":[\"https:\/\/chimiver.com\/es\/producto\/vac-0050-veicolo-uniformante-allacqua\/\"]}]},{\"@type\":\"ImageObject\",\"inLanguage\":\"es\",\"@id\":\"https:\/\/chimiver.com\/es\/producto\/vac-0050-veicolo-uniformante-allacqua\/#primaryimage\",\"url\":\"https:\/\/chimiver.com\/wp-content\/uploads\/2022\/03\/LATTA-BLU-INDUSTRIA-1.jpg\",\"contentUrl\":\"https:\/\/chimiver.com\/wp-content\/uploads\/2022\/03\/LATTA-BLU-INDUSTRIA-1.jpg\",\"width\":640,\"height\":640,\"caption\":\"Latta Chimiver 25 Acqua\"},{\"@type\":\"BreadcrumbList\",\"@id\":\"https:\/\/chimiver.com\/es\/producto\/vac-0050-veicolo-uniformante-allacqua\/#breadcrumb\",\"itemListElement\":[{\"@type\":\"ListItem\",\"position\":1,\"name\":\"Home\",\"item\":\"https:\/\/chimiver.com\/es\/\"},{\"@type\":\"ListItem\",\"position\":2,\"name\":\"Shop\",\"item\":\"https:\/\/chimiver.com\/?page_id=10\"},{\"@type\":\"ListItem\",\"position\":3,\"name\":\"VAC-0050 VEICOLO UNIFORMANTE ALL&#8217;ACQUA\"}]},{\"@type\":\"WebSite\",\"@id\":\"https:\/\/chimiver.com\/es\/#website\",\"url\":\"https:\/\/chimiver.com\/es\/\",\"name\":\"Chimiver, Your floors partner\",\"description\":\"Su partner de pisos\",\"publisher\":{\"@id\":\"https:\/\/chimiver.com\/es\/#organization\"},\"alternateName\":\"Chimiver\",\"potentialAction\":[{\"@type\":\"SearchAction\",\"target\":{\"@type\":\"EntryPoint\",\"urlTemplate\":\"https:\/\/chimiver.com\/es\/?s={search_term_string}\"},\"query-input\":{\"@type\":\"PropertyValueSpecification\",\"valueRequired\":true,\"valueName\":\"search_term_string\"}}],\"inLanguage\":\"es\"},{\"@type\":\"Organization\",\"@id\":\"https:\/\/chimiver.com\/es\/#organization\",\"name\":\"Chimiver\",\"url\":\"https:\/\/chimiver.com\/es\/\",\"logo\":{\"@type\":\"ImageObject\",\"inLanguage\":\"es\",\"@id\":\"https:\/\/chimiver.com\/es\/#\/schema\/logo\/image\/\",\"url\":\"https:\/\/chimiver.com\/wp-content\/uploads\/2022\/06\/Chimiver_500x500.jpg\",\"contentUrl\":\"https:\/\/chimiver.com\/wp-content\/uploads\/2022\/06\/Chimiver_500x500.jpg\",\"width\":500,\"height\":500,\"caption\":\"Chimiver\"},\"image\":{\"@id\":\"https:\/\/chimiver.com\/es\/#\/schema\/logo\/image\/\"},\"sameAs\":[\"https:\/\/www.facebook.com\/chimiver\"]}]}<\/script>\n<!-- \/ Yoast SEO plugin. -->","yoast_head_json":{"title":"VAC-0050 VEICOLO UNIFORMANTE ALL'ACQUA - Chimiver Industria, Tintes, Serie CUC (Concentrados Universales Chimiver), Serie CAC (Concentrados de agua Chimiver)","description":"Scopri VAC-0050 VEICOLO UNIFORMANTE ALL'ACQUA Industria, Tintes, Serie CUC (Concentrados Universales Chimiver), Serie CAC (Concentrados de agua Chimiver). Dal 1965 Chimiver \u00e8 leader nel mercato dei prodotti per incollaggio, trattamento e manutenzione dei pavimenti.","robots":{"index":"index","follow":"follow","max-snippet":"max-snippet:-1","max-image-preview":"max-image-preview:large","max-video-preview":"max-video-preview:-1"},"canonical":"https:\/\/chimiver.com\/es\/producto\/vac-0050-veicolo-uniformante-allacqua\/","og_locale":"es_ES","og_type":"article","og_title":"VAC-0050 VEICOLO UNIFORMANTE ALL'ACQUA - Chimiver Industria, Tintes, Serie CUC (Concentrados Universales Chimiver), Serie CAC (Concentrados de agua Chimiver)","og_description":"Scopri VAC-0050 VEICOLO UNIFORMANTE ALL'ACQUA Industria, Tintes, Serie CUC (Concentrados Universales Chimiver), Serie CAC (Concentrados de agua Chimiver). Dal 1965 Chimiver \u00e8 leader nel mercato dei prodotti per incollaggio, trattamento e manutenzione dei pavimenti.","og_url":"https:\/\/chimiver.com\/es\/producto\/vac-0050-veicolo-uniformante-allacqua\/","og_site_name":"Chimiver","article_publisher":"https:\/\/www.facebook.com\/chimiver","article_modified_time":"2022-08-05T14:02:59+00:00","og_image":[{"width":640,"height":640,"url":"https:\/\/chimiver.com\/wp-content\/uploads\/2022\/03\/LATTA-BLU-INDUSTRIA-1.jpg","type":"image\/jpeg"}],"twitter_card":"summary_large_image","twitter_misc":{"Tiempo de lectura":"1 minuto"},"schema":{"@context":"https:\/\/schema.org","@graph":[{"@type":"WebPage","@id":"https:\/\/chimiver.com\/es\/producto\/vac-0050-veicolo-uniformante-allacqua\/","url":"https:\/\/chimiver.com\/es\/producto\/vac-0050-veicolo-uniformante-allacqua\/","name":"VAC-0050 VEICOLO UNIFORMANTE ALL'ACQUA - Chimiver Industria, Tintes, Serie CUC (Concentrados Universales Chimiver), Serie CAC (Concentrados de agua Chimiver)","isPartOf":{"@id":"https:\/\/chimiver.com\/es\/#website"},"primaryImageOfPage":{"@id":"https:\/\/chimiver.com\/es\/producto\/vac-0050-veicolo-uniformante-allacqua\/#primaryimage"},"image":{"@id":"https:\/\/chimiver.com\/es\/producto\/vac-0050-veicolo-uniformante-allacqua\/#primaryimage"},"thumbnailUrl":"https:\/\/chimiver.com\/wp-content\/uploads\/2022\/03\/LATTA-BLU-INDUSTRIA-1.jpg","datePublished":"2022-03-16T16:04:28+00:00","dateModified":"2022-08-05T14:02:59+00:00","description":"Scopri VAC-0050 VEICOLO UNIFORMANTE ALL'ACQUA Industria, Tintes, Serie CUC (Concentrados Universales Chimiver), Serie CAC (Concentrados de agua Chimiver). Dal 1965 Chimiver \u00e8 leader nel mercato dei prodotti per incollaggio, trattamento e manutenzione dei pavimenti.","breadcrumb":{"@id":"https:\/\/chimiver.com\/es\/producto\/vac-0050-veicolo-uniformante-allacqua\/#breadcrumb"},"inLanguage":"es","potentialAction":[{"@type":"ReadAction","target":["https:\/\/chimiver.com\/es\/producto\/vac-0050-veicolo-uniformante-allacqua\/"]}]},{"@type":"ImageObject","inLanguage":"es","@id":"https:\/\/chimiver.com\/es\/producto\/vac-0050-veicolo-uniformante-allacqua\/#primaryimage","url":"https:\/\/chimiver.com\/wp-content\/uploads\/2022\/03\/LATTA-BLU-INDUSTRIA-1.jpg","contentUrl":"https:\/\/chimiver.com\/wp-content\/uploads\/2022\/03\/LATTA-BLU-INDUSTRIA-1.jpg","width":640,"height":640,"caption":"Latta Chimiver 25 Acqua"},{"@type":"BreadcrumbList","@id":"https:\/\/chimiver.com\/es\/producto\/vac-0050-veicolo-uniformante-allacqua\/#breadcrumb","itemListElement":[{"@type":"ListItem","position":1,"name":"Home","item":"https:\/\/chimiver.com\/es\/"},{"@type":"ListItem","position":2,"name":"Shop","item":"https:\/\/chimiver.com\/?page_id=10"},{"@type":"ListItem","position":3,"name":"VAC-0050 VEICOLO UNIFORMANTE ALL&#8217;ACQUA"}]},{"@type":"WebSite","@id":"https:\/\/chimiver.com\/es\/#website","url":"https:\/\/chimiver.com\/es\/","name":"Chimiver, Your floors partner","description":"Su partner de pisos","publisher":{"@id":"https:\/\/chimiver.com\/es\/#organization"},"alternateName":"Chimiver","potentialAction":[{"@type":"SearchAction","target":{"@type":"EntryPoint","urlTemplate":"https:\/\/chimiver.com\/es\/?s={search_term_string}"},"query-input":{"@type":"PropertyValueSpecification","valueRequired":true,"valueName":"search_term_string"}}],"inLanguage":"es"},{"@type":"Organization","@id":"https:\/\/chimiver.com\/es\/#organization","name":"Chimiver","url":"https:\/\/chimiver.com\/es\/","logo":{"@type":"ImageObject","inLanguage":"es","@id":"https:\/\/chimiver.com\/es\/#\/schema\/logo\/image\/","url":"https:\/\/chimiver.com\/wp-content\/uploads\/2022\/06\/Chimiver_500x500.jpg","contentUrl":"https:\/\/chimiver.com\/wp-content\/uploads\/2022\/06\/Chimiver_500x500.jpg","width":500,"height":500,"caption":"Chimiver"},"image":{"@id":"https:\/\/chimiver.com\/es\/#\/schema\/logo\/image\/"},"sameAs":["https:\/\/www.facebook.com\/chimiver"]}]}},"_links":{"self":[{"href":"https:\/\/chimiver.com\/es\/wp-json\/wp\/v2\/product\/7365","targetHints":{"allow":["GET"]}}],"collection":[{"href":"https:\/\/chimiver.com\/es\/wp-json\/wp\/v2\/product"}],"about":[{"href":"https:\/\/chimiver.com\/es\/wp-json\/wp\/v2\/types\/product"}],"replies":[{"embeddable":true,"href":"https:\/\/chimiver.com\/es\/wp-json\/wp\/v2\/comments?post=7365"}],"wp:featuredmedia":[{"embeddable":true,"href":"https:\/\/chimiver.com\/es\/wp-json\/wp\/v2\/media\/5008"}],"wp:attachment":[{"href":"https:\/\/chimiver.com\/es\/wp-json\/wp\/v2\/media?parent=7365"}],"wp:term":[{"taxonomy":"product_brand","embeddable":true,"href":"https:\/\/chimiver.com\/es\/wp-json\/wp\/v2\/product_brand?post=7365"},{"taxonomy":"product_cat","embeddable":true,"href":"https:\/\/chimiver.com\/es\/wp-json\/wp\/v2\/product_cat?post=7365"},{"taxonomy":"product_tag","embeddable":true,"href":"https:\/\/chimiver.com\/es\/wp-json\/wp\/v2\/product_tag?post=7365"}],"curies":[{"name":"wp","href":"https:\/\/api.w.org\/{rel}","templated":true}]}}