{"id":15181,"date":"2023-03-30T09:05:05","date_gmt":"2023-03-30T07:05:05","guid":{"rendered":"https:\/\/chimiver.com\/app-chimiver\/"},"modified":"2023-07-05T13:56:11","modified_gmt":"2023-07-05T11:56:11","slug":"app-chimiver","status":"publish","type":"page","link":"https:\/\/chimiver.com\/fr\/app-chimiver\/","title":{"rendered":"App Chimiver"},"content":{"rendered":"<section id=\"customlink_block-block_9ffc0d4432a05a4ede4c52277da08df1\" class=\"banner-block pubfa-block\" style=\"background-color:#FFDA00;color:#2E2D2C;text-align:left;\">\n\n    <!-- Background Image Group -->\n            <!-- Background Image  -->\n        \n    \n    <!-- Text Group -->\n            <div class=\"text-group\">\n            <div class=\"container\">\n\n                <!-- Title (with or without Link) -->\n                \n                                            <h2 class=\"pubfa-block-title-1\">Le monde entier Chimiver \u00e0 port\u00e9e de main!<\/h2>\n                                    \n                <!-- Content -->\n                \n            <\/div>\n        <\/div>\n    \n<\/section><section id=\"customlink_block-block_19576b82c4024275e55900b25fc16cad\" class=\"text-icon-block pubfa-block\" style=\"background-color:#FFFFFF;color:#2E2D2C;text-align:center;\">\n    <div class=\"container\">\n        <div class=\"d-flex flex-column justify-content-center \">\n\n            <!-- Image Group -->\n            \n                 <!-- Image (with or without Link) -->\n                 \n            \n            <!-- Text Group -->\n            \n                <!-- Title (with or without Link) -->\n                \n                <!-- Content -->\n                                    <div class=\"pubfa-block-text-1\"><p>D\u00e9couvrez notre <strong>application<\/strong>, restez \u00e0 jour sur les produits et les derni\u00e8res nouvelles du monde Chimiver.<br \/>\n<strong>Brochures, fiches techniques, certifications, tutoriels vid\u00e9o et directives<\/strong> pour un entretien correct du sol. Que vous soyez un <strong>professionnel<\/strong> ou un <strong>particulier<\/strong>, vous aurez \u00e0 port\u00e9e de main tout ce dont vous avez besoin!<br \/>\nUne application rapide, intuitive, facile \u00e0 consulter et avec un contenu constamment mis \u00e0 jour.<\/p>\n<p>En activant la g\u00e9olocalisation, vous pouvez \u00e9galement trouver la boutique Chimiver la plus proche de chez vous, o\u00f9 que vous soyez.<\/p>\n<\/div>\n                                \n            \n        <\/div>\n    <\/div>\n<\/section><div class=\"wp-block-image\"><figure class=\"aligncenter size-full is-resized\"><img loading=\"lazy\" decoding=\"async\" src=\"https:\/\/chimiver.com\/wp-content\/uploads\/2021\/11\/Chimiver_App.png\" alt=\"Azienda-Italiana-Prodotti-Professionali-Posa-Trattamento-Manutenzione-Pavimenti-Legno-Resina-Resilienti-Decking-WPC-Erba-Sintetica-Chimiver-App\" class=\"wp-image-32\" width=\"284\" height=\"284\" srcset=\"https:\/\/chimiver.com\/wp-content\/uploads\/2021\/11\/Chimiver_App.png 216w, https:\/\/chimiver.com\/wp-content\/uploads\/2021\/11\/Chimiver_App-100x100.png 100w, https:\/\/chimiver.com\/wp-content\/uploads\/2021\/11\/Chimiver_App-150x150.png 150w\" sizes=\"auto, (max-width: 284px) 100vw, 284px\" \/><\/figure><\/div><section id=\"customlink_block-block_dbe88530018cf5a48f9b5bbaa6578861\" class=\"text-icon-block pubfa-block\" style=\"background-color:#FFFFFF;color:#2E2D2C;text-align:center;\">\n    <div class=\"container\">\n        <div class=\"d-flex flex-column justify-content-center \">\n\n            <!-- Image Group -->\n            \n                 <!-- Image (with or without Link) -->\n                 \n            \n            <!-- Text Group -->\n            \n                <!-- Title (with or without Link) -->\n                \n                <!-- Content -->\n                                    <div class=\"pubfa-block-text-1\"><p>La nouvelle application Chimiver est disponible gratuitement pour les tablettes et les smartphones, elle est disponible sur l\u2019<strong>App Store<\/strong> pour les appareils iOS et sur <strong>Google Play<\/strong> pour tous les syst\u00e8mes Android. T\u00e9l\u00e9chargez-la en un clic !<\/p>\n<\/div>\n                                \n            \n        <\/div>\n    <\/div>\n<\/section><div class=\"wp-block-image\"><figure class=\"aligncenter size-full is-resized\"><a href=\"https:\/\/apps.apple.com\/no\/app\/chimiver\/id1093149785?l=nb\" target=\"_blank\" rel=\"noreferrer noopener\"><img loading=\"lazy\" decoding=\"async\" src=\"https:\/\/chimiver.com\/wp-content\/uploads\/2021\/11\/Apple_Store.png\" alt=\"App-Chimiver-Store-Apple-2\" class=\"wp-image-31\" width=\"310\" height=\"92\" srcset=\"https:\/\/chimiver.com\/wp-content\/uploads\/2021\/11\/Apple_Store.png 800w, https:\/\/chimiver.com\/wp-content\/uploads\/2021\/11\/Apple_Store-300x89.png 300w, https:\/\/chimiver.com\/wp-content\/uploads\/2021\/11\/Apple_Store-600x178.png 600w, https:\/\/chimiver.com\/wp-content\/uploads\/2021\/11\/Apple_Store-768x228.png 768w\" sizes=\"auto, (max-width: 310px) 100vw, 310px\" \/><\/a><\/figure><\/div><div class=\"wp-block-image\"><figure class=\"aligncenter size-full is-resized\"><a href=\"https:\/\/play.google.com\/store\/apps\/details?id=com.chimiver.chimiverazienda&amp;hl=it&amp;gl=US\" target=\"_blank\" rel=\"noreferrer noopener\"><img loading=\"lazy\" decoding=\"async\" src=\"https:\/\/chimiver.com\/wp-content\/uploads\/2021\/11\/Google_Store.png\" alt=\"App-Chimiver-Google-Play-2\" class=\"wp-image-33\" width=\"312\" height=\"93\" srcset=\"https:\/\/chimiver.com\/wp-content\/uploads\/2021\/11\/Google_Store.png 800w, https:\/\/chimiver.com\/wp-content\/uploads\/2021\/11\/Google_Store-300x89.png 300w, https:\/\/chimiver.com\/wp-content\/uploads\/2021\/11\/Google_Store-600x178.png 600w, https:\/\/chimiver.com\/wp-content\/uploads\/2021\/11\/Google_Store-768x228.png 768w\" sizes=\"auto, (max-width: 312px) 100vw, 312px\" \/><\/a><\/figure><\/div><section id=\"customlink_block-block_5e25d99529296c7c22b3ec4d64ed6eca\" class=\"single-image-block pubfa-block\" style=\"background-color:#FFFFFF;\">\n    <div class=\"container\">\n        <!-- Image Group -->\n        \n            <!-- Image (with or without Link) -->\n            \n        \n    <\/div>\n<\/section><section id=\"customlink_block-block_18a8f1cbbf0dcd78768999ba0f85dfd1\" class=\"text-icon-block pubfa-block\" style=\"background-color:#FFFFFF;color:#2E2D2C;text-align:center;\">\n    <div class=\"container\">\n        <div class=\"d-flex flex-column justify-content-center \">\n\n            <!-- Image Group -->\n            \n                 <!-- Image (with or without Link) -->\n                 \n            \n            <!-- Text Group -->\n            \n                <!-- Title (with or without Link) -->\n                \n                <!-- Content -->\n                                \n            \n        <\/div>\n    <\/div>\n<\/section>","protected":false},"excerpt":{"rendered":"","protected":false},"author":2,"featured_media":0,"parent":0,"menu_order":90,"comment_status":"closed","ping_status":"closed","template":"template-blocks.php","meta":{"_acf_changed":false,"inline_featured_image":false,"footnotes":""},"class_list":["post-15181","page","type-page","status-publish","hentry"],"acf":[],"yoast_head":"<!-- This site is optimized with the Yoast SEO plugin v26.2 - https:\/\/yoast.com\/wordpress\/plugins\/seo\/ -->\n<title>App Chimiver - Trattamento e Manutenzione Pavimenti Chimiver<\/title>\n<meta name=\"description\" content=\"Visita la sezione App Chimiver. Siamo leader nel mercato di prodotti per incollaggio, trattamento e manutenzione di pavimenti interni ed esterni.\" \/>\n<meta name=\"robots\" content=\"index, follow, max-snippet:-1, max-image-preview:large, max-video-preview:-1\" \/>\n<link rel=\"canonical\" href=\"https:\/\/chimiver.com\/fr\/app-chimiver\/\" \/>\n<meta property=\"og:locale\" content=\"fr_FR\" \/>\n<meta property=\"og:type\" content=\"article\" \/>\n<meta property=\"og:title\" content=\"App Chimiver - Trattamento e Manutenzione Pavimenti Chimiver\" \/>\n<meta property=\"og:description\" content=\"Visita la sezione App Chimiver. Siamo leader nel mercato di prodotti per incollaggio, trattamento e manutenzione di pavimenti interni ed esterni.\" \/>\n<meta property=\"og:url\" content=\"https:\/\/chimiver.com\/fr\/app-chimiver\/\" \/>\n<meta property=\"og:site_name\" content=\"Chimiver\" \/>\n<meta property=\"article:publisher\" content=\"https:\/\/www.facebook.com\/chimiver\" \/>\n<meta property=\"article:modified_time\" content=\"2023-07-05T11:56:11+00:00\" \/>\n<meta property=\"og:image\" content=\"https:\/\/chimiver.com\/wp-content\/uploads\/2021\/11\/Chimiver_App.png\" \/>\n<meta name=\"twitter:card\" content=\"summary_large_image\" \/>\n<meta name=\"twitter:label1\" content=\"Dur\u00e9e de lecture estim\u00e9e\" \/>\n\t<meta name=\"twitter:data1\" content=\"1 minute\" \/>\n<script type=\"application\/ld+json\" class=\"yoast-schema-graph\">{\"@context\":\"https:\/\/schema.org\",\"@graph\":[{\"@type\":\"WebPage\",\"@id\":\"https:\/\/chimiver.com\/fr\/app-chimiver\/\",\"url\":\"https:\/\/chimiver.com\/fr\/app-chimiver\/\",\"name\":\"App Chimiver - Trattamento e Manutenzione Pavimenti Chimiver\",\"isPartOf\":{\"@id\":\"https:\/\/chimiver.com\/fr\/#website\"},\"primaryImageOfPage\":{\"@id\":\"https:\/\/chimiver.com\/fr\/app-chimiver\/#primaryimage\"},\"image\":{\"@id\":\"https:\/\/chimiver.com\/fr\/app-chimiver\/#primaryimage\"},\"thumbnailUrl\":\"https:\/\/chimiver.com\/wp-content\/uploads\/2021\/11\/Chimiver_App.png\",\"datePublished\":\"2023-03-30T07:05:05+00:00\",\"dateModified\":\"2023-07-05T11:56:11+00:00\",\"description\":\"Visita la sezione App Chimiver. Siamo leader nel mercato di prodotti per incollaggio, trattamento e manutenzione di pavimenti interni ed esterni.\",\"breadcrumb\":{\"@id\":\"https:\/\/chimiver.com\/fr\/app-chimiver\/#breadcrumb\"},\"inLanguage\":\"fr-FR\",\"potentialAction\":[{\"@type\":\"ReadAction\",\"target\":[\"https:\/\/chimiver.com\/fr\/app-chimiver\/\"]}]},{\"@type\":\"ImageObject\",\"inLanguage\":\"fr-FR\",\"@id\":\"https:\/\/chimiver.com\/fr\/app-chimiver\/#primaryimage\",\"url\":\"https:\/\/chimiver.com\/wp-content\/uploads\/2021\/11\/Chimiver_App.png\",\"contentUrl\":\"https:\/\/chimiver.com\/wp-content\/uploads\/2021\/11\/Chimiver_App.png\"},{\"@type\":\"BreadcrumbList\",\"@id\":\"https:\/\/chimiver.com\/fr\/app-chimiver\/#breadcrumb\",\"itemListElement\":[{\"@type\":\"ListItem\",\"position\":1,\"name\":\"Home\",\"item\":\"https:\/\/chimiver.com\/fr\/\"},{\"@type\":\"ListItem\",\"position\":2,\"name\":\"App Chimiver\"}]},{\"@type\":\"WebSite\",\"@id\":\"https:\/\/chimiver.com\/fr\/#website\",\"url\":\"https:\/\/chimiver.com\/fr\/\",\"name\":\"Chimiver, Your floors partner\",\"description\":\"Your floors partner\",\"publisher\":{\"@id\":\"https:\/\/chimiver.com\/fr\/#organization\"},\"alternateName\":\"Chimiver\",\"potentialAction\":[{\"@type\":\"SearchAction\",\"target\":{\"@type\":\"EntryPoint\",\"urlTemplate\":\"https:\/\/chimiver.com\/fr\/?s={search_term_string}\"},\"query-input\":{\"@type\":\"PropertyValueSpecification\",\"valueRequired\":true,\"valueName\":\"search_term_string\"}}],\"inLanguage\":\"fr-FR\"},{\"@type\":\"Organization\",\"@id\":\"https:\/\/chimiver.com\/fr\/#organization\",\"name\":\"Chimiver\",\"url\":\"https:\/\/chimiver.com\/fr\/\",\"logo\":{\"@type\":\"ImageObject\",\"inLanguage\":\"fr-FR\",\"@id\":\"https:\/\/chimiver.com\/fr\/#\/schema\/logo\/image\/\",\"url\":\"https:\/\/chimiver.com\/wp-content\/uploads\/2022\/06\/Chimiver_500x500.jpg\",\"contentUrl\":\"https:\/\/chimiver.com\/wp-content\/uploads\/2022\/06\/Chimiver_500x500.jpg\",\"width\":500,\"height\":500,\"caption\":\"Chimiver\"},\"image\":{\"@id\":\"https:\/\/chimiver.com\/fr\/#\/schema\/logo\/image\/\"},\"sameAs\":[\"https:\/\/www.facebook.com\/chimiver\"]}]}<\/script>\n<!-- \/ Yoast SEO plugin. -->","yoast_head_json":{"title":"App Chimiver - Trattamento e Manutenzione Pavimenti Chimiver","description":"Visita la sezione App Chimiver. Siamo leader nel mercato di prodotti per incollaggio, trattamento e manutenzione di pavimenti interni ed esterni.","robots":{"index":"index","follow":"follow","max-snippet":"max-snippet:-1","max-image-preview":"max-image-preview:large","max-video-preview":"max-video-preview:-1"},"canonical":"https:\/\/chimiver.com\/fr\/app-chimiver\/","og_locale":"fr_FR","og_type":"article","og_title":"App Chimiver - Trattamento e Manutenzione Pavimenti Chimiver","og_description":"Visita la sezione App Chimiver. Siamo leader nel mercato di prodotti per incollaggio, trattamento e manutenzione di pavimenti interni ed esterni.","og_url":"https:\/\/chimiver.com\/fr\/app-chimiver\/","og_site_name":"Chimiver","article_publisher":"https:\/\/www.facebook.com\/chimiver","article_modified_time":"2023-07-05T11:56:11+00:00","og_image":[{"url":"https:\/\/chimiver.com\/wp-content\/uploads\/2021\/11\/Chimiver_App.png","type":"","width":"","height":""}],"twitter_card":"summary_large_image","twitter_misc":{"Dur\u00e9e de lecture estim\u00e9e":"1 minute"},"schema":{"@context":"https:\/\/schema.org","@graph":[{"@type":"WebPage","@id":"https:\/\/chimiver.com\/fr\/app-chimiver\/","url":"https:\/\/chimiver.com\/fr\/app-chimiver\/","name":"App Chimiver - Trattamento e Manutenzione Pavimenti Chimiver","isPartOf":{"@id":"https:\/\/chimiver.com\/fr\/#website"},"primaryImageOfPage":{"@id":"https:\/\/chimiver.com\/fr\/app-chimiver\/#primaryimage"},"image":{"@id":"https:\/\/chimiver.com\/fr\/app-chimiver\/#primaryimage"},"thumbnailUrl":"https:\/\/chimiver.com\/wp-content\/uploads\/2021\/11\/Chimiver_App.png","datePublished":"2023-03-30T07:05:05+00:00","dateModified":"2023-07-05T11:56:11+00:00","description":"Visita la sezione App Chimiver. Siamo leader nel mercato di prodotti per incollaggio, trattamento e manutenzione di pavimenti interni ed esterni.","breadcrumb":{"@id":"https:\/\/chimiver.com\/fr\/app-chimiver\/#breadcrumb"},"inLanguage":"fr-FR","potentialAction":[{"@type":"ReadAction","target":["https:\/\/chimiver.com\/fr\/app-chimiver\/"]}]},{"@type":"ImageObject","inLanguage":"fr-FR","@id":"https:\/\/chimiver.com\/fr\/app-chimiver\/#primaryimage","url":"https:\/\/chimiver.com\/wp-content\/uploads\/2021\/11\/Chimiver_App.png","contentUrl":"https:\/\/chimiver.com\/wp-content\/uploads\/2021\/11\/Chimiver_App.png"},{"@type":"BreadcrumbList","@id":"https:\/\/chimiver.com\/fr\/app-chimiver\/#breadcrumb","itemListElement":[{"@type":"ListItem","position":1,"name":"Home","item":"https:\/\/chimiver.com\/fr\/"},{"@type":"ListItem","position":2,"name":"App Chimiver"}]},{"@type":"WebSite","@id":"https:\/\/chimiver.com\/fr\/#website","url":"https:\/\/chimiver.com\/fr\/","name":"Chimiver, Your floors partner","description":"Your floors partner","publisher":{"@id":"https:\/\/chimiver.com\/fr\/#organization"},"alternateName":"Chimiver","potentialAction":[{"@type":"SearchAction","target":{"@type":"EntryPoint","urlTemplate":"https:\/\/chimiver.com\/fr\/?s={search_term_string}"},"query-input":{"@type":"PropertyValueSpecification","valueRequired":true,"valueName":"search_term_string"}}],"inLanguage":"fr-FR"},{"@type":"Organization","@id":"https:\/\/chimiver.com\/fr\/#organization","name":"Chimiver","url":"https:\/\/chimiver.com\/fr\/","logo":{"@type":"ImageObject","inLanguage":"fr-FR","@id":"https:\/\/chimiver.com\/fr\/#\/schema\/logo\/image\/","url":"https:\/\/chimiver.com\/wp-content\/uploads\/2022\/06\/Chimiver_500x500.jpg","contentUrl":"https:\/\/chimiver.com\/wp-content\/uploads\/2022\/06\/Chimiver_500x500.jpg","width":500,"height":500,"caption":"Chimiver"},"image":{"@id":"https:\/\/chimiver.com\/fr\/#\/schema\/logo\/image\/"},"sameAs":["https:\/\/www.facebook.com\/chimiver"]}]}},"_links":{"self":[{"href":"https:\/\/chimiver.com\/fr\/wp-json\/wp\/v2\/pages\/15181","targetHints":{"allow":["GET"]}}],"collection":[{"href":"https:\/\/chimiver.com\/fr\/wp-json\/wp\/v2\/pages"}],"about":[{"href":"https:\/\/chimiver.com\/fr\/wp-json\/wp\/v2\/types\/page"}],"author":[{"embeddable":true,"href":"https:\/\/chimiver.com\/fr\/wp-json\/wp\/v2\/users\/2"}],"replies":[{"embeddable":true,"href":"https:\/\/chimiver.com\/fr\/wp-json\/wp\/v2\/comments?post=15181"}],"version-history":[{"count":5,"href":"https:\/\/chimiver.com\/fr\/wp-json\/wp\/v2\/pages\/15181\/revisions"}],"predecessor-version":[{"id":15189,"href":"https:\/\/chimiver.com\/fr\/wp-json\/wp\/v2\/pages\/15181\/revisions\/15189"}],"wp:attachment":[{"href":"https:\/\/chimiver.com\/fr\/wp-json\/wp\/v2\/media?parent=15181"}],"curies":[{"name":"wp","href":"https:\/\/api.w.org\/{rel}","templated":true}]}}