{"id":18405,"date":"2024-01-02T14:36:07","date_gmt":"2024-01-02T13:36:07","guid":{"rendered":"https:\/\/chimiver.com\/clima\/"},"modified":"2024-05-30T14:05:11","modified_gmt":"2024-05-30T12:05:11","slug":"climat","status":"publish","type":"page","link":"https:\/\/chimiver.com\/fr\/climat\/","title":{"rendered":"Climat"},"content":{"rendered":"<section id=\"customlink_block-block_10dddf27c0da33e0284d0113af20a880\" class=\"text-image-block pubfa-block\" style=\"background-color:#FFFFFF;color:#2E2D2C;text-align:left;padding:45px 0;\">\n<div class=\"container\">\n    <div class=\"row\">\n\n        <!-- Text Col -->\n        <div class=\"col-12 col-lg-7 d-flex flex-column order-2 justify-content-start \">\n\n            <!-- Text Group -->\n            \n                <!-- Title (with or without Link) -->\n                \n                <!-- Content -->\n                                    <div class=\"pubfa-block-text-1\"><h1>Le changement climatique<\/h1>\n<p>Le<strong> changement climatique<\/strong> et la r\u00e9duction des \u00e9missions de carbone sont devenus des enjeux majeurs pour le d\u00e9veloppement des entreprises, et ceci en raison de l\u2019interconnexion entre activit\u00e9s industrielles, impacts environnementaux et attentes des parties prenantes.<\/p>\n<p>&nbsp;<\/p>\n<p><strong>Chimiver Panseri S.p.A<\/strong>. r\u00e9alise r\u00e9guli\u00e8rement le bilan de l\u2019<strong>empreinte carbone<\/strong> de son organisation, conform\u00e9ment \u00e0 la norme <strong>UNI EN ISO 14064:2019<\/strong>, en mesurant les quantit\u00e9s totales de gaz \u00e0 effet de serre (GES) \u00e9mises directement ou indirectement du fait de ses activit\u00e9s. Ce calcul fournit une \u00e9valuation compl\u00e8te de l\u2019impact environnemental de l\u2019organisation sur le changement climatique.<\/p>\n<\/div>\n                                \n            \n        <\/div>\n\n        <!-- Image Col -->\n        <div class=\"col-12 col-lg-5 d-flex align-items-center justify-content-center order-3 \">\n\n            <!-- Image Group -->\n            \n                 <!-- Image (with or without Link) -->\n                                                             <img decoding=\"async\" src=\"https:\/\/chimiver.com\/wp-content\/uploads\/2024\/01\/cambiamento-climatico.jpg\" alt=\"Azienda-Italiana-Prodotti-Professionali-Sostenibili-Posa-Trattamento-Manutenzione-Pavimenti-Legno-Parquet-Resina-Resilienti-Decking-WPC-Erba-Sintetica-Progettisti-Chimiver-Cambiamento-Climatico\" class=\"img-fluid\">\n                                    \n            \n        <\/div>\n    <\/div>\n<\/div>\n<\/section><section id=\"customlink_block-block_e6af0a0de794e6e5b57a330c8f4c7bdd\" class=\"text-image-block pubfa-block\" style=\"background-color:#FAFAFA;color:#2E2D2C;text-align:left;padding:45px 0;\">\n<div class=\"container\">\n    <div class=\"row\">\n\n        <!-- Text Col -->\n        <div class=\"col-12 col-lg-7 d-flex flex-column order-2 justify-content-start \">\n\n            <!-- Text Group -->\n            \n                <!-- Title (with or without Link) -->\n                \n                <!-- Content -->\n                                    <div class=\"pubfa-block-text-1\"><h4>Chimiver Panseri S.p.A. a donc d\u00e9cid\u00e9 de rejoindre l\u2019\u00e9minent projet appel\u00e9 <strong>Initiative Science Based Targets (iSBT)<\/strong>, n\u00e9 d\u2019un partenariat entre Carbon Disclosure Project, United Nations Global Compact, World Resources Institute (WRI) et World Wide Fund for nature (WWF), pour guider les entreprises vers des objectifs de r\u00e9duction des \u00e9missions, en phase avec les sciences du climat et l\u2019Accord de Paris.<\/h4>\n<p>&nbsp;<\/p>\n<p>Cette participation nous assurera une strat\u00e9gie personnalis\u00e9e de <strong>r\u00e9duction nette et d\u2019\u00e9limination des \u00e9missions<\/strong>, outre le fait qu\u2019elle nous permettra de devenir membres d\u2019une communaut\u00e9 d\u2019entreprises, au sein de laquelle partager connaissances, id\u00e9es et meilleures pratiques en nous inspirant de notre propre activit\u00e9 pour les appliquer.s.<\/p>\n<\/div>\n                                \n            \n        <\/div>\n\n        <!-- Image Col -->\n        <div class=\"col-12 col-lg-5 d-flex align-items-center justify-content-center order-1 \">\n\n            <!-- Image Group -->\n            \n                 <!-- Image (with or without Link) -->\n                                                             <img decoding=\"async\" src=\"https:\/\/chimiver.com\/wp-content\/uploads\/2024\/01\/foresta-di-conifere.jpg\" alt=\"Azienda-Italiana-Prodotti-Professionali-Sostenibili-Posa-Trattamento-Manutenzione-Pavimenti-Legno-Parquet-Resina-Resilienti-Decking-WPC-Erba-Sintetica-Progettisti-Chimiver-Foresta-Conifere\" class=\"img-fluid\">\n                                    \n            \n        <\/div>\n    <\/div>\n<\/div>\n<\/section><section id=\"customlink_block-block_a9c67873d8212c7c3a9fd5dcce33c9c6\" class=\"text-image-block pubfa-block\" style=\"background-color:#FFFFFF;color:#2E2D2C;text-align:left;padding:45px 0;\">\n<div class=\"container\">\n    <div class=\"row\">\n\n        <!-- Text Col -->\n        <div class=\"col-12 col-lg-7 d-flex flex-column order-2 justify-content-start \">\n\n            <!-- Text Group -->\n            \n                <!-- Title (with or without Link) -->\n                \n                <!-- Content -->\n                                    <div class=\"pubfa-block-text-1\"><h3>Les <strong>pr\u00e9occupations environnementales<\/strong> sont devenues une <strong>priorit\u00e9<\/strong> pour de nombreuses personnes, et les parties prenantes souhaitent s\u2019associer \u00e0 des marques et \u00e0 des entreprises qui refl\u00e8tent leurs valeurs.<\/h3>\n<p>&nbsp;<\/p>\n<p>Une <strong>gestion efficace<\/strong> du changement climatique et la r\u00e9duction des \u00e9missions de carbone deviennent donc des \u00e9l\u00e9ment cl\u00e9s pour r\u00e9pondre aux attentes des parties prenantes et maintenir la confiance des clients, des salari\u00e9s et des communaut\u00e9s locales, de plus en plus attentifs aux pratiques environnementales des entreprises.<\/p>\n<\/div>\n                                \n            \n        <\/div>\n\n        <!-- Image Col -->\n        <div class=\"col-12 col-lg-5 d-flex align-items-center justify-content-center order-3 \">\n\n            <!-- Image Group -->\n            \n                 <!-- Image (with or without Link) -->\n                                                             <img decoding=\"async\" src=\"https:\/\/chimiver.com\/wp-content\/uploads\/2024\/02\/Firefly-farfalla-blu-che-si-appoggia-su-un-fiore-viola-41166.jpg\" alt=\"Azienda-Italiana-Prodotti-Professionali-Sostenibili-Posa-Trattamento-Manutenzione-Pavimenti-Legno-Parquet-Resina-Resilienti-Decking-WPC-Erba-Sintetica-Progettisti-Chimiver-Biodiversit\u00e0-Farfalla\" class=\"img-fluid\">\n                                    \n            \n        <\/div>\n    <\/div>\n<\/div>\n<\/section><section id=\"customlink_block-block_68a14f0079ec22d3ae1ebf378b52051a\" class=\"text-image-block pubfa-block\" style=\"\">\n<div class=\"container\">\n    <div class=\"row\">\n\n        <!-- Text Col -->\n        <div class=\"col-12 col-lg-7 d-flex flex-column order-2 \">\n\n            <!-- Text Group -->\n            \n        <\/div>\n\n        <!-- Image Col -->\n        <div class=\"col-12 col-lg-5 d-flex \">\n\n            <!-- Image Group -->\n            \n        <\/div>\n    <\/div>\n<\/div>\n<\/section>","protected":false},"excerpt":{"rendered":"","protected":false},"author":2,"featured_media":0,"parent":0,"menu_order":51,"comment_status":"closed","ping_status":"closed","template":"","meta":{"_acf_changed":false,"inline_featured_image":false,"footnotes":""},"class_list":["post-18405","page","type-page","status-publish","hentry"],"acf":[],"yoast_head":"<!-- This site is optimized with the Yoast SEO plugin v26.2 - https:\/\/yoast.com\/wordpress\/plugins\/seo\/ -->\n<title>Climat - Azioni intraprese da Chimiver vs il cambiamento climatico<\/title>\n<meta name=\"description\" content=\"Visita la sezione Climat. In questa pagina troverai tutte le azioni intraprese da Chimiver per affrontare il cambiamento climatico. Riduzione e azzeramento delle emissioni sono aspetti chiavi da affrontare.\" \/>\n<meta name=\"robots\" content=\"index, follow, max-snippet:-1, max-image-preview:large, max-video-preview:-1\" \/>\n<link rel=\"canonical\" href=\"https:\/\/chimiver.com\/fr\/climat\/\" \/>\n<meta property=\"og:locale\" content=\"fr_FR\" \/>\n<meta property=\"og:type\" content=\"article\" \/>\n<meta property=\"og:title\" content=\"Climat - Azioni intraprese da Chimiver vs il cambiamento climatico\" \/>\n<meta property=\"og:description\" content=\"Visita la sezione Climat. In questa pagina troverai tutte le azioni intraprese da Chimiver per affrontare il cambiamento climatico. Riduzione e azzeramento delle emissioni sono aspetti chiavi da affrontare.\" \/>\n<meta property=\"og:url\" content=\"https:\/\/chimiver.com\/fr\/climat\/\" \/>\n<meta property=\"og:site_name\" content=\"Chimiver\" \/>\n<meta property=\"article:publisher\" content=\"https:\/\/www.facebook.com\/chimiver\" \/>\n<meta property=\"article:modified_time\" content=\"2024-05-30T12:05:11+00:00\" \/>\n<meta property=\"og:image\" content=\"https:\/\/chimiver.com\/wp-content\/uploads\/2022\/06\/Chimiver_500x500.jpg\" \/>\n\t<meta property=\"og:image:width\" content=\"500\" \/>\n\t<meta property=\"og:image:height\" content=\"500\" \/>\n\t<meta property=\"og:image:type\" content=\"image\/jpeg\" \/>\n<meta name=\"twitter:card\" content=\"summary_large_image\" \/>\n<script type=\"application\/ld+json\" class=\"yoast-schema-graph\">{\"@context\":\"https:\/\/schema.org\",\"@graph\":[{\"@type\":\"WebPage\",\"@id\":\"https:\/\/chimiver.com\/fr\/climat\/\",\"url\":\"https:\/\/chimiver.com\/fr\/climat\/\",\"name\":\"Climat - Azioni intraprese da Chimiver vs il cambiamento climatico\",\"isPartOf\":{\"@id\":\"https:\/\/chimiver.com\/fr\/#website\"},\"datePublished\":\"2024-01-02T13:36:07+00:00\",\"dateModified\":\"2024-05-30T12:05:11+00:00\",\"description\":\"Visita la sezione Climat. In questa pagina troverai tutte le azioni intraprese da Chimiver per affrontare il cambiamento climatico. Riduzione e azzeramento delle emissioni sono aspetti chiavi da affrontare.\",\"breadcrumb\":{\"@id\":\"https:\/\/chimiver.com\/fr\/climat\/#breadcrumb\"},\"inLanguage\":\"fr-FR\",\"potentialAction\":[{\"@type\":\"ReadAction\",\"target\":[\"https:\/\/chimiver.com\/fr\/climat\/\"]}]},{\"@type\":\"BreadcrumbList\",\"@id\":\"https:\/\/chimiver.com\/fr\/climat\/#breadcrumb\",\"itemListElement\":[{\"@type\":\"ListItem\",\"position\":1,\"name\":\"Home\",\"item\":\"https:\/\/chimiver.com\/fr\/\"},{\"@type\":\"ListItem\",\"position\":2,\"name\":\"Climat\"}]},{\"@type\":\"WebSite\",\"@id\":\"https:\/\/chimiver.com\/fr\/#website\",\"url\":\"https:\/\/chimiver.com\/fr\/\",\"name\":\"Chimiver, Your floors partner\",\"description\":\"Your floors partner\",\"publisher\":{\"@id\":\"https:\/\/chimiver.com\/fr\/#organization\"},\"alternateName\":\"Chimiver\",\"potentialAction\":[{\"@type\":\"SearchAction\",\"target\":{\"@type\":\"EntryPoint\",\"urlTemplate\":\"https:\/\/chimiver.com\/fr\/?s={search_term_string}\"},\"query-input\":{\"@type\":\"PropertyValueSpecification\",\"valueRequired\":true,\"valueName\":\"search_term_string\"}}],\"inLanguage\":\"fr-FR\"},{\"@type\":\"Organization\",\"@id\":\"https:\/\/chimiver.com\/fr\/#organization\",\"name\":\"Chimiver\",\"url\":\"https:\/\/chimiver.com\/fr\/\",\"logo\":{\"@type\":\"ImageObject\",\"inLanguage\":\"fr-FR\",\"@id\":\"https:\/\/chimiver.com\/fr\/#\/schema\/logo\/image\/\",\"url\":\"https:\/\/chimiver.com\/wp-content\/uploads\/2022\/06\/Chimiver_500x500.jpg\",\"contentUrl\":\"https:\/\/chimiver.com\/wp-content\/uploads\/2022\/06\/Chimiver_500x500.jpg\",\"width\":500,\"height\":500,\"caption\":\"Chimiver\"},\"image\":{\"@id\":\"https:\/\/chimiver.com\/fr\/#\/schema\/logo\/image\/\"},\"sameAs\":[\"https:\/\/www.facebook.com\/chimiver\"]}]}<\/script>\n<!-- \/ Yoast SEO plugin. -->","yoast_head_json":{"title":"Climat - Azioni intraprese da Chimiver vs il cambiamento climatico","description":"Visita la sezione Climat. In questa pagina troverai tutte le azioni intraprese da Chimiver per affrontare il cambiamento climatico. Riduzione e azzeramento delle emissioni sono aspetti chiavi da affrontare.","robots":{"index":"index","follow":"follow","max-snippet":"max-snippet:-1","max-image-preview":"max-image-preview:large","max-video-preview":"max-video-preview:-1"},"canonical":"https:\/\/chimiver.com\/fr\/climat\/","og_locale":"fr_FR","og_type":"article","og_title":"Climat - Azioni intraprese da Chimiver vs il cambiamento climatico","og_description":"Visita la sezione Climat. In questa pagina troverai tutte le azioni intraprese da Chimiver per affrontare il cambiamento climatico. Riduzione e azzeramento delle emissioni sono aspetti chiavi da affrontare.","og_url":"https:\/\/chimiver.com\/fr\/climat\/","og_site_name":"Chimiver","article_publisher":"https:\/\/www.facebook.com\/chimiver","article_modified_time":"2024-05-30T12:05:11+00:00","og_image":[{"width":500,"height":500,"url":"https:\/\/chimiver.com\/wp-content\/uploads\/2022\/06\/Chimiver_500x500.jpg","type":"image\/jpeg"}],"twitter_card":"summary_large_image","schema":{"@context":"https:\/\/schema.org","@graph":[{"@type":"WebPage","@id":"https:\/\/chimiver.com\/fr\/climat\/","url":"https:\/\/chimiver.com\/fr\/climat\/","name":"Climat - Azioni intraprese da Chimiver vs il cambiamento climatico","isPartOf":{"@id":"https:\/\/chimiver.com\/fr\/#website"},"datePublished":"2024-01-02T13:36:07+00:00","dateModified":"2024-05-30T12:05:11+00:00","description":"Visita la sezione Climat. In questa pagina troverai tutte le azioni intraprese da Chimiver per affrontare il cambiamento climatico. Riduzione e azzeramento delle emissioni sono aspetti chiavi da affrontare.","breadcrumb":{"@id":"https:\/\/chimiver.com\/fr\/climat\/#breadcrumb"},"inLanguage":"fr-FR","potentialAction":[{"@type":"ReadAction","target":["https:\/\/chimiver.com\/fr\/climat\/"]}]},{"@type":"BreadcrumbList","@id":"https:\/\/chimiver.com\/fr\/climat\/#breadcrumb","itemListElement":[{"@type":"ListItem","position":1,"name":"Home","item":"https:\/\/chimiver.com\/fr\/"},{"@type":"ListItem","position":2,"name":"Climat"}]},{"@type":"WebSite","@id":"https:\/\/chimiver.com\/fr\/#website","url":"https:\/\/chimiver.com\/fr\/","name":"Chimiver, Your floors partner","description":"Your floors partner","publisher":{"@id":"https:\/\/chimiver.com\/fr\/#organization"},"alternateName":"Chimiver","potentialAction":[{"@type":"SearchAction","target":{"@type":"EntryPoint","urlTemplate":"https:\/\/chimiver.com\/fr\/?s={search_term_string}"},"query-input":{"@type":"PropertyValueSpecification","valueRequired":true,"valueName":"search_term_string"}}],"inLanguage":"fr-FR"},{"@type":"Organization","@id":"https:\/\/chimiver.com\/fr\/#organization","name":"Chimiver","url":"https:\/\/chimiver.com\/fr\/","logo":{"@type":"ImageObject","inLanguage":"fr-FR","@id":"https:\/\/chimiver.com\/fr\/#\/schema\/logo\/image\/","url":"https:\/\/chimiver.com\/wp-content\/uploads\/2022\/06\/Chimiver_500x500.jpg","contentUrl":"https:\/\/chimiver.com\/wp-content\/uploads\/2022\/06\/Chimiver_500x500.jpg","width":500,"height":500,"caption":"Chimiver"},"image":{"@id":"https:\/\/chimiver.com\/fr\/#\/schema\/logo\/image\/"},"sameAs":["https:\/\/www.facebook.com\/chimiver"]}]}},"_links":{"self":[{"href":"https:\/\/chimiver.com\/fr\/wp-json\/wp\/v2\/pages\/18405","targetHints":{"allow":["GET"]}}],"collection":[{"href":"https:\/\/chimiver.com\/fr\/wp-json\/wp\/v2\/pages"}],"about":[{"href":"https:\/\/chimiver.com\/fr\/wp-json\/wp\/v2\/types\/page"}],"author":[{"embeddable":true,"href":"https:\/\/chimiver.com\/fr\/wp-json\/wp\/v2\/users\/2"}],"replies":[{"embeddable":true,"href":"https:\/\/chimiver.com\/fr\/wp-json\/wp\/v2\/comments?post=18405"}],"version-history":[{"count":4,"href":"https:\/\/chimiver.com\/fr\/wp-json\/wp\/v2\/pages\/18405\/revisions"}],"predecessor-version":[{"id":19758,"href":"https:\/\/chimiver.com\/fr\/wp-json\/wp\/v2\/pages\/18405\/revisions\/19758"}],"wp:attachment":[{"href":"https:\/\/chimiver.com\/fr\/wp-json\/wp\/v2\/media?parent=18405"}],"curies":[{"name":"wp","href":"https:\/\/api.w.org\/{rel}","templated":true}]}}