{"id":18414,"date":"2024-01-02T11:17:57","date_gmt":"2024-01-02T10:17:57","guid":{"rendered":"https:\/\/chimiver.com\/resilience\/"},"modified":"2024-07-31T16:38:05","modified_gmt":"2024-07-31T14:38:05","slug":"resilience","status":"publish","type":"page","link":"https:\/\/chimiver.com\/fr\/resilience\/","title":{"rendered":"R\u00e9silience"},"content":{"rendered":"<section id=\"customlink_block-block_9626396a78141a796a6cf6153002d136\" class=\"text-image-block pubfa-block\" style=\"background-color:#FFFFFF;color:#2E2D2C;text-align:left;padding:45px 0;\">\n<div class=\"container\">\n    <div class=\"row\">\n\n        <!-- Text Col -->\n        <div class=\"col-12 col-lg-7 d-flex flex-column order-2 justify-content-start \">\n\n            <!-- Text Group -->\n            \n                <!-- Title (with or without Link) -->\n                \n                <!-- Content -->\n                                    <div class=\"pubfa-block-text-1\"><h1><strong>Bilan de d\u00e9veloppement durable<\/strong><\/h1>\n<p>Une entreprise qui int\u00e8gre les principes de durabilit\u00e9 dans son mod\u00e8le \u00e9conomique, et qui l\u2019inscrit donc dans son bilan de d\u00e9veloppement durable, est davantage encline \u00e0 la r\u00e9silience. Pour ce faire, elle opte pour des pratiques de management et pour des d\u00e9cisions strat\u00e9giques qui tiennent compte des impacts \u00e0 long terme et de la gestion responsable des ressources, ce qui la renforce dans sa capacit\u00e9 \u00e0 faire face aux changements et aux crises.<\/p>\n<p><strong>Chimiver Panseri S.p.A.<\/strong> s\u2019est engag\u00e9e en conscience et de fa\u00e7on volontaire en faveur du d\u00e9veloppement durable, en le consid\u00e9rant davantage comme faisant partie int\u00e9grante de son identit\u00e9 d\u2019entreprise, autrement dit comme une v\u00e9ritable vocation, que comme une n\u00e9cessit\u00e9 dict\u00e9e par des facteurs externes ou des pressions du march\u00e9.<\/p>\n<p>La mission convenue d\u2019\u00e9tablir chaque ann\u00e9e le <strong>Bilan de d\u00e9veloppement durable rev\u00eat<\/strong> un r\u00f4le fondamental pour garantir une gestion d\u2019entreprise durable, bas\u00e9e sur des valeurs \u00e9thiques et de responsabilit\u00e9 envers les enjeux ESG (Environnement, Social et Gouvernance).<\/p>\n<p>&nbsp;<\/p>\n<\/div>\n                                \n            \n        <\/div>\n\n        <!-- Image Col -->\n        <div class=\"col-12 col-lg-5 d-flex align-items-center justify-content-center order-1 \">\n\n            <!-- Image Group -->\n            \n                 <!-- Image (with or without Link) -->\n                                                             <a href=\"https:\/\/chimiver.com\/wp-content\/uploads\/2023\/09\/CHIMIVER_Bilancio_sostenibilita_2023.pdf\" target=\"_blank\">\n                            <img decoding=\"async\" src=\"https:\/\/chimiver.com\/wp-content\/uploads\/2023\/09\/Bilancio-sostenibilita-scaled.jpg\" alt=\"Chimiver-Presenta-Primo-Bilancio-Sostenibilit\u00e0-2023-Attivit\u00e0-Intraprese-In-Ambito-Ambientale-Sociale-Economico-Futuro-Sostenibile-Download\" class=\"img-fluid\">\n                        <\/a>\n                                    \n            \n        <\/div>\n    <\/div>\n<\/div>\n<\/section><section id=\"customlink_block-block_2733c0f9167055f5e6cf574e51be62e0\" class=\"text-icon-block pubfa-block\" style=\"background-color:#FFFFFF;color:#2E2D2C;text-align:center;\">\n    <div class=\"container\">\n        <div class=\"d-flex flex-column justify-content-center \">\n\n            <!-- Image Group -->\n            \n                 <!-- Image (with or without Link) -->\n                 \n            \n            <!-- Text Group -->\n            \n                <!-- Title (with or without Link) -->\n                \n                <!-- Content -->\n                                    <div class=\"pubfa-block-text-1\"><p style=\"text-align: center;\">Ce choix facilite une communication transparente avec nos parties prenantes, en impliquant activement les acteurs concern\u00e9s par les processus d\u00e9cisionnels. Une telle implication contribuera non seulement \u00e0 renforcer les liens avec la communaut\u00e9 environnante, mais repr\u00e9sentera \u00e9galement un moyen de p\u00e9renniser un dialogue ouvert et constructif.<\/p>\n<h3 style=\"text-align: center;\">L\u2019\u00e9valuation p\u00e9riodique des performances durables favorise un engagement continu, elle d\u00e9montre clairement <strong>l\u2019adh\u00e9sion constante aux objectifs et aux pratiques durables<\/strong> et r\u00e9pond aux demandes des investisseurs, clients et autres parties concern\u00e9es qui consid\u00e8rent qu\u2019il est on ne peut plus important d\u2019\u00e9valuer les pratiques durables de notre entreprise.<\/h3>\n<\/div>\n                                \n            \n        <\/div>\n    <\/div>\n<\/section><section id=\"customlink_block-block_16314e9288720b6af8b8293cc1fc1165\" class=\"text-image-block pubfa-block\" style=\"background-color:#FFFFFF;color:#2E2D2C;text-align:left;padding:45px 0;\">\n<div class=\"container\">\n    <div class=\"row\">\n\n        <!-- Text Col -->\n        <div class=\"col-12 col-lg-7 d-flex flex-column order-2 justify-content-start \">\n\n            <!-- Text Group -->\n            \n                <!-- Title (with or without Link) -->\n                \n                <!-- Content -->\n                                    <div class=\"pubfa-block-text-1\"><h2><strong>Code de conduite des fournisseurs<\/strong><\/h2>\n<p>Ce document repr\u00e9sente pour nous l\u2019engagement \u00e0 \u00e9tablir des <strong>relations commerciales durables, \u00e9thiques et responsables<\/strong> avec nos fournisseurs. Cet acte a pour but d\u2019identifier les attentes que nous avons vis-\u00e0-vis de nos partenaires commerciaux, afin de garantir que les activit\u00e9s sont men\u00e9es conform\u00e9ment aux standards \u00e9thiques les plus \u00e9lev\u00e9s. Par la collaboration et le respect mutuel, nous visons \u00e0 cr\u00e9er un lieu de travail \u00e9quitable, s\u00fbr et respectueux, contribuant ainsi \u00e0 une r\u00e9ussite partag\u00e9e..<\/p>\n<p>Le Code de Conduite des Fournisseurs refl\u00e8te les valeurs fondamentales de notre entreprise, notamment <strong>la durabilit\u00e9, l\u2019int\u00e9grit\u00e9 et la transparence.<\/strong> Nous croyons fermement que notre succ\u00e8s d\u00e9pend non seulement de la qualit\u00e9 de nos produits et services, mais \u00e9galement de la conduite \u00e9thique et responsable de tous ceux qui contribuent \u00e0 notre cha\u00eene de valeur. Nous attendons de nos fournisseurs qu\u2019ils partagent ces valeurs avec nous et qu\u2019ils s\u2019engagent \u00e0 les respecter dans toutes les interactions avec Chimiver Panseri S.p.A. et avec les parties concern\u00e9es externes. Ce document identifie les lignes directrices sp\u00e9cifiques que les fournisseurs doivent suivre pour garantir le respect des normes de comportement \u00e9thique et des r\u00e9glementations en vigueur.<\/p>\n<\/div>\n                                \n            \n        <\/div>\n\n        <!-- Image Col -->\n        <div class=\"col-12 col-lg-5 d-flex align-items-center justify-content-center order-3 \">\n\n            <!-- Image Group -->\n            \n                 <!-- Image (with or without Link) -->\n                                                             <a href=\"https:\/\/chimiver.com\/wp-content\/uploads\/2024\/02\/CHIMIVER_Codice-condotta-fornitori_2024.pdf\" target=\"_blank\">\n                            <img decoding=\"async\" src=\"https:\/\/chimiver.com\/wp-content\/uploads\/2024\/02\/Codice-Condotta-Fornitori.jpg\" alt=\"Codice-Condotta-Fornitori-Documento-che-Stabilisce-le-Relazioni-Commerciali-Sostenibili-Etiche-Responsabili-Con-i-Fornitori-Chimiver\" class=\"img-fluid\">\n                        <\/a>\n                                    \n            \n        <\/div>\n    <\/div>\n<\/div>\n<\/section><section id=\"customlink_block-block_12e49e3105b04e097fe62d71e3bb73d7\" class=\"text-icon-block pubfa-block\" style=\"background-color:#FFFFFF;color:#2E2D2C;text-align:center;\">\n    <div class=\"container\">\n        <div class=\"d-flex flex-column justify-content-center \">\n\n            <!-- Image Group -->\n            \n                 <!-- Image (with or without Link) -->\n                 \n            \n            <!-- Text Group -->\n            \n                <!-- Title (with or without Link) -->\n                \n                <!-- Content -->\n                                    <div class=\"pubfa-block-text-1\"><p>Visionnez la <a href=\"https:\/\/youtu.be\/pvH0ar1eTyA\" target=\"_blank\" rel=\"noopener\"><strong>nouvelle vid\u00e9o<\/strong><\/a> sur la durabilit\u00e9, d\u00e9couvrez ce que Chimiver fait et jusqu\u2019o\u00f9 on peut arriver en unissant nos forces.<\/p>\n<\/div>\n                                \n            \n        <\/div>\n    <\/div>\n<\/section><section id=\"customlink_block-block_04b8a3b95776027e02053a8af7144733\" class=\"banner-block pubfa-block\" style=\"background-color:#FFDA00;color:#FFFFFF;text-align:left;\">\n\n    <!-- Background Image Group -->\n            <!-- Background Image  -->\n                    <img decoding=\"async\" src=\"https:\/\/chimiver.com\/wp-content\/uploads\/2022\/03\/chimiver-sostenibilita_1.jpg\" alt=\"Sostenibilit\u00e0-Ambientale-Economica-Sociale-Decarbonizzazione-Prodotti-Ridotto-Impatto-Ambientale-Chimiver-1\" class=\"banner-bg-image\">\n        \n    \n    <!-- Text Group -->\n            <div class=\"text-group\">\n            <div class=\"container\">\n\n                <!-- Title (with or without Link) -->\n                \n                                            <h2 class=\"pubfa-block-title-1\">Choisissez Chimiver, ensemble vers un avenir durable<\/h2>\n                                    \n                <!-- Content -->\n                \n            <\/div>\n        <\/div>\n    \n<\/section><div style=\"height:100px\" aria-hidden=\"true\" class=\"wp-block-spacer\"><\/div>","protected":false},"excerpt":{"rendered":"","protected":false},"author":2,"featured_media":0,"parent":0,"menu_order":69,"comment_status":"closed","ping_status":"closed","template":"","meta":{"_acf_changed":false,"inline_featured_image":false,"footnotes":""},"class_list":["post-18414","page","type-page","status-publish","hentry"],"acf":[],"yoast_head":"<!-- This site is optimized with the Yoast SEO plugin v26.2 - https:\/\/yoast.com\/wordpress\/plugins\/seo\/ -->\n<title>R\u00e9silience - Chimiver e il suo impegno verso la sostenibilit\u00e0<\/title>\n<meta name=\"description\" content=\"Visita la sezione R\u00e9silience. Chimiver ha intrapreso un impegno consapevole e volontario verso la sostenibilit\u00e0, considerandola non solo una necessit\u00e0 dettata da fattori esterni o da pressioni di mercato, ma parte integrante della sua identit\u00e0 aziendale, una vera e propria vocazione.\" \/>\n<meta name=\"robots\" content=\"index, follow, max-snippet:-1, max-image-preview:large, max-video-preview:-1\" \/>\n<link rel=\"canonical\" href=\"https:\/\/chimiver.com\/fr\/resilience\/\" \/>\n<meta property=\"og:locale\" content=\"fr_FR\" \/>\n<meta property=\"og:type\" content=\"article\" \/>\n<meta property=\"og:title\" content=\"R\u00e9silience - Chimiver e il suo impegno verso la sostenibilit\u00e0\" \/>\n<meta property=\"og:description\" content=\"Visita la sezione R\u00e9silience. Chimiver ha intrapreso un impegno consapevole e volontario verso la sostenibilit\u00e0, considerandola non solo una necessit\u00e0 dettata da fattori esterni o da pressioni di mercato, ma parte integrante della sua identit\u00e0 aziendale, una vera e propria vocazione.\" \/>\n<meta property=\"og:url\" content=\"https:\/\/chimiver.com\/fr\/resilience\/\" \/>\n<meta property=\"og:site_name\" content=\"Chimiver\" \/>\n<meta property=\"article:publisher\" content=\"https:\/\/www.facebook.com\/chimiver\" \/>\n<meta property=\"article:modified_time\" content=\"2024-07-31T14:38:05+00:00\" \/>\n<meta property=\"og:image\" content=\"https:\/\/chimiver.com\/wp-content\/uploads\/2022\/06\/Chimiver_500x500.jpg\" \/>\n\t<meta property=\"og:image:width\" content=\"500\" \/>\n\t<meta property=\"og:image:height\" content=\"500\" \/>\n\t<meta property=\"og:image:type\" content=\"image\/jpeg\" \/>\n<meta name=\"twitter:card\" content=\"summary_large_image\" \/>\n<script type=\"application\/ld+json\" class=\"yoast-schema-graph\">{\"@context\":\"https:\/\/schema.org\",\"@graph\":[{\"@type\":\"WebPage\",\"@id\":\"https:\/\/chimiver.com\/fr\/resilience\/\",\"url\":\"https:\/\/chimiver.com\/fr\/resilience\/\",\"name\":\"R\u00e9silience - Chimiver e il suo impegno verso la sostenibilit\u00e0\",\"isPartOf\":{\"@id\":\"https:\/\/chimiver.com\/fr\/#website\"},\"datePublished\":\"2024-01-02T10:17:57+00:00\",\"dateModified\":\"2024-07-31T14:38:05+00:00\",\"description\":\"Visita la sezione R\u00e9silience. Chimiver ha intrapreso un impegno consapevole e volontario verso la sostenibilit\u00e0, considerandola non solo una necessit\u00e0 dettata da fattori esterni o da pressioni di mercato, ma parte integrante della sua identit\u00e0 aziendale, una vera e propria vocazione.\",\"breadcrumb\":{\"@id\":\"https:\/\/chimiver.com\/fr\/resilience\/#breadcrumb\"},\"inLanguage\":\"fr-FR\",\"potentialAction\":[{\"@type\":\"ReadAction\",\"target\":[\"https:\/\/chimiver.com\/fr\/resilience\/\"]}]},{\"@type\":\"BreadcrumbList\",\"@id\":\"https:\/\/chimiver.com\/fr\/resilience\/#breadcrumb\",\"itemListElement\":[{\"@type\":\"ListItem\",\"position\":1,\"name\":\"Home\",\"item\":\"https:\/\/chimiver.com\/fr\/\"},{\"@type\":\"ListItem\",\"position\":2,\"name\":\"R\u00e9silience\"}]},{\"@type\":\"WebSite\",\"@id\":\"https:\/\/chimiver.com\/fr\/#website\",\"url\":\"https:\/\/chimiver.com\/fr\/\",\"name\":\"Chimiver, Your floors partner\",\"description\":\"Your floors partner\",\"publisher\":{\"@id\":\"https:\/\/chimiver.com\/fr\/#organization\"},\"alternateName\":\"Chimiver\",\"potentialAction\":[{\"@type\":\"SearchAction\",\"target\":{\"@type\":\"EntryPoint\",\"urlTemplate\":\"https:\/\/chimiver.com\/fr\/?s={search_term_string}\"},\"query-input\":{\"@type\":\"PropertyValueSpecification\",\"valueRequired\":true,\"valueName\":\"search_term_string\"}}],\"inLanguage\":\"fr-FR\"},{\"@type\":\"Organization\",\"@id\":\"https:\/\/chimiver.com\/fr\/#organization\",\"name\":\"Chimiver\",\"url\":\"https:\/\/chimiver.com\/fr\/\",\"logo\":{\"@type\":\"ImageObject\",\"inLanguage\":\"fr-FR\",\"@id\":\"https:\/\/chimiver.com\/fr\/#\/schema\/logo\/image\/\",\"url\":\"https:\/\/chimiver.com\/wp-content\/uploads\/2022\/06\/Chimiver_500x500.jpg\",\"contentUrl\":\"https:\/\/chimiver.com\/wp-content\/uploads\/2022\/06\/Chimiver_500x500.jpg\",\"width\":500,\"height\":500,\"caption\":\"Chimiver\"},\"image\":{\"@id\":\"https:\/\/chimiver.com\/fr\/#\/schema\/logo\/image\/\"},\"sameAs\":[\"https:\/\/www.facebook.com\/chimiver\"]}]}<\/script>\n<!-- \/ Yoast SEO plugin. -->","yoast_head_json":{"title":"R\u00e9silience - Chimiver e il suo impegno verso la sostenibilit\u00e0","description":"Visita la sezione R\u00e9silience. Chimiver ha intrapreso un impegno consapevole e volontario verso la sostenibilit\u00e0, considerandola non solo una necessit\u00e0 dettata da fattori esterni o da pressioni di mercato, ma parte integrante della sua identit\u00e0 aziendale, una vera e propria vocazione.","robots":{"index":"index","follow":"follow","max-snippet":"max-snippet:-1","max-image-preview":"max-image-preview:large","max-video-preview":"max-video-preview:-1"},"canonical":"https:\/\/chimiver.com\/fr\/resilience\/","og_locale":"fr_FR","og_type":"article","og_title":"R\u00e9silience - Chimiver e il suo impegno verso la sostenibilit\u00e0","og_description":"Visita la sezione R\u00e9silience. Chimiver ha intrapreso un impegno consapevole e volontario verso la sostenibilit\u00e0, considerandola non solo una necessit\u00e0 dettata da fattori esterni o da pressioni di mercato, ma parte integrante della sua identit\u00e0 aziendale, una vera e propria vocazione.","og_url":"https:\/\/chimiver.com\/fr\/resilience\/","og_site_name":"Chimiver","article_publisher":"https:\/\/www.facebook.com\/chimiver","article_modified_time":"2024-07-31T14:38:05+00:00","og_image":[{"width":500,"height":500,"url":"https:\/\/chimiver.com\/wp-content\/uploads\/2022\/06\/Chimiver_500x500.jpg","type":"image\/jpeg"}],"twitter_card":"summary_large_image","schema":{"@context":"https:\/\/schema.org","@graph":[{"@type":"WebPage","@id":"https:\/\/chimiver.com\/fr\/resilience\/","url":"https:\/\/chimiver.com\/fr\/resilience\/","name":"R\u00e9silience - Chimiver e il suo impegno verso la sostenibilit\u00e0","isPartOf":{"@id":"https:\/\/chimiver.com\/fr\/#website"},"datePublished":"2024-01-02T10:17:57+00:00","dateModified":"2024-07-31T14:38:05+00:00","description":"Visita la sezione R\u00e9silience. Chimiver ha intrapreso un impegno consapevole e volontario verso la sostenibilit\u00e0, considerandola non solo una necessit\u00e0 dettata da fattori esterni o da pressioni di mercato, ma parte integrante della sua identit\u00e0 aziendale, una vera e propria vocazione.","breadcrumb":{"@id":"https:\/\/chimiver.com\/fr\/resilience\/#breadcrumb"},"inLanguage":"fr-FR","potentialAction":[{"@type":"ReadAction","target":["https:\/\/chimiver.com\/fr\/resilience\/"]}]},{"@type":"BreadcrumbList","@id":"https:\/\/chimiver.com\/fr\/resilience\/#breadcrumb","itemListElement":[{"@type":"ListItem","position":1,"name":"Home","item":"https:\/\/chimiver.com\/fr\/"},{"@type":"ListItem","position":2,"name":"R\u00e9silience"}]},{"@type":"WebSite","@id":"https:\/\/chimiver.com\/fr\/#website","url":"https:\/\/chimiver.com\/fr\/","name":"Chimiver, Your floors partner","description":"Your floors partner","publisher":{"@id":"https:\/\/chimiver.com\/fr\/#organization"},"alternateName":"Chimiver","potentialAction":[{"@type":"SearchAction","target":{"@type":"EntryPoint","urlTemplate":"https:\/\/chimiver.com\/fr\/?s={search_term_string}"},"query-input":{"@type":"PropertyValueSpecification","valueRequired":true,"valueName":"search_term_string"}}],"inLanguage":"fr-FR"},{"@type":"Organization","@id":"https:\/\/chimiver.com\/fr\/#organization","name":"Chimiver","url":"https:\/\/chimiver.com\/fr\/","logo":{"@type":"ImageObject","inLanguage":"fr-FR","@id":"https:\/\/chimiver.com\/fr\/#\/schema\/logo\/image\/","url":"https:\/\/chimiver.com\/wp-content\/uploads\/2022\/06\/Chimiver_500x500.jpg","contentUrl":"https:\/\/chimiver.com\/wp-content\/uploads\/2022\/06\/Chimiver_500x500.jpg","width":500,"height":500,"caption":"Chimiver"},"image":{"@id":"https:\/\/chimiver.com\/fr\/#\/schema\/logo\/image\/"},"sameAs":["https:\/\/www.facebook.com\/chimiver"]}]}},"_links":{"self":[{"href":"https:\/\/chimiver.com\/fr\/wp-json\/wp\/v2\/pages\/18414","targetHints":{"allow":["GET"]}}],"collection":[{"href":"https:\/\/chimiver.com\/fr\/wp-json\/wp\/v2\/pages"}],"about":[{"href":"https:\/\/chimiver.com\/fr\/wp-json\/wp\/v2\/types\/page"}],"author":[{"embeddable":true,"href":"https:\/\/chimiver.com\/fr\/wp-json\/wp\/v2\/users\/2"}],"replies":[{"embeddable":true,"href":"https:\/\/chimiver.com\/fr\/wp-json\/wp\/v2\/comments?post=18414"}],"version-history":[{"count":7,"href":"https:\/\/chimiver.com\/fr\/wp-json\/wp\/v2\/pages\/18414\/revisions"}],"predecessor-version":[{"id":20025,"href":"https:\/\/chimiver.com\/fr\/wp-json\/wp\/v2\/pages\/18414\/revisions\/20025"}],"wp:attachment":[{"href":"https:\/\/chimiver.com\/fr\/wp-json\/wp\/v2\/media?parent=18414"}],"curies":[{"name":"wp","href":"https:\/\/api.w.org\/{rel}","templated":true}]}}