{"id":18421,"date":"2024-01-02T13:38:03","date_gmt":"2024-01-02T12:38:03","guid":{"rendered":"https:\/\/chimiver.com\/biodiversita\/"},"modified":"2024-05-30T14:07:46","modified_gmt":"2024-05-30T12:07:46","slug":"biodiversite","status":"publish","type":"page","link":"https:\/\/chimiver.com\/fr\/biodiversite\/","title":{"rendered":"Biodiversit\u00e9"},"content":{"rendered":"<section id=\"customlink_block-block_a5e97e86f7b903278c1ff60c32a591c5\" class=\"text-icon-block pubfa-block\" style=\"background-color:#FFFFFF;color:#2E2D2C;text-align:center;\">\n    <div class=\"container\">\n        <div class=\"d-flex flex-column justify-content-center \">\n\n            <!-- Image Group -->\n            \n                 <!-- Image (with or without Link) -->\n                 \n            \n            <!-- Text Group -->\n            \n                <!-- Title (with or without Link) -->\n                \n                <!-- Content -->\n                                    <div class=\"pubfa-block-text-1\"><h1 style=\"text-align: center;\"><strong>Biodiversit\u00e9<\/strong><\/h1>\n<p>La Convention des Nations Unies sur la Diversit\u00e9 Biologique d\u00e9signe la <strong>biodiversit\u00e9<\/strong> comme la vari\u00e9t\u00e9 et la variabilit\u00e9 des organismes vivants et des syst\u00e8mes \u00e9cologiques dans lesquels ils vivent, soulignant qu\u2019elle comprend trois niveaux : la diversit\u00e9 g\u00e9n\u00e9tique, la diversit\u00e9 des esp\u00e8ces et la diversit\u00e9 des \u00e9cosyst\u00e8mes.<\/p>\n<p>&nbsp;<\/p>\n<p>En interagissant les unes avec les autres, les diff\u00e9rentes esp\u00e8ces se rassemblent pour cr\u00e9er des <strong>\u00e9cosyst\u00e8mes<\/strong> qui remplissent <strong>des fonctions essentielles \u00e0 la vie<\/strong> telles que l\u2019\u00e9puration de l\u2019eau, la purification de l\u2019air, la protection du sol, la r\u00e9gulation du climat, l\u2019approvisionnement en mati\u00e8res premi\u00e8res et en aliments.<\/p>\n<\/div>\n                                \n            \n        <\/div>\n    <\/div>\n<\/section><section id=\"customlink_block-block_0c911c9bc0b792d84870562d64376493\" class=\"text-image-block pubfa-block\" style=\"background-color:#FAFAFA;color:#2E2D2C;text-align:left;padding:45px 0;\">\n<div class=\"container\">\n    <div class=\"row\">\n\n        <!-- Text Col -->\n        <div class=\"col-12 col-lg-7 d-flex flex-column order-2 justify-content-start \">\n\n            <!-- Text Group -->\n            \n                <!-- Title (with or without Link) -->\n                \n                <!-- Content -->\n                                    <div class=\"pubfa-block-text-1\"><h3>La <strong>sensibilit\u00e9 extr\u00eame de cet \u00e9quilibre<\/strong> nous montre que ne serait-ce qu\u2019un petit changement peut g\u00e9n\u00e9rer un <strong>impact \u00e9norme sur un \u00e9cosyst\u00e8me tout entier<\/strong>, vital pour le bien-\u00eatre humain.<\/h3>\n<p>&nbsp;<\/p>\n<p>Dans les ann\u00e9es \u00e0 venir, l\u2019un des risques mondiaux majeurs auxquels nous serons confront\u00e9s est la perte de biodiversit\u00e9 et l\u2019effondrement des \u00e9cosyst\u00e8mes qui en r\u00e9sultera.<\/p>\n<p>&nbsp;<\/p>\n<p>C\u2019est pour cette raison qu\u2019a \u00e9t\u00e9 approuv\u00e9 le <strong>Kunming-Montreal Global Biodiversity Framework,<\/strong> l\u2019\u00e9quivalent en mati\u00e8re de biodiversit\u00e9 de l\u2019Accord de Paris sur le climat, o\u00f9 des mesures urgentes ont \u00e9t\u00e9 prises pour arr\u00eater et inverser la perte de biodiversit\u00e9.<\/p>\n<\/div>\n                                \n            \n        <\/div>\n\n        <!-- Image Col -->\n        <div class=\"col-12 col-lg-5 d-flex align-items-center justify-content-center order-1 \">\n\n            <!-- Image Group -->\n            \n                 <!-- Image (with or without Link) -->\n                                                             <img decoding=\"async\" src=\"https:\/\/chimiver.com\/wp-content\/uploads\/2024\/02\/Firefly-ape-che-impollina-fiori-di-campo-colorati.-Ape-posizionata-nellangolo-in-basso-a-sinistra-2-scaled.jpg\" alt=\"Azienda-Italiana-Prodotti-Professionali-Sostenibili-Posa-Trattamento-Manutenzione-Pavimenti-Legno-Parquet-Resina-Resilienti-Decking-WPC-Erba-Sintetica-Progettisti-Chimiver-Biodiversit\u00e0-Ape\" class=\"img-fluid\">\n                                    \n            \n        <\/div>\n    <\/div>\n<\/div>\n<\/section><section id=\"customlink_block-block_7e452636b9d928e6d335f7ba17459ee7\" class=\"text-icon-block pubfa-block\" style=\"background-color:#FFFFFF;color:#2E2D2C;text-align:center;\">\n    <div class=\"container\">\n        <div class=\"d-flex flex-column justify-content-center \">\n\n            <!-- Image Group -->\n            \n                 <!-- Image (with or without Link) -->\n                 \n            \n            <!-- Text Group -->\n            \n                <!-- Title (with or without Link) -->\n                \n                <!-- Content -->\n                                    <div class=\"pubfa-block-text-1\"><h3><strong>Depuis 2022, Chimiver Panseri S.p.A.<\/strong> soutient BeeLife, la coordination europ\u00e9enne de l\u2019apiculture, pour contribuer \u00e0 la protection des insectes pollinisateurs.<\/h3>\n<\/div>\n                                \n            \n        <\/div>\n    <\/div>\n<\/section><section id=\"customlink_block-block_04ab66a08bdaee01b65195ddf9b56708\" class=\"text-image-block pubfa-block\" style=\"background-color:#FFFFFF;color:#2E2D2C;text-align:left;padding:45px 0;\">\n<div class=\"container\">\n    <div class=\"row\">\n\n        <!-- Text Col -->\n        <div class=\"col-12 col-lg-7 d-flex flex-column order-2 justify-content-start \">\n\n            <!-- Text Group -->\n            \n                <!-- Title (with or without Link) -->\n                \n                <!-- Content -->\n                                    <div class=\"pubfa-block-text-1\"><h2><strong>BeeLife European Beekeeping Coordination<\/strong><\/h2>\n<p><strong>BeeLife European Beekeeping Coordination<\/strong> est une ONG compos\u00e9e de professionnels du secteur de l\u2019apiculture provenant de diff\u00e9rents pays de l\u2019Union europ\u00e9enne. BeeLife \u0153uvre pour la <strong>protection des pollinisateurs en Europe,<\/strong> en soulignant leur valeur pour la nature et les personnes, et en servant de lien entre la politique, la science et l\u2019analyse de terrain afin de promouvoir un avenir plus durable pour les pollinisateurs et de sauvegarder leur r\u00f4le dans les \u00e9cosyst\u00e8mes. L\u2019organisation est membre de l\u2019initiative \u00ab 1% for the Planet \u00bb, un programme qui rassemble des entreprises pr\u00eates \u00e0 destiner 1% de leurs profits \u00e0 la protection de la plan\u00e8te.<\/p>\n<p>&nbsp;<\/p>\n<p>BeeLife, en plus d\u2019une cotisation annuelle fixe, re\u00e7oit nos 1% du chiffre d\u2019affaires provenant de la vente du produit Oil Bee.<\/p>\n<\/div>\n                                \n            \n        <\/div>\n\n        <!-- Image Col -->\n        <div class=\"col-12 col-lg-5 d-flex align-items-center justify-content-center order-3 \">\n\n            <!-- Image Group -->\n            \n                 <!-- Image (with or without Link) -->\n                                                             <img decoding=\"async\" src=\"https:\/\/chimiver.com\/wp-content\/uploads\/2022\/05\/Post_FB_BeeLife_Chimiver.jpg\" alt=\"BeeLife-European-Beekeeping-Coordination-Associazione-Apicoltori-Protezione-Api-Oil-Bee-Sostenibilit\u00e0\" class=\"img-fluid\">\n                                    \n            \n        <\/div>\n    <\/div>\n<\/div>\n<\/section><blockquote class=\"wp-block-quote container has-medium-font-size is-layout-flow wp-block-quote-is-layout-flow\" style=\"font-style:normal;font-weight:200\"><p><\/p><cite><em><br>\u00ab Consciente du r\u00f4le qu\u2019elle joue dans le secteur chimique, la soci\u00e9t\u00e9 Chimiver promeut depuis de nombreuses ann\u00e9es des activit\u00e9s respectueuses de l\u2019environnement. La protection de l\u2019environnement est la base de notre Programme de Responsabilit\u00e9 Sociale, tous les produits Chimiver sont pens\u00e9s, con\u00e7us et r\u00e9alis\u00e9s pour prot\u00e9ger la sant\u00e9 des utilisateurs et offrir des standards de qualit\u00e9 \u00e9lev\u00e9s aux clients finaux. C\u2019est pour ces raisons que nous sommes tr\u00e8s heureux et fiers de soutenir BeeLife, nous voulons participer activement \u00e0 la construction d\u2019un avenir meilleur pour les prochaines g\u00e9n\u00e9rations&nbsp;\u00bb<\/em> &#8211; Oscar Panseri (Directeur g\u00e9n\u00e9ral de Chimiver Panseri S.p.A.)<\/cite><\/blockquote><blockquote class=\"wp-block-quote container has-medium-font-size is-layout-flow wp-block-quote-is-layout-flow\" style=\"font-style:normal;font-weight:200\"><p><\/p><cite><br>\u00ab&nbsp;Nous sommes tr\u00e8s satisfaits du soutien que nous avons re\u00e7u de Chimiver, c\u2019est bien plus qu\u2019un don de bienfaisance, cela nous donne la possibilit\u00e9 de renforcer nos activit\u00e9s et d\u2019obtenir \u00e0 l\u2019horizon 2030 une r\u00e9duction de 80% de l\u2019utilisation des pesticides de synth\u00e8se dans l\u2019agriculture de l\u2019UE et la r\u00e9forme des statistiques agricoles&nbsp;\u00bb. \u2013 Francesco Panella (Pr\u00e9sident de BeeLife)<\/cite><\/blockquote><section id=\"customlink_block-block_a0665337b69339d56cd370a9a51ea13b\" class=\"text-icon-block pubfa-block\" style=\"background-color:#FFFFFF;color:#2E2D2C;text-align:center;\">\n    <div class=\"container\">\n        <div class=\"d-flex flex-column justify-content-center \">\n\n            <!-- Image Group -->\n            \n                 <!-- Image (with or without Link) -->\n                 \n            \n            <!-- Text Group -->\n            \n                <!-- Title (with or without Link) -->\n                \n                <!-- Content -->\n                                    <div class=\"pubfa-block-text-1\"><p style=\"text-align: center;\"><a href=\"https:\/\/youtu.be\/mLlVVqkIvPY?si=zfVLCHvRKYUi8-oi\" target=\"_blank\" rel=\"noopener\"><strong>Cliquez ici<\/strong> <\/a>pour visionner la vid\u00e9o de la collaboration.<\/p>\n<\/div>\n                                \n            \n        <\/div>\n    <\/div>\n<\/section><div style=\"height:100px\" aria-hidden=\"true\" class=\"wp-block-spacer\"><\/div>","protected":false},"excerpt":{"rendered":"\u00ab Consciente du r\u00f4le qu\u2019elle joue dans le secteur chimique, la soci\u00e9t\u00e9 Chimiver promeut depuis de nombreuses ann\u00e9es des activit\u00e9s respectueuses de l\u2019environnement. La protection de l\u2019environnement est la base de notre Programme de Responsabilit\u00e9 Sociale, tous les produits Chimiver sont pens\u00e9s, con\u00e7us et r\u00e9alis\u00e9s pour prot\u00e9ger la sant\u00e9 des utilisateurs et offrir des standards [&hellip;]","protected":false},"author":2,"featured_media":0,"parent":0,"menu_order":55,"comment_status":"closed","ping_status":"closed","template":"","meta":{"_acf_changed":false,"inline_featured_image":false,"footnotes":""},"class_list":["post-18421","page","type-page","status-publish","hentry"],"acf":[],"yoast_head":"<!-- This site is optimized with the Yoast SEO plugin v26.2 - https:\/\/yoast.com\/wordpress\/plugins\/seo\/ -->\n<title>Biodiversit\u00e9 - Chimiver e la salvaguardia dell&#039;ecosistema<\/title>\n<meta name=\"description\" content=\"Visita la sezione Biodiversit\u00e9. Chimiver dal 2022 supporta BeeLife European Beekeeping Coordination per contribuire alla tutela degli insetti impollinatori per salvaguardare l&#039;ecosistema.\" \/>\n<meta name=\"robots\" content=\"index, follow, max-snippet:-1, max-image-preview:large, max-video-preview:-1\" \/>\n<link rel=\"canonical\" href=\"https:\/\/chimiver.com\/fr\/biodiversite\/\" \/>\n<meta property=\"og:locale\" content=\"fr_FR\" \/>\n<meta property=\"og:type\" content=\"article\" \/>\n<meta property=\"og:title\" content=\"Biodiversit\u00e9 - Chimiver e la salvaguardia dell&#039;ecosistema\" \/>\n<meta property=\"og:description\" content=\"Visita la sezione Biodiversit\u00e9. Chimiver dal 2022 supporta BeeLife European Beekeeping Coordination per contribuire alla tutela degli insetti impollinatori per salvaguardare l&#039;ecosistema.\" \/>\n<meta property=\"og:url\" content=\"https:\/\/chimiver.com\/fr\/biodiversite\/\" \/>\n<meta property=\"og:site_name\" content=\"Chimiver\" \/>\n<meta property=\"article:publisher\" content=\"https:\/\/www.facebook.com\/chimiver\" \/>\n<meta property=\"article:modified_time\" content=\"2024-05-30T12:07:46+00:00\" \/>\n<meta property=\"og:image\" content=\"https:\/\/chimiver.com\/wp-content\/uploads\/2022\/06\/Chimiver_500x500.jpg\" \/>\n\t<meta property=\"og:image:width\" content=\"500\" \/>\n\t<meta property=\"og:image:height\" content=\"500\" \/>\n\t<meta property=\"og:image:type\" content=\"image\/jpeg\" \/>\n<meta name=\"twitter:card\" content=\"summary_large_image\" \/>\n<script type=\"application\/ld+json\" class=\"yoast-schema-graph\">{\"@context\":\"https:\/\/schema.org\",\"@graph\":[{\"@type\":\"WebPage\",\"@id\":\"https:\/\/chimiver.com\/fr\/biodiversite\/\",\"url\":\"https:\/\/chimiver.com\/fr\/biodiversite\/\",\"name\":\"Biodiversit\u00e9 - Chimiver e la salvaguardia dell'ecosistema\",\"isPartOf\":{\"@id\":\"https:\/\/chimiver.com\/fr\/#website\"},\"datePublished\":\"2024-01-02T12:38:03+00:00\",\"dateModified\":\"2024-05-30T12:07:46+00:00\",\"description\":\"Visita la sezione Biodiversit\u00e9. Chimiver dal 2022 supporta BeeLife European Beekeeping Coordination per contribuire alla tutela degli insetti impollinatori per salvaguardare l'ecosistema.\",\"breadcrumb\":{\"@id\":\"https:\/\/chimiver.com\/fr\/biodiversite\/#breadcrumb\"},\"inLanguage\":\"fr-FR\",\"potentialAction\":[{\"@type\":\"ReadAction\",\"target\":[\"https:\/\/chimiver.com\/fr\/biodiversite\/\"]}]},{\"@type\":\"BreadcrumbList\",\"@id\":\"https:\/\/chimiver.com\/fr\/biodiversite\/#breadcrumb\",\"itemListElement\":[{\"@type\":\"ListItem\",\"position\":1,\"name\":\"Home\",\"item\":\"https:\/\/chimiver.com\/fr\/\"},{\"@type\":\"ListItem\",\"position\":2,\"name\":\"Biodiversit\u00e9\"}]},{\"@type\":\"WebSite\",\"@id\":\"https:\/\/chimiver.com\/fr\/#website\",\"url\":\"https:\/\/chimiver.com\/fr\/\",\"name\":\"Chimiver, Your floors partner\",\"description\":\"Your floors partner\",\"publisher\":{\"@id\":\"https:\/\/chimiver.com\/fr\/#organization\"},\"alternateName\":\"Chimiver\",\"potentialAction\":[{\"@type\":\"SearchAction\",\"target\":{\"@type\":\"EntryPoint\",\"urlTemplate\":\"https:\/\/chimiver.com\/fr\/?s={search_term_string}\"},\"query-input\":{\"@type\":\"PropertyValueSpecification\",\"valueRequired\":true,\"valueName\":\"search_term_string\"}}],\"inLanguage\":\"fr-FR\"},{\"@type\":\"Organization\",\"@id\":\"https:\/\/chimiver.com\/fr\/#organization\",\"name\":\"Chimiver\",\"url\":\"https:\/\/chimiver.com\/fr\/\",\"logo\":{\"@type\":\"ImageObject\",\"inLanguage\":\"fr-FR\",\"@id\":\"https:\/\/chimiver.com\/fr\/#\/schema\/logo\/image\/\",\"url\":\"https:\/\/chimiver.com\/wp-content\/uploads\/2022\/06\/Chimiver_500x500.jpg\",\"contentUrl\":\"https:\/\/chimiver.com\/wp-content\/uploads\/2022\/06\/Chimiver_500x500.jpg\",\"width\":500,\"height\":500,\"caption\":\"Chimiver\"},\"image\":{\"@id\":\"https:\/\/chimiver.com\/fr\/#\/schema\/logo\/image\/\"},\"sameAs\":[\"https:\/\/www.facebook.com\/chimiver\"]}]}<\/script>\n<!-- \/ Yoast SEO plugin. -->","yoast_head_json":{"title":"Biodiversit\u00e9 - Chimiver e la salvaguardia dell'ecosistema","description":"Visita la sezione Biodiversit\u00e9. Chimiver dal 2022 supporta BeeLife European Beekeeping Coordination per contribuire alla tutela degli insetti impollinatori per salvaguardare l'ecosistema.","robots":{"index":"index","follow":"follow","max-snippet":"max-snippet:-1","max-image-preview":"max-image-preview:large","max-video-preview":"max-video-preview:-1"},"canonical":"https:\/\/chimiver.com\/fr\/biodiversite\/","og_locale":"fr_FR","og_type":"article","og_title":"Biodiversit\u00e9 - Chimiver e la salvaguardia dell'ecosistema","og_description":"Visita la sezione Biodiversit\u00e9. Chimiver dal 2022 supporta BeeLife European Beekeeping Coordination per contribuire alla tutela degli insetti impollinatori per salvaguardare l'ecosistema.","og_url":"https:\/\/chimiver.com\/fr\/biodiversite\/","og_site_name":"Chimiver","article_publisher":"https:\/\/www.facebook.com\/chimiver","article_modified_time":"2024-05-30T12:07:46+00:00","og_image":[{"width":500,"height":500,"url":"https:\/\/chimiver.com\/wp-content\/uploads\/2022\/06\/Chimiver_500x500.jpg","type":"image\/jpeg"}],"twitter_card":"summary_large_image","schema":{"@context":"https:\/\/schema.org","@graph":[{"@type":"WebPage","@id":"https:\/\/chimiver.com\/fr\/biodiversite\/","url":"https:\/\/chimiver.com\/fr\/biodiversite\/","name":"Biodiversit\u00e9 - Chimiver e la salvaguardia dell'ecosistema","isPartOf":{"@id":"https:\/\/chimiver.com\/fr\/#website"},"datePublished":"2024-01-02T12:38:03+00:00","dateModified":"2024-05-30T12:07:46+00:00","description":"Visita la sezione Biodiversit\u00e9. Chimiver dal 2022 supporta BeeLife European Beekeeping Coordination per contribuire alla tutela degli insetti impollinatori per salvaguardare l'ecosistema.","breadcrumb":{"@id":"https:\/\/chimiver.com\/fr\/biodiversite\/#breadcrumb"},"inLanguage":"fr-FR","potentialAction":[{"@type":"ReadAction","target":["https:\/\/chimiver.com\/fr\/biodiversite\/"]}]},{"@type":"BreadcrumbList","@id":"https:\/\/chimiver.com\/fr\/biodiversite\/#breadcrumb","itemListElement":[{"@type":"ListItem","position":1,"name":"Home","item":"https:\/\/chimiver.com\/fr\/"},{"@type":"ListItem","position":2,"name":"Biodiversit\u00e9"}]},{"@type":"WebSite","@id":"https:\/\/chimiver.com\/fr\/#website","url":"https:\/\/chimiver.com\/fr\/","name":"Chimiver, Your floors partner","description":"Your floors partner","publisher":{"@id":"https:\/\/chimiver.com\/fr\/#organization"},"alternateName":"Chimiver","potentialAction":[{"@type":"SearchAction","target":{"@type":"EntryPoint","urlTemplate":"https:\/\/chimiver.com\/fr\/?s={search_term_string}"},"query-input":{"@type":"PropertyValueSpecification","valueRequired":true,"valueName":"search_term_string"}}],"inLanguage":"fr-FR"},{"@type":"Organization","@id":"https:\/\/chimiver.com\/fr\/#organization","name":"Chimiver","url":"https:\/\/chimiver.com\/fr\/","logo":{"@type":"ImageObject","inLanguage":"fr-FR","@id":"https:\/\/chimiver.com\/fr\/#\/schema\/logo\/image\/","url":"https:\/\/chimiver.com\/wp-content\/uploads\/2022\/06\/Chimiver_500x500.jpg","contentUrl":"https:\/\/chimiver.com\/wp-content\/uploads\/2022\/06\/Chimiver_500x500.jpg","width":500,"height":500,"caption":"Chimiver"},"image":{"@id":"https:\/\/chimiver.com\/fr\/#\/schema\/logo\/image\/"},"sameAs":["https:\/\/www.facebook.com\/chimiver"]}]}},"_links":{"self":[{"href":"https:\/\/chimiver.com\/fr\/wp-json\/wp\/v2\/pages\/18421","targetHints":{"allow":["GET"]}}],"collection":[{"href":"https:\/\/chimiver.com\/fr\/wp-json\/wp\/v2\/pages"}],"about":[{"href":"https:\/\/chimiver.com\/fr\/wp-json\/wp\/v2\/types\/page"}],"author":[{"embeddable":true,"href":"https:\/\/chimiver.com\/fr\/wp-json\/wp\/v2\/users\/2"}],"replies":[{"embeddable":true,"href":"https:\/\/chimiver.com\/fr\/wp-json\/wp\/v2\/comments?post=18421"}],"version-history":[{"count":7,"href":"https:\/\/chimiver.com\/fr\/wp-json\/wp\/v2\/pages\/18421\/revisions"}],"predecessor-version":[{"id":19762,"href":"https:\/\/chimiver.com\/fr\/wp-json\/wp\/v2\/pages\/18421\/revisions\/19762"}],"wp:attachment":[{"href":"https:\/\/chimiver.com\/fr\/wp-json\/wp\/v2\/media?parent=18421"}],"curies":[{"name":"wp","href":"https:\/\/api.w.org\/{rel}","templated":true}]}}