{"id":18429,"date":"2024-01-08T15:24:06","date_gmt":"2024-01-08T14:24:06","guid":{"rendered":"https:\/\/chimiver.com\/rifiuti\/"},"modified":"2024-05-30T14:12:08","modified_gmt":"2024-05-30T12:12:08","slug":"dechets","status":"publish","type":"page","link":"https:\/\/chimiver.com\/fr\/dechets\/","title":{"rendered":"D\u00e9chets"},"content":{"rendered":"<section id=\"customlink_block-block_97d8db7a517ac579fd6e5aaeb2882783\" class=\"text-image-block pubfa-block\" style=\"background-color:#FFFFFF;color:#2E2D2C;text-align:left;padding:45px 0;\">\n<div class=\"container\">\n    <div class=\"row\">\n\n        <!-- Text Col -->\n        <div class=\"col-12 col-lg-7 d-flex flex-column order-2 justify-content-start \">\n\n            <!-- Text Group -->\n            \n                <!-- Title (with or without Link) -->\n                \n                <!-- Content -->\n                                    <div class=\"pubfa-block-text-1\"><h1><strong>Gestion \u00e9thique des d\u00e9chets<\/strong><\/h1>\n<p>Une <strong>gestion \u00e9thique des d\u00e9chets<\/strong> repose sur les principes de la durabilit\u00e9. Agir de mani\u00e8re durable implique non seulement le respect des cycles environnementaux, mais aussi la mise en \u0153uvre d\u2019une strat\u00e9gie d\u00e9taill\u00e9e de planification des ressources, afin d\u2019\u00e9viter les gaspillages et les pertes.<\/p>\n<p>Il est crucial de comprendre que tous les processus de production de l\u2019\u00e9conomie d\u00e9pendent de l\u2019emploi de mati\u00e8res premi\u00e8res et d\u2019\u00e9nergies limit\u00e9es. Une utilisation prudente de ces ressources n\u00e9cessite une<strong> \u00e9limination ad\u00e9quate des d\u00e9chets<\/strong>, en encourageant leur <strong>recyclage<\/strong> et leur <strong>r\u00e9introduction<\/strong> dans le processus de production.<\/p>\n<p>Face \u00e0 la perspective d\u2019une augmentation des d\u00e9chets estim\u00e9e \u00e0 75% \u00e0 l\u2019horizon 2050, il devient imp\u00e9ratif de mettre rapidement en \u0153uvre des projets et des solutions visant \u00e0 favoriser un environnement plus propre et durable. Dans ce contexte, la gestion des d\u00e9chets, introduite chez Chimiver Panseri S.p.A. pour une gestion consciencieuse des d\u00e9chets, joue un r\u00f4le central. Ce service englobe toutes les activit\u00e9s li\u00e9es au cycle des d\u00e9chets, depuis leur production jusqu\u2019\u00e0 leur collecte et leur \u00e9limination ou valorisation ult\u00e9rieure, se configurant comme un exemple embl\u00e9matique d\u2019interconnexion entre la transition \u00e9cologique et la transition num\u00e9rique.<\/p>\n<\/div>\n                                \n            \n        <\/div>\n\n        <!-- Image Col -->\n        <div class=\"col-12 col-lg-5 d-flex align-items-center justify-content-center order-3 \">\n\n            <!-- Image Group -->\n            \n                 <!-- Image (with or without Link) -->\n                                                             <img decoding=\"async\" src=\"https:\/\/chimiver.com\/wp-content\/uploads\/2024\/02\/waste.jpg\" alt=\"Azienda-Italiana-Prodotti-Professionali-Sostenibili-Posa-Trattamento-Manutenzione-Pavimenti-Legno-Parquet-Resina-Resilienti-Decking-WPC-Erba-Sintetica-Progettisti-Chimiver-Rifiuti-Waste-Management\" class=\"img-fluid\">\n                                    \n            \n        <\/div>\n    <\/div>\n<\/div>\n<\/section><section id=\"customlink_block-block_2498030395cd91cb4eed9a1738b519b9\" class=\"single-image-block pubfa-block\" style=\"background-color:#FFFFFF;\">\n    <div class=\"container\">\n        <!-- Image Group -->\n        \n            <!-- Image (with or without Link) -->\n                                                <img decoding=\"async\" src=\"https:\/\/chimiver.com\/wp-content\/uploads\/2024\/02\/tabella-rfiuti-scaled.jpg\" alt=\"Azienda-Italiana-Prodotti-Professionali-Sostenibili-Posa-Trattamento-Manutenzione-Pavimenti-Legno-Parquet-Resina-Resilienti-Decking-WPC-Erba-Sintetica-Progettisti-Chimiver-Tabella-Rifiuti\" class=\"img-fluid\">\n                            \n        \n    <\/div>\n<\/section>","protected":false},"excerpt":{"rendered":"","protected":false},"author":2,"featured_media":0,"parent":0,"menu_order":40,"comment_status":"closed","ping_status":"closed","template":"","meta":{"_acf_changed":false,"inline_featured_image":false,"footnotes":""},"class_list":["post-18429","page","type-page","status-publish","hentry"],"acf":[],"yoast_head":"<!-- This site is optimized with the Yoast SEO plugin v26.2 - https:\/\/yoast.com\/wordpress\/plugins\/seo\/ -->\n<title>D\u00e9chets - Chimiver et gestion \u00e9thique des d\u00e9chets<\/title>\n<meta name=\"description\" content=\"Visita la sezione D\u00e9chets. In Chimiver assume un ruolo centrale il waste management per una gestione coscienziosa dei rifiuti. Questa divisione abbraccia tutto il ciclo dei rifiuti, dalla produzione fino alla raccolta e al successivo smaltimento\/recupero.\" \/>\n<meta name=\"robots\" content=\"index, follow, max-snippet:-1, max-image-preview:large, max-video-preview:-1\" \/>\n<link rel=\"canonical\" href=\"https:\/\/chimiver.com\/fr\/dechets\/\" \/>\n<meta property=\"og:locale\" content=\"fr_FR\" \/>\n<meta property=\"og:type\" content=\"article\" \/>\n<meta property=\"og:title\" content=\"D\u00e9chets - Chimiver et gestion \u00e9thique des d\u00e9chets\" \/>\n<meta property=\"og:description\" content=\"Visita la sezione D\u00e9chets. In Chimiver assume un ruolo centrale il waste management per una gestione coscienziosa dei rifiuti. Questa divisione abbraccia tutto il ciclo dei rifiuti, dalla produzione fino alla raccolta e al successivo smaltimento\/recupero.\" \/>\n<meta property=\"og:url\" content=\"https:\/\/chimiver.com\/fr\/dechets\/\" \/>\n<meta property=\"og:site_name\" content=\"Chimiver\" \/>\n<meta property=\"article:publisher\" content=\"https:\/\/www.facebook.com\/chimiver\" \/>\n<meta property=\"article:modified_time\" content=\"2024-05-30T12:12:08+00:00\" \/>\n<meta property=\"og:image\" content=\"https:\/\/chimiver.com\/wp-content\/uploads\/2022\/06\/Chimiver_500x500.jpg\" \/>\n\t<meta property=\"og:image:width\" content=\"500\" \/>\n\t<meta property=\"og:image:height\" content=\"500\" \/>\n\t<meta property=\"og:image:type\" content=\"image\/jpeg\" \/>\n<meta name=\"twitter:card\" content=\"summary_large_image\" \/>\n<script type=\"application\/ld+json\" class=\"yoast-schema-graph\">{\"@context\":\"https:\/\/schema.org\",\"@graph\":[{\"@type\":\"WebPage\",\"@id\":\"https:\/\/chimiver.com\/fr\/dechets\/\",\"url\":\"https:\/\/chimiver.com\/fr\/dechets\/\",\"name\":\"D\u00e9chets - Chimiver et gestion \u00e9thique des d\u00e9chets\",\"isPartOf\":{\"@id\":\"https:\/\/chimiver.com\/fr\/#website\"},\"datePublished\":\"2024-01-08T14:24:06+00:00\",\"dateModified\":\"2024-05-30T12:12:08+00:00\",\"description\":\"Visita la sezione D\u00e9chets. In Chimiver assume un ruolo centrale il waste management per una gestione coscienziosa dei rifiuti. Questa divisione abbraccia tutto il ciclo dei rifiuti, dalla produzione fino alla raccolta e al successivo smaltimento\/recupero.\",\"breadcrumb\":{\"@id\":\"https:\/\/chimiver.com\/fr\/dechets\/#breadcrumb\"},\"inLanguage\":\"fr-FR\",\"potentialAction\":[{\"@type\":\"ReadAction\",\"target\":[\"https:\/\/chimiver.com\/fr\/dechets\/\"]}]},{\"@type\":\"BreadcrumbList\",\"@id\":\"https:\/\/chimiver.com\/fr\/dechets\/#breadcrumb\",\"itemListElement\":[{\"@type\":\"ListItem\",\"position\":1,\"name\":\"Home\",\"item\":\"https:\/\/chimiver.com\/fr\/\"},{\"@type\":\"ListItem\",\"position\":2,\"name\":\"D\u00e9chets\"}]},{\"@type\":\"WebSite\",\"@id\":\"https:\/\/chimiver.com\/fr\/#website\",\"url\":\"https:\/\/chimiver.com\/fr\/\",\"name\":\"Chimiver, Your floors partner\",\"description\":\"Your floors partner\",\"publisher\":{\"@id\":\"https:\/\/chimiver.com\/fr\/#organization\"},\"alternateName\":\"Chimiver\",\"potentialAction\":[{\"@type\":\"SearchAction\",\"target\":{\"@type\":\"EntryPoint\",\"urlTemplate\":\"https:\/\/chimiver.com\/fr\/?s={search_term_string}\"},\"query-input\":{\"@type\":\"PropertyValueSpecification\",\"valueRequired\":true,\"valueName\":\"search_term_string\"}}],\"inLanguage\":\"fr-FR\"},{\"@type\":\"Organization\",\"@id\":\"https:\/\/chimiver.com\/fr\/#organization\",\"name\":\"Chimiver\",\"url\":\"https:\/\/chimiver.com\/fr\/\",\"logo\":{\"@type\":\"ImageObject\",\"inLanguage\":\"fr-FR\",\"@id\":\"https:\/\/chimiver.com\/fr\/#\/schema\/logo\/image\/\",\"url\":\"https:\/\/chimiver.com\/wp-content\/uploads\/2022\/06\/Chimiver_500x500.jpg\",\"contentUrl\":\"https:\/\/chimiver.com\/wp-content\/uploads\/2022\/06\/Chimiver_500x500.jpg\",\"width\":500,\"height\":500,\"caption\":\"Chimiver\"},\"image\":{\"@id\":\"https:\/\/chimiver.com\/fr\/#\/schema\/logo\/image\/\"},\"sameAs\":[\"https:\/\/www.facebook.com\/chimiver\"]}]}<\/script>\n<!-- \/ Yoast SEO plugin. -->","yoast_head_json":{"title":"D\u00e9chets - Chimiver et gestion \u00e9thique des d\u00e9chets","description":"Visita la sezione D\u00e9chets. In Chimiver assume un ruolo centrale il waste management per una gestione coscienziosa dei rifiuti. Questa divisione abbraccia tutto il ciclo dei rifiuti, dalla produzione fino alla raccolta e al successivo smaltimento\/recupero.","robots":{"index":"index","follow":"follow","max-snippet":"max-snippet:-1","max-image-preview":"max-image-preview:large","max-video-preview":"max-video-preview:-1"},"canonical":"https:\/\/chimiver.com\/fr\/dechets\/","og_locale":"fr_FR","og_type":"article","og_title":"D\u00e9chets - Chimiver et gestion \u00e9thique des d\u00e9chets","og_description":"Visita la sezione D\u00e9chets. In Chimiver assume un ruolo centrale il waste management per una gestione coscienziosa dei rifiuti. Questa divisione abbraccia tutto il ciclo dei rifiuti, dalla produzione fino alla raccolta e al successivo smaltimento\/recupero.","og_url":"https:\/\/chimiver.com\/fr\/dechets\/","og_site_name":"Chimiver","article_publisher":"https:\/\/www.facebook.com\/chimiver","article_modified_time":"2024-05-30T12:12:08+00:00","og_image":[{"width":500,"height":500,"url":"https:\/\/chimiver.com\/wp-content\/uploads\/2022\/06\/Chimiver_500x500.jpg","type":"image\/jpeg"}],"twitter_card":"summary_large_image","schema":{"@context":"https:\/\/schema.org","@graph":[{"@type":"WebPage","@id":"https:\/\/chimiver.com\/fr\/dechets\/","url":"https:\/\/chimiver.com\/fr\/dechets\/","name":"D\u00e9chets - Chimiver et gestion \u00e9thique des d\u00e9chets","isPartOf":{"@id":"https:\/\/chimiver.com\/fr\/#website"},"datePublished":"2024-01-08T14:24:06+00:00","dateModified":"2024-05-30T12:12:08+00:00","description":"Visita la sezione D\u00e9chets. In Chimiver assume un ruolo centrale il waste management per una gestione coscienziosa dei rifiuti. Questa divisione abbraccia tutto il ciclo dei rifiuti, dalla produzione fino alla raccolta e al successivo smaltimento\/recupero.","breadcrumb":{"@id":"https:\/\/chimiver.com\/fr\/dechets\/#breadcrumb"},"inLanguage":"fr-FR","potentialAction":[{"@type":"ReadAction","target":["https:\/\/chimiver.com\/fr\/dechets\/"]}]},{"@type":"BreadcrumbList","@id":"https:\/\/chimiver.com\/fr\/dechets\/#breadcrumb","itemListElement":[{"@type":"ListItem","position":1,"name":"Home","item":"https:\/\/chimiver.com\/fr\/"},{"@type":"ListItem","position":2,"name":"D\u00e9chets"}]},{"@type":"WebSite","@id":"https:\/\/chimiver.com\/fr\/#website","url":"https:\/\/chimiver.com\/fr\/","name":"Chimiver, Your floors partner","description":"Your floors partner","publisher":{"@id":"https:\/\/chimiver.com\/fr\/#organization"},"alternateName":"Chimiver","potentialAction":[{"@type":"SearchAction","target":{"@type":"EntryPoint","urlTemplate":"https:\/\/chimiver.com\/fr\/?s={search_term_string}"},"query-input":{"@type":"PropertyValueSpecification","valueRequired":true,"valueName":"search_term_string"}}],"inLanguage":"fr-FR"},{"@type":"Organization","@id":"https:\/\/chimiver.com\/fr\/#organization","name":"Chimiver","url":"https:\/\/chimiver.com\/fr\/","logo":{"@type":"ImageObject","inLanguage":"fr-FR","@id":"https:\/\/chimiver.com\/fr\/#\/schema\/logo\/image\/","url":"https:\/\/chimiver.com\/wp-content\/uploads\/2022\/06\/Chimiver_500x500.jpg","contentUrl":"https:\/\/chimiver.com\/wp-content\/uploads\/2022\/06\/Chimiver_500x500.jpg","width":500,"height":500,"caption":"Chimiver"},"image":{"@id":"https:\/\/chimiver.com\/fr\/#\/schema\/logo\/image\/"},"sameAs":["https:\/\/www.facebook.com\/chimiver"]}]}},"_links":{"self":[{"href":"https:\/\/chimiver.com\/fr\/wp-json\/wp\/v2\/pages\/18429","targetHints":{"allow":["GET"]}}],"collection":[{"href":"https:\/\/chimiver.com\/fr\/wp-json\/wp\/v2\/pages"}],"about":[{"href":"https:\/\/chimiver.com\/fr\/wp-json\/wp\/v2\/types\/page"}],"author":[{"embeddable":true,"href":"https:\/\/chimiver.com\/fr\/wp-json\/wp\/v2\/users\/2"}],"replies":[{"embeddable":true,"href":"https:\/\/chimiver.com\/fr\/wp-json\/wp\/v2\/comments?post=18429"}],"version-history":[{"count":4,"href":"https:\/\/chimiver.com\/fr\/wp-json\/wp\/v2\/pages\/18429\/revisions"}],"predecessor-version":[{"id":19771,"href":"https:\/\/chimiver.com\/fr\/wp-json\/wp\/v2\/pages\/18429\/revisions\/19771"}],"wp:attachment":[{"href":"https:\/\/chimiver.com\/fr\/wp-json\/wp\/v2\/media?parent=18429"}],"curies":[{"name":"wp","href":"https:\/\/api.w.org\/{rel}","templated":true}]}}