{"id":18434,"date":"2024-01-15T15:58:38","date_gmt":"2024-01-15T14:58:38","guid":{"rendered":"https:\/\/chimiver.com\/economia-circolare\/"},"modified":"2024-05-30T14:14:35","modified_gmt":"2024-05-30T12:14:35","slug":"economie-circulaire","status":"publish","type":"page","link":"https:\/\/chimiver.com\/fr\/economie-circulaire\/","title":{"rendered":"\u00c9conomie circulaire"},"content":{"rendered":"<section id=\"customlink_block-block_4f71a087584a8e4a05460d023607aaa1\" class=\"text-image-block pubfa-block\" style=\"background-color:#FFFFFF;color:#2E2D2C;text-align:left;padding:45px 0;\">\n<div class=\"container\">\n    <div class=\"row\">\n\n        <!-- Text Col -->\n        <div class=\"col-12 col-lg-7 d-flex flex-column order-2 justify-content-start \">\n\n            <!-- Text Group -->\n            \n                <!-- Title (with or without Link) -->\n                \n                <!-- Content -->\n                                    <div class=\"pubfa-block-text-1\"><h1><strong>\u00c9conomie circulaire<\/strong><\/h1>\n<p>L\u2019<strong>\u00e9conomie circulaire<\/strong> repr\u00e9sente une perspective innovante et durable dans la mani\u00e8re dont nous abordons la production et la consommation.<\/p>\n<p>&nbsp;<\/p>\n<p>Contrairement au mod\u00e8le lin\u00e9aire traditionnel, en vertu duquel les ressources sont extraites, les biens sont produits et les d\u00e9chets sont \u00e9limin\u00e9s, l\u2019\u00e9conomie circulaire instaure le concept de<\/p>\n<h3><strong>\u00ab r\u00e9duction, r\u00e9utilisation, recyclage, collecte et valorisation\u00a0\u00bb<\/strong>.<\/h3>\n<p>&nbsp;<\/p>\n<p>Mesurer correctement la circularit\u00e9 des organisations, des produits et des services est un point essentiel pour g\u00e9n\u00e9rer des donn\u00e9es significatives, homog\u00e8nes et fiables, utiles pour obtenir une am\u00e9lioration efficace des performances et \u00e9viter les ph\u00e9nom\u00e8nes de <strong>greenwashing<\/strong> ou \u00e9coblanchiment.<\/p>\n<\/div>\n                                \n            \n        <\/div>\n\n        <!-- Image Col -->\n        <div class=\"col-12 col-lg-5 d-flex align-items-center justify-content-center order-3 \">\n\n            <!-- Image Group -->\n            \n                 <!-- Image (with or without Link) -->\n                                                             <img decoding=\"async\" src=\"https:\/\/chimiver.com\/wp-content\/uploads\/2024\/02\/Firefly-foto-economia-circolare-25301.jpg\" alt=\"Azienda-Italiana-Prodotti-Professionali-Sostenibili-Posa-Trattamento-Manutenzione-Pavimenti-Legno-Parquet-Resina-Resilienti-Decking-WPC-Erba-Sintetica-Progettisti-Chimiver-Economia-Circolare-1\" class=\"img-fluid\">\n                                    \n            \n        <\/div>\n    <\/div>\n<\/div>\n<\/section><section id=\"customlink_block-block_a5d91b74c36b9c0ed37fd0c5f0f87ce4\" class=\"text-image-block pubfa-block\" style=\"background-color:#FFFFFF;color:#2E2D2C;text-align:left;padding:45px 0;\">\n<div class=\"container\">\n    <div class=\"row\">\n\n        <!-- Text Col -->\n        <div class=\"col-12 col-lg-7 d-flex flex-column order-2 justify-content-start \">\n\n            <!-- Text Group -->\n            \n                <!-- Title (with or without Link) -->\n                \n                <!-- Content -->\n                                    <div class=\"pubfa-block-text-1\"><p>En utilisant <strong>COACH<\/strong> (Circularity-Oriented Assistance for CHemical companies), un outil d\u00e9velopp\u00e9 par <strong>FEDERCHIMICA<\/strong> en collaboration avec Ergo srl (jeune pousse de l\u2019Universit\u00e9 Sant\u2019Anna de Pise) et l\u2019organisme de certification <strong>Certiquality<\/strong> pour aider les entreprises chimiques \u00e0 proc\u00e9der aux mesures et \u00e0 ouvrir la voie \u00e0 l\u2019\u00e9conomie circulaire,<strong> Chimiver Panseri S.p.A.<\/strong> r\u00e9alisera une auto-\u00e9valuation de ses performances, afin d\u2019<strong>identifier les bonnes pratiques et les opportunit\u00e9s d\u2019am\u00e9lioration<\/strong>.<\/p>\n<p>&nbsp;<\/p>\n<p>Les indicateurs qui composent l\u2019outil de circularit\u00e9 peuvent donc repr\u00e9senter des instruments concrets pour aiguiller dans la mise en \u0153uvre des principes de l\u2019\u00e9conomie circulaire et sont en phase avec la norme UNI\/TS 11820:2022.<\/p>\n<\/div>\n                                \n            \n        <\/div>\n\n        <!-- Image Col -->\n        <div class=\"col-12 col-lg-5 d-flex align-items-center justify-content-center order-1 \">\n\n            <!-- Image Group -->\n            \n                 <!-- Image (with or without Link) -->\n                                                             <img decoding=\"async\" src=\"https:\/\/chimiver.com\/wp-content\/uploads\/2024\/02\/logo-AVISA.jpg\" alt=\"Federchimica-AVISA-Chimiver-Tool-di-Circolarit\u00e0-Sostenibilit\u00e0\" class=\"img-fluid\">\n                                    \n            \n        <\/div>\n    <\/div>\n<\/div>\n<\/section>","protected":false},"excerpt":{"rendered":"","protected":false},"author":2,"featured_media":0,"parent":0,"menu_order":21,"comment_status":"closed","ping_status":"closed","template":"","meta":{"_acf_changed":false,"inline_featured_image":false,"footnotes":""},"class_list":["post-18434","page","type-page","status-publish","hentry"],"acf":[],"yoast_head":"<!-- This site is optimized with the Yoast SEO plugin v26.2 - https:\/\/yoast.com\/wordpress\/plugins\/seo\/ -->\n<title>\u00c9conomie circulaire - Recyclage, collecte et valorisation<\/title>\n<meta name=\"description\" content=\"Visita la sezione \u00c9conomie circulaire. L\u2019economia circolare promuove il concetto di \u201criduzione, riuso, riciclo, raccolta e recupero\u201d, Chimiver individua le buone pratiche e le opportunit\u00e0 di miglioramento.\" \/>\n<meta name=\"robots\" content=\"index, follow, max-snippet:-1, max-image-preview:large, max-video-preview:-1\" \/>\n<link rel=\"canonical\" href=\"https:\/\/chimiver.com\/fr\/economie-circulaire\/\" \/>\n<meta property=\"og:locale\" content=\"fr_FR\" \/>\n<meta property=\"og:type\" content=\"article\" \/>\n<meta property=\"og:title\" content=\"\u00c9conomie circulaire - Recyclage, collecte et valorisation\" \/>\n<meta property=\"og:description\" content=\"Visita la sezione \u00c9conomie circulaire. L\u2019economia circolare promuove il concetto di \u201criduzione, riuso, riciclo, raccolta e recupero\u201d, Chimiver individua le buone pratiche e le opportunit\u00e0 di miglioramento.\" \/>\n<meta property=\"og:url\" content=\"https:\/\/chimiver.com\/fr\/economie-circulaire\/\" \/>\n<meta property=\"og:site_name\" content=\"Chimiver\" \/>\n<meta property=\"article:publisher\" content=\"https:\/\/www.facebook.com\/chimiver\" \/>\n<meta property=\"article:modified_time\" content=\"2024-05-30T12:14:35+00:00\" \/>\n<meta property=\"og:image\" content=\"https:\/\/chimiver.com\/wp-content\/uploads\/2022\/06\/Chimiver_500x500.jpg\" \/>\n\t<meta property=\"og:image:width\" content=\"500\" \/>\n\t<meta property=\"og:image:height\" content=\"500\" \/>\n\t<meta property=\"og:image:type\" content=\"image\/jpeg\" \/>\n<meta name=\"twitter:card\" content=\"summary_large_image\" \/>\n<script type=\"application\/ld+json\" class=\"yoast-schema-graph\">{\"@context\":\"https:\/\/schema.org\",\"@graph\":[{\"@type\":\"WebPage\",\"@id\":\"https:\/\/chimiver.com\/fr\/economie-circulaire\/\",\"url\":\"https:\/\/chimiver.com\/fr\/economie-circulaire\/\",\"name\":\"\u00c9conomie circulaire - Recyclage, collecte et valorisation\",\"isPartOf\":{\"@id\":\"https:\/\/chimiver.com\/fr\/#website\"},\"datePublished\":\"2024-01-15T14:58:38+00:00\",\"dateModified\":\"2024-05-30T12:14:35+00:00\",\"description\":\"Visita la sezione \u00c9conomie circulaire. L\u2019economia circolare promuove il concetto di \u201criduzione, riuso, riciclo, raccolta e recupero\u201d, Chimiver individua le buone pratiche e le opportunit\u00e0 di miglioramento.\",\"breadcrumb\":{\"@id\":\"https:\/\/chimiver.com\/fr\/economie-circulaire\/#breadcrumb\"},\"inLanguage\":\"fr-FR\",\"potentialAction\":[{\"@type\":\"ReadAction\",\"target\":[\"https:\/\/chimiver.com\/fr\/economie-circulaire\/\"]}]},{\"@type\":\"BreadcrumbList\",\"@id\":\"https:\/\/chimiver.com\/fr\/economie-circulaire\/#breadcrumb\",\"itemListElement\":[{\"@type\":\"ListItem\",\"position\":1,\"name\":\"Home\",\"item\":\"https:\/\/chimiver.com\/fr\/\"},{\"@type\":\"ListItem\",\"position\":2,\"name\":\"\u00c9conomie circulaire\"}]},{\"@type\":\"WebSite\",\"@id\":\"https:\/\/chimiver.com\/fr\/#website\",\"url\":\"https:\/\/chimiver.com\/fr\/\",\"name\":\"Chimiver, Your floors partner\",\"description\":\"Your floors partner\",\"publisher\":{\"@id\":\"https:\/\/chimiver.com\/fr\/#organization\"},\"alternateName\":\"Chimiver\",\"potentialAction\":[{\"@type\":\"SearchAction\",\"target\":{\"@type\":\"EntryPoint\",\"urlTemplate\":\"https:\/\/chimiver.com\/fr\/?s={search_term_string}\"},\"query-input\":{\"@type\":\"PropertyValueSpecification\",\"valueRequired\":true,\"valueName\":\"search_term_string\"}}],\"inLanguage\":\"fr-FR\"},{\"@type\":\"Organization\",\"@id\":\"https:\/\/chimiver.com\/fr\/#organization\",\"name\":\"Chimiver\",\"url\":\"https:\/\/chimiver.com\/fr\/\",\"logo\":{\"@type\":\"ImageObject\",\"inLanguage\":\"fr-FR\",\"@id\":\"https:\/\/chimiver.com\/fr\/#\/schema\/logo\/image\/\",\"url\":\"https:\/\/chimiver.com\/wp-content\/uploads\/2022\/06\/Chimiver_500x500.jpg\",\"contentUrl\":\"https:\/\/chimiver.com\/wp-content\/uploads\/2022\/06\/Chimiver_500x500.jpg\",\"width\":500,\"height\":500,\"caption\":\"Chimiver\"},\"image\":{\"@id\":\"https:\/\/chimiver.com\/fr\/#\/schema\/logo\/image\/\"},\"sameAs\":[\"https:\/\/www.facebook.com\/chimiver\"]}]}<\/script>\n<!-- \/ Yoast SEO plugin. -->","yoast_head_json":{"title":"\u00c9conomie circulaire - Recyclage, collecte et valorisation","description":"Visita la sezione \u00c9conomie circulaire. L\u2019economia circolare promuove il concetto di \u201criduzione, riuso, riciclo, raccolta e recupero\u201d, Chimiver individua le buone pratiche e le opportunit\u00e0 di miglioramento.","robots":{"index":"index","follow":"follow","max-snippet":"max-snippet:-1","max-image-preview":"max-image-preview:large","max-video-preview":"max-video-preview:-1"},"canonical":"https:\/\/chimiver.com\/fr\/economie-circulaire\/","og_locale":"fr_FR","og_type":"article","og_title":"\u00c9conomie circulaire - Recyclage, collecte et valorisation","og_description":"Visita la sezione \u00c9conomie circulaire. L\u2019economia circolare promuove il concetto di \u201criduzione, riuso, riciclo, raccolta e recupero\u201d, Chimiver individua le buone pratiche e le opportunit\u00e0 di miglioramento.","og_url":"https:\/\/chimiver.com\/fr\/economie-circulaire\/","og_site_name":"Chimiver","article_publisher":"https:\/\/www.facebook.com\/chimiver","article_modified_time":"2024-05-30T12:14:35+00:00","og_image":[{"width":500,"height":500,"url":"https:\/\/chimiver.com\/wp-content\/uploads\/2022\/06\/Chimiver_500x500.jpg","type":"image\/jpeg"}],"twitter_card":"summary_large_image","schema":{"@context":"https:\/\/schema.org","@graph":[{"@type":"WebPage","@id":"https:\/\/chimiver.com\/fr\/economie-circulaire\/","url":"https:\/\/chimiver.com\/fr\/economie-circulaire\/","name":"\u00c9conomie circulaire - Recyclage, collecte et valorisation","isPartOf":{"@id":"https:\/\/chimiver.com\/fr\/#website"},"datePublished":"2024-01-15T14:58:38+00:00","dateModified":"2024-05-30T12:14:35+00:00","description":"Visita la sezione \u00c9conomie circulaire. L\u2019economia circolare promuove il concetto di \u201criduzione, riuso, riciclo, raccolta e recupero\u201d, Chimiver individua le buone pratiche e le opportunit\u00e0 di miglioramento.","breadcrumb":{"@id":"https:\/\/chimiver.com\/fr\/economie-circulaire\/#breadcrumb"},"inLanguage":"fr-FR","potentialAction":[{"@type":"ReadAction","target":["https:\/\/chimiver.com\/fr\/economie-circulaire\/"]}]},{"@type":"BreadcrumbList","@id":"https:\/\/chimiver.com\/fr\/economie-circulaire\/#breadcrumb","itemListElement":[{"@type":"ListItem","position":1,"name":"Home","item":"https:\/\/chimiver.com\/fr\/"},{"@type":"ListItem","position":2,"name":"\u00c9conomie circulaire"}]},{"@type":"WebSite","@id":"https:\/\/chimiver.com\/fr\/#website","url":"https:\/\/chimiver.com\/fr\/","name":"Chimiver, Your floors partner","description":"Your floors partner","publisher":{"@id":"https:\/\/chimiver.com\/fr\/#organization"},"alternateName":"Chimiver","potentialAction":[{"@type":"SearchAction","target":{"@type":"EntryPoint","urlTemplate":"https:\/\/chimiver.com\/fr\/?s={search_term_string}"},"query-input":{"@type":"PropertyValueSpecification","valueRequired":true,"valueName":"search_term_string"}}],"inLanguage":"fr-FR"},{"@type":"Organization","@id":"https:\/\/chimiver.com\/fr\/#organization","name":"Chimiver","url":"https:\/\/chimiver.com\/fr\/","logo":{"@type":"ImageObject","inLanguage":"fr-FR","@id":"https:\/\/chimiver.com\/fr\/#\/schema\/logo\/image\/","url":"https:\/\/chimiver.com\/wp-content\/uploads\/2022\/06\/Chimiver_500x500.jpg","contentUrl":"https:\/\/chimiver.com\/wp-content\/uploads\/2022\/06\/Chimiver_500x500.jpg","width":500,"height":500,"caption":"Chimiver"},"image":{"@id":"https:\/\/chimiver.com\/fr\/#\/schema\/logo\/image\/"},"sameAs":["https:\/\/www.facebook.com\/chimiver"]}]}},"_links":{"self":[{"href":"https:\/\/chimiver.com\/fr\/wp-json\/wp\/v2\/pages\/18434","targetHints":{"allow":["GET"]}}],"collection":[{"href":"https:\/\/chimiver.com\/fr\/wp-json\/wp\/v2\/pages"}],"about":[{"href":"https:\/\/chimiver.com\/fr\/wp-json\/wp\/v2\/types\/page"}],"author":[{"embeddable":true,"href":"https:\/\/chimiver.com\/fr\/wp-json\/wp\/v2\/users\/2"}],"replies":[{"embeddable":true,"href":"https:\/\/chimiver.com\/fr\/wp-json\/wp\/v2\/comments?post=18434"}],"version-history":[{"count":4,"href":"https:\/\/chimiver.com\/fr\/wp-json\/wp\/v2\/pages\/18434\/revisions"}],"predecessor-version":[{"id":19775,"href":"https:\/\/chimiver.com\/fr\/wp-json\/wp\/v2\/pages\/18434\/revisions\/19775"}],"wp:attachment":[{"href":"https:\/\/chimiver.com\/fr\/wp-json\/wp\/v2\/media?parent=18434"}],"curies":[{"name":"wp","href":"https:\/\/api.w.org\/{rel}","templated":true}]}}