{"id":18439,"date":"2024-01-08T14:35:44","date_gmt":"2024-01-08T13:35:44","guid":{"rendered":"https:\/\/chimiver.com\/esg\/"},"modified":"2025-11-27T15:39:37","modified_gmt":"2025-11-27T14:39:37","slug":"esg","status":"publish","type":"page","link":"https:\/\/chimiver.com\/fr\/esg\/","title":{"rendered":"ESG"},"content":{"rendered":"<section id=\"customlink_block-block_c0952c956ce6e81615ff8537dfdf4c28\" class=\"text-image-block pubfa-block\" style=\"background-color:#FFFFFF;color:#2E2D2C;text-align:left;padding:45px 0;\">\n<div class=\"container\">\n    <div class=\"row\">\n\n        <!-- Text Col -->\n        <div class=\"col-12 col-lg-7 d-flex flex-column order-2 justify-content-start \">\n\n            <!-- Text Group -->\n            \n                <!-- Title (with or without Link) -->\n                \n                <!-- Content -->\n                                    <div class=\"pubfa-block-text-1\"><h1><strong>ESG (Environnement, Social et Gouvernance)<\/strong><\/h1>\n<p>&nbsp;<\/p>\n<p><strong>ESG (Environnement, Social et Gouvernance)<\/strong>Pour atteindre les objectifs de d\u00e9veloppement durable, une transformation du syst\u00e8me \u00e9conomique, industriel et social s\u2019impose. Ce d\u00e9fi implique activement toutes les entreprises, quelle que soit leur taille, des grands groupes industriels aux PME.<\/p>\n<p>&nbsp;<\/p>\n<p>On observe une demande croissante et des sollicitations en termes de performances <strong>ESG (Environnement, Social et Gouvernance)<\/strong> de la part des diff\u00e9rentes parties concern\u00e9es, notamment les clients dans les processus d\u2019approvisionnement, les \u00e9tablissements bancaires dans les relations financi\u00e8res, les investisseurs, les institutions, les associations sectorielles et autres acteurs.<\/p>\n<p>&nbsp;<\/p>\n<\/div>\n                                \n            \n        <\/div>\n\n        <!-- Image Col -->\n        <div class=\"col-12 col-lg-5 d-flex align-items-center justify-content-center order-3 \">\n\n            <!-- Image Group -->\n            \n                 <!-- Image (with or without Link) -->\n                                                             <img decoding=\"async\" src=\"https:\/\/chimiver.com\/wp-content\/uploads\/2024\/02\/ESG.jpg\" alt=\"Azienda-Italiana-Prodotti-Professionali-Sostenibili-Posa-Trattamento-Manutenzione-Pavimenti-Legno-Parquet-Resina-Resilienti-Decking-WPC-Erba-Sintetica-Progettisti-Chimiver-ESG-Environmental-Social-Governance\" class=\"img-fluid\">\n                                    \n            \n        <\/div>\n    <\/div>\n<\/div>\n<\/section><section id=\"customlink_block-block_99f427c4e65181acc7bed571147c25f9\" class=\"text-image-block pubfa-block\" style=\"background-color:#FFFFFF;color:#2E2D2C;text-align:left;padding:45px 0;\">\n<div class=\"container\">\n    <div class=\"row\">\n\n        <!-- Text Col -->\n        <div class=\"col-12 col-lg-7 d-flex flex-column order-2 justify-content-start \">\n\n            <!-- Text Group -->\n            \n                <!-- Title (with or without Link) -->\n                \n                <!-- Content -->\n                                    <div class=\"pubfa-block-text-1\"><p>&nbsp;<\/p>\n<p>&nbsp;<\/p>\n<p>Dans ce contexte, il devient crucial de favoriser la collaboration et de se concentrer sur des objectifs de croissance clairs, afin de permettre \u00e0 chacun de mener des actions concr\u00e8tes li\u00e9es au d\u00e9veloppement de sa propre entreprise, au-del\u00e0 des d\u00e9marches bureaucratiques.<\/p>\n<p><strong>Chimiver Panseri S.p.A.<\/strong> a donc d\u00e9cid\u00e9 de rejoindre <strong>Open-es<\/strong>, une alliance ouverte entre le monde industriel, financier et associatif pour impliquer et soutenir toutes les entreprises \u00e0 travers une plateforme num\u00e9rique, en facilitant le processus de mesure et de croissance dans les dimensions de la durabilit\u00e9.<\/p>\n<\/div>\n                                \n            \n        <\/div>\n\n        <!-- Image Col -->\n        <div class=\"col-12 col-lg-5 d-flex align-items-center justify-content-center order-1 \">\n\n            <!-- Image Group -->\n            \n                 <!-- Image (with or without Link) -->\n                                                             <img decoding=\"async\" src=\"https:\/\/chimiver.com\/wp-content\/uploads\/2024\/03\/logo-OPEN.jpg\" alt=\"Azienda-Italiana-Prodotti-Professionali-Sostenibili-Posa-Trattamento-Manutenzione-Pavimenti-Legno-Resina-Resilienti-Decking-WPC-Erba-Sintetica-Privati-Professionisti-Progettisti-Industria-Chimiver-ESG-Open-Es\" class=\"img-fluid\">\n                                    \n            \n        <\/div>\n    <\/div>\n<\/div>\n<\/section>","protected":false},"excerpt":{"rendered":"","protected":false},"author":2,"featured_media":0,"parent":0,"menu_order":44,"comment_status":"closed","ping_status":"closed","template":"","meta":{"_acf_changed":false,"inline_featured_image":false,"footnotes":""},"class_list":["post-18439","page","type-page","status-publish","hentry"],"acf":[],"yoast_head":"<!-- This site is optimized with the Yoast SEO plugin v26.2 - https:\/\/yoast.com\/wordpress\/plugins\/seo\/ -->\n<title>Chimiver ESG : environnemental, social et gouvernance<\/title>\n<meta name=\"description\" content=\"Chimiver ESG : engag\u00e9 pour la durabilit\u00e9 environnementale, la responsabilit\u00e9 sociale et une gouvernance transparente.\" \/>\n<meta name=\"robots\" content=\"index, follow, max-snippet:-1, max-image-preview:large, max-video-preview:-1\" \/>\n<link rel=\"canonical\" href=\"https:\/\/chimiver.com\/fr\/esg\/\" \/>\n<meta property=\"og:locale\" content=\"fr_FR\" \/>\n<meta property=\"og:type\" content=\"article\" \/>\n<meta property=\"og:title\" content=\"Chimiver ESG : environnemental, social et gouvernance\" \/>\n<meta property=\"og:description\" content=\"Chimiver ESG : engag\u00e9 pour la durabilit\u00e9 environnementale, la responsabilit\u00e9 sociale et une gouvernance transparente.\" \/>\n<meta property=\"og:url\" content=\"https:\/\/chimiver.com\/fr\/esg\/\" \/>\n<meta property=\"og:site_name\" content=\"Chimiver\" \/>\n<meta property=\"article:publisher\" content=\"https:\/\/www.facebook.com\/chimiver\" \/>\n<meta property=\"article:modified_time\" content=\"2025-11-27T14:39:37+00:00\" \/>\n<meta property=\"og:image\" content=\"https:\/\/chimiver.com\/wp-content\/uploads\/2022\/06\/Chimiver_500x500.jpg\" \/>\n\t<meta property=\"og:image:width\" content=\"500\" \/>\n\t<meta property=\"og:image:height\" content=\"500\" \/>\n\t<meta property=\"og:image:type\" content=\"image\/jpeg\" \/>\n<meta name=\"twitter:card\" content=\"summary_large_image\" \/>\n<script type=\"application\/ld+json\" class=\"yoast-schema-graph\">{\"@context\":\"https:\/\/schema.org\",\"@graph\":[{\"@type\":\"WebPage\",\"@id\":\"https:\/\/chimiver.com\/fr\/esg\/\",\"url\":\"https:\/\/chimiver.com\/fr\/esg\/\",\"name\":\"Chimiver ESG : environnemental, social et gouvernance\",\"isPartOf\":{\"@id\":\"https:\/\/chimiver.com\/fr\/#website\"},\"datePublished\":\"2024-01-08T13:35:44+00:00\",\"dateModified\":\"2025-11-27T14:39:37+00:00\",\"description\":\"Chimiver ESG : engag\u00e9 pour la durabilit\u00e9 environnementale, la responsabilit\u00e9 sociale et une gouvernance transparente.\",\"breadcrumb\":{\"@id\":\"https:\/\/chimiver.com\/fr\/esg\/#breadcrumb\"},\"inLanguage\":\"fr-FR\",\"potentialAction\":[{\"@type\":\"ReadAction\",\"target\":[\"https:\/\/chimiver.com\/fr\/esg\/\"]}]},{\"@type\":\"BreadcrumbList\",\"@id\":\"https:\/\/chimiver.com\/fr\/esg\/#breadcrumb\",\"itemListElement\":[{\"@type\":\"ListItem\",\"position\":1,\"name\":\"Home\",\"item\":\"https:\/\/chimiver.com\/fr\/\"},{\"@type\":\"ListItem\",\"position\":2,\"name\":\"ESG\"}]},{\"@type\":\"WebSite\",\"@id\":\"https:\/\/chimiver.com\/fr\/#website\",\"url\":\"https:\/\/chimiver.com\/fr\/\",\"name\":\"Chimiver, Your floors partner\",\"description\":\"Your floors partner\",\"publisher\":{\"@id\":\"https:\/\/chimiver.com\/fr\/#organization\"},\"alternateName\":\"Chimiver\",\"potentialAction\":[{\"@type\":\"SearchAction\",\"target\":{\"@type\":\"EntryPoint\",\"urlTemplate\":\"https:\/\/chimiver.com\/fr\/?s={search_term_string}\"},\"query-input\":{\"@type\":\"PropertyValueSpecification\",\"valueRequired\":true,\"valueName\":\"search_term_string\"}}],\"inLanguage\":\"fr-FR\"},{\"@type\":\"Organization\",\"@id\":\"https:\/\/chimiver.com\/fr\/#organization\",\"name\":\"Chimiver\",\"url\":\"https:\/\/chimiver.com\/fr\/\",\"logo\":{\"@type\":\"ImageObject\",\"inLanguage\":\"fr-FR\",\"@id\":\"https:\/\/chimiver.com\/fr\/#\/schema\/logo\/image\/\",\"url\":\"https:\/\/chimiver.com\/wp-content\/uploads\/2022\/06\/Chimiver_500x500.jpg\",\"contentUrl\":\"https:\/\/chimiver.com\/wp-content\/uploads\/2022\/06\/Chimiver_500x500.jpg\",\"width\":500,\"height\":500,\"caption\":\"Chimiver\"},\"image\":{\"@id\":\"https:\/\/chimiver.com\/fr\/#\/schema\/logo\/image\/\"},\"sameAs\":[\"https:\/\/www.facebook.com\/chimiver\"]}]}<\/script>\n<!-- \/ Yoast SEO plugin. -->","yoast_head_json":{"title":"Chimiver ESG : environnemental, social et gouvernance","description":"Chimiver ESG : engag\u00e9 pour la durabilit\u00e9 environnementale, la responsabilit\u00e9 sociale et une gouvernance transparente.","robots":{"index":"index","follow":"follow","max-snippet":"max-snippet:-1","max-image-preview":"max-image-preview:large","max-video-preview":"max-video-preview:-1"},"canonical":"https:\/\/chimiver.com\/fr\/esg\/","og_locale":"fr_FR","og_type":"article","og_title":"Chimiver ESG : environnemental, social et gouvernance","og_description":"Chimiver ESG : engag\u00e9 pour la durabilit\u00e9 environnementale, la responsabilit\u00e9 sociale et une gouvernance transparente.","og_url":"https:\/\/chimiver.com\/fr\/esg\/","og_site_name":"Chimiver","article_publisher":"https:\/\/www.facebook.com\/chimiver","article_modified_time":"2025-11-27T14:39:37+00:00","og_image":[{"width":500,"height":500,"url":"https:\/\/chimiver.com\/wp-content\/uploads\/2022\/06\/Chimiver_500x500.jpg","type":"image\/jpeg"}],"twitter_card":"summary_large_image","schema":{"@context":"https:\/\/schema.org","@graph":[{"@type":"WebPage","@id":"https:\/\/chimiver.com\/fr\/esg\/","url":"https:\/\/chimiver.com\/fr\/esg\/","name":"Chimiver ESG : environnemental, social et gouvernance","isPartOf":{"@id":"https:\/\/chimiver.com\/fr\/#website"},"datePublished":"2024-01-08T13:35:44+00:00","dateModified":"2025-11-27T14:39:37+00:00","description":"Chimiver ESG : engag\u00e9 pour la durabilit\u00e9 environnementale, la responsabilit\u00e9 sociale et une gouvernance transparente.","breadcrumb":{"@id":"https:\/\/chimiver.com\/fr\/esg\/#breadcrumb"},"inLanguage":"fr-FR","potentialAction":[{"@type":"ReadAction","target":["https:\/\/chimiver.com\/fr\/esg\/"]}]},{"@type":"BreadcrumbList","@id":"https:\/\/chimiver.com\/fr\/esg\/#breadcrumb","itemListElement":[{"@type":"ListItem","position":1,"name":"Home","item":"https:\/\/chimiver.com\/fr\/"},{"@type":"ListItem","position":2,"name":"ESG"}]},{"@type":"WebSite","@id":"https:\/\/chimiver.com\/fr\/#website","url":"https:\/\/chimiver.com\/fr\/","name":"Chimiver, Your floors partner","description":"Your floors partner","publisher":{"@id":"https:\/\/chimiver.com\/fr\/#organization"},"alternateName":"Chimiver","potentialAction":[{"@type":"SearchAction","target":{"@type":"EntryPoint","urlTemplate":"https:\/\/chimiver.com\/fr\/?s={search_term_string}"},"query-input":{"@type":"PropertyValueSpecification","valueRequired":true,"valueName":"search_term_string"}}],"inLanguage":"fr-FR"},{"@type":"Organization","@id":"https:\/\/chimiver.com\/fr\/#organization","name":"Chimiver","url":"https:\/\/chimiver.com\/fr\/","logo":{"@type":"ImageObject","inLanguage":"fr-FR","@id":"https:\/\/chimiver.com\/fr\/#\/schema\/logo\/image\/","url":"https:\/\/chimiver.com\/wp-content\/uploads\/2022\/06\/Chimiver_500x500.jpg","contentUrl":"https:\/\/chimiver.com\/wp-content\/uploads\/2022\/06\/Chimiver_500x500.jpg","width":500,"height":500,"caption":"Chimiver"},"image":{"@id":"https:\/\/chimiver.com\/fr\/#\/schema\/logo\/image\/"},"sameAs":["https:\/\/www.facebook.com\/chimiver"]}]}},"_links":{"self":[{"href":"https:\/\/chimiver.com\/fr\/wp-json\/wp\/v2\/pages\/18439","targetHints":{"allow":["GET"]}}],"collection":[{"href":"https:\/\/chimiver.com\/fr\/wp-json\/wp\/v2\/pages"}],"about":[{"href":"https:\/\/chimiver.com\/fr\/wp-json\/wp\/v2\/types\/page"}],"author":[{"embeddable":true,"href":"https:\/\/chimiver.com\/fr\/wp-json\/wp\/v2\/users\/2"}],"replies":[{"embeddable":true,"href":"https:\/\/chimiver.com\/fr\/wp-json\/wp\/v2\/comments?post=18439"}],"version-history":[{"count":4,"href":"https:\/\/chimiver.com\/fr\/wp-json\/wp\/v2\/pages\/18439\/revisions"}],"predecessor-version":[{"id":19781,"href":"https:\/\/chimiver.com\/fr\/wp-json\/wp\/v2\/pages\/18439\/revisions\/19781"}],"wp:attachment":[{"href":"https:\/\/chimiver.com\/fr\/wp-json\/wp\/v2\/media?parent=18439"}],"curies":[{"name":"wp","href":"https:\/\/api.w.org\/{rel}","templated":true}]}}