{"id":18444,"date":"2024-01-02T11:13:58","date_gmt":"2024-01-02T10:13:58","guid":{"rendered":"https:\/\/chimiver.com\/efficienza\/"},"modified":"2026-02-03T10:19:14","modified_gmt":"2026-02-03T09:19:14","slug":"efficacite","status":"publish","type":"page","link":"https:\/\/chimiver.com\/fr\/efficacite\/","title":{"rendered":"Efficacit\u00e9"},"content":{"rendered":"<section id=\"customlink_block-block_f06c96f5365293d1522ad7c7255830ba\" class=\"text-icon-block pubfa-block\" style=\"background-color:#FFFFFF;color:#2E2D2C;text-align:center;\">\n    <div class=\"container\">\n        <div class=\"d-flex flex-column justify-content-center \">\n\n            <!-- Image Group -->\n            \n                 <!-- Image (with or without Link) -->\n                 \n            \n            <!-- Text Group -->\n            \n                <!-- Title (with or without Link) -->\n                \n                <!-- Content -->\n                                    <div class=\"pubfa-block-text-1\"><h1 style=\"text-align: center;\"><strong>Certifications des syst\u00e8mes de gestion \u2013 ISO<\/strong><\/h1>\n<p>Dans le contexte mondial actuel, o\u00f9 l\u2019on constate un <strong>int\u00e9r\u00eat croissant du public pour les questions environnementales et sociales<\/strong>, la durabilit\u00e9 rev\u00eat un r\u00f4le central pour les organisations modernes. Elle n\u2019est plus consid\u00e9r\u00e9e comme une option facultative ou une initiative marginale li\u00e9e \u00e0 la responsabilit\u00e9 sociale des entreprises, mais bien comme un \u00e9l\u00e9ment strat\u00e9gique vital qui touche \u00e0 tous les aspects de l\u2019activit\u00e9 d\u2019entreprise.<\/p>\n<p>&nbsp;<\/p>\n<p>Dans le cadre des r\u00e9glementations ISO, la <strong>durabilit\u00e9<\/strong> est \u00e9troitement li\u00e9e aux syst\u00e8mes de gestion <strong>de la qualit\u00e9<\/strong> (ISO 9001),<strong> de l\u2019environnement<\/strong> (ISO 14001), <strong>de l\u2019\u00e9nergie<\/strong> (ISO 50001) et <strong>de la sant\u00e9 et s\u00e9curit\u00e9 au travail<\/strong> (ISO 45001). Chacune de ces r\u00e9glementations propose un mod\u00e8le pour aborder des aspects sp\u00e9cifiques li\u00e9s \u00e0 la durabilit\u00e9 et repr\u00e9sente les fondations sur lesquelles \u00e9riger le succ\u00e8s de l\u2019entreprise.<\/p>\n<p>&nbsp;<\/p>\n<p>Sur cette voie depuis 2014, Chimiver Panseri S.p.A. a obtenu :<\/p>\n<\/div>\n                                \n            \n        <\/div>\n    <\/div>\n<\/section><section id=\"customlink_block-block_74cee57528d3f33b46fd483831ae5f55\" class=\"text-image-block pubfa-block\" style=\"background-color:#FFFFFF;color:#2E2D2C;text-align:left;padding:45px 0;\">\n<div class=\"container\">\n    <div class=\"row\">\n\n        <!-- Text Col -->\n        <div class=\"col-12 col-lg-7 d-flex flex-column order-2 justify-content-start \">\n\n            <!-- Text Group -->\n            \n                <!-- Title (with or without Link) -->\n                                                            <h2 class=\"pubfa-block-title-1\">2015<\/h2>\n                                    \n                <!-- Content -->\n                                    <div class=\"pubfa-block-text-1\"><h2><strong>2015: ISO 9001<\/strong> <em>\u00ab Syst\u00e8mes de management de la qualit\u00e9 \u00bb<\/em><\/h2>\n<p>La certification <strong>ISO 9001<\/strong> <em>\u00ab Syst\u00e8mes de management de la qualit\u00e9 \u00bb<\/em> est la norme de r\u00e9f\u00e9rence la plus universellement reconnue au niveau mondial en mati\u00e8re de gestion de la qualit\u00e9. \u00c0 l\u2019heure actuelle, elle est largement adopt\u00e9e et repr\u00e9sente le r\u00e9f\u00e9rentiel non seulement pour les syst\u00e8mes de management de la qualit\u00e9, mais \u00e9galement pour d\u2019autres syst\u00e8mes de management.<\/p>\n<\/div>\n                                \n            \n        <\/div>\n\n        <!-- Image Col -->\n        <div class=\"col-12 col-lg-5 d-flex align-items-center justify-content-center order-3 \">\n\n            <!-- Image Group -->\n            \n                 <!-- Image (with or without Link) -->\n                                                             <a href=\"https:\/\/chimiver.com\/wp-content\/uploads\/2023\/01\/COPY_IT_ISO_9001-TUV-CHIMIVER-2023-2025.pdf\" target=\"_blank\">\n                            <img decoding=\"async\" src=\"https:\/\/chimiver.com\/wp-content\/uploads\/2024\/01\/169777_Zeichen.jpg\" alt=\"Azienda-Italiana-Prodotti-Professionali-Sostenibili-Posa-Trattamento-Manutenzione-Pavimenti-Legno-Parquet-Resina-Resilienti-Decking-WPC-Erba-Sintetica-Progettisti-Chimiver-ISO-9001-Sistemi-Gestione-Qualit\u00e0\" class=\"img-fluid\">\n                        <\/a>\n                                    \n            \n        <\/div>\n    <\/div>\n<\/div>\n<\/section><section id=\"customlink_block-block_57ae8731dfca7d0aa5a1cc3f7fc6c080\" class=\"text-image-block pubfa-block\" style=\"background-color:#FAFAFA;color:#2E2D2C;text-align:left;padding:45px 0;\">\n<div class=\"container\">\n    <div class=\"row\">\n\n        <!-- Text Col -->\n        <div class=\"col-12 col-lg-7 d-flex flex-column order-2 justify-content-start \">\n\n            <!-- Text Group -->\n            \n                <!-- Title (with or without Link) -->\n                                                            <h2 class=\"pubfa-block-title-1\">2023<\/h2>\n                                    \n                <!-- Content -->\n                                    <div class=\"pubfa-block-text-1\"><h2><strong>2023: ISO 50001<\/strong> <em>\u00ab Syst\u00e8mes de management de l\u2019\u00e9nergie \u00bb<\/em><\/h2>\n<p>La certification <strong>ISO 50001<\/strong> <em>\u00ab Syst\u00e8mes de management de l\u2019\u00e9nergie \u00bb<\/em> repr\u00e9sente la plus r\u00e9cente meilleure pratique internationale dans le domaine de la gestion de l\u2019\u00e9nergie, elle est bas\u00e9e sur le respect des r\u00e9glementations nationales et r\u00e9gionales actuellement en vigueur. La mise en \u0153uvre de la norme ISO 50001 aiguille dans l\u2019application des processus n\u00e9cessaires pour analyser la consommation d\u2019\u00e9nergie, concr\u00e9tiser des plans, d\u00e9finir des objectifs et des indicateurs de performance \u00e9nerg\u00e9tique afin de r\u00e9duire les consommations et d\u2019identifier les opportunit\u00e9s d\u2019am\u00e9lioration du rendement \u00e9nerg\u00e9tique.<\/p>\n<\/div>\n                                \n            \n        <\/div>\n\n        <!-- Image Col -->\n        <div class=\"col-12 col-lg-5 d-flex align-items-center justify-content-center order-1 \">\n\n            <!-- Image Group -->\n            \n                 <!-- Image (with or without Link) -->\n                                                             <a href=\"https:\/\/chimiver.com\/certificate-signed\/\" target=\"_blank\">\n                            <img decoding=\"async\" src=\"https:\/\/chimiver.com\/wp-content\/uploads\/2024\/01\/ISO-50001_col.jpg\" alt=\"Azienda-Italiana-Prodotti-Professionali-Sostenibili-Posa-Trattamento-Manutenzione-Pavimenti-Legno-Parquet-Resina-Resilienti-Decking-WPC-Erba-Sintetica-Progettisti-Chimiver-ISO-50001-Sistemi-Gestione-Dell&#039;Energia\" class=\"img-fluid\">\n                        <\/a>\n                                    \n            \n        <\/div>\n    <\/div>\n<\/div>\n<\/section><section id=\"customlink_block-block_bb90592b4f901de0214771c68202d78e\" class=\"text-image-block pubfa-block\" style=\"background-color:#FFFFFF;color:#2E2D2C;text-align:left;padding:45px 0;\">\n<div class=\"container\">\n    <div class=\"row\">\n\n        <!-- Text Col -->\n        <div class=\"col-12 col-lg-7 d-flex flex-column order-2 justify-content-start \">\n\n            <!-- Text Group -->\n            \n                <!-- Title (with or without Link) -->\n                                                            <h2 class=\"pubfa-block-title-1\">2025<\/h2>\n                                    \n                <!-- Content -->\n                                    <div class=\"pubfa-block-text-1\"><h2><strong>2025: ISO 45001<\/strong> <em>\u00ab Syst\u00e8mes de management de la sant\u00e9 et de la s\u00e9curit\u00e9 au travail \u00bb<\/em><\/h2>\n<p>En 2024, nous serons certifi\u00e9s <strong>ISO 45001<\/strong> <em>\u00ab Syst\u00e8mes de management de la sant\u00e9 et de la s\u00e9curit\u00e9 au travail \u00bb<\/em> qui \u00e9tablit les normes minimales de bonne pratique pour la protection des travailleurs. Cette norme fournit un cadre pour renforcer la s\u00e9curit\u00e9, r\u00e9duire les risques sur le lieu de travail et am\u00e9liorer la sant\u00e9 et le bien-\u00eatre des travailleurs. Cela permet d\u2019am\u00e9liorer de mani\u00e8re proactive ses propres performances en mati\u00e8re de sant\u00e9 et de s\u00e9curit\u00e9.<\/p>\n<\/div>\n                                \n            \n        <\/div>\n\n        <!-- Image Col -->\n        <div class=\"col-12 col-lg-5 d-flex align-items-center justify-content-center order-3 \">\n\n            <!-- Image Group -->\n            \n                 <!-- Image (with or without Link) -->\n                                                             <img decoding=\"async\" src=\"https:\/\/chimiver.com\/wp-content\/uploads\/2024\/02\/obiettivo-2025.jpg\" alt=\"\" class=\"img-fluid\">\n                                    \n            \n        <\/div>\n    <\/div>\n<\/div>\n<\/section><section id=\"customlink_block-block_0b3da0167e1b100e090a9b71895d6a0e\" class=\"text-image-block pubfa-block\" style=\"background-color:#FAFAFA;color:#2E2D2C;text-align:left;padding:45px 0;\">\n<div class=\"container\">\n    <div class=\"row\">\n\n        <!-- Text Col -->\n        <div class=\"col-12 col-lg-7 d-flex flex-column order-2 justify-content-start \">\n\n            <!-- Text Group -->\n            \n                <!-- Title (with or without Link) -->\n                                                            <h2 class=\"pubfa-block-title-1\">2026<\/h2>\n                                    \n                <!-- Content -->\n                                    <div class=\"pubfa-block-text-1\"><h2><strong>2026: ISO 14001<\/strong> <em>\u00ab Syst\u00e8mes de management environnemental \u00bb<\/em><\/h2>\n<p>En 2025, nous serons certifi\u00e9s <strong>ISO 14001<\/strong> <em>\u00ab Syst\u00e8mes de management environnemental \u00bb<\/em>, certification qui est le gage d\u2019un certain engagement en faveur de l\u2019environnement. Cela passe bien s\u00fbr par l\u2019adoption de comportements vertueux pour r\u00e9duire le gaspillage des ressources et la consommation, mais aussi par l\u2019am\u00e9lioration des technologies pr\u00e9sentes dans l\u2019entreprise.<\/p>\n<\/div>\n                                \n            \n        <\/div>\n\n        <!-- Image Col -->\n        <div class=\"col-12 col-lg-5 d-flex align-items-center justify-content-center order-1 \">\n\n            <!-- Image Group -->\n            \n                 <!-- Image (with or without Link) -->\n                                                             <img decoding=\"async\" src=\"https:\/\/chimiver.com\/wp-content\/uploads\/2024\/02\/obiettivo-2025.jpg\" alt=\"Azienda-Italiana-Prodotti-Professionali-Sostenibili-Posa-Trattamento-Manutenzione-Pavimenti-Legno-Resina-Resilienti-Decking-WPC-Erba-Sintetica-Progettisti-Chimiver-Obiettivo-2025-ISO-14001\" class=\"img-fluid\">\n                                    \n            \n        <\/div>\n    <\/div>\n<\/div>\n<\/section><section id=\"customlink_block-block_a42a7603f395407cb93357758a17a43b\" class=\"text-image-block pubfa-block\" style=\"background-color:#FFFFFF;color:#2E2D2C;text-align:left;padding:45px 0;\">\n<div class=\"container\">\n    <div class=\"row\">\n\n        <!-- Text Col -->\n        <div class=\"col-12 col-lg-7 d-flex flex-column order-2 justify-content-start \">\n\n            <!-- Text Group -->\n            \n                <!-- Title (with or without Link) -->\n                \n                <!-- Content -->\n                                    <div class=\"pubfa-block-text-1\"><h2><strong>\u00c9nergie Verte<\/strong><\/h2>\n<p><strong>Chimiver Panseri S.p.A.<\/strong> a r\u00e9alis\u00e9 d\u2019importants investissements en 2023 en misant sur les <strong>\u00e9nergies renouvelables.<\/strong> Le projet a mis en place la r\u00e9alisation de <strong>deux installations photovolta\u00efques<\/strong> de 135,5 kWp au total, ce qui nous a permis de produire en interne environ 25% de l\u2019\u00e9lectricit\u00e9 consomm\u00e9e en un an par l\u2019ensemble de l\u2019usine et d\u2019en c\u00e9der environ 5 % au r\u00e9seau. Un investissement pour l\u2019avenir, un pas vers l\u2019ind\u00e9pendance \u00e9nerg\u00e9tique, une nouvelle vision de la durabilit\u00e9 qui, \u00e0 travers un processus constant d\u2019innovation et d\u2019am\u00e9lioration de l\u2019efficacit\u00e9 \u00e9nerg\u00e9tique, contribue \u00e0 une r\u00e9duction significative de l\u2019impact environnemental.<\/p>\n<p>&nbsp;<\/p>\n<p>Consultez notre politique \u00e9nerg\u00e9tique <a href=\"https:\/\/chimiver.com\/wp-content\/uploads\/2023\/02\/DOC03-POLITICA-ENERGETICA_EN.pdf\" target=\"_blank\" rel=\"noopener\"><strong> en cliquant ici<\/strong><\/a><\/p>\n<\/div>\n                                \n            \n        <\/div>\n\n        <!-- Image Col -->\n        <div class=\"col-12 col-lg-5 d-flex align-items-center justify-content-center order-3 \">\n\n            <!-- Image Group -->\n            \n                 <!-- Image (with or without Link) -->\n                                                             <img decoding=\"async\" src=\"https:\/\/chimiver.com\/wp-content\/uploads\/2024\/02\/pannelli-solari.jpg\" alt=\"Azienda-Italiana-Prodotti-Professionali-Sostenibili-Posa-Trattamento-Manutenzione-Pavimenti-Legno-Resina-Resilienti-Decking-WPC-Erba-Sintetica-Progettisti-Chimiver-Efficienza-Energetica-Pannelli-Solari\" class=\"img-fluid\">\n                                    \n            \n        <\/div>\n    <\/div>\n<\/div>\n<\/section>","protected":false},"excerpt":{"rendered":"","protected":false},"author":2,"featured_media":0,"parent":0,"menu_order":64,"comment_status":"closed","ping_status":"closed","template":"","meta":{"_acf_changed":false,"inline_featured_image":false,"footnotes":""},"class_list":["post-18444","page","type-page","status-publish","hentry"],"acf":[],"yoast_head":"<!-- This site is optimized with the Yoast SEO plugin v26.2 - https:\/\/yoast.com\/wordpress\/plugins\/seo\/ -->\n<title>Efficacit\u00e9 - Certificazioni sistemi di gestione ISO ed Energia Verde<\/title>\n<meta name=\"description\" content=\"Visita la sezione Efficacit\u00e9. Chimiver dal 2014 ha intrapreso un percorso verso la sostenibilit\u00e0 ottenendo certificazioni in merito ai sistemi di Gestione ISO e ha effettuato importanti investimenti in ambito energetico. Scopri di pi\u00f9.\" \/>\n<meta name=\"robots\" content=\"index, follow, max-snippet:-1, max-image-preview:large, max-video-preview:-1\" \/>\n<link rel=\"canonical\" href=\"https:\/\/chimiver.com\/fr\/efficacite\/\" \/>\n<meta property=\"og:locale\" content=\"fr_FR\" \/>\n<meta property=\"og:type\" content=\"article\" \/>\n<meta property=\"og:title\" content=\"Efficacit\u00e9 - Certificazioni sistemi di gestione ISO ed Energia Verde\" \/>\n<meta property=\"og:description\" content=\"Visita la sezione Efficacit\u00e9. Chimiver dal 2014 ha intrapreso un percorso verso la sostenibilit\u00e0 ottenendo certificazioni in merito ai sistemi di Gestione ISO e ha effettuato importanti investimenti in ambito energetico. Scopri di pi\u00f9.\" \/>\n<meta property=\"og:url\" content=\"https:\/\/chimiver.com\/fr\/efficacite\/\" \/>\n<meta property=\"og:site_name\" content=\"Chimiver\" \/>\n<meta property=\"article:publisher\" content=\"https:\/\/www.facebook.com\/chimiver\" \/>\n<meta property=\"article:modified_time\" content=\"2026-02-03T09:19:14+00:00\" \/>\n<meta property=\"og:image\" content=\"https:\/\/chimiver.com\/wp-content\/uploads\/2022\/06\/Chimiver_500x500.jpg\" \/>\n\t<meta property=\"og:image:width\" content=\"500\" \/>\n\t<meta property=\"og:image:height\" content=\"500\" \/>\n\t<meta property=\"og:image:type\" content=\"image\/jpeg\" \/>\n<meta name=\"twitter:card\" content=\"summary_large_image\" \/>\n<script type=\"application\/ld+json\" class=\"yoast-schema-graph\">{\"@context\":\"https:\/\/schema.org\",\"@graph\":[{\"@type\":\"WebPage\",\"@id\":\"https:\/\/chimiver.com\/fr\/efficacite\/\",\"url\":\"https:\/\/chimiver.com\/fr\/efficacite\/\",\"name\":\"Efficacit\u00e9 - Certificazioni sistemi di gestione ISO ed Energia Verde\",\"isPartOf\":{\"@id\":\"https:\/\/chimiver.com\/fr\/#website\"},\"datePublished\":\"2024-01-02T10:13:58+00:00\",\"dateModified\":\"2026-02-03T09:19:14+00:00\",\"description\":\"Visita la sezione Efficacit\u00e9. Chimiver dal 2014 ha intrapreso un percorso verso la sostenibilit\u00e0 ottenendo certificazioni in merito ai sistemi di Gestione ISO e ha effettuato importanti investimenti in ambito energetico. Scopri di pi\u00f9.\",\"breadcrumb\":{\"@id\":\"https:\/\/chimiver.com\/fr\/efficacite\/#breadcrumb\"},\"inLanguage\":\"fr-FR\",\"potentialAction\":[{\"@type\":\"ReadAction\",\"target\":[\"https:\/\/chimiver.com\/fr\/efficacite\/\"]}]},{\"@type\":\"BreadcrumbList\",\"@id\":\"https:\/\/chimiver.com\/fr\/efficacite\/#breadcrumb\",\"itemListElement\":[{\"@type\":\"ListItem\",\"position\":1,\"name\":\"Home\",\"item\":\"https:\/\/chimiver.com\/fr\/\"},{\"@type\":\"ListItem\",\"position\":2,\"name\":\"Efficacit\u00e9\"}]},{\"@type\":\"WebSite\",\"@id\":\"https:\/\/chimiver.com\/fr\/#website\",\"url\":\"https:\/\/chimiver.com\/fr\/\",\"name\":\"Chimiver, Your floors partner\",\"description\":\"Your floors partner\",\"publisher\":{\"@id\":\"https:\/\/chimiver.com\/fr\/#organization\"},\"alternateName\":\"Chimiver\",\"potentialAction\":[{\"@type\":\"SearchAction\",\"target\":{\"@type\":\"EntryPoint\",\"urlTemplate\":\"https:\/\/chimiver.com\/fr\/?s={search_term_string}\"},\"query-input\":{\"@type\":\"PropertyValueSpecification\",\"valueRequired\":true,\"valueName\":\"search_term_string\"}}],\"inLanguage\":\"fr-FR\"},{\"@type\":\"Organization\",\"@id\":\"https:\/\/chimiver.com\/fr\/#organization\",\"name\":\"Chimiver\",\"url\":\"https:\/\/chimiver.com\/fr\/\",\"logo\":{\"@type\":\"ImageObject\",\"inLanguage\":\"fr-FR\",\"@id\":\"https:\/\/chimiver.com\/fr\/#\/schema\/logo\/image\/\",\"url\":\"https:\/\/chimiver.com\/wp-content\/uploads\/2022\/06\/Chimiver_500x500.jpg\",\"contentUrl\":\"https:\/\/chimiver.com\/wp-content\/uploads\/2022\/06\/Chimiver_500x500.jpg\",\"width\":500,\"height\":500,\"caption\":\"Chimiver\"},\"image\":{\"@id\":\"https:\/\/chimiver.com\/fr\/#\/schema\/logo\/image\/\"},\"sameAs\":[\"https:\/\/www.facebook.com\/chimiver\"]}]}<\/script>\n<!-- \/ Yoast SEO plugin. -->","yoast_head_json":{"title":"Efficacit\u00e9 - Certificazioni sistemi di gestione ISO ed Energia Verde","description":"Visita la sezione Efficacit\u00e9. Chimiver dal 2014 ha intrapreso un percorso verso la sostenibilit\u00e0 ottenendo certificazioni in merito ai sistemi di Gestione ISO e ha effettuato importanti investimenti in ambito energetico. Scopri di pi\u00f9.","robots":{"index":"index","follow":"follow","max-snippet":"max-snippet:-1","max-image-preview":"max-image-preview:large","max-video-preview":"max-video-preview:-1"},"canonical":"https:\/\/chimiver.com\/fr\/efficacite\/","og_locale":"fr_FR","og_type":"article","og_title":"Efficacit\u00e9 - Certificazioni sistemi di gestione ISO ed Energia Verde","og_description":"Visita la sezione Efficacit\u00e9. Chimiver dal 2014 ha intrapreso un percorso verso la sostenibilit\u00e0 ottenendo certificazioni in merito ai sistemi di Gestione ISO e ha effettuato importanti investimenti in ambito energetico. Scopri di pi\u00f9.","og_url":"https:\/\/chimiver.com\/fr\/efficacite\/","og_site_name":"Chimiver","article_publisher":"https:\/\/www.facebook.com\/chimiver","article_modified_time":"2026-02-03T09:19:14+00:00","og_image":[{"width":500,"height":500,"url":"https:\/\/chimiver.com\/wp-content\/uploads\/2022\/06\/Chimiver_500x500.jpg","type":"image\/jpeg"}],"twitter_card":"summary_large_image","schema":{"@context":"https:\/\/schema.org","@graph":[{"@type":"WebPage","@id":"https:\/\/chimiver.com\/fr\/efficacite\/","url":"https:\/\/chimiver.com\/fr\/efficacite\/","name":"Efficacit\u00e9 - Certificazioni sistemi di gestione ISO ed Energia Verde","isPartOf":{"@id":"https:\/\/chimiver.com\/fr\/#website"},"datePublished":"2024-01-02T10:13:58+00:00","dateModified":"2026-02-03T09:19:14+00:00","description":"Visita la sezione Efficacit\u00e9. Chimiver dal 2014 ha intrapreso un percorso verso la sostenibilit\u00e0 ottenendo certificazioni in merito ai sistemi di Gestione ISO e ha effettuato importanti investimenti in ambito energetico. Scopri di pi\u00f9.","breadcrumb":{"@id":"https:\/\/chimiver.com\/fr\/efficacite\/#breadcrumb"},"inLanguage":"fr-FR","potentialAction":[{"@type":"ReadAction","target":["https:\/\/chimiver.com\/fr\/efficacite\/"]}]},{"@type":"BreadcrumbList","@id":"https:\/\/chimiver.com\/fr\/efficacite\/#breadcrumb","itemListElement":[{"@type":"ListItem","position":1,"name":"Home","item":"https:\/\/chimiver.com\/fr\/"},{"@type":"ListItem","position":2,"name":"Efficacit\u00e9"}]},{"@type":"WebSite","@id":"https:\/\/chimiver.com\/fr\/#website","url":"https:\/\/chimiver.com\/fr\/","name":"Chimiver, Your floors partner","description":"Your floors partner","publisher":{"@id":"https:\/\/chimiver.com\/fr\/#organization"},"alternateName":"Chimiver","potentialAction":[{"@type":"SearchAction","target":{"@type":"EntryPoint","urlTemplate":"https:\/\/chimiver.com\/fr\/?s={search_term_string}"},"query-input":{"@type":"PropertyValueSpecification","valueRequired":true,"valueName":"search_term_string"}}],"inLanguage":"fr-FR"},{"@type":"Organization","@id":"https:\/\/chimiver.com\/fr\/#organization","name":"Chimiver","url":"https:\/\/chimiver.com\/fr\/","logo":{"@type":"ImageObject","inLanguage":"fr-FR","@id":"https:\/\/chimiver.com\/fr\/#\/schema\/logo\/image\/","url":"https:\/\/chimiver.com\/wp-content\/uploads\/2022\/06\/Chimiver_500x500.jpg","contentUrl":"https:\/\/chimiver.com\/wp-content\/uploads\/2022\/06\/Chimiver_500x500.jpg","width":500,"height":500,"caption":"Chimiver"},"image":{"@id":"https:\/\/chimiver.com\/fr\/#\/schema\/logo\/image\/"},"sameAs":["https:\/\/www.facebook.com\/chimiver"]}]}},"_links":{"self":[{"href":"https:\/\/chimiver.com\/fr\/wp-json\/wp\/v2\/pages\/18444","targetHints":{"allow":["GET"]}}],"collection":[{"href":"https:\/\/chimiver.com\/fr\/wp-json\/wp\/v2\/pages"}],"about":[{"href":"https:\/\/chimiver.com\/fr\/wp-json\/wp\/v2\/types\/page"}],"author":[{"embeddable":true,"href":"https:\/\/chimiver.com\/fr\/wp-json\/wp\/v2\/users\/2"}],"replies":[{"embeddable":true,"href":"https:\/\/chimiver.com\/fr\/wp-json\/wp\/v2\/comments?post=18444"}],"version-history":[{"count":11,"href":"https:\/\/chimiver.com\/fr\/wp-json\/wp\/v2\/pages\/18444\/revisions"}],"predecessor-version":[{"id":24368,"href":"https:\/\/chimiver.com\/fr\/wp-json\/wp\/v2\/pages\/18444\/revisions\/24368"}],"wp:attachment":[{"href":"https:\/\/chimiver.com\/fr\/wp-json\/wp\/v2\/media?parent=18444"}],"curies":[{"name":"wp","href":"https:\/\/api.w.org\/{rel}","templated":true}]}}