{"id":18449,"date":"2024-01-02T13:13:32","date_gmt":"2024-01-02T12:13:32","guid":{"rendered":"https:\/\/chimiver.com\/sdgs\/"},"modified":"2024-05-30T14:25:53","modified_gmt":"2024-05-30T12:25:53","slug":"odd","status":"publish","type":"page","link":"https:\/\/chimiver.com\/fr\/odd\/","title":{"rendered":"ODD"},"content":{"rendered":"<section id=\"customlink_block-block_2beb20bc7f002777744c0836c8fa6c84\" class=\"text-image-block pubfa-block\" style=\"background-color:#FFFFFF;color:#2E2D2C;text-align:left;padding:45px 0;\">\n<div class=\"container\">\n    <div class=\"row\">\n\n        <!-- Text Col -->\n        <div class=\"col-12 col-lg-7 d-flex flex-column order-2 justify-content-start \">\n\n            <!-- Text Group -->\n            \n                <!-- Title (with or without Link) -->\n                                                            <h2 class=\"pubfa-block-title-1\">Le lien avec les ODD de l\u2019Agenda 2030<\/h2>\n                                    \n                <!-- Content -->\n                                    <div class=\"pubfa-block-text-1\"><h1>Le lien avec les ODD de l\u2019Agenda 2030<\/h1>\n<p>&nbsp;<\/p>\n<p>L\u2019identification des questions portant sur les ESG de notre organisation a \u00e9galement relev\u00e9 leur lien avec les <strong>Objectifs de d\u00e9veloppement durable (ODD)<\/strong> d\u00e9finis avec l\u2019<strong>Agenda 2030 des Nations Unies<\/strong>. Une corr\u00e9lation qui est le fruit de l\u2019analyse des indicateurs de la GRI et des objectifs d\u00e9finis, par rapport aux ODD et aux cibles selon le document \u00ab Linking the SDGs and the GRI Standards \u00bb.<\/p>\n<p>&nbsp;<\/p>\n<\/div>\n                                \n            \n        <\/div>\n\n        <!-- Image Col -->\n        <div class=\"col-12 col-lg-5 d-flex align-items-center justify-content-center order-3 \">\n\n            <!-- Image Group -->\n            \n                 <!-- Image (with or without Link) -->\n                                                             <img decoding=\"async\" src=\"https:\/\/chimiver.com\/wp-content\/uploads\/2023\/08\/Agenda-ONU_2030_2023-scaled.jpg\" alt=\"Sostenibilit\u00e0-Imballi-Riciclati-Salute-Benessere-Parit\u00e0-di-Genere-Lavoro-Consumi-Parquet-Legno-Resina-Resilienti-Erba-Sintetica-Obiettivi-Agenda-ONU-Chimiver\" class=\"img-fluid\">\n                                    \n            \n        <\/div>\n    <\/div>\n<\/div>\n<\/section><section id=\"customlink_block-block_c42ab47d65ad9982e6531afc97d85717\" class=\"text-icon-block pubfa-block\" style=\"background-color:#FFFFFF;color:#2E2D2C;text-align:center;\">\n    <div class=\"container\">\n        <div class=\"d-flex flex-column justify-content-center \">\n\n            <!-- Image Group -->\n            \n                 <!-- Image (with or without Link) -->\n                 \n            \n            <!-- Text Group -->\n            \n                <!-- Title (with or without Link) -->\n                \n                <!-- Content -->\n                                    <div class=\"pubfa-block-text-1\"><h3 style=\"text-align: center;\">Conscients du r\u00f4le que nous jouons et du potentiel de nos interventions, nous choisissons de relever les d\u00e9fis durables mondiaux, en agissant concr\u00e8tement en faveur de tous les objectifs de d\u00e9veloppement durable li\u00e9s \u00e0 nos activit\u00e9s.<\/h3>\n<p style=\"text-align: center;\">Et nous nous y engagerons afin ce que ces d\u00e9fis se transforment vite en objectifs atteints.<\/p>\n<\/div>\n                                \n            \n        <\/div>\n    <\/div>\n<\/section><div style=\"height:100px\" aria-hidden=\"true\" class=\"wp-block-spacer\"><\/div><section id=\"customlink_block-block_4e0c7e1ccbb04de565bc506a70932cc6\" class=\"banner-block pubfa-block\" style=\"\">\n\n    <!-- Background Image Group -->\n    \n    <!-- Text Group -->\n    \n<\/section>","protected":false},"excerpt":{"rendered":"","protected":false},"author":2,"featured_media":0,"parent":0,"menu_order":62,"comment_status":"closed","ping_status":"closed","template":"","meta":{"_acf_changed":false,"inline_featured_image":false,"footnotes":""},"class_list":["post-18449","page","type-page","status-publish","hentry"],"acf":[],"yoast_head":"<!-- This site is optimized with the Yoast SEO plugin v26.2 - https:\/\/yoast.com\/wordpress\/plugins\/seo\/ -->\n<title>ODD - Le lien avec les ODD de l\u2019Agenda 2030<\/title>\n<meta name=\"description\" content=\"Visita la sezione ODD. Chimiver, consapevole del ruolo e delle potenzialit\u00e0 dei propri interventi, sceglie di contribuire alle sfide sostenibili globali trasformandole in traguardi raggiunti.\" \/>\n<meta name=\"robots\" content=\"index, follow, max-snippet:-1, max-image-preview:large, max-video-preview:-1\" \/>\n<link rel=\"canonical\" href=\"https:\/\/chimiver.com\/fr\/odd\/\" \/>\n<meta property=\"og:locale\" content=\"fr_FR\" \/>\n<meta property=\"og:type\" content=\"article\" \/>\n<meta property=\"og:title\" content=\"ODD - Le lien avec les ODD de l\u2019Agenda 2030\" \/>\n<meta property=\"og:description\" content=\"Visita la sezione ODD. Chimiver, consapevole del ruolo e delle potenzialit\u00e0 dei propri interventi, sceglie di contribuire alle sfide sostenibili globali trasformandole in traguardi raggiunti.\" \/>\n<meta property=\"og:url\" content=\"https:\/\/chimiver.com\/fr\/odd\/\" \/>\n<meta property=\"og:site_name\" content=\"Chimiver\" \/>\n<meta property=\"article:publisher\" content=\"https:\/\/www.facebook.com\/chimiver\" \/>\n<meta property=\"article:modified_time\" content=\"2024-05-30T12:25:53+00:00\" \/>\n<meta property=\"og:image\" content=\"https:\/\/chimiver.com\/wp-content\/uploads\/2022\/06\/Chimiver_500x500.jpg\" \/>\n\t<meta property=\"og:image:width\" content=\"500\" \/>\n\t<meta property=\"og:image:height\" content=\"500\" \/>\n\t<meta property=\"og:image:type\" content=\"image\/jpeg\" \/>\n<meta name=\"twitter:card\" content=\"summary_large_image\" \/>\n<script type=\"application\/ld+json\" class=\"yoast-schema-graph\">{\"@context\":\"https:\/\/schema.org\",\"@graph\":[{\"@type\":\"WebPage\",\"@id\":\"https:\/\/chimiver.com\/fr\/odd\/\",\"url\":\"https:\/\/chimiver.com\/fr\/odd\/\",\"name\":\"ODD - Le lien avec les ODD de l\u2019Agenda 2030\",\"isPartOf\":{\"@id\":\"https:\/\/chimiver.com\/fr\/#website\"},\"datePublished\":\"2024-01-02T12:13:32+00:00\",\"dateModified\":\"2024-05-30T12:25:53+00:00\",\"description\":\"Visita la sezione ODD. Chimiver, consapevole del ruolo e delle potenzialit\u00e0 dei propri interventi, sceglie di contribuire alle sfide sostenibili globali trasformandole in traguardi raggiunti.\",\"breadcrumb\":{\"@id\":\"https:\/\/chimiver.com\/fr\/odd\/#breadcrumb\"},\"inLanguage\":\"fr-FR\",\"potentialAction\":[{\"@type\":\"ReadAction\",\"target\":[\"https:\/\/chimiver.com\/fr\/odd\/\"]}]},{\"@type\":\"BreadcrumbList\",\"@id\":\"https:\/\/chimiver.com\/fr\/odd\/#breadcrumb\",\"itemListElement\":[{\"@type\":\"ListItem\",\"position\":1,\"name\":\"Home\",\"item\":\"https:\/\/chimiver.com\/fr\/\"},{\"@type\":\"ListItem\",\"position\":2,\"name\":\"ODD\"}]},{\"@type\":\"WebSite\",\"@id\":\"https:\/\/chimiver.com\/fr\/#website\",\"url\":\"https:\/\/chimiver.com\/fr\/\",\"name\":\"Chimiver, Your floors partner\",\"description\":\"Your floors partner\",\"publisher\":{\"@id\":\"https:\/\/chimiver.com\/fr\/#organization\"},\"alternateName\":\"Chimiver\",\"potentialAction\":[{\"@type\":\"SearchAction\",\"target\":{\"@type\":\"EntryPoint\",\"urlTemplate\":\"https:\/\/chimiver.com\/fr\/?s={search_term_string}\"},\"query-input\":{\"@type\":\"PropertyValueSpecification\",\"valueRequired\":true,\"valueName\":\"search_term_string\"}}],\"inLanguage\":\"fr-FR\"},{\"@type\":\"Organization\",\"@id\":\"https:\/\/chimiver.com\/fr\/#organization\",\"name\":\"Chimiver\",\"url\":\"https:\/\/chimiver.com\/fr\/\",\"logo\":{\"@type\":\"ImageObject\",\"inLanguage\":\"fr-FR\",\"@id\":\"https:\/\/chimiver.com\/fr\/#\/schema\/logo\/image\/\",\"url\":\"https:\/\/chimiver.com\/wp-content\/uploads\/2022\/06\/Chimiver_500x500.jpg\",\"contentUrl\":\"https:\/\/chimiver.com\/wp-content\/uploads\/2022\/06\/Chimiver_500x500.jpg\",\"width\":500,\"height\":500,\"caption\":\"Chimiver\"},\"image\":{\"@id\":\"https:\/\/chimiver.com\/fr\/#\/schema\/logo\/image\/\"},\"sameAs\":[\"https:\/\/www.facebook.com\/chimiver\"]}]}<\/script>\n<!-- \/ Yoast SEO plugin. -->","yoast_head_json":{"title":"ODD - Le lien avec les ODD de l\u2019Agenda 2030","description":"Visita la sezione ODD. Chimiver, consapevole del ruolo e delle potenzialit\u00e0 dei propri interventi, sceglie di contribuire alle sfide sostenibili globali trasformandole in traguardi raggiunti.","robots":{"index":"index","follow":"follow","max-snippet":"max-snippet:-1","max-image-preview":"max-image-preview:large","max-video-preview":"max-video-preview:-1"},"canonical":"https:\/\/chimiver.com\/fr\/odd\/","og_locale":"fr_FR","og_type":"article","og_title":"ODD - Le lien avec les ODD de l\u2019Agenda 2030","og_description":"Visita la sezione ODD. Chimiver, consapevole del ruolo e delle potenzialit\u00e0 dei propri interventi, sceglie di contribuire alle sfide sostenibili globali trasformandole in traguardi raggiunti.","og_url":"https:\/\/chimiver.com\/fr\/odd\/","og_site_name":"Chimiver","article_publisher":"https:\/\/www.facebook.com\/chimiver","article_modified_time":"2024-05-30T12:25:53+00:00","og_image":[{"width":500,"height":500,"url":"https:\/\/chimiver.com\/wp-content\/uploads\/2022\/06\/Chimiver_500x500.jpg","type":"image\/jpeg"}],"twitter_card":"summary_large_image","schema":{"@context":"https:\/\/schema.org","@graph":[{"@type":"WebPage","@id":"https:\/\/chimiver.com\/fr\/odd\/","url":"https:\/\/chimiver.com\/fr\/odd\/","name":"ODD - Le lien avec les ODD de l\u2019Agenda 2030","isPartOf":{"@id":"https:\/\/chimiver.com\/fr\/#website"},"datePublished":"2024-01-02T12:13:32+00:00","dateModified":"2024-05-30T12:25:53+00:00","description":"Visita la sezione ODD. Chimiver, consapevole del ruolo e delle potenzialit\u00e0 dei propri interventi, sceglie di contribuire alle sfide sostenibili globali trasformandole in traguardi raggiunti.","breadcrumb":{"@id":"https:\/\/chimiver.com\/fr\/odd\/#breadcrumb"},"inLanguage":"fr-FR","potentialAction":[{"@type":"ReadAction","target":["https:\/\/chimiver.com\/fr\/odd\/"]}]},{"@type":"BreadcrumbList","@id":"https:\/\/chimiver.com\/fr\/odd\/#breadcrumb","itemListElement":[{"@type":"ListItem","position":1,"name":"Home","item":"https:\/\/chimiver.com\/fr\/"},{"@type":"ListItem","position":2,"name":"ODD"}]},{"@type":"WebSite","@id":"https:\/\/chimiver.com\/fr\/#website","url":"https:\/\/chimiver.com\/fr\/","name":"Chimiver, Your floors partner","description":"Your floors partner","publisher":{"@id":"https:\/\/chimiver.com\/fr\/#organization"},"alternateName":"Chimiver","potentialAction":[{"@type":"SearchAction","target":{"@type":"EntryPoint","urlTemplate":"https:\/\/chimiver.com\/fr\/?s={search_term_string}"},"query-input":{"@type":"PropertyValueSpecification","valueRequired":true,"valueName":"search_term_string"}}],"inLanguage":"fr-FR"},{"@type":"Organization","@id":"https:\/\/chimiver.com\/fr\/#organization","name":"Chimiver","url":"https:\/\/chimiver.com\/fr\/","logo":{"@type":"ImageObject","inLanguage":"fr-FR","@id":"https:\/\/chimiver.com\/fr\/#\/schema\/logo\/image\/","url":"https:\/\/chimiver.com\/wp-content\/uploads\/2022\/06\/Chimiver_500x500.jpg","contentUrl":"https:\/\/chimiver.com\/wp-content\/uploads\/2022\/06\/Chimiver_500x500.jpg","width":500,"height":500,"caption":"Chimiver"},"image":{"@id":"https:\/\/chimiver.com\/fr\/#\/schema\/logo\/image\/"},"sameAs":["https:\/\/www.facebook.com\/chimiver"]}]}},"_links":{"self":[{"href":"https:\/\/chimiver.com\/fr\/wp-json\/wp\/v2\/pages\/18449","targetHints":{"allow":["GET"]}}],"collection":[{"href":"https:\/\/chimiver.com\/fr\/wp-json\/wp\/v2\/pages"}],"about":[{"href":"https:\/\/chimiver.com\/fr\/wp-json\/wp\/v2\/types\/page"}],"author":[{"embeddable":true,"href":"https:\/\/chimiver.com\/fr\/wp-json\/wp\/v2\/users\/2"}],"replies":[{"embeddable":true,"href":"https:\/\/chimiver.com\/fr\/wp-json\/wp\/v2\/comments?post=18449"}],"version-history":[{"count":4,"href":"https:\/\/chimiver.com\/fr\/wp-json\/wp\/v2\/pages\/18449\/revisions"}],"predecessor-version":[{"id":19786,"href":"https:\/\/chimiver.com\/fr\/wp-json\/wp\/v2\/pages\/18449\/revisions\/19786"}],"wp:attachment":[{"href":"https:\/\/chimiver.com\/fr\/wp-json\/wp\/v2\/media?parent=18449"}],"curies":[{"name":"wp","href":"https:\/\/api.w.org\/{rel}","templated":true}]}}