{"id":18454,"date":"2024-02-28T16:53:06","date_gmt":"2024-02-28T15:53:06","guid":{"rendered":"https:\/\/chimiver.com\/persone\/"},"modified":"2024-05-30T14:29:20","modified_gmt":"2024-05-30T12:29:20","slug":"personnes","status":"publish","type":"page","link":"https:\/\/chimiver.com\/fr\/personnes\/","title":{"rendered":"Personnes"},"content":{"rendered":"<section id=\"customlink_block-block_7cdbd8a72b7ade6666acf9587ae852db\" class=\"text-image-block pubfa-block\" style=\"background-color:#FFFFFF;color:#2E2D2C;text-align:left;padding:45px 0;\">\n<div class=\"container\">\n    <div class=\"row\">\n\n        <!-- Text Col -->\n        <div class=\"col-12 col-lg-7 d-flex flex-column order-2 justify-content-start \">\n\n            <!-- Text Group -->\n            \n                <!-- Title (with or without Link) -->\n                \n                <!-- Content -->\n                                    <div class=\"pubfa-block-text-1\"><h1><strong>Chimiver et les personnes<\/strong><\/h1>\n<p>&nbsp;<\/p>\n<p>Les\u00a0<strong>personnes\u00a0<\/strong>sont le v\u00e9ritable moteur de la durabilit\u00e9 car leurs actions quotidiennes, leur mode de vie, leurs choix de consommation et leurs comportements sociaux peuvent fa\u00e7onner de mani\u00e8re significative l\u2019impact environnemental. L\u2019implication active et responsable de la soci\u00e9t\u00e9, assortie d\u2019une prise de conscience individuelle, deviennent des outils fondamentaux pour relever les d\u00e9fis environnementaux.<\/p>\n<p>La durabilit\u00e9 n\u2019est pas seulement une question de ressources et d\u2019innovations techniques, c\u2019est aussi une <strong>profonde\u00a0transformation<\/strong> culturelle\u00a0qui place la responsabilit\u00e9 de chacun de nous au centre.\u00a0Consciente de la connexion entre les actions individuelles et l\u2019impact mondial, <strong>Chimiver Panseri S.p.A.<\/strong>\u00a0devient le catalyseur d\u2019une r\u00e9volution silencieuse, mais puissante, qui contribue \u00e0 forger un monde plus \u00e9quitable et plus sain.<\/p>\n<\/div>\n                                \n            \n        <\/div>\n\n        <!-- Image Col -->\n        <div class=\"col-12 col-lg-5 d-flex align-items-center justify-content-center order-3 \">\n\n            <!-- Image Group -->\n            \n                 <!-- Image (with or without Link) -->\n                                                             <img decoding=\"async\" src=\"https:\/\/chimiver.com\/wp-content\/uploads\/2024\/02\/benessere.jpg\" alt=\"Azienda-Italiana-Prodotti-Professionali-Sostenibili-Posa-Trattamento-Manutenzione-Pavimenti-Legno-Resina-Resilienti-Decking-WPC-Erba-Sintetica-Privati-Professionisti-Progettisti-Industria-Chimiver-Persone-Welfare\" class=\"img-fluid\">\n                                    \n            \n        <\/div>\n    <\/div>\n<\/div>\n<\/section><section id=\"customlink_block-block_a476bc2a74b4f30a27b98c5bada6393f\" class=\"text-image-block pubfa-block\" style=\"background-color:#FFFFFF;color:#2E2D2C;text-align:left;padding:45px 0;\">\n<div class=\"container\">\n    <div class=\"row\">\n\n        <!-- Text Col -->\n        <div class=\"col-12 col-lg-7 d-flex flex-column order-2 justify-content-start \">\n\n            <!-- Text Group -->\n            \n                <!-- Title (with or without Link) -->\n                \n                <!-- Content -->\n                                    <div class=\"pubfa-block-text-1\"><ul>\n<li>\n<h3><em><strong>BIEN-\u00caTRE:<\/strong> <\/em><\/h3>\n<\/li>\n<\/ul>\n<p>Le bien-\u00eatre au travail est l\u2019ensemble des avantages et des services fournis aux salari\u00e9s par leur entreprise en mati\u00e8re de r\u00e9mun\u00e9ration et d\u2019am\u00e9lioration de leur vie priv\u00e9e et professionnelle. Chimiver Panseri S.p.A. propose depuis des ann\u00e9es \u00e0 ses collaborateurs, dans le cadre du bien-\u00eatre en entreprise, un avantage utilisable dans diff\u00e9rents domaines (loisirs, voyages, bons d\u2019achat, retraite compl\u00e9mentaire, etc.).<\/p>\n<ul>\n<li>\n<h3><em><strong>AUTOPARTAGE EN ENTREPRISE:<\/strong><\/em><\/h3>\n<\/li>\n<\/ul>\n<p>Les salari\u00e9s, \u00e0 tour de r\u00f4le, ont acc\u00e8s \u00e0 une<strong> voiture de fonction 100% \u00e9lectrique<\/strong> avec une borne de recharge dans le parking.<\/p>\n<ul>\n<li>\n<h3><em><strong>HORAIRE FLEXIBLE:<\/strong><\/em><\/h3>\n<\/li>\n<\/ul>\n<p>Depuis 2022, Chimiver Panseri S.p.A. adopte des horaires d\u2019hiver qui, en plus des \u00e9conomies d\u2019\u00e9nergie, permettent un <strong>plus grand bien-\u00eatre<\/strong> pour le salari\u00e9. L\u2019horaire continu permet au personnel de disposer de plus de temps libre et de r\u00e9duire les trajets domicile-travail et inversement. L\u2019entreprise permet \u00e9galement au personnel f\u00e9minin d\u2019effectuer son travail avec une <strong>flexibilit\u00e9 horaire<\/strong> en fonction des exigences familiales. Enfin, en consid\u00e9ration de leur r\u00f4le dans l\u2019entreprise, certains salari\u00e9s ont la possibilit\u00e9 de<strong> t\u00e9l\u00e9-travailler.<\/strong><\/p>\n<\/div>\n                                \n            \n        <\/div>\n\n        <!-- Image Col -->\n        <div class=\"col-12 col-lg-5 d-flex align-items-center justify-content-center order-1 \">\n\n            <!-- Image Group -->\n            \n                 <!-- Image (with or without Link) -->\n                                                             <img decoding=\"async\" src=\"https:\/\/chimiver.com\/wp-content\/uploads\/2024\/03\/zoe.jpg\" alt=\"Azienda-Italiana-Prodotti-Professionali-Sostenibili-Posa-Trattamento-Manutenzione-Pavimenti-Legno-Resina-Resilienti-Decking-WPC-Erba-Sintetica-Privati-Professionisti-Progettisti-Industria-Chimiver-Auto-100%-Elettrica\" class=\"img-fluid\">\n                                    \n            \n        <\/div>\n    <\/div>\n<\/div>\n<\/section><section id=\"customlink_block-block_c019cb809c78c36cff7d95965902cb9d\" class=\"text-image-block pubfa-block\" style=\"background-color:#FFFFFF;color:#2E2D2C;text-align:left;padding:45px 0;\">\n<div class=\"container\">\n    <div class=\"row\">\n\n        <!-- Text Col -->\n        <div class=\"col-12 col-lg-7 d-flex flex-column order-2 justify-content-start \">\n\n            <!-- Text Group -->\n            \n                <!-- Title (with or without Link) -->\n                \n                <!-- Content -->\n                                    <div class=\"pubfa-block-text-1\"><ul>\n<li>\n<h3><em><strong>PROGETTO FOR YOU:<\/strong> <\/em><\/h3>\n<\/li>\n<\/ul>\n<p>Dans le cadre des activit\u00e9s promues en faveur des enjeux ESG (Environnement, Social, Gouvernance), Chimiver Panseri S.p.A. est fi\u00e8re d\u2019avoir rejoint le programme \u00ab <strong>Progetto For You<\/strong> \u00bb, un projet qui encourage des modes de vie positifs et sensibilise la communaut\u00e9 sur l\u2019importance du <strong>d\u00e9pistage du cancer du sein<\/strong>. Dans le but d\u2019offrir \u00e0 l\u2019ensemble de son effectif f\u00e9minin un programme de pr\u00e9vention s\u00e9nologique sur trois ans avec des <strong>d\u00e9pistages annuels<\/strong> gratuits, l\u2019entreprise a organis\u00e9 dans ses locaux la premi\u00e8re visite en d\u00e9cembre dernier : un geste tangible d\u2019attention en faveur du bien-\u00eatre et de la sant\u00e9 de ses salari\u00e9es.<\/p>\n<ul>\n<li>\n<h3><em><strong>SALLE DE SPORT EN ENTREPRISE:<\/strong> <\/em><\/h3>\n<\/li>\n<\/ul>\n<p>Depuis des ann\u00e9es, l\u2019entreprise a am\u00e9nag\u00e9 dans ses locaux une salle de sport qui peut \u00eatre utilis\u00e9e par tous les salari\u00e9s apr\u00e8s leur horaire de travail. En janvier 2024, la soci\u00e9t\u00e9 a introduit en interne la figure du\u00a0Coach sportif comme \u2018avantage entreprise\u2019 suppl\u00e9mentaire.<\/p>\n<\/div>\n                                \n            \n        <\/div>\n\n        <!-- Image Col -->\n        <div class=\"col-12 col-lg-5 d-flex align-items-center justify-content-center order-3 \">\n\n            <!-- Image Group -->\n            \n                 <!-- Image (with or without Link) -->\n                                                             <img decoding=\"async\" src=\"https:\/\/chimiver.com\/wp-content\/uploads\/2024\/03\/logo-FOR-YOU.jpg\" alt=\"Azienda-Italiana-Prodotti-Professionali-Sostenibili-Posa-Trattamento-Manutenzione-Pavimenti-Legno-Resina-Resilienti-Decking-WPC-Erba-Sintetica-Privati-Professionisti-Progettisti-Industria-Chimiver-Persone-Progetto-FOR-YOU-Prevenzione-Tumore-Mammella\" class=\"img-fluid\">\n                                    \n            \n        <\/div>\n    <\/div>\n<\/div>\n<\/section>","protected":false},"excerpt":{"rendered":"","protected":false},"author":2,"featured_media":0,"parent":0,"menu_order":4,"comment_status":"closed","ping_status":"closed","template":"","meta":{"_acf_changed":false,"inline_featured_image":false,"footnotes":""},"class_list":["post-18454","page","type-page","status-publish","hentry"],"acf":[],"yoast_head":"<!-- This site is optimized with the Yoast SEO plugin v26.2 - https:\/\/yoast.com\/wordpress\/plugins\/seo\/ -->\n<title>Personnes - Trattamento e Manutenzione Pavimenti Chimiver<\/title>\n<meta name=\"description\" content=\"Visita la sezione Personnes. Siamo leader nel mercato di prodotti per incollaggio, trattamento e manutenzione di pavimenti interni ed esterni.\" \/>\n<meta name=\"robots\" content=\"index, follow, max-snippet:-1, max-image-preview:large, max-video-preview:-1\" \/>\n<link rel=\"canonical\" href=\"https:\/\/chimiver.com\/fr\/personnes\/\" \/>\n<meta property=\"og:locale\" content=\"fr_FR\" \/>\n<meta property=\"og:type\" content=\"article\" \/>\n<meta property=\"og:title\" content=\"Personnes - Trattamento e Manutenzione Pavimenti Chimiver\" \/>\n<meta property=\"og:description\" content=\"Visita la sezione Personnes. Siamo leader nel mercato di prodotti per incollaggio, trattamento e manutenzione di pavimenti interni ed esterni.\" \/>\n<meta property=\"og:url\" content=\"https:\/\/chimiver.com\/fr\/personnes\/\" \/>\n<meta property=\"og:site_name\" content=\"Chimiver\" \/>\n<meta property=\"article:publisher\" content=\"https:\/\/www.facebook.com\/chimiver\" \/>\n<meta property=\"article:modified_time\" content=\"2024-05-30T12:29:20+00:00\" \/>\n<meta property=\"og:image\" content=\"https:\/\/chimiver.com\/wp-content\/uploads\/2022\/06\/Chimiver_500x500.jpg\" \/>\n\t<meta property=\"og:image:width\" content=\"500\" \/>\n\t<meta property=\"og:image:height\" content=\"500\" \/>\n\t<meta property=\"og:image:type\" content=\"image\/jpeg\" \/>\n<meta name=\"twitter:card\" content=\"summary_large_image\" \/>\n<script type=\"application\/ld+json\" class=\"yoast-schema-graph\">{\"@context\":\"https:\/\/schema.org\",\"@graph\":[{\"@type\":\"WebPage\",\"@id\":\"https:\/\/chimiver.com\/fr\/personnes\/\",\"url\":\"https:\/\/chimiver.com\/fr\/personnes\/\",\"name\":\"Personnes - Trattamento e Manutenzione Pavimenti Chimiver\",\"isPartOf\":{\"@id\":\"https:\/\/chimiver.com\/fr\/#website\"},\"datePublished\":\"2024-02-28T15:53:06+00:00\",\"dateModified\":\"2024-05-30T12:29:20+00:00\",\"description\":\"Visita la sezione Personnes. Siamo leader nel mercato di prodotti per incollaggio, trattamento e manutenzione di pavimenti interni ed esterni.\",\"breadcrumb\":{\"@id\":\"https:\/\/chimiver.com\/fr\/personnes\/#breadcrumb\"},\"inLanguage\":\"fr-FR\",\"potentialAction\":[{\"@type\":\"ReadAction\",\"target\":[\"https:\/\/chimiver.com\/fr\/personnes\/\"]}]},{\"@type\":\"BreadcrumbList\",\"@id\":\"https:\/\/chimiver.com\/fr\/personnes\/#breadcrumb\",\"itemListElement\":[{\"@type\":\"ListItem\",\"position\":1,\"name\":\"Home\",\"item\":\"https:\/\/chimiver.com\/fr\/\"},{\"@type\":\"ListItem\",\"position\":2,\"name\":\"Personnes\"}]},{\"@type\":\"WebSite\",\"@id\":\"https:\/\/chimiver.com\/fr\/#website\",\"url\":\"https:\/\/chimiver.com\/fr\/\",\"name\":\"Chimiver, Your floors partner\",\"description\":\"Your floors partner\",\"publisher\":{\"@id\":\"https:\/\/chimiver.com\/fr\/#organization\"},\"alternateName\":\"Chimiver\",\"potentialAction\":[{\"@type\":\"SearchAction\",\"target\":{\"@type\":\"EntryPoint\",\"urlTemplate\":\"https:\/\/chimiver.com\/fr\/?s={search_term_string}\"},\"query-input\":{\"@type\":\"PropertyValueSpecification\",\"valueRequired\":true,\"valueName\":\"search_term_string\"}}],\"inLanguage\":\"fr-FR\"},{\"@type\":\"Organization\",\"@id\":\"https:\/\/chimiver.com\/fr\/#organization\",\"name\":\"Chimiver\",\"url\":\"https:\/\/chimiver.com\/fr\/\",\"logo\":{\"@type\":\"ImageObject\",\"inLanguage\":\"fr-FR\",\"@id\":\"https:\/\/chimiver.com\/fr\/#\/schema\/logo\/image\/\",\"url\":\"https:\/\/chimiver.com\/wp-content\/uploads\/2022\/06\/Chimiver_500x500.jpg\",\"contentUrl\":\"https:\/\/chimiver.com\/wp-content\/uploads\/2022\/06\/Chimiver_500x500.jpg\",\"width\":500,\"height\":500,\"caption\":\"Chimiver\"},\"image\":{\"@id\":\"https:\/\/chimiver.com\/fr\/#\/schema\/logo\/image\/\"},\"sameAs\":[\"https:\/\/www.facebook.com\/chimiver\"]}]}<\/script>\n<!-- \/ Yoast SEO plugin. -->","yoast_head_json":{"title":"Personnes - Trattamento e Manutenzione Pavimenti Chimiver","description":"Visita la sezione Personnes. Siamo leader nel mercato di prodotti per incollaggio, trattamento e manutenzione di pavimenti interni ed esterni.","robots":{"index":"index","follow":"follow","max-snippet":"max-snippet:-1","max-image-preview":"max-image-preview:large","max-video-preview":"max-video-preview:-1"},"canonical":"https:\/\/chimiver.com\/fr\/personnes\/","og_locale":"fr_FR","og_type":"article","og_title":"Personnes - Trattamento e Manutenzione Pavimenti Chimiver","og_description":"Visita la sezione Personnes. Siamo leader nel mercato di prodotti per incollaggio, trattamento e manutenzione di pavimenti interni ed esterni.","og_url":"https:\/\/chimiver.com\/fr\/personnes\/","og_site_name":"Chimiver","article_publisher":"https:\/\/www.facebook.com\/chimiver","article_modified_time":"2024-05-30T12:29:20+00:00","og_image":[{"width":500,"height":500,"url":"https:\/\/chimiver.com\/wp-content\/uploads\/2022\/06\/Chimiver_500x500.jpg","type":"image\/jpeg"}],"twitter_card":"summary_large_image","schema":{"@context":"https:\/\/schema.org","@graph":[{"@type":"WebPage","@id":"https:\/\/chimiver.com\/fr\/personnes\/","url":"https:\/\/chimiver.com\/fr\/personnes\/","name":"Personnes - Trattamento e Manutenzione Pavimenti Chimiver","isPartOf":{"@id":"https:\/\/chimiver.com\/fr\/#website"},"datePublished":"2024-02-28T15:53:06+00:00","dateModified":"2024-05-30T12:29:20+00:00","description":"Visita la sezione Personnes. Siamo leader nel mercato di prodotti per incollaggio, trattamento e manutenzione di pavimenti interni ed esterni.","breadcrumb":{"@id":"https:\/\/chimiver.com\/fr\/personnes\/#breadcrumb"},"inLanguage":"fr-FR","potentialAction":[{"@type":"ReadAction","target":["https:\/\/chimiver.com\/fr\/personnes\/"]}]},{"@type":"BreadcrumbList","@id":"https:\/\/chimiver.com\/fr\/personnes\/#breadcrumb","itemListElement":[{"@type":"ListItem","position":1,"name":"Home","item":"https:\/\/chimiver.com\/fr\/"},{"@type":"ListItem","position":2,"name":"Personnes"}]},{"@type":"WebSite","@id":"https:\/\/chimiver.com\/fr\/#website","url":"https:\/\/chimiver.com\/fr\/","name":"Chimiver, Your floors partner","description":"Your floors partner","publisher":{"@id":"https:\/\/chimiver.com\/fr\/#organization"},"alternateName":"Chimiver","potentialAction":[{"@type":"SearchAction","target":{"@type":"EntryPoint","urlTemplate":"https:\/\/chimiver.com\/fr\/?s={search_term_string}"},"query-input":{"@type":"PropertyValueSpecification","valueRequired":true,"valueName":"search_term_string"}}],"inLanguage":"fr-FR"},{"@type":"Organization","@id":"https:\/\/chimiver.com\/fr\/#organization","name":"Chimiver","url":"https:\/\/chimiver.com\/fr\/","logo":{"@type":"ImageObject","inLanguage":"fr-FR","@id":"https:\/\/chimiver.com\/fr\/#\/schema\/logo\/image\/","url":"https:\/\/chimiver.com\/wp-content\/uploads\/2022\/06\/Chimiver_500x500.jpg","contentUrl":"https:\/\/chimiver.com\/wp-content\/uploads\/2022\/06\/Chimiver_500x500.jpg","width":500,"height":500,"caption":"Chimiver"},"image":{"@id":"https:\/\/chimiver.com\/fr\/#\/schema\/logo\/image\/"},"sameAs":["https:\/\/www.facebook.com\/chimiver"]}]}},"_links":{"self":[{"href":"https:\/\/chimiver.com\/fr\/wp-json\/wp\/v2\/pages\/18454","targetHints":{"allow":["GET"]}}],"collection":[{"href":"https:\/\/chimiver.com\/fr\/wp-json\/wp\/v2\/pages"}],"about":[{"href":"https:\/\/chimiver.com\/fr\/wp-json\/wp\/v2\/types\/page"}],"author":[{"embeddable":true,"href":"https:\/\/chimiver.com\/fr\/wp-json\/wp\/v2\/users\/2"}],"replies":[{"embeddable":true,"href":"https:\/\/chimiver.com\/fr\/wp-json\/wp\/v2\/comments?post=18454"}],"version-history":[{"count":4,"href":"https:\/\/chimiver.com\/fr\/wp-json\/wp\/v2\/pages\/18454\/revisions"}],"predecessor-version":[{"id":19791,"href":"https:\/\/chimiver.com\/fr\/wp-json\/wp\/v2\/pages\/18454\/revisions\/19791"}],"wp:attachment":[{"href":"https:\/\/chimiver.com\/fr\/wp-json\/wp\/v2\/media?parent=18454"}],"curies":[{"name":"wp","href":"https:\/\/api.w.org\/{rel}","templated":true}]}}